{"id":23895,"date":"2022-10-16T16:38:13","date_gmt":"2022-10-16T16:38:13","guid":{"rendered":"https:\/\/mythslegendes.com\/?page_id=23895"},"modified":"2022-10-16T16:41:35","modified_gmt":"2022-10-16T16:41:35","slug":"princesse-tuihana","status":"publish","type":"page","link":"https:\/\/mythslegendes.com\/es\/mitologia-tahitiana-del-viento\/princesa-tuihana\/","title":{"rendered":"Princesa Tuihana"},"content":{"rendered":"<div data-elementor-type=\"wp-page\" data-elementor-id=\"23895\" class=\"elementor elementor-23895\">\n\t\t\t\t\t\t<section class=\"elementor-section elementor-top-section elementor-element elementor-element-32b592a elementor-section-boxed elementor-section-height-default elementor-section-height-default\" data-id=\"32b592a\" data-element_type=\"section\" data-e-type=\"section\">\n\t\t\t\t\t\t<div class=\"elementor-container elementor-column-gap-default\">\n\t\t\t\t\t<div class=\"elementor-column elementor-col-50 elementor-top-column elementor-element elementor-element-bf53226\" data-id=\"bf53226\" data-element_type=\"column\" data-e-type=\"column\">\n\t\t\t<div class=\"elementor-widget-wrap elementor-element-populated\">\n\t\t\t\t\t\t<div class=\"elementor-element elementor-element-3e54876 elementor-align-justify elementor-widget elementor-widget-button\" data-id=\"3e54876\" data-element_type=\"widget\" data-e-type=\"widget\" data-widget_type=\"button.default\">\n\t\t\t\t<div class=\"elementor-widget-container\">\n\t\t\t\t\t\t\t\t\t<div class=\"elementor-button-wrapper\">\n\t\t\t\t\t<a class=\"elementor-button elementor-button-link elementor-size-sm\" href=\"https:\/\/mythslegendes.com\/es\/mitologia-tahitiana-del-viento\/\">\n\t\t\t\t\t\t<span class=\"elementor-button-content-wrapper\">\n\t\t\t\t\t\t\t\t\t<span class=\"elementor-button-text\">Mitolog\u00eda del viento tahitiano<\/span>\n\t\t\t\t\t<\/span>\n\t\t\t\t\t<\/a>\n\t\t\t\t<\/div>\n\t\t\t\t\t\t\t\t<\/div>\n\t\t\t\t<\/div>\n\t\t\t\t\t<\/div>\n\t\t<\/div>\n\t\t\t\t<div class=\"elementor-column elementor-col-50 elementor-top-column elementor-element elementor-element-96943fd\" data-id=\"96943fd\" data-element_type=\"column\" data-e-type=\"column\">\n\t\t\t<div class=\"elementor-widget-wrap elementor-element-populated\">\n\t\t\t\t\t\t<div class=\"elementor-element elementor-element-401658c elementor-align-justify elementor-widget elementor-widget-button\" data-id=\"401658c\" data-element_type=\"widget\" data-e-type=\"widget\" data-widget_type=\"button.default\">\n\t\t\t\t<div class=\"elementor-widget-container\">\n\t\t\t\t\t\t\t\t\t<div class=\"elementor-button-wrapper\">\n\t\t\t\t\t<a class=\"elementor-button elementor-button-link elementor-size-sm\" href=\"https:\/\/www.tahitiheritage.pf\/legende-tuihana-requin\/\" target=\"_blank\" rel=\"noopener\">\n\t\t\t\t\t\t<span class=\"elementor-button-content-wrapper\">\n\t\t\t\t\t\t\t\t\t<span class=\"elementor-button-text\">Wiki<\/span>\n\t\t\t\t\t<\/span>\n\t\t\t\t\t<\/a>\n\t\t\t\t<\/div>\n\t\t\t\t\t\t\t\t<\/div>\n\t\t\t\t<\/div>\n\t\t\t\t\t<\/div>\n\t\t<\/div>\n\t\t\t\t\t<\/div>\n\t\t<\/section>\n\t\t\t\t<section class=\"elementor-section elementor-top-section elementor-element elementor-element-efb6d89 elementor-section-boxed elementor-section-height-default elementor-section-height-default\" data-id=\"efb6d89\" data-element_type=\"section\" data-e-type=\"section\">\n\t\t\t\t\t\t<div class=\"elementor-container elementor-column-gap-default\">\n\t\t\t\t\t<div class=\"elementor-column elementor-col-100 elementor-top-column elementor-element elementor-element-512e2ee\" data-id=\"512e2ee\" data-element_type=\"column\" data-e-type=\"column\">\n\t\t\t<div class=\"elementor-widget-wrap elementor-element-populated\">\n\t\t\t\t\t\t<div class=\"elementor-element elementor-element-a09ef5b elementor-widget elementor-widget-text-editor\" data-id=\"a09ef5b\" data-element_type=\"widget\" data-e-type=\"widget\" data-widget_type=\"text-editor.default\">\n\t\t\t\t<div class=\"elementor-widget-container\">\n\t\t\t\t\t\t\t\t\t<p>Este <a href=\"https:\/\/mythslegendes.com\/es\/\">leyenda<\/a> <a href=\"https:\/\/mythslegendes.com\/es\/mitologia-tahitiana-del-viento\/\">tahitiano<\/a> cuenta c\u00f3mo un tibur\u00f3n logr\u00f3 salvar de la muerte al hombre m\u00e1s guapo del mundo <a href=\"https:\/\/mythslegendes.com\/es\/mitologia-tahitiana-del-viento\/\">Tahit\u00ed<\/a> y la princesa Tuihana, que se hab\u00eda enamorado. Muestra el importante papel en la <a href=\"https:\/\/mythslegendes.com\/es\/\">mitolog\u00eda<\/a> Polinesio de los T\u00e2ura, estos animales protectores.<\/p><p><img decoding=\"async\" class=\"alignnone wp-image-9347 size-full\" src=\"https:\/\/mythslegendes.com\/wp-content\/uploads\/2020\/09\/cropped-AlphaOmega-e1602613368367.png\" alt=\"Princesa Tuihana\" width=\"25\" height=\"25\" title=\"\"><\/p>\t\t\t\t\t\t\t\t<\/div>\n\t\t\t\t<\/div>\n\t\t\t\t\t<\/div>\n\t\t<\/div>\n\t\t\t\t\t<\/div>\n\t\t<\/section>\n\t\t\t\t<section class=\"elementor-section elementor-top-section elementor-element elementor-element-a077c22 elementor-section-boxed elementor-section-height-default elementor-section-height-default\" data-id=\"a077c22\" data-element_type=\"section\" data-e-type=\"section\">\n\t\t\t\t\t\t<div class=\"elementor-container elementor-column-gap-default\">\n\t\t\t\t\t<div class=\"elementor-column elementor-col-100 elementor-top-column elementor-element elementor-element-a1f93a2\" data-id=\"a1f93a2\" data-element_type=\"column\" data-e-type=\"column\">\n\t\t\t<div class=\"elementor-widget-wrap elementor-element-populated\">\n\t\t\t\t\t\t<div class=\"elementor-element elementor-element-58d380e elementor-widget elementor-widget-heading\" data-id=\"58d380e\" data-element_type=\"widget\" data-e-type=\"widget\" data-widget_type=\"heading.default\">\n\t\t\t\t<div class=\"elementor-widget-container\">\n\t\t\t\t\t<div id=\"ez-toc-container\" class=\"ez-toc-v2_0_82_2 counter-hierarchy ez-toc-counter ez-toc-grey ez-toc-container-direction\">\n<div class=\"ez-toc-title-container\">\n<p class=\"ez-toc-title\" style=\"cursor:inherit\">Contenido<\/p>\n<span class=\"ez-toc-title-toggle\"><a href=\"#\" class=\"ez-toc-pull-right ez-toc-btn ez-toc-btn-xs ez-toc-btn-default ez-toc-toggle\" aria-label=\"Alternar tabla de contenidos\"><span class=\"ez-toc-js-icon-con\"><span class=\"\"><span class=\"eztoc-hide\" style=\"display:none;\">Palanca<\/span><span class=\"ez-toc-icon-toggle-span\"><svg style=\"fill: #999;color:#999\" xmlns=\"http:\/\/www.w3.org\/2000\/svg\" class=\"list-377408\" width=\"20px\" height=\"20px\" viewbox=\"0 0 24 24\" fill=\"none\"><path d=\"M6 6H4v2h2V6zm14 0H8v2h12V6zM4 11h2v2H4v-2zm16 0H8v2h12v-2zM4 16h2v2H4v-2zm16 0H8v2h12v-2z\" fill=\"currentColor\"><\/path><\/svg><svg style=\"fill: #999;color:#999\" class=\"arrow-unsorted-368013\" xmlns=\"http:\/\/www.w3.org\/2000\/svg\" width=\"10px\" height=\"10px\" viewbox=\"0 0 24 24\" version=\"1.2\" baseprofile=\"tiny\"><path d=\"M18.2 9.3l-6.2-6.3-6.2 6.3c-.2.2-.3.4-.3.7s.1.5.3.7c.2.2.4.3.7.3h11c.3 0 .5-.1.7-.3.2-.2.3-.5.3-.7s-.1-.5-.3-.7zM5.8 14.7l6.2 6.3 6.2-6.3c.2-.2.3-.5.3-.7s-.1-.5-.3-.7c-.2-.2-.4-.3-.7-.3h-11c-.3 0-.5.1-.7.3-.2.2-.3.5-.3.7s.1.5.3.7z\"\/><\/svg><\/span><\/span><\/span><\/a><\/span><\/div>\n<nav><ul class='ez-toc-list ez-toc-list-level-1' ><li class='ez-toc-page-1 ez-toc-heading-level-2'><a class=\"ez-toc-link ez-toc-heading-1\" href=\"https:\/\/mythslegendes.com\/es\/mitologia-tahitiana-del-viento\/princesa-tuihana\/#La-princesse-Tuihana-et-le-requin-protecteur\" >La princesa Tuihana y el tibur\u00f3n protector<\/a><\/li><\/ul><\/nav><\/div>\n<h2 class=\"elementor-heading-title elementor-size-default\"><span class=\"ez-toc-section\" id=\"La-princesse-Tuihana-et-le-requin-protecteur\"><\/span>La princesa Tuihana y el tibur\u00f3n protector<span class=\"ez-toc-section-end\"><\/span><\/h2>\t\t\t\t<\/div>\n\t\t\t\t<\/div>\n\t\t\t\t\t<\/div>\n\t\t<\/div>\n\t\t\t\t\t<\/div>\n\t\t<\/section>\n\t\t\t\t<section class=\"elementor-section elementor-top-section elementor-element elementor-element-d8b1553 elementor-section-boxed elementor-section-height-default elementor-section-height-default\" data-id=\"d8b1553\" data-element_type=\"section\" data-e-type=\"section\">\n\t\t\t\t\t\t<div class=\"elementor-container elementor-column-gap-default\">\n\t\t\t\t\t<div class=\"elementor-column elementor-col-100 elementor-top-column elementor-element elementor-element-dffbb23\" data-id=\"dffbb23\" data-element_type=\"column\" data-e-type=\"column\">\n\t\t\t<div class=\"elementor-widget-wrap elementor-element-populated\">\n\t\t\t\t\t\t<div class=\"elementor-element elementor-element-9ca81db elementor-widget elementor-widget-text-editor\" data-id=\"9ca81db\" data-element_type=\"widget\" data-e-type=\"widget\" data-widget_type=\"text-editor.default\">\n\t\t\t\t<div class=\"elementor-widget-container\">\n\t\t\t\t\t\t\t\t\t<p>Para celebrar el comienzo de la temporada de la abundancia, matarii i nia, el rey Teri&#039;i tau Mata Tini decide organizar una gran fiesta con el hombre m\u00e1s guapo que existe como invitado de honor. Env\u00eda sus mensajeros a todos los valles en busca de este hombre. Estos \u00faltimos descubren hombres de buena apariencia pero nunca encuentran a un hombre excepcional y regresan con las manos vac\u00edas.<\/p><p>El rey no se resigna y, en la noche, tiene un sue\u00f1o en el que descubre que el hombre m\u00e1s hermoso vive en el valle de Fautau&#039;a, escondido en una cueva. Por la ma\u00f1ana, llama a sus mensajeros para avisarles y les ordena que lo traigan de regreso. Van a la cueva donde vive Taru&#039;ia, el hombre m\u00e1s guapo que jam\u00e1s hayan visto. Sus padres lo hab\u00edan estado escondiendo durante muchos a\u00f1os porque los antepasados de su familia les hab\u00edan advertido: \u201cUn d\u00eda vendr\u00e1n hombres por Taru&#039;ia. \u00a1Entonces la mala suerte podr\u00eda pasarle! \u00bb<\/p><p>Pero ese d\u00eda, las cosas fueron diferentes, los ancestros no debieron oponerse a la partida de Taru&#039;ia ya que el rey lo vio en un sue\u00f1o. Luego, los padres deciden permitir que su hijo se una al rey. Taru&#039;ia, entonces dijo a los mensajeros: &quot;No quiero una ceremonia, vendr\u00e9 solo ma\u00f1ana&quot;<\/p><p>En el camino se encuentra con una joven muy linda, Tuihana, que es hermana del rey y tambi\u00e9n va a participar en las festividades. Los dos j\u00f3venes se enamoran de inmediato. Tauru&#039;ia, que no puede viajar con la princesa, se ofrece a esperarla cerca del lugar de la fiesta. Por lo tanto, contin\u00faa su camino y se para en el borde, esperando el paso de la princesa.<\/p><p>A unos pasos de \u00e9l, en este camino, alguien mat\u00f3 un cerdo para la ceremonia. Hay mucha sangre y v\u00edsceras. Los lugare\u00f1os, al ver a este joven que no conocen junto a toda esta sangre, est\u00e1n preocupados, sobre todo porque la princesa Tuihana no llega. &quot;Probablemente mat\u00f3 a la princesa, por eso hay tanta sangre&quot;, murmuran los hombres corriendo para advertir al rey. El soberano, convencido de la muerte de su hermana, decide arrestar al culpable y exige que sea ejecutado.<\/p><p>Taru&#039;ia es capturado sin ceremonias, atado y se entera de que va a morir sin poder explicarse. Pero en este per\u00edodo de matari&#039; ini&#039;a, es tab\u00fa matar a un hombre en un marae (antiguo templo). Entonces Taru&#039;ia les dijo: &quot;si debo morir, prefiero que me arrojen al oc\u00e9ano&quot;. Los guardias del rey aceptan y lo arrojan al agua cuando un tibur\u00f3n acaba de acercarse a su canoa. Se van, seguros de su deber cumplido.<\/p><p>\u00a1No saben que el tibur\u00f3n, su taura (tutor protector) estaba all\u00ed para proteger a Taru&#039;ia y salvarlo!<\/p><p>Luego, el sonido de pu (gran concha marina) anunci\u00f3 la llegada de la princesa Tuihana, viva y coleando. Es en este momento cuando el rey se da cuenta de que los habitantes le mintieron y que mand\u00f3 matar a su invitado de honor, lo cual es un crimen ante los dioses.<\/p><p>La princesa Tuihana, desesperada por la muerte de su amor, se ofrece a corregir este error ante los dioses y se ofrece a unirse a Taru&#039;ia en las profundidades y salta. Ella no sabe que el tibur\u00f3n, el guardi\u00e1n protector (t\u00e2ura) de la familia de Taru&#039;ia todav\u00eda est\u00e1 all\u00ed.<\/p><p>El tibur\u00f3n protector lleva a Taruia y Tuihana con vida a la playa de Taunoa (Pirae), \u00a1para asombro del rey! Tuihana luego le pide a su hermano el rey que acepte el veredicto de los dioses: su uni\u00f3n con Taru&#039;ia. No puede hacer otra cosa despu\u00e9s de que la voluntad de ellos se haya manifestado tan claramente y la justicia de los hombres haya fallado tan lamentablemente. Por lo tanto, el rey acepta oficialmente y se organizan grandes festividades para la boda.<\/p>\t\t\t\t\t\t\t\t<\/div>\n\t\t\t\t<\/div>\n\t\t\t\t\t<\/div>\n\t\t<\/div>\n\t\t\t\t\t<\/div>\n\t\t<\/section>\n\t\t\t\t<\/div>","protected":false},"excerpt":{"rendered":"<p>Wiki Mitolog\u00eda del viento tahitiano Esta leyenda tahitiana cuenta c\u00f3mo un tibur\u00f3n logr\u00f3 salvar al... <\/p>","protected":false},"author":1,"featured_media":0,"parent":9989,"menu_order":0,"comment_status":"closed","ping_status":"closed","template":"","meta":{"footnotes":""},"class_list":["post-23895","page","type-page","status-publish","hentry"],"amp_enabled":true,"_links":{"self":[{"href":"https:\/\/mythslegendes.com\/es\/wp-json\/wp\/v2\/pages\/23895","targetHints":{"allow":["GET"]}}],"collection":[{"href":"https:\/\/mythslegendes.com\/es\/wp-json\/wp\/v2\/pages"}],"about":[{"href":"https:\/\/mythslegendes.com\/es\/wp-json\/wp\/v2\/types\/page"}],"author":[{"embeddable":true,"href":"https:\/\/mythslegendes.com\/es\/wp-json\/wp\/v2\/users\/1"}],"replies":[{"embeddable":true,"href":"https:\/\/mythslegendes.com\/es\/wp-json\/wp\/v2\/comments?post=23895"}],"version-history":[{"count":3,"href":"https:\/\/mythslegendes.com\/es\/wp-json\/wp\/v2\/pages\/23895\/revisions"}],"predecessor-version":[{"id":23900,"href":"https:\/\/mythslegendes.com\/es\/wp-json\/wp\/v2\/pages\/23895\/revisions\/23900"}],"up":[{"embeddable":true,"href":"https:\/\/mythslegendes.com\/es\/wp-json\/wp\/v2\/pages\/9989"}],"wp:attachment":[{"href":"https:\/\/mythslegendes.com\/es\/wp-json\/wp\/v2\/media?parent=23895"}],"curies":[{"name":"wp","href":"https:\/\/api.w.org\/{rel}","templated":true}]}}