{"id":23910,"date":"2022-10-16T20:21:31","date_gmt":"2022-10-16T20:21:31","guid":{"rendered":"https:\/\/mythslegendes.com\/?page_id=23910"},"modified":"2022-10-16T20:24:33","modified_gmt":"2022-10-16T20:24:33","slug":"la-mer-sennuyait","status":"publish","type":"page","link":"https:\/\/mythslegendes.com\/es\/mitologia-tahitiana-del-viento\/el-mar-estaba-aburrido\/","title":{"rendered":"el mar estaba aburrido"},"content":{"rendered":"<div data-elementor-type=\"wp-page\" data-elementor-id=\"23910\" class=\"elementor elementor-23910\">\n\t\t\t\t\t\t<section class=\"elementor-section elementor-top-section elementor-element elementor-element-809bf1c elementor-section-boxed elementor-section-height-default elementor-section-height-default\" data-id=\"809bf1c\" data-element_type=\"section\" data-e-type=\"section\">\n\t\t\t\t\t\t<div class=\"elementor-container elementor-column-gap-default\">\n\t\t\t\t\t<div class=\"elementor-column elementor-col-50 elementor-top-column elementor-element elementor-element-55dd97b\" data-id=\"55dd97b\" data-element_type=\"column\" data-e-type=\"column\">\n\t\t\t<div class=\"elementor-widget-wrap elementor-element-populated\">\n\t\t\t\t\t\t<div class=\"elementor-element elementor-element-1c3524f elementor-align-justify elementor-widget elementor-widget-button\" data-id=\"1c3524f\" data-element_type=\"widget\" data-e-type=\"widget\" data-widget_type=\"button.default\">\n\t\t\t\t<div class=\"elementor-widget-container\">\n\t\t\t\t\t\t\t\t\t<div class=\"elementor-button-wrapper\">\n\t\t\t\t\t<a class=\"elementor-button elementor-button-link elementor-size-sm\" href=\"https:\/\/mythslegendes.com\/es\/mitologia-tahitiana-del-viento\/\">\n\t\t\t\t\t\t<span class=\"elementor-button-content-wrapper\">\n\t\t\t\t\t\t\t\t\t<span class=\"elementor-button-text\">Mitolog\u00eda del viento tahitiano<\/span>\n\t\t\t\t\t<\/span>\n\t\t\t\t\t<\/a>\n\t\t\t\t<\/div>\n\t\t\t\t\t\t\t\t<\/div>\n\t\t\t\t<\/div>\n\t\t\t\t\t<\/div>\n\t\t<\/div>\n\t\t\t\t<div class=\"elementor-column elementor-col-50 elementor-top-column elementor-element elementor-element-f246554\" data-id=\"f246554\" data-element_type=\"column\" data-e-type=\"column\">\n\t\t\t<div class=\"elementor-widget-wrap elementor-element-populated\">\n\t\t\t\t\t\t<div class=\"elementor-element elementor-element-13ae581 elementor-align-justify elementor-widget elementor-widget-button\" data-id=\"13ae581\" data-element_type=\"widget\" data-e-type=\"widget\" data-widget_type=\"button.default\">\n\t\t\t\t<div class=\"elementor-widget-container\">\n\t\t\t\t\t\t\t\t\t<div class=\"elementor-button-wrapper\">\n\t\t\t\t\t<a class=\"elementor-button elementor-button-link elementor-size-sm\" href=\"https:\/\/www.tahitiheritage.pf\/legende-polynesienne-premieres-vagues\/\" target=\"_blank\" rel=\"noopener\">\n\t\t\t\t\t\t<span class=\"elementor-button-content-wrapper\">\n\t\t\t\t\t\t\t\t\t<span class=\"elementor-button-text\">Wiki<\/span>\n\t\t\t\t\t<\/span>\n\t\t\t\t\t<\/a>\n\t\t\t\t<\/div>\n\t\t\t\t\t\t\t\t<\/div>\n\t\t\t\t<\/div>\n\t\t\t\t\t<\/div>\n\t\t<\/div>\n\t\t\t\t\t<\/div>\n\t\t<\/section>\n\t\t\t\t<section class=\"elementor-section elementor-top-section elementor-element elementor-element-e2dddd7 elementor-section-boxed elementor-section-height-default elementor-section-height-default\" data-id=\"e2dddd7\" data-element_type=\"section\" data-e-type=\"section\">\n\t\t\t\t\t\t<div class=\"elementor-container elementor-column-gap-default\">\n\t\t\t\t\t<div class=\"elementor-column elementor-col-100 elementor-top-column elementor-element elementor-element-414b03d\" data-id=\"414b03d\" data-element_type=\"column\" data-e-type=\"column\">\n\t\t\t<div class=\"elementor-widget-wrap elementor-element-populated\">\n\t\t\t\t\t\t<div class=\"elementor-element elementor-element-678a00e elementor-widget elementor-widget-text-editor\" data-id=\"678a00e\" data-element_type=\"widget\" data-e-type=\"widget\" data-widget_type=\"text-editor.default\">\n\t\t\t\t<div class=\"elementor-widget-container\">\n\t\t\t\t\t\t\t\t\t<p>El mar estaba aburrido, estaba suave y tranquilo. Decidi\u00f3 moverse y lanzar sus olas para atacar la tierra. Pero Arai, un joven y astuto polinesio, logra frenar su arrebato y detener su progreso.<\/p><p><img decoding=\"async\" class=\"alignnone wp-image-9347 size-full\" src=\"https:\/\/mythslegendes.com\/wp-content\/uploads\/2020\/09\/cropped-AlphaOmega-e1602613368367.png\" alt=\"el mar estaba aburrido\" width=\"25\" height=\"25\" title=\"\"><\/p>\t\t\t\t\t\t\t\t<\/div>\n\t\t\t\t<\/div>\n\t\t\t\t\t<\/div>\n\t\t<\/div>\n\t\t\t\t\t<\/div>\n\t\t<\/section>\n\t\t\t\t<section class=\"elementor-section elementor-top-section elementor-element elementor-element-cc92993 elementor-section-boxed elementor-section-height-default elementor-section-height-default\" data-id=\"cc92993\" data-element_type=\"section\" data-e-type=\"section\">\n\t\t\t\t\t\t<div class=\"elementor-container elementor-column-gap-default\">\n\t\t\t\t\t<div class=\"elementor-column elementor-col-100 elementor-top-column elementor-element elementor-element-68fec92\" data-id=\"68fec92\" data-element_type=\"column\" data-e-type=\"column\">\n\t\t\t<div class=\"elementor-widget-wrap elementor-element-populated\">\n\t\t\t\t\t\t<div class=\"elementor-element elementor-element-99ad217 elementor-widget elementor-widget-heading\" data-id=\"99ad217\" data-element_type=\"widget\" data-e-type=\"widget\" data-widget_type=\"heading.default\">\n\t\t\t\t<div class=\"elementor-widget-container\">\n\t\t\t\t\t<div id=\"ez-toc-container\" class=\"ez-toc-v2_0_82_2 counter-hierarchy ez-toc-counter ez-toc-grey ez-toc-container-direction\">\n<div class=\"ez-toc-title-container\">\n<p class=\"ez-toc-title\" style=\"cursor:inherit\">Contenido<\/p>\n<span class=\"ez-toc-title-toggle\"><a href=\"#\" class=\"ez-toc-pull-right ez-toc-btn ez-toc-btn-xs ez-toc-btn-default ez-toc-toggle\" aria-label=\"Alternar tabla de contenidos\"><span class=\"ez-toc-js-icon-con\"><span class=\"\"><span class=\"eztoc-hide\" style=\"display:none;\">Palanca<\/span><span class=\"ez-toc-icon-toggle-span\"><svg style=\"fill: #999;color:#999\" xmlns=\"http:\/\/www.w3.org\/2000\/svg\" class=\"list-377408\" width=\"20px\" height=\"20px\" viewbox=\"0 0 24 24\" fill=\"none\"><path d=\"M6 6H4v2h2V6zm14 0H8v2h12V6zM4 11h2v2H4v-2zm16 0H8v2h12v-2zM4 16h2v2H4v-2zm16 0H8v2h12v-2z\" fill=\"currentColor\"><\/path><\/svg><svg style=\"fill: #999;color:#999\" class=\"arrow-unsorted-368013\" xmlns=\"http:\/\/www.w3.org\/2000\/svg\" width=\"10px\" height=\"10px\" viewbox=\"0 0 24 24\" version=\"1.2\" baseprofile=\"tiny\"><path d=\"M18.2 9.3l-6.2-6.3-6.2 6.3c-.2.2-.3.4-.3.7s.1.5.3.7c.2.2.4.3.7.3h11c.3 0 .5-.1.7-.3.2-.2.3-.5.3-.7s-.1-.5-.3-.7zM5.8 14.7l6.2 6.3 6.2-6.3c.2-.2.3-.5.3-.7s-.1-.5-.3-.7c-.2-.2-.4-.3-.7-.3h-11c-.3 0-.5.1-.7.3-.2.2-.3.5-.3.7s.1.5.3.7z\"\/><\/svg><\/span><\/span><\/span><\/a><\/span><\/div>\n<nav><ul class='ez-toc-list ez-toc-list-level-1' ><li class='ez-toc-page-1 ez-toc-heading-level-2'><a class=\"ez-toc-link ez-toc-heading-1\" href=\"https:\/\/mythslegendes.com\/es\/mitologia-tahitiana-del-viento\/el-mar-estaba-aburrido\/#La-mer-sennuyait-puis-decida-de-bouger\" >El mar estaba aburrido, luego decidi\u00f3 moverse<\/a><\/li><\/ul><\/nav><\/div>\n<h2 class=\"elementor-heading-title elementor-size-default\"><span class=\"ez-toc-section\" id=\"La-mer-sennuyait-puis-decida-de-bouger\"><\/span>El mar estaba aburrido, luego decidi\u00f3 moverse<span class=\"ez-toc-section-end\"><\/span><\/h2>\t\t\t\t<\/div>\n\t\t\t\t<\/div>\n\t\t\t\t\t<\/div>\n\t\t<\/div>\n\t\t\t\t\t<\/div>\n\t\t<\/section>\n\t\t\t\t<section class=\"elementor-section elementor-top-section elementor-element elementor-element-afa9ef6 elementor-section-boxed elementor-section-height-default elementor-section-height-default\" data-id=\"afa9ef6\" data-element_type=\"section\" data-e-type=\"section\">\n\t\t\t\t\t\t<div class=\"elementor-container elementor-column-gap-default\">\n\t\t\t\t\t<div class=\"elementor-column elementor-col-100 elementor-top-column elementor-element elementor-element-4a326cc\" data-id=\"4a326cc\" data-element_type=\"column\" data-e-type=\"column\">\n\t\t\t<div class=\"elementor-widget-wrap elementor-element-populated\">\n\t\t\t\t\t\t<div class=\"elementor-element elementor-element-78b837e elementor-widget elementor-widget-text-editor\" data-id=\"78b837e\" data-element_type=\"widget\" data-e-type=\"widget\" data-widget_type=\"text-editor.default\">\n\t\t\t\t<div class=\"elementor-widget-container\">\n\t\t\t\t\t\t\t\t\t<p>Ta&#039;aroa el dios creador hab\u00eda creado el mar tan suave como un enorme bloque de hielo, sin ondas, sin movimientos. Pero el mar estaba aburrido, porque no es divertido ser algo inanimado y congelado. Decidi\u00f3 viajar e ir m\u00e1s all\u00e1 de sus fronteras.<\/p><p>Sab\u00eda muy bien que le estaba prohibido, que s\u00f3lo ten\u00eda derecho a la mitad del mundo y que la otra mitad pertenec\u00eda a las piedras, los \u00e1rboles y los hombres. As\u00ed que eligi\u00f3 las noches m\u00e1s oscuras y negras para desobedecer.<\/p><p>Por la noche el mar comenz\u00f3 a crecer suavemente, suavemente, sin hacer olas, hasta cubrir el mundo entero. El agua subi\u00f3 sin olas para atacar la playa y las rocas, arrancando la arena y las piedras. Y en silencio se trag\u00f3 los valles y las monta\u00f1as, con las casas de los hombres. Pero debajo de la arena, todav\u00eda hab\u00eda arena.<\/p><p>Y detr\u00e1s de la piedra, todav\u00eda hab\u00eda piedra. Y el mar, vencido, cansado, retroced\u00eda cada ma\u00f1ana. Luego, cada noche, part\u00eda de nuevo para comerse el mundo.<\/p><p>Ta&#039;aroa el Grande y los otros dioses no deb\u00edan ser despertados. Por lo tanto, evitaba cuidadosamente los lugares de culto y sacrificio porque eran tapu (prohibidos y sagrados). Pas\u00f3 a ambos lados de ellos y los convirti\u00f3 en islas. Aunque los hombres estaban preocupados, los dioses que no sab\u00edan nada ignoraron sus quejas. Y el mar, poco a poco, ampli\u00f3 su dominio.<\/p><p>Arai, un joven polinesio, que estaba de pie en la colina que dominaba su pueblo, vio acercarse el mar, noche tras noche. Los dioses parec\u00edan dormir. Arai sab\u00eda que pronto no habr\u00eda vida humana. As\u00ed que decidi\u00f3 detener el mar, pero \u00bfc\u00f3mo?<\/p><p>Hab\u00eda observado que el mar parec\u00eda evitar cuidadosamente los lugares tapu (prohibidos). Una noche fue al marae (lugar de culto) m\u00e1s cercano. Sab\u00eda que al violar el tapu arriesgaba su vida pero quer\u00eda detener el mar, tom\u00f3 una piedra del altar sagrado y le pareci\u00f3 que la piedra le quemaba los dedos. Fue a esconderla en una cueva que solo \u00e9l conoc\u00eda y esper\u00f3.<\/p><p>Esper\u00f3 hasta la noche siguiente. Cuando lleg\u00f3 la noche, recogi\u00f3 esta piedra y camin\u00f3 hacia el mar, luego, escondido detr\u00e1s del tronco de un \u00e1rbol, enterr\u00f3 la piedra en la arena.<\/p><p>El mar pronto comenz\u00f3 a subir, a avanzar sin ruido, a sorprender a los hombres en su sue\u00f1o. Trep\u00f3, trep\u00f3 y no vio la trampa. De repente, cubri\u00f3 la piedra sagrada. Ya era demasiado tarde: hizo una gran ola y un gran ruido, la piedra estaba enfadada. Ta&#039;aroa, advertido, rompi\u00f3 su amenaza con un trueno que par\u00f3 el mar.<\/p><p>Es desde entonces que el mar y el hombre siempre est\u00e1n peleando. El mar quisiera trag\u00e1rselo, pero cada vez que se mueve, da a luz multitud de ruidosas olas que son se\u00f1al de alarma para dioses y hombres. El hombre tiene entonces tiempo de construir diques y el mar siempre ha podido retroceder en el tiempo.<\/p>\t\t\t\t\t\t\t\t<\/div>\n\t\t\t\t<\/div>\n\t\t\t\t\t<\/div>\n\t\t<\/div>\n\t\t\t\t\t<\/div>\n\t\t<\/section>\n\t\t\t\t<\/div>","protected":false},"excerpt":{"rendered":"<p>Tahitian Mythology of the Wind Wiki El mar estaba aburrido, estaba tranquilo y en calma. Decidi\u00f3 moverse y tirar... <\/p>","protected":false},"author":1,"featured_media":0,"parent":9989,"menu_order":0,"comment_status":"closed","ping_status":"closed","template":"","meta":{"footnotes":""},"class_list":["post-23910","page","type-page","status-publish","hentry"],"amp_enabled":true,"_links":{"self":[{"href":"https:\/\/mythslegendes.com\/es\/wp-json\/wp\/v2\/pages\/23910","targetHints":{"allow":["GET"]}}],"collection":[{"href":"https:\/\/mythslegendes.com\/es\/wp-json\/wp\/v2\/pages"}],"about":[{"href":"https:\/\/mythslegendes.com\/es\/wp-json\/wp\/v2\/types\/page"}],"author":[{"embeddable":true,"href":"https:\/\/mythslegendes.com\/es\/wp-json\/wp\/v2\/users\/1"}],"replies":[{"embeddable":true,"href":"https:\/\/mythslegendes.com\/es\/wp-json\/wp\/v2\/comments?post=23910"}],"version-history":[{"count":3,"href":"https:\/\/mythslegendes.com\/es\/wp-json\/wp\/v2\/pages\/23910\/revisions"}],"predecessor-version":[{"id":23915,"href":"https:\/\/mythslegendes.com\/es\/wp-json\/wp\/v2\/pages\/23910\/revisions\/23915"}],"up":[{"embeddable":true,"href":"https:\/\/mythslegendes.com\/es\/wp-json\/wp\/v2\/pages\/9989"}],"wp:attachment":[{"href":"https:\/\/mythslegendes.com\/es\/wp-json\/wp\/v2\/media?parent=23910"}],"curies":[{"name":"wp","href":"https:\/\/api.w.org\/{rel}","templated":true}]}}