{"id":23916,"date":"2022-10-16T20:26:54","date_gmt":"2022-10-16T20:26:54","guid":{"rendered":"https:\/\/mythslegendes.com\/?page_id=23916"},"modified":"2022-10-16T20:29:24","modified_gmt":"2022-10-16T20:29:24","slug":"te-vahine-et-taaroa","status":"publish","type":"page","link":"https:\/\/mythslegendes.com\/es\/mitologia-tahitiana-del-viento\/te-vahine-et-taaroa\/","title":{"rendered":"Te Vahine y Taaroa"},"content":{"rendered":"<div data-elementor-type=\"wp-page\" data-elementor-id=\"23916\" class=\"elementor elementor-23916\">\n\t\t\t\t\t\t<section class=\"elementor-section elementor-top-section elementor-element elementor-element-44697b1 elementor-section-boxed elementor-section-height-default elementor-section-height-default\" data-id=\"44697b1\" data-element_type=\"section\" data-e-type=\"section\">\n\t\t\t\t\t\t<div class=\"elementor-container elementor-column-gap-default\">\n\t\t\t\t\t<div class=\"elementor-column elementor-col-50 elementor-top-column elementor-element elementor-element-649c765\" data-id=\"649c765\" data-element_type=\"column\" data-e-type=\"column\">\n\t\t\t<div class=\"elementor-widget-wrap elementor-element-populated\">\n\t\t\t\t\t\t<div class=\"elementor-element elementor-element-5669fbc elementor-align-justify elementor-widget elementor-widget-button\" data-id=\"5669fbc\" data-element_type=\"widget\" data-e-type=\"widget\" data-widget_type=\"button.default\">\n\t\t\t\t<div class=\"elementor-widget-container\">\n\t\t\t\t\t\t\t\t\t<div class=\"elementor-button-wrapper\">\n\t\t\t\t\t<a class=\"elementor-button elementor-button-link elementor-size-sm\" href=\"https:\/\/mythslegendes.com\/es\/mitologia-tahitiana-del-viento\/\">\n\t\t\t\t\t\t<span class=\"elementor-button-content-wrapper\">\n\t\t\t\t\t\t\t\t\t<span class=\"elementor-button-text\">Mitolog\u00eda del viento tahitiano<\/span>\n\t\t\t\t\t<\/span>\n\t\t\t\t\t<\/a>\n\t\t\t\t<\/div>\n\t\t\t\t\t\t\t\t<\/div>\n\t\t\t\t<\/div>\n\t\t\t\t\t<\/div>\n\t\t<\/div>\n\t\t\t\t<div class=\"elementor-column elementor-col-50 elementor-top-column elementor-element elementor-element-4d4712f\" data-id=\"4d4712f\" data-element_type=\"column\" data-e-type=\"column\">\n\t\t\t<div class=\"elementor-widget-wrap elementor-element-populated\">\n\t\t\t\t\t\t<div class=\"elementor-element elementor-element-7d7a6d2 elementor-align-justify elementor-widget elementor-widget-button\" data-id=\"7d7a6d2\" data-element_type=\"widget\" data-e-type=\"widget\" data-widget_type=\"button.default\">\n\t\t\t\t<div class=\"elementor-widget-container\">\n\t\t\t\t\t\t\t\t\t<div class=\"elementor-button-wrapper\">\n\t\t\t\t\t<a class=\"elementor-button elementor-button-link elementor-size-sm\" href=\"https:\/\/www.tahitiheritage.pf\/femme-endormie-jardin-fleurs\/\" target=\"_blank\" rel=\"noopener\">\n\t\t\t\t\t\t<span class=\"elementor-button-content-wrapper\">\n\t\t\t\t\t\t\t\t\t<span class=\"elementor-button-text\">Wiki<\/span>\n\t\t\t\t\t<\/span>\n\t\t\t\t\t<\/a>\n\t\t\t\t<\/div>\n\t\t\t\t\t\t\t\t<\/div>\n\t\t\t\t<\/div>\n\t\t\t\t\t<\/div>\n\t\t<\/div>\n\t\t\t\t\t<\/div>\n\t\t<\/section>\n\t\t\t\t<section class=\"elementor-section elementor-top-section elementor-element elementor-element-5ac195f elementor-section-boxed elementor-section-height-default elementor-section-height-default\" data-id=\"5ac195f\" data-element_type=\"section\" data-e-type=\"section\">\n\t\t\t\t\t\t<div class=\"elementor-container elementor-column-gap-default\">\n\t\t\t\t\t<div class=\"elementor-column elementor-col-100 elementor-top-column elementor-element elementor-element-4743438\" data-id=\"4743438\" data-element_type=\"column\" data-e-type=\"column\">\n\t\t\t<div class=\"elementor-widget-wrap elementor-element-populated\">\n\t\t\t\t\t\t<div class=\"elementor-element elementor-element-2266c84 elementor-widget elementor-widget-text-editor\" data-id=\"2266c84\" data-element_type=\"widget\" data-e-type=\"widget\" data-widget_type=\"text-editor.default\">\n\t\t\t\t<div class=\"elementor-widget-container\">\n\t\t\t\t\t\t\t\t\t<p>Hace mucho, mucho tiempo, una pareja viv\u00eda en Paea. La mujer se llamaba Te vahine y el hombre Taaroa. Ambos estaban muy enamorados. Pero, los dioses se opusieron a su uni\u00f3n y, para mostrar su disconformidad, decidieron que la pareja tendr\u00eda un solo hijo, y que \u00e9ste ser\u00eda apartado del cari\u00f1o de su familia a la edad de seis a\u00f1os.<\/p><p><img decoding=\"async\" class=\"alignnone wp-image-9347 size-full\" src=\"https:\/\/mythslegendes.com\/wp-content\/uploads\/2020\/09\/cropped-AlphaOmega-e1602613368367.png\" alt=\"usted vahine\" width=\"25\" height=\"25\" title=\"\"><\/p>\t\t\t\t\t\t\t\t<\/div>\n\t\t\t\t<\/div>\n\t\t\t\t\t<\/div>\n\t\t<\/div>\n\t\t\t\t\t<\/div>\n\t\t<\/section>\n\t\t\t\t<section class=\"elementor-section elementor-top-section elementor-element elementor-element-70593bf elementor-section-boxed elementor-section-height-default elementor-section-height-default\" data-id=\"70593bf\" data-element_type=\"section\" data-e-type=\"section\">\n\t\t\t\t\t\t<div class=\"elementor-container elementor-column-gap-default\">\n\t\t\t\t\t<div class=\"elementor-column elementor-col-100 elementor-top-column elementor-element elementor-element-a86f1ce\" data-id=\"a86f1ce\" data-element_type=\"column\" data-e-type=\"column\">\n\t\t\t<div class=\"elementor-widget-wrap elementor-element-populated\">\n\t\t\t\t\t\t<div class=\"elementor-element elementor-element-d6b1433 elementor-widget elementor-widget-heading\" data-id=\"d6b1433\" data-element_type=\"widget\" data-e-type=\"widget\" data-widget_type=\"heading.default\">\n\t\t\t\t<div class=\"elementor-widget-container\">\n\t\t\t\t\t<div id=\"ez-toc-container\" class=\"ez-toc-v2_0_82_2 counter-hierarchy ez-toc-counter ez-toc-grey ez-toc-container-direction\">\n<div class=\"ez-toc-title-container\">\n<p class=\"ez-toc-title\" style=\"cursor:inherit\">Contenido<\/p>\n<span class=\"ez-toc-title-toggle\"><a href=\"#\" class=\"ez-toc-pull-right ez-toc-btn ez-toc-btn-xs ez-toc-btn-default ez-toc-toggle\" aria-label=\"Alternar tabla de contenidos\"><span class=\"ez-toc-js-icon-con\"><span class=\"\"><span class=\"eztoc-hide\" style=\"display:none;\">Palanca<\/span><span class=\"ez-toc-icon-toggle-span\"><svg style=\"fill: #999;color:#999\" xmlns=\"http:\/\/www.w3.org\/2000\/svg\" class=\"list-377408\" width=\"20px\" height=\"20px\" viewbox=\"0 0 24 24\" fill=\"none\"><path d=\"M6 6H4v2h2V6zm14 0H8v2h12V6zM4 11h2v2H4v-2zm16 0H8v2h12v-2zM4 16h2v2H4v-2zm16 0H8v2h12v-2z\" fill=\"currentColor\"><\/path><\/svg><svg style=\"fill: #999;color:#999\" class=\"arrow-unsorted-368013\" xmlns=\"http:\/\/www.w3.org\/2000\/svg\" width=\"10px\" height=\"10px\" viewbox=\"0 0 24 24\" version=\"1.2\" baseprofile=\"tiny\"><path d=\"M18.2 9.3l-6.2-6.3-6.2 6.3c-.2.2-.3.4-.3.7s.1.5.3.7c.2.2.4.3.7.3h11c.3 0 .5-.1.7-.3.2-.2.3-.5.3-.7s-.1-.5-.3-.7zM5.8 14.7l6.2 6.3 6.2-6.3c.2-.2.3-.5.3-.7s-.1-.5-.3-.7c-.2-.2-.4-.3-.7-.3h-11c-.3 0-.5.1-.7.3-.2.2-.3.5-.3.7s.1.5.3.7z\"\/><\/svg><\/span><\/span><\/span><\/a><\/span><\/div>\n<nav><ul class='ez-toc-list ez-toc-list-level-1' ><li class='ez-toc-page-1 ez-toc-heading-level-2'><a class=\"ez-toc-link ez-toc-heading-1\" href=\"https:\/\/mythslegendes.com\/es\/mitologia-tahitiana-del-viento\/te-vahine-et-taaroa\/#Te-Vahine-et-le-jardin-aux-fleurs\" >Te Vahine y el jard\u00edn de flores<\/a><\/li><\/ul><\/nav><\/div>\n<h2 class=\"elementor-heading-title elementor-size-default\"><span class=\"ez-toc-section\" id=\"Te-Vahine-et-le-jardin-aux-fleurs\"><\/span>Te Vahine y el jard\u00edn de flores<span class=\"ez-toc-section-end\"><\/span><\/h2>\t\t\t\t<\/div>\n\t\t\t\t<\/div>\n\t\t\t\t\t<\/div>\n\t\t<\/div>\n\t\t\t\t\t<\/div>\n\t\t<\/section>\n\t\t\t\t<section class=\"elementor-section elementor-top-section elementor-element elementor-element-740e099 elementor-section-boxed elementor-section-height-default elementor-section-height-default\" data-id=\"740e099\" data-element_type=\"section\" data-e-type=\"section\">\n\t\t\t\t\t\t<div class=\"elementor-container elementor-column-gap-default\">\n\t\t\t\t\t<div class=\"elementor-column elementor-col-100 elementor-top-column elementor-element elementor-element-25679c7\" data-id=\"25679c7\" data-element_type=\"column\" data-e-type=\"column\">\n\t\t\t<div class=\"elementor-widget-wrap elementor-element-populated\">\n\t\t\t\t\t\t<div class=\"elementor-element elementor-element-bb2b5dd elementor-widget elementor-widget-text-editor\" data-id=\"bb2b5dd\" data-element_type=\"widget\" data-e-type=\"widget\" data-widget_type=\"text-editor.default\">\n\t\t\t\t<div class=\"elementor-widget-container\">\n\t\t\t\t\t\t\t\t\t<p>Te vahine dio a luz a una hija excepcionalmente hermosa. Decidi\u00f3 llamarla Te vahine moea i te&#039;\u014d pua rau, que significa &quot;la mujer dormida en el jard\u00edn de flores&quot;.<\/p><p>Te vahine y Taaroa pasaron sus vidas haciendo el bien a su alrededor, siempre dispuestos a ayudar a los m\u00e1s necesitados. Naturalmente, no sab\u00edan qu\u00e9 destino le hab\u00edan reservado los dioses a su hija. Cuando Te vahine moea i te&#039;\u014d pua rau cumpli\u00f3 los seis a\u00f1os, desapareci\u00f3 sin que sus padres supieran realmente lo que le hab\u00eda sucedido.<\/p><p>Fueron a consultar a un tahu&#039;a (sacerdote) que les dijo la verdad: su hijo se hab\u00eda transformado en una flor. Te vahine y Taaroa eran tan buenas personas que la tahu&#039;a les dijo: \u201cUn d\u00eda vendr\u00e1 un hombre a liberarla de este hechizo, pero tendr\u00e1 que poseer una cualidad rara, la paciencia\u201d.<\/p><p>As\u00ed pasaron catorce a\u00f1os sin que nadie pudiera liberar a la desventurada mujer. Te vahine y Taaroa no se desesperaron por volver a ver a su hija alg\u00fan d\u00eda. Se lo comentaron a todos los j\u00f3venes del pueblo. Varios candidatos se propusieron encontrar esta flor \u00fanica.<\/p><p>La flor era \u00fanica en color, forma, olor, era una flor verde. Cada vez que un joven part\u00eda hacia el valle de Hopa en Aoua (Paea), todo el pueblo esperaba su regreso con el coraz\u00f3n lleno de esperanza. De todos los j\u00f3venes que se turnaron para buscar la belleza, \u00a1ninguno regres\u00f3!<\/p><p>Un d\u00eda, un joven llamado Taaroa ha&#039;iha&#039;i te rouru tarere (el hombre de pelo largo) decidi\u00f3 probar suerte. Pero antes, fue a visitar a la tahu&#039;a para recabar m\u00e1s informaci\u00f3n sobre este hechizo.<\/p><p>El sumo sacerdote le dio algunos datos: \u201cAhora encontrar\u00e1s f\u00e1cilmente esta flor \u00fanica, ya que todos los j\u00f3venes que han ido en su busca se han transformado en helechos, no tendr\u00e1s problemas para encontrarlos. Pero tendr\u00e1s que tener paciencia&quot;.<\/p><p>Con estos consejos, Taaroa fue en busca de esta flor. Como le hab\u00eda dicho la tahu&#039;a, lo encontr\u00f3 f\u00e1cilmente contando los helechos.<\/p><p>Se coloc\u00f3 frente a ella, poni\u00e9ndose de pie. Estuvo as\u00ed cinco d\u00edas y cinco noches sin dormir ni comer. En la sexta noche, sali\u00f3 humo de la flor. Taaroa oli\u00f3 un olor muy fuerte y luego vio a la joven salir de la flor. Era a\u00fan m\u00e1s hermosa de lo que imaginaba.<\/p><p>Se acerc\u00f3 a ella y la abraz\u00f3. Ambos regresaron al pueblo donde se organiz\u00f3 una gran fiesta en su honor, se casaron, vivieron felices y tuvieron muchos hijos.<\/p><p>Desde entonces, los primeros nombres de Taaroa y Tevahine han tra\u00eddo buena suerte y nunca m\u00e1s se encontr\u00f3 una flor similar en el valle de Hopa.<\/p>\t\t\t\t\t\t\t\t<\/div>\n\t\t\t\t<\/div>\n\t\t\t\t\t<\/div>\n\t\t<\/div>\n\t\t\t\t\t<\/div>\n\t\t<\/section>\n\t\t\t\t<\/div>","protected":false},"excerpt":{"rendered":"<p>Tahitian Wind Mythology Wiki Hace mucho, mucho tiempo, una pareja viv\u00eda en Paea. El nombre de la mujer era... <\/p>","protected":false},"author":1,"featured_media":0,"parent":9989,"menu_order":0,"comment_status":"closed","ping_status":"closed","template":"","meta":{"footnotes":""},"class_list":["post-23916","page","type-page","status-publish","hentry"],"amp_enabled":true,"_links":{"self":[{"href":"https:\/\/mythslegendes.com\/es\/wp-json\/wp\/v2\/pages\/23916","targetHints":{"allow":["GET"]}}],"collection":[{"href":"https:\/\/mythslegendes.com\/es\/wp-json\/wp\/v2\/pages"}],"about":[{"href":"https:\/\/mythslegendes.com\/es\/wp-json\/wp\/v2\/types\/page"}],"author":[{"embeddable":true,"href":"https:\/\/mythslegendes.com\/es\/wp-json\/wp\/v2\/users\/1"}],"replies":[{"embeddable":true,"href":"https:\/\/mythslegendes.com\/es\/wp-json\/wp\/v2\/comments?post=23916"}],"version-history":[{"count":3,"href":"https:\/\/mythslegendes.com\/es\/wp-json\/wp\/v2\/pages\/23916\/revisions"}],"predecessor-version":[{"id":23920,"href":"https:\/\/mythslegendes.com\/es\/wp-json\/wp\/v2\/pages\/23916\/revisions\/23920"}],"up":[{"embeddable":true,"href":"https:\/\/mythslegendes.com\/es\/wp-json\/wp\/v2\/pages\/9989"}],"wp:attachment":[{"href":"https:\/\/mythslegendes.com\/es\/wp-json\/wp\/v2\/media?parent=23916"}],"curies":[{"name":"wp","href":"https:\/\/api.w.org\/{rel}","templated":true}]}}