{"id":23921,"date":"2022-10-16T20:30:15","date_gmt":"2022-10-16T20:30:15","guid":{"rendered":"https:\/\/mythslegendes.com\/?page_id=23921"},"modified":"2022-10-16T20:33:05","modified_gmt":"2022-10-16T20:33:05","slug":"taaroa-crea-les-plantes","status":"publish","type":"page","link":"https:\/\/mythslegendes.com\/es\/mitologia-tahitiana-del-viento\/taaroa-crea-les-plantas\/","title":{"rendered":"Ta&#039;aroa cre\u00f3 las plantas"},"content":{"rendered":"<div data-elementor-type=\"wp-page\" data-elementor-id=\"23921\" class=\"elementor elementor-23921\">\n\t\t\t\t\t\t<section class=\"elementor-section elementor-top-section elementor-element elementor-element-d870644 elementor-section-boxed elementor-section-height-default elementor-section-height-default\" data-id=\"d870644\" data-element_type=\"section\" data-e-type=\"section\">\n\t\t\t\t\t\t<div class=\"elementor-container elementor-column-gap-default\">\n\t\t\t\t\t<div class=\"elementor-column elementor-col-50 elementor-top-column elementor-element elementor-element-a033235\" data-id=\"a033235\" data-element_type=\"column\" data-e-type=\"column\">\n\t\t\t<div class=\"elementor-widget-wrap elementor-element-populated\">\n\t\t\t\t\t\t<div class=\"elementor-element elementor-element-33e257c elementor-align-justify elementor-widget elementor-widget-button\" data-id=\"33e257c\" data-element_type=\"widget\" data-e-type=\"widget\" data-widget_type=\"button.default\">\n\t\t\t\t<div class=\"elementor-widget-container\">\n\t\t\t\t\t\t\t\t\t<div class=\"elementor-button-wrapper\">\n\t\t\t\t\t<a class=\"elementor-button elementor-button-link elementor-size-sm\" href=\"https:\/\/mythslegendes.com\/es\/mitologia-tahitiana-del-viento\/\">\n\t\t\t\t\t\t<span class=\"elementor-button-content-wrapper\">\n\t\t\t\t\t\t\t\t\t<span class=\"elementor-button-text\">Mitolog\u00eda del viento tahitiano<\/span>\n\t\t\t\t\t<\/span>\n\t\t\t\t\t<\/a>\n\t\t\t\t<\/div>\n\t\t\t\t\t\t\t\t<\/div>\n\t\t\t\t<\/div>\n\t\t\t\t\t<\/div>\n\t\t<\/div>\n\t\t\t\t<div class=\"elementor-column elementor-col-50 elementor-top-column elementor-element elementor-element-96548e3\" data-id=\"96548e3\" data-element_type=\"column\" data-e-type=\"column\">\n\t\t\t<div class=\"elementor-widget-wrap elementor-element-populated\">\n\t\t\t\t\t\t<div class=\"elementor-element elementor-element-e922854 elementor-align-justify elementor-widget elementor-widget-button\" data-id=\"e922854\" data-element_type=\"widget\" data-e-type=\"widget\" data-widget_type=\"button.default\">\n\t\t\t\t<div class=\"elementor-widget-container\">\n\t\t\t\t\t\t\t\t\t<div class=\"elementor-button-wrapper\">\n\t\t\t\t\t<a class=\"elementor-button elementor-button-link elementor-size-sm\" href=\"https:\/\/www.tahitiheritage.pf\/legende-origine-plantes\/\" target=\"_blank\" rel=\"noopener\">\n\t\t\t\t\t\t<span class=\"elementor-button-content-wrapper\">\n\t\t\t\t\t\t\t\t\t<span class=\"elementor-button-text\">Wiki<\/span>\n\t\t\t\t\t<\/span>\n\t\t\t\t\t<\/a>\n\t\t\t\t<\/div>\n\t\t\t\t\t\t\t\t<\/div>\n\t\t\t\t<\/div>\n\t\t\t\t\t<\/div>\n\t\t<\/div>\n\t\t\t\t\t<\/div>\n\t\t<\/section>\n\t\t\t\t<section class=\"elementor-section elementor-top-section elementor-element elementor-element-731184b elementor-section-boxed elementor-section-height-default elementor-section-height-default\" data-id=\"731184b\" data-element_type=\"section\" data-e-type=\"section\">\n\t\t\t\t\t\t<div class=\"elementor-container elementor-column-gap-default\">\n\t\t\t\t\t<div class=\"elementor-column elementor-col-100 elementor-top-column elementor-element elementor-element-6946a1b\" data-id=\"6946a1b\" data-element_type=\"column\" data-e-type=\"column\">\n\t\t\t<div class=\"elementor-widget-wrap elementor-element-populated\">\n\t\t\t\t\t\t<div class=\"elementor-element elementor-element-2670c32 elementor-widget elementor-widget-text-editor\" data-id=\"2670c32\" data-element_type=\"widget\" data-e-type=\"widget\" data-widget_type=\"text-editor.default\">\n\t\t\t\t<div class=\"elementor-widget-container\">\n\t\t\t\t\t\t\t\t\t<p>Si Dios cre\u00f3 a la mujer\u2026 Ta&#039;aroa cre\u00f3 las plantas, seg\u00fan el <a href=\"https:\/\/mythslegendes.com\/es\/\">mitolog\u00eda<\/a> Polinesio. Las plumas de Ta&#039;aroa, el dios creador, al caer a la tierra produjeron verdor. Luego surgieron muchas plantas nuevas de los cuerpos enterrados de humanos:<\/p><p><img decoding=\"async\" class=\"alignnone wp-image-9347 size-full\" src=\"https:\/\/mythslegendes.com\/wp-content\/uploads\/2020\/09\/cropped-AlphaOmega-e1602613368367.png\" alt=\"Ta&#039;aroa cre\u00f3 las plantas\" width=\"25\" height=\"25\" title=\"\"><\/p>\t\t\t\t\t\t\t\t<\/div>\n\t\t\t\t<\/div>\n\t\t\t\t\t<\/div>\n\t\t<\/div>\n\t\t\t\t\t<\/div>\n\t\t<\/section>\n\t\t\t\t<section class=\"elementor-section elementor-top-section elementor-element elementor-element-3ad60a5 elementor-section-boxed elementor-section-height-default elementor-section-height-default\" data-id=\"3ad60a5\" data-element_type=\"section\" data-e-type=\"section\">\n\t\t\t\t\t\t<div class=\"elementor-container elementor-column-gap-default\">\n\t\t\t\t\t<div class=\"elementor-column elementor-col-100 elementor-top-column elementor-element elementor-element-752134f\" data-id=\"752134f\" data-element_type=\"column\" data-e-type=\"column\">\n\t\t\t<div class=\"elementor-widget-wrap elementor-element-populated\">\n\t\t\t\t\t\t<div class=\"elementor-element elementor-element-a341c57 elementor-widget elementor-widget-heading\" data-id=\"a341c57\" data-element_type=\"widget\" data-e-type=\"widget\" data-widget_type=\"heading.default\">\n\t\t\t\t<div class=\"elementor-widget-container\">\n\t\t\t\t\t<div id=\"ez-toc-container\" class=\"ez-toc-v2_0_82_2 counter-hierarchy ez-toc-counter ez-toc-grey ez-toc-container-direction\">\n<div class=\"ez-toc-title-container\">\n<p class=\"ez-toc-title\" style=\"cursor:inherit\">Contenido<\/p>\n<span class=\"ez-toc-title-toggle\"><a href=\"#\" class=\"ez-toc-pull-right ez-toc-btn ez-toc-btn-xs ez-toc-btn-default ez-toc-toggle\" aria-label=\"Alternar tabla de contenidos\"><span class=\"ez-toc-js-icon-con\"><span class=\"\"><span class=\"eztoc-hide\" style=\"display:none;\">Palanca<\/span><span class=\"ez-toc-icon-toggle-span\"><svg style=\"fill: #999;color:#999\" xmlns=\"http:\/\/www.w3.org\/2000\/svg\" class=\"list-377408\" width=\"20px\" height=\"20px\" viewbox=\"0 0 24 24\" fill=\"none\"><path d=\"M6 6H4v2h2V6zm14 0H8v2h12V6zM4 11h2v2H4v-2zm16 0H8v2h12v-2zM4 16h2v2H4v-2zm16 0H8v2h12v-2z\" fill=\"currentColor\"><\/path><\/svg><svg style=\"fill: #999;color:#999\" class=\"arrow-unsorted-368013\" xmlns=\"http:\/\/www.w3.org\/2000\/svg\" width=\"10px\" height=\"10px\" viewbox=\"0 0 24 24\" version=\"1.2\" baseprofile=\"tiny\"><path d=\"M18.2 9.3l-6.2-6.3-6.2 6.3c-.2.2-.3.4-.3.7s.1.5.3.7c.2.2.4.3.7.3h11c.3 0 .5-.1.7-.3.2-.2.3-.5.3-.7s-.1-.5-.3-.7zM5.8 14.7l6.2 6.3 6.2-6.3c.2-.2.3-.5.3-.7s-.1-.5-.3-.7c-.2-.2-.4-.3-.7-.3h-11c-.3 0-.5.1-.7.3-.2.2-.3.5-.3.7s.1.5.3.7z\"\/><\/svg><\/span><\/span><\/span><\/a><\/span><\/div>\n<nav><ul class='ez-toc-list ez-toc-list-level-1' ><li class='ez-toc-page-1 ez-toc-heading-level-2'><a class=\"ez-toc-link ez-toc-heading-1\" href=\"https:\/\/mythslegendes.com\/es\/mitologia-tahitiana-del-viento\/taaroa-crea-les-plantas\/#Si-Dieu-crea-la-femme%E2%80%A6-Taaroa-crea-les-plantes\" >Si Dios cre\u00f3 a la mujer\u2026 Ta&#039;aroa cre\u00f3 las plantas<\/a><\/li><\/ul><\/nav><\/div>\n<h2 class=\"elementor-heading-title elementor-size-default\"><span class=\"ez-toc-section\" id=\"Si-Dieu-crea-la-femme%E2%80%A6-Taaroa-crea-les-plantes\"><\/span>Si Dios cre\u00f3 a la mujer\u2026 Ta&#039;aroa cre\u00f3 las plantas<span class=\"ez-toc-section-end\"><\/span><\/h2>\t\t\t\t<\/div>\n\t\t\t\t<\/div>\n\t\t\t\t\t<\/div>\n\t\t<\/div>\n\t\t\t\t\t<\/div>\n\t\t<\/section>\n\t\t\t\t<section class=\"elementor-section elementor-top-section elementor-element elementor-element-0097ca6 elementor-section-boxed elementor-section-height-default elementor-section-height-default\" data-id=\"0097ca6\" data-element_type=\"section\" data-e-type=\"section\">\n\t\t\t\t\t\t<div class=\"elementor-container elementor-column-gap-default\">\n\t\t\t\t\t<div class=\"elementor-column elementor-col-100 elementor-top-column elementor-element elementor-element-1ee5df1\" data-id=\"1ee5df1\" data-element_type=\"column\" data-e-type=\"column\">\n\t\t\t<div class=\"elementor-widget-wrap elementor-element-populated\">\n\t\t\t\t\t\t<div class=\"elementor-element elementor-element-767fe79 elementor-widget elementor-widget-text-editor\" data-id=\"767fe79\" data-element_type=\"widget\" data-e-type=\"widget\" data-widget_type=\"text-editor.default\">\n\t\t\t\t<div class=\"elementor-widget-container\">\n\t\t\t\t\t\t\t\t\t<p>El Uru (fruto del pan) brot\u00f3 de un hombre, el tronco era su cuerpo, las ramas eran sus extremidades y las hojas sus manos, el fruto era su cabeza y dentro de \u00e9l estaba la lengua (el coraz\u00f3n del fruto).<\/p><p>El cocotero brota de la cabeza del hombre; la c\u00e1scara era el cr\u00e1neo, el taco, el pelo y los surcos de la c\u00e1scara eran las suturas del cr\u00e1neo que se unen en la base de la nuez; los dos peque\u00f1os agujeros eran los ojos, el gran agujero del que brotaba el brote joven era la boca. Las l\u00e1grimas se convirtieron en el agua contenida en la nuez y el cerebro se convirti\u00f3 en el uto, materia esponjosa que crece en el interior, absorbe el agua y nutre la planta joven. Las costillas se convirtieron en hojas y la sangre en savia del \u00e1rbol.<\/p><p>Las diferentes variedades de Mape (Casta\u00f1o de Tahit\u00ed) se derivaron de seres humanos. Los frutos proven\u00edan de los ri\u00f1ones que tambi\u00e9n se llaman mape o rata. La savia era la sangre y la nariz y las fosas nasales se encuentran en las extra\u00f1as contorsiones del tronco.<\/p><p>El Hotu (Barringtonia) brota del coraz\u00f3n humano, el fruto tiene forma de coraz\u00f3n.<\/p><p>Los Aito (Ironwood) (Aito significa guerrero) fueron engendrados a partir de los cuerpos de los guerreros. La sangre se convirti\u00f3 en savia y sus cabellos en hojas.<\/p><p>Nono se origina en la cera de los o\u00eddos. Con la corteza del \u00e1rbol obtenemos un tinte amarillo brillante.<\/p><p>La Ca\u00f1a de Az\u00facar y la Kava salieron de la columna vertebral lo que explica sus tallos articulados.<\/p><p>El Mono naci\u00f3 del hombre; el tallo de la planta era la cadera, y las hojas brotaban del peritoneo.<\/p><p>El Ufi (uhi) o m\u00faltiples variedades de \u00f1ame se origin\u00f3 en las piernas de los seres humanos.<\/p><p>El Taro (Colocasia) fue generado por los pies del hombre y sus pulmones se convirtieron en hojas.<\/p><p>Los helechos nahe y para se originaron en el h\u00edgado humano. Tambi\u00e9n encontramos su forma en las ra\u00edces de estas plantas.<\/p><p>El Auti (Cordyline) proviene de los huesos de la cadera y la tibia. Su madera fue utilizada una vez por los tahitianos para unir espinillas rotas.<\/p><p>El Aute (hibisco) tuvo su origen en los rostros rubicundos.<\/p><p>En el banano encontramos la tr\u00e1quea en el tallo al final del cual se encuentran las flores.<\/p><p>La piel humana se encuentra en la corteza de los \u00e1rboles, la piel agrietada se convierte en la corteza agrietada y la piel interior se convierte en la corteza blanda debajo. Las Cycopercaceae que crecen sobre la madera podrida tienen su origen en los o\u00eddos humanos. La espuma sedosa que se adhiere a las piedras proviene de los diminutos vellos que crecen en los poros de la piel. .<\/p>\t\t\t\t\t\t\t\t<\/div>\n\t\t\t\t<\/div>\n\t\t\t\t\t<\/div>\n\t\t<\/div>\n\t\t\t\t\t<\/div>\n\t\t<\/section>\n\t\t\t\t<\/div>","protected":false},"excerpt":{"rendered":"<p>Tahitian Wind Mythology Wiki Si Dios cre\u00f3 a la mujer... Ta&#039;aroa cre\u00f3 las plantas, seg\u00fan la mitolog\u00eda polinesia. Las plumas de\u2026 <\/p>","protected":false},"author":1,"featured_media":0,"parent":9989,"menu_order":0,"comment_status":"closed","ping_status":"closed","template":"","meta":{"footnotes":""},"class_list":["post-23921","page","type-page","status-publish","hentry"],"amp_enabled":true,"_links":{"self":[{"href":"https:\/\/mythslegendes.com\/es\/wp-json\/wp\/v2\/pages\/23921","targetHints":{"allow":["GET"]}}],"collection":[{"href":"https:\/\/mythslegendes.com\/es\/wp-json\/wp\/v2\/pages"}],"about":[{"href":"https:\/\/mythslegendes.com\/es\/wp-json\/wp\/v2\/types\/page"}],"author":[{"embeddable":true,"href":"https:\/\/mythslegendes.com\/es\/wp-json\/wp\/v2\/users\/1"}],"replies":[{"embeddable":true,"href":"https:\/\/mythslegendes.com\/es\/wp-json\/wp\/v2\/comments?post=23921"}],"version-history":[{"count":3,"href":"https:\/\/mythslegendes.com\/es\/wp-json\/wp\/v2\/pages\/23921\/revisions"}],"predecessor-version":[{"id":23928,"href":"https:\/\/mythslegendes.com\/es\/wp-json\/wp\/v2\/pages\/23921\/revisions\/23928"}],"up":[{"embeddable":true,"href":"https:\/\/mythslegendes.com\/es\/wp-json\/wp\/v2\/pages\/9989"}],"wp:attachment":[{"href":"https:\/\/mythslegendes.com\/es\/wp-json\/wp\/v2\/media?parent=23921"}],"curies":[{"name":"wp","href":"https:\/\/api.w.org\/{rel}","templated":true}]}}