{"id":23929,"date":"2022-10-16T20:33:42","date_gmt":"2022-10-16T20:33:42","guid":{"rendered":"https:\/\/mythslegendes.com\/?page_id=23929"},"modified":"2022-10-16T20:36:11","modified_gmt":"2022-10-16T20:36:11","slug":"rata","status":"publish","type":"page","link":"https:\/\/mythslegendes.com\/es\/mitologia-tahitiana-del-viento\/rata\/","title":{"rendered":"rata"},"content":{"rendered":"<div data-elementor-type=\"wp-page\" data-elementor-id=\"23929\" class=\"elementor elementor-23929\">\n\t\t\t\t\t\t<section class=\"elementor-section elementor-top-section elementor-element elementor-element-cfba9d4 elementor-section-boxed elementor-section-height-default elementor-section-height-default\" data-id=\"cfba9d4\" data-element_type=\"section\" data-e-type=\"section\">\n\t\t\t\t\t\t<div class=\"elementor-container elementor-column-gap-default\">\n\t\t\t\t\t<div class=\"elementor-column elementor-col-50 elementor-top-column elementor-element elementor-element-fe4e8aa\" data-id=\"fe4e8aa\" data-element_type=\"column\" data-e-type=\"column\">\n\t\t\t<div class=\"elementor-widget-wrap elementor-element-populated\">\n\t\t\t\t\t\t<div class=\"elementor-element elementor-element-0262b07 elementor-align-justify elementor-widget elementor-widget-button\" data-id=\"0262b07\" data-element_type=\"widget\" data-e-type=\"widget\" data-widget_type=\"button.default\">\n\t\t\t\t<div class=\"elementor-widget-container\">\n\t\t\t\t\t\t\t\t\t<div class=\"elementor-button-wrapper\">\n\t\t\t\t\t<a class=\"elementor-button elementor-button-link elementor-size-sm\" href=\"https:\/\/mythslegendes.com\/es\/mitologia-tahitiana-del-viento\/\">\n\t\t\t\t\t\t<span class=\"elementor-button-content-wrapper\">\n\t\t\t\t\t\t\t\t\t<span class=\"elementor-button-text\">Mitolog\u00eda del viento tahitiano<\/span>\n\t\t\t\t\t<\/span>\n\t\t\t\t\t<\/a>\n\t\t\t\t<\/div>\n\t\t\t\t\t\t\t\t<\/div>\n\t\t\t\t<\/div>\n\t\t\t\t\t<\/div>\n\t\t<\/div>\n\t\t\t\t<div class=\"elementor-column elementor-col-50 elementor-top-column elementor-element elementor-element-6e4b41d\" data-id=\"6e4b41d\" data-element_type=\"column\" data-e-type=\"column\">\n\t\t\t<div class=\"elementor-widget-wrap elementor-element-populated\">\n\t\t\t\t\t\t<div class=\"elementor-element elementor-element-95e1850 elementor-align-justify elementor-widget elementor-widget-button\" data-id=\"95e1850\" data-element_type=\"widget\" data-e-type=\"widget\" data-widget_type=\"button.default\">\n\t\t\t\t<div class=\"elementor-widget-container\">\n\t\t\t\t\t\t\t\t\t<div class=\"elementor-button-wrapper\">\n\t\t\t\t\t<a class=\"elementor-button elementor-button-link elementor-size-sm\" href=\"https:\/\/www.tahitiheritage.pf\/legende-rata-arbre\/\" target=\"_blank\" rel=\"noopener\">\n\t\t\t\t\t\t<span class=\"elementor-button-content-wrapper\">\n\t\t\t\t\t\t\t\t\t<span class=\"elementor-button-text\">Wiki<\/span>\n\t\t\t\t\t<\/span>\n\t\t\t\t\t<\/a>\n\t\t\t\t<\/div>\n\t\t\t\t\t\t\t\t<\/div>\n\t\t\t\t<\/div>\n\t\t\t\t\t<\/div>\n\t\t<\/div>\n\t\t\t\t\t<\/div>\n\t\t<\/section>\n\t\t\t\t<section class=\"elementor-section elementor-top-section elementor-element elementor-element-0fa4428 elementor-section-boxed elementor-section-height-default elementor-section-height-default\" data-id=\"0fa4428\" data-element_type=\"section\" data-e-type=\"section\">\n\t\t\t\t\t\t<div class=\"elementor-container elementor-column-gap-default\">\n\t\t\t\t\t<div class=\"elementor-column elementor-col-100 elementor-top-column elementor-element elementor-element-76dccb4\" data-id=\"76dccb4\" data-element_type=\"column\" data-e-type=\"column\">\n\t\t\t<div class=\"elementor-widget-wrap elementor-element-populated\">\n\t\t\t\t\t\t<div class=\"elementor-element elementor-element-ba6a3dd elementor-widget elementor-widget-text-editor\" data-id=\"ba6a3dd\" data-element_type=\"widget\" data-e-type=\"widget\" data-widget_type=\"text-editor.default\">\n\t\t\t\t<div class=\"elementor-widget-container\">\n\t\t\t\t\t\t\t\t\t<p>los <a href=\"https:\/\/mythslegendes.com\/es\/\">leyenda<\/a> de Rata es uno de los grandes <a href=\"https:\/\/mythslegendes.com\/es\/\">leyendas<\/a> Tahitiano. Rata es uno de esos viajeros en el gran oc\u00e9ano como Maui, Hiro y Tafa&#039;i.<\/p><p><img decoding=\"async\" class=\"alignnone wp-image-9347 size-full\" src=\"https:\/\/mythslegendes.com\/wp-content\/uploads\/2020\/09\/cropped-AlphaOmega-e1602613368367.png\" alt=\"rata\" width=\"25\" height=\"25\" title=\"\"><\/p>\t\t\t\t\t\t\t\t<\/div>\n\t\t\t\t<\/div>\n\t\t\t\t\t<\/div>\n\t\t<\/div>\n\t\t\t\t\t<\/div>\n\t\t<\/section>\n\t\t\t\t<section class=\"elementor-section elementor-top-section elementor-element elementor-element-0ee36b1 elementor-section-boxed elementor-section-height-default elementor-section-height-default\" data-id=\"0ee36b1\" data-element_type=\"section\" data-e-type=\"section\">\n\t\t\t\t\t\t<div class=\"elementor-container elementor-column-gap-default\">\n\t\t\t\t\t<div class=\"elementor-column elementor-col-100 elementor-top-column elementor-element elementor-element-3446be0\" data-id=\"3446be0\" data-element_type=\"column\" data-e-type=\"column\">\n\t\t\t<div class=\"elementor-widget-wrap elementor-element-populated\">\n\t\t\t\t\t\t<div class=\"elementor-element elementor-element-30da988 elementor-widget elementor-widget-heading\" data-id=\"30da988\" data-element_type=\"widget\" data-e-type=\"widget\" data-widget_type=\"heading.default\">\n\t\t\t\t<div class=\"elementor-widget-container\">\n\t\t\t\t\t<div id=\"ez-toc-container\" class=\"ez-toc-v2_0_83 counter-hierarchy ez-toc-counter ez-toc-grey ez-toc-container-direction\">\n<div class=\"ez-toc-title-container\">\n<p class=\"ez-toc-title\" style=\"cursor:inherit\">Contenido<\/p>\n<span class=\"ez-toc-title-toggle\"><a href=\"#\" class=\"ez-toc-pull-right ez-toc-btn ez-toc-btn-xs ez-toc-btn-default ez-toc-toggle\" aria-label=\"Alternar tabla de contenidos\"><span class=\"ez-toc-js-icon-con\"><span class=\"\"><span class=\"eztoc-hide\" style=\"display:none;\">Palanca<\/span><span class=\"ez-toc-icon-toggle-span\"><svg style=\"fill: #999;color:#999\" xmlns=\"http:\/\/www.w3.org\/2000\/svg\" class=\"list-377408\" width=\"20px\" height=\"20px\" viewbox=\"0 0 24 24\" fill=\"none\"><path d=\"M6 6H4v2h2V6zm14 0H8v2h12V6zM4 11h2v2H4v-2zm16 0H8v2h12v-2zM4 16h2v2H4v-2zm16 0H8v2h12v-2z\" fill=\"currentColor\"><\/path><\/svg><svg style=\"fill: #999;color:#999\" class=\"arrow-unsorted-368013\" xmlns=\"http:\/\/www.w3.org\/2000\/svg\" width=\"10px\" height=\"10px\" viewbox=\"0 0 24 24\" version=\"1.2\" baseprofile=\"tiny\"><path d=\"M18.2 9.3l-6.2-6.3-6.2 6.3c-.2.2-.3.4-.3.7s.1.5.3.7c.2.2.4.3.7.3h11c.3 0 .5-.1.7-.3.2-.2.3-.5.3-.7s-.1-.5-.3-.7zM5.8 14.7l6.2 6.3 6.2-6.3c.2-.2.3-.5.3-.7s-.1-.5-.3-.7c-.2-.2-.4-.3-.7-.3h-11c-.3 0-.5.1-.7.3-.2.2-.3.5-.3.7s.1.5.3.7z\"\/><\/svg><\/span><\/span><\/span><\/a><\/span><\/div>\n<nav><ul class='ez-toc-list ez-toc-list-level-1' ><li class='ez-toc-page-1 ez-toc-heading-level-2'><a class=\"ez-toc-link ez-toc-heading-1\" href=\"https:\/\/mythslegendes.com\/es\/mitologia-tahitiana-del-viento\/rata\/#Rata-et-les-esprits-de-la-foret\" >Rata y los esp\u00edritus del bosque<\/a><\/li><\/ul><\/nav><\/div>\n<h2 class=\"elementor-heading-title elementor-size-default\"><span class=\"ez-toc-section\" id=\"Rata-et-les-esprits-de-la-foret\"><\/span>Rata y los esp\u00edritus del bosque<span class=\"ez-toc-section-end\"><\/span><\/h2>\t\t\t\t<\/div>\n\t\t\t\t<\/div>\n\t\t\t\t\t<\/div>\n\t\t<\/div>\n\t\t\t\t\t<\/div>\n\t\t<\/section>\n\t\t\t\t<section class=\"elementor-section elementor-top-section elementor-element elementor-element-ac44b2d elementor-section-boxed elementor-section-height-default elementor-section-height-default\" data-id=\"ac44b2d\" data-element_type=\"section\" data-e-type=\"section\">\n\t\t\t\t\t\t<div class=\"elementor-container elementor-column-gap-default\">\n\t\t\t\t\t<div class=\"elementor-column elementor-col-100 elementor-top-column elementor-element elementor-element-4a2bf22\" data-id=\"4a2bf22\" data-element_type=\"column\" data-e-type=\"column\">\n\t\t\t<div class=\"elementor-widget-wrap elementor-element-populated\">\n\t\t\t\t\t\t<div class=\"elementor-element elementor-element-b7019b6 elementor-widget elementor-widget-text-editor\" data-id=\"b7019b6\" data-element_type=\"widget\" data-e-type=\"widget\" data-widget_type=\"text-editor.default\">\n\t\t\t\t<div class=\"elementor-widget-container\">\n\t\t\t\t\t\t\t\t\t<p>Viv\u00eda en Pare-Arue en ese momento. Se dice que, en busca de sus padres secuestrados por Matututa&#039;ota&#039;o, la monstruosa &#039;otuu-garza del rey Puna de <a href=\"https:\/\/mythslegendes.com\/es\/mitologia-tahitiana-gambier\/\">Mangareva<\/a>, su abuela, un poco maga, le pidi\u00f3 que fuera a construir su canoa.<\/p><p>Con el hacha m\u00e1gica &#039;Ui&#039;ura&#039; que hay que frotar en la espalda de la abuela para afilarla, se adentr\u00f3 en el bosque en busca de su \u00e1rbol, lo encontr\u00f3 y lo cort\u00f3. Una vez ca\u00eddo el \u00e1rbol, comenz\u00f3 a cortar las ramas y quitar la corteza. Estaba listo para ser vaciado, tarea que pospuso hasta el d\u00eda siguiente.<\/p><p>Qu\u00e9 sorpresa cuando regres\u00f3 por la ma\u00f1ana: el \u00e1rbol estaba en pie, intacto.<\/p><p>Sospechando alguna estratagema de los esp\u00edritus del bosque, volvi\u00f3 a talar el \u00e1rbol y fingi\u00f3 marcharse. \u00c9l vino y se escondi\u00f3 en un arbusto y observ\u00f3 la escena. Los tuputupua, esp\u00edritus del bosque, liderados por su principal artesano Toahiti, se hab\u00edan reunido alrededor del \u00e1rbol ca\u00eddo y bailaban mientras cantaban un encantamiento m\u00e1gico:<\/p><p>\u2013 \u201cLas ramas se unen al tronco\u201d. Y las ramas obedecieron.<br \/>\u2013 \u201cSavia acuosa de mi \u00e1rbol, \u00a1ven con dulzura, ven con rabia! \u00a1Ven chicle pegajoso, monta, monta el \u00e1rbol! T\u00fa, el \u00e1rbol, lev\u00e1ntate, deja que el \u00e1rbol se levante\u201d.<\/p><p>Y el \u00e1rbol se levant\u00f3 con todos los dioses en las ramas.<\/p><p>Rata no hab\u00eda respetado el procedimiento al ignorar el Mana de los bosques, los esp\u00edritus vinieron a restablecer el orden. Sin embargo, la historia termina bien para Rata, cuando se hace conocido por los esp\u00edritus del bosque, quienes luego se convertir\u00e1n en sus amigos y compa\u00f1eros de viaje. Incluso participar\u00e1n en la construcci\u00f3n de su canoa.<\/p><p>Sin embargo, Rata, seguramente muy distra\u00edda, se olvidar\u00e1 de respetar la ceremonia faaimuraa vaa, aquella en la que se riega la canoa. Una especie de bautismo. Y ver\u00e1 su canoa hundirse como una canoa de piedra. Afortunadamente, la abuela vendr\u00e1 al rescate y Rata finalmente podr\u00e1 ir a buscar a sus padres.<\/p>\t\t\t\t\t\t\t\t<\/div>\n\t\t\t\t<\/div>\n\t\t\t\t\t<\/div>\n\t\t<\/div>\n\t\t\t\t\t<\/div>\n\t\t<\/section>\n\t\t\t\t<\/div>","protected":false},"excerpt":{"rendered":"<p>Tahitian Wind Mythology Wiki La leyenda de Rata es una de las grandes leyendas tahitianas. Rata es uno de esos... <\/p>","protected":false},"author":1,"featured_media":0,"parent":9989,"menu_order":0,"comment_status":"closed","ping_status":"closed","template":"","meta":{"footnotes":""},"class_list":["post-23929","page","type-page","status-publish","hentry"],"amp_enabled":true,"_links":{"self":[{"href":"https:\/\/mythslegendes.com\/es\/wp-json\/wp\/v2\/pages\/23929","targetHints":{"allow":["GET"]}}],"collection":[{"href":"https:\/\/mythslegendes.com\/es\/wp-json\/wp\/v2\/pages"}],"about":[{"href":"https:\/\/mythslegendes.com\/es\/wp-json\/wp\/v2\/types\/page"}],"author":[{"embeddable":true,"href":"https:\/\/mythslegendes.com\/es\/wp-json\/wp\/v2\/users\/1"}],"replies":[{"embeddable":true,"href":"https:\/\/mythslegendes.com\/es\/wp-json\/wp\/v2\/comments?post=23929"}],"version-history":[{"count":3,"href":"https:\/\/mythslegendes.com\/es\/wp-json\/wp\/v2\/pages\/23929\/revisions"}],"predecessor-version":[{"id":23933,"href":"https:\/\/mythslegendes.com\/es\/wp-json\/wp\/v2\/pages\/23929\/revisions\/23933"}],"up":[{"embeddable":true,"href":"https:\/\/mythslegendes.com\/es\/wp-json\/wp\/v2\/pages\/9989"}],"wp:attachment":[{"href":"https:\/\/mythslegendes.com\/es\/wp-json\/wp\/v2\/media?parent=23929"}],"curies":[{"name":"wp","href":"https:\/\/api.w.org\/{rel}","templated":true}]}}