{"id":23945,"date":"2022-10-16T21:01:20","date_gmt":"2022-10-16T21:01:20","guid":{"rendered":"https:\/\/mythslegendes.com\/?page_id=23945"},"modified":"2022-10-16T21:04:05","modified_gmt":"2022-10-16T21:04:05","slug":"pieuvre-de-papetoai","status":"publish","type":"page","link":"https:\/\/mythslegendes.com\/es\/mitologia-tahitiana-del-viento\/pulpo-de-papetoai\/","title":{"rendered":"pulpo papitoai"},"content":{"rendered":"<div data-elementor-type=\"wp-page\" data-elementor-id=\"23945\" class=\"elementor elementor-23945\">\n\t\t\t\t\t\t<section class=\"elementor-section elementor-top-section elementor-element elementor-element-3c2b7c7 elementor-section-boxed elementor-section-height-default elementor-section-height-default\" data-id=\"3c2b7c7\" data-element_type=\"section\" data-e-type=\"section\">\n\t\t\t\t\t\t<div class=\"elementor-container elementor-column-gap-default\">\n\t\t\t\t\t<div class=\"elementor-column elementor-col-50 elementor-top-column elementor-element elementor-element-752d6de\" data-id=\"752d6de\" data-element_type=\"column\" data-e-type=\"column\">\n\t\t\t<div class=\"elementor-widget-wrap elementor-element-populated\">\n\t\t\t\t\t\t<div class=\"elementor-element elementor-element-e771720 elementor-align-justify elementor-widget elementor-widget-button\" data-id=\"e771720\" data-element_type=\"widget\" data-e-type=\"widget\" data-widget_type=\"button.default\">\n\t\t\t\t<div class=\"elementor-widget-container\">\n\t\t\t\t\t\t\t\t\t<div class=\"elementor-button-wrapper\">\n\t\t\t\t\t<a class=\"elementor-button elementor-button-link elementor-size-sm\" href=\"https:\/\/mythslegendes.com\/es\/mitologia-tahitiana-del-viento\/\">\n\t\t\t\t\t\t<span class=\"elementor-button-content-wrapper\">\n\t\t\t\t\t\t\t\t\t<span class=\"elementor-button-text\">Mitolog\u00eda del viento tahitiano<\/span>\n\t\t\t\t\t<\/span>\n\t\t\t\t\t<\/a>\n\t\t\t\t<\/div>\n\t\t\t\t\t\t\t\t<\/div>\n\t\t\t\t<\/div>\n\t\t\t\t\t<\/div>\n\t\t<\/div>\n\t\t\t\t<div class=\"elementor-column elementor-col-50 elementor-top-column elementor-element elementor-element-8a77db4\" data-id=\"8a77db4\" data-element_type=\"column\" data-e-type=\"column\">\n\t\t\t<div class=\"elementor-widget-wrap elementor-element-populated\">\n\t\t\t\t\t\t<div class=\"elementor-element elementor-element-e1c11aa elementor-align-justify elementor-widget elementor-widget-button\" data-id=\"e1c11aa\" data-element_type=\"widget\" data-e-type=\"widget\" data-widget_type=\"button.default\">\n\t\t\t\t<div class=\"elementor-widget-container\">\n\t\t\t\t\t\t\t\t\t<div class=\"elementor-button-wrapper\">\n\t\t\t\t\t<a class=\"elementor-button elementor-button-link elementor-size-sm\" href=\"https:\/\/www.tahitiheritage.pf\/legende-pieuvre-papetoai\/\" target=\"_blank\" rel=\"noopener\">\n\t\t\t\t\t\t<span class=\"elementor-button-content-wrapper\">\n\t\t\t\t\t\t\t\t\t<span class=\"elementor-button-text\">Wiki<\/span>\n\t\t\t\t\t<\/span>\n\t\t\t\t\t<\/a>\n\t\t\t\t<\/div>\n\t\t\t\t\t\t\t\t<\/div>\n\t\t\t\t<\/div>\n\t\t\t\t\t<\/div>\n\t\t<\/div>\n\t\t\t\t\t<\/div>\n\t\t<\/section>\n\t\t\t\t<section class=\"elementor-section elementor-top-section elementor-element elementor-element-d9e04a2 elementor-section-boxed elementor-section-height-default elementor-section-height-default\" data-id=\"d9e04a2\" data-element_type=\"section\" data-e-type=\"section\">\n\t\t\t\t\t\t<div class=\"elementor-container elementor-column-gap-default\">\n\t\t\t\t\t<div class=\"elementor-column elementor-col-100 elementor-top-column elementor-element elementor-element-78be3b1\" data-id=\"78be3b1\" data-element_type=\"column\" data-e-type=\"column\">\n\t\t\t<div class=\"elementor-widget-wrap elementor-element-populated\">\n\t\t\t\t\t\t<div class=\"elementor-element elementor-element-750b30d elementor-widget elementor-widget-text-editor\" data-id=\"750b30d\" data-element_type=\"widget\" data-e-type=\"widget\" data-widget_type=\"text-editor.default\">\n\t\t\t\t<div class=\"elementor-widget-container\">\n\t\t\t\t\t\t\t\t\t<p>Los dioses enviaron un pulpo de Papetoai para traer amor y armon\u00eda a la gente. Pero los extranjeros rompieron esta armon\u00eda al mostrar que en la tierra hab\u00eda otras personas con costumbres muy diferentes. Mira este viejo <a href=\"https:\/\/mythslegendes.com\/es\/\">leyenda<\/a> de <a href=\"https:\/\/mythslegendes.com\/es\/mitologia-tahitiana-del-viento\/\">Moorea<\/a>.<\/p><p><img decoding=\"async\" class=\"alignnone wp-image-9347 size-full\" src=\"https:\/\/mythslegendes.com\/wp-content\/uploads\/2020\/09\/cropped-AlphaOmega-e1602613368367.png\" alt=\"pulpo papitoai\" width=\"25\" height=\"25\" title=\"\"><\/p>\t\t\t\t\t\t\t\t<\/div>\n\t\t\t\t<\/div>\n\t\t\t\t\t<\/div>\n\t\t<\/div>\n\t\t\t\t\t<\/div>\n\t\t<\/section>\n\t\t\t\t<section class=\"elementor-section elementor-top-section elementor-element elementor-element-66825fa elementor-section-boxed elementor-section-height-default elementor-section-height-default\" data-id=\"66825fa\" data-element_type=\"section\" data-e-type=\"section\">\n\t\t\t\t\t\t<div class=\"elementor-container elementor-column-gap-default\">\n\t\t\t\t\t<div class=\"elementor-column elementor-col-100 elementor-top-column elementor-element elementor-element-cc0f28d\" data-id=\"cc0f28d\" data-element_type=\"column\" data-e-type=\"column\">\n\t\t\t<div class=\"elementor-widget-wrap elementor-element-populated\">\n\t\t\t\t\t\t<div class=\"elementor-element elementor-element-b887e2a elementor-widget elementor-widget-heading\" data-id=\"b887e2a\" data-element_type=\"widget\" data-e-type=\"widget\" data-widget_type=\"heading.default\">\n\t\t\t\t<div class=\"elementor-widget-container\">\n\t\t\t\t\t<div id=\"ez-toc-container\" class=\"ez-toc-v2_0_82_2 counter-hierarchy ez-toc-counter ez-toc-grey ez-toc-container-direction\">\n<div class=\"ez-toc-title-container\">\n<p class=\"ez-toc-title\" style=\"cursor:inherit\">Contenido<\/p>\n<span class=\"ez-toc-title-toggle\"><a href=\"#\" class=\"ez-toc-pull-right ez-toc-btn ez-toc-btn-xs ez-toc-btn-default ez-toc-toggle\" aria-label=\"Alternar tabla de contenidos\"><span class=\"ez-toc-js-icon-con\"><span class=\"\"><span class=\"eztoc-hide\" style=\"display:none;\">Palanca<\/span><span class=\"ez-toc-icon-toggle-span\"><svg style=\"fill: #999;color:#999\" xmlns=\"http:\/\/www.w3.org\/2000\/svg\" class=\"list-377408\" width=\"20px\" height=\"20px\" viewbox=\"0 0 24 24\" fill=\"none\"><path d=\"M6 6H4v2h2V6zm14 0H8v2h12V6zM4 11h2v2H4v-2zm16 0H8v2h12v-2zM4 16h2v2H4v-2zm16 0H8v2h12v-2z\" fill=\"currentColor\"><\/path><\/svg><svg style=\"fill: #999;color:#999\" class=\"arrow-unsorted-368013\" xmlns=\"http:\/\/www.w3.org\/2000\/svg\" width=\"10px\" height=\"10px\" viewbox=\"0 0 24 24\" version=\"1.2\" baseprofile=\"tiny\"><path d=\"M18.2 9.3l-6.2-6.3-6.2 6.3c-.2.2-.3.4-.3.7s.1.5.3.7c.2.2.4.3.7.3h11c.3 0 .5-.1.7-.3.2-.2.3-.5.3-.7s-.1-.5-.3-.7zM5.8 14.7l6.2 6.3 6.2-6.3c.2-.2.3-.5.3-.7s-.1-.5-.3-.7c-.2-.2-.4-.3-.7-.3h-11c-.3 0-.5.1-.7.3-.2.2-.3.5-.3.7s.1.5.3.7z\"\/><\/svg><\/span><\/span><\/span><\/a><\/span><\/div>\n<nav><ul class='ez-toc-list ez-toc-list-level-1' ><li class='ez-toc-page-1 ez-toc-heading-level-2'><a class=\"ez-toc-link ez-toc-heading-1\" href=\"https:\/\/mythslegendes.com\/es\/mitologia-tahitiana-del-viento\/pulpo-de-papetoai\/#La-grande-pieuvre-de-Papetoai-envoyee-par-les-dieux\" >El gran pulpo de Papetoai enviado por los dioses<\/a><\/li><\/ul><\/nav><\/div>\n<h2 class=\"elementor-heading-title elementor-size-default\"><span class=\"ez-toc-section\" id=\"La-grande-pieuvre-de-Papetoai-envoyee-par-les-dieux\"><\/span>El gran pulpo de Papetoai enviado por los dioses<span class=\"ez-toc-section-end\"><\/span><\/h2>\t\t\t\t<\/div>\n\t\t\t\t<\/div>\n\t\t\t\t\t<\/div>\n\t\t<\/div>\n\t\t\t\t\t<\/div>\n\t\t<\/section>\n\t\t\t\t<section class=\"elementor-section elementor-top-section elementor-element elementor-element-d76baee elementor-section-boxed elementor-section-height-default elementor-section-height-default\" data-id=\"d76baee\" data-element_type=\"section\" data-e-type=\"section\">\n\t\t\t\t\t\t<div class=\"elementor-container elementor-column-gap-default\">\n\t\t\t\t\t<div class=\"elementor-column elementor-col-100 elementor-top-column elementor-element elementor-element-0e78218\" data-id=\"0e78218\" data-element_type=\"column\" data-e-type=\"column\">\n\t\t\t<div class=\"elementor-widget-wrap elementor-element-populated\">\n\t\t\t\t\t\t<div class=\"elementor-element elementor-element-3ddc210 elementor-widget elementor-widget-text-editor\" data-id=\"3ddc210\" data-element_type=\"widget\" data-e-type=\"widget\" data-widget_type=\"text-editor.default\">\n\t\t\t\t<div class=\"elementor-widget-container\">\n\t\t\t\t\t\t\t\t\t<p>En Papetoai, la ubicaci\u00f3n alrededor del templo siempre ha sido un lugar sagrado. En Fa&#039;ato&#039;ai, como se llamaba antiguamente al distrito, hab\u00eda un marae, un manantial de agua dulce y un gran pulpo.<\/p><p>Este pulpo, Tau Mata Fee Faatupu Hau, tambi\u00e9n llamado Tumu Rai Fenua, hab\u00eda sido enviado por los dioses de la antig\u00fcedad para traer amor y armon\u00eda a la gente. Todos los habitantes acudieron a escuchar al pulpo que les hablaba de la naturaleza, de las estrellas y completaban su conocimiento del mundo. Durante mucho tiempo, el pulpo cumpli\u00f3 su misi\u00f3n y los habitantes convivieron en paz.<\/p><p>Un d\u00eda, extra\u00f1os aterrizaron en la playa de Vaihere, hombres-tortuga que hab\u00edan nadado desde muy lejos. Le dijeron a la poblaci\u00f3n asombrada que al otro lado del mar hab\u00eda otras tierras, otros pa\u00edses, otras personas. Los Hombres Tortuga luego fueron a ver al pulpo en el marae de Tapuatea y le contaron su historia.<\/p><p>Curioso, la gente de Fa&#039;ato&#039;ai pidi\u00f3 a los hombres-tortuga que los llevaran a ver d\u00f3nde viv\u00edan. El pulpo, al principio se neg\u00f3 a dejarlos ir, pero para evitar conflictos, permiti\u00f3 que algunos residentes se fueran a rega\u00f1adientes.<\/p><p>Cuando los habitantes regresaron de su estad\u00eda en la tierra de los hombres tortuga, comenzaron a contar todo lo que hab\u00edan visto y todo lo que hab\u00edan aprendido en este nuevo pa\u00eds. Contaron c\u00f3mo viv\u00eda la gente de all\u00ed y qu\u00e9 hac\u00edan. Y pronto aparecieron discordias dentro de la poblaci\u00f3n; porque algunos habitantes habian cambiado su forma de vida y estaban peleando diciendo:<\/p><p>\u201cNo, all\u00e1 no es as\u00ed, en la tierra de los tortugueros, as\u00ed son las cosas, as\u00ed piensan, as\u00ed hacen\u201d<\/p><p>Los dioses al escuchar estas disputas le dijeron al pulpo:<\/p><p>\u201cTe damos una tierra para que le muestres a la gente c\u00f3mo amarse y vivir en armon\u00eda, y ahora est\u00e1n peleados. Si no puedes guiar a la gente de la isla, te castigaremos\u201d.<\/p><p>El pulpo molesto sali\u00f3 de su fuente y decidi\u00f3 dejar Fa&#039;ato&#039;ai y buscar refugio en el Monte Rotui. Enojada, derram\u00f3 su tinta por la ladera de la monta\u00f1a hasta la playa de Vaihere, donde hab\u00edan aterrizado los hombres tortuga.<\/p><p>Entonces el pulpo llam\u00f3 a todos los nohu (peces piedra) y les pidi\u00f3 que se calmaran y cuidaran bien la bah\u00eda. Desde entonces, el nombre Opunohu se ha mantenido (Opu = barriga; nohu = pez piedra). Tambi\u00e9n se dice hoy que no se debe pescar en esta zona porque los peces se envenenan con la tinta del pulpo.<\/p><p>Su cabeza se convirti\u00f3 en una roca cuando sus ocho tent\u00e1culos se clavaron en las ocho cadenas monta\u00f1osas de Moorea. Pero antes de su transformaci\u00f3n, esto es lo que le dijo a Taaroa: \u201cVolver\u00e9 alg\u00fan d\u00eda. Se\u00f1ales preceder\u00e1n mi regreso, es decir el regreso de la paz y la unidad. \u00bb<\/p><p>El antiguo nombre de Mo&#039;orea, &quot;Aimeho&quot;, que significa comer en secreto, proviene de esta leyenda. De hecho, nunca se ve comer a un pulpo porque su boca est\u00e1 debajo de su cuerpo. Por eso se dice que come escondida.<\/p><p>El nombre completo es \u201c&#039;Aimeho i te r\u00e4r\u00e4 varu\u201d o Aimeho de las ocho radiaciones, que representa los ocho tent\u00e1culos del pulpo. La cabeza del pulpo se asienta en el monte Rotui y sus tent\u00e1culos se irradian para formar las ocho cadenas monta\u00f1osas de la isla. Desde el templo de Papetoai se puede ver la cabeza y los dos ojos del pulpo tumbado en el monte Rotui.<\/p>\t\t\t\t\t\t\t\t<\/div>\n\t\t\t\t<\/div>\n\t\t\t\t\t<\/div>\n\t\t<\/div>\n\t\t\t\t\t<\/div>\n\t\t<\/section>\n\t\t\t\t<\/div>","protected":false},"excerpt":{"rendered":"<p>Tahitian Mythology of the Wind Wiki Un pulpo de Papetoai fue enviado por los dioses para traer amor y armon\u00eda... <\/p>","protected":false},"author":1,"featured_media":0,"parent":9989,"menu_order":0,"comment_status":"closed","ping_status":"closed","template":"","meta":{"footnotes":""},"class_list":["post-23945","page","type-page","status-publish","hentry"],"amp_enabled":true,"_links":{"self":[{"href":"https:\/\/mythslegendes.com\/es\/wp-json\/wp\/v2\/pages\/23945","targetHints":{"allow":["GET"]}}],"collection":[{"href":"https:\/\/mythslegendes.com\/es\/wp-json\/wp\/v2\/pages"}],"about":[{"href":"https:\/\/mythslegendes.com\/es\/wp-json\/wp\/v2\/types\/page"}],"author":[{"embeddable":true,"href":"https:\/\/mythslegendes.com\/es\/wp-json\/wp\/v2\/users\/1"}],"replies":[{"embeddable":true,"href":"https:\/\/mythslegendes.com\/es\/wp-json\/wp\/v2\/comments?post=23945"}],"version-history":[{"count":3,"href":"https:\/\/mythslegendes.com\/es\/wp-json\/wp\/v2\/pages\/23945\/revisions"}],"predecessor-version":[{"id":23949,"href":"https:\/\/mythslegendes.com\/es\/wp-json\/wp\/v2\/pages\/23945\/revisions\/23949"}],"up":[{"embeddable":true,"href":"https:\/\/mythslegendes.com\/es\/wp-json\/wp\/v2\/pages\/9989"}],"wp:attachment":[{"href":"https:\/\/mythslegendes.com\/es\/wp-json\/wp\/v2\/media?parent=23945"}],"curies":[{"name":"wp","href":"https:\/\/api.w.org\/{rel}","templated":true}]}}