{"id":23953,"date":"2022-10-16T21:07:46","date_gmt":"2022-10-16T21:07:46","guid":{"rendered":"https:\/\/mythslegendes.com\/?page_id=23953"},"modified":"2022-10-16T21:13:07","modified_gmt":"2022-10-16T21:13:07","slug":"bishinik","status":"publish","type":"page","link":"https:\/\/mythslegendes.com\/es\/mitologia-choctaw\/bishinik\/","title":{"rendered":"Bishinik"},"content":{"rendered":"<div data-elementor-type=\"wp-page\" data-elementor-id=\"23953\" class=\"elementor elementor-23953\">\n\t\t\t\t\t\t<section class=\"elementor-section elementor-top-section elementor-element elementor-element-27e7f8f elementor-section-boxed elementor-section-height-default elementor-section-height-default\" data-id=\"27e7f8f\" data-element_type=\"section\" data-e-type=\"section\">\n\t\t\t\t\t\t<div class=\"elementor-container elementor-column-gap-default\">\n\t\t\t\t\t<div class=\"elementor-column elementor-col-50 elementor-top-column elementor-element elementor-element-b4686e1\" data-id=\"b4686e1\" data-element_type=\"column\" data-e-type=\"column\">\n\t\t\t<div class=\"elementor-widget-wrap elementor-element-populated\">\n\t\t\t\t\t\t<div class=\"elementor-element elementor-element-3e861d3 elementor-align-justify elementor-widget elementor-widget-button\" data-id=\"3e861d3\" data-element_type=\"widget\" data-e-type=\"widget\" data-widget_type=\"button.default\">\n\t\t\t\t<div class=\"elementor-widget-container\">\n\t\t\t\t\t\t\t\t\t<div class=\"elementor-button-wrapper\">\n\t\t\t\t\t<a class=\"elementor-button elementor-button-link elementor-size-sm\" href=\"https:\/\/mythslegendes.com\/es\/mitologia-choctaw\/\">\n\t\t\t\t\t\t<span class=\"elementor-button-content-wrapper\">\n\t\t\t\t\t\t\t\t\t<span class=\"elementor-button-text\">Mitolog\u00eda Choctaw-Chickasaw<\/span>\n\t\t\t\t\t<\/span>\n\t\t\t\t\t<\/a>\n\t\t\t\t<\/div>\n\t\t\t\t\t\t\t\t<\/div>\n\t\t\t\t<\/div>\n\t\t\t\t\t<\/div>\n\t\t<\/div>\n\t\t\t\t<div class=\"elementor-column elementor-col-50 elementor-top-column elementor-element elementor-element-f769126\" data-id=\"f769126\" data-element_type=\"column\" data-e-type=\"column\">\n\t\t\t<div class=\"elementor-widget-wrap elementor-element-populated\">\n\t\t\t\t\t\t<div class=\"elementor-element elementor-element-69d76d9 elementor-align-justify elementor-widget elementor-widget-button\" data-id=\"69d76d9\" data-element_type=\"widget\" data-e-type=\"widget\" data-widget_type=\"button.default\">\n\t\t\t\t<div class=\"elementor-widget-container\">\n\t\t\t\t\t\t\t\t\t<div class=\"elementor-button-wrapper\">\n\t\t\t\t\t<a class=\"elementor-button elementor-button-link elementor-size-sm\" href=\"https:\/\/www.firstpeople.us\/FP-Html-Legends\/BishinikTheLittleChahtaNewsBird-Choctaw.html\" target=\"_blank\" rel=\"noopener\">\n\t\t\t\t\t\t<span class=\"elementor-button-content-wrapper\">\n\t\t\t\t\t\t\t\t\t<span class=\"elementor-button-text\">Wiki<\/span>\n\t\t\t\t\t<\/span>\n\t\t\t\t\t<\/a>\n\t\t\t\t<\/div>\n\t\t\t\t\t\t\t\t<\/div>\n\t\t\t\t<\/div>\n\t\t\t\t\t<\/div>\n\t\t<\/div>\n\t\t\t\t\t<\/div>\n\t\t<\/section>\n\t\t\t\t<section class=\"elementor-section elementor-top-section elementor-element elementor-element-d421352 elementor-section-boxed elementor-section-height-default elementor-section-height-default\" data-id=\"d421352\" data-element_type=\"section\" data-e-type=\"section\">\n\t\t\t\t\t\t<div class=\"elementor-container elementor-column-gap-default\">\n\t\t\t\t\t<div class=\"elementor-column elementor-col-100 elementor-top-column elementor-element elementor-element-9498feb\" data-id=\"9498feb\" data-element_type=\"column\" data-e-type=\"column\">\n\t\t\t<div class=\"elementor-widget-wrap elementor-element-populated\">\n\t\t\t\t\t\t<div class=\"elementor-element elementor-element-168ef49 elementor-widget elementor-widget-text-editor\" data-id=\"168ef49\" data-element_type=\"widget\" data-e-type=\"widget\" data-widget_type=\"text-editor.default\">\n\t\t\t\t<div class=\"elementor-widget-container\">\n\t\t\t\t\t\t\t\t\t<p>los\u00a0<strong>Chactas<\/strong> (D\u00f3nde <a href=\"https:\/\/mythslegendes.com\/es\/mitologia-choctaw\/\">Choctaws<\/a>) son una tribu nativa americana originaria del sureste de los Estados Unidos (Mississippi, <a href=\"https:\/\/mythslegendes.com\/es\/creek-seminole-mitologia\/\">Alabama<\/a> y <a href=\"https:\/\/mythslegendes.com\/es\/mythes-et-legendes-muskogeens-2136\/\">Luisiana<\/a>). Aqu\u00ed est\u00e1 su <a href=\"https:\/\/mythslegendes.com\/es\/\">leyenda<\/a> en ingl\u00e9s: Bishinik.<\/p><p><img decoding=\"async\" class=\"alignnone wp-image-9347 size-full\" src=\"https:\/\/mythslegendes.com\/wp-content\/uploads\/2020\/09\/cropped-AlphaOmega-e1602613368367.png\" alt=\"Bishinik\" width=\"25\" height=\"25\" title=\"\"><\/p>\t\t\t\t\t\t\t\t<\/div>\n\t\t\t\t<\/div>\n\t\t\t\t\t<\/div>\n\t\t<\/div>\n\t\t\t\t\t<\/div>\n\t\t<\/section>\n\t\t\t\t<section class=\"elementor-section elementor-top-section elementor-element elementor-element-9cc62fa elementor-section-boxed elementor-section-height-default elementor-section-height-default\" data-id=\"9cc62fa\" data-element_type=\"section\" data-e-type=\"section\">\n\t\t\t\t\t\t<div class=\"elementor-container elementor-column-gap-default\">\n\t\t\t\t\t<div class=\"elementor-column elementor-col-100 elementor-top-column elementor-element elementor-element-b54c44c\" data-id=\"b54c44c\" data-element_type=\"column\" data-e-type=\"column\">\n\t\t\t<div class=\"elementor-widget-wrap elementor-element-populated\">\n\t\t\t\t\t\t<div class=\"elementor-element elementor-element-5c31898 elementor-widget elementor-widget-heading\" data-id=\"5c31898\" data-element_type=\"widget\" data-e-type=\"widget\" data-widget_type=\"heading.default\">\n\t\t\t\t<div class=\"elementor-widget-container\">\n\t\t\t\t\t<div id=\"ez-toc-container\" class=\"ez-toc-v2_0_82_2 counter-hierarchy ez-toc-counter ez-toc-grey ez-toc-container-direction\">\n<div class=\"ez-toc-title-container\">\n<p class=\"ez-toc-title\" style=\"cursor:inherit\">Contenido<\/p>\n<span class=\"ez-toc-title-toggle\"><a href=\"#\" class=\"ez-toc-pull-right ez-toc-btn ez-toc-btn-xs ez-toc-btn-default ez-toc-toggle\" aria-label=\"Alternar tabla de contenidos\"><span class=\"ez-toc-js-icon-con\"><span class=\"\"><span class=\"eztoc-hide\" style=\"display:none;\">Palanca<\/span><span class=\"ez-toc-icon-toggle-span\"><svg style=\"fill: #999;color:#999\" xmlns=\"http:\/\/www.w3.org\/2000\/svg\" class=\"list-377408\" width=\"20px\" height=\"20px\" viewbox=\"0 0 24 24\" fill=\"none\"><path d=\"M6 6H4v2h2V6zm14 0H8v2h12V6zM4 11h2v2H4v-2zm16 0H8v2h12v-2zM4 16h2v2H4v-2zm16 0H8v2h12v-2z\" fill=\"currentColor\"><\/path><\/svg><svg style=\"fill: #999;color:#999\" class=\"arrow-unsorted-368013\" xmlns=\"http:\/\/www.w3.org\/2000\/svg\" width=\"10px\" height=\"10px\" viewbox=\"0 0 24 24\" version=\"1.2\" baseprofile=\"tiny\"><path d=\"M18.2 9.3l-6.2-6.3-6.2 6.3c-.2.2-.3.4-.3.7s.1.5.3.7c.2.2.4.3.7.3h11c.3 0 .5-.1.7-.3.2-.2.3-.5.3-.7s-.1-.5-.3-.7zM5.8 14.7l6.2 6.3 6.2-6.3c.2-.2.3-.5.3-.7s-.1-.5-.3-.7c-.2-.2-.4-.3-.7-.3h-11c-.3 0-.5.1-.7.3-.2.2-.3.5-.3.7s.1.5.3.7z\"\/><\/svg><\/span><\/span><\/span><\/a><\/span><\/div>\n<nav><ul class='ez-toc-list ez-toc-list-level-1' ><li class='ez-toc-page-1 ez-toc-heading-level-2'><a class=\"ez-toc-link ez-toc-heading-1\" href=\"https:\/\/mythslegendes.com\/es\/mitologia-choctaw\/bishinik\/#Bishinik-The-Little-Chahta-News-Bird\" >Bishinik, el peque\u00f1o p\u00e1jaro de las noticias de Chahta<\/a><\/li><\/ul><\/nav><\/div>\n<h2 class=\"elementor-heading-title elementor-size-default\"><span class=\"ez-toc-section\" id=\"Bishinik-The-Little-Chahta-News-Bird\"><\/span>Bishinik, el peque\u00f1o p\u00e1jaro de las noticias de Chahta<span class=\"ez-toc-section-end\"><\/span><\/h2>\t\t\t\t<\/div>\n\t\t\t\t<\/div>\n\t\t\t\t\t<\/div>\n\t\t<\/div>\n\t\t\t\t\t<\/div>\n\t\t<\/section>\n\t\t\t\t<section class=\"elementor-section elementor-top-section elementor-element elementor-element-bdeafa1 elementor-section-boxed elementor-section-height-default elementor-section-height-default\" data-id=\"bdeafa1\" data-element_type=\"section\" data-e-type=\"section\">\n\t\t\t\t\t\t<div class=\"elementor-container elementor-column-gap-default\">\n\t\t\t\t\t<div class=\"elementor-column elementor-col-100 elementor-top-column elementor-element elementor-element-a4e5460\" data-id=\"a4e5460\" data-element_type=\"column\" data-e-type=\"column\">\n\t\t\t<div class=\"elementor-widget-wrap elementor-element-populated\">\n\t\t\t\t\t\t<div class=\"elementor-element elementor-element-7d342a3 elementor-widget elementor-widget-text-editor\" data-id=\"7d342a3\" data-element_type=\"widget\" data-e-type=\"widget\" data-widget_type=\"text-editor.default\">\n\t\t\t\t<div class=\"elementor-widget-container\">\n\t\t\t\t\t\t\t\t\t<p>De acuerdo a <a href=\"https:\/\/mythslegendes.com\/es\/mitologia-choctaw\/\">Choctaw<\/a> leyenda, cuando las \u201caguas que regresan\u201d<br \/>(ese es el t\u00e9rmino choctaw para el Gran Diluvio), vinieron dos p\u00e1jaros,<br \/>Bishinik (una peque\u00f1a especie de cola de tijera, con pico amarillo moteado)<br \/>Woodpecker), y Folichik (el cazador de moscas cola de tijera), fueron los<br \/>S\u00f3lo dos p\u00e1jaros escaparon de ahogarse volando lo m\u00e1s alto que pudieron<br \/>y pos\u00e1ndose boca abajo sobre el cielo. As\u00ed las cosas, vinieron las aguas<br \/>tan alto que las colas de los p\u00e1jaros colgaban donde las aguas<br \/>provoc\u00f3 que las plumas de su cola se separaran, haci\u00e9ndolas dividir o colar en tijera.<\/p><p>Debido a su valent\u00eda, los dos p\u00e1jaros fueron bendecidos por Dios, y<br \/>Debido a que Bishinik estaba agradecido por esta bendici\u00f3n, Dios decret\u00f3 que<br \/>Bishinik siempre ser\u00eda un amigo especial para su pueblo, los Choctaw.<br \/>Para los choctaw, Bishinik era el p\u00e1jaro m\u00e1s amigable, se le concedi\u00f3<br \/>trato especial y se hizo conocido como \u201cel peque\u00f1o p\u00e1jaro de las noticias Chahta\u201d.<\/p><p>Bishinik vivir\u00eda cerca de las casas de los Choctaw y les avisar\u00eda cuando<br \/>alguien se acercaba. El peque\u00f1o y simp\u00e1tico p\u00e1jaro carpintero tambi\u00e9n estaba<br \/>Se cre\u00eda que acompa\u00f1aba a las partidas de caza o de guerra cuando iban.<br \/>al campo. Bishinik advertir\u00eda a los guerreros del acercamiento<br \/>de un enemigo, o les indicar\u00eda cuando el juego estaba cerca y en<br \/>en qu\u00e9 direcci\u00f3n deben viajar para encontrar este juego. \u00bfDeber\u00eda un<br \/>La fuerza enemiga se acerca a un campamento de guerreros Choctaw durante el<br \/>horas de oscuridad, Bishinik les advert\u00eda escribiendo mensajes<br \/>en los \u00e1rboles sobre el campamento. Bishinik es honrado hasta el d\u00eda de hoy, como el<br \/>\u00a1El peri\u00f3dico tribal lleva su nombre!<\/p>\t\t\t\t\t\t\t\t<\/div>\n\t\t\t\t<\/div>\n\t\t\t\t\t<\/div>\n\t\t<\/div>\n\t\t\t\t\t<\/div>\n\t\t<\/section>\n\t\t\t\t<\/div>","protected":false},"excerpt":{"rendered":"<p>Mitolog\u00eda Choctaw-Chickasaw Wiki Los Chactas (o Choctaws) son una tribu nativa americana del sureste de los Estados Unidos (Mississippi, Alabama y Louisiana). Aqu\u00ed est\u00e1 \u2026 <\/p>","protected":false},"author":1,"featured_media":0,"parent":3702,"menu_order":0,"comment_status":"closed","ping_status":"closed","template":"","meta":{"footnotes":""},"class_list":["post-23953","page","type-page","status-publish","hentry"],"amp_enabled":true,"_links":{"self":[{"href":"https:\/\/mythslegendes.com\/es\/wp-json\/wp\/v2\/pages\/23953","targetHints":{"allow":["GET"]}}],"collection":[{"href":"https:\/\/mythslegendes.com\/es\/wp-json\/wp\/v2\/pages"}],"about":[{"href":"https:\/\/mythslegendes.com\/es\/wp-json\/wp\/v2\/types\/page"}],"author":[{"embeddable":true,"href":"https:\/\/mythslegendes.com\/es\/wp-json\/wp\/v2\/users\/1"}],"replies":[{"embeddable":true,"href":"https:\/\/mythslegendes.com\/es\/wp-json\/wp\/v2\/comments?post=23953"}],"version-history":[{"count":3,"href":"https:\/\/mythslegendes.com\/es\/wp-json\/wp\/v2\/pages\/23953\/revisions"}],"predecessor-version":[{"id":23962,"href":"https:\/\/mythslegendes.com\/es\/wp-json\/wp\/v2\/pages\/23953\/revisions\/23962"}],"up":[{"embeddable":true,"href":"https:\/\/mythslegendes.com\/es\/wp-json\/wp\/v2\/pages\/3702"}],"wp:attachment":[{"href":"https:\/\/mythslegendes.com\/es\/wp-json\/wp\/v2\/media?parent=23953"}],"curies":[{"name":"wp","href":"https:\/\/api.w.org\/{rel}","templated":true}]}}