{"id":23963,"date":"2022-10-16T21:14:03","date_gmt":"2022-10-16T21:14:03","guid":{"rendered":"https:\/\/mythslegendes.com\/?page_id=23963"},"modified":"2022-10-16T21:16:34","modified_gmt":"2022-10-16T21:16:34","slug":"tashka-et-walo","status":"publish","type":"page","link":"https:\/\/mythslegendes.com\/es\/mitologia-choctaw\/tashka-y-walo\/","title":{"rendered":"Tashka y Walo"},"content":{"rendered":"<div data-elementor-type=\"wp-page\" data-elementor-id=\"23963\" class=\"elementor elementor-23963\">\n\t\t\t\t\t\t<section class=\"elementor-section elementor-top-section elementor-element elementor-element-f88ac7c elementor-section-boxed elementor-section-height-default elementor-section-height-default\" data-id=\"f88ac7c\" data-element_type=\"section\" data-e-type=\"section\">\n\t\t\t\t\t\t<div class=\"elementor-container elementor-column-gap-default\">\n\t\t\t\t\t<div class=\"elementor-column elementor-col-50 elementor-top-column elementor-element elementor-element-f2659f2\" data-id=\"f2659f2\" data-element_type=\"column\" data-e-type=\"column\">\n\t\t\t<div class=\"elementor-widget-wrap elementor-element-populated\">\n\t\t\t\t\t\t<div class=\"elementor-element elementor-element-b0bfe2d elementor-align-justify elementor-widget elementor-widget-button\" data-id=\"b0bfe2d\" data-element_type=\"widget\" data-e-type=\"widget\" data-widget_type=\"button.default\">\n\t\t\t\t<div class=\"elementor-widget-container\">\n\t\t\t\t\t\t\t\t\t<div class=\"elementor-button-wrapper\">\n\t\t\t\t\t<a class=\"elementor-button elementor-button-link elementor-size-sm\" href=\"https:\/\/mythslegendes.com\/es\/mitologia-choctaw\/\">\n\t\t\t\t\t\t<span class=\"elementor-button-content-wrapper\">\n\t\t\t\t\t\t\t\t\t<span class=\"elementor-button-text\">Mitolog\u00eda Choctaw-Chickasaw<\/span>\n\t\t\t\t\t<\/span>\n\t\t\t\t\t<\/a>\n\t\t\t\t<\/div>\n\t\t\t\t\t\t\t\t<\/div>\n\t\t\t\t<\/div>\n\t\t\t\t\t<\/div>\n\t\t<\/div>\n\t\t\t\t<div class=\"elementor-column elementor-col-50 elementor-top-column elementor-element elementor-element-0f5b1e8\" data-id=\"0f5b1e8\" data-element_type=\"column\" data-e-type=\"column\">\n\t\t\t<div class=\"elementor-widget-wrap elementor-element-populated\">\n\t\t\t\t\t\t<div class=\"elementor-element elementor-element-c65e3a5 elementor-align-justify elementor-widget elementor-widget-button\" data-id=\"c65e3a5\" data-element_type=\"widget\" data-e-type=\"widget\" data-widget_type=\"button.default\">\n\t\t\t\t<div class=\"elementor-widget-container\">\n\t\t\t\t\t\t\t\t\t<div class=\"elementor-button-wrapper\">\n\t\t\t\t\t<a class=\"elementor-button elementor-button-link elementor-size-sm\" href=\"https:\/\/www.firstpeople.us\/FP-Html-Legends\/BrothersWhoFollowedTheSun-Choctaw.html\" target=\"_blank\" rel=\"noopener\">\n\t\t\t\t\t\t<span class=\"elementor-button-content-wrapper\">\n\t\t\t\t\t\t\t\t\t<span class=\"elementor-button-text\">Wiki<\/span>\n\t\t\t\t\t<\/span>\n\t\t\t\t\t<\/a>\n\t\t\t\t<\/div>\n\t\t\t\t\t\t\t\t<\/div>\n\t\t\t\t<\/div>\n\t\t\t\t\t<\/div>\n\t\t<\/div>\n\t\t\t\t\t<\/div>\n\t\t<\/section>\n\t\t\t\t<section class=\"elementor-section elementor-top-section elementor-element elementor-element-c812623 elementor-section-boxed elementor-section-height-default elementor-section-height-default\" data-id=\"c812623\" data-element_type=\"section\" data-e-type=\"section\">\n\t\t\t\t\t\t<div class=\"elementor-container elementor-column-gap-default\">\n\t\t\t\t\t<div class=\"elementor-column elementor-col-100 elementor-top-column elementor-element elementor-element-92dbc69\" data-id=\"92dbc69\" data-element_type=\"column\" data-e-type=\"column\">\n\t\t\t<div class=\"elementor-widget-wrap elementor-element-populated\">\n\t\t\t\t\t\t<div class=\"elementor-element elementor-element-733ed7c elementor-widget elementor-widget-text-editor\" data-id=\"733ed7c\" data-element_type=\"widget\" data-e-type=\"widget\" data-widget_type=\"text-editor.default\">\n\t\t\t\t<div class=\"elementor-widget-container\">\n\t\t\t\t\t\t\t\t\t<p>los\u00a0<strong>Chactas<\/strong> (D\u00f3nde <a href=\"https:\/\/mythslegendes.com\/es\/mitologia-choctaw\/\">Choctaws<\/a>) son una tribu nativa americana originaria del sureste de los Estados Unidos (Mississippi, <a href=\"https:\/\/mythslegendes.com\/es\/creek-seminole-mitologia\/\">Alabama<\/a> y <a href=\"https:\/\/mythslegendes.com\/es\/mythes-et-legendes-muskogeens-2136\/\">Luisiana<\/a>). aqu\u00ed est\u00e1 <a href=\"https:\/\/mythslegendes.com\/es\/\">leyenda<\/a> en ingl\u00e9s: Tashka y Walo.<\/p><p><img decoding=\"async\" class=\"alignnone wp-image-9347 size-full\" src=\"https:\/\/mythslegendes.com\/wp-content\/uploads\/2020\/09\/cropped-AlphaOmega-e1602613368367.png\" alt=\"Tashka y Walo\" width=\"25\" height=\"25\" title=\"\"><\/p>\t\t\t\t\t\t\t\t<\/div>\n\t\t\t\t<\/div>\n\t\t\t\t\t<\/div>\n\t\t<\/div>\n\t\t\t\t\t<\/div>\n\t\t<\/section>\n\t\t\t\t<section class=\"elementor-section elementor-top-section elementor-element elementor-element-c3ee998 elementor-section-boxed elementor-section-height-default elementor-section-height-default\" data-id=\"c3ee998\" data-element_type=\"section\" data-e-type=\"section\">\n\t\t\t\t\t\t<div class=\"elementor-container elementor-column-gap-default\">\n\t\t\t\t\t<div class=\"elementor-column elementor-col-100 elementor-top-column elementor-element elementor-element-e90d9eb\" data-id=\"e90d9eb\" data-element_type=\"column\" data-e-type=\"column\">\n\t\t\t<div class=\"elementor-widget-wrap elementor-element-populated\">\n\t\t\t\t\t\t<div class=\"elementor-element elementor-element-013a00f elementor-widget elementor-widget-heading\" data-id=\"013a00f\" data-element_type=\"widget\" data-e-type=\"widget\" data-widget_type=\"heading.default\">\n\t\t\t\t<div class=\"elementor-widget-container\">\n\t\t\t\t\t<div id=\"ez-toc-container\" class=\"ez-toc-v2_0_82_2 counter-hierarchy ez-toc-counter ez-toc-grey ez-toc-container-direction\">\n<div class=\"ez-toc-title-container\">\n<p class=\"ez-toc-title\" style=\"cursor:inherit\">Contenido<\/p>\n<span class=\"ez-toc-title-toggle\"><a href=\"#\" class=\"ez-toc-pull-right ez-toc-btn ez-toc-btn-xs ez-toc-btn-default ez-toc-toggle\" aria-label=\"Alternar tabla de contenidos\"><span class=\"ez-toc-js-icon-con\"><span class=\"\"><span class=\"eztoc-hide\" style=\"display:none;\">Palanca<\/span><span class=\"ez-toc-icon-toggle-span\"><svg style=\"fill: #999;color:#999\" xmlns=\"http:\/\/www.w3.org\/2000\/svg\" class=\"list-377408\" width=\"20px\" height=\"20px\" viewbox=\"0 0 24 24\" fill=\"none\"><path d=\"M6 6H4v2h2V6zm14 0H8v2h12V6zM4 11h2v2H4v-2zm16 0H8v2h12v-2zM4 16h2v2H4v-2zm16 0H8v2h12v-2z\" fill=\"currentColor\"><\/path><\/svg><svg style=\"fill: #999;color:#999\" class=\"arrow-unsorted-368013\" xmlns=\"http:\/\/www.w3.org\/2000\/svg\" width=\"10px\" height=\"10px\" viewbox=\"0 0 24 24\" version=\"1.2\" baseprofile=\"tiny\"><path d=\"M18.2 9.3l-6.2-6.3-6.2 6.3c-.2.2-.3.4-.3.7s.1.5.3.7c.2.2.4.3.7.3h11c.3 0 .5-.1.7-.3.2-.2.3-.5.3-.7s-.1-.5-.3-.7zM5.8 14.7l6.2 6.3 6.2-6.3c.2-.2.3-.5.3-.7s-.1-.5-.3-.7c-.2-.2-.4-.3-.7-.3h-11c-.3 0-.5.1-.7.3-.2.2-.3.5-.3.7s.1.5.3.7z\"\/><\/svg><\/span><\/span><\/span><\/a><\/span><\/div>\n<nav><ul class='ez-toc-list ez-toc-list-level-1' ><li class='ez-toc-page-1 ez-toc-heading-level-2'><a class=\"ez-toc-link ez-toc-heading-1\" href=\"https:\/\/mythslegendes.com\/es\/mitologia-choctaw\/tashka-y-walo\/#Tashka-et-Walo-brothers-who-followed-the-Sun\" >Tashka y Walo: hermanos que siguieron al Sol<\/a><\/li><\/ul><\/nav><\/div>\n<h2 class=\"elementor-heading-title elementor-size-default\"><span class=\"ez-toc-section\" id=\"Tashka-et-Walo-brothers-who-followed-the-Sun\"><\/span>Tashka y Walo: hermanos que siguieron al Sol<span class=\"ez-toc-section-end\"><\/span><\/h2>\t\t\t\t<\/div>\n\t\t\t\t<\/div>\n\t\t\t\t\t<\/div>\n\t\t<\/div>\n\t\t\t\t\t<\/div>\n\t\t<\/section>\n\t\t\t\t<section class=\"elementor-section elementor-top-section elementor-element elementor-element-1bb77bf elementor-section-boxed elementor-section-height-default elementor-section-height-default\" data-id=\"1bb77bf\" data-element_type=\"section\" data-e-type=\"section\">\n\t\t\t\t\t\t<div class=\"elementor-container elementor-column-gap-default\">\n\t\t\t\t\t<div class=\"elementor-column elementor-col-100 elementor-top-column elementor-element elementor-element-37d0c99\" data-id=\"37d0c99\" data-element_type=\"column\" data-e-type=\"column\">\n\t\t\t<div class=\"elementor-widget-wrap elementor-element-populated\">\n\t\t\t\t\t\t<div class=\"elementor-element elementor-element-c5c19a3 elementor-widget elementor-widget-text-editor\" data-id=\"c5c19a3\" data-element_type=\"widget\" data-e-type=\"widget\" data-widget_type=\"text-editor.default\">\n\t\t\t\t<div class=\"elementor-widget-container\">\n\t\t\t\t\t\t\t\t\t<p>Hace mucho, mucho tiempo dos j\u00f3venes hermanos, Tashka y Walo, decidieron que quer\u00edan seguir a Sun. Todas las ma\u00f1anas lo vieron subir por el borde de la tierra, pasar por encima de sus cabezas y morir al final del d\u00eda en el oeste.<\/p>\n<p>As\u00ed que esperaron hasta que Sun estuvo directamente sobre su cabeza y luego fueron tras \u00e9l. Al principio caminaron a paso ligero, pero al rato Tashka le dijo a Walo: &quot;El sol est\u00e1 demasiado lejos de nosotros. Debemos caminar m\u00e1s r\u00e1pido&quot;.<\/p>\n<p>Los hermanos aceleraron el paso, pero Sun se mantuvo delante de ellos.<\/p>\n<p>&quot;Debemos correr o nunca lo atraparemos&quot;, inst\u00f3 Tashka a su hermano.<\/p>\n<p>Empezaron a correr, pero esa noche cuando Sun muri\u00f3, los hermanos todav\u00eda estaban en su propio pa\u00eds.<\/p>\n<p>&quot;Lo atraparemos ma\u00f1ana&quot;, prometieron.<\/p>\n<p>Esa noche durmieron, y al d\u00eda siguiente, cuando el Sol estuvo de nuevo sobre sus cabezas, partieron una vez m\u00e1s para seguirlo. Los hermanos continuaron persiguiendo a Sun hasta que se convirtieron en hombres j\u00f3venes. Por fin llegaron a una gran masa de agua. La \u00fanica tierra era la orilla en la que estaban.<\/p>\n<p>Vieron morir a Sun, hundi\u00e9ndose en el agua. Pasaron sobre el agua y entraron con \u00e9l en la casa de Sun. La casa del Sol era la gran c\u00fapula del cielo.<\/p>\n<p>Alrededor de los hermanos estaban las estrellas y la Luna. Luna era una mujer, la esposa de Sol. Moon les dijo a los hermanos: &quot;\u00bfC\u00f3mo hab\u00e9is llegado hasta aqu\u00ed, tan lejos de casa?&quot;<\/p>\n<p>&quot;Hemos seguido a Sun en su viaje diario desde que \u00e9ramos ni\u00f1os&quot;.<\/p>\n<p>Entonces Sun dijo: &quot;\u00bfPor qu\u00e9 me has seguido? No es hora de que vengas aqu\u00ed&quot;.<\/p>\n<p>&quot;Quer\u00edamos ver a d\u00f3nde fuiste cuando moriste&quot;, respondieron los hermanos.<\/p>\n<p>Sun le habl\u00f3 a su esposa: &quot;Hierve agua y tr\u00e1emela en una olla&quot;. Sun meti\u00f3 a los j\u00f3venes en el agua hirviendo y los frot\u00f3 hasta que se les desprendi\u00f3 la piel.<\/p>\n<p>Entonces Sun dijo: &quot;Te devolver\u00e9 a tu hogar. Pero no debes hablar una palabra con nadie durante cuatro d\u00edas. Si hablas, vivir\u00e1s y prosperar\u00e1s.<\/p>\n<p>&quot;\u00bfConoces el camino a casa?&quot; Sol continu\u00f3.<\/p>\n<p>&quot;No&quot;, respondieron los hermanos.<\/p>\n<p>Entonces Sun los llev\u00f3 al borde del cielo, donde miraron hacia la tierra. &quot;No veo nuestra casa&quot;, dijo Tashka.<\/p>\n<p>&quot;Yo tampoco puedo verlo&quot;, dijo Walo.<\/p>\n<p>Sun llam\u00f3 a un buitre grande y coloc\u00f3 a los hermanos sobre su espalda. Buzzard se dirigi\u00f3 hacia la tierra. Los hermanos no tuvieron problemas para mantener su agarre en la espalda del p\u00e1jaro hasta que pasaron a las nubes. Soplaba un fuerte viento y Buzzard volaba; los hermanos se aferraron desesperadamente.<\/p>\n<p>Pero llegaron a la Tierra a salvo. Buzzard los dej\u00f3 en los \u00e1rboles cerca de su casa.<\/p>\n<p>Los hermanos descansaban bajo los \u00e1rboles, recuper\u00e1ndose de su aterrador viaje, cuando un anciano pas\u00f3 y los reconoci\u00f3. Sin embargo, no les habl\u00f3, sino que sigui\u00f3 por el camino hasta que se encontr\u00f3 con la madre de los hermanos. &quot;Tus muchachos han regresado&quot;, dijo. Pero ahora son hombres.<\/p>\n<p>La madre corri\u00f3 hacia Tashka y Walo. Quer\u00eda saber d\u00f3nde hab\u00edan estado y qu\u00e9 les hab\u00eda pasado. Al principio no contestaron, por lo que dijo Sun de no hablar durante cuatro d\u00edas.<\/p>\n<p>La madre se preocup\u00f3 porque hab\u00eda obligado a sus hijos a hablar. Pero ella los llev\u00f3 a su casa, y entraron todos los vecinos. Los hermanos contaron todo lo que hab\u00edan visto y hecho durante los a\u00f1os que siguieron a Sun.<\/p>\n<p>Cuando hubieron contado todo, murieron y subieron al gran cielo para quedarse para siempre.<\/p>\t\t\t\t\t\t\t\t<\/div>\n\t\t\t\t<\/div>\n\t\t\t\t\t<\/div>\n\t\t<\/div>\n\t\t\t\t\t<\/div>\n\t\t<\/section>\n\t\t\t\t<\/div>","protected":false},"excerpt":{"rendered":"<p>Mitolog\u00eda Choctaw-Chickasaw Wiki Los Chactas (o Choctaws) son una tribu nativa americana del sureste de los Estados Unidos (Mississippi, Alabama y Louisiana). Aqu\u00ed est\u00e1 \u2026 <\/p>","protected":false},"author":1,"featured_media":0,"parent":3702,"menu_order":0,"comment_status":"closed","ping_status":"closed","template":"","meta":{"footnotes":""},"class_list":["post-23963","page","type-page","status-publish","hentry"],"amp_enabled":true,"_links":{"self":[{"href":"https:\/\/mythslegendes.com\/es\/wp-json\/wp\/v2\/pages\/23963","targetHints":{"allow":["GET"]}}],"collection":[{"href":"https:\/\/mythslegendes.com\/es\/wp-json\/wp\/v2\/pages"}],"about":[{"href":"https:\/\/mythslegendes.com\/es\/wp-json\/wp\/v2\/types\/page"}],"author":[{"embeddable":true,"href":"https:\/\/mythslegendes.com\/es\/wp-json\/wp\/v2\/users\/1"}],"replies":[{"embeddable":true,"href":"https:\/\/mythslegendes.com\/es\/wp-json\/wp\/v2\/comments?post=23963"}],"version-history":[{"count":3,"href":"https:\/\/mythslegendes.com\/es\/wp-json\/wp\/v2\/pages\/23963\/revisions"}],"predecessor-version":[{"id":23970,"href":"https:\/\/mythslegendes.com\/es\/wp-json\/wp\/v2\/pages\/23963\/revisions\/23970"}],"up":[{"embeddable":true,"href":"https:\/\/mythslegendes.com\/es\/wp-json\/wp\/v2\/pages\/3702"}],"wp:attachment":[{"href":"https:\/\/mythslegendes.com\/es\/wp-json\/wp\/v2\/media?parent=23963"}],"curies":[{"name":"wp","href":"https:\/\/api.w.org\/{rel}","templated":true}]}}