{"id":23971,"date":"2022-10-16T21:17:58","date_gmt":"2022-10-16T21:17:58","guid":{"rendered":"https:\/\/mythslegendes.com\/?page_id=23971"},"modified":"2022-10-16T21:21:01","modified_gmt":"2022-10-16T21:21:01","slug":"mais-choctaw","status":"publish","type":"page","link":"https:\/\/mythslegendes.com\/es\/mitologia-choctaw\/pero-choctaw\/","title":{"rendered":"Ma\u00edz Choctaw"},"content":{"rendered":"<div data-elementor-type=\"wp-page\" data-elementor-id=\"23971\" class=\"elementor elementor-23971\">\n\t\t\t\t\t\t<section class=\"elementor-section elementor-top-section elementor-element elementor-element-1e390fc elementor-section-boxed elementor-section-height-default elementor-section-height-default\" data-id=\"1e390fc\" data-element_type=\"section\" data-e-type=\"section\">\n\t\t\t\t\t\t<div class=\"elementor-container elementor-column-gap-default\">\n\t\t\t\t\t<div class=\"elementor-column elementor-col-50 elementor-top-column elementor-element elementor-element-4a73626\" data-id=\"4a73626\" data-element_type=\"column\" data-e-type=\"column\">\n\t\t\t<div class=\"elementor-widget-wrap elementor-element-populated\">\n\t\t\t\t\t\t<div class=\"elementor-element elementor-element-a911614 elementor-align-justify elementor-widget elementor-widget-button\" data-id=\"a911614\" data-element_type=\"widget\" data-e-type=\"widget\" data-widget_type=\"button.default\">\n\t\t\t\t<div class=\"elementor-widget-container\">\n\t\t\t\t\t\t\t\t\t<div class=\"elementor-button-wrapper\">\n\t\t\t\t\t<a class=\"elementor-button elementor-button-link elementor-size-sm\" href=\"https:\/\/mythslegendes.com\/es\/mitologia-choctaw\/\">\n\t\t\t\t\t\t<span class=\"elementor-button-content-wrapper\">\n\t\t\t\t\t\t\t\t\t<span class=\"elementor-button-text\">Mitolog\u00eda Choctaw-Chickasaw<\/span>\n\t\t\t\t\t<\/span>\n\t\t\t\t\t<\/a>\n\t\t\t\t<\/div>\n\t\t\t\t\t\t\t\t<\/div>\n\t\t\t\t<\/div>\n\t\t\t\t\t<\/div>\n\t\t<\/div>\n\t\t\t\t<div class=\"elementor-column elementor-col-50 elementor-top-column elementor-element elementor-element-8a64b91\" data-id=\"8a64b91\" data-element_type=\"column\" data-e-type=\"column\">\n\t\t\t<div class=\"elementor-widget-wrap elementor-element-populated\">\n\t\t\t\t\t\t<div class=\"elementor-element elementor-element-8881734 elementor-align-justify elementor-widget elementor-widget-button\" data-id=\"8881734\" data-element_type=\"widget\" data-e-type=\"widget\" data-widget_type=\"button.default\">\n\t\t\t\t<div class=\"elementor-widget-container\">\n\t\t\t\t\t\t\t\t\t<div class=\"elementor-button-wrapper\">\n\t\t\t\t\t<a class=\"elementor-button elementor-button-link elementor-size-sm\" href=\"https:\/\/www.firstpeople.us\/FP-Html-Legends\/ChoctawCornLegend-Choctaw.html\" target=\"_blank\" rel=\"noopener\">\n\t\t\t\t\t\t<span class=\"elementor-button-content-wrapper\">\n\t\t\t\t\t\t\t\t\t<span class=\"elementor-button-text\">Wiki<\/span>\n\t\t\t\t\t<\/span>\n\t\t\t\t\t<\/a>\n\t\t\t\t<\/div>\n\t\t\t\t\t\t\t\t<\/div>\n\t\t\t\t<\/div>\n\t\t\t\t\t<\/div>\n\t\t<\/div>\n\t\t\t\t\t<\/div>\n\t\t<\/section>\n\t\t\t\t<section class=\"elementor-section elementor-top-section elementor-element elementor-element-a081946 elementor-section-boxed elementor-section-height-default elementor-section-height-default\" data-id=\"a081946\" data-element_type=\"section\" data-e-type=\"section\">\n\t\t\t\t\t\t<div class=\"elementor-container elementor-column-gap-default\">\n\t\t\t\t\t<div class=\"elementor-column elementor-col-100 elementor-top-column elementor-element elementor-element-3ffba3e\" data-id=\"3ffba3e\" data-element_type=\"column\" data-e-type=\"column\">\n\t\t\t<div class=\"elementor-widget-wrap elementor-element-populated\">\n\t\t\t\t\t\t<div class=\"elementor-element elementor-element-c54b382 elementor-widget elementor-widget-text-editor\" data-id=\"c54b382\" data-element_type=\"widget\" data-e-type=\"widget\" data-widget_type=\"text-editor.default\">\n\t\t\t\t<div class=\"elementor-widget-container\">\n\t\t\t\t\t\t\t\t\t<p>los\u00a0<strong>Chactas<\/strong> (D\u00f3nde <a href=\"https:\/\/mythslegendes.com\/es\/mitologia-choctaw\/\">Choctaws<\/a>) son una tribu nativa americana originaria del sureste de los Estados Unidos (Mississippi, <a href=\"https:\/\/mythslegendes.com\/es\/creek-seminole-mitologia\/\">Alabama<\/a> y <a href=\"https:\/\/mythslegendes.com\/es\/mythes-et-legendes-muskogeens-2136\/\">Luisiana<\/a>). aqu\u00ed est\u00e1 <a href=\"https:\/\/mythslegendes.com\/es\/\">leyenda<\/a> en ma\u00edz ingl\u00e9s <a href=\"https:\/\/mythslegendes.com\/es\/mitologia-choctaw\/\">Choctaw<\/a>.<\/p><p><img decoding=\"async\" class=\"alignnone wp-image-9347 size-full\" src=\"https:\/\/mythslegendes.com\/wp-content\/uploads\/2020\/09\/cropped-AlphaOmega-e1602613368367.png\" alt=\"ma\u00edz choctaw\" width=\"25\" height=\"25\" title=\"\"><\/p>\t\t\t\t\t\t\t\t<\/div>\n\t\t\t\t<\/div>\n\t\t\t\t\t<\/div>\n\t\t<\/div>\n\t\t\t\t\t<\/div>\n\t\t<\/section>\n\t\t\t\t<section class=\"elementor-section elementor-top-section elementor-element elementor-element-1e47fbd elementor-section-boxed elementor-section-height-default elementor-section-height-default\" data-id=\"1e47fbd\" data-element_type=\"section\" data-e-type=\"section\">\n\t\t\t\t\t\t<div class=\"elementor-container elementor-column-gap-default\">\n\t\t\t\t\t<div class=\"elementor-column elementor-col-100 elementor-top-column elementor-element elementor-element-00d66e5\" data-id=\"00d66e5\" data-element_type=\"column\" data-e-type=\"column\">\n\t\t\t<div class=\"elementor-widget-wrap elementor-element-populated\">\n\t\t\t\t\t\t<div class=\"elementor-element elementor-element-402742b elementor-widget elementor-widget-heading\" data-id=\"402742b\" data-element_type=\"widget\" data-e-type=\"widget\" data-widget_type=\"heading.default\">\n\t\t\t\t<div class=\"elementor-widget-container\">\n\t\t\t\t\t<div id=\"ez-toc-container\" class=\"ez-toc-v2_0_82_2 counter-hierarchy ez-toc-counter ez-toc-grey ez-toc-container-direction\">\n<div class=\"ez-toc-title-container\">\n<p class=\"ez-toc-title\" style=\"cursor:inherit\">Contenido<\/p>\n<span class=\"ez-toc-title-toggle\"><a href=\"#\" class=\"ez-toc-pull-right ez-toc-btn ez-toc-btn-xs ez-toc-btn-default ez-toc-toggle\" aria-label=\"Alternar tabla de contenidos\"><span class=\"ez-toc-js-icon-con\"><span class=\"\"><span class=\"eztoc-hide\" style=\"display:none;\">Palanca<\/span><span class=\"ez-toc-icon-toggle-span\"><svg style=\"fill: #999;color:#999\" xmlns=\"http:\/\/www.w3.org\/2000\/svg\" class=\"list-377408\" width=\"20px\" height=\"20px\" viewbox=\"0 0 24 24\" fill=\"none\"><path d=\"M6 6H4v2h2V6zm14 0H8v2h12V6zM4 11h2v2H4v-2zm16 0H8v2h12v-2zM4 16h2v2H4v-2zm16 0H8v2h12v-2z\" fill=\"currentColor\"><\/path><\/svg><svg style=\"fill: #999;color:#999\" class=\"arrow-unsorted-368013\" xmlns=\"http:\/\/www.w3.org\/2000\/svg\" width=\"10px\" height=\"10px\" viewbox=\"0 0 24 24\" version=\"1.2\" baseprofile=\"tiny\"><path d=\"M18.2 9.3l-6.2-6.3-6.2 6.3c-.2.2-.3.4-.3.7s.1.5.3.7c.2.2.4.3.7.3h11c.3 0 .5-.1.7-.3.2-.2.3-.5.3-.7s-.1-.5-.3-.7zM5.8 14.7l6.2 6.3 6.2-6.3c.2-.2.3-.5.3-.7s-.1-.5-.3-.7c-.2-.2-.4-.3-.7-.3h-11c-.3 0-.5.1-.7.3-.2.2-.3.5-.3.7s.1.5.3.7z\"\/><\/svg><\/span><\/span><\/span><\/a><\/span><\/div>\n<nav><ul class='ez-toc-list ez-toc-list-level-1' ><li class='ez-toc-page-1 ez-toc-heading-level-2'><a class=\"ez-toc-link ez-toc-heading-1\" href=\"https:\/\/mythslegendes.com\/es\/mitologia-choctaw\/pero-choctaw\/#La-legende-du-Mais-Choctaw\" >La leyenda del ma\u00edz Choctaw<\/a><\/li><\/ul><\/nav><\/div>\n<h2 class=\"elementor-heading-title elementor-size-default\"><span class=\"ez-toc-section\" id=\"La-legende-du-Mais-Choctaw\"><\/span>La leyenda del ma\u00edz Choctaw<span class=\"ez-toc-section-end\"><\/span><\/h2>\t\t\t\t<\/div>\n\t\t\t\t<\/div>\n\t\t\t\t\t<\/div>\n\t\t<\/div>\n\t\t\t\t\t<\/div>\n\t\t<\/section>\n\t\t\t\t<section class=\"elementor-section elementor-top-section elementor-element elementor-element-5910558 elementor-section-boxed elementor-section-height-default elementor-section-height-default\" data-id=\"5910558\" data-element_type=\"section\" data-e-type=\"section\">\n\t\t\t\t\t\t<div class=\"elementor-container elementor-column-gap-default\">\n\t\t\t\t\t<div class=\"elementor-column elementor-col-100 elementor-top-column elementor-element elementor-element-c23fde8\" data-id=\"c23fde8\" data-element_type=\"column\" data-e-type=\"column\">\n\t\t\t<div class=\"elementor-widget-wrap elementor-element-populated\">\n\t\t\t\t\t\t<div class=\"elementor-element elementor-element-4384b31 elementor-widget elementor-widget-text-editor\" data-id=\"4384b31\" data-element_type=\"widget\" data-e-type=\"widget\" data-widget_type=\"text-editor.default\">\n\t\t\t\t<div class=\"elementor-widget-container\">\n\t\t\t\t\t\t\t\t\t<p>El origen del ma\u00edz est\u00e1 relacionado con un mito llamado por Cushman el<br \/>cuento de Ohoyo Osh Chisba \u201cLa Mujer Desconocida\u201d. \u00bb Con Cushman<br \/>En el entorno emocional habitual, esto se desarrolla de la siguiente manera:<\/p><p>En los d\u00edas de hace muchas lunas, dos cazadores choctaw acamparon<br \/>para pasar la noche en los pantanos del recodo del r\u00edo Alabama\u2026.<br \/>Los dos cazadores, al no haber tenido \u00e9xito en la persecuci\u00f3n de aquel y<br \/>el d\u00eda anterior, se encontraron esa noche sin nada con qu\u00e9<br \/>que satisfacer las ansias del hambre excepto un halc\u00f3n negro que<br \/>hab\u00edan disparado con una flecha.<\/p><p>Reflexiones tristes llenaron sus corazones al pensar en su triste<br \/>decepciones y de sus familias que sufren en casa. Mientras que la<br \/>sombr\u00edo futuro extendi\u00f3 sobre ellos su oscuro manto de desaliento, todo<br \/>sirviendo para hacerlos infelices de hecho.<\/p><p>Cocinaron el halc\u00f3n y se sentaron a compartir su pobre y<br \/>escasa cena, cuando su atenci\u00f3n fue desviada de su l\u00fagubre<br \/>presentimiento por los tonos bajos pero distintos, extra\u00f1os pero suaves y<br \/>quejumbrosas como las notas melanc\u00f3licas de la paloma, pero producidas por lo que<br \/>Ni siquiera pudieron hacer conjeturas.<\/p><p>En diferentes intervalos rompi\u00f3 el profundo silencio de la madrugada.<br \/>con sus notas de aflicci\u00f3n aparentemente amortiguadas; y casi lleno<br \/>La luna ascendi\u00f3 lentamente por el cielo del este, los sonidos extra\u00f1os se hicieron m\u00e1s<br \/>frecuentes y distintos.<\/p><p>Con los ojos dilatados y el coraz\u00f3n palpitante miraban de arriba abajo<br \/>el r\u00edo para saber de d\u00f3nde proced\u00edan los sonidos, pero ning\u00fan objeto excepto<br \/>las orillas arenosas que brillaban a la luz de la luna saludaron sus ojos,<br \/>mientras las oscuras aguas del r\u00edo parec\u00edan solas dar respuesta<br \/>en tonos murmurantes a las extra\u00f1as notas que segu\u00edan flotando<br \/>en el aire de la noche desde una direcci\u00f3n que no pod\u00edan localizar con certeza;<\/p><p>pero casualmente mira detr\u00e1s de ellos en la direcci\u00f3n opuesta a la<br \/>luna vieron a una mujer de maravillosa belleza parada sobre un mont\u00edculo<br \/>unas cuantas varas distantes.<\/p><p>Como una sombra iluminada, ella hab\u00eda aparecido de repente fuera de la<br \/>bosque iluminado por la luna. Estaba vestida holgada con ropas blancas como la nieve,<br \/>y llevaba entre los pliegues de sus ropajes una corona de flores fragantes.<br \/>Les hizo se\u00f1as para que se acercaran, mientras ella parec\u00eda rodeada por un<br \/>halo de luz que le daba una apariencia sobrenatural.<\/p><p>Su imaginaci\u00f3n ahora los influy\u00f3 a creer que ella era la<br \/>Gran Esp\u00edritu de su naci\u00f3n, y que las flores que llevaba eran<br \/>representantes de seres queridos que hab\u00edan pasado de la tierra para florecer<br \/>en la Tierra de los Esp\u00edritus...<\/p><p>El misterio qued\u00f3 resuelto. Inmediatamente se acercaron (al lugar) donde<br \/>ella se puso de pie y les ofreci\u00f3 su ayuda en cualquier forma que pudieran<br \/>de servicio para ella. Ella respondi\u00f3 que ten\u00eda mucha hambre, a lo que uno<br \/>Uno de ellos corri\u00f3 y trajo el halc\u00f3n asado y se lo entreg\u00f3.<\/p><p>Ella lo acept\u00f3 con agradecimiento; pero, despu\u00e9s de comer un peque\u00f1o<br \/>parte, ella les devolvi\u00f3 el resto respondiendo que<br \/>ella recordar\u00eda su amabilidad cuando regresara a su casa<br \/>en los felices terrenos de caza de su padre, que era Shilup Chitoh<br \/>Osh \u2013 El Gran Esp\u00edritu de los Choctaws. Entonces ella les dijo que<br \/>cuando llegue la pr\u00f3xima luna de verano, deber\u00e1n encontrarse con ella en<br \/>el mont\u00edculo sobre el que ella estaba entonces parada.<\/p><p>Luego se despidi\u00f3 afectuosamente de ellos y al instante fue llevada.<br \/>lejos con una suave brisa y, misteriosamente a medida que llegaba, as\u00ed<br \/>desapareci\u00f3. Los dos cazadores regresaron a su campamento para pasar la noche.<br \/>y temprano a la ma\u00f1ana siguiente buscaron sus hogares, pero mantuvieron el extra\u00f1o<br \/>incidente para ellos mismos, un profundo secreto.<\/p><p>Cuando lleg\u00f3 la hora designada alrededor de la luna llena de mediados de verano<br \/>Encontr\u00f3 a los dos cazadores al pie del mont\u00edculo, pero Ohoyo Chishba<br \/>Osh no estaba a la vista. Luego, recordando que ella les dijo que<br \/>deb\u00eda llegar al mismo lugar donde ella estaba entonces parada, ellos en<br \/>Una vez sub\u00ed al mont\u00edculo y lo encontr\u00e9 cubierto de una extra\u00f1a planta,<br \/>que produjo un alimento excelente, que fue cultivado para siempre<br \/>por los Choctaws, y ellos lo llamaron Tunchi (ma\u00edz).<\/p>\t\t\t\t\t\t\t\t<\/div>\n\t\t\t\t<\/div>\n\t\t\t\t\t<\/div>\n\t\t<\/div>\n\t\t\t\t\t<\/div>\n\t\t<\/section>\n\t\t\t\t<\/div>","protected":false},"excerpt":{"rendered":"<p>Mitolog\u00eda Choctaw-Chickasaw Wiki Los Chactas (o Choctaws) son una tribu nativa americana del sureste de los Estados Unidos (Mississippi, Alabama y Louisiana). Aqu\u00ed est\u00e1 \u2026 <\/p>","protected":false},"author":1,"featured_media":0,"parent":3702,"menu_order":0,"comment_status":"closed","ping_status":"closed","template":"","meta":{"footnotes":""},"class_list":["post-23971","page","type-page","status-publish","hentry"],"amp_enabled":true,"_links":{"self":[{"href":"https:\/\/mythslegendes.com\/es\/wp-json\/wp\/v2\/pages\/23971","targetHints":{"allow":["GET"]}}],"collection":[{"href":"https:\/\/mythslegendes.com\/es\/wp-json\/wp\/v2\/pages"}],"about":[{"href":"https:\/\/mythslegendes.com\/es\/wp-json\/wp\/v2\/types\/page"}],"author":[{"embeddable":true,"href":"https:\/\/mythslegendes.com\/es\/wp-json\/wp\/v2\/users\/1"}],"replies":[{"embeddable":true,"href":"https:\/\/mythslegendes.com\/es\/wp-json\/wp\/v2\/comments?post=23971"}],"version-history":[{"count":3,"href":"https:\/\/mythslegendes.com\/es\/wp-json\/wp\/v2\/pages\/23971\/revisions"}],"predecessor-version":[{"id":23978,"href":"https:\/\/mythslegendes.com\/es\/wp-json\/wp\/v2\/pages\/23971\/revisions\/23978"}],"up":[{"embeddable":true,"href":"https:\/\/mythslegendes.com\/es\/wp-json\/wp\/v2\/pages\/3702"}],"wp:attachment":[{"href":"https:\/\/mythslegendes.com\/es\/wp-json\/wp\/v2\/media?parent=23971"}],"curies":[{"name":"wp","href":"https:\/\/api.w.org\/{rel}","templated":true}]}}