{"id":23979,"date":"2022-10-16T21:21:55","date_gmt":"2022-10-16T21:21:55","guid":{"rendered":"https:\/\/mythslegendes.com\/?page_id=23979"},"modified":"2022-10-16T21:25:21","modified_gmt":"2022-10-16T21:25:21","slug":"black-squirrel-choctaw","status":"publish","type":"page","link":"https:\/\/mythslegendes.com\/es\/mitologia-choctaw\/choctaw-de-ardilla-negra\/","title":{"rendered":"Choctaw de ardilla negra"},"content":{"rendered":"<div data-elementor-type=\"wp-page\" data-elementor-id=\"23979\" class=\"elementor elementor-23979\">\n\t\t\t\t\t\t<section class=\"elementor-section elementor-top-section elementor-element elementor-element-61d0e23 elementor-section-boxed elementor-section-height-default elementor-section-height-default\" data-id=\"61d0e23\" data-element_type=\"section\" data-e-type=\"section\">\n\t\t\t\t\t\t<div class=\"elementor-container elementor-column-gap-default\">\n\t\t\t\t\t<div class=\"elementor-column elementor-col-50 elementor-top-column elementor-element elementor-element-2c08da6\" data-id=\"2c08da6\" data-element_type=\"column\" data-e-type=\"column\">\n\t\t\t<div class=\"elementor-widget-wrap elementor-element-populated\">\n\t\t\t\t\t\t<div class=\"elementor-element elementor-element-8c5a242 elementor-align-justify elementor-widget elementor-widget-button\" data-id=\"8c5a242\" data-element_type=\"widget\" data-e-type=\"widget\" data-widget_type=\"button.default\">\n\t\t\t\t<div class=\"elementor-widget-container\">\n\t\t\t\t\t\t\t\t\t<div class=\"elementor-button-wrapper\">\n\t\t\t\t\t<a class=\"elementor-button elementor-button-link elementor-size-sm\" href=\"https:\/\/mythslegendes.com\/es\/mitologia-choctaw\/\">\n\t\t\t\t\t\t<span class=\"elementor-button-content-wrapper\">\n\t\t\t\t\t\t\t\t\t<span class=\"elementor-button-text\">Mitolog\u00eda Choctaw-Chickasaw<\/span>\n\t\t\t\t\t<\/span>\n\t\t\t\t\t<\/a>\n\t\t\t\t<\/div>\n\t\t\t\t\t\t\t\t<\/div>\n\t\t\t\t<\/div>\n\t\t\t\t\t<\/div>\n\t\t<\/div>\n\t\t\t\t<div class=\"elementor-column elementor-col-50 elementor-top-column elementor-element elementor-element-4aea8a8\" data-id=\"4aea8a8\" data-element_type=\"column\" data-e-type=\"column\">\n\t\t\t<div class=\"elementor-widget-wrap elementor-element-populated\">\n\t\t\t\t\t\t<div class=\"elementor-element elementor-element-35efb10 elementor-align-justify elementor-widget elementor-widget-button\" data-id=\"35efb10\" data-element_type=\"widget\" data-e-type=\"widget\" data-widget_type=\"button.default\">\n\t\t\t\t<div class=\"elementor-widget-container\">\n\t\t\t\t\t\t\t\t\t<div class=\"elementor-button-wrapper\">\n\t\t\t\t\t<a class=\"elementor-button elementor-button-link elementor-size-sm\" href=\"https:\/\/www.firstpeople.us\/FP-Html-Legends\/EclipseOfTheSunBlamedOnBlackSquirrel-Choctaw.html\" target=\"_blank\" rel=\"noopener\">\n\t\t\t\t\t\t<span class=\"elementor-button-content-wrapper\">\n\t\t\t\t\t\t\t\t\t<span class=\"elementor-button-text\">Wiki<\/span>\n\t\t\t\t\t<\/span>\n\t\t\t\t\t<\/a>\n\t\t\t\t<\/div>\n\t\t\t\t\t\t\t\t<\/div>\n\t\t\t\t<\/div>\n\t\t\t\t\t<\/div>\n\t\t<\/div>\n\t\t\t\t\t<\/div>\n\t\t<\/section>\n\t\t\t\t<section class=\"elementor-section elementor-top-section elementor-element elementor-element-9bf680c elementor-section-boxed elementor-section-height-default elementor-section-height-default\" data-id=\"9bf680c\" data-element_type=\"section\" data-e-type=\"section\">\n\t\t\t\t\t\t<div class=\"elementor-container elementor-column-gap-default\">\n\t\t\t\t\t<div class=\"elementor-column elementor-col-100 elementor-top-column elementor-element elementor-element-146b668\" data-id=\"146b668\" data-element_type=\"column\" data-e-type=\"column\">\n\t\t\t<div class=\"elementor-widget-wrap elementor-element-populated\">\n\t\t\t\t\t\t<div class=\"elementor-element elementor-element-c5f0c54 elementor-widget elementor-widget-text-editor\" data-id=\"c5f0c54\" data-element_type=\"widget\" data-e-type=\"widget\" data-widget_type=\"text-editor.default\">\n\t\t\t\t<div class=\"elementor-widget-container\">\n\t\t\t\t\t\t\t\t\t<p>los\u00a0<strong>Chactas<\/strong> (D\u00f3nde <a href=\"https:\/\/mythslegendes.com\/es\/mitologia-choctaw\/\">Choctaws<\/a>) son una tribu nativa americana originaria del sureste de los Estados Unidos (Mississippi, <a href=\"https:\/\/mythslegendes.com\/es\/creek-seminole-mitologia\/\">Alabama<\/a> y <a href=\"https:\/\/mythslegendes.com\/es\/mythes-et-legendes-muskogeens-2136\/\">Luisiana<\/a>). aqu\u00ed est\u00e1 <a href=\"https:\/\/mythslegendes.com\/es\/\">leyenda<\/a> en espa\u00f1ol: Eclipse of the Sun atribuido a Black Squirrel<\/p><p><img decoding=\"async\" class=\"alignnone wp-image-9347 size-full\" src=\"https:\/\/mythslegendes.com\/wp-content\/uploads\/2020\/09\/cropped-AlphaOmega-e1602613368367.png\" alt=\"Eclipse de Sol atribuido a Ardilla Negra\" width=\"25\" height=\"25\" title=\"\"><\/p>\t\t\t\t\t\t\t\t<\/div>\n\t\t\t\t<\/div>\n\t\t\t\t\t<\/div>\n\t\t<\/div>\n\t\t\t\t\t<\/div>\n\t\t<\/section>\n\t\t\t\t<section class=\"elementor-section elementor-top-section elementor-element elementor-element-f9ef99a elementor-section-boxed elementor-section-height-default elementor-section-height-default\" data-id=\"f9ef99a\" data-element_type=\"section\" data-e-type=\"section\">\n\t\t\t\t\t\t<div class=\"elementor-container elementor-column-gap-default\">\n\t\t\t\t\t<div class=\"elementor-column elementor-col-100 elementor-top-column elementor-element elementor-element-30a99a4\" data-id=\"30a99a4\" data-element_type=\"column\" data-e-type=\"column\">\n\t\t\t<div class=\"elementor-widget-wrap elementor-element-populated\">\n\t\t\t\t\t\t<div class=\"elementor-element elementor-element-2a33d1c elementor-widget elementor-widget-heading\" data-id=\"2a33d1c\" data-element_type=\"widget\" data-e-type=\"widget\" data-widget_type=\"heading.default\">\n\t\t\t\t<div class=\"elementor-widget-container\">\n\t\t\t\t\t<div id=\"ez-toc-container\" class=\"ez-toc-v2_0_82_2 counter-hierarchy ez-toc-counter ez-toc-grey ez-toc-container-direction\">\n<div class=\"ez-toc-title-container\">\n<p class=\"ez-toc-title\" style=\"cursor:inherit\">Contenido<\/p>\n<span class=\"ez-toc-title-toggle\"><a href=\"#\" class=\"ez-toc-pull-right ez-toc-btn ez-toc-btn-xs ez-toc-btn-default ez-toc-toggle\" aria-label=\"Alternar tabla de contenidos\"><span class=\"ez-toc-js-icon-con\"><span class=\"\"><span class=\"eztoc-hide\" style=\"display:none;\">Palanca<\/span><span class=\"ez-toc-icon-toggle-span\"><svg style=\"fill: #999;color:#999\" xmlns=\"http:\/\/www.w3.org\/2000\/svg\" class=\"list-377408\" width=\"20px\" height=\"20px\" viewbox=\"0 0 24 24\" fill=\"none\"><path d=\"M6 6H4v2h2V6zm14 0H8v2h12V6zM4 11h2v2H4v-2zm16 0H8v2h12v-2zM4 16h2v2H4v-2zm16 0H8v2h12v-2z\" fill=\"currentColor\"><\/path><\/svg><svg style=\"fill: #999;color:#999\" class=\"arrow-unsorted-368013\" xmlns=\"http:\/\/www.w3.org\/2000\/svg\" width=\"10px\" height=\"10px\" viewbox=\"0 0 24 24\" version=\"1.2\" baseprofile=\"tiny\"><path d=\"M18.2 9.3l-6.2-6.3-6.2 6.3c-.2.2-.3.4-.3.7s.1.5.3.7c.2.2.4.3.7.3h11c.3 0 .5-.1.7-.3.2-.2.3-.5.3-.7s-.1-.5-.3-.7zM5.8 14.7l6.2 6.3 6.2-6.3c.2-.2.3-.5.3-.7s-.1-.5-.3-.7c-.2-.2-.4-.3-.7-.3h-11c-.3 0-.5.1-.7.3-.2.2-.3.5-.3.7s.1.5.3.7z\"\/><\/svg><\/span><\/span><\/span><\/a><\/span><\/div>\n<nav><ul class='ez-toc-list ez-toc-list-level-1' ><li class='ez-toc-page-1 ez-toc-heading-level-2'><a class=\"ez-toc-link ez-toc-heading-1\" href=\"https:\/\/mythslegendes.com\/es\/mitologia-choctaw\/choctaw-de-ardilla-negra\/#Eclipse-of-the-Sun-blamed-on-Black-Squirrel\" >Eclipse de Sol atribuido a Ardilla Negra<\/a><\/li><\/ul><\/nav><\/div>\n<h2 class=\"elementor-heading-title elementor-size-default\"><span class=\"ez-toc-section\" id=\"Eclipse-of-the-Sun-blamed-on-Black-Squirrel\"><\/span>Eclipse de Sol atribuido a Ardilla Negra<span class=\"ez-toc-section-end\"><\/span><\/h2>\t\t\t\t<\/div>\n\t\t\t\t<\/div>\n\t\t\t\t\t<\/div>\n\t\t<\/div>\n\t\t\t\t\t<\/div>\n\t\t<\/section>\n\t\t\t\t<section class=\"elementor-section elementor-top-section elementor-element elementor-element-55df770 elementor-section-boxed elementor-section-height-default elementor-section-height-default\" data-id=\"55df770\" data-element_type=\"section\" data-e-type=\"section\">\n\t\t\t\t\t\t<div class=\"elementor-container elementor-column-gap-default\">\n\t\t\t\t\t<div class=\"elementor-column elementor-col-100 elementor-top-column elementor-element elementor-element-d0be7af\" data-id=\"d0be7af\" data-element_type=\"column\" data-e-type=\"column\">\n\t\t\t<div class=\"elementor-widget-wrap elementor-element-populated\">\n\t\t\t\t\t\t<div class=\"elementor-element elementor-element-5a8262b elementor-widget elementor-widget-text-editor\" data-id=\"5a8262b\" data-element_type=\"widget\" data-e-type=\"widget\" data-widget_type=\"text-editor.default\">\n\t\t\t\t<div class=\"elementor-widget-container\">\n\t\t\t\t\t\t\t\t\t<p>En <a href=\"https:\/\/mythslegendes.com\/es\/mitologia-choctaw\/\">Choctaw<\/a> En la historia, los eclipses solares se atribuyeron a las ardillas negras,<br \/>o una ardilla negra, supuestamente devorando la luminaria, y ellos<br \/>debe ser ahuyentado si la humanidad todav\u00eda quiere disfrutar del calor y la luz. Cushman dice:<\/p><p>Los Choctaw\u2026 atribuyeron un eclipse de sol a una ardilla negra,<br \/>cuyas excentricidades a menudo la conduc\u00edan a hacer travesuras y, entre otras<br \/>cosas, la de tratar de comerse el sol a diferentes intervalos.<br \/>Cuando estaban as\u00ed inclinados, cre\u00edan, lo cual fue confirmado por una larga experiencia,<br \/>que el \u00fanico medio eficaz para prevenir una cat\u00e1strofe tan temible<br \/>aconteciendo al mundo como el borramiento de esa luminaria indispensable,<br \/>era favorecer al peque\u00f1o epic\u00fareo negro con un susto de primera clase;<\/p><p>por lo tanto, cada vez que manifestaba una inclinaci\u00f3n a entregarse a una<br \/>comida en el sol, todos los ingenios fueron llamados a la requisici\u00f3n para<br \/>darle un verdadero susto para que sea inducido, al menos,<br \/>para posponer su comida en el sol en ese momento particular y buscar<br \/>un almuerzo en otro lugar.\u00a0<\/p><p>Tan pronto, por lo tanto, como el sol comenz\u00f3 a dibujar<br \/>su velo lunar sobre su rostro, el grito se o\u00eda desde todos los montes<br \/>desde el Dan hasta Beerseba de su entonces extenso territorio,<br \/>resonando de colina a valle, &quot;\u00a1Funi lusa hushi umpa!&quot; funi lusa<br \/>hushi umpa\u201d, seg\u00fan nuestra fraseolog\u00eda, la ardilla negra<br \/>se come el sol! En ese momento se oy\u00f3 un ruido de tumulto por<br \/>d\u00eda en la Naci\u00f3n Choctaw por espacio de una o dos horas.\u00a0<\/p><p>Muy por encima de lo que se dice que se escuch\u00f3 durante la noche en la capital de B\u00e9lgica, y<br \/>suficiente en el conglomerado de tonos discordantes genial, si<br \/>o\u00eddo por la distante, peque\u00f1a y fastidiosa ardilla, haber hecho<br \/>perder\u00eda para siempre despu\u00e9s todo gusto por un revoltijo de soles por un<br \/>cena temprana o tard\u00eda.<\/p><p>Los gritos de las mujeres y los ni\u00f1os mezcl\u00e1ndose con el repiqueteo<br \/>de campanas discordantes como el vociferante redoble y latido de ensordecedores<br \/>cacerolas y tazas de hojalata mezcl\u00e1ndose en una &quot;confusi\u00f3n salvaje peor confundida&quot;,<br \/>sin embargo, en dulce un\u00edsono con una orquesta de primera clase de aullidos, aullidos,<br \/>perros ladrando gratuitamente arrojados por los innumerables y altamente<br \/>perros excitados, produjeron un estruendo, que incluso un &quot;Funi lusa&quot;,<br \/>si lo hubiera o\u00eddo, dif\u00edcilmente podr\u00eda haber soportado incluso haberse complacido<br \/>en uno o dos bocados de sol, aunque apremiados por las exigencias del ayuno de una semana.<\/p><p>Pero durante la salvaje escena los hombres no eran espectadores ociosos, o<br \/>oyentes indiferentes. Cada uno se par\u00f3 unos pasos delante de su caba\u00f1a.<br \/>puerta sin manifestaci\u00f3n externa de emoci\u00f3n alguna, tan caracter\u00edstica<br \/>del indio guerrero pero con su fiel rifle en la mano, que tan<br \/>muchas veces haba demostrado ser un amigo sincero en muchas horas de prueba, que<br \/>cargado y disparado en r\u00e1pida sucesi\u00f3n a los distantes y devastadores<br \/>ardilla, con la misma frialdad y tranquila deliberaci\u00f3n que lo hizo<br \/>cuando dispara a su juego.\u00a0<\/p><p>M\u00e1s de una vez he sido testigo de la temible<br \/>escena a\u00fan novedosa. Cuando pas\u00f3 a ser el momento de un eclipse total<br \/>del sol, prueba suficiente de que el peque\u00f1o epic\u00fareo negro<br \/>en serio con respecto a tener una comida completa, aunque tom\u00f3<br \/>todo el sol para amueblarla, entonces en verdad hubo sonidos de jolgorio<br \/>y tumulto insuperable por cualquiera jam\u00e1s o\u00eddo antes, ya sea en &quot;B\u00e9lgica&quot;<br \/>o en otro lugar.<\/p><p>Entonces las mujeres chillaron y redoblaron sus esfuerzos sobre la lata.<br \/>cacerolas, que, bajo los golpes desesperados, forz\u00f3 cada \u00f3rgano vocal<br \/>hacer su m\u00e1ximo y completo deber en respuesta en voz alta, mientras que el emocionado<br \/>los ni\u00f1os gritan y golpean sus tazas de hojalata, y los simp\u00e1ticos perros<br \/>(cuyo nombre era legi\u00f3n) ladr\u00f3 y aull\u00f3, todo aparentemente decidido<br \/>no caer uno detr\u00e1s del otro en su deber desde la ocasi\u00f3n<br \/>lo exigi\u00f3;\u00a0<\/p><p>mientras los guerreros a\u00fan permanec\u00edan en profunda y meditativa<br \/>silencio, pero firme e imp\u00e1vido, ya que r\u00e1pidamente cargaron y dispararon<br \/>sus rifles, cada vez apuntando deliberadamente, si acaso el<br \/>el \u00faltimo disparo podr\u00eda ser el exitoso; entonces, como la sombra de la luna<br \/>comenz\u00f3 a moverse del disco del sol, se escuch\u00f3 el grito de alegr\u00eda<br \/>por encima del poderoso estruendo &quot;\u00a1Funi-lusa-osh mahlatah!&quot; &quot; El negro<br \/>la ardilla est\u00e1 asustada.<\/p><p>Pero el estruendo no disminuy\u00f3 hasta que el sol volvi\u00f3 a aparecer en su<br \/>esplendor habitual, y toda la naturaleza reasumi\u00f3 su curso armonioso.<\/p>\t\t\t\t\t\t\t\t<\/div>\n\t\t\t\t<\/div>\n\t\t\t\t\t<\/div>\n\t\t<\/div>\n\t\t\t\t\t<\/div>\n\t\t<\/section>\n\t\t\t\t<\/div>","protected":false},"excerpt":{"rendered":"<p>Mitolog\u00eda Choctaw-Chickasaw Wiki Los Chactas (o Choctaws) son una tribu nativa americana del sureste de los Estados Unidos (Mississippi, Alabama y Louisiana). Aqu\u00ed est\u00e1 \u2026 <\/p>","protected":false},"author":1,"featured_media":0,"parent":3702,"menu_order":0,"comment_status":"closed","ping_status":"closed","template":"","meta":{"footnotes":""},"class_list":["post-23979","page","type-page","status-publish","hentry"],"amp_enabled":true,"_links":{"self":[{"href":"https:\/\/mythslegendes.com\/es\/wp-json\/wp\/v2\/pages\/23979","targetHints":{"allow":["GET"]}}],"collection":[{"href":"https:\/\/mythslegendes.com\/es\/wp-json\/wp\/v2\/pages"}],"about":[{"href":"https:\/\/mythslegendes.com\/es\/wp-json\/wp\/v2\/types\/page"}],"author":[{"embeddable":true,"href":"https:\/\/mythslegendes.com\/es\/wp-json\/wp\/v2\/users\/1"}],"replies":[{"embeddable":true,"href":"https:\/\/mythslegendes.com\/es\/wp-json\/wp\/v2\/comments?post=23979"}],"version-history":[{"count":3,"href":"https:\/\/mythslegendes.com\/es\/wp-json\/wp\/v2\/pages\/23979\/revisions"}],"predecessor-version":[{"id":23984,"href":"https:\/\/mythslegendes.com\/es\/wp-json\/wp\/v2\/pages\/23979\/revisions\/23984"}],"up":[{"embeddable":true,"href":"https:\/\/mythslegendes.com\/es\/wp-json\/wp\/v2\/pages\/3702"}],"wp:attachment":[{"href":"https:\/\/mythslegendes.com\/es\/wp-json\/wp\/v2\/media?parent=23979"}],"curies":[{"name":"wp","href":"https:\/\/api.w.org\/{rel}","templated":true}]}}