{"id":23990,"date":"2022-10-16T21:30:57","date_gmt":"2022-10-16T21:30:57","guid":{"rendered":"https:\/\/mythslegendes.com\/?page_id=23990"},"modified":"2022-10-16T21:40:12","modified_gmt":"2022-10-16T21:40:12","slug":"poison-choctaw","status":"publish","type":"page","link":"https:\/\/mythslegendes.com\/es\/mitologia-choctaw\/choctaw-de-veneno\/","title":{"rendered":"Choctaw venenoso"},"content":{"rendered":"<div data-elementor-type=\"wp-page\" data-elementor-id=\"23990\" class=\"elementor elementor-23990\">\n\t\t\t\t\t\t<section class=\"elementor-section elementor-top-section elementor-element elementor-element-bee810a elementor-section-boxed elementor-section-height-default elementor-section-height-default\" data-id=\"bee810a\" data-element_type=\"section\" data-e-type=\"section\">\n\t\t\t\t\t\t<div class=\"elementor-container elementor-column-gap-default\">\n\t\t\t\t\t<div class=\"elementor-column elementor-col-50 elementor-top-column elementor-element elementor-element-c4c81a9\" data-id=\"c4c81a9\" data-element_type=\"column\" data-e-type=\"column\">\n\t\t\t<div class=\"elementor-widget-wrap elementor-element-populated\">\n\t\t\t\t\t\t<div class=\"elementor-element elementor-element-8ab1db2 elementor-align-justify elementor-widget elementor-widget-button\" data-id=\"8ab1db2\" data-element_type=\"widget\" data-e-type=\"widget\" data-widget_type=\"button.default\">\n\t\t\t\t<div class=\"elementor-widget-container\">\n\t\t\t\t\t\t\t\t\t<div class=\"elementor-button-wrapper\">\n\t\t\t\t\t<a class=\"elementor-button elementor-button-link elementor-size-sm\" href=\"https:\/\/mythslegendes.com\/es\/mitologia-choctaw\/\">\n\t\t\t\t\t\t<span class=\"elementor-button-content-wrapper\">\n\t\t\t\t\t\t\t\t\t<span class=\"elementor-button-text\">Mitolog\u00eda Choctaw-Chickasaw<\/span>\n\t\t\t\t\t<\/span>\n\t\t\t\t\t<\/a>\n\t\t\t\t<\/div>\n\t\t\t\t\t\t\t\t<\/div>\n\t\t\t\t<\/div>\n\t\t\t\t\t<\/div>\n\t\t<\/div>\n\t\t\t\t<div class=\"elementor-column elementor-col-50 elementor-top-column elementor-element elementor-element-0fc9b2b\" data-id=\"0fc9b2b\" data-element_type=\"column\" data-e-type=\"column\">\n\t\t\t<div class=\"elementor-widget-wrap elementor-element-populated\">\n\t\t\t\t\t\t<div class=\"elementor-element elementor-element-ebf7a2a elementor-align-justify elementor-widget elementor-widget-button\" data-id=\"ebf7a2a\" data-element_type=\"widget\" data-e-type=\"widget\" data-widget_type=\"button.default\">\n\t\t\t\t<div class=\"elementor-widget-container\">\n\t\t\t\t\t\t\t\t\t<div class=\"elementor-button-wrapper\">\n\t\t\t\t\t<a class=\"elementor-button elementor-button-link elementor-size-sm\" href=\"https:\/\/www.firstpeople.us\/FP-Html-Legends\/HowPoisonCameIntoTheWorld-Choctaw.html\" target=\"_blank\" rel=\"noopener\">\n\t\t\t\t\t\t<span class=\"elementor-button-content-wrapper\">\n\t\t\t\t\t\t\t\t\t<span class=\"elementor-button-text\">Wiki<\/span>\n\t\t\t\t\t<\/span>\n\t\t\t\t\t<\/a>\n\t\t\t\t<\/div>\n\t\t\t\t\t\t\t\t<\/div>\n\t\t\t\t<\/div>\n\t\t\t\t\t<\/div>\n\t\t<\/div>\n\t\t\t\t\t<\/div>\n\t\t<\/section>\n\t\t\t\t<section class=\"elementor-section elementor-top-section elementor-element elementor-element-6dede31 elementor-section-boxed elementor-section-height-default elementor-section-height-default\" data-id=\"6dede31\" data-element_type=\"section\" data-e-type=\"section\">\n\t\t\t\t\t\t<div class=\"elementor-container elementor-column-gap-default\">\n\t\t\t\t\t<div class=\"elementor-column elementor-col-100 elementor-top-column elementor-element elementor-element-d45be96\" data-id=\"d45be96\" data-element_type=\"column\" data-e-type=\"column\">\n\t\t\t<div class=\"elementor-widget-wrap elementor-element-populated\">\n\t\t\t\t\t\t<div class=\"elementor-element elementor-element-8ed754f elementor-widget elementor-widget-text-editor\" data-id=\"8ed754f\" data-element_type=\"widget\" data-e-type=\"widget\" data-widget_type=\"text-editor.default\">\n\t\t\t\t<div class=\"elementor-widget-container\">\n\t\t\t\t\t\t\t\t\t<p>los\u00a0<strong>Chactas<\/strong> (D\u00f3nde <a href=\"https:\/\/mythslegendes.com\/es\/mitologia-choctaw\/\">Choctaws<\/a>) son una tribu nativa americana originaria del sureste de los Estados Unidos (Mississippi, <a href=\"https:\/\/mythslegendes.com\/es\/creek-seminole-mitologia\/\">Alabama<\/a> y <a href=\"https:\/\/mythslegendes.com\/es\/mythes-et-legendes-muskogeens-2136\/\">Luisiana<\/a>). aqu\u00ed est\u00e1 <a href=\"https:\/\/mythslegendes.com\/es\/\">leyenda<\/a> en espa\u00f1ol: C\u00f3mo lleg\u00f3 el veneno al mundo<\/p><p><img decoding=\"async\" class=\"alignnone wp-image-9347 size-full\" src=\"https:\/\/mythslegendes.com\/wp-content\/uploads\/2020\/09\/cropped-AlphaOmega-e1602613368367.png\" alt=\"C\u00f3mo lleg\u00f3 el veneno al mundo\" width=\"25\" height=\"25\" title=\"\"><\/p>\t\t\t\t\t\t\t\t<\/div>\n\t\t\t\t<\/div>\n\t\t\t\t\t<\/div>\n\t\t<\/div>\n\t\t\t\t\t<\/div>\n\t\t<\/section>\n\t\t\t\t<section class=\"elementor-section elementor-top-section elementor-element elementor-element-e816c3d elementor-section-boxed elementor-section-height-default elementor-section-height-default\" data-id=\"e816c3d\" data-element_type=\"section\" data-e-type=\"section\">\n\t\t\t\t\t\t<div class=\"elementor-container elementor-column-gap-default\">\n\t\t\t\t\t<div class=\"elementor-column elementor-col-100 elementor-top-column elementor-element elementor-element-1c2ae8f\" data-id=\"1c2ae8f\" data-element_type=\"column\" data-e-type=\"column\">\n\t\t\t<div class=\"elementor-widget-wrap elementor-element-populated\">\n\t\t\t\t\t\t<div class=\"elementor-element elementor-element-c958942 elementor-widget elementor-widget-heading\" data-id=\"c958942\" data-element_type=\"widget\" data-e-type=\"widget\" data-widget_type=\"heading.default\">\n\t\t\t\t<div class=\"elementor-widget-container\">\n\t\t\t\t\t<div id=\"ez-toc-container\" class=\"ez-toc-v2_0_82_2 counter-hierarchy ez-toc-counter ez-toc-grey ez-toc-container-direction\">\n<div class=\"ez-toc-title-container\">\n<p class=\"ez-toc-title\" style=\"cursor:inherit\">Contenido<\/p>\n<span class=\"ez-toc-title-toggle\"><a href=\"#\" class=\"ez-toc-pull-right ez-toc-btn ez-toc-btn-xs ez-toc-btn-default ez-toc-toggle\" aria-label=\"Alternar tabla de contenidos\"><span class=\"ez-toc-js-icon-con\"><span class=\"\"><span class=\"eztoc-hide\" style=\"display:none;\">Palanca<\/span><span class=\"ez-toc-icon-toggle-span\"><svg style=\"fill: #999;color:#999\" xmlns=\"http:\/\/www.w3.org\/2000\/svg\" class=\"list-377408\" width=\"20px\" height=\"20px\" viewbox=\"0 0 24 24\" fill=\"none\"><path d=\"M6 6H4v2h2V6zm14 0H8v2h12V6zM4 11h2v2H4v-2zm16 0H8v2h12v-2zM4 16h2v2H4v-2zm16 0H8v2h12v-2z\" fill=\"currentColor\"><\/path><\/svg><svg style=\"fill: #999;color:#999\" class=\"arrow-unsorted-368013\" xmlns=\"http:\/\/www.w3.org\/2000\/svg\" width=\"10px\" height=\"10px\" viewbox=\"0 0 24 24\" version=\"1.2\" baseprofile=\"tiny\"><path d=\"M18.2 9.3l-6.2-6.3-6.2 6.3c-.2.2-.3.4-.3.7s.1.5.3.7c.2.2.4.3.7.3h11c.3 0 .5-.1.7-.3.2-.2.3-.5.3-.7s-.1-.5-.3-.7zM5.8 14.7l6.2 6.3 6.2-6.3c.2-.2.3-.5.3-.7s-.1-.5-.3-.7c-.2-.2-.4-.3-.7-.3h-11c-.3 0-.5.1-.7.3-.2.2-.3.5-.3.7s.1.5.3.7z\"\/><\/svg><\/span><\/span><\/span><\/a><\/span><\/div>\n<nav><ul class='ez-toc-list ez-toc-list-level-1' ><li class='ez-toc-page-1 ez-toc-heading-level-2'><a class=\"ez-toc-link ez-toc-heading-1\" href=\"https:\/\/mythslegendes.com\/es\/mitologia-choctaw\/choctaw-de-veneno\/#How-Poison-came-into-the-World\" >C\u00f3mo lleg\u00f3 el veneno al mundo<\/a><\/li><\/ul><\/nav><\/div>\n<h2 class=\"elementor-heading-title elementor-size-default\"><span class=\"ez-toc-section\" id=\"How-Poison-came-into-the-World\"><\/span>C\u00f3mo lleg\u00f3 el veneno al mundo<span class=\"ez-toc-section-end\"><\/span><\/h2>\t\t\t\t<\/div>\n\t\t\t\t<\/div>\n\t\t\t\t\t<\/div>\n\t\t<\/div>\n\t\t\t\t\t<\/div>\n\t\t<\/section>\n\t\t\t\t<section class=\"elementor-section elementor-top-section elementor-element elementor-element-b0858c4 elementor-section-boxed elementor-section-height-default elementor-section-height-default\" data-id=\"b0858c4\" data-element_type=\"section\" data-e-type=\"section\">\n\t\t\t\t\t\t<div class=\"elementor-container elementor-column-gap-default\">\n\t\t\t\t\t<div class=\"elementor-column elementor-col-100 elementor-top-column elementor-element elementor-element-0bc11bc\" data-id=\"0bc11bc\" data-element_type=\"column\" data-e-type=\"column\">\n\t\t\t<div class=\"elementor-widget-wrap elementor-element-populated\">\n\t\t\t\t\t\t<div class=\"elementor-element elementor-element-99d7ff5 elementor-widget elementor-widget-text-editor\" data-id=\"99d7ff5\" data-element_type=\"widget\" data-e-type=\"widget\" data-widget_type=\"text-editor.default\">\n\t\t\t\t<div class=\"elementor-widget-container\">\n\t\t\t\t\t\t\t\t\t<p>Hace mucho tiempo, cuando el mundo era nuevo, hab\u00eda cierta planta que crec\u00eda en las aguas poco profundas de los pantanos. Creci\u00f3 en el lugar donde el <a href=\"https:\/\/mythslegendes.com\/es\/mitologia-choctaw\/\">Choctaw<\/a> la gente iba a ba\u00f1arse oa nadar. Esta planta era una vid, y era muy venenosa. Cada vez que la gente tocaba esta vid, se enfermaba mucho y mor\u00eda.<\/p>\n<p>Sin embargo, a esta enredadera le gustaba la gente choctaw y sent\u00eda pena por ellos. No quer\u00eda causarles tanto dolor y pena. Pero, no pudo mostrarse a ellos, porque creci\u00f3 debajo de la superficie, del pantano. Entonces, decidi\u00f3 regalar su veneno. Llam\u00f3 a todos los jefes de la gente peque\u00f1a de los pantanos: las avispas, las abejas y <a href=\"https:\/\/mythslegendes.com\/es\/mitologia-digital-norte-y-oeste\/\">serpientes<\/a>. Les dijo que quer\u00eda regalar su veneno.<\/p>\n<p>Estos peque\u00f1os caciques celebraron un consejo sobre la oferta de la vid. No ten\u00edan veneno ya menudo los otros los pisaban. Acordaron compartir el veneno.<\/p>\n<p>Bee habl\u00f3 primero. &quot;Tomar\u00e9 una peque\u00f1a parte de tu veneno&quot;, dijo. &quot;Solo lo usar\u00e9 para defender mi colmena. Advertir\u00e9 a las personas antes de envenenarlas, e incluso si tengo que usar mi veneno, me matar\u00e1 al hacerlo, por lo tanto, lo usar\u00e9 con mucho cuidado&quot;.<\/p>\n<p>Avispa habl\u00f3 a continuaci\u00f3n. &quot;Tambi\u00e9n tomar\u00e9 una peque\u00f1a parte de tu veneno&quot;, dijo. &quot;Entonces podr\u00e9 proteger mi nido. Pero advertir\u00e9 a las personas zumbando cerca de ellas antes de envenenarlas. Mantendr\u00e9 mi veneno en mi cola&quot;.<\/p>\n<p>Mocas\u00edn de agua habl\u00f3. &quot;Tomar\u00e9 un poco de tu veneno. Lo usar\u00e9 solo si la gente me pisa. Lo mantendr\u00e9 en mi boca y cuando abra la boca, la gente ver\u00e1 lo blanco que es y sabr\u00e1n que deben mantenerse alejados de m\u00ed. &quot;<\/p>\n<p>Serpiente de cascabel habl\u00f3 el \u00faltimo. &quot;Tomar\u00e9 una buena cantidad de tu veneno&quot;, dijo. Tomar\u00e9 todo lo que quede. Lo mantendr\u00e9 en mi boca tambi\u00e9n. Y, antes de golpear a alguien, usar\u00e9 mi cola para advertirles. Intesha, Intesha, Intesha, Intesha. Ese es el sonido que har\u00e9 para hacerles saber que est\u00e1n demasiado cerca&quot;.<\/p>\n<p>Entonces, se hizo. La vid entreg\u00f3 su veneno a las abejas, avispas, mocasines de agua y serpientes de cascabel. Ahora las aguas poco profundas de los pantanos eran seguras para el pueblo choctaw. Donde antes esa vid ten\u00eda veneno, ahora ten\u00eda peque\u00f1as flores. A partir de entonces, s\u00f3lo los que fueron insensatos y no escucharon las advertencias de los peque\u00f1os, que tomaron los venenos de la vid, fueron heridos.<\/p>\t\t\t\t\t\t\t\t<\/div>\n\t\t\t\t<\/div>\n\t\t\t\t\t<\/div>\n\t\t<\/div>\n\t\t\t\t\t<\/div>\n\t\t<\/section>\n\t\t\t\t<\/div>","protected":false},"excerpt":{"rendered":"<p>Mitolog\u00eda Choctaw-Chickasaw Wiki Los Chactas (o Choctaws) son una tribu nativa americana del sureste de los Estados Unidos (Mississippi, Alabama y Louisiana). Aqu\u00ed est\u00e1 \u2026 <\/p>","protected":false},"author":1,"featured_media":0,"parent":3702,"menu_order":0,"comment_status":"closed","ping_status":"closed","template":"","meta":{"footnotes":""},"class_list":["post-23990","page","type-page","status-publish","hentry"],"amp_enabled":true,"_links":{"self":[{"href":"https:\/\/mythslegendes.com\/es\/wp-json\/wp\/v2\/pages\/23990","targetHints":{"allow":["GET"]}}],"collection":[{"href":"https:\/\/mythslegendes.com\/es\/wp-json\/wp\/v2\/pages"}],"about":[{"href":"https:\/\/mythslegendes.com\/es\/wp-json\/wp\/v2\/types\/page"}],"author":[{"embeddable":true,"href":"https:\/\/mythslegendes.com\/es\/wp-json\/wp\/v2\/users\/1"}],"replies":[{"embeddable":true,"href":"https:\/\/mythslegendes.com\/es\/wp-json\/wp\/v2\/comments?post=23990"}],"version-history":[{"count":3,"href":"https:\/\/mythslegendes.com\/es\/wp-json\/wp\/v2\/pages\/23990\/revisions"}],"predecessor-version":[{"id":23998,"href":"https:\/\/mythslegendes.com\/es\/wp-json\/wp\/v2\/pages\/23990\/revisions\/23998"}],"up":[{"embeddable":true,"href":"https:\/\/mythslegendes.com\/es\/wp-json\/wp\/v2\/pages\/3702"}],"wp:attachment":[{"href":"https:\/\/mythslegendes.com\/es\/wp-json\/wp\/v2\/media?parent=23990"}],"curies":[{"name":"wp","href":"https:\/\/api.w.org\/{rel}","templated":true}]}}