{"id":24000,"date":"2022-10-17T07:04:29","date_gmt":"2022-10-17T07:04:29","guid":{"rendered":"https:\/\/mythslegendes.com\/?page_id=24000"},"modified":"2022-10-17T07:07:57","modified_gmt":"2022-10-17T07:07:57","slug":"lakota-sioux-came-to-be-brule","status":"publish","type":"page","link":"https:\/\/mythslegendes.com\/es\/sioux-mitologia-lakota-dakota-nakota\/lakota-sioux-vino-a-ser-brule\/","title":{"rendered":"Lakota Sioux lleg\u00f3 a ser Brule"},"content":{"rendered":"<div data-elementor-type=\"wp-page\" data-elementor-id=\"24000\" class=\"elementor elementor-24000\">\n\t\t\t\t\t\t<section class=\"elementor-section elementor-top-section elementor-element elementor-element-d4b2d89 elementor-section-boxed elementor-section-height-default elementor-section-height-default\" data-id=\"d4b2d89\" data-element_type=\"section\" data-e-type=\"section\">\n\t\t\t\t\t\t<div class=\"elementor-container elementor-column-gap-default\">\n\t\t\t\t\t<div class=\"elementor-column elementor-col-50 elementor-top-column elementor-element elementor-element-1a90962\" data-id=\"1a90962\" data-element_type=\"column\" data-e-type=\"column\">\n\t\t\t<div class=\"elementor-widget-wrap elementor-element-populated\">\n\t\t\t\t\t\t<div class=\"elementor-element elementor-element-0560b7d elementor-align-justify elementor-widget elementor-widget-button\" data-id=\"0560b7d\" data-element_type=\"widget\" data-e-type=\"widget\" data-widget_type=\"button.default\">\n\t\t\t\t<div class=\"elementor-widget-container\">\n\t\t\t\t\t\t\t\t\t<div class=\"elementor-button-wrapper\">\n\t\t\t\t\t<a class=\"elementor-button elementor-button-link elementor-size-sm\" href=\"https:\/\/mythslegendes.com\/es\/sioux-mitologia-lakota-dakota-nakota\/\">\n\t\t\t\t\t\t<span class=\"elementor-button-content-wrapper\">\n\t\t\t\t\t\t\t\t\t<span class=\"elementor-button-text\">Mitolog\u00eda sioux<\/span>\n\t\t\t\t\t<\/span>\n\t\t\t\t\t<\/a>\n\t\t\t\t<\/div>\n\t\t\t\t\t\t\t\t<\/div>\n\t\t\t\t<\/div>\n\t\t\t\t\t<\/div>\n\t\t<\/div>\n\t\t\t\t<div class=\"elementor-column elementor-col-50 elementor-top-column elementor-element elementor-element-9fda90f\" data-id=\"9fda90f\" data-element_type=\"column\" data-e-type=\"column\">\n\t\t\t<div class=\"elementor-widget-wrap elementor-element-populated\">\n\t\t\t\t\t\t<div class=\"elementor-element elementor-element-3995b22 elementor-align-justify elementor-widget elementor-widget-button\" data-id=\"3995b22\" data-element_type=\"widget\" data-e-type=\"widget\" data-widget_type=\"button.default\">\n\t\t\t\t<div class=\"elementor-widget-container\">\n\t\t\t\t\t\t\t\t\t<div class=\"elementor-button-wrapper\">\n\t\t\t\t\t<a class=\"elementor-button elementor-button-link elementor-size-sm\" href=\"https:\/\/www.firstpeople.us\/FP-Html-Legends\/HowTheLakotaSiouxCameToBeBrule-Lakota.html\" target=\"_blank\" rel=\"noopener\">\n\t\t\t\t\t\t<span class=\"elementor-button-content-wrapper\">\n\t\t\t\t\t\t\t\t\t<span class=\"elementor-button-text\">Wiki<\/span>\n\t\t\t\t\t<\/span>\n\t\t\t\t\t<\/a>\n\t\t\t\t<\/div>\n\t\t\t\t\t\t\t\t<\/div>\n\t\t\t\t<\/div>\n\t\t\t\t\t<\/div>\n\t\t<\/div>\n\t\t\t\t\t<\/div>\n\t\t<\/section>\n\t\t\t\t<section class=\"elementor-section elementor-top-section elementor-element elementor-element-00cbda9 elementor-section-boxed elementor-section-height-default elementor-section-height-default\" data-id=\"00cbda9\" data-element_type=\"section\" data-e-type=\"section\">\n\t\t\t\t\t\t<div class=\"elementor-container elementor-column-gap-default\">\n\t\t\t\t\t<div class=\"elementor-column elementor-col-100 elementor-top-column elementor-element elementor-element-66e04a2\" data-id=\"66e04a2\" data-element_type=\"column\" data-e-type=\"column\">\n\t\t\t<div class=\"elementor-widget-wrap elementor-element-populated\">\n\t\t\t\t\t\t<div class=\"elementor-element elementor-element-320c2e8 elementor-widget elementor-widget-text-editor\" data-id=\"320c2e8\" data-element_type=\"widget\" data-e-type=\"widget\" data-widget_type=\"text-editor.default\">\n\t\t\t\t<div class=\"elementor-widget-container\">\n\t\t\t\t\t\t\t\t\t<p><strong>El Lakota<\/strong> o Titunwans (&quot;gente de la pradera&quot;) o Tetons en ingl\u00e9s (territorio tradicional de Dakota\/Wyoming) fue originalmente uno de los siete incendios del consejo. Esta es su historia: C\u00f3mo el <a href=\"https:\/\/mythslegendes.com\/es\/sioux-mitologia-lakota-dakota-nakota\/\">Lakota<\/a> <a href=\"https:\/\/mythslegendes.com\/es\/mythes-et-legendes-siouans-2127\/\">siux<\/a> lleg\u00f3 a ser Brule.<\/p><p><img decoding=\"async\" class=\"alignnone wp-image-9347 size-full\" src=\"https:\/\/mythslegendes.com\/wp-content\/uploads\/2020\/09\/cropped-AlphaOmega-e1602613368367.png\" alt=\"C\u00f3mo los Lakota Sioux llegaron a ser Brule\" width=\"25\" height=\"25\" title=\"\"><\/p>\t\t\t\t\t\t\t\t<\/div>\n\t\t\t\t<\/div>\n\t\t\t\t\t<\/div>\n\t\t<\/div>\n\t\t\t\t\t<\/div>\n\t\t<\/section>\n\t\t\t\t<section class=\"elementor-section elementor-top-section elementor-element elementor-element-4d465cf elementor-section-boxed elementor-section-height-default elementor-section-height-default\" data-id=\"4d465cf\" data-element_type=\"section\" data-e-type=\"section\">\n\t\t\t\t\t\t<div class=\"elementor-container elementor-column-gap-default\">\n\t\t\t\t\t<div class=\"elementor-column elementor-col-100 elementor-top-column elementor-element elementor-element-a96a9dc\" data-id=\"a96a9dc\" data-element_type=\"column\" data-e-type=\"column\">\n\t\t\t<div class=\"elementor-widget-wrap elementor-element-populated\">\n\t\t\t\t\t\t<div class=\"elementor-element elementor-element-ba5c1f1 elementor-widget elementor-widget-heading\" data-id=\"ba5c1f1\" data-element_type=\"widget\" data-e-type=\"widget\" data-widget_type=\"heading.default\">\n\t\t\t\t<div class=\"elementor-widget-container\">\n\t\t\t\t\t<div id=\"ez-toc-container\" class=\"ez-toc-v2_0_82_2 counter-hierarchy ez-toc-counter ez-toc-grey ez-toc-container-direction\">\n<div class=\"ez-toc-title-container\">\n<p class=\"ez-toc-title\" style=\"cursor:inherit\">Contenido<\/p>\n<span class=\"ez-toc-title-toggle\"><a href=\"#\" class=\"ez-toc-pull-right ez-toc-btn ez-toc-btn-xs ez-toc-btn-default ez-toc-toggle\" aria-label=\"Alternar tabla de contenidos\"><span class=\"ez-toc-js-icon-con\"><span class=\"\"><span class=\"eztoc-hide\" style=\"display:none;\">Palanca<\/span><span class=\"ez-toc-icon-toggle-span\"><svg style=\"fill: #999;color:#999\" xmlns=\"http:\/\/www.w3.org\/2000\/svg\" class=\"list-377408\" width=\"20px\" height=\"20px\" viewbox=\"0 0 24 24\" fill=\"none\"><path d=\"M6 6H4v2h2V6zm14 0H8v2h12V6zM4 11h2v2H4v-2zm16 0H8v2h12v-2zM4 16h2v2H4v-2zm16 0H8v2h12v-2z\" fill=\"currentColor\"><\/path><\/svg><svg style=\"fill: #999;color:#999\" class=\"arrow-unsorted-368013\" xmlns=\"http:\/\/www.w3.org\/2000\/svg\" width=\"10px\" height=\"10px\" viewbox=\"0 0 24 24\" version=\"1.2\" baseprofile=\"tiny\"><path d=\"M18.2 9.3l-6.2-6.3-6.2 6.3c-.2.2-.3.4-.3.7s.1.5.3.7c.2.2.4.3.7.3h11c.3 0 .5-.1.7-.3.2-.2.3-.5.3-.7s-.1-.5-.3-.7zM5.8 14.7l6.2 6.3 6.2-6.3c.2-.2.3-.5.3-.7s-.1-.5-.3-.7c-.2-.2-.4-.3-.7-.3h-11c-.3 0-.5.1-.7.3-.2.2-.3.5-.3.7s.1.5.3.7z\"\/><\/svg><\/span><\/span><\/span><\/a><\/span><\/div>\n<nav><ul class='ez-toc-list ez-toc-list-level-1' ><li class='ez-toc-page-1 ez-toc-heading-level-2'><a class=\"ez-toc-link ez-toc-heading-1\" href=\"https:\/\/mythslegendes.com\/es\/sioux-mitologia-lakota-dakota-nakota\/lakota-sioux-vino-a-ser-brule\/#How-the-Lakota-Sioux-came-to-be-Brule\" >C\u00f3mo los Lakota Sioux llegaron a ser Brule<\/a><\/li><\/ul><\/nav><\/div>\n<h2 class=\"elementor-heading-title elementor-size-default\"><span class=\"ez-toc-section\" id=\"How-the-Lakota-Sioux-came-to-be-Brule\"><\/span>C\u00f3mo los Lakota Sioux llegaron a ser Brule<span class=\"ez-toc-section-end\"><\/span><\/h2>\t\t\t\t<\/div>\n\t\t\t\t<\/div>\n\t\t\t\t\t<\/div>\n\t\t<\/div>\n\t\t\t\t\t<\/div>\n\t\t<\/section>\n\t\t\t\t<section class=\"elementor-section elementor-top-section elementor-element elementor-element-966fc81 elementor-section-boxed elementor-section-height-default elementor-section-height-default\" data-id=\"966fc81\" data-element_type=\"section\" data-e-type=\"section\">\n\t\t\t\t\t\t<div class=\"elementor-container elementor-column-gap-default\">\n\t\t\t\t\t<div class=\"elementor-column elementor-col-100 elementor-top-column elementor-element elementor-element-1cf8c55\" data-id=\"1cf8c55\" data-element_type=\"column\" data-e-type=\"column\">\n\t\t\t<div class=\"elementor-widget-wrap elementor-element-populated\">\n\t\t\t\t\t\t<div class=\"elementor-element elementor-element-6545fb4 elementor-widget elementor-widget-text-editor\" data-id=\"6545fb4\" data-element_type=\"widget\" data-e-type=\"widget\" data-widget_type=\"text-editor.default\">\n\t\t\t\t<div class=\"elementor-widget-container\">\n\t\t\t\t\t\t\t\t\t<p>Esta historia me la cont\u00f3 una abuela Santee.<\/p>\n<p>Hace mucho tiempo, mucho tiempo cuando el mundo a\u00fan estaba reci\u00e9n hecho, Unktehi, el monstruo acu\u00e1tico, luch\u00f3 contra la gente y provoc\u00f3 una gran inundaci\u00f3n. Quiz\u00e1s el Gran Esp\u00edritu, Wakan Tanka, estaba enojado con nosotros por alguna raz\u00f3n. Tal vez dej\u00f3 que Unktehi ganara porque quer\u00eda hacer un mejor tipo de ser humano.<\/p>\n<p>Bueno, las aguas se hicieron m\u00e1s y m\u00e1s altas. Finalmente todo se inund\u00f3 excepto el cerro contiguo al lugar donde hoy se encuentra la cantera sagrada de piedra roja. La gente subi\u00f3 all\u00ed para salvarse, pero fue in\u00fatil. El agua barri\u00f3 esa colina. Las olas derribaron las rocas y los pin\u00e1culos, aplast\u00e1ndolos contra la gente. Todos murieron, y toda la sangre se congel\u00f3, formando un gran charco.<\/p>\n<p>La sangre se convirti\u00f3 en piedra de tubo y cre\u00f3 la cantera de piedra de tubo, la tumba de aquellos antiguos. Por eso la pipa, hecha de esa roca roja, es tan sagrada para nosotros. Su cuenco rojo es la carne y la sangre de nuestros antepasados, su tallo es la columna vertebral de aquellas personas muertas hace mucho tiempo, el humo que sale de \u00e9l es su aliento. Les digo, esa pipa, esa *chanunpa*, cobra vida cuando se usa en una ceremonia; puedes sentir el poder que fluye de \u00e9l.<\/p>\n<p>Unktehi, el gran monstruo acu\u00e1tico, tambi\u00e9n se convirti\u00f3 en piedra. Tal vez Tunkshila, el esp\u00edritu del abuelo, la castig\u00f3 por provocar la inundaci\u00f3n. Las hierbas est\u00e1n ahora en Badlands. Su espalda forma una cresta larga y alta, y puedes ver sus v\u00e9rtebras sobresaliendo en una gran hilera de rocas rojas y amarillas. Los he visto. Me asust\u00e9 cuando estaba en esa cresta, porque sent\u00ed Unktehi. Se mov\u00eda debajo de m\u00ed, queriendo derribarme.<\/p>\n<p>Bueno, cuando todas las personas fueron asesinadas hace tantas generaciones, una ni\u00f1a sobrevivi\u00f3, una hermosa ni\u00f1a. Sucedi\u00f3 de esta manera: cuando el agua barri\u00f3 la colina donde intentaron buscar refugio, un gran \u00e1guila moteada, Wanblee Galeshka, descendi\u00f3 y dej\u00f3 que ella agarrara sus pies. Con ella colgando, vol\u00f3 a la copa de un \u00e1rbol alto que se encontraba en el pin\u00e1culo de piedra m\u00e1s alto de Black Hills. Ese era el hogar del \u00e1guila. Se convirti\u00f3 en el \u00fanico lugar que no estaba cubierto de agua.<\/p>\n<p>Si la gente hubiera subido all\u00ed, habr\u00edan sobrevivido, pero era una roca con forma de aguja, tan lisa y empinada como los rascacielos que hay ahora en las grandes ciudades. Mi abuelo me dijo que tal vez la roca no estaba en Black Hills; tal vez fue la Torre del Diablo, como la llaman los hombres blancos, ese lugar en Wyoming.<\/p>\n<p>Ambos lugares son sagrados. Wanblee mantuvo a esa hermosa chica con \u00e9l y la convirti\u00f3 en su esposa. Entonces hab\u00eda una conexi\u00f3n m\u00e1s estrecha entre las personas y los animales, as\u00ed que \u00e9l pod\u00eda hacerlo. La esposa del \u00e1guila qued\u00f3 embarazada y le dio a luz mellizos, un ni\u00f1o y una ni\u00f1a. Ella estaba feliz y dijo: &quot;Ahora tendremos gente de nuevo. *Washtay*, es bueno&quot;.<\/p>\n<p>Los ni\u00f1os nacieron all\u00ed mismo, en lo alto de ese acantilado. Cuando las aguas finalmente se calmaron, Wanblee ayud\u00f3 a los ni\u00f1os y a su madre a bajar de su roca y los puso sobre la tierra, dici\u00e9ndoles: Sean una naci\u00f3n, convi\u00e9rtanse en una gran Naci\u00f3n: los Lakota Oyate&quot;.<\/p>\n<p>El ni\u00f1o y la ni\u00f1a crecieron. \u00c9l era el \u00fanico hombre en la tierra, ella la \u00fanica mujer en edad de procrear. Ellos estan casados; ellos tuvieron hijos Naci\u00f3 una naci\u00f3n.<\/p>\n<p>As\u00ed que somos descendientes del \u00e1guila. Somos una naci\u00f3n \u00e1guila. Eso es bueno, algo de lo que estar orgulloso, porque el \u00e1guila es la m\u00e1s sabia de las aves. \u00c9l es el mensajero del Gran Esp\u00edritu; es un gran guerrero. Es por eso que siempre usamos el penacho de \u00e1guila, y todav\u00eda lo usamos. Somos una gran naci\u00f3n.<\/p>\n<p>Soy yo, Lame Deer, quien dijo esto.<\/p>\n<p>\u2013 Contado por Lame Deer en Winner, Sur <a href=\"https:\/\/mythslegendes.com\/es\/sioux-mitologia-lakota-dakota-nakota\/\">Dakota<\/a>, en 1969.<\/p>\t\t\t\t\t\t\t\t<\/div>\n\t\t\t\t<\/div>\n\t\t\t\t\t<\/div>\n\t\t<\/div>\n\t\t\t\t\t<\/div>\n\t\t<\/section>\n\t\t\t\t<\/div>","protected":false},"excerpt":{"rendered":"<p>Sioux Mythology Wiki Los Lakotas o Titunwans (&quot;gente de la pradera&quot;) o Tetons en ingl\u00e9s (territorio tradicional de Dakota\/Wyoming) constitu\u00edan... <\/p>","protected":false},"author":1,"featured_media":0,"parent":3889,"menu_order":0,"comment_status":"closed","ping_status":"closed","template":"","meta":{"footnotes":""},"class_list":["post-24000","page","type-page","status-publish","hentry"],"amp_enabled":true,"_links":{"self":[{"href":"https:\/\/mythslegendes.com\/es\/wp-json\/wp\/v2\/pages\/24000","targetHints":{"allow":["GET"]}}],"collection":[{"href":"https:\/\/mythslegendes.com\/es\/wp-json\/wp\/v2\/pages"}],"about":[{"href":"https:\/\/mythslegendes.com\/es\/wp-json\/wp\/v2\/types\/page"}],"author":[{"embeddable":true,"href":"https:\/\/mythslegendes.com\/es\/wp-json\/wp\/v2\/users\/1"}],"replies":[{"embeddable":true,"href":"https:\/\/mythslegendes.com\/es\/wp-json\/wp\/v2\/comments?post=24000"}],"version-history":[{"count":3,"href":"https:\/\/mythslegendes.com\/es\/wp-json\/wp\/v2\/pages\/24000\/revisions"}],"predecessor-version":[{"id":24007,"href":"https:\/\/mythslegendes.com\/es\/wp-json\/wp\/v2\/pages\/24000\/revisions\/24007"}],"up":[{"embeddable":true,"href":"https:\/\/mythslegendes.com\/es\/wp-json\/wp\/v2\/pages\/3889"}],"wp:attachment":[{"href":"https:\/\/mythslegendes.com\/es\/wp-json\/wp\/v2\/media?parent=24000"}],"curies":[{"name":"wp","href":"https:\/\/api.w.org\/{rel}","templated":true}]}}