{"id":24008,"date":"2022-10-17T07:08:47","date_gmt":"2022-10-17T07:08:47","guid":{"rendered":"https:\/\/mythslegendes.com\/?page_id=24008"},"modified":"2022-10-17T07:11:06","modified_gmt":"2022-10-17T07:11:06","slug":"iktomi-the-spider-fairy","status":"publish","type":"page","link":"https:\/\/mythslegendes.com\/es\/sioux-mitologia-lakota-dakota-nakota\/iktomi-el-hada-arana\/","title":{"rendered":"Iktomi el hada ara\u00f1a"},"content":{"rendered":"<div data-elementor-type=\"wp-page\" data-elementor-id=\"24008\" class=\"elementor elementor-24008\">\n\t\t\t\t\t\t<section class=\"elementor-section elementor-top-section elementor-element elementor-element-567fbbd elementor-section-boxed elementor-section-height-default elementor-section-height-default\" data-id=\"567fbbd\" data-element_type=\"section\" data-e-type=\"section\">\n\t\t\t\t\t\t<div class=\"elementor-container elementor-column-gap-default\">\n\t\t\t\t\t<div class=\"elementor-column elementor-col-50 elementor-top-column elementor-element elementor-element-f790230\" data-id=\"f790230\" data-element_type=\"column\" data-e-type=\"column\">\n\t\t\t<div class=\"elementor-widget-wrap elementor-element-populated\">\n\t\t\t\t\t\t<div class=\"elementor-element elementor-element-624a95e elementor-align-justify elementor-widget elementor-widget-button\" data-id=\"624a95e\" data-element_type=\"widget\" data-e-type=\"widget\" data-widget_type=\"button.default\">\n\t\t\t\t<div class=\"elementor-widget-container\">\n\t\t\t\t\t\t\t\t\t<div class=\"elementor-button-wrapper\">\n\t\t\t\t\t<a class=\"elementor-button elementor-button-link elementor-size-sm\" href=\"https:\/\/mythslegendes.com\/es\/sioux-mitologia-lakota-dakota-nakota\/\">\n\t\t\t\t\t\t<span class=\"elementor-button-content-wrapper\">\n\t\t\t\t\t\t\t\t\t<span class=\"elementor-button-text\">Mitolog\u00eda sioux<\/span>\n\t\t\t\t\t<\/span>\n\t\t\t\t\t<\/a>\n\t\t\t\t<\/div>\n\t\t\t\t\t\t\t\t<\/div>\n\t\t\t\t<\/div>\n\t\t\t\t\t<\/div>\n\t\t<\/div>\n\t\t\t\t<div class=\"elementor-column elementor-col-50 elementor-top-column elementor-element elementor-element-efd2f54\" data-id=\"efd2f54\" data-element_type=\"column\" data-e-type=\"column\">\n\t\t\t<div class=\"elementor-widget-wrap elementor-element-populated\">\n\t\t\t\t\t\t<div class=\"elementor-element elementor-element-1e735fc elementor-align-justify elementor-widget elementor-widget-button\" data-id=\"1e735fc\" data-element_type=\"widget\" data-e-type=\"widget\" data-widget_type=\"button.default\">\n\t\t\t\t<div class=\"elementor-widget-container\">\n\t\t\t\t\t\t\t\t\t<div class=\"elementor-button-wrapper\">\n\t\t\t\t\t<a class=\"elementor-button elementor-button-link elementor-size-sm\" href=\"https:\/\/www.firstpeople.us\/FP-Html-Legends\/Iktomi-Lakota.html\" target=\"_blank\" rel=\"noopener\">\n\t\t\t\t\t\t<span class=\"elementor-button-content-wrapper\">\n\t\t\t\t\t\t\t\t\t<span class=\"elementor-button-text\">Wiki<\/span>\n\t\t\t\t\t<\/span>\n\t\t\t\t\t<\/a>\n\t\t\t\t<\/div>\n\t\t\t\t\t\t\t\t<\/div>\n\t\t\t\t<\/div>\n\t\t\t\t\t<\/div>\n\t\t<\/div>\n\t\t\t\t\t<\/div>\n\t\t<\/section>\n\t\t\t\t<section class=\"elementor-section elementor-top-section elementor-element elementor-element-1f62ed3 elementor-section-boxed elementor-section-height-default elementor-section-height-default\" data-id=\"1f62ed3\" data-element_type=\"section\" data-e-type=\"section\">\n\t\t\t\t\t\t<div class=\"elementor-container elementor-column-gap-default\">\n\t\t\t\t\t<div class=\"elementor-column elementor-col-100 elementor-top-column elementor-element elementor-element-7f63abf\" data-id=\"7f63abf\" data-element_type=\"column\" data-e-type=\"column\">\n\t\t\t<div class=\"elementor-widget-wrap elementor-element-populated\">\n\t\t\t\t\t\t<div class=\"elementor-element elementor-element-af23690 elementor-widget elementor-widget-text-editor\" data-id=\"af23690\" data-element_type=\"widget\" data-e-type=\"widget\" data-widget_type=\"text-editor.default\">\n\t\t\t\t<div class=\"elementor-widget-container\">\n\t\t\t\t\t\t\t\t\t<p><strong>El Lakota<\/strong> o Titunwans (&quot;gente de la pradera&quot;) o Tetons en ingl\u00e9s (territorio tradicional de Dakota\/Wyoming) fue originalmente uno de los siete incendios del consejo. Esta es su historia: Iktomi, el hada ara\u00f1a.<\/p><p><img decoding=\"async\" class=\"alignnone wp-image-9347 size-full\" src=\"https:\/\/mythslegendes.com\/wp-content\/uploads\/2020\/09\/cropped-AlphaOmega-e1602613368367.png\" alt=\"Iktomi el hada ara\u00f1a\" width=\"25\" height=\"25\" title=\"\"><\/p>\t\t\t\t\t\t\t\t<\/div>\n\t\t\t\t<\/div>\n\t\t\t\t\t<\/div>\n\t\t<\/div>\n\t\t\t\t\t<\/div>\n\t\t<\/section>\n\t\t\t\t<section class=\"elementor-section elementor-top-section elementor-element elementor-element-c0c4fe3 elementor-section-boxed elementor-section-height-default elementor-section-height-default\" data-id=\"c0c4fe3\" data-element_type=\"section\" data-e-type=\"section\">\n\t\t\t\t\t\t<div class=\"elementor-container elementor-column-gap-default\">\n\t\t\t\t\t<div class=\"elementor-column elementor-col-100 elementor-top-column elementor-element elementor-element-5c881bd\" data-id=\"5c881bd\" data-element_type=\"column\" data-e-type=\"column\">\n\t\t\t<div class=\"elementor-widget-wrap elementor-element-populated\">\n\t\t\t\t\t\t<div class=\"elementor-element elementor-element-8affb6b elementor-widget elementor-widget-heading\" data-id=\"8affb6b\" data-element_type=\"widget\" data-e-type=\"widget\" data-widget_type=\"heading.default\">\n\t\t\t\t<div class=\"elementor-widget-container\">\n\t\t\t\t\t<div id=\"ez-toc-container\" class=\"ez-toc-v2_0_82_2 counter-hierarchy ez-toc-counter ez-toc-grey ez-toc-container-direction\">\n<div class=\"ez-toc-title-container\">\n<p class=\"ez-toc-title\" style=\"cursor:inherit\">Contenido<\/p>\n<span class=\"ez-toc-title-toggle\"><a href=\"#\" class=\"ez-toc-pull-right ez-toc-btn ez-toc-btn-xs ez-toc-btn-default ez-toc-toggle\" aria-label=\"Alternar tabla de contenidos\"><span class=\"ez-toc-js-icon-con\"><span class=\"\"><span class=\"eztoc-hide\" style=\"display:none;\">Palanca<\/span><span class=\"ez-toc-icon-toggle-span\"><svg style=\"fill: #999;color:#999\" xmlns=\"http:\/\/www.w3.org\/2000\/svg\" class=\"list-377408\" width=\"20px\" height=\"20px\" viewbox=\"0 0 24 24\" fill=\"none\"><path d=\"M6 6H4v2h2V6zm14 0H8v2h12V6zM4 11h2v2H4v-2zm16 0H8v2h12v-2zM4 16h2v2H4v-2zm16 0H8v2h12v-2z\" fill=\"currentColor\"><\/path><\/svg><svg style=\"fill: #999;color:#999\" class=\"arrow-unsorted-368013\" xmlns=\"http:\/\/www.w3.org\/2000\/svg\" width=\"10px\" height=\"10px\" viewbox=\"0 0 24 24\" version=\"1.2\" baseprofile=\"tiny\"><path d=\"M18.2 9.3l-6.2-6.3-6.2 6.3c-.2.2-.3.4-.3.7s.1.5.3.7c.2.2.4.3.7.3h11c.3 0 .5-.1.7-.3.2-.2.3-.5.3-.7s-.1-.5-.3-.7zM5.8 14.7l6.2 6.3 6.2-6.3c.2-.2.3-.5.3-.7s-.1-.5-.3-.7c-.2-.2-.4-.3-.7-.3h-11c-.3 0-.5.1-.7.3-.2.2-.3.5-.3.7s.1.5.3.7z\"\/><\/svg><\/span><\/span><\/span><\/a><\/span><\/div>\n<nav><ul class='ez-toc-list ez-toc-list-level-1' ><li class='ez-toc-page-1 ez-toc-heading-level-2'><a class=\"ez-toc-link ez-toc-heading-1\" href=\"https:\/\/mythslegendes.com\/es\/sioux-mitologia-lakota-dakota-nakota\/iktomi-el-hada-arana\/#Iktomi-the-spider-fairy\" >Iktomi el hada ara\u00f1a<\/a><\/li><\/ul><\/nav><\/div>\n<h2 class=\"elementor-heading-title elementor-size-default\"><span class=\"ez-toc-section\" id=\"Iktomi-the-spider-fairy\"><\/span>Iktomi el hada ara\u00f1a<span class=\"ez-toc-section-end\"><\/span><\/h2>\t\t\t\t<\/div>\n\t\t\t\t<\/div>\n\t\t\t\t\t<\/div>\n\t\t<\/div>\n\t\t\t\t\t<\/div>\n\t\t<\/section>\n\t\t\t\t<section class=\"elementor-section elementor-top-section elementor-element elementor-element-77fe74e elementor-section-boxed elementor-section-height-default elementor-section-height-default\" data-id=\"77fe74e\" data-element_type=\"section\" data-e-type=\"section\">\n\t\t\t\t\t\t<div class=\"elementor-container elementor-column-gap-default\">\n\t\t\t\t\t<div class=\"elementor-column elementor-col-100 elementor-top-column elementor-element elementor-element-afab9aa\" data-id=\"afab9aa\" data-element_type=\"column\" data-e-type=\"column\">\n\t\t\t<div class=\"elementor-widget-wrap elementor-element-populated\">\n\t\t\t\t\t\t<div class=\"elementor-element elementor-element-8493acb elementor-widget elementor-widget-text-editor\" data-id=\"8493acb\" data-element_type=\"widget\" data-e-type=\"widget\" data-widget_type=\"text-editor.default\">\n\t\t\t\t<div class=\"elementor-widget-container\">\n\t\t\t\t\t\t\t\t\t<p>Iktomi es un hada ara\u00f1a. Viste calzas marrones de piel de venado con flecos largos y suaves a cada lado y diminutos mocasines con cuentas en los pies.<\/p>\n<p>Su largo cabello negro est\u00e1 partido en el medio y envuelto con bandas rojas, rojas. Cada trenza redonda cuelga sobre una peque\u00f1a oreja marr\u00f3n y cae hacia adelante sobre sus hombros.<\/p>\n<p>Incluso pinta su cara divertida con rojo y amarillo, y dibuja grandes anillos negros alrededor de sus ojos. Viste una chaqueta de piel de venado, con cuentas de colores brillantes cosidas apretadamente. Iktomi se viste como un verdadero <a href=\"https:\/\/mythslegendes.com\/es\/sioux-mitologia-lakota-dakota-nakota\/\">Lakota<\/a>\ncorajudo. En verdad, su pintura y sus pieles de venado son lo mejor de \u00e9l, si es que alguna vez el vestido es parte del hombre o del hada.<\/p>\n<p>Iktomi es un tipo astuto. Sus manos siempre se mantienen en travesuras. Prefiere tender una trampa antes que ganar lo m\u00e1s m\u00ednimo con una caza honesta. \u00a1Por qu\u00e9! se r\u00ede abiertamente con la boca abierta cuando algunos simples son atrapados en una trampa, seguro y r\u00e1pido.<\/p>\n<p>Nunca sue\u00f1a que otra vida sea tan brillante como la suya. A menudo, su propia concepci\u00f3n lo lleva duramente contra el sentido com\u00fan de las personas m\u00e1s simples. El pobre Iktomi no puede evitar ser un peque\u00f1o diablillo. Y mientras sea un hada traviesa, no podr\u00e1 encontrar un solo amigo.<\/p>\n<p>Nadie lo ayuda cuando est\u00e1 en problemas. Nadie realmente lo ama. Aquellos que vienen a admirar su hermosa chaqueta con cuentas y sus largas polainas con flecos pronto se van hartos y cansados de sus palabras vanas, vanas y su risa despiadada.<\/p>\n<p>As\u00ed, Iktomi vive solo en un wigwam en forma de cono en la llanura.<\/p>\t\t\t\t\t\t\t\t<\/div>\n\t\t\t\t<\/div>\n\t\t\t\t\t<\/div>\n\t\t<\/div>\n\t\t\t\t\t<\/div>\n\t\t<\/section>\n\t\t\t\t<\/div>","protected":false},"excerpt":{"rendered":"<p>Sioux Mythology Wiki Los Lakotas o Titunwans (&quot;gente de la pradera&quot;) o Tetons en ingl\u00e9s (territorio tradicional de Dakota\/Wyoming) constitu\u00edan... <\/p>","protected":false},"author":1,"featured_media":0,"parent":3889,"menu_order":0,"comment_status":"closed","ping_status":"closed","template":"","meta":{"footnotes":""},"class_list":["post-24008","page","type-page","status-publish","hentry"],"amp_enabled":true,"_links":{"self":[{"href":"https:\/\/mythslegendes.com\/es\/wp-json\/wp\/v2\/pages\/24008","targetHints":{"allow":["GET"]}}],"collection":[{"href":"https:\/\/mythslegendes.com\/es\/wp-json\/wp\/v2\/pages"}],"about":[{"href":"https:\/\/mythslegendes.com\/es\/wp-json\/wp\/v2\/types\/page"}],"author":[{"embeddable":true,"href":"https:\/\/mythslegendes.com\/es\/wp-json\/wp\/v2\/users\/1"}],"replies":[{"embeddable":true,"href":"https:\/\/mythslegendes.com\/es\/wp-json\/wp\/v2\/comments?post=24008"}],"version-history":[{"count":3,"href":"https:\/\/mythslegendes.com\/es\/wp-json\/wp\/v2\/pages\/24008\/revisions"}],"predecessor-version":[{"id":24012,"href":"https:\/\/mythslegendes.com\/es\/wp-json\/wp\/v2\/pages\/24008\/revisions\/24012"}],"up":[{"embeddable":true,"href":"https:\/\/mythslegendes.com\/es\/wp-json\/wp\/v2\/pages\/3889"}],"wp:attachment":[{"href":"https:\/\/mythslegendes.com\/es\/wp-json\/wp\/v2\/media?parent=24008"}],"curies":[{"name":"wp","href":"https:\/\/api.w.org\/{rel}","templated":true}]}}