{"id":24013,"date":"2022-10-17T07:11:47","date_gmt":"2022-10-17T07:11:47","guid":{"rendered":"https:\/\/mythslegendes.com\/?page_id=24013"},"modified":"2022-10-17T07:27:42","modified_gmt":"2022-10-17T07:27:42","slug":"iktomi-and-the-coyote","status":"publish","type":"page","link":"https:\/\/mythslegendes.com\/es\/sioux-mitologia-lakota-dakota-nakota\/iktomi-y-el-coyote\/","title":{"rendered":"Iktomi y el Coyote"},"content":{"rendered":"<div data-elementor-type=\"wp-page\" data-elementor-id=\"24013\" class=\"elementor elementor-24013\">\n\t\t\t\t\t\t<section class=\"elementor-section elementor-top-section elementor-element elementor-element-fe93ba2 elementor-section-boxed elementor-section-height-default elementor-section-height-default\" data-id=\"fe93ba2\" data-element_type=\"section\" data-e-type=\"section\">\n\t\t\t\t\t\t<div class=\"elementor-container elementor-column-gap-default\">\n\t\t\t\t\t<div class=\"elementor-column elementor-col-50 elementor-top-column elementor-element elementor-element-adeb87c\" data-id=\"adeb87c\" data-element_type=\"column\" data-e-type=\"column\">\n\t\t\t<div class=\"elementor-widget-wrap elementor-element-populated\">\n\t\t\t\t\t\t<div class=\"elementor-element elementor-element-e5ab43b elementor-align-justify elementor-widget elementor-widget-button\" data-id=\"e5ab43b\" data-element_type=\"widget\" data-e-type=\"widget\" data-widget_type=\"button.default\">\n\t\t\t\t<div class=\"elementor-widget-container\">\n\t\t\t\t\t\t\t\t\t<div class=\"elementor-button-wrapper\">\n\t\t\t\t\t<a class=\"elementor-button elementor-button-link elementor-size-sm\" href=\"https:\/\/mythslegendes.com\/es\/sioux-mitologia-lakota-dakota-nakota\/\">\n\t\t\t\t\t\t<span class=\"elementor-button-content-wrapper\">\n\t\t\t\t\t\t\t\t\t<span class=\"elementor-button-text\">Mitolog\u00eda sioux<\/span>\n\t\t\t\t\t<\/span>\n\t\t\t\t\t<\/a>\n\t\t\t\t<\/div>\n\t\t\t\t\t\t\t\t<\/div>\n\t\t\t\t<\/div>\n\t\t\t\t\t<\/div>\n\t\t<\/div>\n\t\t\t\t<div class=\"elementor-column elementor-col-50 elementor-top-column elementor-element elementor-element-3a8603c\" data-id=\"3a8603c\" data-element_type=\"column\" data-e-type=\"column\">\n\t\t\t<div class=\"elementor-widget-wrap elementor-element-populated\">\n\t\t\t\t\t\t<div class=\"elementor-element elementor-element-932134e elementor-align-justify elementor-widget elementor-widget-button\" data-id=\"932134e\" data-element_type=\"widget\" data-e-type=\"widget\" data-widget_type=\"button.default\">\n\t\t\t\t<div class=\"elementor-widget-container\">\n\t\t\t\t\t\t\t\t\t<div class=\"elementor-button-wrapper\">\n\t\t\t\t\t<a class=\"elementor-button elementor-button-link elementor-size-sm\" href=\"https:\/\/www.firstpeople.us\/FP-Html-Legends\/IktomiandtheCoyote-Lakota.html\" target=\"_blank\" rel=\"noopener\">\n\t\t\t\t\t\t<span class=\"elementor-button-content-wrapper\">\n\t\t\t\t\t\t\t\t\t<span class=\"elementor-button-text\">Wiki<\/span>\n\t\t\t\t\t<\/span>\n\t\t\t\t\t<\/a>\n\t\t\t\t<\/div>\n\t\t\t\t\t\t\t\t<\/div>\n\t\t\t\t<\/div>\n\t\t\t\t\t<\/div>\n\t\t<\/div>\n\t\t\t\t\t<\/div>\n\t\t<\/section>\n\t\t\t\t<section class=\"elementor-section elementor-top-section elementor-element elementor-element-7139d9a elementor-section-boxed elementor-section-height-default elementor-section-height-default\" data-id=\"7139d9a\" data-element_type=\"section\" data-e-type=\"section\">\n\t\t\t\t\t\t<div class=\"elementor-container elementor-column-gap-default\">\n\t\t\t\t\t<div class=\"elementor-column elementor-col-100 elementor-top-column elementor-element elementor-element-219b0cc\" data-id=\"219b0cc\" data-element_type=\"column\" data-e-type=\"column\">\n\t\t\t<div class=\"elementor-widget-wrap elementor-element-populated\">\n\t\t\t\t\t\t<div class=\"elementor-element elementor-element-67c394a elementor-widget elementor-widget-text-editor\" data-id=\"67c394a\" data-element_type=\"widget\" data-e-type=\"widget\" data-widget_type=\"text-editor.default\">\n\t\t\t\t<div class=\"elementor-widget-container\">\n\t\t\t\t\t\t\t\t\t<p><strong>El Lakota<\/strong> o Titunwans (&quot;gente de la pradera&quot;) o Tetons en ingl\u00e9s (territorio tradicional de Dakota\/Wyoming) fue originalmente uno de los siete incendios del consejo. Aqu\u00ed est\u00e1 su historia: Iktomi y el Coyote.<\/p><p><img decoding=\"async\" class=\"alignnone wp-image-9347 size-full\" src=\"https:\/\/mythslegendes.com\/wp-content\/uploads\/2020\/09\/cropped-AlphaOmega-e1602613368367.png\" alt=\"Iktomi y el Coyote\" width=\"25\" height=\"25\" title=\"\"><\/p>\t\t\t\t\t\t\t\t<\/div>\n\t\t\t\t<\/div>\n\t\t\t\t\t<\/div>\n\t\t<\/div>\n\t\t\t\t\t<\/div>\n\t\t<\/section>\n\t\t\t\t<section class=\"elementor-section elementor-top-section elementor-element elementor-element-5375cf6 elementor-section-boxed elementor-section-height-default elementor-section-height-default\" data-id=\"5375cf6\" data-element_type=\"section\" data-e-type=\"section\">\n\t\t\t\t\t\t<div class=\"elementor-container elementor-column-gap-default\">\n\t\t\t\t\t<div class=\"elementor-column elementor-col-100 elementor-top-column elementor-element elementor-element-644b376\" data-id=\"644b376\" data-element_type=\"column\" data-e-type=\"column\">\n\t\t\t<div class=\"elementor-widget-wrap elementor-element-populated\">\n\t\t\t\t\t\t<div class=\"elementor-element elementor-element-89d5872 elementor-widget elementor-widget-heading\" data-id=\"89d5872\" data-element_type=\"widget\" data-e-type=\"widget\" data-widget_type=\"heading.default\">\n\t\t\t\t<div class=\"elementor-widget-container\">\n\t\t\t\t\t<div id=\"ez-toc-container\" class=\"ez-toc-v2_0_82_2 counter-hierarchy ez-toc-counter ez-toc-grey ez-toc-container-direction\">\n<div class=\"ez-toc-title-container\">\n<p class=\"ez-toc-title\" style=\"cursor:inherit\">Contenido<\/p>\n<span class=\"ez-toc-title-toggle\"><a href=\"#\" class=\"ez-toc-pull-right ez-toc-btn ez-toc-btn-xs ez-toc-btn-default ez-toc-toggle\" aria-label=\"Alternar tabla de contenidos\"><span class=\"ez-toc-js-icon-con\"><span class=\"\"><span class=\"eztoc-hide\" style=\"display:none;\">Palanca<\/span><span class=\"ez-toc-icon-toggle-span\"><svg style=\"fill: #999;color:#999\" xmlns=\"http:\/\/www.w3.org\/2000\/svg\" class=\"list-377408\" width=\"20px\" height=\"20px\" viewbox=\"0 0 24 24\" fill=\"none\"><path d=\"M6 6H4v2h2V6zm14 0H8v2h12V6zM4 11h2v2H4v-2zm16 0H8v2h12v-2zM4 16h2v2H4v-2zm16 0H8v2h12v-2z\" fill=\"currentColor\"><\/path><\/svg><svg style=\"fill: #999;color:#999\" class=\"arrow-unsorted-368013\" xmlns=\"http:\/\/www.w3.org\/2000\/svg\" width=\"10px\" height=\"10px\" viewbox=\"0 0 24 24\" version=\"1.2\" baseprofile=\"tiny\"><path d=\"M18.2 9.3l-6.2-6.3-6.2 6.3c-.2.2-.3.4-.3.7s.1.5.3.7c.2.2.4.3.7.3h11c.3 0 .5-.1.7-.3.2-.2.3-.5.3-.7s-.1-.5-.3-.7zM5.8 14.7l6.2 6.3 6.2-6.3c.2-.2.3-.5.3-.7s-.1-.5-.3-.7c-.2-.2-.4-.3-.7-.3h-11c-.3 0-.5.1-.7.3-.2.2-.3.5-.3.7s.1.5.3.7z\"\/><\/svg><\/span><\/span><\/span><\/a><\/span><\/div>\n<nav><ul class='ez-toc-list ez-toc-list-level-1' ><li class='ez-toc-page-1 ez-toc-heading-level-2'><a class=\"ez-toc-link ez-toc-heading-1\" href=\"https:\/\/mythslegendes.com\/es\/sioux-mitologia-lakota-dakota-nakota\/iktomi-y-el-coyote\/#Iktomi-and-the-Coyote\" >Iktomi y el Coyote<\/a><\/li><\/ul><\/nav><\/div>\n<h2 class=\"elementor-heading-title elementor-size-default\"><span class=\"ez-toc-section\" id=\"Iktomi-and-the-Coyote\"><\/span>Iktomi y el Coyote<span class=\"ez-toc-section-end\"><\/span><\/h2>\t\t\t\t<\/div>\n\t\t\t\t<\/div>\n\t\t\t\t\t<\/div>\n\t\t<\/div>\n\t\t\t\t\t<\/div>\n\t\t<\/section>\n\t\t\t\t<section class=\"elementor-section elementor-top-section elementor-element elementor-element-41ef158 elementor-section-boxed elementor-section-height-default elementor-section-height-default\" data-id=\"41ef158\" data-element_type=\"section\" data-e-type=\"section\">\n\t\t\t\t\t\t<div class=\"elementor-container elementor-column-gap-default\">\n\t\t\t\t\t<div class=\"elementor-column elementor-col-100 elementor-top-column elementor-element elementor-element-f2336d7\" data-id=\"f2336d7\" data-element_type=\"column\" data-e-type=\"column\">\n\t\t\t<div class=\"elementor-widget-wrap elementor-element-populated\">\n\t\t\t\t\t\t<div class=\"elementor-element elementor-element-73909de elementor-widget elementor-widget-text-editor\" data-id=\"73909de\" data-element_type=\"widget\" data-e-type=\"widget\" data-widget_type=\"text-editor.default\">\n\t\t\t\t<div class=\"elementor-widget-container\">\n\t\t\t\t\t\t\t\t\t<p>A lo lejos, sobre una gran tierra llana, un sol de verano brillaba intensamente. Aqu\u00ed y all\u00e1, sobre el verde ondulante, hab\u00eda altos racimos de malas hierbas grises y gruesas. Iktomi, con sus pantalones de ante con flecos, caminaba solo por la pradera con una cabeza desnuda y negra que brillaba a la luz del sol.<\/p>\n<p>Camin\u00f3 por la hierba sin seguir ning\u00fan sendero trillado. De un gran manojo de malezas toscas a otro, serpenteaba por la gran llanura. Levant\u00f3 el pie con ligereza y lo coloc\u00f3 suavemente hacia adelante como un gato mont\u00e9s merodeando sin hacer ruido a trav\u00e9s de la espesa hierba. Se detuvo a unos pasos de un grupo muy grande de sabios salvajes.<\/p>\n<p>De hombro a hombro inclin\u00f3 la cabeza. A\u00fan m\u00e1s se inclin\u00f3 de lado a lado, primero sobre una cadera y luego sobre la otra. Se inclin\u00f3 mucho m\u00e1s adelante, estirando su cuello largo y delgado como un pato, para ver qu\u00e9 hab\u00eda debajo de un abrigo de piel m\u00e1s all\u00e1 del mont\u00f3n de hierba \u00e1spera. \u00a1Un elegante lobo de pradera de cara gris!<\/p>\n<p>Su nariz negra y puntiaguda metida entre sus cuatro pies bien ajustados; su hermosa cola tupida enrollada sobre su nariz y pies; \u00a1un coyote profundamente dormido a la sombra de un mont\u00f3n de hierba! \u2013 esto es lo que Iktomi espi\u00f3.<\/p>\n<p>Con cuidado, levant\u00f3 un pie y estir\u00f3 con cautela los dedos de los pies. Suavemente, suavemente levant\u00f3 el pie de atr\u00e1s y lo coloc\u00f3 delante del otro. As\u00ed se acerc\u00f3 m\u00e1s y m\u00e1s a la bola redonda de piel que yac\u00eda inm\u00f3vil bajo la hierba de salvia. Ahora Iktomi estaba de pie junto a \u00e9l, mirando los p\u00e1rpados cerrados que no temblaban en lo m\u00e1s m\u00ednimo.<\/p>\n<p>Presionando sus labios en l\u00edneas rectas y asintiendo lentamente con la cabeza, se inclin\u00f3 sobre el lobo. Acerc\u00f3 la oreja a la nariz del coyote, pero no sali\u00f3 ni una bocanada de aire. &quot;\u00a1Muerto!&quot; dijo al fin. &quot;\u00a1Muerto, pero no hace mucho que corri\u00f3 por estas llanuras! \u00a1Mira! all\u00ed en su pata se ha cogido una pluma fresca. \u00a1Es una buena carne gorda!&quot;<\/p>\n<p>Agarrando la pata con la pluma de ave pegada a ella, exclam\u00f3: &quot;\u00a1Vaya, todav\u00eda est\u00e1 caliente! Lo llevar\u00e9 a mi vivienda y har\u00e9 un asado para la cena. \u00a1Aj\u00e1!&quot; se ri\u00f3, mientras agarraba al coyote por las dos patas delanteras y las dos patas traseras y lo balanceaba sobre sus hombros.<\/p>\n<p>El lobo era grande y el tipi estaba al otro lado de la pradera. Iktomi camin\u00f3 junto con su carga, chasqueando sus labios hambrientos. Parpade\u00f3 con fuerza para evitar el sudor salado que le corr\u00eda por la cara. Mientras tanto, el coyote sobre su espalda yac\u00eda mirando al cielo con los ojos muy abiertos. Sus largos dientes blancos brillaban bastante mientras sonre\u00eda y sonre\u00eda. &quot;Cabalgar sobre los propios pies es agotador, \u00a1pero ser llevado como un guerrero de una valiente pelea es muy divertido!&quot; dijo el coyote en su coraz\u00f3n.&quot;<\/p>\n<p>Nunca antes hab\u00eda nacido sobre la espalda de nadie y la nueva experiencia lo deleitaba. Yac\u00eda perezosamente sobre los hombros de Iktomi, parpadeando de vez en cuando con gui\u00f1os azules. \u00bfNunca viste un pajarito parpadear un gui\u00f1o azul? As\u00ed es como se convirti\u00f3 por primera vez en un dicho entre la gente de las llanuras.<\/p>\n<p>Cuando un p\u00e1jaro se mantiene apartado observando tus extra\u00f1os caminos, un fino tejido blanco azulado se desliza r\u00e1pidamente sobre sus ojos y se vuelve a quitar con la misma rapidez; tan r\u00e1pido que crees que fue solo un misterioso gui\u00f1o azul. A veces, cuando los ni\u00f1os se adormecen, parpadean con gui\u00f1os azules, mientras que otros, que son demasiado orgullosos para mirar a la gente con ojos amistosos, parpadean con esa frialdad de p\u00e1jaro.<\/p>\n<p>El coyote estaba afectado tanto por el sue\u00f1o como por el orgullo. Sus gui\u00f1os eran casi tan azules como el cielo. En medio de su nuevo placer ces\u00f3 el vaiv\u00e9n. Iktomi hab\u00eda llegado a su lugar de residencia.<\/p>\n<p>El coyote ya no se sent\u00eda somnoliento, porque al instante siguiente se le estaba escapando de las manos a Iktomi. Estaba cayendo, cayendo a trav\u00e9s del espacio, y luego golpe\u00f3 el suelo con tal fuerza que no quiso respirar por un rato. Se pregunt\u00f3 qu\u00e9 har\u00eda Iktomi, as\u00ed que se qued\u00f3 quieto donde cay\u00f3. Tarareando una canci\u00f3n de baile, una de su paquete de canciones misteriosas, Iktomi salt\u00f3 y corri\u00f3 alrededor de un baile y un fest\u00edn imaginarios.<\/p>\n<p>Sec\u00f3 ramas de sauce y las parti\u00f3 en dos contra su rodilla. Encendi\u00f3 un gran fuego al aire libre. Las llamas saltaron alto en rayas rojas y amarillas. Ahora Iktomi volvi\u00f3 al coyote que hab\u00eda estado mirando a trav\u00e9s de sus pesta\u00f1as.<\/p>\n<p>Tom\u00e1ndolo nuevamente por las patas y las patas traseras, lo balance\u00f3 de un lado a otro. Luego, cuando el lobo se balance\u00f3 hacia las llamas rojas, Iktomi lo dej\u00f3 ir. Una vez m\u00e1s el coyote cay\u00f3 por el espacio. El aire caliente golpe\u00f3 sus fosas nasales. Vio fuego rojo que bailaba, y ahora choc\u00f3 contra un lecho de ascuas que cruj\u00edan.<\/p>\n<p>Con un giro r\u00e1pido salt\u00f3 fuera de las llamas. De sus talones se esparci\u00f3 una lluvia de carbones rojos sobre los brazos y hombros desnudos de Iktomi.<\/p>\n<p>At\u00f3nito, Iktomi pens\u00f3 que vio un esp\u00edritu salir de su fuego.<\/p>\n<p>Sus mand\u00edbulas se desmoronaron. \u00a1\u00c9l empuj\u00f3 una palma a su cara, con fuerza sobre su boca!<\/p>\n<p>Apenas pudo evitar chillar. Rodando una y otra vez sobre la hierba y frotando los costados de su cabeza contra el suelo, el coyote pronto apag\u00f3 el fuego en su pelaje. Los ojos de Iktomi estaban casi a punto de salirse de su cabeza mientras se refrescaba una quemadura en su brazo moreno con su aliento.<\/p>\n<p>Sentado sobre sus patas traseras, en el lado opuesto del fuego desde donde estaba Iktomi, el coyote comenz\u00f3 a re\u00edrse de \u00e9l. &quot;Otro d\u00eda, amigo m\u00edo, no des demasiado por sentado. \u00a1Aseg\u00farate de que el enemigo est\u00e9 completamente muerto antes de encender un fuego!&quot;<\/p>\n<p>Luego ech\u00f3 a correr tan r\u00e1pido que su cola larga y tupida colgaba en l\u00ednea recta con su espalda.<\/p>\t\t\t\t\t\t\t\t<\/div>\n\t\t\t\t<\/div>\n\t\t\t\t\t<\/div>\n\t\t<\/div>\n\t\t\t\t\t<\/div>\n\t\t<\/section>\n\t\t\t\t<\/div>","protected":false},"excerpt":{"rendered":"<p>Sioux Mythology Wiki Los Lakotas o Titunwans (&quot;gente de la pradera&quot;) o Tetons en ingl\u00e9s (territorio tradicional de Dakota\/Wyoming) constitu\u00edan... <\/p>","protected":false},"author":1,"featured_media":0,"parent":3889,"menu_order":0,"comment_status":"closed","ping_status":"closed","template":"","meta":{"footnotes":""},"class_list":["post-24013","page","type-page","status-publish","hentry"],"amp_enabled":true,"_links":{"self":[{"href":"https:\/\/mythslegendes.com\/es\/wp-json\/wp\/v2\/pages\/24013","targetHints":{"allow":["GET"]}}],"collection":[{"href":"https:\/\/mythslegendes.com\/es\/wp-json\/wp\/v2\/pages"}],"about":[{"href":"https:\/\/mythslegendes.com\/es\/wp-json\/wp\/v2\/types\/page"}],"author":[{"embeddable":true,"href":"https:\/\/mythslegendes.com\/es\/wp-json\/wp\/v2\/users\/1"}],"replies":[{"embeddable":true,"href":"https:\/\/mythslegendes.com\/es\/wp-json\/wp\/v2\/comments?post=24013"}],"version-history":[{"count":3,"href":"https:\/\/mythslegendes.com\/es\/wp-json\/wp\/v2\/pages\/24013\/revisions"}],"predecessor-version":[{"id":24017,"href":"https:\/\/mythslegendes.com\/es\/wp-json\/wp\/v2\/pages\/24013\/revisions\/24017"}],"up":[{"embeddable":true,"href":"https:\/\/mythslegendes.com\/es\/wp-json\/wp\/v2\/pages\/3889"}],"wp:attachment":[{"href":"https:\/\/mythslegendes.com\/es\/wp-json\/wp\/v2\/media?parent=24013"}],"curies":[{"name":"wp","href":"https:\/\/api.w.org\/{rel}","templated":true}]}}