{"id":24018,"date":"2022-10-17T07:28:11","date_gmt":"2022-10-17T07:28:11","guid":{"rendered":"https:\/\/mythslegendes.com\/?page_id=24018"},"modified":"2022-10-17T07:30:45","modified_gmt":"2022-10-17T07:30:45","slug":"iktomi-and-the-ducks","status":"publish","type":"page","link":"https:\/\/mythslegendes.com\/es\/sioux-mitologia-lakota-dakota-nakota\/iktomi-y-los-patos\/","title":{"rendered":"Iktomi y los patos"},"content":{"rendered":"<div data-elementor-type=\"wp-page\" data-elementor-id=\"24018\" class=\"elementor elementor-24018\">\n\t\t\t\t\t\t<section class=\"elementor-section elementor-top-section elementor-element elementor-element-24c6331 elementor-section-boxed elementor-section-height-default elementor-section-height-default\" data-id=\"24c6331\" data-element_type=\"section\" data-e-type=\"section\">\n\t\t\t\t\t\t<div class=\"elementor-container elementor-column-gap-default\">\n\t\t\t\t\t<div class=\"elementor-column elementor-col-50 elementor-top-column elementor-element elementor-element-c2d4c11\" data-id=\"c2d4c11\" data-element_type=\"column\" data-e-type=\"column\">\n\t\t\t<div class=\"elementor-widget-wrap elementor-element-populated\">\n\t\t\t\t\t\t<div class=\"elementor-element elementor-element-1aec5c7 elementor-align-justify elementor-widget elementor-widget-button\" data-id=\"1aec5c7\" data-element_type=\"widget\" data-e-type=\"widget\" data-widget_type=\"button.default\">\n\t\t\t\t<div class=\"elementor-widget-container\">\n\t\t\t\t\t\t\t\t\t<div class=\"elementor-button-wrapper\">\n\t\t\t\t\t<a class=\"elementor-button elementor-button-link elementor-size-sm\" href=\"https:\/\/mythslegendes.com\/es\/sioux-mitologia-lakota-dakota-nakota\/\">\n\t\t\t\t\t\t<span class=\"elementor-button-content-wrapper\">\n\t\t\t\t\t\t\t\t\t<span class=\"elementor-button-text\">Mitolog\u00eda sioux<\/span>\n\t\t\t\t\t<\/span>\n\t\t\t\t\t<\/a>\n\t\t\t\t<\/div>\n\t\t\t\t\t\t\t\t<\/div>\n\t\t\t\t<\/div>\n\t\t\t\t\t<\/div>\n\t\t<\/div>\n\t\t\t\t<div class=\"elementor-column elementor-col-50 elementor-top-column elementor-element elementor-element-8c4e7c9\" data-id=\"8c4e7c9\" data-element_type=\"column\" data-e-type=\"column\">\n\t\t\t<div class=\"elementor-widget-wrap elementor-element-populated\">\n\t\t\t\t\t\t<div class=\"elementor-element elementor-element-9a5851f elementor-align-justify elementor-widget elementor-widget-button\" data-id=\"9a5851f\" data-element_type=\"widget\" data-e-type=\"widget\" data-widget_type=\"button.default\">\n\t\t\t\t<div class=\"elementor-widget-container\">\n\t\t\t\t\t\t\t\t\t<div class=\"elementor-button-wrapper\">\n\t\t\t\t\t<a class=\"elementor-button elementor-button-link elementor-size-sm\" href=\"https:\/\/www.firstpeople.us\/FP-Html-Legends\/IktomiandtheDucks-Lakota.html\" target=\"_blank\" rel=\"noopener\">\n\t\t\t\t\t\t<span class=\"elementor-button-content-wrapper\">\n\t\t\t\t\t\t\t\t\t<span class=\"elementor-button-text\">Wiki<\/span>\n\t\t\t\t\t<\/span>\n\t\t\t\t\t<\/a>\n\t\t\t\t<\/div>\n\t\t\t\t\t\t\t\t<\/div>\n\t\t\t\t<\/div>\n\t\t\t\t\t<\/div>\n\t\t<\/div>\n\t\t\t\t\t<\/div>\n\t\t<\/section>\n\t\t\t\t<section class=\"elementor-section elementor-top-section elementor-element elementor-element-b4ab1ed elementor-section-boxed elementor-section-height-default elementor-section-height-default\" data-id=\"b4ab1ed\" data-element_type=\"section\" data-e-type=\"section\">\n\t\t\t\t\t\t<div class=\"elementor-container elementor-column-gap-default\">\n\t\t\t\t\t<div class=\"elementor-column elementor-col-100 elementor-top-column elementor-element elementor-element-6d2a393\" data-id=\"6d2a393\" data-element_type=\"column\" data-e-type=\"column\">\n\t\t\t<div class=\"elementor-widget-wrap elementor-element-populated\">\n\t\t\t\t\t\t<div class=\"elementor-element elementor-element-3f424dc elementor-widget elementor-widget-text-editor\" data-id=\"3f424dc\" data-element_type=\"widget\" data-e-type=\"widget\" data-widget_type=\"text-editor.default\">\n\t\t\t\t<div class=\"elementor-widget-container\">\n\t\t\t\t\t\t\t\t\t<p><strong>El Lakota<\/strong> o Titunwans (&quot;gente de la pradera&quot;) o Tetons en ingl\u00e9s (territorio tradicional de Dakota\/Wyoming) fue originalmente uno de los siete incendios del consejo. Esta es su historia: Iktomi y los patos.<\/p><p><img decoding=\"async\" class=\"alignnone wp-image-9347 size-full\" src=\"https:\/\/mythslegendes.com\/wp-content\/uploads\/2020\/09\/cropped-AlphaOmega-e1602613368367.png\" alt=\"Iktomi y los patos\" width=\"25\" height=\"25\" title=\"\"><\/p>\t\t\t\t\t\t\t\t<\/div>\n\t\t\t\t<\/div>\n\t\t\t\t\t<\/div>\n\t\t<\/div>\n\t\t\t\t\t<\/div>\n\t\t<\/section>\n\t\t\t\t<section class=\"elementor-section elementor-top-section elementor-element elementor-element-e54dea1 elementor-section-boxed elementor-section-height-default elementor-section-height-default\" data-id=\"e54dea1\" data-element_type=\"section\" data-e-type=\"section\">\n\t\t\t\t\t\t<div class=\"elementor-container elementor-column-gap-default\">\n\t\t\t\t\t<div class=\"elementor-column elementor-col-100 elementor-top-column elementor-element elementor-element-5b3c9ad\" data-id=\"5b3c9ad\" data-element_type=\"column\" data-e-type=\"column\">\n\t\t\t<div class=\"elementor-widget-wrap elementor-element-populated\">\n\t\t\t\t\t\t<div class=\"elementor-element elementor-element-4ea2185 elementor-widget elementor-widget-heading\" data-id=\"4ea2185\" data-element_type=\"widget\" data-e-type=\"widget\" data-widget_type=\"heading.default\">\n\t\t\t\t<div class=\"elementor-widget-container\">\n\t\t\t\t\t<div id=\"ez-toc-container\" class=\"ez-toc-v2_0_82_2 counter-hierarchy ez-toc-counter ez-toc-grey ez-toc-container-direction\">\n<div class=\"ez-toc-title-container\">\n<p class=\"ez-toc-title\" style=\"cursor:inherit\">Contenido<\/p>\n<span class=\"ez-toc-title-toggle\"><a href=\"#\" class=\"ez-toc-pull-right ez-toc-btn ez-toc-btn-xs ez-toc-btn-default ez-toc-toggle\" aria-label=\"Alternar tabla de contenidos\"><span class=\"ez-toc-js-icon-con\"><span class=\"\"><span class=\"eztoc-hide\" style=\"display:none;\">Palanca<\/span><span class=\"ez-toc-icon-toggle-span\"><svg style=\"fill: #999;color:#999\" xmlns=\"http:\/\/www.w3.org\/2000\/svg\" class=\"list-377408\" width=\"20px\" height=\"20px\" viewbox=\"0 0 24 24\" fill=\"none\"><path d=\"M6 6H4v2h2V6zm14 0H8v2h12V6zM4 11h2v2H4v-2zm16 0H8v2h12v-2zM4 16h2v2H4v-2zm16 0H8v2h12v-2z\" fill=\"currentColor\"><\/path><\/svg><svg style=\"fill: #999;color:#999\" class=\"arrow-unsorted-368013\" xmlns=\"http:\/\/www.w3.org\/2000\/svg\" width=\"10px\" height=\"10px\" viewbox=\"0 0 24 24\" version=\"1.2\" baseprofile=\"tiny\"><path d=\"M18.2 9.3l-6.2-6.3-6.2 6.3c-.2.2-.3.4-.3.7s.1.5.3.7c.2.2.4.3.7.3h11c.3 0 .5-.1.7-.3.2-.2.3-.5.3-.7s-.1-.5-.3-.7zM5.8 14.7l6.2 6.3 6.2-6.3c.2-.2.3-.5.3-.7s-.1-.5-.3-.7c-.2-.2-.4-.3-.7-.3h-11c-.3 0-.5.1-.7.3-.2.2-.3.5-.3.7s.1.5.3.7z\"\/><\/svg><\/span><\/span><\/span><\/a><\/span><\/div>\n<nav><ul class='ez-toc-list ez-toc-list-level-1' ><li class='ez-toc-page-1 ez-toc-heading-level-2'><a class=\"ez-toc-link ez-toc-heading-1\" href=\"https:\/\/mythslegendes.com\/es\/sioux-mitologia-lakota-dakota-nakota\/iktomi-y-los-patos\/#Iktomi-and-the-Ducks\" >Iktomi y los patos<\/a><\/li><\/ul><\/nav><\/div>\n<h2 class=\"elementor-heading-title elementor-size-default\"><span class=\"ez-toc-section\" id=\"Iktomi-and-the-Ducks\"><\/span>Iktomi y los patos<span class=\"ez-toc-section-end\"><\/span><\/h2>\t\t\t\t<\/div>\n\t\t\t\t<\/div>\n\t\t\t\t\t<\/div>\n\t\t<\/div>\n\t\t\t\t\t<\/div>\n\t\t<\/section>\n\t\t\t\t<section class=\"elementor-section elementor-top-section elementor-element elementor-element-f72ee8c elementor-section-boxed elementor-section-height-default elementor-section-height-default\" data-id=\"f72ee8c\" data-element_type=\"section\" data-e-type=\"section\">\n\t\t\t\t\t\t<div class=\"elementor-container elementor-column-gap-default\">\n\t\t\t\t\t<div class=\"elementor-column elementor-col-100 elementor-top-column elementor-element elementor-element-98e4316\" data-id=\"98e4316\" data-element_type=\"column\" data-e-type=\"column\">\n\t\t\t<div class=\"elementor-widget-wrap elementor-element-populated\">\n\t\t\t\t\t\t<div class=\"elementor-element elementor-element-2c2535f elementor-widget elementor-widget-text-editor\" data-id=\"2c2535f\" data-element_type=\"widget\" data-e-type=\"widget\" data-widget_type=\"text-editor.default\">\n\t\t\t\t<div class=\"elementor-widget-container\">\n\t\t\t\t\t\t\t\t\t<p>Un d\u00eda, Iktomi se sent\u00f3 con hambre dentro de su tipi. De repente sali\u00f3 corriendo, arrastrando tras de s\u00ed su manta. Esparci\u00e9ndola r\u00e1pidamente en el suelo, arranc\u00f3 hierba alta y seca con ambas manos y la arroj\u00f3 r\u00e1pidamente sobre la manta.<\/p>\n<p>Atando las cuatro esquinas en un nudo, arroj\u00f3 el ligero manojo de hierba sobre su hombro. Agarrando un delgado palo de sauce con su mano izquierda libre, comenz\u00f3 con un salto y un salto. Rebotaba de un lado a otro, con el bulto a la espalda, mientras corr\u00eda con paso ligero por el suelo irregular.<\/p>\n<p>Pronto lleg\u00f3 al borde de la gran tierra llana. En la cima de la colina se detuvo para tomar aliento. Con perversos chasquidos de sus labios secos y resecos, como si probara carne tierna, mir\u00f3 directamente al espacio hacia el fondo pantanoso del r\u00edo. Con una delgada palma de la mano protegi\u00e9ndose los ojos del sol del oeste, mir\u00f3 a lo lejos hacia las tierras bajas, mordi\u00e9ndose las mejillas todo el tiempo.<\/p>\n<p>&quot;\u00a1Aj\u00e1!&quot; gru\u00f1\u00f3 \u00e9l, satisfecho con lo que vio. Un grupo de patos salvajes bailaba y festejaba en los pantanos. Con las alas extendidas, de punta a punta, se mov\u00edan arriba y abajo en un gran c\u00edrculo. Dentro del ring, alrededor de un peque\u00f1o tambor, estaban sentados los cantantes elegidos, asintiendo con la cabeza y parpadeando.<\/p>\n<p>Cantaron al un\u00edsono una alegre canci\u00f3n de baile y tocaron un vivo tamborileo. Siguiendo un sendero sinuoso cercano, vino una figura encorvada de un <a href=\"https:\/\/mythslegendes.com\/es\/sioux-mitologia-lakota-dakota-nakota\/\">Lakota<\/a> corajudo. Llevaba a la espalda un bulto muy grande. Con un bast\u00f3n de sauce se apoy\u00f3 mientras caminaba tambale\u00e1ndose bajo su carga.<\/p>\n<p>&quot;\u00a1Ho! \u00bfQui\u00e9n est\u00e1 ah\u00ed?&quot; grit\u00f3 un pato viejo y curioso, todav\u00eda movi\u00e9ndose arriba y abajo en la danza circular. Entonces los tamborileros estiraron sus cuellos hasta ahogar su canci\u00f3n para mirar al extra\u00f1o que pasaba.<\/p>\n<p>&quot;\u00a1Ho, Iktomi! Viejo, por favor dinos qu\u00e9 llevas en tu manta. \u00a1No te apresures! \u00a1Alto! \u00a1Alto!&quot; pregunt\u00f3 uno de los cantantes.<\/p>\n<p>&quot;\u00a1Detente! \u00a1Qu\u00e9date! \u00a1Mu\u00e9stranos qu\u00e9 hay en tu manta!&quot; gritaron otras voces.<\/p>\n<p>&quot;Amigos m\u00edos, no debo estropearles el baile. Oh, no les importar\u00eda ver si supieran lo que hay en mi manta. \u00a1Sigan cantando! \u00a1Sigan bailando! No debo mostrarles lo que llevo en la espalda&quot;, respondi\u00f3 Iktomi. , empujando sus propios costados con los codos.<\/p>\n<p>Esta respuesta rompi\u00f3 el anillo por completo. Ahora todos los patos se api\u00f1aron alrededor de Iktomi. &quot;\u00a1Debemos ver lo que llevas! \u00a1Debemos saber qu\u00e9 hay en tu manta!&quot; le gritaron en ambos o\u00eddos. Algunos incluso rozaron sus alas contra el misterioso bulto.<\/p>\n<p>Empuj\u00e1ndose a s\u00ed mismo de nuevo, el astuto Iktomi dijo: &quot;Amigos m\u00edos, es solo un paquete de canciones lo que llevo en mi manta&quot;.<\/p>\n<p>&quot;\u00a1Oh, entonces d\u00e9janos escuchar tus canciones!&quot; gritaron los patos curiosos.<\/p>\n<p>Finalmente, Iktomi accedi\u00f3 a cantar sus canciones. Con deleite todos los patos batieron sus alas y gritaron juntos, &quot;\u00a1Hoye! \u00a1Hoye!&quot; Iktomi, con mucho cuidado, dej\u00f3 su bulto en el suelo. &quot;Construir\u00e9 primero una casa redonda de paja, porque nunca canto mis canciones al aire libre&quot;, dijo.<\/p>\n<p>R\u00e1pidamente dobl\u00f3 palos de sauce verde, plantando ambos extremos de cada poste en la tierra. Estos los cubri\u00f3 con ca\u00f1as y hierbas. Pronto la choza de paja estuvo lista. Uno a uno, los gordos patos entraron por una peque\u00f1a abertura, que era la \u00fanica entrada. Junto a la puerta, Iktomi estaba de pie sonriendo, mientras los patos, mirando su conjunto de canciones, entraban pavone\u00e1ndose en la caba\u00f1a.<\/p>\n<p>En una extra\u00f1a voz baja, Iktomi comenz\u00f3 sus extra\u00f1as melod\u00edas antiguas. Todos los patos se sentaron con los ojos redondos en c\u00edrculo alrededor del misterioso cantor. Estaba oscuro en esa choza de paja, porque Iktomi no se hab\u00eda olvidado de cubrir la peque\u00f1a entrada. De repente, su canci\u00f3n estall\u00f3 a plena voz. Mientras los patos asustados se sentaban inquietos en el suelo, Iktomi cambi\u00f3 su tono a un tono menor. Estas fueron las palabras que sangre:<\/p>\n<p>&quot;Istokmus wacipo, tuwayatunwanpi kinhan ista nishashapi kta&quot;, que es: &quot;Con los ojos cerrados debes bailar. El que se atreva a abrir los ojos, tendr\u00e1 ojos rojos para siempre&quot;.<\/p>\n<p>El c\u00edrculo de patos sentados se elev\u00f3 y sosteniendo sus alas pegadas a sus costados comenz\u00f3 a bailar al ritmo de la canci\u00f3n y el tambor de Iktomi. \u00a1Con los ojos cerrados bailaron! Iktomi dej\u00f3 de tocar su tambor. Empez\u00f3 a cantar m\u00e1s fuerte y m\u00e1s r\u00e1pido. Parec\u00eda estar movi\u00e9ndose en el centro del ring.<\/p>\n<p>Ning\u00fan pato se atrevi\u00f3 a parpadear. Cada uno cerr\u00f3 los ojos muy fuerte y bail\u00f3 a\u00fan m\u00e1s fuerte. \u00a1Arriba y abajo! Desplaz\u00e1ndose a la derecha de ellos, dieron vueltas y m\u00e1s vueltas en esa danza ciega. Fue un baile dif\u00edcil para la gente curiosa.<\/p>\n<p>\u00a1Por fin uno de los bailarines ya no pudo cerrar los ojos! Fue un Skiska quien mir\u00f3 a hurtadillas a Iktomi en el centro del c\u00edrculo. &quot;\u00a1Oh, oh!&quot; \u00a1Grit\u00f3 con terrible terror! &quot;\u00a1Corre! \u00a1Vuela! \u00a1Iktomi est\u00e1 torciendo tus cabezas y rompiendo tus cuellos! \u00a1Corre y vuela! \u00a1Vuela!&quot; grit\u00f3. Entonces los patos abrieron los ojos.<\/p>\n<p>All\u00ed, junto al paquete de canciones de Iktomi, yac\u00eda la mitad de su multitud, boca arriba. Salieron volando a trav\u00e9s de la abertura que Skiska hab\u00eda hecho mientras sal\u00eda corriendo con su alarma. Pero mientras se elevaban hacia el cielo azul, se gritaban unos a otros: &quot;\u00a1Oh! \u00a1Tus ojos son rojos-rojos!&quot; &quot;\u00a1Y los tuyos son rojo-rojo!&quot; Porque las palabras de advertencia de la cepa m\u00e1gica menor hab\u00edan demostrado ser ciertas.<\/p>\n<p>&quot;\u00a1Aj\u00e1!&quot; ri\u00f3 Iktomi, desatando las cuatro esquinas de su manta, &quot;No me sentar\u00e9 m\u00e1s hambriento dentro de mi morada&quot;. De regreso a casa camin\u00f3 con buenos patos gordos en su manta. Dej\u00f3 la choza de paja para que las lluvias y los vientos la derribaran. Habiendo llegado a su propio tipi en las tierras altas, Iktomi encendi\u00f3 un gran fuego al aire libre. Plant\u00f3 palos puntiagudos alrededor de las llamas saltarinas. En cada estaca fij\u00f3 un pato para asar. A algunos los enterr\u00f3 bajo las cenizas para hornearlos.<\/p>\n<p>Desapareciendo dentro de su tipi, volvi\u00f3 a salir con unas enormes conchas marinas. Estos eran sus platos. Colocando uno debajo de cada pato asado, murmur\u00f3: &quot;La grasa dulce que sale sabr\u00e1 bien con las pechugas cocidas&quot;.<\/p>\n<p>Amontonando m\u00e1s sauces sobre el fuego, Iktomi se sent\u00f3 en el suelo con las espinillas cruzadas. Una larga barbilla entre las rodillas apuntaba hacia las llamas rojas, mientras sus ojos estaban fijos en los patos dorados. Justo por encima de los tobillos, junta y abre sus dedos largos y huesudos. De vez en cuando aspiraba con impaciencia el sabroso olor.<\/p>\n<p>El viento fresco que agitaba el fuego tambi\u00e9n jugueteaba con un \u00e1rbol viejo y chirriante junto a la tienda india de Iktomi. De un lado a otro el \u00e1rbol se balanceaba y gritaba con voz de anciano: &quot;\u00a1Ayuda! \u00a1Me romper\u00e9! \u00a1Me caer\u00e9!&quot;<\/p>\n<p>Iktomi encogi\u00f3 sus grandes hombros, pero no apart\u00f3 los ojos de los patos ni una sola vez. El goteo de aceite de \u00e1mbar en platos nacarados, gota a gota, complaci\u00f3 sus ojos hambrientos.<\/p>\n<p>A\u00fan as\u00ed, el viejo hombre \u00e1rbol pidi\u00f3 ayuda. &quot;\u00a1\u00c9l! \u00a1Qu\u00e9 sonido es ese que hace que me duela el o\u00eddo!&quot; exclam\u00f3 Iktomi, llev\u00e1ndose una mano a la oreja. Se levant\u00f3 y mir\u00f3 a su alrededor. El chirrido proven\u00eda del \u00e1rbol. Luego comenz\u00f3 a trepar al \u00e1rbol para encontrar el sonido desagradable. Puso su pie derecho sobre una rama agrietada sin verlo. Justo en ese momento lleg\u00f3 una r\u00e1faga de viento y junt\u00f3 los bordes rotos. All\u00ed, en una fuerte mano de madera, el pie de Iktomi fue atrapado.<\/p>\n<p>&quot;\u00a1Oh! \u00a1Mi pie est\u00e1 aplastado!&quot; aull\u00f3 como un cobarde. En vano tir\u00f3 y resopl\u00f3 para liberarse.<\/p>\n<p>Mientras estaba sentado prisionero en el \u00e1rbol, espi\u00f3, a trav\u00e9s de sus l\u00e1grimas, una manada de lobos grises que vagaban por las tierras llanas. Agitando las manos hacia ellos, grit\u00f3 con su voz m\u00e1s fuerte: &quot;\u00a1\u00c9l! \u00a1Lobos grises! \u00a1No vengan aqu\u00ed! Estoy atrapado r\u00e1pidamente en el \u00e1rbol para que mi fest\u00edn de pato se est\u00e9 enfriando. \u00a1No vengan a comer!&quot; mi comida&quot;.<\/p>\n<p>El l\u00edder de la manada al escuchar las palabras de Iktomi se volvi\u00f3 hacia sus camaradas y dijo: &quot;\u00a1Ah! \u00a1Escuchen al tonto! \u00a1Dice que tiene un fest\u00edn de patos para comer! \u00a1D\u00e9monos prisa all\u00ed por nuestra parte!&quot;<\/p>\n<p>Lejos saltaban los lobos hacia la caba\u00f1a de Iktomi. Desde el \u00e1rbol, Iktomi observaba a los lobos hambrientos devorar sus patos gordos bien dorados. Su pie le dol\u00eda m\u00e1s y m\u00e1s. Los oy\u00f3 romper los huesos peque\u00f1os y redondos con sus dientes largos y fuertes y devorar la m\u00e9dula aceitosa.<\/p>\n<p>Ahora dolores severos se dispararon desde su pie a trav\u00e9s de todo su cuerpo. &quot;\u00a1Hin-hin-hin!&quot; solloz\u00f3 Iktomi. L\u00e1grimas reales ba\u00f1aron sus mejillas pintadas de rojo con vetas marrones.<\/p>\n<p>Chasqueando sus labios, los lobos comenzaron a abandonar el lugar, cuando Iktomi grit\u00f3 como un ni\u00f1o haciendo pucheros, &quot;\u00a1Al menos has dejado mi horneado bajo las cenizas!&quot;<\/p>\n<p>&quot;\u00a1Ho! \u00a1Po!&quot; gritaron los traviesos lobos; &quot;\u00a1Dice que se encuentran m\u00e1s patos bajo las cenizas! \u00a1Ven! \u00a1Vamos a llenarnos por esta vez!&quot; Corriendo de regreso al fuego extinguido, patearon a los patos con tanta prisa que una nube de cenizas se elev\u00f3 sobre ellos como un humo gris.<\/p>\n<p>&quot;\u00a1Hin-hin-hin!&quot; gimi\u00f3 Iktomi, cuando los lobos se hab\u00edan ido. Demasiado tarde, la fuerte brisa regres\u00f3 y, al pasar, separ\u00f3 los bordes rotos del \u00e1rbol. Iktomi fue puesto en libertad. \u00a1Pero Ay! no ten\u00eda banquete de pato.<\/p>\t\t\t\t\t\t\t\t<\/div>\n\t\t\t\t<\/div>\n\t\t\t\t\t<\/div>\n\t\t<\/div>\n\t\t\t\t\t<\/div>\n\t\t<\/section>\n\t\t\t\t<\/div>","protected":false},"excerpt":{"rendered":"<p>Sioux Mythology Wiki Los Lakotas o Titunwans (&quot;gente de la pradera&quot;) o Tetons en ingl\u00e9s (territorio tradicional de Dakota\/Wyoming) constitu\u00edan... <\/p>","protected":false},"author":1,"featured_media":0,"parent":3889,"menu_order":0,"comment_status":"closed","ping_status":"closed","template":"","meta":{"footnotes":""},"class_list":["post-24018","page","type-page","status-publish","hentry"],"amp_enabled":true,"_links":{"self":[{"href":"https:\/\/mythslegendes.com\/es\/wp-json\/wp\/v2\/pages\/24018","targetHints":{"allow":["GET"]}}],"collection":[{"href":"https:\/\/mythslegendes.com\/es\/wp-json\/wp\/v2\/pages"}],"about":[{"href":"https:\/\/mythslegendes.com\/es\/wp-json\/wp\/v2\/types\/page"}],"author":[{"embeddable":true,"href":"https:\/\/mythslegendes.com\/es\/wp-json\/wp\/v2\/users\/1"}],"replies":[{"embeddable":true,"href":"https:\/\/mythslegendes.com\/es\/wp-json\/wp\/v2\/comments?post=24018"}],"version-history":[{"count":3,"href":"https:\/\/mythslegendes.com\/es\/wp-json\/wp\/v2\/pages\/24018\/revisions"}],"predecessor-version":[{"id":24022,"href":"https:\/\/mythslegendes.com\/es\/wp-json\/wp\/v2\/pages\/24018\/revisions\/24022"}],"up":[{"embeddable":true,"href":"https:\/\/mythslegendes.com\/es\/wp-json\/wp\/v2\/pages\/3889"}],"wp:attachment":[{"href":"https:\/\/mythslegendes.com\/es\/wp-json\/wp\/v2\/media?parent=24018"}],"curies":[{"name":"wp","href":"https:\/\/api.w.org\/{rel}","templated":true}]}}