{"id":24023,"date":"2022-10-17T07:31:34","date_gmt":"2022-10-17T07:31:34","guid":{"rendered":"https:\/\/mythslegendes.com\/?page_id=24023"},"modified":"2022-10-17T07:33:54","modified_gmt":"2022-10-17T07:33:54","slug":"iktomi-and-the-fawn","status":"publish","type":"page","link":"https:\/\/mythslegendes.com\/es\/sioux-mitologia-lakota-dakota-nakota\/iktomi-y-el-cervatillo\/","title":{"rendered":"Iktomi y el cervatillo"},"content":{"rendered":"<div data-elementor-type=\"wp-page\" data-elementor-id=\"24023\" class=\"elementor elementor-24023\">\n\t\t\t\t\t\t<section class=\"elementor-section elementor-top-section elementor-element elementor-element-87941ef elementor-section-boxed elementor-section-height-default elementor-section-height-default\" data-id=\"87941ef\" data-element_type=\"section\" data-e-type=\"section\">\n\t\t\t\t\t\t<div class=\"elementor-container elementor-column-gap-default\">\n\t\t\t\t\t<div class=\"elementor-column elementor-col-50 elementor-top-column elementor-element elementor-element-c882839\" data-id=\"c882839\" data-element_type=\"column\" data-e-type=\"column\">\n\t\t\t<div class=\"elementor-widget-wrap elementor-element-populated\">\n\t\t\t\t\t\t<div class=\"elementor-element elementor-element-f6b8f83 elementor-align-justify elementor-widget elementor-widget-button\" data-id=\"f6b8f83\" data-element_type=\"widget\" data-e-type=\"widget\" data-widget_type=\"button.default\">\n\t\t\t\t<div class=\"elementor-widget-container\">\n\t\t\t\t\t\t\t\t\t<div class=\"elementor-button-wrapper\">\n\t\t\t\t\t<a class=\"elementor-button elementor-button-link elementor-size-sm\" href=\"https:\/\/mythslegendes.com\/es\/sioux-mitologia-lakota-dakota-nakota\/\">\n\t\t\t\t\t\t<span class=\"elementor-button-content-wrapper\">\n\t\t\t\t\t\t\t\t\t<span class=\"elementor-button-text\">Mitolog\u00eda sioux<\/span>\n\t\t\t\t\t<\/span>\n\t\t\t\t\t<\/a>\n\t\t\t\t<\/div>\n\t\t\t\t\t\t\t\t<\/div>\n\t\t\t\t<\/div>\n\t\t\t\t\t<\/div>\n\t\t<\/div>\n\t\t\t\t<div class=\"elementor-column elementor-col-50 elementor-top-column elementor-element elementor-element-9c67c2b\" data-id=\"9c67c2b\" data-element_type=\"column\" data-e-type=\"column\">\n\t\t\t<div class=\"elementor-widget-wrap elementor-element-populated\">\n\t\t\t\t\t\t<div class=\"elementor-element elementor-element-aa6f731 elementor-align-justify elementor-widget elementor-widget-button\" data-id=\"aa6f731\" data-element_type=\"widget\" data-e-type=\"widget\" data-widget_type=\"button.default\">\n\t\t\t\t<div class=\"elementor-widget-container\">\n\t\t\t\t\t\t\t\t\t<div class=\"elementor-button-wrapper\">\n\t\t\t\t\t<a class=\"elementor-button elementor-button-link elementor-size-sm\" href=\"https:\/\/www.firstpeople.us\/FP-Html-Legends\/IktomiandtheFawn-Lakota.html\" target=\"_blank\" rel=\"noopener\">\n\t\t\t\t\t\t<span class=\"elementor-button-content-wrapper\">\n\t\t\t\t\t\t\t\t\t<span class=\"elementor-button-text\">Wiki<\/span>\n\t\t\t\t\t<\/span>\n\t\t\t\t\t<\/a>\n\t\t\t\t<\/div>\n\t\t\t\t\t\t\t\t<\/div>\n\t\t\t\t<\/div>\n\t\t\t\t\t<\/div>\n\t\t<\/div>\n\t\t\t\t\t<\/div>\n\t\t<\/section>\n\t\t\t\t<section class=\"elementor-section elementor-top-section elementor-element elementor-element-17cc495 elementor-section-boxed elementor-section-height-default elementor-section-height-default\" data-id=\"17cc495\" data-element_type=\"section\" data-e-type=\"section\">\n\t\t\t\t\t\t<div class=\"elementor-container elementor-column-gap-default\">\n\t\t\t\t\t<div class=\"elementor-column elementor-col-100 elementor-top-column elementor-element elementor-element-1f70343\" data-id=\"1f70343\" data-element_type=\"column\" data-e-type=\"column\">\n\t\t\t<div class=\"elementor-widget-wrap elementor-element-populated\">\n\t\t\t\t\t\t<div class=\"elementor-element elementor-element-44118c1 elementor-widget elementor-widget-text-editor\" data-id=\"44118c1\" data-element_type=\"widget\" data-e-type=\"widget\" data-widget_type=\"text-editor.default\">\n\t\t\t\t<div class=\"elementor-widget-container\">\n\t\t\t\t\t\t\t\t\t<p><strong>El Lakota<\/strong> o Titunwans (&quot;gente de la pradera&quot;) o Tetons en ingl\u00e9s (territorio tradicional de Dakota\/Wyoming) fue originalmente uno de los siete incendios del consejo. Aqu\u00ed est\u00e1 su historia: Iktomi y el cervatillo.<\/p><p><img decoding=\"async\" class=\"alignnone wp-image-9347 size-full\" src=\"https:\/\/mythslegendes.com\/wp-content\/uploads\/2020\/09\/cropped-AlphaOmega-e1602613368367.png\" alt=\"Iktomi y el cervatillo\" width=\"25\" height=\"25\" title=\"\"><\/p>\t\t\t\t\t\t\t\t<\/div>\n\t\t\t\t<\/div>\n\t\t\t\t\t<\/div>\n\t\t<\/div>\n\t\t\t\t\t<\/div>\n\t\t<\/section>\n\t\t\t\t<section class=\"elementor-section elementor-top-section elementor-element elementor-element-71c9181 elementor-section-boxed elementor-section-height-default elementor-section-height-default\" data-id=\"71c9181\" data-element_type=\"section\" data-e-type=\"section\">\n\t\t\t\t\t\t<div class=\"elementor-container elementor-column-gap-default\">\n\t\t\t\t\t<div class=\"elementor-column elementor-col-100 elementor-top-column elementor-element elementor-element-ca43a90\" data-id=\"ca43a90\" data-element_type=\"column\" data-e-type=\"column\">\n\t\t\t<div class=\"elementor-widget-wrap elementor-element-populated\">\n\t\t\t\t\t\t<div class=\"elementor-element elementor-element-6f95c8c elementor-widget elementor-widget-heading\" data-id=\"6f95c8c\" data-element_type=\"widget\" data-e-type=\"widget\" data-widget_type=\"heading.default\">\n\t\t\t\t<div class=\"elementor-widget-container\">\n\t\t\t\t\t<div id=\"ez-toc-container\" class=\"ez-toc-v2_0_82_2 counter-hierarchy ez-toc-counter ez-toc-grey ez-toc-container-direction\">\n<div class=\"ez-toc-title-container\">\n<p class=\"ez-toc-title\" style=\"cursor:inherit\">Contenido<\/p>\n<span class=\"ez-toc-title-toggle\"><a href=\"#\" class=\"ez-toc-pull-right ez-toc-btn ez-toc-btn-xs ez-toc-btn-default ez-toc-toggle\" aria-label=\"Alternar tabla de contenidos\"><span class=\"ez-toc-js-icon-con\"><span class=\"\"><span class=\"eztoc-hide\" style=\"display:none;\">Palanca<\/span><span class=\"ez-toc-icon-toggle-span\"><svg style=\"fill: #999;color:#999\" xmlns=\"http:\/\/www.w3.org\/2000\/svg\" class=\"list-377408\" width=\"20px\" height=\"20px\" viewbox=\"0 0 24 24\" fill=\"none\"><path d=\"M6 6H4v2h2V6zm14 0H8v2h12V6zM4 11h2v2H4v-2zm16 0H8v2h12v-2zM4 16h2v2H4v-2zm16 0H8v2h12v-2z\" fill=\"currentColor\"><\/path><\/svg><svg style=\"fill: #999;color:#999\" class=\"arrow-unsorted-368013\" xmlns=\"http:\/\/www.w3.org\/2000\/svg\" width=\"10px\" height=\"10px\" viewbox=\"0 0 24 24\" version=\"1.2\" baseprofile=\"tiny\"><path d=\"M18.2 9.3l-6.2-6.3-6.2 6.3c-.2.2-.3.4-.3.7s.1.5.3.7c.2.2.4.3.7.3h11c.3 0 .5-.1.7-.3.2-.2.3-.5.3-.7s-.1-.5-.3-.7zM5.8 14.7l6.2 6.3 6.2-6.3c.2-.2.3-.5.3-.7s-.1-.5-.3-.7c-.2-.2-.4-.3-.7-.3h-11c-.3 0-.5.1-.7.3-.2.2-.3.5-.3.7s.1.5.3.7z\"\/><\/svg><\/span><\/span><\/span><\/a><\/span><\/div>\n<nav><ul class='ez-toc-list ez-toc-list-level-1' ><li class='ez-toc-page-1 ez-toc-heading-level-2'><a class=\"ez-toc-link ez-toc-heading-1\" href=\"https:\/\/mythslegendes.com\/es\/sioux-mitologia-lakota-dakota-nakota\/iktomi-y-el-cervatillo\/#Iktomi-and-the-Fawn\" >Iktomi y el cervatillo<\/a><\/li><\/ul><\/nav><\/div>\n<h2 class=\"elementor-heading-title elementor-size-default\"><span class=\"ez-toc-section\" id=\"Iktomi-and-the-Fawn\"><\/span>Iktomi y el cervatillo<span class=\"ez-toc-section-end\"><\/span><\/h2>\t\t\t\t<\/div>\n\t\t\t\t<\/div>\n\t\t\t\t\t<\/div>\n\t\t<\/div>\n\t\t\t\t\t<\/div>\n\t\t<\/section>\n\t\t\t\t<section class=\"elementor-section elementor-top-section elementor-element elementor-element-c042edd elementor-section-boxed elementor-section-height-default elementor-section-height-default\" data-id=\"c042edd\" data-element_type=\"section\" data-e-type=\"section\">\n\t\t\t\t\t\t<div class=\"elementor-container elementor-column-gap-default\">\n\t\t\t\t\t<div class=\"elementor-column elementor-col-100 elementor-top-column elementor-element elementor-element-6f5ce5d\" data-id=\"6f5ce5d\" data-element_type=\"column\" data-e-type=\"column\">\n\t\t\t<div class=\"elementor-widget-wrap elementor-element-populated\">\n\t\t\t\t\t\t<div class=\"elementor-element elementor-element-a0fe1c6 elementor-widget elementor-widget-text-editor\" data-id=\"a0fe1c6\" data-element_type=\"widget\" data-e-type=\"widget\" data-widget_type=\"text-editor.default\">\n\t\t\t\t<div class=\"elementor-widget-container\">\n\t\t\t\t\t\t\t\t\t<p>En uno de sus vagabundeos por las tierras boscosas, Iktomi vio un p\u00e1jaro raro posado en lo alto de la copa de un \u00e1rbol. Las largas plumas de su cola en forma de abanico hab\u00edan captado todos los hermosos colores del arco\u00edris. Apuesto bajo el reluciente sol de verano estaba sentado el p\u00e1jaro de plumaje de arco\u00edris.<\/p>\n<p>Iktomi se apresur\u00f3 hacia aqu\u00ed con los ojos fijos en el p\u00e1jaro. Se par\u00f3 debajo del \u00e1rbol mirando larga y melanc\u00f3licamente las brillantes plumas del pavo real.<\/p>\n<p>Finalmente, suspir\u00f3 y comenz\u00f3: &quot;\u00a1Oh, desear\u00eda tener plumas tan bonitas! \u00a1C\u00f3mo desear\u00eda no ser yo! \u00a1Si tan solo fuera una hermosa criatura emplumada, qu\u00e9 feliz ser\u00eda! Estar\u00eda tan feliz de sentarme&quot;. sobre un \u00e1rbol muy alto y tomar el sol de verano como t\u00fa!&quot; dijo de repente, se\u00f1alando con su dedo huesudo hacia el pavo real, que estaba mirando al extra\u00f1o de abajo, girando la cabeza de un lado a otro. &quot;\u00a1Te ruego que me conviertas en un p\u00e1jaro con plumas verdes y moradas como las tuyas!&quot; implor\u00f3 Iktomi, cansado ahora de jugar al valiente en pieles de ante con cuentas.<\/p>\n<p>Luego, el pavo real le habl\u00f3 a Iktomi: &quot;Tengo un poder m\u00e1gico. Mi toque te convertir\u00e1 en un momento en el pavo real m\u00e1s hermoso si puedes mantener una condici\u00f3n&quot;.<\/p>\n<p>&quot;\u00a1S\u00ed S\u00ed!&quot; grit\u00f3 Iktomi, saltando arriba y abajo, acariciando sus labios con la palma de su mano, lo que hizo que su voz vibrara de una manera peculiar.<\/p>\n<p>&quot;\u00a1S\u00ed! \u00a1S\u00ed! Podr\u00eda cumplir diez condiciones si tan solo me cambiaras a un p\u00e1jaro con largas y brillantes plumas en la cola. \u00a1Oh, soy tan feo! \u00a1Estoy tan cansado de ser yo mismo! \u00a1C\u00e1mbiame! \u00a1Hazlo!&quot;<\/p>\n<p>Acto seguido, el pavo real extendi\u00f3 ambas alas y, apenas movi\u00e9ndolas, descendi\u00f3 lentamente sobre el suelo. Justo al lado de Iktomi se ape\u00f3. Muy bajo en el o\u00eddo de Iktomi, el pavo real susurr\u00f3: &quot;\u00bfEst\u00e1s dispuesto a mantener una condici\u00f3n, aunque sea dif\u00edcil?&quot;<\/p>\n<p>&quot;\u00a1S\u00ed! \u00a1S\u00ed! \u00a1Te he dicho diez de ellos si es necesario!&quot; exclam\u00f3 Iktomi, con cierta impaciencia.<\/p>\n<p>&quot;Entonces te declaro un hermoso p\u00e1jaro emplumado. Ya no eres Iktomi el hacedor de travesuras&quot;. diciendo esto, el pavo real toc\u00f3 a Iktomi con las puntas de sus alas. Iktomi desapareci\u00f3 al tocarlo. All\u00ed estaban debajo del \u00e1rbol dos hermosos pavos reales. Mientras uno de los dos se pavoneaba con la cabeza vuelta hacia un lado como si estuviera deslumbrado por sus propias plumas de la cola te\u00f1idas de brillante, el otro p\u00e1jaro se elev\u00f3 lentamente hacia arriba.<\/p>\n<p>Se sent\u00f3 en silencio e inconsciente de su alegre plumaje. Parec\u00eda contento de posarse all\u00ed en una gran rama bajo el c\u00e1lido sol. Al cabo de un rato el vanidoso pavo real, mareado con sus vivos colores, despleg\u00f3 sus alas y se pos\u00f3 en la rama vergonzosa con el p\u00e1jaro mayor. &quot;\u00a1Oh!&quot; exclam\u00f3, &quot;\u00a1qu\u00e9 dif\u00edcil volar! Las plumas de colores brillantes son bonitas, \u00a1pero desear\u00eda que fueran lo suficientemente ligeras para volar!&quot;<\/p>\n<p>Justo ah\u00ed lo interrumpi\u00f3 el p\u00e1jaro mayor. &quot;Esa es la \u00fanica condici\u00f3n. Nunca intentes volar como otras aves. El d\u00eda que intentes volar, ser\u00e1s transformado en tu antiguo yo&quot;.<\/p>\n<p>&quot;\u00a1Oh, qu\u00e9 pena que las plumas brillantes no puedan volar hacia el cielo!&quot; grit\u00f3 el pavo real. Ya estaba inquieto. Anhelaba volar por el espacio. Anhelaba volar por encima de los \u00e1rboles hacia el sol.<\/p>\n<p>&quot;\u00a1Oh, ah\u00ed veo una bandada de p\u00e1jaros volando hacia aqu\u00ed! \u00a1Oh, oh!&quot; dijo \u00e9l, batiendo sus alas, &quot;\u00a1Debo probar mis alas! Estoy cansado de las plumas brillantes de la cola. Quiero probar mis alas&quot;.<\/p>\n<p>&quot;\u00a1No no!&quot; cloque\u00f3 el p\u00e1jaro mayor. La bandada de p\u00e1jaros parlanchines pas\u00f3 volando con un zumbido de alas.<\/p>\n<p>&quot;\u00a1Oop! \u00a1Oop!&quot; llamaron algunos a sus compa\u00f1eros.<\/p>\n<p>Pose\u00eddo por un impulso incontenible, el pavo real Iktomi grit\u00f3: &quot;\u00a1\u00c9l! \u00a1Quiero venir! \u00a1Esp\u00e9rame!&quot; y con eso dio una estocada en el aire. La bandada de plumas voladoras dio media vuelta y descendi\u00f3 sobre el \u00e1rbol de donde proced\u00eda el grito del pavo real.<\/p>\n<p>Solo un p\u00e1jaro raro se pos\u00f3 en el \u00e1rbol, y debajo, en el suelo, se encontraba un valiente con piel de ante marr\u00f3n. &quot;\u00a1Soy mi antiguo yo otra vez!&quot; gimi\u00f3 Iktomi con voz de s\u00e1balo.<\/p>\n<p>&quot;Hazme cambiar, p\u00e1jaro bonito. \u00a1Pru\u00e9bame esto una vez m\u00e1s!&quot; suplic\u00f3 en vano.<\/p>\n<p>&quot;\u00a1El viejo Iktomi quiere volar! \u00a1Ah! \u00a1No podemos esperarlo!&quot; cantaban los p\u00e1jaros mientras se alejaban volando.<\/p>\n<p>Murmurando votos infelices para s\u00ed mismo, Iktomi no hab\u00eda ido muy lejos cuando se top\u00f3 con un mont\u00f3n de flechas largas y delgadas. Uno a uno se elevaron en el aire y trazaron una l\u00ednea recta sobre la pradera. Otros se dispararon hacia el cielo azul y pronto se perdieron de vista.<\/p>\n<p>Solo qued\u00f3 uno. Se estaba preparando para su vuelo cuando Iktomi se abalanz\u00f3 sobre \u00e9l y gimi\u00f3: &quot;\u00a1Quiero ser una flecha! \u00a1Convi\u00e9rteme en una flecha! Quiero perforar el cielo azul. Quiero golpear el sol de verano en su centro. en una flecha!&quot;<\/p>\n<p>&quot;\u00bfPuedes mantener una condici\u00f3n? \u00bfUna condici\u00f3n, aunque sea dif\u00edcil?&quot; la flecha gir\u00f3 para preguntar.<\/p>\n<p>&quot;\u00a1S\u00ed S\u00ed!&quot; grit\u00f3 Iktomi, encantada.<\/p>\n<p>Acto seguido, la delgada flecha lo golpe\u00f3 suavemente con su afilado pico de pedernal. No hab\u00eda Iktomi, pero dos flechas estaban listas para volar.<\/p>\n<p>&quot;Ahora, joven flecha, esta es la \u00fanica condici\u00f3n. Tu vuelo siempre debe ser en l\u00ednea recta. Nunca tomes una curva ni saltes como un joven cervatillo&quot;, dijo el mago de la flecha. Habl\u00f3 lenta y severamente. Inmediatamente se dispuso a ense\u00f1arle a la nueva flecha c\u00f3mo disparar en l\u00ednea recta. &quot;Esta es la manera de perforar el cielo azul&quot;, dijo; y se fue girando hacia el cielo.<\/p>\n<p>Mientras \u00e9l no estaba, pas\u00f3 trotando una manada de ciervos. Detr\u00e1s de ellos jugaban juntos los j\u00f3venes cervatillos. Jugaban como gatitos. Rebotaban a cuatro patas como pelotas. Luego se lanzaron hacia delante, pateando los talones en el aire.<\/p>\n<p>La flecha Iktomi los miraba tan felices en el suelo. Mirando r\u00e1pidamente hacia el cielo, dijo en su coraz\u00f3n: &quot;El mago est\u00e1 fuera de la vista. Voy a retozar y juguetear con estos cervatillos hasta que regrese. \u00a1Cervatillos! Amigos, no me teman. Quiero saltar y saltar. contigo, anhelo ser feliz como t\u00fa -dijo-.<\/p>\n<p>Los j\u00f3venes cervatillos se detuvieron con las patas r\u00edgidas y miraron fijamente a la flecha parlante con grandes ojos marrones asombrados.<\/p>\n<p>&quot;\u00a1Ves! \u00a1Puedo saltar tan bien como t\u00fa!&quot; sigui\u00f3 Iktomi. Dio un peque\u00f1o salto como un cervatillo. De repente, los cervatillos resoplaron con las fosas nasales extendidas ante lo que contemplaban. All\u00ed, entre ellos, estaba Iktomi con piel de ante marr\u00f3n, y la extra\u00f1a flecha parlante hab\u00eda desaparecido.<\/p>\n<p>&quot;\u00a1Oh! Soy yo mismo. \u00a1Mi viejo yo!&quot; grit\u00f3 Iktomi, pellizc\u00e1ndose y sacando pedazos imaginarios de su chaqueta. &quot;\u00a1Hin-hin-hin! \u00a1Quer\u00eda volar!&quot;<\/p>\n<p>La flecha real ahora regres\u00f3 a la tierra. Se ape\u00f3 muy cerca de Iktomi. Desde lo alto del cielo hab\u00eda visto a los cervatillos jugando en el green. Hab\u00eda visto a Iktomi dar su \u00fanico salto, y el hechizo se rompi\u00f3. Iktomi se convirti\u00f3 en su antiguo yo. &quot;\u00a1Flecha, amigo m\u00edo, c\u00e1mbiame una vez m\u00e1s!&quot; rog\u00f3 Iktomi.<\/p>\n<p>&quot;No, no m\u00e1s&quot;, respondi\u00f3 la flecha. Luego sali\u00f3 disparado por el aire en la direcci\u00f3n en la que hab\u00edan volado sus camaradas.<\/p>\n<p>En ese momento, los cervatillos se juntaron alrededor de Iktomi. Le asomaron la nariz tratando de saber qui\u00e9n era.<\/p>\n<p>Las l\u00e1grimas de Iktomi eran como una lluvia primaveral. Un nuevo deseo los sec\u00f3 r\u00e1pidamente. Acerc\u00e1ndose audazmente al cervatillo m\u00e1s grande, mir\u00f3 de cerca las peque\u00f1as manchas marrones en toda la cara peluda.<\/p>\n<p>&quot;\u00a1Oh, cervatillo! \u00a1Qu\u00e9 hermosas manchas marrones en tu cara! Cervatillo, querida cervatilla, \u00bfpuedes decirme c\u00f3mo se hicieron esas manchas marrones en tu cara?&quot;<\/p>\n<p>&quot;S\u00ed&quot;, dijo el cervatillo. &quot;Cuando yo era muy, muy peque\u00f1o, mi madre me los marc\u00f3 en la cara con un fuego al rojo vivo. Cav\u00f3 un gran hoyo en el suelo e hizo una cama suave de hierba y ramitas en \u00e9l. Luego me coloc\u00f3 all\u00ed con cuidado. Ella me cubri\u00f3 con hierba dulce seca y amonton\u00f3 cedros secos encima. Del fuego de un vecino trajo aqu\u00ed una brasa roja, roja. Esta meti\u00f3 con cuidado en mi cabeza. As\u00ed es como se hicieron las manchas marrones en mi cara &quot;.<\/p>\n<p>&quot;Ahora, cervatillo, amigo m\u00edo, \u00bfhar\u00edas lo mismo por m\u00ed? \u00bfNo marcar\u00edas mi cara con manchas marrones, marrones como las tuyas?&quot; pregunt\u00f3 Iktomi, siempre ansiosa por ser como las dem\u00e1s personas.<\/p>\n<p>&quot;S\u00ed. Puedo cavar el suelo y llenarlo con pasto seco y palos. Si saltas al hoyo, te cubrir\u00e9 con pasto de olor dulce y madera de cedro&quot;, respondi\u00f3 el cervatillo.<\/p>\n<p>&quot;Dime&quot;, interrumpi\u00f3 Iktomi, &quot;\u00bfte asegurar\u00e1s de cubrirme con una gran cantidad de hierba seca y ramitas? Te asegurar\u00e1s de que las manchas sean tan marrones como las que usas&quot;.<\/p>\n<p>&quot;Oh, s\u00ed. Apilar\u00e9 hierba y sauces una vez m\u00e1s que mi madre&quot;.<\/p>\n<p>&quot;Ahora vamos a cavar el hoyo, arrancar la hierba y juntar palos&quot;, exclam\u00f3 Iktomi con j\u00fabilo.<\/p>\n<p>As\u00ed con sus propias manos ayuda a hacer su tumba. Despu\u00e9s de cavar el hoyo y cubrirlo con hierba, Iktomi, murmurando algo sobre manchas marrones, salt\u00f3 dentro. A lo largo, boca arriba, yac\u00eda.<\/p>\n<p>Mientras el cervatillo lo cubr\u00eda con cedros, una voz lejana subi\u00f3 a trav\u00e9s de ellos, &quot;\u00a1Marrones, manchas marrones para usar para siempre!&quot; Una brasa roja estaba escondida debajo de la hierba seca. Los cervatillos corrieron tras sus madres; y cuando estaban a gran distancia miraron hacia atr\u00e1s.<\/p>\n<p>Vieron un humo azul ascendiendo, retorci\u00e9ndose hacia arriba hasta desaparecer en el \u00e9ter azul.<\/p>\n<p>&quot;\u00bfEse es el esp\u00edritu de Iktomi?&quot; pregunt\u00f3 un cervatillo de otro. &quot;\u00a1No! Creo que saltar\u00eda antes de que pudiera convertirse en humo y cenizas&quot;, respondi\u00f3 su camarada.<\/p>\t\t\t\t\t\t\t\t<\/div>\n\t\t\t\t<\/div>\n\t\t\t\t\t<\/div>\n\t\t<\/div>\n\t\t\t\t\t<\/div>\n\t\t<\/section>\n\t\t\t\t<\/div>","protected":false},"excerpt":{"rendered":"<p>Sioux Mythology Wiki Los Lakotas o Titunwans (&quot;gente de la pradera&quot;) o Tetons en ingl\u00e9s (territorio tradicional de Dakota\/Wyoming) constitu\u00edan... <\/p>","protected":false},"author":1,"featured_media":0,"parent":3889,"menu_order":0,"comment_status":"closed","ping_status":"closed","template":"","meta":{"footnotes":""},"class_list":["post-24023","page","type-page","status-publish","hentry"],"amp_enabled":true,"_links":{"self":[{"href":"https:\/\/mythslegendes.com\/es\/wp-json\/wp\/v2\/pages\/24023","targetHints":{"allow":["GET"]}}],"collection":[{"href":"https:\/\/mythslegendes.com\/es\/wp-json\/wp\/v2\/pages"}],"about":[{"href":"https:\/\/mythslegendes.com\/es\/wp-json\/wp\/v2\/types\/page"}],"author":[{"embeddable":true,"href":"https:\/\/mythslegendes.com\/es\/wp-json\/wp\/v2\/users\/1"}],"replies":[{"embeddable":true,"href":"https:\/\/mythslegendes.com\/es\/wp-json\/wp\/v2\/comments?post=24023"}],"version-history":[{"count":3,"href":"https:\/\/mythslegendes.com\/es\/wp-json\/wp\/v2\/pages\/24023\/revisions"}],"predecessor-version":[{"id":24030,"href":"https:\/\/mythslegendes.com\/es\/wp-json\/wp\/v2\/pages\/24023\/revisions\/24030"}],"up":[{"embeddable":true,"href":"https:\/\/mythslegendes.com\/es\/wp-json\/wp\/v2\/pages\/3889"}],"wp:attachment":[{"href":"https:\/\/mythslegendes.com\/es\/wp-json\/wp\/v2\/media?parent=24023"}],"curies":[{"name":"wp","href":"https:\/\/api.w.org\/{rel}","templated":true}]}}