{"id":24039,"date":"2022-10-17T07:58:11","date_gmt":"2022-10-17T07:58:11","guid":{"rendered":"https:\/\/mythslegendes.com\/?page_id=24039"},"modified":"2022-10-17T08:01:10","modified_gmt":"2022-10-17T08:01:10","slug":"iktomi-and-the-turtle","status":"publish","type":"page","link":"https:\/\/mythslegendes.com\/es\/sioux-mitologia-lakota-dakota-nakota\/iktomi-y-la-tortuga\/","title":{"rendered":"Iktomi y la tortuga"},"content":{"rendered":"<div data-elementor-type=\"wp-page\" data-elementor-id=\"24039\" class=\"elementor elementor-24039\">\n\t\t\t\t\t\t<section class=\"elementor-section elementor-top-section elementor-element elementor-element-a0f317c elementor-section-boxed elementor-section-height-default elementor-section-height-default\" data-id=\"a0f317c\" data-element_type=\"section\" data-e-type=\"section\">\n\t\t\t\t\t\t<div class=\"elementor-container elementor-column-gap-default\">\n\t\t\t\t\t<div class=\"elementor-column elementor-col-50 elementor-top-column elementor-element elementor-element-caab4a1\" data-id=\"caab4a1\" data-element_type=\"column\" data-e-type=\"column\">\n\t\t\t<div class=\"elementor-widget-wrap elementor-element-populated\">\n\t\t\t\t\t\t<div class=\"elementor-element elementor-element-7fbc348 elementor-align-justify elementor-widget elementor-widget-button\" data-id=\"7fbc348\" data-element_type=\"widget\" data-e-type=\"widget\" data-widget_type=\"button.default\">\n\t\t\t\t<div class=\"elementor-widget-container\">\n\t\t\t\t\t\t\t\t\t<div class=\"elementor-button-wrapper\">\n\t\t\t\t\t<a class=\"elementor-button elementor-button-link elementor-size-sm\" href=\"https:\/\/mythslegendes.com\/es\/sioux-mitologia-lakota-dakota-nakota\/\">\n\t\t\t\t\t\t<span class=\"elementor-button-content-wrapper\">\n\t\t\t\t\t\t\t\t\t<span class=\"elementor-button-text\">Mitolog\u00eda sioux<\/span>\n\t\t\t\t\t<\/span>\n\t\t\t\t\t<\/a>\n\t\t\t\t<\/div>\n\t\t\t\t\t\t\t\t<\/div>\n\t\t\t\t<\/div>\n\t\t\t\t\t<\/div>\n\t\t<\/div>\n\t\t\t\t<div class=\"elementor-column elementor-col-50 elementor-top-column elementor-element elementor-element-a45acfc\" data-id=\"a45acfc\" data-element_type=\"column\" data-e-type=\"column\">\n\t\t\t<div class=\"elementor-widget-wrap elementor-element-populated\">\n\t\t\t\t\t\t<div class=\"elementor-element elementor-element-43c2724 elementor-align-justify elementor-widget elementor-widget-button\" data-id=\"43c2724\" data-element_type=\"widget\" data-e-type=\"widget\" data-widget_type=\"button.default\">\n\t\t\t\t<div class=\"elementor-widget-container\">\n\t\t\t\t\t\t\t\t\t<div class=\"elementor-button-wrapper\">\n\t\t\t\t\t<a class=\"elementor-button elementor-button-link elementor-size-sm\" href=\"https:\/\/www.firstpeople.us\/FP-Html-Legends\/IktomiandtheTurtle-Lakota.html\" target=\"_blank\" rel=\"noopener\">\n\t\t\t\t\t\t<span class=\"elementor-button-content-wrapper\">\n\t\t\t\t\t\t\t\t\t<span class=\"elementor-button-text\">Wiki<\/span>\n\t\t\t\t\t<\/span>\n\t\t\t\t\t<\/a>\n\t\t\t\t<\/div>\n\t\t\t\t\t\t\t\t<\/div>\n\t\t\t\t<\/div>\n\t\t\t\t\t<\/div>\n\t\t<\/div>\n\t\t\t\t\t<\/div>\n\t\t<\/section>\n\t\t\t\t<section class=\"elementor-section elementor-top-section elementor-element elementor-element-7b1b6ed elementor-section-boxed elementor-section-height-default elementor-section-height-default\" data-id=\"7b1b6ed\" data-element_type=\"section\" data-e-type=\"section\">\n\t\t\t\t\t\t<div class=\"elementor-container elementor-column-gap-default\">\n\t\t\t\t\t<div class=\"elementor-column elementor-col-100 elementor-top-column elementor-element elementor-element-91ff457\" data-id=\"91ff457\" data-element_type=\"column\" data-e-type=\"column\">\n\t\t\t<div class=\"elementor-widget-wrap elementor-element-populated\">\n\t\t\t\t\t\t<div class=\"elementor-element elementor-element-7babf38 elementor-widget elementor-widget-text-editor\" data-id=\"7babf38\" data-element_type=\"widget\" data-e-type=\"widget\" data-widget_type=\"text-editor.default\">\n\t\t\t\t<div class=\"elementor-widget-container\">\n\t\t\t\t\t\t\t\t\t<p><strong>El Lakota<\/strong> o Titunwans (&quot;gente de la pradera&quot;) o Tetons en ingl\u00e9s (territorio tradicional de Dakota\/Wyoming) constitu\u00edan originalmente uno de los siete fuegos del consejo. Aqu\u00ed est\u00e1 su historia: Iktomi y la Tortuga (es).<\/p><p><img decoding=\"async\" class=\"alignnone wp-image-9347 size-full\" src=\"https:\/\/mythslegendes.com\/wp-content\/uploads\/2020\/09\/cropped-AlphaOmega-e1602613368367.png\" alt=\"Iktomi y la tortuga\" width=\"25\" height=\"25\" title=\"\"><\/p>\t\t\t\t\t\t\t\t<\/div>\n\t\t\t\t<\/div>\n\t\t\t\t\t<\/div>\n\t\t<\/div>\n\t\t\t\t\t<\/div>\n\t\t<\/section>\n\t\t\t\t<section class=\"elementor-section elementor-top-section elementor-element elementor-element-05b3af8 elementor-section-boxed elementor-section-height-default elementor-section-height-default\" data-id=\"05b3af8\" data-element_type=\"section\" data-e-type=\"section\">\n\t\t\t\t\t\t<div class=\"elementor-container elementor-column-gap-default\">\n\t\t\t\t\t<div class=\"elementor-column elementor-col-100 elementor-top-column elementor-element elementor-element-b16c181\" data-id=\"b16c181\" data-element_type=\"column\" data-e-type=\"column\">\n\t\t\t<div class=\"elementor-widget-wrap elementor-element-populated\">\n\t\t\t\t\t\t<div class=\"elementor-element elementor-element-703b750 elementor-widget elementor-widget-heading\" data-id=\"703b750\" data-element_type=\"widget\" data-e-type=\"widget\" data-widget_type=\"heading.default\">\n\t\t\t\t<div class=\"elementor-widget-container\">\n\t\t\t\t\t<div id=\"ez-toc-container\" class=\"ez-toc-v2_0_82_2 counter-hierarchy ez-toc-counter ez-toc-grey ez-toc-container-direction\">\n<div class=\"ez-toc-title-container\">\n<p class=\"ez-toc-title\" style=\"cursor:inherit\">Contenido<\/p>\n<span class=\"ez-toc-title-toggle\"><a href=\"#\" class=\"ez-toc-pull-right ez-toc-btn ez-toc-btn-xs ez-toc-btn-default ez-toc-toggle\" aria-label=\"Alternar tabla de contenidos\"><span class=\"ez-toc-js-icon-con\"><span class=\"\"><span class=\"eztoc-hide\" style=\"display:none;\">Palanca<\/span><span class=\"ez-toc-icon-toggle-span\"><svg style=\"fill: #999;color:#999\" xmlns=\"http:\/\/www.w3.org\/2000\/svg\" class=\"list-377408\" width=\"20px\" height=\"20px\" viewbox=\"0 0 24 24\" fill=\"none\"><path d=\"M6 6H4v2h2V6zm14 0H8v2h12V6zM4 11h2v2H4v-2zm16 0H8v2h12v-2zM4 16h2v2H4v-2zm16 0H8v2h12v-2z\" fill=\"currentColor\"><\/path><\/svg><svg style=\"fill: #999;color:#999\" class=\"arrow-unsorted-368013\" xmlns=\"http:\/\/www.w3.org\/2000\/svg\" width=\"10px\" height=\"10px\" viewbox=\"0 0 24 24\" version=\"1.2\" baseprofile=\"tiny\"><path d=\"M18.2 9.3l-6.2-6.3-6.2 6.3c-.2.2-.3.4-.3.7s.1.5.3.7c.2.2.4.3.7.3h11c.3 0 .5-.1.7-.3.2-.2.3-.5.3-.7s-.1-.5-.3-.7zM5.8 14.7l6.2 6.3 6.2-6.3c.2-.2.3-.5.3-.7s-.1-.5-.3-.7c-.2-.2-.4-.3-.7-.3h-11c-.3 0-.5.1-.7.3-.2.2-.3.5-.3.7s.1.5.3.7z\"\/><\/svg><\/span><\/span><\/span><\/a><\/span><\/div>\n<nav><ul class='ez-toc-list ez-toc-list-level-1' ><li class='ez-toc-page-1 ez-toc-heading-level-2'><a class=\"ez-toc-link ez-toc-heading-1\" href=\"https:\/\/mythslegendes.com\/es\/sioux-mitologia-lakota-dakota-nakota\/iktomi-y-la-tortuga\/#Iktomi-and-the-Turtle\" >Iktomi y la tortuga<\/a><\/li><\/ul><\/nav><\/div>\n<h2 class=\"elementor-heading-title elementor-size-default\"><span class=\"ez-toc-section\" id=\"Iktomi-and-the-Turtle\"><\/span>Iktomi y la tortuga<span class=\"ez-toc-section-end\"><\/span><\/h2>\t\t\t\t<\/div>\n\t\t\t\t<\/div>\n\t\t\t\t\t<\/div>\n\t\t<\/div>\n\t\t\t\t\t<\/div>\n\t\t<\/section>\n\t\t\t\t<section class=\"elementor-section elementor-top-section elementor-element elementor-element-0015e0a elementor-section-boxed elementor-section-height-default elementor-section-height-default\" data-id=\"0015e0a\" data-element_type=\"section\" data-e-type=\"section\">\n\t\t\t\t\t\t<div class=\"elementor-container elementor-column-gap-default\">\n\t\t\t\t\t<div class=\"elementor-column elementor-col-100 elementor-top-column elementor-element elementor-element-ca68cbd\" data-id=\"ca68cbd\" data-element_type=\"column\" data-e-type=\"column\">\n\t\t\t<div class=\"elementor-widget-wrap elementor-element-populated\">\n\t\t\t\t\t\t<div class=\"elementor-element elementor-element-68e1373 elementor-widget elementor-widget-text-editor\" data-id=\"68e1373\" data-element_type=\"widget\" data-e-type=\"widget\" data-widget_type=\"text-editor.default\">\n\t\t\t\t<div class=\"elementor-widget-container\">\n\t\t\t\t\t\t\t\t\t<p>El cazador Patkasha (tortuga) estaba inclinado sobre un ciervo reci\u00e9n sacrificado. La flecha de punta roja que sac\u00f3 del ciervo herido no se parec\u00eda a las flechas de su propio carcaj. El disparo perdido de otro hab\u00eda matado al ciervo.<\/p>\n<p>Patkasha hab\u00eda cazado toda la ma\u00f1ana sin siquiera espiar un mirlo corriente. Al regresar finalmente a casa, cansado y apesadumbrado por no tener carne para las bocas hambrientas en su tienda india, camin\u00f3 lentamente con los ojos bajos.<\/p>\n<p>Los amables fantasmas se compadecieron del infeliz cazador y lo llevaron hasta el ciervo reci\u00e9n asesinado, para que sus hijos no lloraran por comida. Cuando Patkasha tropez\u00f3 con el ciervo en su camino, exclam\u00f3: &quot;\u00a1Los buenos esp\u00edritus me han empujado aqu\u00ed!&quot;. As\u00ed se inclin\u00f3 durante mucho tiempo sobre el regalo de los amigables fantasmas.<\/p>\n<p>&quot;\u00a1Hau, amigo m\u00edo!&quot; dijo una voz detr\u00e1s de su oreja, y una mano cay\u00f3 sobre su hombro. Esta vez no era un esp\u00edritu. Era el viejo Iktomi.<\/p>\n<p>&quot;\u00a1Hau, Iktomi!&quot; -respondi\u00f3 Patkasha, todav\u00eda inclinado sobre el ciervo.<\/p>\n<p>&quot;Amigo m\u00edo, eres un h\u00e1bil cazador&quot;, comenz\u00f3 Iktomi, sonriendo con una leve sonrisa que se extendi\u00f3 de una oreja a la otra.<\/p>\n<p>De repente, alzando la cabeza, los ojos negros de Patkasha brillaron cuando pregunt\u00f3: &quot;Oh, \u00bfde verdad lo dices?&quot;<\/p>\n<p>&quot;S\u00ed, amigo m\u00edo, eres un tipo h\u00e1bil. Ahora hagamos un peque\u00f1o concurso. Veamos qui\u00e9n puede saltar sobre el ciervo sin tocar un pelo de su piel&quot;, sugiri\u00f3 Iktomi.<\/p>\n<p>\u201c\u00a1Oh, me temo que no puedo hacerlo!\u201d -grit\u00f3 Patkasha, frot\u00e1ndose sus divertidas y gruesas palmas.<\/p>\n<p>&quot;No tengas ninguna duda de cobarde, Patkasha. Yo digo que eres un tipo h\u00e1bil al que no le resulta dif\u00edcil hacer nada&quot;. Con estas palabras, Iktomi condujo a Patkasha a poca distancia. Patkasha se ri\u00f3, intranquilo, entre breves bocanadas. \u201cAhora puedes saltar t\u00fa primero\u201d, dijo Iktomi.<\/p>\n<p>Patkasha, con los pu\u00f1os cerrados, mov\u00eda sus gordos brazos de un lado a otro, mientras se mord\u00eda con fuerza el labio inferior.<\/p>\n<p>Justo antes de correr y saltar, Iktomi intervino: &quot;\u00a1Que el ganador se coma el ciervo!&quot; Ya era demasiado tarde para decir que no. Patkasha ten\u00eda m\u00e1s miedo de que lo llamaran cobarde que de perder el ciervo.<\/p>\n<p>&quot;Ho-wo&quot;, respondi\u00f3, todav\u00eda moviendo sus brazos cortos. Al fin emprendi\u00f3 la huida. Sus pasos eran tan r\u00e1pidos y peque\u00f1os que parec\u00eda estar s\u00f3lo pateando el suelo. \u00a1Entonces el salto!<\/p>\n<p>Pero Patkasha tropez\u00f3 con un palo y cay\u00f3 con fuerza contra el costado del ciervo.<\/p>\n<p>&quot;\u00a1Je-je-je!&quot; exclam\u00f3 Iktomi, fingiendo decepci\u00f3n porque su amigo se hab\u00eda ca\u00eddo. Levant\u00e1ndolo, dijo: &quot;\u00a1Ahora es mi turno de intentar el salto de altura!&quot;. Apenas se pronunci\u00f3 la \u00faltima palabra cuando Iktomi dio un salto muy por encima del ciervo. &quot;\u00a1El juego es m\u00edo!&quot; Se ri\u00f3, d\u00e1ndole palmaditas en la espalda al hosco Patkasha.<\/p>\n<p>\u201cAmigo m\u00edo, cuida los ciervos mientras voy a traer a mis hijos\u201d, dijo Iktomi, lanz\u00e1ndose \u00e1gilmente entre la hierba alta. Patkasha siempre estaba dispuesto a creer las palabras de la gente intrigante y a hacer los peque\u00f1os favores que cualquiera le ped\u00eda.<\/p>\n<p>Sin embargo, en esta ocasi\u00f3n no respondi\u00f3 \u201cS\u00ed, amigo\u201d. Se dio cuenta de que la lengua halagadora de Iktomi lo hab\u00eda vuelto tonto. Levant\u00f3 la nariz hacia Iktomi, ahora casi fuera de la vista, como si dijera: &quot;\u00a1Oh, no, Iktomi; no escucho tus palabras!&quot;<\/p>\n<p>Pronto se escuch\u00f3 un murmullo de voces. El sonido de la risa se hizo cada vez m\u00e1s fuerte. De repente todo qued\u00f3 en silencio. El viejo Iktomi llev\u00f3 a su joven cr\u00eda Iktomi al lugar donde hab\u00eda dejado la tortuga, pero estaba vac\u00edo. No hab\u00eda ninguna se\u00f1al de Patkasha o del ciervo.<\/p>\n<p>\u00a1Entonces los beb\u00e9s aullaron!<\/p>\n<p>&quot;\u00a1Estate quieto!&quot; dijo el padre Iktomi a sus hijos. &quot;S\u00e9 d\u00f3nde vive Patkasha. S\u00edgueme. Te llevar\u00e9 a la morada de la tortuga&quot;.<\/p>\n<p>Corri\u00f3 por un sendero estrecho hacia el <a href=\"https:\/\/mythslegendes.com\/es\/creek-seminole-mitologia\/\">Cala<\/a> cercano. Pis\u00e1ndole los talones ven\u00edan sus hijos con las caras surcadas de l\u00e1grimas.<\/p>\n<p>&quot;\u00a1All\u00e1!&quot; dijo Iktomi en un fuerte susurro mientras reun\u00eda a sus peque\u00f1os en la orilla. &quot;\u00a1Ah\u00ed est\u00e1 Patkasha asando venado! \u00a1Ah\u00ed est\u00e1 su tipi, y el sabroso fuego est\u00e1 en su patio delantero! &quot;Los j\u00f3venes Iktomi estiraron el cuello y pusieron en blanco sus redondos ojos negros como p\u00e1jaros reci\u00e9n nacidos.<\/p>\n<p>Se asomaron al agua. &quot;Ahora enfriar\u00e9 el fuego de Patkasha. Te traer\u00e9 el venado asado. Observa atentamente. Cuando veas que las brasas negras suben a la superficie del agua, aplaude y grita en voz alta, porque poco despu\u00e9s de esa se\u00f1al regresar\u00e9 a un poco de carne tierna.&quot;<\/p>\n<p>Dicho esto, Iktomi se sumergi\u00f3 en el arroyo.<\/p>\n<p>\u00a1Chapoteo! \u00a1Chapoteo!<\/p>\n<p>El agua salt\u00f3 hacia arriba formando espuma. Apenas se hab\u00eda nivelado y liso cuando aparecieron muchos puntos negros. El arroyo ve\u00eda cosas con el baile de cosas negras y redondas.<\/p>\n<p>&quot;\u00a1El fuego enfriado! \u00a1Las brasas!&quot; Se ri\u00f3 la prole de Iktomi. Aplaudiendo con sus manitas, se persiguieron a lo largo de la orilla del arroyo. Gritaron y abuchearon con gran alegr\u00eda.<\/p>\n<p>&quot;\u00a1Pobre de m\u00ed!&quot; dijo una voz ronca a trav\u00e9s del agua. Era Patkasha. En un gran sauce que se inclinaba sobre el agua, se sent\u00f3 sobre una gran rama.<\/p>\n<p>En la misma rama hab\u00eda un fuego brillante sobre el cual Patkasha as\u00f3 el venado. En ese momento el agua estaba nuevamente en calma. Ya no bailaban esos puntos negros en su superficie, pues eran los dedos de los pies del viejo Iktomi.<\/p>\n<p>Se ahog\u00f3. Los ni\u00f1os Iktomi se alejaron r\u00e1pidamente del arroyo, llorando y llamando a su padre muerto por el agua.<\/p>\t\t\t\t\t\t\t\t<\/div>\n\t\t\t\t<\/div>\n\t\t\t\t\t<\/div>\n\t\t<\/div>\n\t\t\t\t\t<\/div>\n\t\t<\/section>\n\t\t\t\t<\/div>","protected":false},"excerpt":{"rendered":"<p>Sioux Mythology Wiki Los Lakotas o Titunwans (&quot;gente de la pradera&quot;) o Tetons en ingl\u00e9s (territorio tradicional de Dakota\/Wyoming) constitu\u00edan... <\/p>","protected":false},"author":1,"featured_media":0,"parent":3889,"menu_order":0,"comment_status":"closed","ping_status":"closed","template":"","meta":{"footnotes":""},"class_list":["post-24039","page","type-page","status-publish","hentry"],"amp_enabled":true,"_links":{"self":[{"href":"https:\/\/mythslegendes.com\/es\/wp-json\/wp\/v2\/pages\/24039","targetHints":{"allow":["GET"]}}],"collection":[{"href":"https:\/\/mythslegendes.com\/es\/wp-json\/wp\/v2\/pages"}],"about":[{"href":"https:\/\/mythslegendes.com\/es\/wp-json\/wp\/v2\/types\/page"}],"author":[{"embeddable":true,"href":"https:\/\/mythslegendes.com\/es\/wp-json\/wp\/v2\/users\/1"}],"replies":[{"embeddable":true,"href":"https:\/\/mythslegendes.com\/es\/wp-json\/wp\/v2\/comments?post=24039"}],"version-history":[{"count":3,"href":"https:\/\/mythslegendes.com\/es\/wp-json\/wp\/v2\/pages\/24039\/revisions"}],"predecessor-version":[{"id":24046,"href":"https:\/\/mythslegendes.com\/es\/wp-json\/wp\/v2\/pages\/24039\/revisions\/24046"}],"up":[{"embeddable":true,"href":"https:\/\/mythslegendes.com\/es\/wp-json\/wp\/v2\/pages\/3889"}],"wp:attachment":[{"href":"https:\/\/mythslegendes.com\/es\/wp-json\/wp\/v2\/media?parent=24039"}],"curies":[{"name":"wp","href":"https:\/\/api.w.org\/{rel}","templated":true}]}}