{"id":24125,"date":"2022-10-18T09:49:27","date_gmt":"2022-10-18T09:49:27","guid":{"rendered":"https:\/\/mythslegendes.com\/?page_id=24125"},"modified":"2022-10-18T10:20:26","modified_gmt":"2022-10-18T10:20:26","slug":"al-jilwah-la-revelation","status":"publish","type":"page","link":"https:\/\/mythslegendes.com\/es\/mitologia-kurda\/al-jilwah-la-revelacion\/","title":{"rendered":"Al-Jilwah La Revelaci\u00f3n"},"content":{"rendered":"<div data-elementor-type=\"wp-page\" data-elementor-id=\"24125\" class=\"elementor elementor-24125\">\n\t\t\t\t\t\t<section class=\"elementor-section elementor-top-section elementor-element elementor-element-16a4d05 elementor-section-boxed elementor-section-height-default elementor-section-height-default\" data-id=\"16a4d05\" data-element_type=\"section\" data-e-type=\"section\">\n\t\t\t\t\t\t<div class=\"elementor-container elementor-column-gap-default\">\n\t\t\t\t\t<div class=\"elementor-column elementor-col-50 elementor-top-column elementor-element elementor-element-94e31d2\" data-id=\"94e31d2\" data-element_type=\"column\" data-e-type=\"column\">\n\t\t\t<div class=\"elementor-widget-wrap elementor-element-populated\">\n\t\t\t\t\t\t<div class=\"elementor-element elementor-element-11ae33d elementor-align-justify elementor-widget elementor-widget-button\" data-id=\"11ae33d\" data-element_type=\"widget\" data-e-type=\"widget\" data-widget_type=\"button.default\">\n\t\t\t\t<div class=\"elementor-widget-container\">\n\t\t\t\t\t\t\t\t\t<div class=\"elementor-button-wrapper\">\n\t\t\t\t\t<a class=\"elementor-button elementor-button-link elementor-size-sm\" href=\"https:\/\/mythslegendes.com\/es\/mitologia-kurda\/\">\n\t\t\t\t\t\t<span class=\"elementor-button-content-wrapper\">\n\t\t\t\t\t\t\t\t\t<span class=\"elementor-button-text\">Mitolog\u00eda kurda<\/span>\n\t\t\t\t\t<\/span>\n\t\t\t\t\t<\/a>\n\t\t\t\t<\/div>\n\t\t\t\t\t\t\t\t<\/div>\n\t\t\t\t<\/div>\n\t\t\t\t\t<\/div>\n\t\t<\/div>\n\t\t\t\t<div class=\"elementor-column elementor-col-50 elementor-top-column elementor-element elementor-element-3aff56a\" data-id=\"3aff56a\" data-element_type=\"column\" data-e-type=\"column\">\n\t\t\t<div class=\"elementor-widget-wrap elementor-element-populated\">\n\t\t\t\t\t\t<div class=\"elementor-element elementor-element-4027e66 elementor-align-justify elementor-widget elementor-widget-button\" data-id=\"4027e66\" data-element_type=\"widget\" data-e-type=\"widget\" data-widget_type=\"button.default\">\n\t\t\t\t<div class=\"elementor-widget-container\">\n\t\t\t\t\t\t\t\t\t<div class=\"elementor-button-wrapper\">\n\t\t\t\t\t<a class=\"elementor-button elementor-button-link elementor-size-sm\" href=\"https:\/\/www.sacred-texts.com\/asia\/sby\/index.htm\" target=\"_blank\" rel=\"noopener\">\n\t\t\t\t\t\t<span class=\"elementor-button-content-wrapper\">\n\t\t\t\t\t\t\t\t\t<span class=\"elementor-button-text\">Wiki<\/span>\n\t\t\t\t\t<\/span>\n\t\t\t\t\t<\/a>\n\t\t\t\t<\/div>\n\t\t\t\t\t\t\t\t<\/div>\n\t\t\t\t<\/div>\n\t\t\t\t\t<\/div>\n\t\t<\/div>\n\t\t\t\t\t<\/div>\n\t\t<\/section>\n\t\t\t\t<section class=\"elementor-section elementor-top-section elementor-element elementor-element-37cf021 elementor-section-boxed elementor-section-height-default elementor-section-height-default\" data-id=\"37cf021\" data-element_type=\"section\" data-e-type=\"section\">\n\t\t\t\t\t\t<div class=\"elementor-container elementor-column-gap-default\">\n\t\t\t\t\t<div class=\"elementor-column elementor-col-100 elementor-top-column elementor-element elementor-element-778d166\" data-id=\"778d166\" data-element_type=\"column\" data-e-type=\"column\">\n\t\t\t<div class=\"elementor-widget-wrap elementor-element-populated\">\n\t\t\t\t\t\t<div class=\"elementor-element elementor-element-9e36f5a elementor-widget elementor-widget-text-editor\" data-id=\"9e36f5a\" data-element_type=\"widget\" data-e-type=\"widget\" data-widget_type=\"text-editor.default\">\n\t\t\t\t<div class=\"elementor-widget-container\">\n\t\t\t\t\t\t\t\t\t<p>Antes de cualquier creaci\u00f3n, esta revelaci\u00f3n fue con Melek \u1e6c\u00e2&#039;\u00fbs, quien envi\u00f3 a &#039;Abd \u1e6c\u00e2&#039;\u00fbs a este mundo para que pudiera separar la verdad conocida de su pueblo en particular. Esto se hizo, en primer lugar, por medio de la tradici\u00f3n oral, y luego por medio de este <a href=\"https:\/\/mythslegendes.com\/es\/bibliotecas-de-libros\/\">libro<\/a>, Al-Jilwah, que los extranjeros no pueden leer ni ver.<\/p><p><img decoding=\"async\" class=\"alignnone wp-image-9347 size-full\" src=\"https:\/\/mythslegendes.com\/wp-content\/uploads\/2020\/09\/cropped-AlphaOmega-e1602613368367.png\" alt=\"Al Jilwah\" width=\"25\" height=\"25\" title=\"\"><\/p>\t\t\t\t\t\t\t\t<\/div>\n\t\t\t\t<\/div>\n\t\t\t\t\t<\/div>\n\t\t<\/div>\n\t\t\t\t\t<\/div>\n\t\t<\/section>\n\t\t\t\t<section class=\"elementor-section elementor-top-section elementor-element elementor-element-c0f6034 elementor-section-boxed elementor-section-height-default elementor-section-height-default\" data-id=\"c0f6034\" data-element_type=\"section\" data-e-type=\"section\">\n\t\t\t\t\t\t<div class=\"elementor-container elementor-column-gap-default\">\n\t\t\t\t\t<div class=\"elementor-column elementor-col-100 elementor-top-column elementor-element elementor-element-601846b\" data-id=\"601846b\" data-element_type=\"column\" data-e-type=\"column\">\n\t\t\t<div class=\"elementor-widget-wrap elementor-element-populated\">\n\t\t\t\t\t\t<div class=\"elementor-element elementor-element-3cbfdc1 elementor-widget elementor-widget-heading\" data-id=\"3cbfdc1\" data-element_type=\"widget\" data-e-type=\"widget\" data-widget_type=\"heading.default\">\n\t\t\t\t<div class=\"elementor-widget-container\">\n\t\t\t\t\t<div id=\"ez-toc-container\" class=\"ez-toc-v2_0_82_2 counter-hierarchy ez-toc-counter ez-toc-grey ez-toc-container-direction\">\n<div class=\"ez-toc-title-container\">\n<p class=\"ez-toc-title\" style=\"cursor:inherit\">Contenido<\/p>\n<span class=\"ez-toc-title-toggle\"><a href=\"#\" class=\"ez-toc-pull-right ez-toc-btn ez-toc-btn-xs ez-toc-btn-default ez-toc-toggle\" aria-label=\"Alternar tabla de contenidos\"><span class=\"ez-toc-js-icon-con\"><span class=\"\"><span class=\"eztoc-hide\" style=\"display:none;\">Palanca<\/span><span class=\"ez-toc-icon-toggle-span\"><svg style=\"fill: #999;color:#999\" xmlns=\"http:\/\/www.w3.org\/2000\/svg\" class=\"list-377408\" width=\"20px\" height=\"20px\" viewbox=\"0 0 24 24\" fill=\"none\"><path d=\"M6 6H4v2h2V6zm14 0H8v2h12V6zM4 11h2v2H4v-2zm16 0H8v2h12v-2zM4 16h2v2H4v-2zm16 0H8v2h12v-2z\" fill=\"currentColor\"><\/path><\/svg><svg style=\"fill: #999;color:#999\" class=\"arrow-unsorted-368013\" xmlns=\"http:\/\/www.w3.org\/2000\/svg\" width=\"10px\" height=\"10px\" viewbox=\"0 0 24 24\" version=\"1.2\" baseprofile=\"tiny\"><path d=\"M18.2 9.3l-6.2-6.3-6.2 6.3c-.2.2-.3.4-.3.7s.1.5.3.7c.2.2.4.3.7.3h11c.3 0 .5-.1.7-.3.2-.2.3-.5.3-.7s-.1-.5-.3-.7zM5.8 14.7l6.2 6.3 6.2-6.3c.2-.2.3-.5.3-.7s-.1-.5-.3-.7c-.2-.2-.4-.3-.7-.3h-11c-.3 0-.5.1-.7.3-.2.2-.3.5-.3.7s.1.5.3.7z\"\/><\/svg><\/span><\/span><\/span><\/a><\/span><\/div>\n<nav><ul class='ez-toc-list ez-toc-list-level-1' ><li class='ez-toc-page-1 ez-toc-heading-level-2'><a class=\"ez-toc-link ez-toc-heading-1\" href=\"https:\/\/mythslegendes.com\/es\/mitologia-kurda\/al-jilwah-la-revelacion\/#Al-Jilwah-le-livre-de-la-revelation-Chapitre-1\" >Al-Jilwah, el Libro del Apocalipsis: Cap\u00edtulo 1<\/a><\/li><li class='ez-toc-page-1 ez-toc-heading-level-2'><a class=\"ez-toc-link ez-toc-heading-2\" href=\"https:\/\/mythslegendes.com\/es\/mitologia-kurda\/al-jilwah-la-revelacion\/#Al-Jilwah-le-livre-de-la-revelation-Chapitre-2\" >Al-Jilwah, el Libro del Apocalipsis: Cap\u00edtulo 2<\/a><\/li><li class='ez-toc-page-1 ez-toc-heading-level-2'><a class=\"ez-toc-link ez-toc-heading-3\" href=\"https:\/\/mythslegendes.com\/es\/mitologia-kurda\/al-jilwah-la-revelacion\/#Al-Jilwah-le-livre-de-la-revelation-Chapitre-3\" >Al-Jilwah, el Libro del Apocalipsis: Cap\u00edtulo 3<\/a><\/li><li class='ez-toc-page-1 ez-toc-heading-level-2'><a class=\"ez-toc-link ez-toc-heading-4\" href=\"https:\/\/mythslegendes.com\/es\/mitologia-kurda\/al-jilwah-la-revelacion\/#Al-Jilwah-le-livre-de-la-revelation-Chapitre-4\" >Al-Jilwah, el Libro del Apocalipsis: Cap\u00edtulo 4<\/a><\/li><li class='ez-toc-page-1 ez-toc-heading-level-2'><a class=\"ez-toc-link ez-toc-heading-5\" href=\"https:\/\/mythslegendes.com\/es\/mitologia-kurda\/al-jilwah-la-revelacion\/#Al-Jilwah-le-livre-de-la-revelation-Chapitre-5\" >Al-Jilwah, el Libro del Apocalipsis: Cap\u00edtulo 5<\/a><\/li><\/ul><\/nav><\/div>\n<h2 class=\"elementor-heading-title elementor-size-default\"><span class=\"ez-toc-section\" id=\"Al-Jilwah-le-livre-de-la-revelation-Chapitre-1\"><\/span>Al-Jilwah, el Libro del Apocalipsis: Cap\u00edtulo 1<span class=\"ez-toc-section-end\"><\/span><\/h2>\t\t\t\t<\/div>\n\t\t\t\t<\/div>\n\t\t\t\t\t<\/div>\n\t\t<\/div>\n\t\t\t\t\t<\/div>\n\t\t<\/section>\n\t\t\t\t<section class=\"elementor-section elementor-top-section elementor-element elementor-element-3818731 elementor-section-boxed elementor-section-height-default elementor-section-height-default\" data-id=\"3818731\" data-element_type=\"section\" data-e-type=\"section\">\n\t\t\t\t\t\t<div class=\"elementor-container elementor-column-gap-default\">\n\t\t\t\t\t<div class=\"elementor-column elementor-col-100 elementor-top-column elementor-element elementor-element-6afa09b\" data-id=\"6afa09b\" data-element_type=\"column\" data-e-type=\"column\">\n\t\t\t<div class=\"elementor-widget-wrap elementor-element-populated\">\n\t\t\t\t\t\t<div class=\"elementor-element elementor-element-3eb934e elementor-widget elementor-widget-text-editor\" data-id=\"3eb934e\" data-element_type=\"widget\" data-e-type=\"widget\" data-widget_type=\"text-editor.default\">\n\t\t\t\t<div class=\"elementor-widget-container\">\n\t\t\t\t\t\t\t\t\t<p>Fui, soy ahora y no tendr\u00e9 fin. Ejerzo dominio sobre todas las criaturas y sobre los asuntos de todos los que est\u00e1n bajo la protecci\u00f3n de mi imagen. Siempre estoy ah\u00ed para ayudar a cualquiera que conf\u00ede en m\u00ed y me llame cuando sea necesario. No hay lugar en el universo que no sepa de mi presencia.<\/p><p>Participo en todos los asuntos que los de afuera llaman malos porque su naturaleza no es la que ellos aprueban. Cada era tiene su propio director, que dirige los asuntos de acuerdo con mis decretos. Este oficio es cambiable de generaci\u00f3n en generaci\u00f3n, para que el gobernante de este mundo y sus jefes puedan cumplir los deberes de sus respectivos oficios cada uno por turno.<\/p><p>Permito que todos sigan los dictados de su propia naturaleza, pero quien se oponga a m\u00ed lo lamentar\u00e1 amargamente. Ning\u00fan dios tiene derecho a interferir en mis asuntos, y he convertido en una regla obligatoria que todos deben abstenerse de adorar a todos los dioses.<\/p><p>Todos los <a href=\"https:\/\/mythslegendes.com\/es\/bibliotecas-de-libros\/\">libros<\/a> de los que est\u00e1n fuera son alterados por ellos; y se apartaron de ellos, aunque fueron escritos por profetas y ap\u00f3stoles. Que hay interpolaciones se ve en el hecho de que cada secta se esfuerza por demostrar que los dem\u00e1s est\u00e1n equivocados y destruir sus libros. Para m\u00ed, la verdad y la mentira son conocidas.<\/p><p>Cuando viene la tentaci\u00f3n, doy mi pacto al que conf\u00eda en m\u00ed. Adem\u00e1s, doy consejos a los administradores capaces, porque los he nombrado por per\u00edodos conocidos por m\u00ed. Recuerdo los asuntos necesarios y los llevo a cabo a su debido tiempo. Yo ense\u00f1o y gu\u00edo a aquellos que siguen mis instrucciones. Si alguien me obedece y cumple mis mandamientos, tendr\u00e1 gozo, placer y bondad.<\/p>\t\t\t\t\t\t\t\t<\/div>\n\t\t\t\t<\/div>\n\t\t\t\t\t<\/div>\n\t\t<\/div>\n\t\t\t\t\t<\/div>\n\t\t<\/section>\n\t\t\t\t<section class=\"elementor-section elementor-top-section elementor-element elementor-element-8dcb035 elementor-section-boxed elementor-section-height-default elementor-section-height-default\" data-id=\"8dcb035\" data-element_type=\"section\" data-e-type=\"section\">\n\t\t\t\t\t\t<div class=\"elementor-container elementor-column-gap-default\">\n\t\t\t\t\t<div class=\"elementor-column elementor-col-100 elementor-top-column elementor-element elementor-element-7200dfc\" data-id=\"7200dfc\" data-element_type=\"column\" data-e-type=\"column\">\n\t\t\t<div class=\"elementor-widget-wrap elementor-element-populated\">\n\t\t\t\t\t\t<div class=\"elementor-element elementor-element-9594052 elementor-widget elementor-widget-heading\" data-id=\"9594052\" data-element_type=\"widget\" data-e-type=\"widget\" data-widget_type=\"heading.default\">\n\t\t\t\t<div class=\"elementor-widget-container\">\n\t\t\t\t\t<h2 class=\"elementor-heading-title elementor-size-default\"><span class=\"ez-toc-section\" id=\"Al-Jilwah-le-livre-de-la-revelation-Chapitre-2\"><\/span>Al-Jilwah, el Libro del Apocalipsis: Cap\u00edtulo 2<span class=\"ez-toc-section-end\"><\/span><\/h2>\t\t\t\t<\/div>\n\t\t\t\t<\/div>\n\t\t\t\t\t<\/div>\n\t\t<\/div>\n\t\t\t\t\t<\/div>\n\t\t<\/section>\n\t\t\t\t<section class=\"elementor-section elementor-top-section elementor-element elementor-element-34d78e8 elementor-section-boxed elementor-section-height-default elementor-section-height-default\" data-id=\"34d78e8\" data-element_type=\"section\" data-e-type=\"section\">\n\t\t\t\t\t\t<div class=\"elementor-container elementor-column-gap-default\">\n\t\t\t\t\t<div class=\"elementor-column elementor-col-100 elementor-top-column elementor-element elementor-element-1762378\" data-id=\"1762378\" data-element_type=\"column\" data-e-type=\"column\">\n\t\t\t<div class=\"elementor-widget-wrap elementor-element-populated\">\n\t\t\t\t\t\t<div class=\"elementor-element elementor-element-fc2d513 elementor-widget elementor-widget-text-editor\" data-id=\"fc2d513\" data-element_type=\"widget\" data-e-type=\"widget\" data-widget_type=\"text-editor.default\">\n\t\t\t\t<div class=\"elementor-widget-container\">\n\t\t\t\t\t\t\t\t\t<p>Yo recompenso a los descendientes de Ad\u00e1n y los recompenso con varias recompensas que solo Yo conozco. Adem\u00e1s, el poder y el dominio sobre todo lo que hay en la tierra, tanto arriba como abajo, est\u00e1 en mis manos. No permito la asociaci\u00f3n amistosa con otros, ni privo a los que son m\u00edos y me obedecen de todo lo que es bueno para ellos.<\/p><p>Pongo mis asuntos en manos de aquellos a quienes he probado y que est\u00e1n de acuerdo con mis deseos. Me aparezco de varias maneras a aquellos que son fieles y est\u00e1n bajo mi mando. doy y quito; enriquezco y empobrezco; Provoco tanto la felicidad como la miseria. Todo esto lo hago respetando las caracter\u00edsticas de cada \u00e9poca. Y nadie tiene derecho a interferir en la gesti\u00f3n de mis asuntos.<\/p><p>A los que se me oponen, los aflijo con enfermedades; pero los m\u00edos no morir\u00e1n como los hijos de Ad\u00e1n que est\u00e1n fuera. Nadie vivir\u00e1 en este mundo m\u00e1s tiempo que el tiempo fijado por m\u00ed; y si quiero, env\u00edo a una persona por segunda o tercera vez a este mundo oa otro por la transmigraci\u00f3n de las almas.<\/p>\t\t\t\t\t\t\t\t<\/div>\n\t\t\t\t<\/div>\n\t\t\t\t\t<\/div>\n\t\t<\/div>\n\t\t\t\t\t<\/div>\n\t\t<\/section>\n\t\t\t\t<section class=\"elementor-section elementor-top-section elementor-element elementor-element-ae84dd5 elementor-section-boxed elementor-section-height-default elementor-section-height-default\" data-id=\"ae84dd5\" data-element_type=\"section\" data-e-type=\"section\">\n\t\t\t\t\t\t<div class=\"elementor-container elementor-column-gap-default\">\n\t\t\t\t\t<div class=\"elementor-column elementor-col-100 elementor-top-column elementor-element elementor-element-a09433e\" data-id=\"a09433e\" data-element_type=\"column\" data-e-type=\"column\">\n\t\t\t<div class=\"elementor-widget-wrap elementor-element-populated\">\n\t\t\t\t\t\t<div class=\"elementor-element elementor-element-7da0619 elementor-widget elementor-widget-heading\" data-id=\"7da0619\" data-element_type=\"widget\" data-e-type=\"widget\" data-widget_type=\"heading.default\">\n\t\t\t\t<div class=\"elementor-widget-container\">\n\t\t\t\t\t<h2 class=\"elementor-heading-title elementor-size-default\"><span class=\"ez-toc-section\" id=\"Al-Jilwah-le-livre-de-la-revelation-Chapitre-3\"><\/span>Al-Jilwah, el Libro del Apocalipsis: Cap\u00edtulo 3<span class=\"ez-toc-section-end\"><\/span><\/h2>\t\t\t\t<\/div>\n\t\t\t\t<\/div>\n\t\t\t\t\t<\/div>\n\t\t<\/div>\n\t\t\t\t\t<\/div>\n\t\t<\/section>\n\t\t\t\t<section class=\"elementor-section elementor-top-section elementor-element elementor-element-b0806cf elementor-section-boxed elementor-section-height-default elementor-section-height-default\" data-id=\"b0806cf\" data-element_type=\"section\" data-e-type=\"section\">\n\t\t\t\t\t\t<div class=\"elementor-container elementor-column-gap-default\">\n\t\t\t\t\t<div class=\"elementor-column elementor-col-100 elementor-top-column elementor-element elementor-element-2583184\" data-id=\"2583184\" data-element_type=\"column\" data-e-type=\"column\">\n\t\t\t<div class=\"elementor-widget-wrap elementor-element-populated\">\n\t\t\t\t\t\t<div class=\"elementor-element elementor-element-82d0c43 elementor-widget elementor-widget-text-editor\" data-id=\"82d0c43\" data-element_type=\"widget\" data-e-type=\"widget\" data-widget_type=\"text-editor.default\">\n\t\t\t\t<div class=\"elementor-widget-container\">\n\t\t\t\t\t\t\t\t\t<p>Conduzco al camino recto sin libro revelado; Dirijo a mis amados y elegidos por medios invisibles. Todas mis ense\u00f1anzas son f\u00e1cilmente aplicables a todos los climas y condiciones. Castigo en otro mundo a todos los que hacen contra mi voluntad. Ahora bien, los hijos de Ad\u00e1n no saben el estado de las cosas por venir.<\/p><p>Por ello, caen en muchos errores. Las bestias de la tierra, las aves del cielo y los peces del mar est\u00e1n todos bajo el control de mis manos. Todos los tesoros y todas las cosas ocultas me son conocidas; y como quiero, se los tomo a uno y se los doy a otro. Yo revelo mis maravillas a los que las buscan y, a su debido tiempo, mis milagros a los que de m\u00ed los reciben. Pero los que est\u00e1n fuera son mis adversarios, por eso se oponen a m\u00ed.<\/p><p>Tampoco saben que tal conducta va en contra de sus propios intereses, porque el poder, la riqueza y las riquezas est\u00e1n en mis manos, y las concedo a todo descendiente digno de Ad\u00e1n. As\u00ed, el gobierno de los mundos, la transici\u00f3n de las generaciones y los cambios de sus directores est\u00e1n determinados por m\u00ed desde el principio.<\/p>\t\t\t\t\t\t\t\t<\/div>\n\t\t\t\t<\/div>\n\t\t\t\t\t<\/div>\n\t\t<\/div>\n\t\t\t\t\t<\/div>\n\t\t<\/section>\n\t\t\t\t<section class=\"elementor-section elementor-top-section elementor-element elementor-element-4bbcfc6 elementor-section-boxed elementor-section-height-default elementor-section-height-default\" data-id=\"4bbcfc6\" data-element_type=\"section\" data-e-type=\"section\">\n\t\t\t\t\t\t<div class=\"elementor-container elementor-column-gap-default\">\n\t\t\t\t\t<div class=\"elementor-column elementor-col-100 elementor-top-column elementor-element elementor-element-667717a\" data-id=\"667717a\" data-element_type=\"column\" data-e-type=\"column\">\n\t\t\t<div class=\"elementor-widget-wrap elementor-element-populated\">\n\t\t\t\t\t\t<div class=\"elementor-element elementor-element-e34b2cd elementor-widget elementor-widget-heading\" data-id=\"e34b2cd\" data-element_type=\"widget\" data-e-type=\"widget\" data-widget_type=\"heading.default\">\n\t\t\t\t<div class=\"elementor-widget-container\">\n\t\t\t\t\t<h2 class=\"elementor-heading-title elementor-size-default\"><span class=\"ez-toc-section\" id=\"Al-Jilwah-le-livre-de-la-revelation-Chapitre-4\"><\/span>Al-Jilwah, el Libro del Apocalipsis: Cap\u00edtulo 4<span class=\"ez-toc-section-end\"><\/span><\/h2>\t\t\t\t<\/div>\n\t\t\t\t<\/div>\n\t\t\t\t\t<\/div>\n\t\t<\/div>\n\t\t\t\t\t<\/div>\n\t\t<\/section>\n\t\t\t\t<section class=\"elementor-section elementor-top-section elementor-element elementor-element-cdbc357 elementor-section-boxed elementor-section-height-default elementor-section-height-default\" data-id=\"cdbc357\" data-element_type=\"section\" data-e-type=\"section\">\n\t\t\t\t\t\t<div class=\"elementor-container elementor-column-gap-default\">\n\t\t\t\t\t<div class=\"elementor-column elementor-col-100 elementor-top-column elementor-element elementor-element-b81c2dc\" data-id=\"b81c2dc\" data-element_type=\"column\" data-e-type=\"column\">\n\t\t\t<div class=\"elementor-widget-wrap elementor-element-populated\">\n\t\t\t\t\t\t<div class=\"elementor-element elementor-element-d8d20f8 elementor-widget elementor-widget-text-editor\" data-id=\"d8d20f8\" data-element_type=\"widget\" data-e-type=\"widget\" data-widget_type=\"text-editor.default\">\n\t\t\t\t<div class=\"elementor-widget-container\">\n\t\t\t\t\t\t\t\t\t<p>No dar\u00e9 mis derechos a otros dioses. Permit\u00ed la creaci\u00f3n de cuatro sustancias, cuatro tiempos y cuatro esquinas; porque estas son cosas necesarias a las criaturas.<\/p><p>Los libros de jud\u00edos, cristianos y musulmanes, as\u00ed como los de fuera, aceptan en cierto sentido, es decir, en cuanto concuerdan y se ajustan a mis estatutos. Todo lo que es contrario a estos lo han modificado; no lo aceptes<\/p><p>Hay tres cosas en mi contra, y odio tres cosas. Pero los que guardan mis secretos recibir\u00e1n el cumplimiento de mis promesas. Aquellos que sufren por m\u00ed, seguramente los recompensar\u00e9 en uno de los mundos. Es mi deseo que todos mis seguidores se unan en un v\u00ednculo de unidad, para que los de afuera no prevalezcan contra ellos.<\/p><p>Ahora pues, todos los que hab\u00e9is seguido mis mandamientos y mis ense\u00f1anzas, desechad todas las ense\u00f1anzas y palabras de los que est\u00e1n fuera. Yo no ense\u00f1\u00e9 estas ense\u00f1anzas ni vienen de m\u00ed. No menciones mi nombre ni mis atributos, para que no te arrepientas; porque no sab\u00e9is lo que pueden hacer los que est\u00e1n fuera.<\/p>\t\t\t\t\t\t\t\t<\/div>\n\t\t\t\t<\/div>\n\t\t\t\t\t<\/div>\n\t\t<\/div>\n\t\t\t\t\t<\/div>\n\t\t<\/section>\n\t\t\t\t<section class=\"elementor-section elementor-top-section elementor-element elementor-element-5346219 elementor-section-boxed elementor-section-height-default elementor-section-height-default\" data-id=\"5346219\" data-element_type=\"section\" data-e-type=\"section\">\n\t\t\t\t\t\t<div class=\"elementor-container elementor-column-gap-default\">\n\t\t\t\t\t<div class=\"elementor-column elementor-col-100 elementor-top-column elementor-element elementor-element-6922f2f\" data-id=\"6922f2f\" data-element_type=\"column\" data-e-type=\"column\">\n\t\t\t<div class=\"elementor-widget-wrap elementor-element-populated\">\n\t\t\t\t\t\t<div class=\"elementor-element elementor-element-8865ebe elementor-widget elementor-widget-heading\" data-id=\"8865ebe\" data-element_type=\"widget\" data-e-type=\"widget\" data-widget_type=\"heading.default\">\n\t\t\t\t<div class=\"elementor-widget-container\">\n\t\t\t\t\t<h2 class=\"elementor-heading-title elementor-size-default\"><span class=\"ez-toc-section\" id=\"Al-Jilwah-le-livre-de-la-revelation-Chapitre-5\"><\/span>Al-Jilwah, el Libro del Apocalipsis: Cap\u00edtulo 5<span class=\"ez-toc-section-end\"><\/span><\/h2>\t\t\t\t<\/div>\n\t\t\t\t<\/div>\n\t\t\t\t\t<\/div>\n\t\t<\/div>\n\t\t\t\t\t<\/div>\n\t\t<\/section>\n\t\t\t\t<section class=\"elementor-section elementor-top-section elementor-element elementor-element-6738997 elementor-section-boxed elementor-section-height-default elementor-section-height-default\" data-id=\"6738997\" data-element_type=\"section\" data-e-type=\"section\">\n\t\t\t\t\t\t<div class=\"elementor-container elementor-column-gap-default\">\n\t\t\t\t\t<div class=\"elementor-column elementor-col-100 elementor-top-column elementor-element elementor-element-34f7e20\" data-id=\"34f7e20\" data-element_type=\"column\" data-e-type=\"column\">\n\t\t\t<div class=\"elementor-widget-wrap elementor-element-populated\">\n\t\t\t\t\t\t<div class=\"elementor-element elementor-element-34b23ed elementor-widget elementor-widget-text-editor\" data-id=\"34b23ed\" data-element_type=\"widget\" data-e-type=\"widget\" data-widget_type=\"text-editor.default\">\n\t\t\t\t<div class=\"elementor-widget-container\">\n\t\t\t\t\t\t\t\t\t<p>Oh vosotros que cre\u00edsteis en m\u00ed, honrad mi s\u00edmbolo y mi imagen, porque os recuerdan de m\u00ed. Observad mis leyes y estatutos. Obedece a mis siervos y escucha las cosas ocultas que te dicten.<\/p><p>Recibid lo dictado, y no lo llev\u00e9is delante de los que est\u00e1n fuera, jud\u00edos, cristianos, musulmanes y otros; porque no conocen la naturaleza de mi ense\u00f1anza. No les deis vuestros libros, no sea que los modifiquen sin vuestro conocimiento. Memorice la mayor\u00eda de ellos, para que no se alteren.<\/p><p>As\u00ed termina el libro de Al-Jilwah, al que sigue el libro de Ma\u1e63\u1e25af Re\u0161, es decir, el Libro Negro.<\/p>\t\t\t\t\t\t\t\t<\/div>\n\t\t\t\t<\/div>\n\t\t\t\t\t<\/div>\n\t\t<\/div>\n\t\t\t\t\t<\/div>\n\t\t<\/section>\n\t\t\t\t<\/div>","protected":false},"excerpt":{"rendered":"<p>Wiki Mitolog\u00eda kurda Antes de cualquier creaci\u00f3n, esta revelaci\u00f3n fue con Melek \u1e6c\u00e2&#039;\u00fbs, quien envi\u00f3 a &#039;Abd \u1e6c\u00e2&#039;\u00fbs a este mundo para... <\/p>","protected":false},"author":1,"featured_media":0,"parent":3095,"menu_order":0,"comment_status":"closed","ping_status":"closed","template":"","meta":{"footnotes":""},"class_list":["post-24125","page","type-page","status-publish","hentry"],"amp_enabled":true,"_links":{"self":[{"href":"https:\/\/mythslegendes.com\/es\/wp-json\/wp\/v2\/pages\/24125","targetHints":{"allow":["GET"]}}],"collection":[{"href":"https:\/\/mythslegendes.com\/es\/wp-json\/wp\/v2\/pages"}],"about":[{"href":"https:\/\/mythslegendes.com\/es\/wp-json\/wp\/v2\/types\/page"}],"author":[{"embeddable":true,"href":"https:\/\/mythslegendes.com\/es\/wp-json\/wp\/v2\/users\/1"}],"replies":[{"embeddable":true,"href":"https:\/\/mythslegendes.com\/es\/wp-json\/wp\/v2\/comments?post=24125"}],"version-history":[{"count":3,"href":"https:\/\/mythslegendes.com\/es\/wp-json\/wp\/v2\/pages\/24125\/revisions"}],"predecessor-version":[{"id":24131,"href":"https:\/\/mythslegendes.com\/es\/wp-json\/wp\/v2\/pages\/24125\/revisions\/24131"}],"up":[{"embeddable":true,"href":"https:\/\/mythslegendes.com\/es\/wp-json\/wp\/v2\/pages\/3095"}],"wp:attachment":[{"href":"https:\/\/mythslegendes.com\/es\/wp-json\/wp\/v2\/media?parent=24125"}],"curies":[{"name":"wp","href":"https:\/\/api.w.org\/{rel}","templated":true}]}}