{"id":24153,"date":"2022-10-18T11:03:34","date_gmt":"2022-10-18T11:03:34","guid":{"rendered":"https:\/\/mythslegendes.com\/?page_id=24153"},"modified":"2022-10-18T11:35:13","modified_gmt":"2022-10-18T11:35:13","slug":"le-poeme-a-la-louange-de-sei%e1%b8%ab-adi","status":"publish","type":"page","link":"https:\/\/mythslegendes.com\/es\/mitologia-kurda\/el-poema-en-alabanza-de-sei%e1%b8%ab-adi\/","title":{"rendered":"El poema en alabanza de \u0160ei\u1e2b &#039;Ad\u00ee"},"content":{"rendered":"<div data-elementor-type=\"wp-page\" data-elementor-id=\"24153\" class=\"elementor elementor-24153\">\n\t\t\t\t\t\t<section class=\"elementor-section elementor-top-section elementor-element elementor-element-b5d9aff elementor-section-boxed elementor-section-height-default elementor-section-height-default\" data-id=\"b5d9aff\" data-element_type=\"section\" data-e-type=\"section\">\n\t\t\t\t\t\t<div class=\"elementor-container elementor-column-gap-default\">\n\t\t\t\t\t<div class=\"elementor-column elementor-col-50 elementor-top-column elementor-element elementor-element-b45d15a\" data-id=\"b45d15a\" data-element_type=\"column\" data-e-type=\"column\">\n\t\t\t<div class=\"elementor-widget-wrap elementor-element-populated\">\n\t\t\t\t\t\t<div class=\"elementor-element elementor-element-d13a452 elementor-align-justify elementor-widget elementor-widget-button\" data-id=\"d13a452\" data-element_type=\"widget\" data-e-type=\"widget\" data-widget_type=\"button.default\">\n\t\t\t\t<div class=\"elementor-widget-container\">\n\t\t\t\t\t\t\t\t\t<div class=\"elementor-button-wrapper\">\n\t\t\t\t\t<a class=\"elementor-button elementor-button-link elementor-size-sm\" href=\"https:\/\/mythslegendes.com\/es\/mitologia-kurda\/\">\n\t\t\t\t\t\t<span class=\"elementor-button-content-wrapper\">\n\t\t\t\t\t\t\t\t\t<span class=\"elementor-button-text\">Mitolog\u00eda kurda<\/span>\n\t\t\t\t\t<\/span>\n\t\t\t\t\t<\/a>\n\t\t\t\t<\/div>\n\t\t\t\t\t\t\t\t<\/div>\n\t\t\t\t<\/div>\n\t\t\t\t\t<\/div>\n\t\t<\/div>\n\t\t\t\t<div class=\"elementor-column elementor-col-50 elementor-top-column elementor-element elementor-element-5bf347f\" data-id=\"5bf347f\" data-element_type=\"column\" data-e-type=\"column\">\n\t\t\t<div class=\"elementor-widget-wrap elementor-element-populated\">\n\t\t\t\t\t\t<div class=\"elementor-element elementor-element-25d8deb elementor-align-justify elementor-widget elementor-widget-button\" data-id=\"25d8deb\" data-element_type=\"widget\" data-e-type=\"widget\" data-widget_type=\"button.default\">\n\t\t\t\t<div class=\"elementor-widget-container\">\n\t\t\t\t\t\t\t\t\t<div class=\"elementor-button-wrapper\">\n\t\t\t\t\t<a class=\"elementor-button elementor-button-link elementor-size-sm\" href=\"https:\/\/www.sacred-texts.com\/asia\/sby\/index.htm\" target=\"_blank\" rel=\"noopener\">\n\t\t\t\t\t\t<span class=\"elementor-button-content-wrapper\">\n\t\t\t\t\t\t\t\t\t<span class=\"elementor-button-text\">Wiki<\/span>\n\t\t\t\t\t<\/span>\n\t\t\t\t\t<\/a>\n\t\t\t\t<\/div>\n\t\t\t\t\t\t\t\t<\/div>\n\t\t\t\t<\/div>\n\t\t\t\t\t<\/div>\n\t\t<\/div>\n\t\t\t\t\t<\/div>\n\t\t<\/section>\n\t\t\t\t<section class=\"elementor-section elementor-top-section elementor-element elementor-element-3a371a6 elementor-section-boxed elementor-section-height-default elementor-section-height-default\" data-id=\"3a371a6\" data-element_type=\"section\" data-e-type=\"section\">\n\t\t\t\t\t\t<div class=\"elementor-container elementor-column-gap-default\">\n\t\t\t\t\t<div class=\"elementor-column elementor-col-100 elementor-top-column elementor-element elementor-element-c69c49a\" data-id=\"c69c49a\" data-element_type=\"column\" data-e-type=\"column\">\n\t\t\t<div class=\"elementor-widget-wrap elementor-element-populated\">\n\t\t\t\t\t\t<div class=\"elementor-element elementor-element-065ffaa elementor-widget elementor-widget-text-editor\" data-id=\"065ffaa\" data-element_type=\"widget\" data-e-type=\"widget\" data-widget_type=\"text-editor.default\">\n\t\t\t\t<div class=\"elementor-widget-container\">\n\t\t\t\t\t\t\t\t\t<p>los <a href=\"https:\/\/mythslegendes.com\/es\/bibliotecas-de-libros\/\">Entregado<\/a> negro <a href=\"https:\/\/mythslegendes.com\/es\/mitologia-kurda\/\">yazidi<\/a> (aqu\u00ed el poema en alabanza de \u0160ei\u1e2b &#039;Ad\u00ee) es uno de dos <a href=\"https:\/\/mythslegendes.com\/es\/bibliotecas-de-libros\/\">libros<\/a> escrito al estilo de un libro sagrado de <a href=\"https:\/\/mythslegendes.com\/es\/mitologia-kurda\/\">Yazidis<\/a> en su idioma nativo Kurmanji (kurdo del norte), el otro es el Libro de Revelaciones Yezidi (o Revelaci\u00f3n).<\/p><p><img decoding=\"async\" class=\"alignnone wp-image-9347 size-full\" src=\"https:\/\/mythslegendes.com\/wp-content\/uploads\/2020\/09\/cropped-AlphaOmega-e1602613368367.png\" alt=\"poema en alabanza de \u0160ei\u1e2b &#039;Ad\u00ee\" width=\"25\" height=\"25\" title=\"\">\u00a0<\/p>\t\t\t\t\t\t\t\t<\/div>\n\t\t\t\t<\/div>\n\t\t\t\t\t<\/div>\n\t\t<\/div>\n\t\t\t\t\t<\/div>\n\t\t<\/section>\n\t\t\t\t<section class=\"elementor-section elementor-top-section elementor-element elementor-element-2e8e7a6 elementor-section-boxed elementor-section-height-default elementor-section-height-default\" data-id=\"2e8e7a6\" data-element_type=\"section\" data-e-type=\"section\">\n\t\t\t\t\t\t<div class=\"elementor-container elementor-column-gap-default\">\n\t\t\t\t\t<div class=\"elementor-column elementor-col-100 elementor-top-column elementor-element elementor-element-17743e4\" data-id=\"17743e4\" data-element_type=\"column\" data-e-type=\"column\">\n\t\t\t<div class=\"elementor-widget-wrap elementor-element-populated\">\n\t\t\t\t\t\t<div class=\"elementor-element elementor-element-bce5ce1 elementor-widget elementor-widget-heading\" data-id=\"bce5ce1\" data-element_type=\"widget\" data-e-type=\"widget\" data-widget_type=\"heading.default\">\n\t\t\t\t<div class=\"elementor-widget-container\">\n\t\t\t\t\t<div id=\"ez-toc-container\" class=\"ez-toc-v2_0_82_2 counter-hierarchy ez-toc-counter ez-toc-grey ez-toc-container-direction\">\n<div class=\"ez-toc-title-container\">\n<p class=\"ez-toc-title\" style=\"cursor:inherit\">Contenido<\/p>\n<span class=\"ez-toc-title-toggle\"><a href=\"#\" class=\"ez-toc-pull-right ez-toc-btn ez-toc-btn-xs ez-toc-btn-default ez-toc-toggle\" aria-label=\"Alternar tabla de contenidos\"><span class=\"ez-toc-js-icon-con\"><span class=\"\"><span class=\"eztoc-hide\" style=\"display:none;\">Palanca<\/span><span class=\"ez-toc-icon-toggle-span\"><svg style=\"fill: #999;color:#999\" xmlns=\"http:\/\/www.w3.org\/2000\/svg\" class=\"list-377408\" width=\"20px\" height=\"20px\" viewbox=\"0 0 24 24\" fill=\"none\"><path d=\"M6 6H4v2h2V6zm14 0H8v2h12V6zM4 11h2v2H4v-2zm16 0H8v2h12v-2zM4 16h2v2H4v-2zm16 0H8v2h12v-2z\" fill=\"currentColor\"><\/path><\/svg><svg style=\"fill: #999;color:#999\" class=\"arrow-unsorted-368013\" xmlns=\"http:\/\/www.w3.org\/2000\/svg\" width=\"10px\" height=\"10px\" viewbox=\"0 0 24 24\" version=\"1.2\" baseprofile=\"tiny\"><path d=\"M18.2 9.3l-6.2-6.3-6.2 6.3c-.2.2-.3.4-.3.7s.1.5.3.7c.2.2.4.3.7.3h11c.3 0 .5-.1.7-.3.2-.2.3-.5.3-.7s-.1-.5-.3-.7zM5.8 14.7l6.2 6.3 6.2-6.3c.2-.2.3-.5.3-.7s-.1-.5-.3-.7c-.2-.2-.4-.3-.7-.3h-11c-.3 0-.5.1-.7.3-.2.2-.3.5-.3.7s.1.5.3.7z\"\/><\/svg><\/span><\/span><\/span><\/a><\/span><\/div>\n<nav><ul class='ez-toc-list ez-toc-list-level-1' ><li class='ez-toc-page-1 ez-toc-heading-level-2'><a class=\"ez-toc-link ez-toc-heading-1\" href=\"https:\/\/mythslegendes.com\/es\/mitologia-kurda\/el-poema-en-alabanza-de-sei%e1%b8%ab-adi\/#Le-poeme-a-la-louange-de-Sei%E1%B8%AB-%E2%80%98Adi\" >El poema en alabanza de \u0160ei\u1e2b &#039;Ad\u00ee<\/a><\/li><\/ul><\/nav><\/div>\n<h2 class=\"elementor-heading-title elementor-size-default\"><span class=\"ez-toc-section\" id=\"Le-poeme-a-la-louange-de-Sei%E1%B8%AB-%E2%80%98Adi\"><\/span>El poema en alabanza de \u0160ei\u1e2b &#039;Ad\u00ee<span class=\"ez-toc-section-end\"><\/span><\/h2>\t\t\t\t<\/div>\n\t\t\t\t<\/div>\n\t\t\t\t\t<\/div>\n\t\t<\/div>\n\t\t\t\t\t<\/div>\n\t\t<\/section>\n\t\t\t\t<section class=\"elementor-section elementor-top-section elementor-element elementor-element-0f536a4 elementor-section-boxed elementor-section-height-default elementor-section-height-default\" data-id=\"0f536a4\" data-element_type=\"section\" data-e-type=\"section\">\n\t\t\t\t\t\t<div class=\"elementor-container elementor-column-gap-default\">\n\t\t\t\t\t<div class=\"elementor-column elementor-col-100 elementor-top-column elementor-element elementor-element-0338eb3\" data-id=\"0338eb3\" data-element_type=\"column\" data-e-type=\"column\">\n\t\t\t<div class=\"elementor-widget-wrap elementor-element-populated\">\n\t\t\t\t\t\t<div class=\"elementor-element elementor-element-093fbe5 elementor-widget elementor-widget-text-editor\" data-id=\"093fbe5\" data-element_type=\"widget\" data-e-type=\"widget\" data-widget_type=\"text-editor.default\">\n\t\t\t\t<div class=\"elementor-widget-container\">\n\t\t\t\t\t\t\t\t\t<p>que la paz sea con \u00e9l<\/p><pre>Mi entendimiento rodea la verdad de las cosas,<br \/>Y mi verdad se mezcla en m\u00ed,<br \/>Y la verdad de mi descendencia es autoexpuesta,<br \/>Y cuando nos enteramos, fue totalmente en m\u00ed.<br \/>Y todo en el universo est\u00e1 debajo de m\u00ed,<br \/>y todas las partes habitables y desiertas,<br \/>Y todo lo creado est\u00e1 debajo de m\u00ed,<br \/>Y yo soy el poder dominante que precede a todo lo que existe.<br \/>Y yo soy el que dijo una palabra verdadera,<br \/>Y yo soy el juez justo y gobernante de la tierra.<br \/>Y yo soy aquel a quien los hombres adoran en mi gloria,<br \/>Ven a m\u00ed y b\u00e9same los pies.<br \/>Y yo soy el que extiendo su altura sobre los cielos.<br \/>Y yo soy el que llor\u00f3 al principio.<br \/>Y yo soy el que revela todas las cosas por m\u00ed mismo,<br \/>Y soy yo a quien le lleg\u00f3 el libro de las buenas nuevas<br \/>De mi Se\u00f1or, que quema los montes.<br \/>Y yo soy aquel a quien vienen todos los hombres creados<br \/>En obediencia a besar mis pies.<br \/>Produzco frutos del primer jugo de la primera juventud<br \/>Por mi presencia, y vu\u00e9lvanse a m\u00ed, disc\u00edpulos del rayo.<br \/>Y ante esta luz se disip\u00f3 la oscuridad de la ma\u00f1ana.<br \/>Yo gu\u00edo a los que buscan consejo.<br \/>Yo soy el que hizo habitar a Ad\u00e1n en el cielo<br \/>y Nimrod para habitar un fuego ardiente.<br \/>Y yo soy el que gui\u00f3 a Ahmed el justo,<br \/>Y que venga por mi camino y por mi camino.<br \/>Y yo soy aquel a quien todas las criaturas<br \/>Ven por mis buenos fines y mis dones.<br \/>Y yo soy el que ha visitado todas las alturas,<br \/>Y la bondad y la caridad proceden de mi misericordia.<br \/>Y yo soy el que hizo temer a todos los corazones<br \/>Mi prop\u00f3sito, y magnifican la majestad y el poder de mi horror.<br \/>Y soy yo a quien vino el le\u00f3n destructivo<br \/>Furioso, y le grit\u00e9. y se convirti\u00f3 en piedra.<br \/>Y yo soy a quien vino la serpiente,<br \/>Y por mi voluntad lo hice polvo.<br \/>Y yo soy el que golpe\u00f3 la roca y la hizo temblar,<br \/>Y hace brotar de sus costados la m\u00e1s dulce de las aguas.<br \/>Y yo soy el que hizo descender la verdad cierta;<br \/>Para m\u00ed es el libro que consuela a los oprimidos.<br \/>Y yo soy el que juzg\u00f3 con justicia,<br \/>Y cuando juzgu\u00e9 que era mi derecho<br \/>Y yo soy el que hizo los manantiales para dar agua,<br \/>m\u00e1s dulce y agradable que todas las aguas.<br \/>Y fui yo quien lo hizo aparecer en mi misericordia,<br \/>Y por mi poder lo llam\u00e9 puro.<br \/>Y yo soy aquel a quien el Se\u00f1or de los cielos dijo:<br \/>T\u00fa eres el juez justo y Gobernante de la tierra.<br \/>Y soy yo quien revel\u00f3 algunas de mis maravillas,<br \/>Y algunas de mis virtudes se manifiestan en lo que existe.<br \/>Y yo soy el que hizo que las monta\u00f1as se doblaran,<br \/>Mu\u00e9vete debajo de m\u00ed y como me plazca.<br \/>Y yo soy aquel ante cuya majestad gritaron las fieras;<br \/>Se volvieron hacia m\u00ed ador\u00e1ndome y besando mis pies.<br \/>Y yo soy &#039;Ad\u00ee a\u0161-\u0160\u00e2m\u00ee, el hijo de Mus\u00e2fir.<br \/>En verdad, el Todomisericordioso me ha asignado nombres,<br \/>El trono celestial, y la silla, y los (siete) cielos, y la tierra.<br \/>En el secreto de mi conocimiento, no hay otro Dios que yo.<br \/>Estas cosas est\u00e1n sujetas a mi poder.<br \/>Oh enemigos m\u00edos, \u00bfpor qu\u00e9 me neg\u00e1is?<br \/>Oh hombres, no me negu\u00e9is, sino som\u00e9tanse.<br \/>En el d\u00eda del juicio, estar\u00e1s feliz de encontrarte conmigo.<br \/>Quien muera en mi amor, lo tirar\u00e9<br \/>en medio del Para\u00edso, por mi voluntad y mi placer;<br \/>Pero el que muere sin importarme<br \/>Ser\u00e1 atormentado en la miseria y la aflicci\u00f3n.<br \/>digo que soy el \u00fanico y el exaltado;<br \/>Creo y enriquezco a los que quiero.<br \/>Alabadle yo mismo, porque todo es por mi voluntad,<br \/>Y el universo se ilumina con algunos de mis dones.<br \/>Yo soy el rey que se engrandece,<br \/>Y todas las riquezas de la creaci\u00f3n est\u00e1n en mi subasta.<br \/>Os he dado a conocer, oh pueblo, algunos de mis caminos.<br \/>Quien me desea debe abandonar el mundo.<br \/>Y tambi\u00e9n puedo decir el verdadero dicho,<br \/>Y el jard\u00edn de arriba es para los que me dan placer.<br \/>Busqu\u00e9 la verdad y me convert\u00ed en una verdad que confirma;<br \/>Y por la misma verdad, ocupar\u00e1n, como yo, el lugar m\u00e1s alto.<\/pre>\t\t\t\t\t\t\t\t<\/div>\n\t\t\t\t<\/div>\n\t\t\t\t\t<\/div>\n\t\t<\/div>\n\t\t\t\t\t<\/div>\n\t\t<\/section>\n\t\t\t\t<\/div>","protected":false},"excerpt":{"rendered":"<p>Wiki de mitolog\u00eda kurda El Libro Negro de Yazidi (aqu\u00ed el poema en alabanza de \u0160ei\u1e2b &#039;Ad\u00ee) es uno de dos... <\/p>","protected":false},"author":1,"featured_media":0,"parent":3095,"menu_order":0,"comment_status":"closed","ping_status":"closed","template":"","meta":{"footnotes":""},"class_list":["post-24153","page","type-page","status-publish","hentry"],"amp_enabled":true,"_links":{"self":[{"href":"https:\/\/mythslegendes.com\/es\/wp-json\/wp\/v2\/pages\/24153","targetHints":{"allow":["GET"]}}],"collection":[{"href":"https:\/\/mythslegendes.com\/es\/wp-json\/wp\/v2\/pages"}],"about":[{"href":"https:\/\/mythslegendes.com\/es\/wp-json\/wp\/v2\/types\/page"}],"author":[{"embeddable":true,"href":"https:\/\/mythslegendes.com\/es\/wp-json\/wp\/v2\/users\/1"}],"replies":[{"embeddable":true,"href":"https:\/\/mythslegendes.com\/es\/wp-json\/wp\/v2\/comments?post=24153"}],"version-history":[{"count":3,"href":"https:\/\/mythslegendes.com\/es\/wp-json\/wp\/v2\/pages\/24153\/revisions"}],"predecessor-version":[{"id":24159,"href":"https:\/\/mythslegendes.com\/es\/wp-json\/wp\/v2\/pages\/24153\/revisions\/24159"}],"up":[{"embeddable":true,"href":"https:\/\/mythslegendes.com\/es\/wp-json\/wp\/v2\/pages\/3095"}],"wp:attachment":[{"href":"https:\/\/mythslegendes.com\/es\/wp-json\/wp\/v2\/media?parent=24153"}],"curies":[{"name":"wp","href":"https:\/\/api.w.org\/{rel}","templated":true}]}}