{"id":24160,"date":"2022-10-18T11:35:54","date_gmt":"2022-10-18T11:35:54","guid":{"rendered":"https:\/\/mythslegendes.com\/?page_id=24160"},"modified":"2022-10-18T11:38:29","modified_gmt":"2022-10-18T11:38:29","slug":"priere-yezidi","status":"publish","type":"page","link":"https:\/\/mythslegendes.com\/es\/mitologia-kurda\/oracion-yazidi\/","title":{"rendered":"oraci\u00f3n yazidi"},"content":{"rendered":"<div data-elementor-type=\"wp-page\" data-elementor-id=\"24160\" class=\"elementor elementor-24160\">\n\t\t\t\t\t\t<section class=\"elementor-section elementor-top-section elementor-element elementor-element-370def7 elementor-section-boxed elementor-section-height-default elementor-section-height-default\" data-id=\"370def7\" data-element_type=\"section\" data-e-type=\"section\">\n\t\t\t\t\t\t<div class=\"elementor-container elementor-column-gap-default\">\n\t\t\t\t\t<div class=\"elementor-column elementor-col-50 elementor-top-column elementor-element elementor-element-b12a693\" data-id=\"b12a693\" data-element_type=\"column\" data-e-type=\"column\">\n\t\t\t<div class=\"elementor-widget-wrap elementor-element-populated\">\n\t\t\t\t\t\t<div class=\"elementor-element elementor-element-9c66d85 elementor-align-justify elementor-widget elementor-widget-button\" data-id=\"9c66d85\" data-element_type=\"widget\" data-e-type=\"widget\" data-widget_type=\"button.default\">\n\t\t\t\t<div class=\"elementor-widget-container\">\n\t\t\t\t\t\t\t\t\t<div class=\"elementor-button-wrapper\">\n\t\t\t\t\t<a class=\"elementor-button elementor-button-link elementor-size-sm\" href=\"https:\/\/mythslegendes.com\/es\/mitologia-kurda\/\">\n\t\t\t\t\t\t<span class=\"elementor-button-content-wrapper\">\n\t\t\t\t\t\t\t\t\t<span class=\"elementor-button-text\">Mitolog\u00eda kurda<\/span>\n\t\t\t\t\t<\/span>\n\t\t\t\t\t<\/a>\n\t\t\t\t<\/div>\n\t\t\t\t\t\t\t\t<\/div>\n\t\t\t\t<\/div>\n\t\t\t\t\t<\/div>\n\t\t<\/div>\n\t\t\t\t<div class=\"elementor-column elementor-col-50 elementor-top-column elementor-element elementor-element-78bb9a5\" data-id=\"78bb9a5\" data-element_type=\"column\" data-e-type=\"column\">\n\t\t\t<div class=\"elementor-widget-wrap elementor-element-populated\">\n\t\t\t\t\t\t<div class=\"elementor-element elementor-element-b44c453 elementor-align-justify elementor-widget elementor-widget-button\" data-id=\"b44c453\" data-element_type=\"widget\" data-e-type=\"widget\" data-widget_type=\"button.default\">\n\t\t\t\t<div class=\"elementor-widget-container\">\n\t\t\t\t\t\t\t\t\t<div class=\"elementor-button-wrapper\">\n\t\t\t\t\t<a class=\"elementor-button elementor-button-link elementor-size-sm\" href=\"https:\/\/www.sacred-texts.com\/asia\/sby\/index.htm\" target=\"_blank\" rel=\"noopener\">\n\t\t\t\t\t\t<span class=\"elementor-button-content-wrapper\">\n\t\t\t\t\t\t\t\t\t<span class=\"elementor-button-text\">Wiki<\/span>\n\t\t\t\t\t<\/span>\n\t\t\t\t\t<\/a>\n\t\t\t\t<\/div>\n\t\t\t\t\t\t\t\t<\/div>\n\t\t\t\t<\/div>\n\t\t\t\t\t<\/div>\n\t\t<\/div>\n\t\t\t\t\t<\/div>\n\t\t<\/section>\n\t\t\t\t<section class=\"elementor-section elementor-top-section elementor-element elementor-element-0da6e96 elementor-section-boxed elementor-section-height-default elementor-section-height-default\" data-id=\"0da6e96\" data-element_type=\"section\" data-e-type=\"section\">\n\t\t\t\t\t\t<div class=\"elementor-container elementor-column-gap-default\">\n\t\t\t\t\t<div class=\"elementor-column elementor-col-100 elementor-top-column elementor-element elementor-element-8337909\" data-id=\"8337909\" data-element_type=\"column\" data-e-type=\"column\">\n\t\t\t<div class=\"elementor-widget-wrap elementor-element-populated\">\n\t\t\t\t\t\t<div class=\"elementor-element elementor-element-976aff8 elementor-widget elementor-widget-text-editor\" data-id=\"976aff8\" data-element_type=\"widget\" data-e-type=\"widget\" data-widget_type=\"text-editor.default\">\n\t\t\t\t<div class=\"elementor-widget-container\">\n\t\t\t\t\t\t\t\t\t<p>los <a href=\"https:\/\/mythslegendes.com\/es\/bibliotecas-de-libros\/\">Entregado<\/a> negro <a href=\"https:\/\/mythslegendes.com\/es\/mitologia-kurda\/\">yazidi<\/a> (aqu\u00ed la principal oraci\u00f3n Yazidi) es una de dos <a href=\"https:\/\/mythslegendes.com\/es\/bibliotecas-de-libros\/\">libros<\/a> escrito al estilo de un libro sagrado de <a href=\"https:\/\/mythslegendes.com\/es\/mitologia-kurda\/\">Yazidis<\/a> en su idioma nativo Kurmanji (kurdo del norte), el otro es el Libro de Revelaciones Yezidi (o Revelaci\u00f3n).\u00a0<\/p><p><img decoding=\"async\" class=\"alignnone wp-image-9347 size-full\" src=\"https:\/\/mythslegendes.com\/wp-content\/uploads\/2020\/09\/cropped-AlphaOmega-e1602613368367.png\" alt=\"oraci\u00f3n principal yazid\u00ed\" width=\"25\" height=\"25\" title=\"\"><\/p>\t\t\t\t\t\t\t\t<\/div>\n\t\t\t\t<\/div>\n\t\t\t\t\t<\/div>\n\t\t<\/div>\n\t\t\t\t\t<\/div>\n\t\t<\/section>\n\t\t\t\t<section class=\"elementor-section elementor-top-section elementor-element elementor-element-f3397ae elementor-section-boxed elementor-section-height-default elementor-section-height-default\" data-id=\"f3397ae\" data-element_type=\"section\" data-e-type=\"section\">\n\t\t\t\t\t\t<div class=\"elementor-container elementor-column-gap-default\">\n\t\t\t\t\t<div class=\"elementor-column elementor-col-100 elementor-top-column elementor-element elementor-element-ae93d89\" data-id=\"ae93d89\" data-element_type=\"column\" data-e-type=\"column\">\n\t\t\t<div class=\"elementor-widget-wrap elementor-element-populated\">\n\t\t\t\t\t\t<div class=\"elementor-element elementor-element-8b47d92 elementor-widget elementor-widget-heading\" data-id=\"8b47d92\" data-element_type=\"widget\" data-e-type=\"widget\" data-widget_type=\"heading.default\">\n\t\t\t\t<div class=\"elementor-widget-container\">\n\t\t\t\t\t<div id=\"ez-toc-container\" class=\"ez-toc-v2_0_82_2 counter-hierarchy ez-toc-counter ez-toc-grey ez-toc-container-direction\">\n<div class=\"ez-toc-title-container\">\n<p class=\"ez-toc-title\" style=\"cursor:inherit\">Contenido<\/p>\n<span class=\"ez-toc-title-toggle\"><a href=\"#\" class=\"ez-toc-pull-right ez-toc-btn ez-toc-btn-xs ez-toc-btn-default ez-toc-toggle\" aria-label=\"Alternar tabla de contenidos\"><span class=\"ez-toc-js-icon-con\"><span class=\"\"><span class=\"eztoc-hide\" style=\"display:none;\">Palanca<\/span><span class=\"ez-toc-icon-toggle-span\"><svg style=\"fill: #999;color:#999\" xmlns=\"http:\/\/www.w3.org\/2000\/svg\" class=\"list-377408\" width=\"20px\" height=\"20px\" viewbox=\"0 0 24 24\" fill=\"none\"><path d=\"M6 6H4v2h2V6zm14 0H8v2h12V6zM4 11h2v2H4v-2zm16 0H8v2h12v-2zM4 16h2v2H4v-2zm16 0H8v2h12v-2z\" fill=\"currentColor\"><\/path><\/svg><svg style=\"fill: #999;color:#999\" class=\"arrow-unsorted-368013\" xmlns=\"http:\/\/www.w3.org\/2000\/svg\" width=\"10px\" height=\"10px\" viewbox=\"0 0 24 24\" version=\"1.2\" baseprofile=\"tiny\"><path d=\"M18.2 9.3l-6.2-6.3-6.2 6.3c-.2.2-.3.4-.3.7s.1.5.3.7c.2.2.4.3.7.3h11c.3 0 .5-.1.7-.3.2-.2.3-.5.3-.7s-.1-.5-.3-.7zM5.8 14.7l6.2 6.3 6.2-6.3c.2-.2.3-.5.3-.7s-.1-.5-.3-.7c-.2-.2-.4-.3-.7-.3h-11c-.3 0-.5.1-.7.3-.2.2-.3.5-.3.7s.1.5.3.7z\"\/><\/svg><\/span><\/span><\/span><\/a><\/span><\/div>\n<nav><ul class='ez-toc-list ez-toc-list-level-1' ><li class='ez-toc-page-1 ez-toc-heading-level-2'><a class=\"ez-toc-link ez-toc-heading-1\" href=\"https:\/\/mythslegendes.com\/es\/mitologia-kurda\/oracion-yazidi\/#La-principale-priere-yezidi\" >La oraci\u00f3n principal de Yazidi<\/a><\/li><\/ul><\/nav><\/div>\n<h2 class=\"elementor-heading-title elementor-size-default\"><span class=\"ez-toc-section\" id=\"La-principale-priere-yezidi\"><\/span>La oraci\u00f3n principal de Yazidi<span class=\"ez-toc-section-end\"><\/span><\/h2>\t\t\t\t<\/div>\n\t\t\t\t<\/div>\n\t\t\t\t\t<\/div>\n\t\t<\/div>\n\t\t\t\t\t<\/div>\n\t\t<\/section>\n\t\t\t\t<section class=\"elementor-section elementor-top-section elementor-element elementor-element-c944d8f elementor-section-boxed elementor-section-height-default elementor-section-height-default\" data-id=\"c944d8f\" data-element_type=\"section\" data-e-type=\"section\">\n\t\t\t\t\t\t<div class=\"elementor-container elementor-column-gap-default\">\n\t\t\t\t\t<div class=\"elementor-column elementor-col-100 elementor-top-column elementor-element elementor-element-baa9549\" data-id=\"baa9549\" data-element_type=\"column\" data-e-type=\"column\">\n\t\t\t<div class=\"elementor-widget-wrap elementor-element-populated\">\n\t\t\t\t\t\t<div class=\"elementor-element elementor-element-b781d3b elementor-widget elementor-widget-text-editor\" data-id=\"b781d3b\" data-element_type=\"widget\" data-e-type=\"widget\" data-widget_type=\"text-editor.default\">\n\t\t\t\t<div class=\"elementor-widget-container\">\n\t\t\t\t\t\t\t\t\t<pre>\u00a1Am\u00e9n, Am\u00e9n, Am\u00e9n!<br \/>A trav\u00e9s de \u0160ams-ad-D\u00een,<br \/>Fahr ad-Din, Nasir-ad-Din,<br \/>Sajad ad-Din, \u0160ei\u1e2b Sin (Husein),<br \/>\u0160ei\u1e2b Bakr, \u1e32\u00e2dir ar-Ra\u1e25m\u00e2n.<br \/>Se\u00f1or, eres clemente, eres misericordioso;<br \/>T\u00fa eres Dios, Rey de reyes y tierras,<br \/>Rey de alegr\u00eda y felicidad,<br \/>Rey de buena posesi\u00f3n (vida eterna).<br \/>Desde toda la eternidad eres eterno.<br \/>Eres el asiento de la suerte (felicidad) y de la vida;<br \/>Eres el se\u00f1or de la gracia y la suerte.<br \/>Eres el rey de los genios y los humanos,<br \/>Rey de los santos (santos) hombres,<br \/>Se\u00f1or del terror y la alabanza,<br \/>La morada del deber religioso y la alabanza,<br \/>Digno de alabanza y agradecimiento.<br \/>\u00a1Se\u00f1or! Protector en los viajes,<br \/>Gobernante de la luna y la oscuridad,<br \/>Dios del sol y del fuego,<br \/>Dios del Gran Trono,<br \/>Se\u00f1or de la bondad.<br \/>\u00a1Se\u00f1or! Nadie sabe c\u00f3mo eres.<br \/>No tienes belleza; no tienes talla<br \/>No tienes salida; no tienes numero<br \/>\u00a1Se\u00f1or! juez de reyes y mendigos,<br \/>Juez de la sociedad y del mundo,<br \/>Revelaste el arrepentimiento de Ad\u00e1n.<br \/>Se\u00f1or, no tienes hogar; no tienes dinero;<br \/>No tienes alas, no tienes plumas;<br \/>No tienes voz, no tienes color.<br \/>Nos has hecho afortunados y satisfechos.<br \/>T\u00fa creaste a Jes\u00fas y Mar\u00eda.<br \/>Se\u00f1or, eres misericordioso,<br \/>Misericordioso, fiel.<br \/>T\u00fa eres Se\u00f1or; soy la nada.<br \/>Soy un pecador ca\u00eddo,<br \/>Un pecador por ti recordado.<br \/>Nos has conducido de las tinieblas a la luz.<br \/>\u00a1Se\u00f1or! mi pecado y mi culpa,<br \/>T\u00f3malos y qu\u00edtalos.<br \/>\u00a1Oh Dios, oh Dios, oh Dios, Am\u00e9n!<\/pre>\t\t\t\t\t\t\t\t<\/div>\n\t\t\t\t<\/div>\n\t\t\t\t\t<\/div>\n\t\t<\/div>\n\t\t\t\t\t<\/div>\n\t\t<\/section>\n\t\t\t\t<\/div>","protected":false},"excerpt":{"rendered":"<p>Wiki de mitolog\u00eda kurda El Libro Negro de Yazidi (aqu\u00ed la oraci\u00f3n principal de Yazidi) es uno de los dos libros escritos en el \u2026 <\/p>","protected":false},"author":1,"featured_media":0,"parent":3095,"menu_order":0,"comment_status":"closed","ping_status":"closed","template":"","meta":{"footnotes":""},"class_list":["post-24160","page","type-page","status-publish","hentry"],"amp_enabled":true,"_links":{"self":[{"href":"https:\/\/mythslegendes.com\/es\/wp-json\/wp\/v2\/pages\/24160","targetHints":{"allow":["GET"]}}],"collection":[{"href":"https:\/\/mythslegendes.com\/es\/wp-json\/wp\/v2\/pages"}],"about":[{"href":"https:\/\/mythslegendes.com\/es\/wp-json\/wp\/v2\/types\/page"}],"author":[{"embeddable":true,"href":"https:\/\/mythslegendes.com\/es\/wp-json\/wp\/v2\/users\/1"}],"replies":[{"embeddable":true,"href":"https:\/\/mythslegendes.com\/es\/wp-json\/wp\/v2\/comments?post=24160"}],"version-history":[{"count":3,"href":"https:\/\/mythslegendes.com\/es\/wp-json\/wp\/v2\/pages\/24160\/revisions"}],"predecessor-version":[{"id":24167,"href":"https:\/\/mythslegendes.com\/es\/wp-json\/wp\/v2\/pages\/24160\/revisions\/24167"}],"up":[{"embeddable":true,"href":"https:\/\/mythslegendes.com\/es\/wp-json\/wp\/v2\/pages\/3095"}],"wp:attachment":[{"href":"https:\/\/mythslegendes.com\/es\/wp-json\/wp\/v2\/media?parent=24160"}],"curies":[{"name":"wp","href":"https:\/\/api.w.org\/{rel}","templated":true}]}}