{"id":24168,"date":"2022-10-18T11:40:01","date_gmt":"2022-10-18T11:40:01","guid":{"rendered":"https:\/\/mythslegendes.com\/?page_id=24168"},"modified":"2022-10-18T11:45:08","modified_gmt":"2022-10-18T11:45:08","slug":"articles-de-foi-yezidis","status":"publish","type":"page","link":"https:\/\/mythslegendes.com\/es\/mitologia-kurda\/articulos-de-fe-yazidis\/","title":{"rendered":"Art\u00edculos de Fe Yazid\u00edes"},"content":{"rendered":"<div data-elementor-type=\"wp-page\" data-elementor-id=\"24168\" class=\"elementor elementor-24168\">\n\t\t\t\t\t\t<section class=\"elementor-section elementor-top-section elementor-element elementor-element-5576759 elementor-section-boxed elementor-section-height-default elementor-section-height-default\" data-id=\"5576759\" data-element_type=\"section\" data-e-type=\"section\">\n\t\t\t\t\t\t<div class=\"elementor-container elementor-column-gap-default\">\n\t\t\t\t\t<div class=\"elementor-column elementor-col-50 elementor-top-column elementor-element elementor-element-80fc883\" data-id=\"80fc883\" data-element_type=\"column\" data-e-type=\"column\">\n\t\t\t<div class=\"elementor-widget-wrap elementor-element-populated\">\n\t\t\t\t\t\t<div class=\"elementor-element elementor-element-4d043a2 elementor-align-justify elementor-widget elementor-widget-button\" data-id=\"4d043a2\" data-element_type=\"widget\" data-e-type=\"widget\" data-widget_type=\"button.default\">\n\t\t\t\t<div class=\"elementor-widget-container\">\n\t\t\t\t\t\t\t\t\t<div class=\"elementor-button-wrapper\">\n\t\t\t\t\t<a class=\"elementor-button elementor-button-link elementor-size-sm\" href=\"https:\/\/mythslegendes.com\/es\/mitologia-kurda\/\">\n\t\t\t\t\t\t<span class=\"elementor-button-content-wrapper\">\n\t\t\t\t\t\t\t\t\t<span class=\"elementor-button-text\">Mitolog\u00eda kurda<\/span>\n\t\t\t\t\t<\/span>\n\t\t\t\t\t<\/a>\n\t\t\t\t<\/div>\n\t\t\t\t\t\t\t\t<\/div>\n\t\t\t\t<\/div>\n\t\t\t\t\t<\/div>\n\t\t<\/div>\n\t\t\t\t<div class=\"elementor-column elementor-col-50 elementor-top-column elementor-element elementor-element-c0d3cbe\" data-id=\"c0d3cbe\" data-element_type=\"column\" data-e-type=\"column\">\n\t\t\t<div class=\"elementor-widget-wrap elementor-element-populated\">\n\t\t\t\t\t\t<div class=\"elementor-element elementor-element-424f03a elementor-align-justify elementor-widget elementor-widget-button\" data-id=\"424f03a\" data-element_type=\"widget\" data-e-type=\"widget\" data-widget_type=\"button.default\">\n\t\t\t\t<div class=\"elementor-widget-container\">\n\t\t\t\t\t\t\t\t\t<div class=\"elementor-button-wrapper\">\n\t\t\t\t\t<a class=\"elementor-button elementor-button-link elementor-size-sm\" href=\"https:\/\/www.sacred-texts.com\/asia\/sby\/index.htm\" target=\"_blank\" rel=\"noopener\">\n\t\t\t\t\t\t<span class=\"elementor-button-content-wrapper\">\n\t\t\t\t\t\t\t\t\t<span class=\"elementor-button-text\">Wiki<\/span>\n\t\t\t\t\t<\/span>\n\t\t\t\t\t<\/a>\n\t\t\t\t<\/div>\n\t\t\t\t\t\t\t\t<\/div>\n\t\t\t\t<\/div>\n\t\t\t\t\t<\/div>\n\t\t<\/div>\n\t\t\t\t\t<\/div>\n\t\t<\/section>\n\t\t\t\t<section class=\"elementor-section elementor-top-section elementor-element elementor-element-928c2ef elementor-section-boxed elementor-section-height-default elementor-section-height-default\" data-id=\"928c2ef\" data-element_type=\"section\" data-e-type=\"section\">\n\t\t\t\t\t\t<div class=\"elementor-container elementor-column-gap-default\">\n\t\t\t\t\t<div class=\"elementor-column elementor-col-100 elementor-top-column elementor-element elementor-element-d17c8bd\" data-id=\"d17c8bd\" data-element_type=\"column\" data-e-type=\"column\">\n\t\t\t<div class=\"elementor-widget-wrap elementor-element-populated\">\n\t\t\t\t\t\t<div class=\"elementor-element elementor-element-de9e8d8 elementor-widget elementor-widget-text-editor\" data-id=\"de9e8d8\" data-element_type=\"widget\" data-e-type=\"widget\" data-widget_type=\"text-editor.default\">\n\t\t\t\t<div class=\"elementor-widget-container\">\n\t\t\t\t\t\t\t\t\t<p>los <a href=\"https:\/\/mythslegendes.com\/es\/bibliotecas-de-libros\/\">Entregado<\/a> negro <a href=\"https:\/\/mythslegendes.com\/es\/mitologia-kurda\/\">yazidi<\/a> (aqu\u00ed los art\u00edculos de fe <a href=\"https:\/\/mythslegendes.com\/es\/mitologia-kurda\/\">yazidis<\/a>) es uno de los dos <a href=\"https:\/\/mythslegendes.com\/es\/bibliotecas-de-libros\/\">libros<\/a> escrito al estilo de un libro sagrado de los yazid\u00edes en su lengua nativa kurmanji (kurdo del norte), siendo el otro el Libro de las Revelaciones (o Apocalipsis) yazid\u00ed.\u00a0<\/p><p><img decoding=\"async\" class=\"alignnone wp-image-9347 size-full\" src=\"https:\/\/mythslegendes.com\/wp-content\/uploads\/2020\/09\/cropped-AlphaOmega-e1602613368367.png\" alt=\"Art\u00edculos de fe yazidi\" width=\"25\" height=\"25\" title=\"\"><\/p>\t\t\t\t\t\t\t\t<\/div>\n\t\t\t\t<\/div>\n\t\t\t\t\t<\/div>\n\t\t<\/div>\n\t\t\t\t\t<\/div>\n\t\t<\/section>\n\t\t\t\t<section class=\"elementor-section elementor-top-section elementor-element elementor-element-daf670d elementor-section-boxed elementor-section-height-default elementor-section-height-default\" data-id=\"daf670d\" data-element_type=\"section\" data-e-type=\"section\">\n\t\t\t\t\t\t<div class=\"elementor-container elementor-column-gap-default\">\n\t\t\t\t\t<div class=\"elementor-column elementor-col-100 elementor-top-column elementor-element elementor-element-55e00bc\" data-id=\"55e00bc\" data-element_type=\"column\" data-e-type=\"column\">\n\t\t\t<div class=\"elementor-widget-wrap elementor-element-populated\">\n\t\t\t\t\t\t<div class=\"elementor-element elementor-element-c777e3b elementor-widget elementor-widget-heading\" data-id=\"c777e3b\" data-element_type=\"widget\" data-e-type=\"widget\" data-widget_type=\"heading.default\">\n\t\t\t\t<div class=\"elementor-widget-container\">\n\t\t\t\t\t<div id=\"ez-toc-container\" class=\"ez-toc-v2_0_83 counter-hierarchy ez-toc-counter ez-toc-grey ez-toc-container-direction\">\n<div class=\"ez-toc-title-container\">\n<p class=\"ez-toc-title\" style=\"cursor:inherit\">Contenido<\/p>\n<span class=\"ez-toc-title-toggle\"><a href=\"#\" class=\"ez-toc-pull-right ez-toc-btn ez-toc-btn-xs ez-toc-btn-default ez-toc-toggle\" aria-label=\"Alternar tabla de contenidos\"><span class=\"ez-toc-js-icon-con\"><span class=\"\"><span class=\"eztoc-hide\" style=\"display:none;\">Palanca<\/span><span class=\"ez-toc-icon-toggle-span\"><svg style=\"fill: #999;color:#999\" xmlns=\"http:\/\/www.w3.org\/2000\/svg\" class=\"list-377408\" width=\"20px\" height=\"20px\" viewbox=\"0 0 24 24\" fill=\"none\"><path d=\"M6 6H4v2h2V6zm14 0H8v2h12V6zM4 11h2v2H4v-2zm16 0H8v2h12v-2zM4 16h2v2H4v-2zm16 0H8v2h12v-2z\" fill=\"currentColor\"><\/path><\/svg><svg style=\"fill: #999;color:#999\" class=\"arrow-unsorted-368013\" xmlns=\"http:\/\/www.w3.org\/2000\/svg\" width=\"10px\" height=\"10px\" viewbox=\"0 0 24 24\" version=\"1.2\" baseprofile=\"tiny\"><path d=\"M18.2 9.3l-6.2-6.3-6.2 6.3c-.2.2-.3.4-.3.7s.1.5.3.7c.2.2.4.3.7.3h11c.3 0 .5-.1.7-.3.2-.2.3-.5.3-.7s-.1-.5-.3-.7zM5.8 14.7l6.2 6.3 6.2-6.3c.2-.2.3-.5.3-.7s-.1-.5-.3-.7c-.2-.2-.4-.3-.7-.3h-11c-.3 0-.5.1-.7.3-.2.2-.3.5-.3.7s.1.5.3.7z\"\/><\/svg><\/span><\/span><\/span><\/a><\/span><\/div>\n<nav><ul class='ez-toc-list ez-toc-list-level-1' ><li class='ez-toc-page-1 ez-toc-heading-level-2'><a class=\"ez-toc-link ez-toc-heading-1\" href=\"https:\/\/mythslegendes.com\/es\/mitologia-kurda\/articulos-de-fe-yazidis\/#Les-articles-de-foi-yezidis\" >Los Art\u00edculos de Fe Yazidi<\/a><\/li><\/ul><\/nav><\/div>\n<h2 class=\"elementor-heading-title elementor-size-default\"><span class=\"ez-toc-section\" id=\"Les-articles-de-foi-yezidis\"><\/span>Los Art\u00edculos de Fe Yazidi<span class=\"ez-toc-section-end\"><\/span><\/h2>\t\t\t\t<\/div>\n\t\t\t\t<\/div>\n\t\t\t\t\t<\/div>\n\t\t<\/div>\n\t\t\t\t\t<\/div>\n\t\t<\/section>\n\t\t\t\t<section class=\"elementor-section elementor-top-section elementor-element elementor-element-1176067 elementor-section-boxed elementor-section-height-default elementor-section-height-default\" data-id=\"1176067\" data-element_type=\"section\" data-e-type=\"section\">\n\t\t\t\t\t\t<div class=\"elementor-container elementor-column-gap-default\">\n\t\t\t\t\t<div class=\"elementor-column elementor-col-100 elementor-top-column elementor-element elementor-element-41b1d97\" data-id=\"41b1d97\" data-element_type=\"column\" data-e-type=\"column\">\n\t\t\t<div class=\"elementor-widget-wrap elementor-element-populated\">\n\t\t\t\t\t\t<div class=\"elementor-element elementor-element-c31ac58 elementor-widget elementor-widget-text-editor\" data-id=\"c31ac58\" data-element_type=\"widget\" data-e-type=\"widget\" data-widget_type=\"text-editor.default\">\n\t\t\t\t<div class=\"elementor-widget-container\">\n\t\t\t\t\t\t\t\t\t<p>En un momento (1289 d. H.; 1872 d. C.), el poder otomano quiso reclutar un ej\u00e9rcito entre ellos en lugar de recaudar el impuesto que se le deb\u00eda. Presentaron al gobierno todas las normas que les imped\u00edan cumplir. Todas estas son obligaciones religiosas y morales para ellos. Ellos son los siguientes:<\/p><p>PRIMER ART\u00cdCULO<\/p><p>Seg\u00fan nuestra religi\u00f3n yazid\u00ed, cada miembro de nuestra secta, sea grande o peque\u00f1o, ni\u00f1a o mujer, debe visitar Melek \u1e6c\u00e2&#039;\u00fbs tres veces al a\u00f1o, es decir, primero, desde principios hasta finales de abril, calendario romano; segundo, desde principios hasta finales de septiembre; tercero, desde principios hasta finales de noviembre. Si alguien no visita la imagen de Melek \u1e6c\u00e2&#039;\u00fbs, es un incr\u00e9dulo.<\/p><p>SECCI\u00d3N II<\/p><p>Si un miembro de nuestra secta, grande o peque\u00f1o, no visita a Su Alteza \u0160ei\u1e2b &#039;Ad\u00ee bn Mus\u00e2fir, \u00a1que Dios santifique sus misterios! una vez al a\u00f1o, es decir del quince al veinte de septiembre, calendario romano, es infiel seg\u00fan nuestra religi\u00f3n.<\/p><p>ART\u00cdCULO III<\/p><p>Cada miembro de nuestra secta debe visitar el lugar de la salida del sol todos los d\u00edas cuando aparece, y no debe haber musulmanes, cristianos ni nadie m\u00e1s en ese lugar. Si alguien no lo hace, es un infiel.<\/p><p>ART\u00cdCULO V<\/p><p>Cada miembro de nuestra secta debe besar diariamente la mano de su hermano, su hermano del m\u00e1s all\u00e1, es decir, el sirviente del Mahdi, y la mano de su \u0161ei\u1e2b o pir. Si alguien no lo hace, se le considera un infiel.<\/p><p>ART\u00cdCULO V<\/p><p>Seg\u00fan nuestra religi\u00f3n, es algo insoportable cuando el musulm\u00e1n comienza por la ma\u00f1ana a decir en oraci\u00f3n, \u00a1Dios nos guarde! \u201cMe refugio en Dios, etc. 38 Si alguno de nosotros lo oye, que mate al que lo dice y que se mate a s\u00ed mismo; de lo contrario, se convierte en un infiel.<\/p><p>SECCI\u00d3N VI<\/p><p>Lorsqu&#039;un membre de notre secte est sur le point de mourir, s&#039;il n&#039;y a pas de fr\u00e8re du monde \u00e0 venir et son \u0161ei\u1e2b, ou son p\u00eer et l&#039;un des \u1e33aww\u00e2ls avec lui pour dire trois paroles sur lui, a saber ; &quot;Oh sirviente de Melek \u1e6c\u00e2&#039;\u00fbs cuyos caminos son elevados, debes adherirte a la religi\u00f3n del que adoramos, que es Melek \u1e6c\u00e2&#039;\u00fbs, cuyos caminos son elevados, y no morir en ninguna otra religi\u00f3n que no sea la suya.<\/p><p>Y si alguien viene y les dice algo sobre la religi\u00f3n musulmana, o la religi\u00f3n cristiana, o la religi\u00f3n jud\u00eda, o cualquier otra religi\u00f3n, no lo crean y no lo sigan. Y si crees y sigues otra religi\u00f3n que la que adoramos, Melek \u1e6c\u00e2&#039;\u00fbs, morir\u00e1s infiel\u201d, se vuelve infiel.<\/p><p>ART\u00cdCULO VII<\/p><p>Tenemos algo llamado la bendici\u00f3n de \u0160ei\u1e2b &#039;Ad\u00ee, que significa el polvo de la tumba de \u0160ei\u1e2b &#039;Ad\u00ee - \u00a1que Dios santifique su misterio! Cada miembro de nuestra secta debe tenerlo en su bolsillo y comerlo todas las ma\u00f1anas. Y si no lo come intencionalmente, es un infiel. Asimismo, en el momento de la muerte, si intencionalmente no posee algo de este polvo, muere infielmente.<\/p><p>ART\u00cdCULO VIII<\/p><p>En cuanto a nuestro ayuno, si alguien de nuestra secta desea ayunar, debe ayunar en su casa, no en la de otro. Porque durante el ayuno, debe ir cada ma\u00f1ana a la casa de su \u0161ei\u1e2b y su pir, y all\u00ed debe comenzar a ayunar, y cuando rompa su ayuno, igualmente, debe ir a la casa de su \u0161ei\u1e2b y su p\u00eer. , y all\u00ed romper el ayuno bebiendo el vino sagrado de \u0161ei\u1e2b o p\u00eer.<\/p><p>Y si no bebe dos o tres copas de este vino, su ayuno no es aceptable, y se vuelve incr\u00e9dulo.<\/p><p>ART\u00cdCULO IX<\/p><p>Si un miembro de nuestra secta va a otro lugar y permanece all\u00ed hasta por un a\u00f1o, luego regresa a casa, entonces su esposa le est\u00e1 prohibida y ninguno de nosotros le dar\u00e1 una esposa. Si alguno le da mujer, \u00e9se es incr\u00e9dulo.<\/p><p>ART\u00cdCULO X<\/p><p>En cuanto a nuestra vestimenta, como mencionamos en el cuarto art\u00edculo que cada uno de nuestra secta tiene un hermano para el m\u00e1s all\u00e1, tambi\u00e9n tiene una hermana para el m\u00e1s all\u00e1.<\/p><p>Entonces, si uno de nosotros se hace una camisa nueva, es necesario que su hermana para el m\u00e1s all\u00e1 abra el cuello de la misma, es decir, el cuello de esta camisa, con la mano. Y si ella no lo abre con la mano, y \u00e9l lo toma, entonces es un infiel.<\/p><p>ART\u00cdCULO XI<\/p><p>Si alguien de nuestra secta hace una camisa o vestido nuevo, no puede usarlo sin bautizarlo en el agua bendita que est\u00e1 en el santuario de su alteza \u0160ei\u1e2b &#039;Ad\u00ee \u00a1que Dios santifique su misterio! Si lo usa, es un infiel.<\/p><p>SECCI\u00d3N XII<\/p><p>No podemos usar un vestido negro claro en absoluto. No podemos peinarnos la cabeza con el peine de un musulm\u00e1n, un cristiano, un jud\u00edo o cualquier otro. Tampoco podemos afeitarnos la cabeza con la navaja que usan otros que no sean nosotros (yazidis), a menos que se lave con agua bendita que se encuentra en el santuario de Su Alteza \u0160ei\u1e2b &#039;Ad\u00ee.<\/p><p>As\u00ed que se nos permite afeitarnos la cabeza. Pero si nos rapamos la cabeza sin haber lavado la navaja en esta agua, nos volvemos infieles.<\/p><p>ART\u00cdCULO XIII<\/p><p>Ning\u00fan yazid\u00ed puede entrar al ba\u00f1o de un musulm\u00e1n, o ba\u00f1arse en la casa de un musulm\u00e1n, o comer con una cuchara musulmana, o beber de una taza musulmana, de una taza usada por otra secta. Si lo hace, es un infiel.<\/p><p>ART\u00cdCULO XIV<\/p><p>En cuanto a la comida, hay una gran diferencia entre nosotros y otras sectas. No comemos carne ni pescado, calabaza, bamia (okra), fasulia (frijoles), repollo o lechuga. Ni siquiera podemos vivir donde se siembra la lechuga.<\/p><p>Por estas y otras razones, no podemos ingresar al servicio militar, etc.<\/p><p>Los nombres de quienes pusieron sus firmas:<\/p><p>EL L\u00cdDER DE LA SECTA YEZIDI, EL EMIR DE \u0160EI\u1e2a\u00c2N, \u1e24USEIN.<br \/>EL RELIGIOSO \u0160EI\u1e2a DE LA SECTA YEZIDI DEL DISTRITO DE \u0160EI\u1e2a\u00c2N, \u0160EI\u1e2a NA\u1e62IR.<\/p><p>LA. JEFE DEL PUEBLO DE MAM RE\u0160\u00c2N, P\u00ceR SULEI\u00c2N.<\/p><p>EL JEFE DEL PUEBLO DE<\/p><p>MUSKAN, MURAD.<br \/>\u1e24AT\u00c2RAH, AYYUB.<br \/>BEIB\u00c2N, \u1e24USEIN.<br \/>DAH\u1e32AN, \u1e24ASSAN.<br \/>\u1e24UZR\u00c2N, NU&#039;M\u00d4.<br \/>BAKASRA, &#039;ALI.<br \/>B\u00c2&#039;A\u0160\u00ce\u1e32A, JAM\u00d4.<br \/>\u1e24\u00d4\u0160ABA, ILIAS.<br \/>\u1e32REPA\u1e24IN, SA\u0120D.<br \/>\u1e32AB\u00c2REH, K\u00d4CHAK.<br \/>KASO.<br \/>SIN\u00c2, &#039;ABD\u00d4.<br \/>&#039;AIN SIFNI, GURG\u00d4.<br \/>\u1e32ASR-&#039;IZZ-AD-DIN<br \/>EIRO.<br \/>KIBERT\u00d4, \u1e6c\u00c2HIR.<\/p><p>Y DE OTROS.<\/p><p>Son aquellos cuyos nombres aparec\u00edan en la petici\u00f3n antes mencionada, y de la que hemos copiado algunos elementos.<\/p><p>El resultado fue que cuando presentaron esta petici\u00f3n, quedaron exentos del servicio militar, pero pagaron un impuesto en plata como lo hac\u00edan los cristianos.<\/p>\t\t\t\t\t\t\t\t<\/div>\n\t\t\t\t<\/div>\n\t\t\t\t\t<\/div>\n\t\t<\/div>\n\t\t\t\t\t<\/div>\n\t\t<\/section>\n\t\t\t\t<\/div>","protected":false},"excerpt":{"rendered":"<p>Wiki de mitolog\u00eda kurda El Libro Negro Yazidi (aqu\u00ed los Art\u00edculos de Fe Yazidi) es uno de los dos libros escritos en... <\/p>","protected":false},"author":1,"featured_media":0,"parent":3095,"menu_order":0,"comment_status":"closed","ping_status":"closed","template":"","meta":{"footnotes":""},"class_list":["post-24168","page","type-page","status-publish","hentry"],"amp_enabled":true,"_links":{"self":[{"href":"https:\/\/mythslegendes.com\/es\/wp-json\/wp\/v2\/pages\/24168","targetHints":{"allow":["GET"]}}],"collection":[{"href":"https:\/\/mythslegendes.com\/es\/wp-json\/wp\/v2\/pages"}],"about":[{"href":"https:\/\/mythslegendes.com\/es\/wp-json\/wp\/v2\/types\/page"}],"author":[{"embeddable":true,"href":"https:\/\/mythslegendes.com\/es\/wp-json\/wp\/v2\/users\/1"}],"replies":[{"embeddable":true,"href":"https:\/\/mythslegendes.com\/es\/wp-json\/wp\/v2\/comments?post=24168"}],"version-history":[{"count":3,"href":"https:\/\/mythslegendes.com\/es\/wp-json\/wp\/v2\/pages\/24168\/revisions"}],"predecessor-version":[{"id":24174,"href":"https:\/\/mythslegendes.com\/es\/wp-json\/wp\/v2\/pages\/24168\/revisions\/24174"}],"up":[{"embeddable":true,"href":"https:\/\/mythslegendes.com\/es\/wp-json\/wp\/v2\/pages\/3095"}],"wp:attachment":[{"href":"https:\/\/mythslegendes.com\/es\/wp-json\/wp\/v2\/media?parent=24168"}],"curies":[{"name":"wp","href":"https:\/\/api.w.org\/{rel}","templated":true}]}}