{"id":2422,"date":"2020-07-11T14:46:30","date_gmt":"2020-07-11T13:46:30","guid":{"rendered":"https:\/\/mythslegendes.com\/?page_id=2422"},"modified":"2022-12-03T22:07:08","modified_gmt":"2022-12-03T22:07:08","slug":"la-barque-enchantee","status":"publish","type":"page","link":"https:\/\/mythslegendes.com\/es\/mitologia-iberica\/el-barco-encantado\/","title":{"rendered":"El barco encantado"},"content":{"rendered":"<div data-elementor-type=\"wp-page\" data-elementor-id=\"2422\" class=\"elementor elementor-2422\">\n\t\t\t\t\t\t<section class=\"elementor-section elementor-top-section elementor-element elementor-element-a58d372 elementor-section-boxed elementor-section-height-default elementor-section-height-default\" data-id=\"a58d372\" data-element_type=\"section\" data-e-type=\"section\">\n\t\t\t\t\t\t<div class=\"elementor-container elementor-column-gap-default\">\n\t\t\t\t\t<div class=\"elementor-column elementor-col-50 elementor-top-column elementor-element elementor-element-48ddc9c\" data-id=\"48ddc9c\" data-element_type=\"column\" data-e-type=\"column\">\n\t\t\t<div class=\"elementor-widget-wrap elementor-element-populated\">\n\t\t\t\t\t\t<div class=\"elementor-element elementor-element-710c3b3 elementor-align-justify elementor-widget elementor-widget-button\" data-id=\"710c3b3\" data-element_type=\"widget\" data-e-type=\"widget\" data-widget_type=\"button.default\">\n\t\t\t\t<div class=\"elementor-widget-container\">\n\t\t\t\t\t\t\t\t\t<div class=\"elementor-button-wrapper\">\n\t\t\t\t\t<a class=\"elementor-button elementor-button-link elementor-size-sm\" href=\"https:\/\/mythslegendes.com\/es\/mitologia-iberica\/\">\n\t\t\t\t\t\t<span class=\"elementor-button-content-wrapper\">\n\t\t\t\t\t\t\t\t\t<span class=\"elementor-button-text\">Mitolog\u00eda ib\u00e9rica<\/span>\n\t\t\t\t\t<\/span>\n\t\t\t\t\t<\/a>\n\t\t\t\t<\/div>\n\t\t\t\t\t\t\t\t<\/div>\n\t\t\t\t<\/div>\n\t\t\t\t\t<\/div>\n\t\t<\/div>\n\t\t\t\t<div class=\"elementor-column elementor-col-50 elementor-top-column elementor-element elementor-element-57e8df0\" data-id=\"57e8df0\" data-element_type=\"column\" data-e-type=\"column\">\n\t\t\t<div class=\"elementor-widget-wrap elementor-element-populated\">\n\t\t\t\t\t\t<div class=\"elementor-element elementor-element-4ac2426 elementor-align-justify elementor-widget elementor-widget-button\" data-id=\"4ac2426\" data-element_type=\"widget\" data-e-type=\"widget\" data-widget_type=\"button.default\">\n\t\t\t\t<div class=\"elementor-widget-container\">\n\t\t\t\t\t\t\t\t\t<div class=\"elementor-button-wrapper\">\n\t\t\t\t\t<a class=\"elementor-button elementor-button-link elementor-size-sm\" href=\"https:\/\/en.wikipedia.org\/wiki\/Spanish_mythology\" target=\"_blank\" rel=\"noopener\">\n\t\t\t\t\t\t<span class=\"elementor-button-content-wrapper\">\n\t\t\t\t\t\t\t\t\t<span class=\"elementor-button-text\">Wiki<\/span>\n\t\t\t\t\t<\/span>\n\t\t\t\t\t<\/a>\n\t\t\t\t<\/div>\n\t\t\t\t\t\t\t\t<\/div>\n\t\t\t\t<\/div>\n\t\t\t\t\t<\/div>\n\t\t<\/div>\n\t\t\t\t\t<\/div>\n\t\t<\/section>\n\t\t\t\t<section class=\"elementor-section elementor-top-section elementor-element elementor-element-76f64fde elementor-section-boxed elementor-section-height-default elementor-section-height-default\" data-id=\"76f64fde\" data-element_type=\"section\" data-e-type=\"section\">\n\t\t\t\t\t\t<div class=\"elementor-container elementor-column-gap-default\">\n\t\t\t\t\t<div class=\"elementor-column elementor-col-100 elementor-top-column elementor-element elementor-element-72da29c2\" data-id=\"72da29c2\" data-element_type=\"column\" data-e-type=\"column\">\n\t\t\t<div class=\"elementor-widget-wrap elementor-element-populated\">\n\t\t\t\t\t\t<div class=\"elementor-element elementor-element-4efe4e86 elementor-widget elementor-widget-text-editor\" data-id=\"4efe4e86\" data-element_type=\"widget\" data-e-type=\"widget\" data-widget_type=\"text-editor.default\">\n\t\t\t\t<div class=\"elementor-widget-container\">\n\t\t\t\t\t\t\t\t\t<p><\/p>\n<p>Esta es la historia del barco encantado. \u00c9rase una vez en Canet un pecador fuerte como una encina y bueno como el pan, que se llamaba Vicens, pero al que sus compa\u00f1eros conoc\u00edan mejor con el sobrenombre de en Vicens lo Roure; tambi\u00e9n estaba muy orgulloso de este ep\u00edteto que le vali\u00f3 su constituci\u00f3n herc\u00falea.<\/p>\n<p><img decoding=\"async\" class=\"alignnone wp-image-5284 size-full\" src=\"https:\/\/mythslegendes.com\/wp-content\/uploads\/2020\/09\/AlphaOmega-e1602613368367.png\" alt=\"el barco encantado\" width=\"25\" height=\"26\" title=\"\"><\/p>\n<div id=\"ez-toc-container\" class=\"ez-toc-v2_0_82_2 counter-hierarchy ez-toc-counter ez-toc-grey ez-toc-container-direction\">\n<div class=\"ez-toc-title-container\">\n<p class=\"ez-toc-title\" style=\"cursor:inherit\">Contenido<\/p>\n<span class=\"ez-toc-title-toggle\"><a href=\"#\" class=\"ez-toc-pull-right ez-toc-btn ez-toc-btn-xs ez-toc-btn-default ez-toc-toggle\" aria-label=\"Alternar tabla de contenidos\"><span class=\"ez-toc-js-icon-con\"><span class=\"\"><span class=\"eztoc-hide\" style=\"display:none;\">Palanca<\/span><span class=\"ez-toc-icon-toggle-span\"><svg style=\"fill: #999;color:#999\" xmlns=\"http:\/\/www.w3.org\/2000\/svg\" class=\"list-377408\" width=\"20px\" height=\"20px\" viewbox=\"0 0 24 24\" fill=\"none\"><path d=\"M6 6H4v2h2V6zm14 0H8v2h12V6zM4 11h2v2H4v-2zm16 0H8v2h12v-2zM4 16h2v2H4v-2zm16 0H8v2h12v-2z\" fill=\"currentColor\"><\/path><\/svg><svg style=\"fill: #999;color:#999\" class=\"arrow-unsorted-368013\" xmlns=\"http:\/\/www.w3.org\/2000\/svg\" width=\"10px\" height=\"10px\" viewbox=\"0 0 24 24\" version=\"1.2\" baseprofile=\"tiny\"><path d=\"M18.2 9.3l-6.2-6.3-6.2 6.3c-.2.2-.3.4-.3.7s.1.5.3.7c.2.2.4.3.7.3h11c.3 0 .5-.1.7-.3.2-.2.3-.5.3-.7s-.1-.5-.3-.7zM5.8 14.7l6.2 6.3 6.2-6.3c.2-.2.3-.5.3-.7s-.1-.5-.3-.7c-.2-.2-.4-.3-.7-.3h-11c-.3 0-.5.1-.7.3-.2.2-.3.5-.3.7s.1.5.3.7z\"\/><\/svg><\/span><\/span><\/span><\/a><\/span><\/div>\n<nav><ul class='ez-toc-list ez-toc-list-level-1' ><li class='ez-toc-page-1 ez-toc-heading-level-2'><a class=\"ez-toc-link ez-toc-heading-1\" href=\"https:\/\/mythslegendes.com\/es\/mitologia-iberica\/el-barco-encantado\/#La-barque-enchantee\" >El barco encantado<\/a><\/li><\/ul><\/nav><\/div>\n<h2><span class=\"ez-toc-section\" id=\"La-barque-enchantee\"><\/span>El barco encantado<span class=\"ez-toc-section-end\"><\/span><\/h2>\n<p>Ahora bien, un d\u00eda, Vicens, descalzo, con los pantalones remangados hasta los muslos y la espalda envuelta en un ancho cintur\u00f3n de franela roja, se dispon\u00eda a empujar su barco hacia el mar para salir al mar, cuando advirti\u00f3 que el casco estaba h\u00famedo. Pens\u00f3 que un compa\u00f1ero hab\u00eda utilizado el barco sin avisarle, pero not\u00f3 que todo estaba en su lugar: cuerdas, remos y tim\u00f3n.<\/p>\n<p><\/p>\n<p>A la ma\u00f1ana siguiente el casco volvi\u00f3 a estar mojado, aunque el barco hab\u00eda estado completamente en tierra el d\u00eda anterior. Vicens interrog\u00f3 a algunos marineros, que afirmaban no haber tocado nunca su barco, luego fue a buscar al alguacil, quien le aconsej\u00f3 esconderse durante la noche y permanecer alerta. Esa misma noche, Vicens se acurruc\u00f3 detr\u00e1s de un mont\u00f3n de grandes redes, esperando pacientemente los acontecimientos, escuchando el sonido de las olas y confiando en su pipa para ahuyentar el aburrimiento.<\/p>\n<p><\/p>\n<p>Pronto son\u00f3 el reloj de la iglesia y el marinero cont\u00f3 las horas con los dedos: diez, once, doce; de repente vio luces parpadeantes en la noche oscura, como fuegos fatuos que se acercaban a \u00e9l; Con el cuello estirado y los ojos muy abiertos, finalmente distingui\u00f3 a un grupo de mujeres con linternas que corr\u00edan retozando por la orilla y ocupaban sus lugares en su bote.<\/p>\n<p>Estaba a punto de salir de su escondite para ahuyentar a estas siniestras mujeres, cuando una de ellas, de pie cerca del tim\u00f3n, alz\u00f3 la voz. Vicens volvi\u00f3 a esconderse y escuch\u00f3 muy claramente las siguientes palabras:<\/p>\n<p><\/p>\n<p><em>Vara per un, vara per dos, vara per tres, vara per cuatra, vara per cinch, vara per sis, vara per set.<\/em><\/p>\n<p><\/p>\n<p>Y la barca resbal\u00f3 en la arena y desapareci\u00f3 en el horizonte, como el humo que se desvanece... El pecador no pudo recuperarse de su asombro. Esta extra\u00f1a visi\u00f3n, la desaparici\u00f3n de su barco, desconcertaron su raz\u00f3n. Se fue a la cama esperando con ansias que amaneciera. A la ma\u00f1ana siguiente encontr\u00f3 su barco todav\u00eda mojado, pero sab\u00eda qu\u00e9 esperar.<\/p>\n<p>Fue a buscar al alguacil por segunda vez, y le pidi\u00f3 consejo: el alguacil le recomend\u00f3 esconderse en la barca para reconocer a las siete bruixas -porque s\u00f3lo pod\u00edan ser bruixas- que hac\u00edan el recorrido nocturno.<\/p>\n<p><\/p>\n<p>Al caer la noche, Vicens se escondi\u00f3 en la bodega de su barco bajo las algas y esper\u00f3 pacientemente. Como el d\u00eda anterior, las siete mujeres llegaron a medianoche, todav\u00eda equipadas con linternas, se acomodaron en el barco despu\u00e9s de retozar, luego, una de ellas, la badessa, dijo en tono de comuni\u00f3n:<\/p>\n<p><\/p>\n<p><em>\u2014 Vara lier un, vara per dos, vara per tres, vara per cuatra, vara per cinch, vara per sis, vara per set.<\/em><\/p>\n<p><\/p>\n<p>Pero el barco no se movi\u00f3 m\u00e1s que los bloques de piedra contra los que romp\u00eda la ola.<\/p>\n<p><\/p>\n<p><em>\u201cCompanyas\u201d, dijo la misma mujer, \u201cn\u2019hi ha una, assi, que es \u00e0 punt de parir\u201d. (Camaradas, una de nosotras est\u00e1 a punto de dar a luz). Sus camaradas protestaron:<\/em><\/p>\n<p><\/p>\n<p><em>&quot;Som not jo&quot;, dijo Tune.<\/em><\/p>\n<p><\/p>\n<p><em>\u2014Ni jo.<\/em><\/p>\n<p><\/p>\n<p><em>\u2014Ni jo.<\/em><\/p>\n<p><\/p>\n<p>La badessa repiti\u00f3 entonces, modific\u00e1ndola, la f\u00f3rmula establecida:<\/p>\n<p><\/p>\n<p><em>\u2014 \u00a1Vara per un, vara per dos, vara per tres, vara per cuatra, vara per cinch, vara per sis, vara per set, vara per vuyt!<\/em><\/p>\n<p><\/p>\n<p>Y la barca desapareci\u00f3 inmediatamente, tan r\u00e1pido como un rayo; naveg\u00f3 muy, muy lejos y aterriz\u00f3 en un pa\u00eds que Vicens no conoc\u00eda. Las siete mujeres desembarcaron, dieron una vuelta fren\u00e9tica y luego se alejaron hacia un pueblo donde se ve\u00edan las primeras casas. Mientras tanto Vicens tambi\u00e9n baj\u00f3 a la orilla y vio plantas que nunca antes hab\u00eda visto; Cogi\u00f3 una hoja de palma y regres\u00f3 a su puesto de observaci\u00f3n en el fondo del barco.<\/p>\n<p><\/p>\n<p>Pronto llegaron las bruixas, ri\u00e9ndose de sus fechor\u00edas, zarparon a barlovento y la tripulaci\u00f3n se encontr\u00f3 en la playa del Rosell\u00f3n, unos instantes despu\u00e9s, como por arte de magia. Al d\u00eda siguiente Vicens acudi\u00f3 al alguacil y le explic\u00f3 los detalles de su viaje, mostrando la hoja de palma como prueba.<\/p>\n<p><\/p>\n<p>\u2014 \u201c\u00bfEntonces qui\u00e9nes son las siete brujas?\u201d \u00bb dijo el alguacil.<\/p>\n<p><\/p>\n<p>\u2014 \u201cLos conozco\u201d, respondi\u00f3 Vicens, \u201cy quiero se\u00f1al\u00e1rtelos en la iglesia, en el momento en que tomar\u00e1n agua bendita. \u00bb<\/p>\n<p><\/p>\n<p>El domingo siguiente, seg\u00fan lo acordado, el alguacil y Vicens se apostaron a la entrada de la iglesia, cerca de la pila bautismal, observando el desfile de los fieles. Cada vez que pasaba una de las brujas, Vicens le dec\u00eda en voz baja a su compa\u00f1era:<\/p>\n<p><\/p>\n<p>\u2014 \u201cOsca, el se\u00f1or bosteza. \u00bb<\/p>\n<p><\/p>\n<p>\u00c9sta fue la consigna acordada. Ya se conoc\u00edan seis brujas y la \u00faltima tard\u00f3 en llegar, cuando pas\u00f3 la propia esposa del alguacil. El marinero repiti\u00f3 la reveladora palabra con voz profunda:<\/p>\n<p><\/p>\n<p><em>\u2014 \u201cOsca, el se\u00f1or bosteza. \u00bb<\/em><\/p>\n<p><\/p>\n<p>El alguacil no pudo ocultar su asombro; Sin embargo, la \u00fanica persona que pas\u00f3 fue su esposa y llam\u00f3 al pescador.<\/p>\n<p><\/p>\n<p><em>\u2014 \u201cCom diuhes, Vicens\u201d<\/em><\/p>\n<p><\/p>\n<p>Y en el mismo tono solemne, Vicens repiti\u00f3:<\/p>\n<p><\/p>\n<p><em>\u2014 \u201cOsca, el se\u00f1or bosteza. \u00bb<\/em><\/p>\n<p><\/p>\n<p>El magistrado no pod\u00eda creer lo que o\u00eda. Al regresar a casa, interrog\u00f3 a su esposa y recibi\u00f3 su confesi\u00f3n; tambi\u00e9n supo que ella era la badessa de esta banda de bruixas que estaban causando alarma en la regi\u00f3n. Pero las siete brujas, habiendo sido traicionadas como resultado, ya no se reunieron y detuvieron sus fechor\u00edas.<\/p>\n<p><\/p>\n<p>En cuanto al alguacil, prometi\u00f3 a Vicens un barco nuevo, con la condici\u00f3n de que nunca hablara de los hechos que hab\u00eda presenciado y de que no traicionara a su esposa. Pero la discreci\u00f3n no fue la principal cualidad del pecador, pues toda la gente del pa\u00eds se enter\u00f3 de su curiosa aventura al d\u00eda siguiente.<\/p>\n<p><\/p>\t\t\t\t\t\t\t\t<\/div>\n\t\t\t\t<\/div>\n\t\t\t\t\t<\/div>\n\t\t<\/div>\n\t\t\t\t\t<\/div>\n\t\t<\/section>\n\t\t\t\t<\/div>","protected":false},"excerpt":{"rendered":"<p>Wiki Mitolog\u00eda Ib\u00e9rica Aqu\u00ed est\u00e1 la historia del barco encantado. \u00c9rase una vez en Canet un pecador fuerte como un... <\/p>","protected":false},"author":1,"featured_media":0,"parent":2187,"menu_order":0,"comment_status":"closed","ping_status":"closed","template":"","meta":{"footnotes":""},"class_list":["post-2422","page","type-page","status-publish","hentry"],"amp_enabled":true,"_links":{"self":[{"href":"https:\/\/mythslegendes.com\/es\/wp-json\/wp\/v2\/pages\/2422","targetHints":{"allow":["GET"]}}],"collection":[{"href":"https:\/\/mythslegendes.com\/es\/wp-json\/wp\/v2\/pages"}],"about":[{"href":"https:\/\/mythslegendes.com\/es\/wp-json\/wp\/v2\/types\/page"}],"author":[{"embeddable":true,"href":"https:\/\/mythslegendes.com\/es\/wp-json\/wp\/v2\/users\/1"}],"replies":[{"embeddable":true,"href":"https:\/\/mythslegendes.com\/es\/wp-json\/wp\/v2\/comments?post=2422"}],"version-history":[{"count":1,"href":"https:\/\/mythslegendes.com\/es\/wp-json\/wp\/v2\/pages\/2422\/revisions"}],"predecessor-version":[{"id":24780,"href":"https:\/\/mythslegendes.com\/es\/wp-json\/wp\/v2\/pages\/2422\/revisions\/24780"}],"up":[{"embeddable":true,"href":"https:\/\/mythslegendes.com\/es\/wp-json\/wp\/v2\/pages\/2187"}],"wp:attachment":[{"href":"https:\/\/mythslegendes.com\/es\/wp-json\/wp\/v2\/media?parent=2422"}],"curies":[{"name":"wp","href":"https:\/\/api.w.org\/{rel}","templated":true}]}}