{"id":2425,"date":"2020-07-11T14:47:34","date_gmt":"2020-07-11T13:47:34","guid":{"rendered":"https:\/\/mythslegendes.com\/?page_id=2425"},"modified":"2022-12-03T22:07:08","modified_gmt":"2022-12-03T22:07:08","slug":"le-chene-de-ria","status":"publish","type":"page","link":"https:\/\/mythslegendes.com\/es\/mitologia-iberica\/el-roble-de-ria\/","title":{"rendered":"Roble Ria"},"content":{"rendered":"<div data-elementor-type=\"wp-page\" data-elementor-id=\"2425\" class=\"elementor elementor-2425\">\n\t\t\t\t\t\t<section class=\"elementor-section elementor-top-section elementor-element elementor-element-ae1188d elementor-section-boxed elementor-section-height-default elementor-section-height-default\" data-id=\"ae1188d\" data-element_type=\"section\" data-e-type=\"section\">\n\t\t\t\t\t\t<div class=\"elementor-container elementor-column-gap-default\">\n\t\t\t\t\t<div class=\"elementor-column elementor-col-50 elementor-top-column elementor-element elementor-element-2da1711\" data-id=\"2da1711\" data-element_type=\"column\" data-e-type=\"column\">\n\t\t\t<div class=\"elementor-widget-wrap elementor-element-populated\">\n\t\t\t\t\t\t<div class=\"elementor-element elementor-element-89605de elementor-align-justify elementor-widget elementor-widget-button\" data-id=\"89605de\" data-element_type=\"widget\" data-e-type=\"widget\" data-widget_type=\"button.default\">\n\t\t\t\t<div class=\"elementor-widget-container\">\n\t\t\t\t\t\t\t\t\t<div class=\"elementor-button-wrapper\">\n\t\t\t\t\t<a class=\"elementor-button elementor-button-link elementor-size-sm\" href=\"https:\/\/mythslegendes.com\/es\/mitologia-iberica\/\">\n\t\t\t\t\t\t<span class=\"elementor-button-content-wrapper\">\n\t\t\t\t\t\t\t\t\t<span class=\"elementor-button-text\">Mitolog\u00eda ib\u00e9rica<\/span>\n\t\t\t\t\t<\/span>\n\t\t\t\t\t<\/a>\n\t\t\t\t<\/div>\n\t\t\t\t\t\t\t\t<\/div>\n\t\t\t\t<\/div>\n\t\t\t\t\t<\/div>\n\t\t<\/div>\n\t\t\t\t<div class=\"elementor-column elementor-col-50 elementor-top-column elementor-element elementor-element-6e84ad6\" data-id=\"6e84ad6\" data-element_type=\"column\" data-e-type=\"column\">\n\t\t\t<div class=\"elementor-widget-wrap elementor-element-populated\">\n\t\t\t\t\t\t<div class=\"elementor-element elementor-element-c311dce elementor-align-justify elementor-widget elementor-widget-button\" data-id=\"c311dce\" data-element_type=\"widget\" data-e-type=\"widget\" data-widget_type=\"button.default\">\n\t\t\t\t<div class=\"elementor-widget-container\">\n\t\t\t\t\t\t\t\t\t<div class=\"elementor-button-wrapper\">\n\t\t\t\t\t<a class=\"elementor-button elementor-button-link elementor-size-sm\" href=\"https:\/\/en.wikipedia.org\/wiki\/Spanish_mythology\" target=\"_blank\" rel=\"noopener\">\n\t\t\t\t\t\t<span class=\"elementor-button-content-wrapper\">\n\t\t\t\t\t\t\t\t\t<span class=\"elementor-button-text\">Wiki<\/span>\n\t\t\t\t\t<\/span>\n\t\t\t\t\t<\/a>\n\t\t\t\t<\/div>\n\t\t\t\t\t\t\t\t<\/div>\n\t\t\t\t<\/div>\n\t\t\t\t\t<\/div>\n\t\t<\/div>\n\t\t\t\t\t<\/div>\n\t\t<\/section>\n\t\t\t\t<section class=\"elementor-section elementor-top-section elementor-element elementor-element-f61234 elementor-section-boxed elementor-section-height-default elementor-section-height-default\" data-id=\"f61234\" data-element_type=\"section\" data-e-type=\"section\">\n\t\t\t\t\t\t<div class=\"elementor-container elementor-column-gap-default\">\n\t\t\t\t\t<div class=\"elementor-column elementor-col-100 elementor-top-column elementor-element elementor-element-4b061aff\" data-id=\"4b061aff\" data-element_type=\"column\" data-e-type=\"column\">\n\t\t\t<div class=\"elementor-widget-wrap elementor-element-populated\">\n\t\t\t\t\t\t<div class=\"elementor-element elementor-element-1558ccc9 elementor-widget elementor-widget-text-editor\" data-id=\"1558ccc9\" data-element_type=\"widget\" data-e-type=\"widget\" data-widget_type=\"text-editor.default\">\n\t\t\t\t<div class=\"elementor-widget-container\">\n\t\t\t\t\t\t\t\t\t<p><\/p>\n<p>Muy cerca de la nueva estaci\u00f3n de R\u00eda, a escasos metros del mas Marie, hab\u00eda un robusto y centenario roble de R\u00eda que proyecta la sombra de su follaje sobre la carretera nacional. Es el rey de los \u00e1rboles circundantes, como un antepasado todav\u00eda verde, con el torso de un gigante, no doblado ni por los vientos ni por las tormentas, con la cabeza alta y orgullosa, desafiando a los elementos, con los brazos poderosos y nudosos que protegieron a tantas generaciones. .<\/p>\n<p><img decoding=\"async\" class=\"alignnone wp-image-5284 size-full\" src=\"https:\/\/mythslegendes.com\/wp-content\/uploads\/2020\/09\/AlphaOmega-e1602613368367.png\" alt=\"Roble Ria\" width=\"25\" height=\"26\" title=\"\"><\/p>\n<div id=\"ez-toc-container\" class=\"ez-toc-v2_0_82_2 counter-hierarchy ez-toc-counter ez-toc-grey ez-toc-container-direction\">\n<div class=\"ez-toc-title-container\">\n<p class=\"ez-toc-title\" style=\"cursor:inherit\">Contenido<\/p>\n<span class=\"ez-toc-title-toggle\"><a href=\"#\" class=\"ez-toc-pull-right ez-toc-btn ez-toc-btn-xs ez-toc-btn-default ez-toc-toggle\" aria-label=\"Alternar tabla de contenidos\"><span class=\"ez-toc-js-icon-con\"><span class=\"\"><span class=\"eztoc-hide\" style=\"display:none;\">Palanca<\/span><span class=\"ez-toc-icon-toggle-span\"><svg style=\"fill: #999;color:#999\" xmlns=\"http:\/\/www.w3.org\/2000\/svg\" class=\"list-377408\" width=\"20px\" height=\"20px\" viewbox=\"0 0 24 24\" fill=\"none\"><path d=\"M6 6H4v2h2V6zm14 0H8v2h12V6zM4 11h2v2H4v-2zm16 0H8v2h12v-2zM4 16h2v2H4v-2zm16 0H8v2h12v-2z\" fill=\"currentColor\"><\/path><\/svg><svg style=\"fill: #999;color:#999\" class=\"arrow-unsorted-368013\" xmlns=\"http:\/\/www.w3.org\/2000\/svg\" width=\"10px\" height=\"10px\" viewbox=\"0 0 24 24\" version=\"1.2\" baseprofile=\"tiny\"><path d=\"M18.2 9.3l-6.2-6.3-6.2 6.3c-.2.2-.3.4-.3.7s.1.5.3.7c.2.2.4.3.7.3h11c.3 0 .5-.1.7-.3.2-.2.3-.5.3-.7s-.1-.5-.3-.7zM5.8 14.7l6.2 6.3 6.2-6.3c.2-.2.3-.5.3-.7s-.1-.5-.3-.7c-.2-.2-.4-.3-.7-.3h-11c-.3 0-.5.1-.7.3-.2.2-.3.5-.3.7s.1.5.3.7z\"\/><\/svg><\/span><\/span><\/span><\/a><\/span><\/div>\n<nav><ul class='ez-toc-list ez-toc-list-level-1' ><li class='ez-toc-page-1 ez-toc-heading-level-2'><a class=\"ez-toc-link ez-toc-heading-1\" href=\"https:\/\/mythslegendes.com\/es\/mitologia-iberica\/el-roble-de-ria\/#Le-chene-de-Ria\" >Roble Ria<\/a><\/li><\/ul><\/nav><\/div>\n<h2><span class=\"ez-toc-section\" id=\"Le-chene-de-Ria\"><\/span>Roble Ria<span class=\"ez-toc-section-end\"><\/span><\/h2>\n<p><\/p>\n<p>\u00bfQui\u00e9n sabe hasta qu\u00e9 profundidad en el suelo se extienden las poderosas ra\u00edces, los m\u00faltiples tent\u00e1culos de este gigantesco roble? Qui\u00e9n sabe de la misma manera de qu\u00e9 \u00e9poca data su curiosa <a href=\"https:\/\/mythslegendes.com\/es\/\">leyenda<\/a> ? Fue al menos en la \u00e9poca en que reinaron como soberanos en el Rosell\u00f3n, y particularmente en las inmediaciones de Prades, las misteriosas Encantades.<\/p>\n<p><\/p>\n<p>Suaves con un poder sobrenatural que ten\u00edan desde el infierno, estas brujas mal\u00e9volas coaccionaron a sus v\u00edctimas, les lanzaron hechizos, esparcieron los peores males en la regi\u00f3n, inspirando a la gente del pa\u00eds con un profundo terror.<\/p>\n<p><\/p>\n<p>Fue al amparo de la oscuridad que realizaron sus hechizos; al dar la medianoche, se reun\u00edan alrededor de las gargantas de en Gourn\u00e9, el abismo m\u00e1s profundo del T\u00eat entre Ria y Villefranche, lavaban all\u00ed su ropa y luego desaparec\u00edan bajo la gu\u00eda de las tres hermanas Analg\u00e8s, las m\u00e1s audaces y las m\u00e1s arrugadas. ; \u00a1Ay de los habitantes de la aldea que eligieron para la realizaci\u00f3n de sus siniestras haza\u00f1as; les hicieron sufrir las peores vejaciones y les dejaron dolorosos recuerdos de su paso.<\/p>\n<p><\/p>\n<p>En vano los campesinos, armados hasta los dientes, corrieron tras ellos y rodearon el campo. La alegre comitiva de Encantades avanz\u00f3 hacia el grupo de encinas cuya doble hilera, partiendo de los desfiladeros, discurr\u00eda por el camino principal. Y a la orden de uno de ellos: &quot;Pet sus fulla, Aybre en amont&quot; (&quot;pie sobre hoja, en la copa del \u00e1rbol&quot;), desaparecieron entre las espesas ramas.<\/p>\n<p>Entonces pudimos escuchar un susurro de hojas chocando y ramas gimiendo, como si una bandada de p\u00e1jaros hubiera descendido sobre estos \u00e1rboles. Entonces la naturaleza volvi\u00f3 al silencio hasta el momento en que llegaron los furiosos campesinos; pasaron bajo los robles, pero buscaron a las brujas en otro lugar que no fuera entre las hojas y las bellotas.<\/p>\n<p><\/p>\n<p>Una noche hac\u00eda mucho fr\u00edo, tanto fr\u00edo que los campesinos apenas pod\u00edan sostener sus palos y sus tenedores. Cuando pasaron bajo los robles, sus gorros, que sin embargo se hab\u00edan bajado hasta las orejas, desaparecieron como por arte de magia, robados por las misteriosas hadas. Las carcajadas resonaron en el aire y los asustados campesinos desafortunados regresaron a su aldea a toda velocidad.<\/p>\n<p><\/p>\n<p>Un d\u00eda, sin embargo, uno de los robles protest\u00f3; era el m\u00e1s joven y el m\u00e1s fr\u00e1gil. Se dirigi\u00f3 a sus mayores y les expres\u00f3 su indignaci\u00f3n.<\/p>\n<p><\/p>\n<p>\u201cYa no podemos volvernos c\u00f3mplices de esas horribles brujas que torturan a los valientes e inofensivos campesinos\u201d, dijo. Sus acciones infernales no pueden recibir nuestra aprobaci\u00f3n, y les propongo que ya no les concedan hospitalidad, que los desterremos para siempre. \u00bb<\/p>\n<p><\/p>\n<p>Gritos de desaprobaci\u00f3n recibieron esta propuesta. O se asombr\u00f3 de la audacia, de la audacia del joven quejumbroso, y uno de los robles respondi\u00f3:<\/p>\n<p><\/p>\n<p>\u2014 \u201cNo debemos arrepentirnos de la suerte de esos malditos le\u00f1adores que nos despojan de nuestras ramas y de nuestras bellotas. L\u00e1stima por ellos si sufren. Aguantamos bien, nosotros, sin decir nada, el mal tiempo de las Estaciones\u201d.<\/p>\n<p><\/p>\n<p>&quot;Eres ego\u00edsta&quot;, grit\u00f3 el joven roble, &quot;actuar\u00e9 solo, pero actuar\u00e9&quot;. \u00bb<\/p>\n<p><\/p>\n<p>Y, valientemente, prohibi\u00f3 a las Encanladas esconderse en adelante bajo su follaje. Incluso amenaz\u00f3 con revelar su refugio.<\/p>\n<p><\/p>\n<p>Las brujas, desde\u00f1osas, primero desafiaron el \u00e1rbol raqu\u00edtico, pero, siguiendo el sabio consejo de la badessa, decidieron cambiar el lugar de su retiro para mayor seguridad. Antes de marcharse definitivamente quisieron premiar a los robles cuya protecci\u00f3n, fidelidad y discreci\u00f3n les hab\u00eda sido tan preciada hasta entonces.<\/p>\n<p><\/p>\n<p>&quot;Estamos listos para repartirles los favores m\u00e1s deslumbrantes&quot;, dijeron a los \u00e1rboles protectores. Habla y tus deseos ser\u00e1n concedidos\u201d<\/p>\n<p><\/p>\n<p>Un grupo de robles grit\u00f3: &quot;Los \u00e1rboles de los cerros vecinos viven felices porque sus hojas son finas y brillantes: quisi\u00e9ramos tener hojas doradas&quot;.<\/p>\n<p><\/p>\n<p>El viento trajo un sonido armonioso de voces que dec\u00edan: &quot;Nuestro follaje es opaco, danos hojas de cristal&quot;. \u00bb<\/p>\n<p><\/p>\n<p>Finalmente vino un ruise\u00f1or a transmitir los deseos de los robles m\u00e1s lejanos que ped\u00edan hojas m\u00e1s tiernas, fragantes y sin espinas.<\/p>\n<p><\/p>\n<p>En menos de un segundo todos los robles obtuvieron satisfacci\u00f3n. S\u00f3lo el \u00e1rbol rebelde, objeto del odio de las brujas, conserv\u00f3 su antiguo follaje. Entonces los burlones Encantades hicieron un c\u00edrculo salvaje a su alrededor, luego se alejaron: estaban vengados.<\/p>\n<p><\/p>\n<p>A la ma\u00f1ana siguiente, los contrabandistas pasaron por el camino y vieron las deslumbrantes hojas doradas sobre las que jugaban los rayos del sol; uno de ellos subi\u00f3 al \u00e1rbol y pas\u00f3 a sus camaradas el metal precioso que estaba recogiendo con ambas manos. Los contrabandistas llenaron sus bolsillos, sus bolsas y sus abrigos, sin ser molestados, y luego desaparecieron en las monta\u00f1as.<\/p>\n<p>La tramuntana que soplaba con violencia hizo que las hojas de cristal cayeran y se rompieran. Este ruido plateado atrajo a unas cabras que pastaban en un prado cercano. Mientras estiraban sus hocicos hacia los robles con hojas fragantes, el pastor trep\u00f3 a los \u00e1rboles y los desnud\u00f3 para satisfacer a su reba\u00f1o.<\/p>\n<p><\/p>\n<p>En un abrir y cerrar de ojos los robles con sus tiernas ramas quedaron absolutamente despojados, mientras que a su lado el peque\u00f1o roble salvado por los encantades solo conservaba su follaje natural. Despert\u00f3 los celos de sus orgullosos vecinos que se consum\u00edan uno tras otro.<\/p>\n<p><\/p>\n<p>Alg\u00fan tiempo despu\u00e9s, las encantadas pasaron por el camino principal, yendo a R\u00eda, y fueron consumidas por la desgracia que acaeci\u00f3 a los robles cuya complicidad hab\u00edan premiado. Discutieron, culp\u00e1ndose mutuamente por tal desastre, intercambiaron golpes y se dispersaron para siempre. As\u00ed se liber\u00f3 el pa\u00eds de los Encanladas que una vez separados no ten\u00edan m\u00e1s poder.<\/p>\n<p><\/p>\n<p>Y la peque\u00f1a encina, que se hab\u00eda mostrado tan valiente, era objeto de un verdadero culto por parte de los habitantes de Ria, Villefranche y los pueblos de los alrededores. Creci\u00f3 en medio de la veneraci\u00f3n general. Siempre se negaron a reponer los robles que hab\u00edan desaparecido a su lado.<\/p>\n<p><\/p>\t\t\t\t\t\t\t\t<\/div>\n\t\t\t\t<\/div>\n\t\t\t\t\t<\/div>\n\t\t<\/div>\n\t\t\t\t\t<\/div>\n\t\t<\/section>\n\t\t\t\t<\/div>","protected":false},"excerpt":{"rendered":"<p>Wiki Mitolog\u00eda Ib\u00e9rica Muy cerca de la nueva estaci\u00f3n de Ria, a escasos metros del mas Marie, hab\u00eda \u2026 <\/p>","protected":false},"author":1,"featured_media":0,"parent":2187,"menu_order":0,"comment_status":"closed","ping_status":"closed","template":"","meta":{"footnotes":""},"class_list":["post-2425","page","type-page","status-publish","hentry"],"amp_enabled":true,"_links":{"self":[{"href":"https:\/\/mythslegendes.com\/es\/wp-json\/wp\/v2\/pages\/2425","targetHints":{"allow":["GET"]}}],"collection":[{"href":"https:\/\/mythslegendes.com\/es\/wp-json\/wp\/v2\/pages"}],"about":[{"href":"https:\/\/mythslegendes.com\/es\/wp-json\/wp\/v2\/types\/page"}],"author":[{"embeddable":true,"href":"https:\/\/mythslegendes.com\/es\/wp-json\/wp\/v2\/users\/1"}],"replies":[{"embeddable":true,"href":"https:\/\/mythslegendes.com\/es\/wp-json\/wp\/v2\/comments?post=2425"}],"version-history":[{"count":1,"href":"https:\/\/mythslegendes.com\/es\/wp-json\/wp\/v2\/pages\/2425\/revisions"}],"predecessor-version":[{"id":24781,"href":"https:\/\/mythslegendes.com\/es\/wp-json\/wp\/v2\/pages\/2425\/revisions\/24781"}],"up":[{"embeddable":true,"href":"https:\/\/mythslegendes.com\/es\/wp-json\/wp\/v2\/pages\/2187"}],"wp:attachment":[{"href":"https:\/\/mythslegendes.com\/es\/wp-json\/wp\/v2\/media?parent=2425"}],"curies":[{"name":"wp","href":"https:\/\/api.w.org\/{rel}","templated":true}]}}