{"id":2428,"date":"2020-07-11T14:49:35","date_gmt":"2020-07-11T13:49:35","guid":{"rendered":"https:\/\/mythslegendes.com\/?page_id=2428"},"modified":"2022-12-03T22:07:08","modified_gmt":"2022-12-03T22:07:08","slug":"etangs-de-nohedes","status":"publish","type":"page","link":"https:\/\/mythslegendes.com\/es\/mitologia-iberica\/estanques-de-nohedes\/","title":{"rendered":"Los estanques de Noh\u00e8des"},"content":{"rendered":"<div data-elementor-type=\"wp-page\" data-elementor-id=\"2428\" class=\"elementor elementor-2428\">\n\t\t\t\t\t\t<section class=\"elementor-section elementor-top-section elementor-element elementor-element-3fbb4f1 elementor-section-boxed elementor-section-height-default elementor-section-height-default\" data-id=\"3fbb4f1\" data-element_type=\"section\" data-e-type=\"section\">\n\t\t\t\t\t\t<div class=\"elementor-container elementor-column-gap-default\">\n\t\t\t\t\t<div class=\"elementor-column elementor-col-50 elementor-top-column elementor-element elementor-element-c1421c5\" data-id=\"c1421c5\" data-element_type=\"column\" data-e-type=\"column\">\n\t\t\t<div class=\"elementor-widget-wrap elementor-element-populated\">\n\t\t\t\t\t\t<div class=\"elementor-element elementor-element-b0b82eb elementor-align-justify elementor-widget elementor-widget-button\" data-id=\"b0b82eb\" data-element_type=\"widget\" data-e-type=\"widget\" data-widget_type=\"button.default\">\n\t\t\t\t<div class=\"elementor-widget-container\">\n\t\t\t\t\t\t\t\t\t<div class=\"elementor-button-wrapper\">\n\t\t\t\t\t<a class=\"elementor-button elementor-button-link elementor-size-sm\" href=\"https:\/\/mythslegendes.com\/es\/mitologia-iberica\/\">\n\t\t\t\t\t\t<span class=\"elementor-button-content-wrapper\">\n\t\t\t\t\t\t\t\t\t<span class=\"elementor-button-text\">Mitolog\u00eda ib\u00e9rica<\/span>\n\t\t\t\t\t<\/span>\n\t\t\t\t\t<\/a>\n\t\t\t\t<\/div>\n\t\t\t\t\t\t\t\t<\/div>\n\t\t\t\t<\/div>\n\t\t\t\t\t<\/div>\n\t\t<\/div>\n\t\t\t\t<div class=\"elementor-column elementor-col-50 elementor-top-column elementor-element elementor-element-89fce71\" data-id=\"89fce71\" data-element_type=\"column\" data-e-type=\"column\">\n\t\t\t<div class=\"elementor-widget-wrap elementor-element-populated\">\n\t\t\t\t\t\t<div class=\"elementor-element elementor-element-5faa821 elementor-align-justify elementor-widget elementor-widget-button\" data-id=\"5faa821\" data-element_type=\"widget\" data-e-type=\"widget\" data-widget_type=\"button.default\">\n\t\t\t\t<div class=\"elementor-widget-container\">\n\t\t\t\t\t\t\t\t\t<div class=\"elementor-button-wrapper\">\n\t\t\t\t\t<a class=\"elementor-button elementor-button-link elementor-size-sm\" href=\"https:\/\/en.wikipedia.org\/wiki\/Spanish_mythology\" target=\"_blank\" rel=\"noopener\">\n\t\t\t\t\t\t<span class=\"elementor-button-content-wrapper\">\n\t\t\t\t\t\t\t\t\t<span class=\"elementor-button-text\">Wiki<\/span>\n\t\t\t\t\t<\/span>\n\t\t\t\t\t<\/a>\n\t\t\t\t<\/div>\n\t\t\t\t\t\t\t\t<\/div>\n\t\t\t\t<\/div>\n\t\t\t\t\t<\/div>\n\t\t<\/div>\n\t\t\t\t\t<\/div>\n\t\t<\/section>\n\t\t\t\t<section class=\"elementor-section elementor-top-section elementor-element elementor-element-f39a2f0 elementor-section-boxed elementor-section-height-default elementor-section-height-default\" data-id=\"f39a2f0\" data-element_type=\"section\" data-e-type=\"section\">\n\t\t\t\t\t\t<div class=\"elementor-container elementor-column-gap-default\">\n\t\t\t\t\t<div class=\"elementor-column elementor-col-100 elementor-top-column elementor-element elementor-element-6752b73f\" data-id=\"6752b73f\" data-element_type=\"column\" data-e-type=\"column\">\n\t\t\t<div class=\"elementor-widget-wrap elementor-element-populated\">\n\t\t\t\t\t\t<div class=\"elementor-element elementor-element-3b4fd5b3 elementor-widget elementor-widget-text-editor\" data-id=\"3b4fd5b3\" data-element_type=\"widget\" data-e-type=\"widget\" data-widget_type=\"text-editor.default\">\n\t\t\t\t<div class=\"elementor-widget-container\">\n\t\t\t\t\t\t\t\t\t<p><\/p>\n<p>Los estanques de Noh\u00e8des inspiran un profundo terror en los lugare\u00f1os: de ah\u00ed las numerosas historias que, aunque con ingenuidad, relatan los cronistas catalanes.<\/p>\n<p><img decoding=\"async\" class=\"alignnone wp-image-5284 size-full\" src=\"https:\/\/mythslegendes.com\/wp-content\/uploads\/2020\/09\/AlphaOmega-e1602613368367.png\" alt=\"Los estanques de Noh\u00e8des\" width=\"25\" height=\"26\" title=\"\"><\/p>\n<div id=\"ez-toc-container\" class=\"ez-toc-v2_0_82_2 counter-hierarchy ez-toc-counter ez-toc-grey ez-toc-container-direction\">\n<div class=\"ez-toc-title-container\">\n<p class=\"ez-toc-title\" style=\"cursor:inherit\">Contenido<\/p>\n<span class=\"ez-toc-title-toggle\"><a href=\"#\" class=\"ez-toc-pull-right ez-toc-btn ez-toc-btn-xs ez-toc-btn-default ez-toc-toggle\" aria-label=\"Alternar tabla de contenidos\"><span class=\"ez-toc-js-icon-con\"><span class=\"\"><span class=\"eztoc-hide\" style=\"display:none;\">Palanca<\/span><span class=\"ez-toc-icon-toggle-span\"><svg style=\"fill: #999;color:#999\" xmlns=\"http:\/\/www.w3.org\/2000\/svg\" class=\"list-377408\" width=\"20px\" height=\"20px\" viewbox=\"0 0 24 24\" fill=\"none\"><path d=\"M6 6H4v2h2V6zm14 0H8v2h12V6zM4 11h2v2H4v-2zm16 0H8v2h12v-2zM4 16h2v2H4v-2zm16 0H8v2h12v-2z\" fill=\"currentColor\"><\/path><\/svg><svg style=\"fill: #999;color:#999\" class=\"arrow-unsorted-368013\" xmlns=\"http:\/\/www.w3.org\/2000\/svg\" width=\"10px\" height=\"10px\" viewbox=\"0 0 24 24\" version=\"1.2\" baseprofile=\"tiny\"><path d=\"M18.2 9.3l-6.2-6.3-6.2 6.3c-.2.2-.3.4-.3.7s.1.5.3.7c.2.2.4.3.7.3h11c.3 0 .5-.1.7-.3.2-.2.3-.5.3-.7s-.1-.5-.3-.7zM5.8 14.7l6.2 6.3 6.2-6.3c.2-.2.3-.5.3-.7s-.1-.5-.3-.7c-.2-.2-.4-.3-.7-.3h-11c-.3 0-.5.1-.7.3-.2.2-.3.5-.3.7s.1.5.3.7z\"\/><\/svg><\/span><\/span><\/span><\/a><\/span><\/div>\n<nav><ul class='ez-toc-list ez-toc-list-level-1' ><li class='ez-toc-page-1 ez-toc-heading-level-2'><a class=\"ez-toc-link ez-toc-heading-1\" href=\"https:\/\/mythslegendes.com\/es\/mitologia-iberica\/estanques-de-nohedes\/#Les-etangs-de-Nohedes\" >Los estanques de Noh\u00e8des<\/a><\/li><\/ul><\/nav><\/div>\n<h2><span class=\"ez-toc-section\" id=\"Les-etangs-de-Nohedes\"><\/span>Los estanques de Noh\u00e8des<span class=\"ez-toc-section-end\"><\/span><\/h2>\n<p><\/p>\n<p>As\u00ed afirma F\u00e9lieu de la Pe\u00f1a, autor de \u201cAnales del Principal de Catalu\u00f1a\u201d que, si se arroja una piedra al Estanque Negro, el agua se enturbia, hierve y produce vapores que se transforman en nubes precursoras de la tormenta. En la \u201cCr\u00f3nica de Catalufia\u201d (1609) Pujades cuenta que Pedro de M\u00e9sa, se\u00f1or de Noh\u00e8des y Monteilla vendi\u00f3 a su hija a los diablos que la llevaron al infernal palacio del Estanque Negro.<\/p>\n<p>Siete a\u00f1os despu\u00e9s, la joven logr\u00f3 escapar y se uni\u00f3 a su padre. As\u00ed pudo relatar lo que hab\u00eda visto, describir el palacio de los demonios, sus reuniones secretas y revelar sus planes y sus malvados hechizos.<\/p>\n<p><\/p>\n<p>Otros autores afirman que en el estanque hay truchas de gran tama\u00f1o dotadas de curiosas propiedades: cuando se fr\u00eden en la sart\u00e9n, saltan y escapan por la chimenea: se dice que son demonios. Uno de los m\u00e1s curiosos. <a href=\"https:\/\/mythslegendes.com\/es\/\">leyendas<\/a> Lo que se cuenta del Estanque Negro sigue siendo lo siguiente:<\/p>\n<p><\/p>\n<p>El se\u00f1or de Paracols, cuya mansi\u00f3n se encontraba a pocas leguas de Noh\u00e8des, habiendo salido con sus tropas en una expedici\u00f3n lejana, hab\u00eda confiado a su sobrina el cuidado del antiguo castillo. Se hab\u00eda cuidado de esconder sus tesoros en un lugar secreto y casi inaccesible, que la joven hab\u00eda prometido no revelar nunca. Solo, en medio de estas murallas donde hab\u00edan resonado los gritos de guerra y el estr\u00e9pito de las armas, el ni\u00f1o rubio se arrodill\u00f3 en un reclinatorio de terciopelo e implor\u00f3 la protecci\u00f3n de la Virgen.<\/p>\n<p><\/p>\n<p>Al d\u00eda siguiente, guerreros desconocidos invadieron el castillo y un caballero amenazador se present\u00f3 ante ella.<\/p>\n<p><\/p>\n<p>Al principio asustada por esta visita inesperada, la joven comenz\u00f3 a orar, escondiendo el rostro entre las manos. Pero pronto recuper\u00f3 el valor, interrog\u00f3 al caballero y le pregunt\u00f3 qu\u00e9 hab\u00eda venido a hacer. Su voz suave y armoniosa impresion\u00f3 al feroz caballero que permaneci\u00f3 estupefacto.<\/p>\n<p><\/p>\n<p>- &quot; Qu\u00e9 quieres de m\u00ed ? Hablar entonces. &quot;<\/p>\n<p><\/p>\n<p>- \u201cEn vano me pregunto y trato de explicar mi trastorno. Nunca hab\u00eda temblado, ni siquiera en presencia de los adversarios m\u00e1s formidables, y bajo el hechizo de tu voz, siento mi voluntad paralizada. Ser\u00eda una barbarie ejecutar contra ti si admiro la orden de mi amo y prefiero confesar mi misi\u00f3n. El conde de Cerda\u00f1a sabe que el se\u00f1or de Paracols guarda inmensos tesoros. Me suplic\u00f3 que viniera aqu\u00ed en su ausencia, con gente armada, para matarte y apoderarte de las riquezas que te hab\u00edan confiado.<\/p>\n<p><\/p>\n<p>- &quot;\u00bfPor qu\u00e9 entonces cometer un crimen innecesario&quot;, respondi\u00f3 la chica aparentemente tranquila. Le ahorrar\u00e9 muchos problemas, porque aqu\u00ed est\u00e1 la llave del escondite. Yo mismo quiero seguir tus pasos; pero les advierto que ser\u00e1 necesario superar terribles peligros antes de llegar a los lugares que contienen nuestras riquezas.<\/p>\n<p><\/p>\n<p>- &quot;Vamos, dice el guerrero&quot;.<\/p>\n<p><\/p>\n<p>Y partieron, seguidos por las tropas, hacia Noh\u00e9des, hasta las orillas del Estanque Negro.<\/p>\n<p><\/p>\n<p>- &quot;Aqu\u00ed estamos al final de nuestro viaje&quot;, dijo la joven. En esta roca que emerge de en medio de las aguas oscuras est\u00e1 el tesoro. La llave que les di abre una pesada puerta de hierro oculta por un pedestal que sostiene una estatua de la Virgen. &quot;<\/p>\n<p><\/p>\n<p>Los soldados construyeron una balsa e hicieron sus arreglos para llegar a la roca, mientras la doncella arrodillada dirig\u00eda ardientes oraciones a la Virgen Protectora del Tesoro. El caballero se embarc\u00f3 con determinaci\u00f3n, pero sin estar completamente tranquilo: no pudo evitar temblar ante este l\u00fagubre estanque como el Styx, ahuecado en medio de abruptas monta\u00f1as y pinos gigantes. \u00bfPodr\u00edamos aventurarnos sin miedo en este abismo? \u00bfSirenas o monstruos marinos no aparecer\u00edan frente a \u00e9l?<\/p>\n<p>De repente un crujido de alas llam\u00f3 su atenci\u00f3n: un p\u00e1jaro negro cruzaba el aire. Y tomando una piedra grande, uno de los soldados le dispar\u00f3 al ave siniestra. Pero la ca\u00edda del proyectil en el agua provoc\u00f3 un eco lejano que reverber\u00f3 de monta\u00f1a en monta\u00f1a, haci\u00e9ndose cada vez m\u00e1s grande, como un trueno. Al mismo tiempo, nubes negras se acumularon sobre el Estanque Negro, como si de repente las engendraran las monta\u00f1as.<\/p>\n<p><\/p>\n<p>En la orilla, la joven, que a\u00fan rezaba, agradeci\u00f3 a la Virgen por concederle sus deseos al provocar la tormenta. Sin embargo, los vasallos del conde de Cerda\u00f1a no se desanimaron. En vano, voces formidables y amenazantes retumbaron sobre sus cabezas, como un coro de gigantes furiosos: remaron m\u00e1s fuerte hacia la codiciada roca. Finalmente pudieron aterrizar y apoderarse de los tesoros; pero su codicia se volvi\u00f3 peligrosa, porque un peso demasiado pesado podr\u00eda sumergir el barco: se ver\u00e1n obligados a entregar la mitad del bot\u00edn.<\/p>\n<p><\/p>\n<p>El caballero, feliz de haber alcanzado su meta, brill\u00f3 para volver al conde de Cerda\u00f1a, para depositar a sus pies los tesoros del se\u00f1or de Paracols. Pero cont\u00f3 sin la tormenta que estall\u00f3 de repente. Un rayo atraves\u00f3 la atm\u00f3sfera, un tremendo crujido rasg\u00f3 el aire, reverberando de roca en roca. Las aguas del lago subieron y se tragaron la balsa.<\/p>\n<p><\/p>\n<p>As\u00ed fueron castigados los s\u00fabditos del Conde de Cerdanya por haber provocado la ira de las hadas del Estanque Negro.<\/p>\n<p><\/p>\t\t\t\t\t\t\t\t<\/div>\n\t\t\t\t<\/div>\n\t\t\t\t\t<\/div>\n\t\t<\/div>\n\t\t\t\t\t<\/div>\n\t\t<\/section>\n\t\t\t\t<\/div>","protected":false},"excerpt":{"rendered":"<p>Wiki Mitolog\u00eda Ib\u00e9rica Los estanques de Noh\u00e8des inspiran un profundo terror en la gente del pa\u00eds: de ah\u00ed los muchos... <\/p>","protected":false},"author":1,"featured_media":0,"parent":2187,"menu_order":0,"comment_status":"closed","ping_status":"closed","template":"","meta":{"footnotes":""},"class_list":["post-2428","page","type-page","status-publish","hentry"],"amp_enabled":true,"_links":{"self":[{"href":"https:\/\/mythslegendes.com\/es\/wp-json\/wp\/v2\/pages\/2428","targetHints":{"allow":["GET"]}}],"collection":[{"href":"https:\/\/mythslegendes.com\/es\/wp-json\/wp\/v2\/pages"}],"about":[{"href":"https:\/\/mythslegendes.com\/es\/wp-json\/wp\/v2\/types\/page"}],"author":[{"embeddable":true,"href":"https:\/\/mythslegendes.com\/es\/wp-json\/wp\/v2\/users\/1"}],"replies":[{"embeddable":true,"href":"https:\/\/mythslegendes.com\/es\/wp-json\/wp\/v2\/comments?post=2428"}],"version-history":[{"count":1,"href":"https:\/\/mythslegendes.com\/es\/wp-json\/wp\/v2\/pages\/2428\/revisions"}],"predecessor-version":[{"id":24782,"href":"https:\/\/mythslegendes.com\/es\/wp-json\/wp\/v2\/pages\/2428\/revisions\/24782"}],"up":[{"embeddable":true,"href":"https:\/\/mythslegendes.com\/es\/wp-json\/wp\/v2\/pages\/2187"}],"wp:attachment":[{"href":"https:\/\/mythslegendes.com\/es\/wp-json\/wp\/v2\/media?parent=2428"}],"curies":[{"name":"wp","href":"https:\/\/api.w.org\/{rel}","templated":true}]}}