{"id":2432,"date":"2020-07-11T14:50:42","date_gmt":"2020-07-11T13:50:42","guid":{"rendered":"https:\/\/mythslegendes.com\/?page_id=2432"},"modified":"2022-12-03T22:07:08","modified_gmt":"2022-12-03T22:07:08","slug":"les-fees-denveitg","status":"publish","type":"page","link":"https:\/\/mythslegendes.com\/es\/mitologia-iberica\/les-fees-denveitg\/","title":{"rendered":"Las hadas de Enveitg"},"content":{"rendered":"<div data-elementor-type=\"wp-page\" data-elementor-id=\"2432\" class=\"elementor elementor-2432\">\n\t\t\t\t\t\t<section class=\"elementor-section elementor-top-section elementor-element elementor-element-466521e elementor-section-boxed elementor-section-height-default elementor-section-height-default\" data-id=\"466521e\" data-element_type=\"section\" data-e-type=\"section\">\n\t\t\t\t\t\t<div class=\"elementor-container elementor-column-gap-default\">\n\t\t\t\t\t<div class=\"elementor-column elementor-col-50 elementor-top-column elementor-element elementor-element-c273b91\" data-id=\"c273b91\" data-element_type=\"column\" data-e-type=\"column\">\n\t\t\t<div class=\"elementor-widget-wrap elementor-element-populated\">\n\t\t\t\t\t\t<div class=\"elementor-element elementor-element-92a051b elementor-align-justify elementor-widget elementor-widget-button\" data-id=\"92a051b\" data-element_type=\"widget\" data-e-type=\"widget\" data-widget_type=\"button.default\">\n\t\t\t\t<div class=\"elementor-widget-container\">\n\t\t\t\t\t\t\t\t\t<div class=\"elementor-button-wrapper\">\n\t\t\t\t\t<a class=\"elementor-button elementor-button-link elementor-size-sm\" href=\"https:\/\/mythslegendes.com\/es\/mitologia-iberica\/\">\n\t\t\t\t\t\t<span class=\"elementor-button-content-wrapper\">\n\t\t\t\t\t\t\t\t\t<span class=\"elementor-button-text\">Mitolog\u00eda ib\u00e9rica<\/span>\n\t\t\t\t\t<\/span>\n\t\t\t\t\t<\/a>\n\t\t\t\t<\/div>\n\t\t\t\t\t\t\t\t<\/div>\n\t\t\t\t<\/div>\n\t\t\t\t\t<\/div>\n\t\t<\/div>\n\t\t\t\t<div class=\"elementor-column elementor-col-50 elementor-top-column elementor-element elementor-element-f41e237\" data-id=\"f41e237\" data-element_type=\"column\" data-e-type=\"column\">\n\t\t\t<div class=\"elementor-widget-wrap elementor-element-populated\">\n\t\t\t\t\t\t<div class=\"elementor-element elementor-element-46fd372 elementor-align-justify elementor-widget elementor-widget-button\" data-id=\"46fd372\" data-element_type=\"widget\" data-e-type=\"widget\" data-widget_type=\"button.default\">\n\t\t\t\t<div class=\"elementor-widget-container\">\n\t\t\t\t\t\t\t\t\t<div class=\"elementor-button-wrapper\">\n\t\t\t\t\t<a class=\"elementor-button elementor-button-link elementor-size-sm\" href=\"https:\/\/en.wikipedia.org\/wiki\/Spanish_mythology\" target=\"_blank\" rel=\"noopener\">\n\t\t\t\t\t\t<span class=\"elementor-button-content-wrapper\">\n\t\t\t\t\t\t\t\t\t<span class=\"elementor-button-text\">Wiki<\/span>\n\t\t\t\t\t<\/span>\n\t\t\t\t\t<\/a>\n\t\t\t\t<\/div>\n\t\t\t\t\t\t\t\t<\/div>\n\t\t\t\t<\/div>\n\t\t\t\t\t<\/div>\n\t\t<\/div>\n\t\t\t\t\t<\/div>\n\t\t<\/section>\n\t\t\t\t<section class=\"elementor-section elementor-top-section elementor-element elementor-element-6f4e163c elementor-section-boxed elementor-section-height-default elementor-section-height-default\" data-id=\"6f4e163c\" data-element_type=\"section\" data-e-type=\"section\">\n\t\t\t\t\t\t<div class=\"elementor-container elementor-column-gap-default\">\n\t\t\t\t\t<div class=\"elementor-column elementor-col-100 elementor-top-column elementor-element elementor-element-2f844fbc\" data-id=\"2f844fbc\" data-element_type=\"column\" data-e-type=\"column\">\n\t\t\t<div class=\"elementor-widget-wrap elementor-element-populated\">\n\t\t\t\t\t\t<div class=\"elementor-element elementor-element-27e88596 elementor-widget elementor-widget-text-editor\" data-id=\"27e88596\" data-element_type=\"widget\" data-e-type=\"widget\" data-widget_type=\"text-editor.default\">\n\t\t\t\t<div class=\"elementor-widget-container\">\n\t\t\t\t\t\t\t\t\t<p><\/p>\n<p>\u00c9rase una vez en el pueblo de Enveitg, un apuesto muchacho que iba todas las ma\u00f1anas a arrear su numeroso ganado a la monta\u00f1a: Pastor era su nombre. Nunca el amor hab\u00eda atormentado su coraz\u00f3n. Un d\u00eda iba caminando por un camino desierto, llevando un saco de mijo destinado a su reba\u00f1o, cuando, habi\u00e9ndose detenido a recuperar el aliento en medio de los brezos, vio a tres muchachas de rara belleza que tarareaban canciones catalanas. .<\/p>\n<p><img decoding=\"async\" class=\"alignnone wp-image-5284 size-full\" src=\"https:\/\/mythslegendes.com\/wp-content\/uploads\/2020\/09\/AlphaOmega-e1602613368367.png\" alt=\"Las hadas de Enveitg\" width=\"25\" height=\"26\" title=\"\"><\/p>\n<div id=\"ez-toc-container\" class=\"ez-toc-v2_0_82_2 counter-hierarchy ez-toc-counter ez-toc-grey ez-toc-container-direction\">\n<div class=\"ez-toc-title-container\">\n<p class=\"ez-toc-title\" style=\"cursor:inherit\">Contenido<\/p>\n<span class=\"ez-toc-title-toggle\"><a href=\"#\" class=\"ez-toc-pull-right ez-toc-btn ez-toc-btn-xs ez-toc-btn-default ez-toc-toggle\" aria-label=\"Alternar tabla de contenidos\"><span class=\"ez-toc-js-icon-con\"><span class=\"\"><span class=\"eztoc-hide\" style=\"display:none;\">Palanca<\/span><span class=\"ez-toc-icon-toggle-span\"><svg style=\"fill: #999;color:#999\" xmlns=\"http:\/\/www.w3.org\/2000\/svg\" class=\"list-377408\" width=\"20px\" height=\"20px\" viewbox=\"0 0 24 24\" fill=\"none\"><path d=\"M6 6H4v2h2V6zm14 0H8v2h12V6zM4 11h2v2H4v-2zm16 0H8v2h12v-2zM4 16h2v2H4v-2zm16 0H8v2h12v-2z\" fill=\"currentColor\"><\/path><\/svg><svg style=\"fill: #999;color:#999\" class=\"arrow-unsorted-368013\" xmlns=\"http:\/\/www.w3.org\/2000\/svg\" width=\"10px\" height=\"10px\" viewbox=\"0 0 24 24\" version=\"1.2\" baseprofile=\"tiny\"><path d=\"M18.2 9.3l-6.2-6.3-6.2 6.3c-.2.2-.3.4-.3.7s.1.5.3.7c.2.2.4.3.7.3h11c.3 0 .5-.1.7-.3.2-.2.3-.5.3-.7s-.1-.5-.3-.7zM5.8 14.7l6.2 6.3 6.2-6.3c.2-.2.3-.5.3-.7s-.1-.5-.3-.7c-.2-.2-.4-.3-.7-.3h-11c-.3 0-.5.1-.7.3-.2.2-.3.5-.3.7s.1.5.3.7z\"\/><\/svg><\/span><\/span><\/span><\/a><\/span><\/div>\n<nav><ul class='ez-toc-list ez-toc-list-level-1' ><li class='ez-toc-page-1 ez-toc-heading-level-2'><a class=\"ez-toc-link ez-toc-heading-1\" href=\"https:\/\/mythslegendes.com\/es\/mitologia-iberica\/les-fees-denveitg\/#Les-fees-dEnveitg\" >Las hadas de Enveitg<\/a><\/li><\/ul><\/nav><\/div>\n<h2><span class=\"ez-toc-section\" id=\"Les-fees-dEnveitg\"><\/span>Las hadas de Enveitg<span class=\"ez-toc-section-end\"><\/span><\/h2>\n<p><\/p>\n<p><\/p>\n<p>Pastor no los conoc\u00eda, pero, ya encantado, pidi\u00f3 y obtuvo permiso para hacerles compa\u00f1\u00eda: uno de ellos, con una cabellera rubia casi dorada que le ca\u00eda sobre los hombros, le agradaba particularmente. A su lado camin\u00f3 largo rato como en sue\u00f1os, y le confes\u00f3 su deseo de casarse con ella; era rico, due\u00f1o de muchos reba\u00f1os y muy estimado en el pa\u00eds. Un estallido de risa salud\u00f3 sus avances.<\/p>\n<p><\/p>\n<p><\/p>\n<p>&quot;Admiro tu audacia&quot;, dijo el joven desconocido. Para obtener mi mano tendr\u00e1s que presentarte ante m\u00ed ni con el est\u00f3mago vac\u00edo ni saciado; ni vestido ni desnudo; ni a pie ni a caballo. \u00bb<\/p>\n<p><\/p>\n<p><\/p>\n<p>Y frente al pobre muchacho estupefacto y perplejo, las tres j\u00f3venes desaparecieron como por arte de magia detr\u00e1s de un arbusto. Pastor sigui\u00f3 su camino, obsesionado por la risa burlona que a\u00fan resonaba en sus o\u00eddos, buscando en vano la soluci\u00f3n al bizarro problema que le acababan de plantear, pero resuelto a intentarlo todo para convertirse en esposo de la seductora rubia.<\/p>\n<p>Esa misma noche fue a consultar a una buena anciana que se procuraba filtros, le cont\u00f3 su aventura y le pidi\u00f3 consejo: &quot;Las tres j\u00f3venes que conociste&quot;, le dijo la anciana, &quot;son unas hadas&quot;. Para cumplir las condiciones que uno de ellos te impuso, pondr\u00e1s tres granos de cebada en tu boca, cubrir\u00e1s tu cuerpo con una red y tomar\u00e1s una cabra para tu montura. Sigue mis consejos y la belleza ser\u00e1 tuya. \u00bb<\/p>\n<p><\/p>\n<p><\/p>\n<p>Pastor sigui\u00f3 estas instrucciones, que correspond\u00edan perfectamente a los requerimientos de la encantada, y parti\u00f3 hacia la cita: el hada que lo esperaba no pudo reprimir un grito de asombro y maldijo a la anciana que lo hab\u00eda aconsejado.<\/p>\n<p><\/p>\n<p><\/p>\n<p>&quot;Bien sea, la palabra obliga&quot;, dijo; fiel a mi promesa acepto casarme contigo, pero escucha atentamente mis recomendaciones y prom\u00e9teme tomarlas en cuenta.<\/p>\n<p><\/p>\n<p><\/p>\n<p>- Lo prometo.<\/p>\n<p><\/p>\n<p><\/p>\n<p>\u2014 Iremos a vivir a tu casa en Enveitg; oir\u00e1s en el camino, detr\u00e1s de ti, un estruendo infernal, pero ten cuidado de no dar la vuelta por curiosidad, porque eso ser\u00eda el derrumbe de tu fortuna.<\/p>\n<p><\/p>\n<p><\/p>\n<p>\u201cNo mirar\u00e9 hacia atr\u00e1s.<\/p>\n<p><\/p>\n<p><\/p>\n<p>&quot;Haga lo que haga, por muy enojado que est\u00e9s, nunca me digas: Ja no s\u00e9rias doua de fum ni dona d&#039;aygua (Solo puedes ser una mujer de humo o una mujer de agua), porque las hadas no deben ser llamadas por su nombre .<\/p>\n<p><\/p>\n<p><\/p>\n<p>- Se escucha. \u00bb<\/p>\n<p><\/p>\n<p><\/p>\n<p>Por lo tanto, se concluy\u00f3 el matrimonio y esta buena noticia hizo que los habitantes de la aldea de Brangoly se regocijaran; el alegre repique que anunciaba la misa nupcial era la se\u00f1al del regocijo p\u00fablico. Despu\u00e9s de la misa los dos esposos fueron a Enveitg. Y esta fue la primera prueba de Pastor.<\/p>\n<p><\/p>\n<p><\/p>\n<p>Su casa estaba precedida por un amplio patio en el que se paleaba el trigo. Cuando entr\u00f3 en el patio, escuch\u00f3 un ruido ensordecedor detr\u00e1s de \u00e9l: el tumulto de las campanas se mezclaba con el relincho de los caballos encabritados, el balido de las ovejas, el bramido de toros y bueyes. Parec\u00eda como si todo el ganado del pueblo estuviera reunido, desgarrando el aire con sonidos discordantes.<\/p>\n<p><\/p>\n<p><\/p>\n<p>La tentaci\u00f3n fue demasiado fuerte y, a pesar de las recomendaciones de su esposa, impulsada por la misma curiosidad que llev\u00f3 a Lute a transformarse en estatua de sal, Pastor tambi\u00e9n se dio la vuelta y destruy\u00f3 el hechizo. Vio un patio medio lleno de ganado conducido por j\u00f3venes pastores; hab\u00eda m\u00e1s de los que jam\u00e1s hab\u00eda visto. Pero la puerta principal se cerr\u00f3 abruptamente, impidiendo el paso a los muchos caballos, bueyes u ovejas que estaban listos para cruzar el umbral.<\/p>\n<p><\/p>\n<p><\/p>\n<p>Los dos esposos, sin embargo, vivieron felices para siempre y las discordias nunca llegaron a perturbar su tranquilidad: dos encantadoras ni\u00f1as fortalecieron los lazos que un\u00edan a Pastor y su esposa. Cuatro a\u00f1os despu\u00e9s del matrimonio, en mayo, Pastor dej\u00f3 a su familia para traer de vuelta a Enveitg algunos reba\u00f1os que pastaban en <a href=\"https:\/\/mythslegendes.com\/es\/mitologia-iberica\/\">Espa\u00f1a<\/a> desde el comienzo del invierno.<\/p>\n<p>Durante su ausencia, su mujer temi\u00f3 una violenta granizada y tom\u00f3 precauciones para hacer una cosecha apresurada: en pocos d\u00edas el trigo estaba segado y transportado a los h\u00f3rreos, con gran asombro de todos los vecinos que se re\u00edan.<\/p>\n<p><\/p>\n<p><\/p>\n<p>A su regreso, Pastor estaba desesperado por ver sus campos prematuramente segados y sus h\u00f3rreos llenos de gavillas todav\u00eda verdes. Sin darle tiempo a su esposa para que se explicara, la insult\u00f3 duramente:<\/p>\n<p><\/p>\n<p><\/p>\n<p>&quot;Ja no serias dona de fum ni do\u00f1a d&#039;aygua&quot;, exclam\u00f3.<\/p>\n<p><\/p>\n<p><\/p>\n<p>Por segunda vez Pastor minti\u00f3 a su promesa. El hada desapareci\u00f3 inmediatamente por la chimenea de la casa. Al d\u00eda siguiente vino una violenta tormenta que destruy\u00f3 todas las cosechas del pa\u00eds. Pastor se consider\u00f3 afortunado de tener sus desvanes llenos, gracias a la clarividencia de su esposa: entonces vio toda la magnitud de su desgracia y se arrepinti\u00f3 amargamente de haber dirigido al hada ben\u00e9fica las palabras fatales.<\/p>\n<p>Esta \u00faltima, sin embargo, no abandon\u00f3 a sus hijas: dos veces por semana iba a su habitaci\u00f3n, sin que Pastor lo supiera, y procedi\u00f3 a lavarlas, luego desapareci\u00f3 aconsej\u00e1ndoles que no la traicionaran. Pero las dos ni\u00f1as no pudieron evitar contarle a su padre sobre esta visita:<\/p>\n<p><\/p>\n<p><\/p>\n<p>&quot;Tan pronto como vuelva tu madre&quot;, recomend\u00f3 Pastor, &quot;coser\u00e1s bien tus faldas a las de ella y me llamar\u00e1s&quot;. \u00bb<\/p>\n<p><\/p>\n<p><\/p>\n<p>Obedecieron e informaron a Pastor que entr\u00f3 en la habitaci\u00f3n, creyendo volver a ver a su esposa.<\/p>\n<p><\/p>\n<p><\/p>\n<p>&quot;\u00bfD\u00f3nde est\u00e1 ella?&quot;, les dijo a sus hijas.<\/p>\n<p><\/p>\n<p><\/p>\n<p>&quot;Padre, ella est\u00e1 aqu\u00ed descosiendo su vestido&quot;. \u00bb<\/p>\n<p><\/p>\n<p><\/p>\n<p>Pero abri\u00f3 los ojos en vano: no vio ninguna forma humana, porque el hada acababa de desaparecer para siempre...<\/p>\n<p><\/p>\n<p><\/p>\n<p>Esta f\u00e1bula prueba que la felicidad no es duradera y que el hombre es a menudo el art\u00edfice de su propia desgracia.<\/p>\n<p><\/p>\t\t\t\t\t\t\t\t<\/div>\n\t\t\t\t<\/div>\n\t\t\t\t\t<\/div>\n\t\t<\/div>\n\t\t\t\t\t<\/div>\n\t\t<\/section>\n\t\t\t\t<\/div>","protected":false},"excerpt":{"rendered":"<p>Mitolog\u00eda Ib\u00e9rica Wiki II Era una vez en el pueblo de Enveitg, un chico guapo que iba todas las ma\u00f1anas a conducir a la \u2026 <\/p>","protected":false},"author":1,"featured_media":0,"parent":2187,"menu_order":0,"comment_status":"closed","ping_status":"closed","template":"","meta":{"footnotes":""},"class_list":["post-2432","page","type-page","status-publish","hentry"],"amp_enabled":true,"_links":{"self":[{"href":"https:\/\/mythslegendes.com\/es\/wp-json\/wp\/v2\/pages\/2432","targetHints":{"allow":["GET"]}}],"collection":[{"href":"https:\/\/mythslegendes.com\/es\/wp-json\/wp\/v2\/pages"}],"about":[{"href":"https:\/\/mythslegendes.com\/es\/wp-json\/wp\/v2\/types\/page"}],"author":[{"embeddable":true,"href":"https:\/\/mythslegendes.com\/es\/wp-json\/wp\/v2\/users\/1"}],"replies":[{"embeddable":true,"href":"https:\/\/mythslegendes.com\/es\/wp-json\/wp\/v2\/comments?post=2432"}],"version-history":[{"count":1,"href":"https:\/\/mythslegendes.com\/es\/wp-json\/wp\/v2\/pages\/2432\/revisions"}],"predecessor-version":[{"id":24783,"href":"https:\/\/mythslegendes.com\/es\/wp-json\/wp\/v2\/pages\/2432\/revisions\/24783"}],"up":[{"embeddable":true,"href":"https:\/\/mythslegendes.com\/es\/wp-json\/wp\/v2\/pages\/2187"}],"wp:attachment":[{"href":"https:\/\/mythslegendes.com\/es\/wp-json\/wp\/v2\/media?parent=2432"}],"curies":[{"name":"wp","href":"https:\/\/api.w.org\/{rel}","templated":true}]}}