{"id":2435,"date":"2020-07-11T14:52:23","date_gmt":"2020-07-11T13:52:23","guid":{"rendered":"https:\/\/mythslegendes.com\/?page_id=2435"},"modified":"2022-12-03T22:07:08","modified_gmt":"2022-12-03T22:07:08","slug":"grisette-de-collioure","status":"publish","type":"page","link":"https:\/\/mythslegendes.com\/es\/mitologia-iberica\/grisette-de-collioure\/","title":{"rendered":"Grisette de Collioure"},"content":{"rendered":"<div data-elementor-type=\"wp-page\" data-elementor-id=\"2435\" class=\"elementor elementor-2435\">\n\t\t\t\t\t\t<section class=\"elementor-section elementor-top-section elementor-element elementor-element-1ece8a1 elementor-section-boxed elementor-section-height-default elementor-section-height-default\" data-id=\"1ece8a1\" data-element_type=\"section\" data-e-type=\"section\">\n\t\t\t\t\t\t<div class=\"elementor-container elementor-column-gap-default\">\n\t\t\t\t\t<div class=\"elementor-column elementor-col-50 elementor-top-column elementor-element elementor-element-3f7f39a\" data-id=\"3f7f39a\" data-element_type=\"column\" data-e-type=\"column\">\n\t\t\t<div class=\"elementor-widget-wrap elementor-element-populated\">\n\t\t\t\t\t\t<div class=\"elementor-element elementor-element-43b756a elementor-align-justify elementor-widget elementor-widget-button\" data-id=\"43b756a\" data-element_type=\"widget\" data-e-type=\"widget\" data-widget_type=\"button.default\">\n\t\t\t\t<div class=\"elementor-widget-container\">\n\t\t\t\t\t\t\t\t\t<div class=\"elementor-button-wrapper\">\n\t\t\t\t\t<a class=\"elementor-button elementor-button-link elementor-size-sm\" href=\"https:\/\/mythslegendes.com\/es\/mitologia-iberica\/\">\n\t\t\t\t\t\t<span class=\"elementor-button-content-wrapper\">\n\t\t\t\t\t\t\t\t\t<span class=\"elementor-button-text\">Mitolog\u00eda ib\u00e9rica<\/span>\n\t\t\t\t\t<\/span>\n\t\t\t\t\t<\/a>\n\t\t\t\t<\/div>\n\t\t\t\t\t\t\t\t<\/div>\n\t\t\t\t<\/div>\n\t\t\t\t\t<\/div>\n\t\t<\/div>\n\t\t\t\t<div class=\"elementor-column elementor-col-50 elementor-top-column elementor-element elementor-element-92c1f6d\" data-id=\"92c1f6d\" data-element_type=\"column\" data-e-type=\"column\">\n\t\t\t<div class=\"elementor-widget-wrap elementor-element-populated\">\n\t\t\t\t\t\t<div class=\"elementor-element elementor-element-378c12b elementor-align-justify elementor-widget elementor-widget-button\" data-id=\"378c12b\" data-element_type=\"widget\" data-e-type=\"widget\" data-widget_type=\"button.default\">\n\t\t\t\t<div class=\"elementor-widget-container\">\n\t\t\t\t\t\t\t\t\t<div class=\"elementor-button-wrapper\">\n\t\t\t\t\t<a class=\"elementor-button elementor-button-link elementor-size-sm\" href=\"https:\/\/en.wikipedia.org\/wiki\/Spanish_mythology\" target=\"_blank\" rel=\"noopener\">\n\t\t\t\t\t\t<span class=\"elementor-button-content-wrapper\">\n\t\t\t\t\t\t\t\t\t<span class=\"elementor-button-text\">Wiki<\/span>\n\t\t\t\t\t<\/span>\n\t\t\t\t\t<\/a>\n\t\t\t\t<\/div>\n\t\t\t\t\t\t\t\t<\/div>\n\t\t\t\t<\/div>\n\t\t\t\t\t<\/div>\n\t\t<\/div>\n\t\t\t\t\t<\/div>\n\t\t<\/section>\n\t\t\t\t<section class=\"elementor-section elementor-top-section elementor-element elementor-element-32c93b39 elementor-section-boxed elementor-section-height-default elementor-section-height-default\" data-id=\"32c93b39\" data-element_type=\"section\" data-e-type=\"section\">\n\t\t\t\t\t\t<div class=\"elementor-container elementor-column-gap-default\">\n\t\t\t\t\t<div class=\"elementor-column elementor-col-100 elementor-top-column elementor-element elementor-element-1e92db73\" data-id=\"1e92db73\" data-element_type=\"column\" data-e-type=\"column\">\n\t\t\t<div class=\"elementor-widget-wrap elementor-element-populated\">\n\t\t\t\t\t\t<div class=\"elementor-element elementor-element-63644d5f elementor-widget elementor-widget-text-editor\" data-id=\"63644d5f\" data-element_type=\"widget\" data-e-type=\"widget\" data-widget_type=\"text-editor.default\">\n\t\t\t\t<div class=\"elementor-widget-container\">\n\t\t\t\t\t\t\t\t\t\n<p>Las brujas de Collioure eran, por extra\u00f1o que parezca, tres muchachas muy hermosas. Una de ellas, apodada La Grisette, fue casarse con un chico guapo que la amaba. Pero una anciana indiscreta advierte el futuro de las diab\u00f3licas acciones de la bella, aconsej\u00e1ndole que la vigile.<\/p>\n<p><img decoding=\"async\" class=\"alignnone wp-image-5284 size-full\" src=\"https:\/\/mythslegendes.com\/wp-content\/uploads\/2020\/09\/AlphaOmega-e1602613368367.png\" alt=\"Grisette de Collioure\" width=\"25\" height=\"26\" title=\"\"><\/p>\n<div id=\"ez-toc-container\" class=\"ez-toc-v2_0_82_2 counter-hierarchy ez-toc-counter ez-toc-grey ez-toc-container-direction\">\n<div class=\"ez-toc-title-container\">\n<p class=\"ez-toc-title\" style=\"cursor:inherit\">Contenido<\/p>\n<span class=\"ez-toc-title-toggle\"><a href=\"#\" class=\"ez-toc-pull-right ez-toc-btn ez-toc-btn-xs ez-toc-btn-default ez-toc-toggle\" aria-label=\"Alternar tabla de contenidos\"><span class=\"ez-toc-js-icon-con\"><span class=\"\"><span class=\"eztoc-hide\" style=\"display:none;\">Palanca<\/span><span class=\"ez-toc-icon-toggle-span\"><svg style=\"fill: #999;color:#999\" xmlns=\"http:\/\/www.w3.org\/2000\/svg\" class=\"list-377408\" width=\"20px\" height=\"20px\" viewbox=\"0 0 24 24\" fill=\"none\"><path d=\"M6 6H4v2h2V6zm14 0H8v2h12V6zM4 11h2v2H4v-2zm16 0H8v2h12v-2zM4 16h2v2H4v-2zm16 0H8v2h12v-2z\" fill=\"currentColor\"><\/path><\/svg><svg style=\"fill: #999;color:#999\" class=\"arrow-unsorted-368013\" xmlns=\"http:\/\/www.w3.org\/2000\/svg\" width=\"10px\" height=\"10px\" viewbox=\"0 0 24 24\" version=\"1.2\" baseprofile=\"tiny\"><path d=\"M18.2 9.3l-6.2-6.3-6.2 6.3c-.2.2-.3.4-.3.7s.1.5.3.7c.2.2.4.3.7.3h11c.3 0 .5-.1.7-.3.2-.2.3-.5.3-.7s-.1-.5-.3-.7zM5.8 14.7l6.2 6.3 6.2-6.3c.2-.2.3-.5.3-.7s-.1-.5-.3-.7c-.2-.2-.4-.3-.7-.3h-11c-.3 0-.5.1-.7.3-.2.2-.3.5-.3.7s.1.5.3.7z\"\/><\/svg><\/span><\/span><\/span><\/a><\/span><\/div>\n<nav><ul class='ez-toc-list ez-toc-list-level-1' ><li class='ez-toc-page-1 ez-toc-heading-level-2'><a class=\"ez-toc-link ez-toc-heading-1\" href=\"https:\/\/mythslegendes.com\/es\/mitologia-iberica\/grisette-de-collioure\/#Grisette-de-Collioure\" >Grisette de Collioure<\/a><\/li><\/ul><\/nav><\/div>\n<h2><span class=\"ez-toc-section\" id=\"Grisette-de-Collioure\"><\/span>Grisette de Collioure<span class=\"ez-toc-section-end\"><\/span><\/h2>\n\n<p>El amante logr\u00f3 esconderse en la habitaci\u00f3n de su prometida y, sin ser visto, pudo esperar los acontecimientos. Alrededor de la medianoche la joven abri\u00f3 su ventana, agitando un pa\u00f1uelo blanco y pronto llegaron dos mujeres casadas muy lindas.<\/p>\n\n<p>-Ma\u00f1ana es la fiesta de Collioure -dijo uno de ellos- Vamos a la isla de San Vicente y recogeremos flores para adornarnos.<\/p>\n\n<p>Acordada la propuesta, La Grisette sac\u00f3 de su armario un frasco lleno de pomada en el que cada uno moj\u00f3 ligeramente los pulgares. A la se\u00f1al: pel sus fulla, conducido nos a la barca, las tres brujas desaparecieron, despu\u00e9s de haber hecho la se\u00f1al de la cruz nueve veces.<\/p>\n\n<p>El pescador no ten\u00eda m\u00e1s que imitar a su prometida, mojar el pulgar en el ung\u00fcento, pronunciar las palabras sacramentales para ser transportado a la playa de Collioure donde ya estaban las bruixas. Y como estos se dirig\u00edan hacia una barca, los precedi\u00f3 all\u00ed y se acost\u00f3 debajo de la proa. Las brujas se sentaron y la badessa grit\u00f3:<\/p>\n\n<p>\u00a1Vara por uno, vara por dos, vara por tres!<\/p>\n\n<p>Pero como el bote no se mov\u00eda, pregunt\u00f3 a sus compa\u00f1eras si alguna estaba en estado de embarazo (prenys), luego repiti\u00f3 la f\u00f3rmula complet\u00e1ndola:<\/p>\n\n<p>\u00a1Vara por uno, vara por dos, vara por tres, vara por cuatro!<\/p>\n\n<p>Y el barco se dirigi\u00f3 a la Isla de San Vicente, mientras las brujas at\u00f3nitas se preguntaban qui\u00e9n era el cuarto personaje que hab\u00eda provocado la partida. Pero el pecador estaba tranquilo en su escondite. Su atenci\u00f3n pronto fue atra\u00edda por una extra\u00f1a conversaci\u00f3n que Grisette tuvo sobre \u00e9l. En mi noche de bodas, dijo, quiero convertir a mi marido en pez y obligarlo a nadar a lo largo de la costa. Esto ser\u00e1 divertido. Y sus compa\u00f1eros se r\u00eden.<\/p>\n\n<p>&quot;Yo&quot;, dijo uno, &quot;cambi\u00e9 a mi marido en un caballo y le orden\u00e9 andar por los caminos&quot;. Al d\u00eda siguiente estaba enfermo...<\/p>\n\n<p>Pero, en este momento, llegamos a los bordes de la Isla. Habiendo desmontado las brujas, el pescador sali\u00f3 tambi\u00e9n de su escondite y fue, como ellas, a recoger flores raras, luego volvi\u00f3 apresuradamente bajo la proa del barco. El regreso fue tan r\u00e1pido como el viaje de ida y el joven estaba muy feliz de tocar tierra, despu\u00e9s de tan instructivo viaje.<\/p>\n\n<p>Al d\u00eda siguiente cont\u00f3 la aventura a sus compa\u00f1eros y les regal\u00f3 flores de San Vicente. Con ellos lleg\u00f3 a la cita diaria donde lo esperaba su prometida. Pero la vista de las flores inquiet\u00f3 a la joven que, acosada por las preguntas y vi\u00e9ndose descubierta, tuvo que confesarlo todo, confirmando las palabras de su amado el d\u00eda anterior.<\/p>\n\n<p>El pecador, en efecto, declar\u00f3 renunciar a su mano, haci\u00e9ndole imposible casarse en la comuna.<\/p>\n\t\t\t\t\t\t\t\t<\/div>\n\t\t\t\t<\/div>\n\t\t\t\t\t<\/div>\n\t\t<\/div>\n\t\t\t\t\t<\/div>\n\t\t<\/section>\n\t\t\t\t<\/div>","protected":false},"excerpt":{"rendered":"<p>Wiki Mitolog\u00eda Ib\u00e9rica Las brujas de Collioure eran, por extra\u00f1o que parezca, tres ni\u00f1as muy bonitas. Uno de ellos, apodado... <\/p>","protected":false},"author":1,"featured_media":0,"parent":2187,"menu_order":0,"comment_status":"closed","ping_status":"closed","template":"","meta":{"footnotes":""},"class_list":["post-2435","page","type-page","status-publish","hentry"],"amp_enabled":true,"_links":{"self":[{"href":"https:\/\/mythslegendes.com\/es\/wp-json\/wp\/v2\/pages\/2435","targetHints":{"allow":["GET"]}}],"collection":[{"href":"https:\/\/mythslegendes.com\/es\/wp-json\/wp\/v2\/pages"}],"about":[{"href":"https:\/\/mythslegendes.com\/es\/wp-json\/wp\/v2\/types\/page"}],"author":[{"embeddable":true,"href":"https:\/\/mythslegendes.com\/es\/wp-json\/wp\/v2\/users\/1"}],"replies":[{"embeddable":true,"href":"https:\/\/mythslegendes.com\/es\/wp-json\/wp\/v2\/comments?post=2435"}],"version-history":[{"count":1,"href":"https:\/\/mythslegendes.com\/es\/wp-json\/wp\/v2\/pages\/2435\/revisions"}],"predecessor-version":[{"id":24784,"href":"https:\/\/mythslegendes.com\/es\/wp-json\/wp\/v2\/pages\/2435\/revisions\/24784"}],"up":[{"embeddable":true,"href":"https:\/\/mythslegendes.com\/es\/wp-json\/wp\/v2\/pages\/2187"}],"wp:attachment":[{"href":"https:\/\/mythslegendes.com\/es\/wp-json\/wp\/v2\/media?parent=2435"}],"curies":[{"name":"wp","href":"https:\/\/api.w.org\/{rel}","templated":true}]}}