{"id":2438,"date":"2020-07-11T14:53:27","date_gmt":"2020-07-11T13:53:27","guid":{"rendered":"https:\/\/mythslegendes.com\/?page_id=2438"},"modified":"2022-12-03T22:07:09","modified_gmt":"2022-12-03T22:07:09","slug":"peau-dane","status":"publish","type":"page","link":"https:\/\/mythslegendes.com\/es\/mitologia-iberica\/piel-de-burro\/","title":{"rendered":"Piel de burro"},"content":{"rendered":"<div data-elementor-type=\"wp-page\" data-elementor-id=\"2438\" class=\"elementor elementor-2438\">\n\t\t\t\t\t\t<section class=\"elementor-section elementor-top-section elementor-element elementor-element-878d8d2 elementor-section-boxed elementor-section-height-default elementor-section-height-default\" data-id=\"878d8d2\" data-element_type=\"section\" data-e-type=\"section\">\n\t\t\t\t\t\t<div class=\"elementor-container elementor-column-gap-default\">\n\t\t\t\t\t<div class=\"elementor-column elementor-col-50 elementor-top-column elementor-element elementor-element-2eb812b\" data-id=\"2eb812b\" data-element_type=\"column\" data-e-type=\"column\">\n\t\t\t<div class=\"elementor-widget-wrap elementor-element-populated\">\n\t\t\t\t\t\t<div class=\"elementor-element elementor-element-4f48c06 elementor-align-justify elementor-widget elementor-widget-button\" data-id=\"4f48c06\" data-element_type=\"widget\" data-e-type=\"widget\" data-widget_type=\"button.default\">\n\t\t\t\t<div class=\"elementor-widget-container\">\n\t\t\t\t\t\t\t\t\t<div class=\"elementor-button-wrapper\">\n\t\t\t\t\t<a class=\"elementor-button elementor-button-link elementor-size-sm\" href=\"https:\/\/mythslegendes.com\/es\/mitologia-iberica\/\">\n\t\t\t\t\t\t<span class=\"elementor-button-content-wrapper\">\n\t\t\t\t\t\t\t\t\t<span class=\"elementor-button-text\">Mitolog\u00eda ib\u00e9rica<\/span>\n\t\t\t\t\t<\/span>\n\t\t\t\t\t<\/a>\n\t\t\t\t<\/div>\n\t\t\t\t\t\t\t\t<\/div>\n\t\t\t\t<\/div>\n\t\t\t\t\t<\/div>\n\t\t<\/div>\n\t\t\t\t<div class=\"elementor-column elementor-col-50 elementor-top-column elementor-element elementor-element-63e1f6b\" data-id=\"63e1f6b\" data-element_type=\"column\" data-e-type=\"column\">\n\t\t\t<div class=\"elementor-widget-wrap elementor-element-populated\">\n\t\t\t\t\t\t<div class=\"elementor-element elementor-element-80c710d elementor-align-justify elementor-widget elementor-widget-button\" data-id=\"80c710d\" data-element_type=\"widget\" data-e-type=\"widget\" data-widget_type=\"button.default\">\n\t\t\t\t<div class=\"elementor-widget-container\">\n\t\t\t\t\t\t\t\t\t<div class=\"elementor-button-wrapper\">\n\t\t\t\t\t<a class=\"elementor-button elementor-button-link elementor-size-sm\" href=\"https:\/\/en.wikipedia.org\/wiki\/Spanish_mythology\" target=\"_blank\" rel=\"noopener\">\n\t\t\t\t\t\t<span class=\"elementor-button-content-wrapper\">\n\t\t\t\t\t\t\t\t\t<span class=\"elementor-button-text\">Wiki<\/span>\n\t\t\t\t\t<\/span>\n\t\t\t\t\t<\/a>\n\t\t\t\t<\/div>\n\t\t\t\t\t\t\t\t<\/div>\n\t\t\t\t<\/div>\n\t\t\t\t\t<\/div>\n\t\t<\/div>\n\t\t\t\t\t<\/div>\n\t\t<\/section>\n\t\t\t\t<section class=\"elementor-section elementor-top-section elementor-element elementor-element-29b0a29d elementor-section-boxed elementor-section-height-default elementor-section-height-default\" data-id=\"29b0a29d\" data-element_type=\"section\" data-e-type=\"section\">\n\t\t\t\t\t\t<div class=\"elementor-container elementor-column-gap-default\">\n\t\t\t\t\t<div class=\"elementor-column elementor-col-100 elementor-top-column elementor-element elementor-element-f9f4261\" data-id=\"f9f4261\" data-element_type=\"column\" data-e-type=\"column\">\n\t\t\t<div class=\"elementor-widget-wrap elementor-element-populated\">\n\t\t\t\t\t\t<div class=\"elementor-element elementor-element-5526c195 elementor-widget elementor-widget-text-editor\" data-id=\"5526c195\" data-element_type=\"widget\" data-e-type=\"widget\" data-widget_type=\"text-editor.default\">\n\t\t\t\t<div class=\"elementor-widget-container\">\n\t\t\t\t\t\t\t\t\t<p><\/p>\n<p>Aqu\u00ed est\u00e1 la historia del llamado Peau d&#039;\u00e2ne. Era un pueblo donde se ve\u00eda por todas partes brujas viejas y feas que ten\u00edan m\u00e1s poderes que el diablo. Todas las noches iban al centro de las ruinas donde hac\u00edan sus reuniones. Los j\u00f3venes se retaron, pero ninguno tuvo el coraje de sorprenderlos. Sin embargo, hubo uno, guapo y fuerte, que quiso intentar esta peligrosa empresa: el s\u00e1bado, al caer la noche, fue al castillo encantado y esper\u00f3 la hora propicia.<\/p>\n<p><img decoding=\"async\" class=\"alignnone wp-image-5284 size-full\" src=\"https:\/\/mythslegendes.com\/wp-content\/uploads\/2020\/09\/AlphaOmega-e1602613368367.png\" alt=\"Piel de burro\" width=\"25\" height=\"26\" title=\"\"><\/p>\n<div id=\"ez-toc-container\" class=\"ez-toc-v2_0_82_2 counter-hierarchy ez-toc-counter ez-toc-grey ez-toc-container-direction\">\n<div class=\"ez-toc-title-container\">\n<p class=\"ez-toc-title\" style=\"cursor:inherit\">Contenido<\/p>\n<span class=\"ez-toc-title-toggle\"><a href=\"#\" class=\"ez-toc-pull-right ez-toc-btn ez-toc-btn-xs ez-toc-btn-default ez-toc-toggle\" aria-label=\"Alternar tabla de contenidos\"><span class=\"ez-toc-js-icon-con\"><span class=\"\"><span class=\"eztoc-hide\" style=\"display:none;\">Palanca<\/span><span class=\"ez-toc-icon-toggle-span\"><svg style=\"fill: #999;color:#999\" xmlns=\"http:\/\/www.w3.org\/2000\/svg\" class=\"list-377408\" width=\"20px\" height=\"20px\" viewbox=\"0 0 24 24\" fill=\"none\"><path d=\"M6 6H4v2h2V6zm14 0H8v2h12V6zM4 11h2v2H4v-2zm16 0H8v2h12v-2zM4 16h2v2H4v-2zm16 0H8v2h12v-2z\" fill=\"currentColor\"><\/path><\/svg><svg style=\"fill: #999;color:#999\" class=\"arrow-unsorted-368013\" xmlns=\"http:\/\/www.w3.org\/2000\/svg\" width=\"10px\" height=\"10px\" viewbox=\"0 0 24 24\" version=\"1.2\" baseprofile=\"tiny\"><path d=\"M18.2 9.3l-6.2-6.3-6.2 6.3c-.2.2-.3.4-.3.7s.1.5.3.7c.2.2.4.3.7.3h11c.3 0 .5-.1.7-.3.2-.2.3-.5.3-.7s-.1-.5-.3-.7zM5.8 14.7l6.2 6.3 6.2-6.3c.2-.2.3-.5.3-.7s-.1-.5-.3-.7c-.2-.2-.4-.3-.7-.3h-11c-.3 0-.5.1-.7.3-.2.2-.3.5-.3.7s.1.5.3.7z\"\/><\/svg><\/span><\/span><\/span><\/a><\/span><\/div>\n<nav><ul class='ez-toc-list ez-toc-list-level-1' ><li class='ez-toc-page-1 ez-toc-heading-level-2'><a class=\"ez-toc-link ez-toc-heading-1\" href=\"https:\/\/mythslegendes.com\/es\/mitologia-iberica\/piel-de-burro\/#Peau-dane\" >Piel de burro<\/a><\/li><\/ul><\/nav><\/div>\n<h2><span class=\"ez-toc-section\" id=\"Peau-dane\"><\/span>Piel de burro<span class=\"ez-toc-section-end\"><\/span><\/h2>\n<p><\/p>\n<p>El viento se levant\u00f3, impetuoso y violento, haciendo crujir los tabiques y temblar los muros; la noche era oscura: las matas y ra\u00edces, fuertemente agitadas, produc\u00edan ruidos extra\u00f1os y salvajes; las \u00fanicas luces que se distingu\u00edan eran los ojos de unas lechuzas posadas en una pared. Y el ni\u00f1o segu\u00eda esperando, acurrucado en un rinc\u00f3n, detr\u00e1s de un mont\u00f3n de piedras.<\/p>\n<p><\/p>\n<p>Alrededor de la medianoche, vio llegar a las primeras brujas; se besaron en la frente, inmediatamente agarr\u00e1ndose a la aspereza de las paredes, arrancando pu\u00f1ados de hierba; encendieron un gran fuego, pusieron sobre \u00e9l un colosal caldero, y murmurando palabras incomprensibles, echaron en \u00e9l, cada uno por turno, las yerbas que tra\u00edan, mientras sus rostros tomaban diferentes colores; luego comenzaron, juntos, a bailar una ronda. De vez en cuando se deten\u00edan y algo anormal ca\u00eda dentro de la caldera; incluso le tiraron el brazo a un ni\u00f1o.<\/p>\n<p><\/p>\n<p>El fuego tom\u00f3 entonces un color ins\u00f3lito, se levant\u00f3 un humo denso, hediondo, que asfixiaba; las brujas interrumpieron sus rondas, continuaron con sus ininteligibles murmullos y, mientras la caldera se enfriaba, se entregaron a sus acostumbradas abluciones y fricciones. La medianoche dio la hora en el reloj lejano; simult\u00e1neamente gritaban &quot;alla fulla&quot;, se convert\u00edan en negras aves rapaces y comenzaban a revolotear.<\/p>\n<p><\/p>\n<p>Nuestro jovencito, que lo hab\u00eda visto todo hasta el momento y cuya curiosidad no estaba suficientemente satisfecha, quiso continuar la aventura. Tan pronto como los vio tomar vuelo, corri\u00f3 hacia la caldera y se frot\u00f3 con todos los Ingredientes que conten\u00eda; Pensando entonces que al decir &quot;alla fulla&quot;, \u00e9l tambi\u00e9n deber\u00eda volar como las brujas, y que estas \u00faltimas, al darse cuenta del enga\u00f1o, lo matar\u00edan, prefiri\u00f3 gritar &quot;baixa fulla&quot;.<\/p>\n<p>Pero desafortunadamente ! Apenas hab\u00eda pronunciado la palabra fatal cuando sinti\u00f3 que le crec\u00edan las orejas, se le alargaban los brazos, se le redondeaban las manos y los pies en forma de patas, y le crec\u00eda una cola; quer\u00eda gritar, pero, transformado en burro, s\u00f3lo profiri\u00f3 aullidos; corri\u00f3 tras las brujas.<\/p>\n<p><\/p>\n<p>Mientras se alejaban volando, busc\u00f3 alcanzarlos y sigui\u00f3 las laderas del suelo, enred\u00e1ndose en matorrales espinosos, sin saber ni lo que hac\u00eda ni c\u00f3mo terminar\u00eda, quer\u00eda gritar de nuevo, pero solo pudo rebuznar; escuch\u00f3, sin embargo, las maldiciones que le dirig\u00edan los hombres que pasaban por los caminos o que regaban sus campos; hasta le parec\u00eda que lo persegu\u00edan sin poder detenerse.<\/p>\n<p><\/p>\n<p>Finalmente, apareci\u00f3 el amanecer; vio el castillo fatal, que recuper\u00f3 apresuradamente; lleg\u00f3 all\u00ed al mismo tiempo que las brujas. Estos \u00faltimos, al ver el burro, se echaron a re\u00edr, lo agarraron, le pusieron un cabestro, lo ataron a una barandilla y lo golpearon con todas sus fuerzas con palos; estos repetidos golpes arrancaron el pelo que cubr\u00eda la piel del pobre animal; pero poco a poco la piel \u00e1spera se convirti\u00f3 en fina epidermis, y el cuerpo mismo recobr\u00f3 su forma primitiva.<\/p>\n<p><\/p>\n<p>Cubierto de moretones y rasgu\u00f1os, exhausto, irreconocible, el infortunado cay\u00f3 al suelo y pidi\u00f3 clemencia a las brujas; pero estos ya hab\u00edan desaparecido. Con gran dificultad, el h\u00e9roe de esta aventura se arrastr\u00f3 por el camino y lleg\u00f3 exhausto al pueblo, y todos se apiadaron de \u00e9l. Pero nadie tuvo la curiosidad de repetir el experimento.<\/p>\n<p><\/p>\t\t\t\t\t\t\t\t<\/div>\n\t\t\t\t<\/div>\n\t\t\t\t\t<\/div>\n\t\t<\/div>\n\t\t\t\t\t<\/div>\n\t\t<\/section>\n\t\t\t\t<\/div>","protected":false},"excerpt":{"rendered":"<p>Wiki Mitolog\u00eda Ib\u00e9rica Esta es la historia de la llamada Piel de Burro. Era un pueblo donde se ve\u00eda por todas partes... <\/p>","protected":false},"author":1,"featured_media":0,"parent":2187,"menu_order":0,"comment_status":"closed","ping_status":"closed","template":"","meta":{"footnotes":""},"class_list":["post-2438","page","type-page","status-publish","hentry"],"amp_enabled":true,"_links":{"self":[{"href":"https:\/\/mythslegendes.com\/es\/wp-json\/wp\/v2\/pages\/2438","targetHints":{"allow":["GET"]}}],"collection":[{"href":"https:\/\/mythslegendes.com\/es\/wp-json\/wp\/v2\/pages"}],"about":[{"href":"https:\/\/mythslegendes.com\/es\/wp-json\/wp\/v2\/types\/page"}],"author":[{"embeddable":true,"href":"https:\/\/mythslegendes.com\/es\/wp-json\/wp\/v2\/users\/1"}],"replies":[{"embeddable":true,"href":"https:\/\/mythslegendes.com\/es\/wp-json\/wp\/v2\/comments?post=2438"}],"version-history":[{"count":1,"href":"https:\/\/mythslegendes.com\/es\/wp-json\/wp\/v2\/pages\/2438\/revisions"}],"predecessor-version":[{"id":24785,"href":"https:\/\/mythslegendes.com\/es\/wp-json\/wp\/v2\/pages\/2438\/revisions\/24785"}],"up":[{"embeddable":true,"href":"https:\/\/mythslegendes.com\/es\/wp-json\/wp\/v2\/pages\/2187"}],"wp:attachment":[{"href":"https:\/\/mythslegendes.com\/es\/wp-json\/wp\/v2\/media?parent=2438"}],"curies":[{"name":"wp","href":"https:\/\/api.w.org\/{rel}","templated":true}]}}