{"id":2441,"date":"2020-07-11T14:54:43","date_gmt":"2020-07-11T13:54:43","guid":{"rendered":"https:\/\/mythslegendes.com\/?page_id=2441"},"modified":"2022-12-03T22:07:09","modified_gmt":"2022-12-03T22:07:09","slug":"les-ruines-de-paracols","status":"publish","type":"page","link":"https:\/\/mythslegendes.com\/es\/mitologia-iberica\/las-ruinas-de-paracols\/","title":{"rendered":"Las ruinas de Paracols"},"content":{"rendered":"<div data-elementor-type=\"wp-page\" data-elementor-id=\"2441\" class=\"elementor elementor-2441\">\n\t\t\t\t\t\t<section class=\"elementor-section elementor-top-section elementor-element elementor-element-768048a elementor-section-boxed elementor-section-height-default elementor-section-height-default\" data-id=\"768048a\" data-element_type=\"section\" data-e-type=\"section\">\n\t\t\t\t\t\t<div class=\"elementor-container elementor-column-gap-default\">\n\t\t\t\t\t<div class=\"elementor-column elementor-col-50 elementor-top-column elementor-element elementor-element-27db4e1\" data-id=\"27db4e1\" data-element_type=\"column\" data-e-type=\"column\">\n\t\t\t<div class=\"elementor-widget-wrap elementor-element-populated\">\n\t\t\t\t\t\t<div class=\"elementor-element elementor-element-ffc5d12 elementor-align-justify elementor-widget elementor-widget-button\" data-id=\"ffc5d12\" data-element_type=\"widget\" data-e-type=\"widget\" data-widget_type=\"button.default\">\n\t\t\t\t<div class=\"elementor-widget-container\">\n\t\t\t\t\t\t\t\t\t<div class=\"elementor-button-wrapper\">\n\t\t\t\t\t<a class=\"elementor-button elementor-button-link elementor-size-sm\" href=\"https:\/\/mythslegendes.com\/es\/mitologia-iberica\/\">\n\t\t\t\t\t\t<span class=\"elementor-button-content-wrapper\">\n\t\t\t\t\t\t\t\t\t<span class=\"elementor-button-text\">Mitolog\u00eda ib\u00e9rica<\/span>\n\t\t\t\t\t<\/span>\n\t\t\t\t\t<\/a>\n\t\t\t\t<\/div>\n\t\t\t\t\t\t\t\t<\/div>\n\t\t\t\t<\/div>\n\t\t\t\t\t<\/div>\n\t\t<\/div>\n\t\t\t\t<div class=\"elementor-column elementor-col-50 elementor-top-column elementor-element elementor-element-eac2f97\" data-id=\"eac2f97\" data-element_type=\"column\" data-e-type=\"column\">\n\t\t\t<div class=\"elementor-widget-wrap elementor-element-populated\">\n\t\t\t\t\t\t<div class=\"elementor-element elementor-element-cd84e2e elementor-align-justify elementor-widget elementor-widget-button\" data-id=\"cd84e2e\" data-element_type=\"widget\" data-e-type=\"widget\" data-widget_type=\"button.default\">\n\t\t\t\t<div class=\"elementor-widget-container\">\n\t\t\t\t\t\t\t\t\t<div class=\"elementor-button-wrapper\">\n\t\t\t\t\t<a class=\"elementor-button elementor-button-link elementor-size-sm\" href=\"https:\/\/en.wikipedia.org\/wiki\/Spanish_mythology\" target=\"_blank\" rel=\"noopener\">\n\t\t\t\t\t\t<span class=\"elementor-button-content-wrapper\">\n\t\t\t\t\t\t\t\t\t<span class=\"elementor-button-text\">Wiki<\/span>\n\t\t\t\t\t<\/span>\n\t\t\t\t\t<\/a>\n\t\t\t\t<\/div>\n\t\t\t\t\t\t\t\t<\/div>\n\t\t\t\t<\/div>\n\t\t\t\t\t<\/div>\n\t\t<\/div>\n\t\t\t\t\t<\/div>\n\t\t<\/section>\n\t\t\t\t<section class=\"elementor-section elementor-top-section elementor-element elementor-element-c1cbc69 elementor-section-boxed elementor-section-height-default elementor-section-height-default\" data-id=\"c1cbc69\" data-element_type=\"section\" data-e-type=\"section\">\n\t\t\t\t\t\t<div class=\"elementor-container elementor-column-gap-default\">\n\t\t\t\t\t<div class=\"elementor-column elementor-col-100 elementor-top-column elementor-element elementor-element-1f951ebe\" data-id=\"1f951ebe\" data-element_type=\"column\" data-e-type=\"column\">\n\t\t\t<div class=\"elementor-widget-wrap elementor-element-populated\">\n\t\t\t\t\t\t<div class=\"elementor-element elementor-element-f50441d elementor-widget elementor-widget-text-editor\" data-id=\"f50441d\" data-element_type=\"widget\" data-e-type=\"widget\" data-widget_type=\"text-editor.default\">\n\t\t\t\t<div class=\"elementor-widget-container\">\n\t\t\t\t\t\t\t\t\t<p><\/p>\n<p>En el momento en que los trovadores cantaban las haza\u00f1as de los valientes caballeros vestidos de hierro y los amores de los nobles se\u00f1ores, los habitantes de Molitg estaban bajo el dominio de los se\u00f1ores de Paracols.<\/p>\n<p><img decoding=\"async\" class=\"alignnone wp-image-5284 size-full\" src=\"https:\/\/mythslegendes.com\/wp-content\/uploads\/2020\/09\/AlphaOmega-e1602613368367.png\" alt=\"ruinas de paracols\" width=\"25\" height=\"26\" title=\"\"><\/p>\n<div id=\"ez-toc-container\" class=\"ez-toc-v2_0_83 counter-hierarchy ez-toc-counter ez-toc-grey ez-toc-container-direction\">\n<div class=\"ez-toc-title-container\">\n<p class=\"ez-toc-title\" style=\"cursor:inherit\">Contenido<\/p>\n<span class=\"ez-toc-title-toggle\"><a href=\"#\" class=\"ez-toc-pull-right ez-toc-btn ez-toc-btn-xs ez-toc-btn-default ez-toc-toggle\" aria-label=\"Alternar tabla de contenidos\"><span class=\"ez-toc-js-icon-con\"><span class=\"\"><span class=\"eztoc-hide\" style=\"display:none;\">Palanca<\/span><span class=\"ez-toc-icon-toggle-span\"><svg style=\"fill: #999;color:#999\" xmlns=\"http:\/\/www.w3.org\/2000\/svg\" class=\"list-377408\" width=\"20px\" height=\"20px\" viewbox=\"0 0 24 24\" fill=\"none\"><path d=\"M6 6H4v2h2V6zm14 0H8v2h12V6zM4 11h2v2H4v-2zm16 0H8v2h12v-2zM4 16h2v2H4v-2zm16 0H8v2h12v-2z\" fill=\"currentColor\"><\/path><\/svg><svg style=\"fill: #999;color:#999\" class=\"arrow-unsorted-368013\" xmlns=\"http:\/\/www.w3.org\/2000\/svg\" width=\"10px\" height=\"10px\" viewbox=\"0 0 24 24\" version=\"1.2\" baseprofile=\"tiny\"><path d=\"M18.2 9.3l-6.2-6.3-6.2 6.3c-.2.2-.3.4-.3.7s.1.5.3.7c.2.2.4.3.7.3h11c.3 0 .5-.1.7-.3.2-.2.3-.5.3-.7s-.1-.5-.3-.7zM5.8 14.7l6.2 6.3 6.2-6.3c.2-.2.3-.5.3-.7s-.1-.5-.3-.7c-.2-.2-.4-.3-.7-.3h-11c-.3 0-.5.1-.7.3-.2.2-.3.5-.3.7s.1.5.3.7z\"\/><\/svg><\/span><\/span><\/span><\/a><\/span><\/div>\n<nav><ul class='ez-toc-list ez-toc-list-level-1' ><li class='ez-toc-page-1 ez-toc-heading-level-2'><a class=\"ez-toc-link ez-toc-heading-1\" href=\"https:\/\/mythslegendes.com\/es\/mitologia-iberica\/las-ruinas-de-paracols\/#Paracols\" >Paracols<\/a><\/li><\/ul><\/nav><\/div>\n<h2><span class=\"ez-toc-section\" id=\"Paracols\"><\/span>Paracols<span class=\"ez-toc-section-end\"><\/span><\/h2>\n<p><\/p>\n<p><\/p>\n<p>Sobre un pico casi inaccesible, al pie del cual el Castellane serpentea susurrando, se levanta una fortaleza, cuyo torre\u00f3n desaf\u00eda el cielo, un verdadero nido de \u00e1guilas donde se refugian los se\u00f1ores de Paracols; y el traqueteo de las armas, el sonido de los cuernos y los ol\u00edferos, que resonaban sin cesar all\u00e1 arriba, hac\u00edan estremecerse a los pobres habitantes de la monta\u00f1a.<\/p>\n<p>La residencia feudal es ahora solo una ruina; De vez en cuando los turistas contemplar\u00e1n estas misteriosas murallas antiguas, esta torre desmantelada que encierra un mundo de recuerdos y que recuerda un pasado quiz\u00e1s glorioso.<\/p>\n<p><\/p>\n<p><\/p>\n<p>Las plantas silvestres crecen en el suelo pisado por valientes caballeros y nobles se\u00f1ores; los b\u00fahos llenan con sus gritos guturales lugares donde alguna vez resonaron gritos de guerra y dolor. Durante las hermosas noches de verano, cuando la luna proyecta la gigantesca sombra del pico sobre el valle y las caras oscuras del castillo se destacan contra el cielo claro con contornos n\u00edtidos y precisos como sombras. <a href=\"https:\/\/mythslegendes.com\/es\/mythes-et-legendes-chinois-1768\/\">chino<\/a>, los lugare\u00f1os creen haber visto un fantasma blanco deambulando por las escarpadas rocas.<\/p>\n<p>La visi\u00f3n pasa, lenta y misteriosa, con los brazos en alto, como para lanzar un anatema sobre la vieja ruina. Y al anochecer, en medio de los ni\u00f1os que, boquiabiertos, escuchan atentamente, las ancianas explican en voz baja esta aparici\u00f3n nocturna.<\/p>\n<p><\/p>\n<p><\/p>\n<p>Un d\u00eda los vecinos vieron llegar a una mujer muy distinguida, acompa\u00f1ada de una ni\u00f1a encantadora: se dec\u00eda que eran descendientes de los reyes de Granada. La madre, Guillema, estaba rodeada de la mayor consideraci\u00f3n, del respeto religioso, pues hac\u00eda algunas predicciones, cuya realizaci\u00f3n golpe\u00f3 las mentes ingenuas y supersticiosas de los campesinos, y la llamaron la &quot;adivina&quot;.<\/p>\n<p><\/p>\n<p><\/p>\n<p>Al regresar de una cacer\u00eda, el bar\u00f3n Guillem-Bernard de Paracols conoci\u00f3 a la bella Guillema y su belleza lo sedujo; Con el pelo ondeando al viento y coronado de flores, la joven cr\u00eda una cabra mientras tarareaba una melod\u00eda mon\u00f3tona en un extra\u00f1o dialecto. Guillem desmont\u00f3, declar\u00f3 su admiraci\u00f3n por \u00e9l y se pellizc\u00f3 una flor silvestre en su cabello rubio. Alg\u00fan tiempo despu\u00e9s, se cas\u00f3 en secreto con ella y le dio un hijo.<\/p>\n<p>Pero pronto olvid\u00f3 sus sermones de amor y fidelidad; la joven esposa abandonada muri\u00f3 abrumada por el dolor. A partir de entonces, los campesinos vieron a Guillema todav\u00eda triste y silencioso, cuidando al ni\u00f1o peque\u00f1o alimentado por su cabra, luego un buen d\u00eda la abuela y el ni\u00f1o desaparecieron.<\/p>\n<p><\/p>\n<p><\/p>\n<p>Una ma\u00f1ana de abril los campesinos estaban llenos de j\u00fabilo, se hab\u00edan puesto sus mejores trajes de fiesta: el bar\u00f3n Guillem Bernard de Paracols se cas\u00f3 con Aldoncia, hija del bar\u00f3n de Domanova. El patio principal del castillo estaba flanqueado por guirnaldas de boj y sembrado de flores: todo el d\u00eda festejamos alegremente y bailamos bailes al son de gaitas y chirim\u00edas.<\/p>\n<p><\/p>\n<p><\/p>\n<p>Por fin lleg\u00f3 la noche: seg\u00fan la costumbre del pa\u00eds, los familiares de la novia bailaron con ella, la tomaron de un salto y la colocaron en su hombro para llevarla al aposento nupcial, mientras las mujeres ven\u00edan corriendo con ellas. , tortas de vino y an\u00eds. La joven esposa apenas fue entregada a sus asistentes cuando una anciana de luto se levant\u00f3 frente a ella.<\/p>\n<p><\/p>\n<p><\/p>\n<p>El l\u00edvido se\u00f1or de Paracols corri\u00f3 inmediatamente hacia adelante para proteger a la joven esposa, pero fue gritado con vehemencia: &quot;\u00a1Atr\u00e1s, Guillem-Bernard!&quot; dijo el extra\u00f1o. Y volvi\u00e9ndose hacia la mujer temblorosa a\u00f1adi\u00f3: &quot;\u00bfQu\u00e9 vamos a pensar, se\u00f1ora, de un caballero que viola su fe?&quot; Se\u00f1or de Paracols, te devuelvo lo que te pertenece: \u00a1tu hijo, tu leg\u00edtimo heredero, el hijo de mi adorada hija!<\/p>\n<p>Y, diciendo estas palabras, le present\u00f3 al marido prohibido un hermoso ni\u00f1o dormido que hab\u00eda escondido debajo de los pliegues de su abrigo. Levantando la mano hacia Cristo, pronunci\u00f3 palabras de maldici\u00f3n al joven se\u00f1or, predijo la aniquilaci\u00f3n de su raza y desapareci\u00f3, en medio de la consternaci\u00f3n general\u2026.<\/p>\n<p><\/p>\n<p><\/p>\n<p>Los a\u00f1os siguieron a\u00f1os y Aldoncia tuvo dos hermosos hijos, Bernard y Sibilla, que eran su alegr\u00eda y su orgullo. El recuerdo del anatema de la anciana no dejaba de perseguir al bar\u00f3n de Paracols: la existencia de su primer hijo lo preocupaba y atormentaba como una espantosa pesadilla.<\/p>\n<p><\/p>\n<p><\/p>\n<p>Un d\u00eda el castillo de Paracols fue asediado por bandidos espa\u00f1oles. El bar\u00f3n Guillem, pagando en persona, camin\u00f3 \u00e9l mismo alrededor de las murallas. Escuch\u00f3 el sonido de voces en las sombras, y percibi\u00f3 por casualidad algunas palabras, entendi\u00f3 que estaba amenazado e inmediatamente arrest\u00f3 al soldado que estaba conspirando con el enemigo. Pero el traidor guard\u00f3 un obstinado silencio en todas las cuestiones, incluso ante las amenazas de tortura. Entonces se dispusieron a desnudarlo para azotarlo, cuando se not\u00f3 con asombro que se trataba de una mujer. Fue Guillema, el &quot;adivino&quot;. Exasperada por ser reconocida, maldijo al Se\u00f1or de Paracols.<\/p>\n<p><\/p>\n<p><\/p>\n<p>- &quot;Huelga, verdugo, me r\u00edo de tus golpes, he vivido bajo tu techo muchos a\u00f1os, rebaj\u00e1ndome al papel de sirviente, esperando la hora de mi venganza&quot;. Y hoy, vestido con estas ropas de soldado, pude acercarme al enemigo para librarte a ti y a los tuyos. Tu raza se va a extinguir. \u00a1Tu hijo Bernard morir\u00e1 ma\u00f1ana, porque lo envenen\u00e9! &quot;<\/p>\n<p><\/p>\n<p><\/p>\n<p>Ante tal provocaci\u00f3n, el bar\u00f3n de Paracols dio un brinco de rabia, espada en mano, pero una mueca de desprecio le detuvo el brazo y orden\u00f3 azotar a la vieja arp\u00eda. Guillema soport\u00f3 los dolorosos golpes de la tanga sin debilidad.<\/p>\n<p><\/p>\n<p><\/p>\n<p>- &quot;Guillem de Paracols, nunca volver\u00e1s a encontrar a tu hijo mayor, el hijo de mi adorada hija, el que perpetuar\u00e1 tu raza. Es valiente, ese, porque tiene sangre real en las venas.<\/p>\n<p><\/p>\n<p><\/p>\n<p>- &quot;Dime d\u00f3nde est\u00e1&quot;, grit\u00f3 Guillem, &quot;dilo o te mato&quot;.<\/p>\n<p><\/p>\n<p><\/p>\n<p>- &quot;\u00a1Ah! Tomo venganza, maldito caballero. Escucha este tumulto, delincuente: el enemigo se acerca. Quemar\u00e1 tu castillo y morir\u00e1s bajo sus golpes.<\/p>\n<p><\/p>\n<p><\/p>\n<p>El bar\u00f3n inmediatamente hizo encerrar a Guillelma en un barril forrado de clavos y fragmentos de vidrio y la hizo arrojar sobre la muralla. Saltando de roca en roca, el barril cay\u00f3 en un abismo que en adelante se llam\u00f3 Gorch de la Mossa (el abismo del sirviente).<\/p>\n<p><\/p>\n<p><\/p>\n<p>Seg\u00fan la predicci\u00f3n de Guillelma, una flecha alcanz\u00f3 al bar\u00f3n de Paracols y lo hiri\u00f3 de muerte. Su hijo muri\u00f3 en medio de un dolor insoportable. El castillo, parcialmente incendiado, fue saqueado y devastado por los espa\u00f1oles: solo la baronesa de Paracols y su hija sobrevivieron al desastre. En cuanto al nieto de Guillelma, Raymond de Paracols, despu\u00e9s de haber vivido durante mucho tiempo en el monasterio de Saint-Martin du Canigou, termin\u00f3 sus d\u00edas en una casa de campo con techo de paja en el valle de Molitg, muy cerca de Paracols y del Gorch de la Mossa que le dio recuerdos tan tristes.<\/p>\n<p><\/p>\t\t\t\t\t\t\t\t<\/div>\n\t\t\t\t<\/div>\n\t\t\t\t\t<\/div>\n\t\t<\/div>\n\t\t\t\t\t<\/div>\n\t\t<\/section>\n\t\t\t\t<\/div>","protected":false},"excerpt":{"rendered":"<p>Wiki Mitolog\u00eda Ib\u00e9rica En la \u00e9poca en que los trovadores cantaban las haza\u00f1as de los valerosos caballeros acorazados y los amores\u2026 <\/p>","protected":false},"author":1,"featured_media":0,"parent":2187,"menu_order":0,"comment_status":"closed","ping_status":"closed","template":"","meta":{"footnotes":""},"class_list":["post-2441","page","type-page","status-publish","hentry"],"amp_enabled":true,"_links":{"self":[{"href":"https:\/\/mythslegendes.com\/es\/wp-json\/wp\/v2\/pages\/2441","targetHints":{"allow":["GET"]}}],"collection":[{"href":"https:\/\/mythslegendes.com\/es\/wp-json\/wp\/v2\/pages"}],"about":[{"href":"https:\/\/mythslegendes.com\/es\/wp-json\/wp\/v2\/types\/page"}],"author":[{"embeddable":true,"href":"https:\/\/mythslegendes.com\/es\/wp-json\/wp\/v2\/users\/1"}],"replies":[{"embeddable":true,"href":"https:\/\/mythslegendes.com\/es\/wp-json\/wp\/v2\/comments?post=2441"}],"version-history":[{"count":1,"href":"https:\/\/mythslegendes.com\/es\/wp-json\/wp\/v2\/pages\/2441\/revisions"}],"predecessor-version":[{"id":24786,"href":"https:\/\/mythslegendes.com\/es\/wp-json\/wp\/v2\/pages\/2441\/revisions\/24786"}],"up":[{"embeddable":true,"href":"https:\/\/mythslegendes.com\/es\/wp-json\/wp\/v2\/pages\/2187"}],"wp:attachment":[{"href":"https:\/\/mythslegendes.com\/es\/wp-json\/wp\/v2\/media?parent=2441"}],"curies":[{"name":"wp","href":"https:\/\/api.w.org\/{rel}","templated":true}]}}