{"id":2444,"date":"2020-07-11T14:55:48","date_gmt":"2020-07-11T13:55:48","guid":{"rendered":"https:\/\/mythslegendes.com\/?page_id=2444"},"modified":"2022-12-03T22:07:09","modified_gmt":"2022-12-03T22:07:09","slug":"les-serviettes-merveilleuses","status":"publish","type":"page","link":"https:\/\/mythslegendes.com\/es\/mitologia-iberica\/las-servilletas-maravillosas\/","title":{"rendered":"Las maravillosas toallas"},"content":{"rendered":"<div data-elementor-type=\"wp-page\" data-elementor-id=\"2444\" class=\"elementor elementor-2444\">\n\t\t\t\t\t\t<section class=\"elementor-section elementor-top-section elementor-element elementor-element-326157e elementor-section-boxed elementor-section-height-default elementor-section-height-default\" data-id=\"326157e\" data-element_type=\"section\" data-e-type=\"section\">\n\t\t\t\t\t\t<div class=\"elementor-container elementor-column-gap-default\">\n\t\t\t\t\t<div class=\"elementor-column elementor-col-50 elementor-top-column elementor-element elementor-element-51df992\" data-id=\"51df992\" data-element_type=\"column\" data-e-type=\"column\">\n\t\t\t<div class=\"elementor-widget-wrap elementor-element-populated\">\n\t\t\t\t\t\t<div class=\"elementor-element elementor-element-ad51344 elementor-align-justify elementor-widget elementor-widget-button\" data-id=\"ad51344\" data-element_type=\"widget\" data-e-type=\"widget\" data-widget_type=\"button.default\">\n\t\t\t\t<div class=\"elementor-widget-container\">\n\t\t\t\t\t\t\t\t\t<div class=\"elementor-button-wrapper\">\n\t\t\t\t\t<a class=\"elementor-button elementor-button-link elementor-size-sm\" href=\"https:\/\/mythslegendes.com\/es\/mitologia-iberica\/\">\n\t\t\t\t\t\t<span class=\"elementor-button-content-wrapper\">\n\t\t\t\t\t\t\t\t\t<span class=\"elementor-button-text\">Mitolog\u00eda ib\u00e9rica<\/span>\n\t\t\t\t\t<\/span>\n\t\t\t\t\t<\/a>\n\t\t\t\t<\/div>\n\t\t\t\t\t\t\t\t<\/div>\n\t\t\t\t<\/div>\n\t\t\t\t\t<\/div>\n\t\t<\/div>\n\t\t\t\t<div class=\"elementor-column elementor-col-50 elementor-top-column elementor-element elementor-element-51e6b6e\" data-id=\"51e6b6e\" data-element_type=\"column\" data-e-type=\"column\">\n\t\t\t<div class=\"elementor-widget-wrap elementor-element-populated\">\n\t\t\t\t\t\t<div class=\"elementor-element elementor-element-e5d1382 elementor-align-justify elementor-widget elementor-widget-button\" data-id=\"e5d1382\" data-element_type=\"widget\" data-e-type=\"widget\" data-widget_type=\"button.default\">\n\t\t\t\t<div class=\"elementor-widget-container\">\n\t\t\t\t\t\t\t\t\t<div class=\"elementor-button-wrapper\">\n\t\t\t\t\t<a class=\"elementor-button elementor-button-link elementor-size-sm\" href=\"https:\/\/en.wikipedia.org\/wiki\/Spanish_mythology\" target=\"_blank\" rel=\"noopener\">\n\t\t\t\t\t\t<span class=\"elementor-button-content-wrapper\">\n\t\t\t\t\t\t\t\t\t<span class=\"elementor-button-text\">Wiki<\/span>\n\t\t\t\t\t<\/span>\n\t\t\t\t\t<\/a>\n\t\t\t\t<\/div>\n\t\t\t\t\t\t\t\t<\/div>\n\t\t\t\t<\/div>\n\t\t\t\t\t<\/div>\n\t\t<\/div>\n\t\t\t\t\t<\/div>\n\t\t<\/section>\n\t\t\t\t<section class=\"elementor-section elementor-top-section elementor-element elementor-element-2ed21c88 elementor-section-boxed elementor-section-height-default elementor-section-height-default\" data-id=\"2ed21c88\" data-element_type=\"section\" data-e-type=\"section\">\n\t\t\t\t\t\t<div class=\"elementor-container elementor-column-gap-default\">\n\t\t\t\t\t<div class=\"elementor-column elementor-col-100 elementor-top-column elementor-element elementor-element-4f5080cb\" data-id=\"4f5080cb\" data-element_type=\"column\" data-e-type=\"column\">\n\t\t\t<div class=\"elementor-widget-wrap elementor-element-populated\">\n\t\t\t\t\t\t<div class=\"elementor-element elementor-element-2e093326 elementor-widget elementor-widget-text-editor\" data-id=\"2e093326\" data-element_type=\"widget\" data-e-type=\"widget\" data-widget_type=\"text-editor.default\">\n\t\t\t\t<div class=\"elementor-widget-container\">\n\t\t\t\t\t\t\t\t\t\n<p>Las encantadas se reun\u00edan en las covas d&#039;en Riubanys, y todas las noches iban a lavar la ropa al r\u00edo Cad\u00ed y luego la tend\u00edan cerca. Aqu\u00ed est\u00e1 la historia de maravillosas toallas.<\/p>\n<p><img decoding=\"async\" class=\"alignnone wp-image-5284 size-full\" src=\"https:\/\/mythslegendes.com\/wp-content\/uploads\/2020\/09\/AlphaOmega-e1602613368367.png\" alt=\"Las maravillosas toallas\" width=\"25\" height=\"26\" title=\"\"><\/p>\n<div id=\"ez-toc-container\" class=\"ez-toc-v2_0_82_2 counter-hierarchy ez-toc-counter ez-toc-grey ez-toc-container-direction\">\n<div class=\"ez-toc-title-container\">\n<p class=\"ez-toc-title\" style=\"cursor:inherit\">Contenido<\/p>\n<span class=\"ez-toc-title-toggle\"><a href=\"#\" class=\"ez-toc-pull-right ez-toc-btn ez-toc-btn-xs ez-toc-btn-default ez-toc-toggle\" aria-label=\"Alternar tabla de contenidos\"><span class=\"ez-toc-js-icon-con\"><span class=\"\"><span class=\"eztoc-hide\" style=\"display:none;\">Palanca<\/span><span class=\"ez-toc-icon-toggle-span\"><svg style=\"fill: #999;color:#999\" xmlns=\"http:\/\/www.w3.org\/2000\/svg\" class=\"list-377408\" width=\"20px\" height=\"20px\" viewbox=\"0 0 24 24\" fill=\"none\"><path d=\"M6 6H4v2h2V6zm14 0H8v2h12V6zM4 11h2v2H4v-2zm16 0H8v2h12v-2zM4 16h2v2H4v-2zm16 0H8v2h12v-2z\" fill=\"currentColor\"><\/path><\/svg><svg style=\"fill: #999;color:#999\" class=\"arrow-unsorted-368013\" xmlns=\"http:\/\/www.w3.org\/2000\/svg\" width=\"10px\" height=\"10px\" viewbox=\"0 0 24 24\" version=\"1.2\" baseprofile=\"tiny\"><path d=\"M18.2 9.3l-6.2-6.3-6.2 6.3c-.2.2-.3.4-.3.7s.1.5.3.7c.2.2.4.3.7.3h11c.3 0 .5-.1.7-.3.2-.2.3-.5.3-.7s-.1-.5-.3-.7zM5.8 14.7l6.2 6.3 6.2-6.3c.2-.2.3-.5.3-.7s-.1-.5-.3-.7c-.2-.2-.4-.3-.7-.3h-11c-.3 0-.5.1-.7.3-.2.2-.3.5-.3.7s.1.5.3.7z\"\/><\/svg><\/span><\/span><\/span><\/a><\/span><\/div>\n<nav><ul class='ez-toc-list ez-toc-list-level-1' ><li class='ez-toc-page-1 ez-toc-heading-level-2'><a class=\"ez-toc-link ez-toc-heading-1\" href=\"https:\/\/mythslegendes.com\/es\/mitologia-iberica\/las-servilletas-maravillosas\/#Les-serviettes-merveilleuses\" >Las maravillosas toallas<\/a><\/li><\/ul><\/nav><\/div>\n<h2><span class=\"ez-toc-section\" id=\"Les-serviettes-merveilleuses\"><\/span>Las maravillosas toallas<span class=\"ez-toc-section-end\"><\/span><\/h2>\n\n<p>Nunca nadie hab\u00eda podido robarles una sola pieza de lino y los campesinos m\u00e1s atrevidos hab\u00edan recogido muchos golpes con palos, cuando un pescador de Prades, al Julia equivocada (Julien el cojo) tuvo la idea de emplear la siguiente estratagema: se dirigi\u00f3 a las lavadoras y, mientras charlaba con ellas, dej\u00f3 caer su red impregnada de pegamento sobre una gorra, lo que le permiti\u00f3 quitarse el objeto. Pero el pescador, pronto atrapado y buscado por las hadas, se vio obligado a devolver el tocado y recibi\u00f3 tantas bofetadas como estrellas hay en el firmamento.<\/p>\n\n<p>El azar, sin embargo, iba a proporcionar a otro la ocasi\u00f3n de un intento m\u00e1s feliz.<\/p>\n\n<p>Una joven de Corneilla, que se encontraba en un estado interesante, fue a ver a una amiga de Villefranche, alrededor de las diez de la noche, para que le dieran a luz. Mientras pasaba llorando cerca de las cuevas de Riubanys, las hadas, presas de l\u00e1stima, se la llevaron y la parieron. Se envolvi\u00f3 cuidadosamente al reci\u00e9n nacido en una gran toalla tejida con flores de retama (flors de gineste) y se coloc\u00f3 en una olla (olla).<\/p>\n\n<p>Pero el padre afligido busc\u00f3 por todas partes a su hija desaparecida. Lo Qamat - ese era su nombre, que deb\u00eda a su delgadez y tez p\u00e1lida - tuvo la idea de ir a consultar a las hadas y se fue a su casa; pero, al pisotear la ropa que yac\u00eda en el suelo, sinti\u00f3 una lluvia de palos caer sobre sus hombros, lo que le hizo gemir. Sin embargo, Lo Gamat, habiendo dado a conocer a las hadas el objetivo de su incursi\u00f3n, fue acompa\u00f1ado en la cueva; all\u00ed encontr\u00f3 a su hija completamente recuperada de sus emociones y la condujo de regreso al pueblo, llev\u00e1ndose la olla y su preciado contenido.<\/p>\n\n<p>Cuando desabrochamos los sedosos pa\u00f1ales del reci\u00e9n nacido, reconocimos la toalla que usaban imprudentemente y generosamente las encantadas. Lo Gamat agarr\u00f3 el lino, lo envolvi\u00f3 en una gruesa tela negra y lo guard\u00f3 con cuidado en un armario, esperando el momento adecuado para pronunciar la f\u00f3rmula consagrada frente al talism\u00e1n. Y, de hecho, cuando sonaron tres golpes desde el campanario de la iglesia, se par\u00f3 a tres pasos del armario y pronunci\u00f3 las siguientes tres f\u00f3rmulas tres veces:<\/p>\n\n<p><em>Lo dia voldries veurer,<\/em><\/p>\n\n<p><em>Lo dia no vettras.<\/em><\/p>\n\n<p><em>Al dia fer\u00e9 lo que voldr\u00e9.<\/em><\/p>\n\n<p>(Te gustar\u00eda ver la luz del d\u00eda, no la ver\u00e1s, porque durante el d\u00eda har\u00e9 lo que me parezca).<\/p>\n\n<p>Tres d\u00edas despu\u00e9s, el afortunado due\u00f1o de la toalla encantada hab\u00eda recuperado una salud floreciente: lo Gamat se hab\u00eda convertido en lo Taix\u00f3 (el tej\u00f3n), con quien comparamos a un hombre sano. Sus campos, que eran est\u00e9riles, se hicieron fruct\u00edferos; Tuvo abundantes cosechas y vio c\u00f3mo sus proyectos m\u00e1s queridos se hicieron realidad.<\/p>\n\n<p>Su felicidad la pagaron los lugare\u00f1os. Exasperadas, en efecto, por su ingratitud, furiosas de haber sido robadas despu\u00e9s de haber prestado el servicio, las hadas se vengaron de los pobres campesinos que tuvieron la desgracia de pasar cerca de ellos y repartieron por el campo tantas palizas como ellos. trigo en los campos de Gamal-Taix\u00f4.<\/p>\n\n<p>Las covas d&#039;en Riubanys (cuevas de Riubanys) se encuentran a escasos metros de la carretera departamental que une Villefranche con Corneilla-de-Conflent, al fondo de un enorme precipicio.<\/p>\n\t\t\t\t\t\t\t\t<\/div>\n\t\t\t\t<\/div>\n\t\t\t\t\t<\/div>\n\t\t<\/div>\n\t\t\t\t\t<\/div>\n\t\t<\/section>\n\t\t\t\t<\/div>","protected":false},"excerpt":{"rendered":"<p>Wiki Mitolog\u00eda Ib\u00e9rica Las encantadas se reun\u00edan en las covas d&#039;en Riubanys, y, cada tarde, iban a lavar la ropa a \u2026 <\/p>","protected":false},"author":1,"featured_media":0,"parent":2187,"menu_order":0,"comment_status":"closed","ping_status":"closed","template":"","meta":{"footnotes":""},"class_list":["post-2444","page","type-page","status-publish","hentry"],"amp_enabled":true,"_links":{"self":[{"href":"https:\/\/mythslegendes.com\/es\/wp-json\/wp\/v2\/pages\/2444","targetHints":{"allow":["GET"]}}],"collection":[{"href":"https:\/\/mythslegendes.com\/es\/wp-json\/wp\/v2\/pages"}],"about":[{"href":"https:\/\/mythslegendes.com\/es\/wp-json\/wp\/v2\/types\/page"}],"author":[{"embeddable":true,"href":"https:\/\/mythslegendes.com\/es\/wp-json\/wp\/v2\/users\/1"}],"replies":[{"embeddable":true,"href":"https:\/\/mythslegendes.com\/es\/wp-json\/wp\/v2\/comments?post=2444"}],"version-history":[{"count":1,"href":"https:\/\/mythslegendes.com\/es\/wp-json\/wp\/v2\/pages\/2444\/revisions"}],"predecessor-version":[{"id":24787,"href":"https:\/\/mythslegendes.com\/es\/wp-json\/wp\/v2\/pages\/2444\/revisions\/24787"}],"up":[{"embeddable":true,"href":"https:\/\/mythslegendes.com\/es\/wp-json\/wp\/v2\/pages\/2187"}],"wp:attachment":[{"href":"https:\/\/mythslegendes.com\/es\/wp-json\/wp\/v2\/media?parent=2444"}],"curies":[{"name":"wp","href":"https:\/\/api.w.org\/{rel}","templated":true}]}}