{"id":2451,"date":"2020-07-11T14:59:31","date_gmt":"2020-07-11T13:59:31","guid":{"rendered":"https:\/\/mythslegendes.com\/?page_id=2451"},"modified":"2022-12-03T22:07:09","modified_gmt":"2022-12-03T22:07:09","slug":"les-ames-inquietes","status":"publish","type":"page","link":"https:\/\/mythslegendes.com\/es\/mitologia-iberica\/almas-preocupadas\/","title":{"rendered":"Almas preocupadas"},"content":{"rendered":"<div data-elementor-type=\"wp-page\" data-elementor-id=\"2451\" class=\"elementor elementor-2451\">\n\t\t\t\t\t\t<section class=\"elementor-section elementor-top-section elementor-element elementor-element-b23088d elementor-section-boxed elementor-section-height-default elementor-section-height-default\" data-id=\"b23088d\" data-element_type=\"section\" data-e-type=\"section\">\n\t\t\t\t\t\t<div class=\"elementor-container elementor-column-gap-default\">\n\t\t\t\t\t<div class=\"elementor-column elementor-col-50 elementor-top-column elementor-element elementor-element-2a3978c\" data-id=\"2a3978c\" data-element_type=\"column\" data-e-type=\"column\">\n\t\t\t<div class=\"elementor-widget-wrap elementor-element-populated\">\n\t\t\t\t\t\t<div class=\"elementor-element elementor-element-d6f7494 elementor-align-justify elementor-widget elementor-widget-button\" data-id=\"d6f7494\" data-element_type=\"widget\" data-e-type=\"widget\" data-widget_type=\"button.default\">\n\t\t\t\t<div class=\"elementor-widget-container\">\n\t\t\t\t\t\t\t\t\t<div class=\"elementor-button-wrapper\">\n\t\t\t\t\t<a class=\"elementor-button elementor-button-link elementor-size-sm\" href=\"https:\/\/mythslegendes.com\/es\/mitologia-iberica\/\">\n\t\t\t\t\t\t<span class=\"elementor-button-content-wrapper\">\n\t\t\t\t\t\t\t\t\t<span class=\"elementor-button-text\">Mitolog\u00eda ib\u00e9rica<\/span>\n\t\t\t\t\t<\/span>\n\t\t\t\t\t<\/a>\n\t\t\t\t<\/div>\n\t\t\t\t\t\t\t\t<\/div>\n\t\t\t\t<\/div>\n\t\t\t\t\t<\/div>\n\t\t<\/div>\n\t\t\t\t<div class=\"elementor-column elementor-col-50 elementor-top-column elementor-element elementor-element-6b43fdd\" data-id=\"6b43fdd\" data-element_type=\"column\" data-e-type=\"column\">\n\t\t\t<div class=\"elementor-widget-wrap elementor-element-populated\">\n\t\t\t\t\t\t<div class=\"elementor-element elementor-element-0710762 elementor-align-justify elementor-widget elementor-widget-button\" data-id=\"0710762\" data-element_type=\"widget\" data-e-type=\"widget\" data-widget_type=\"button.default\">\n\t\t\t\t<div class=\"elementor-widget-container\">\n\t\t\t\t\t\t\t\t\t<div class=\"elementor-button-wrapper\">\n\t\t\t\t\t<a class=\"elementor-button elementor-button-link elementor-size-sm\" href=\"https:\/\/en.wikipedia.org\/wiki\/Spanish_mythology\" target=\"_blank\" rel=\"noopener\">\n\t\t\t\t\t\t<span class=\"elementor-button-content-wrapper\">\n\t\t\t\t\t\t\t\t\t<span class=\"elementor-button-text\">Wiki<\/span>\n\t\t\t\t\t<\/span>\n\t\t\t\t\t<\/a>\n\t\t\t\t<\/div>\n\t\t\t\t\t\t\t\t<\/div>\n\t\t\t\t<\/div>\n\t\t\t\t\t<\/div>\n\t\t<\/div>\n\t\t\t\t\t<\/div>\n\t\t<\/section>\n\t\t\t\t<section class=\"elementor-section elementor-top-section elementor-element elementor-element-11172f06 elementor-section-boxed elementor-section-height-default elementor-section-height-default\" data-id=\"11172f06\" data-element_type=\"section\" data-e-type=\"section\">\n\t\t\t\t\t\t<div class=\"elementor-container elementor-column-gap-default\">\n\t\t\t\t\t<div class=\"elementor-column elementor-col-100 elementor-top-column elementor-element elementor-element-5031ebdb\" data-id=\"5031ebdb\" data-element_type=\"column\" data-e-type=\"column\">\n\t\t\t<div class=\"elementor-widget-wrap elementor-element-populated\">\n\t\t\t\t\t\t<div class=\"elementor-element elementor-element-b8a467 elementor-widget elementor-widget-text-editor\" data-id=\"b8a467\" data-element_type=\"widget\" data-e-type=\"widget\" data-widget_type=\"text-editor.default\">\n\t\t\t\t<div class=\"elementor-widget-container\">\n\t\t\t\t\t\t\t\t\t<p><\/p>\n<p>Aqu\u00ed est\u00e1 la historia de las almas preocupadas. Hab\u00eda una vez un molinero valiente, rubio como el trigo, bueno como el pan, que viv\u00eda solo en su molino y que apenas o\u00eda nada de este mundo salvo el lamido del agua: al menos disfrutaba de una gran independencia. Cuando termin\u00f3 el d\u00eda, tom\u00f3 su frugal comida y subi\u00f3 a su habitaci\u00f3n, una habitaci\u00f3n pobre atestada de sacos de harina y al que conduc\u00eda una sencilla escalera de madera.<\/p>\n<p><img decoding=\"async\" class=\"alignnone wp-image-5284 size-full\" src=\"https:\/\/mythslegendes.com\/wp-content\/uploads\/2020\/09\/AlphaOmega-e1602613368367.png\" alt=\"Almas preocupadas\" width=\"25\" height=\"26\" title=\"\"><\/p>\n<div id=\"ez-toc-container\" class=\"ez-toc-v2_0_82_2 counter-hierarchy ez-toc-counter ez-toc-grey ez-toc-container-direction\">\n<div class=\"ez-toc-title-container\">\n<p class=\"ez-toc-title\" style=\"cursor:inherit\">Contenido<\/p>\n<span class=\"ez-toc-title-toggle\"><a href=\"#\" class=\"ez-toc-pull-right ez-toc-btn ez-toc-btn-xs ez-toc-btn-default ez-toc-toggle\" aria-label=\"Alternar tabla de contenidos\"><span class=\"ez-toc-js-icon-con\"><span class=\"\"><span class=\"eztoc-hide\" style=\"display:none;\">Palanca<\/span><span class=\"ez-toc-icon-toggle-span\"><svg style=\"fill: #999;color:#999\" xmlns=\"http:\/\/www.w3.org\/2000\/svg\" class=\"list-377408\" width=\"20px\" height=\"20px\" viewbox=\"0 0 24 24\" fill=\"none\"><path d=\"M6 6H4v2h2V6zm14 0H8v2h12V6zM4 11h2v2H4v-2zm16 0H8v2h12v-2zM4 16h2v2H4v-2zm16 0H8v2h12v-2z\" fill=\"currentColor\"><\/path><\/svg><svg style=\"fill: #999;color:#999\" class=\"arrow-unsorted-368013\" xmlns=\"http:\/\/www.w3.org\/2000\/svg\" width=\"10px\" height=\"10px\" viewbox=\"0 0 24 24\" version=\"1.2\" baseprofile=\"tiny\"><path d=\"M18.2 9.3l-6.2-6.3-6.2 6.3c-.2.2-.3.4-.3.7s.1.5.3.7c.2.2.4.3.7.3h11c.3 0 .5-.1.7-.3.2-.2.3-.5.3-.7s-.1-.5-.3-.7zM5.8 14.7l6.2 6.3 6.2-6.3c.2-.2.3-.5.3-.7s-.1-.5-.3-.7c-.2-.2-.4-.3-.7-.3h-11c-.3 0-.5.1-.7.3-.2.2-.3.5-.3.7s.1.5.3.7z\"\/><\/svg><\/span><\/span><\/span><\/a><\/span><\/div>\n<nav><ul class='ez-toc-list ez-toc-list-level-1' ><li class='ez-toc-page-1 ez-toc-heading-level-2'><a class=\"ez-toc-link ez-toc-heading-1\" href=\"https:\/\/mythslegendes.com\/es\/mitologia-iberica\/almas-preocupadas\/#Les-ames-inquietes\" >Almas preocupadas<\/a><\/li><\/ul><\/nav><\/div>\n<h2><span class=\"ez-toc-section\" id=\"Les-ames-inquietes\"><\/span>Almas preocupadas<span class=\"ez-toc-section-end\"><\/span><\/h2>\n<p><\/p>\n<p>Acababa de irse a la cama una noche cuando un repentino sonido de una muela al ponerse en movimiento lo ley\u00f3 de su primer sue\u00f1o: se acost\u00f3 en su cama, conteniendo la respiraci\u00f3n y not\u00f3 que efectivamente la rueda del molino giraba como a plena luz del d\u00eda. .<\/p>\n<p>Eso no fue todo: un sonido regular de pasos, humedecido por la fina capa de harina esparcida por el suelo, golpe\u00f3 su o\u00eddo; alguien subi\u00f3 y entr\u00f3 en el apartamento, entonces ces\u00f3 todo el ruido\u2026. \u00a1Brrr! El molinero tembloroso escondi\u00f3 la cabeza bajo las s\u00e1banas. Pero los mismos pasos resonaron nuevamente y el visitante desconocido sali\u00f3.<\/p>\n<p><\/p>\n<p>El molinero recuper\u00f3 el valor; levantarse, rebuscar en todos los rincones, escudri\u00f1ar todos los refugios era cuesti\u00f3n de un instante; pero todas las b\u00fasquedas fueron en vano. \u00bbLa noche siguiente, antes de acostarse, el molinero cerr\u00f3 todas las puertas con barricadas, at\u00f3 firmemente la ronda de la piedra de molino y se asegur\u00f3 de que no hubiera nadie en casa. Pero a medianoche la torre comenz\u00f3 a moverse, como impulsada por una fuerza muy fuerte, y el sonido de pasos rompi\u00f3 de nuevo el silencio de la noche.<\/p>\n<p>Lenta pero pesadamente los pasos se acercaron al molinero, en la habitaci\u00f3n, muy cerca de su cama. Con la garganta apretada, sin atreverse a respirar, el pobre chico se acurruc\u00f3 contra la pared y no recuper\u00f3 la confianza hasta que los pasos se perdieron en la escalera.<\/p>\n<p><\/p>\n<p>Lo mismo sucedi\u00f3 tres, cuatro, cinco veces, hasta que por fin el bravo molinero resolvi\u00f3 aclarar el asunto: se arm\u00f3 de valor y, una noche, apenas se oyeron las pisadas, encendi\u00f3 los faroles y salt\u00f3 fuera de casa. cama: una r\u00e1faga de viento apag\u00f3 la luz y sumergi\u00f3 la habitaci\u00f3n en la oscuridad, luego el molinero escuch\u00f3 un profundo suspiro que lo paraliz\u00f3 de miedo y los pasos se alejaron. Nuestro hombre se puso blanco como la harina y no pudo dormir hasta que cant\u00f3 el gallo.<\/p>\n<p>Era hora de levantarse y baj\u00f3 al molino, su mente atormentada por fantasmas, sospechando de su sombra y sus propios pasos. Sin embargo, hubo que intentar una segunda prueba; cuando lleg\u00f3 la noche, encendi\u00f3 una linterna herm\u00e9tica y cerrada y, en cuanto oy\u00f3 un ruido, se precipit\u00f3 hacia la puerta: un p\u00e1jaro blanco vol\u00f3 por la habitaci\u00f3n y desapareci\u00f3 inmediatamente.<\/p>\n<p><\/p>\n<p>El molinero at\u00f3nito fue a contarle los detalles de su aventura al cura del pueblo, quien le recomend\u00f3 recitar un pater noster al escuchar un ruido y cuestionar el alma que le perturbaba el sue\u00f1o. Y, de hecho, el molinero prest\u00f3 atenci\u00f3n a esta recomendaci\u00f3n y, tan pronto como escuch\u00f3 el sonido de pasos, grit\u00f3:<\/p>\n<p><\/p>\n<p>- &quot;Anima de Deu, en b\u00e9 o en mal, digas que vols&quot;. (Alma de Dios, para bien o para mal, dime lo que quieres.) Entonces escuch\u00f3 una voz que dec\u00eda con tristeza:<\/p>\n<p><\/p>\n<p>- &quot;Soy tu padre que no tiene descanso por las deudas que contraje durante mi vida. Pagarles y decir misa por la salvaci\u00f3n y el descanso de mi alma. &quot;<\/p>\n<p><\/p>\n<p>Y el Alma desapareci\u00f3. El molinero cumpli\u00f3 esta orden y nunca, jam\u00e1s, escuch\u00f3 el ruido de la muela, ni los pasos, ni los suspiros que lo asustaban.<\/p>\n<p><\/p>\t\t\t\t\t\t\t\t<\/div>\n\t\t\t\t<\/div>\n\t\t\t\t\t<\/div>\n\t\t<\/div>\n\t\t\t\t\t<\/div>\n\t\t<\/section>\n\t\t\t\t<\/div>","protected":false},"excerpt":{"rendered":"<p>Wiki Mitolog\u00eda Ib\u00e9rica Esta es la historia de las almas inquietas. \u00c9rase una vez un valiente molinero rubio trigo, pues... <\/p>","protected":false},"author":1,"featured_media":0,"parent":2187,"menu_order":0,"comment_status":"closed","ping_status":"closed","template":"","meta":{"footnotes":""},"class_list":["post-2451","page","type-page","status-publish","hentry"],"amp_enabled":true,"_links":{"self":[{"href":"https:\/\/mythslegendes.com\/es\/wp-json\/wp\/v2\/pages\/2451","targetHints":{"allow":["GET"]}}],"collection":[{"href":"https:\/\/mythslegendes.com\/es\/wp-json\/wp\/v2\/pages"}],"about":[{"href":"https:\/\/mythslegendes.com\/es\/wp-json\/wp\/v2\/types\/page"}],"author":[{"embeddable":true,"href":"https:\/\/mythslegendes.com\/es\/wp-json\/wp\/v2\/users\/1"}],"replies":[{"embeddable":true,"href":"https:\/\/mythslegendes.com\/es\/wp-json\/wp\/v2\/comments?post=2451"}],"version-history":[{"count":1,"href":"https:\/\/mythslegendes.com\/es\/wp-json\/wp\/v2\/pages\/2451\/revisions"}],"predecessor-version":[{"id":24789,"href":"https:\/\/mythslegendes.com\/es\/wp-json\/wp\/v2\/pages\/2451\/revisions\/24789"}],"up":[{"embeddable":true,"href":"https:\/\/mythslegendes.com\/es\/wp-json\/wp\/v2\/pages\/2187"}],"wp:attachment":[{"href":"https:\/\/mythslegendes.com\/es\/wp-json\/wp\/v2\/media?parent=2451"}],"curies":[{"name":"wp","href":"https:\/\/api.w.org\/{rel}","templated":true}]}}