{"id":248,"date":"2019-10-17T15:10:37","date_gmt":"2019-10-17T14:10:37","guid":{"rendered":"https:\/\/mythslegendes.com\/?page_id=248"},"modified":"2022-12-03T22:06:50","modified_gmt":"2022-12-03T22:06:50","slug":"lesmorgans-de-lile-douessant","status":"publish","type":"page","link":"https:\/\/mythslegendes.com\/es\/mitologia-bretona\/lesmorgans-de-lile-douessant\/","title":{"rendered":"Los Morgan de la isla de Ouessant"},"content":{"rendered":"<div data-elementor-type=\"wp-page\" data-elementor-id=\"248\" class=\"elementor elementor-248\">\n\t\t\t\t\t\t<section class=\"elementor-section elementor-top-section elementor-element elementor-element-6b766ba elementor-section-boxed elementor-section-height-default elementor-section-height-default\" data-id=\"6b766ba\" data-element_type=\"section\" data-e-type=\"section\">\n\t\t\t\t\t\t<div class=\"elementor-container elementor-column-gap-default\">\n\t\t\t\t\t<div class=\"elementor-column elementor-col-50 elementor-top-column elementor-element elementor-element-07ba89e\" data-id=\"07ba89e\" data-element_type=\"column\" data-e-type=\"column\">\n\t\t\t<div class=\"elementor-widget-wrap elementor-element-populated\">\n\t\t\t\t\t\t<div class=\"elementor-element elementor-element-74eab69 elementor-align-justify elementor-widget elementor-widget-button\" data-id=\"74eab69\" data-element_type=\"widget\" data-e-type=\"widget\" data-widget_type=\"button.default\">\n\t\t\t\t<div class=\"elementor-widget-container\">\n\t\t\t\t\t\t\t\t\t<div class=\"elementor-button-wrapper\">\n\t\t\t\t\t<a class=\"elementor-button elementor-button-link elementor-size-sm\" href=\"https:\/\/mythslegendes.com\/es\/mitologia-bretona\/\">\n\t\t\t\t\t\t<span class=\"elementor-button-content-wrapper\">\n\t\t\t\t\t\t\t\t\t<span class=\"elementor-button-text\">Mitolog\u00eda bretona<\/span>\n\t\t\t\t\t<\/span>\n\t\t\t\t\t<\/a>\n\t\t\t\t<\/div>\n\t\t\t\t\t\t\t\t<\/div>\n\t\t\t\t<\/div>\n\t\t\t\t\t<\/div>\n\t\t<\/div>\n\t\t\t\t<div class=\"elementor-column elementor-col-50 elementor-top-column elementor-element elementor-element-c146576\" data-id=\"c146576\" data-element_type=\"column\" data-e-type=\"column\">\n\t\t\t<div class=\"elementor-widget-wrap elementor-element-populated\">\n\t\t\t\t\t\t<div class=\"elementor-element elementor-element-807dc14 elementor-align-justify elementor-widget elementor-widget-button\" data-id=\"807dc14\" data-element_type=\"widget\" data-e-type=\"widget\" data-widget_type=\"button.default\">\n\t\t\t\t<div class=\"elementor-widget-container\">\n\t\t\t\t\t\t\t\t\t<div class=\"elementor-button-wrapper\">\n\t\t\t\t\t<a class=\"elementor-button elementor-button-link elementor-size-sm\" href=\"https:\/\/fr.wikipedia.org\/wiki\/Mythologie_bretonne\" target=\"_blank\" rel=\"noopener\">\n\t\t\t\t\t\t<span class=\"elementor-button-content-wrapper\">\n\t\t\t\t\t\t\t\t\t<span class=\"elementor-button-text\">Wiki<\/span>\n\t\t\t\t\t<\/span>\n\t\t\t\t\t<\/a>\n\t\t\t\t<\/div>\n\t\t\t\t\t\t\t\t<\/div>\n\t\t\t\t<\/div>\n\t\t\t\t\t<\/div>\n\t\t<\/div>\n\t\t\t\t\t<\/div>\n\t\t<\/section>\n\t\t\t\t<section class=\"elementor-section elementor-top-section elementor-element elementor-element-64e1e45f elementor-section-boxed elementor-section-height-default elementor-section-height-default\" data-id=\"64e1e45f\" data-element_type=\"section\" data-e-type=\"section\">\n\t\t\t\t\t\t<div class=\"elementor-container elementor-column-gap-default\">\n\t\t\t\t\t<div class=\"elementor-column elementor-col-100 elementor-top-column elementor-element elementor-element-44fae5eb\" data-id=\"44fae5eb\" data-element_type=\"column\" data-e-type=\"column\">\n\t\t\t<div class=\"elementor-widget-wrap elementor-element-populated\">\n\t\t\t\t\t\t<div class=\"elementor-element elementor-element-61a34cb0 elementor-widget elementor-widget-text-editor\" data-id=\"61a34cb0\" data-element_type=\"widget\" data-e-type=\"widget\" data-widget_type=\"text-editor.default\">\n\t\t\t\t<div class=\"elementor-widget-container\">\n\t\t\t\t\t\t\t\t\t<p><\/p>\n<p class=\"has-text-align-justify\">Esta es la historia de los Morgan de la isla de Ouessant. Hab\u00eda una vez (hace mucho, mucho tiempo, quiz\u00e1s en la \u00e9poca en que San Pol vino del pa\u00eds de Hibernia a nuestra isla), hab\u00eda pues en Ouessant una hermosa joven de diecis\u00e9is a diez-siete a\u00f1os, cuyo nombre era Mona Kerbili.<\/p>\n<p><img decoding=\"async\" class=\"alignnone wp-image-5284 size-full\" src=\"https:\/\/mythslegendes.com\/wp-content\/uploads\/2020\/09\/AlphaOmega-e1602613368367.png\" alt=\"Morgans de la isla de Ouessant\" width=\"25\" height=\"26\" title=\"\"><\/p>\n<div id=\"ez-toc-container\" class=\"ez-toc-v2_0_82_2 counter-hierarchy ez-toc-counter ez-toc-grey ez-toc-container-direction\">\n<div class=\"ez-toc-title-container\">\n<p class=\"ez-toc-title\" style=\"cursor:inherit\">Contenido<\/p>\n<span class=\"ez-toc-title-toggle\"><a href=\"#\" class=\"ez-toc-pull-right ez-toc-btn ez-toc-btn-xs ez-toc-btn-default ez-toc-toggle\" aria-label=\"Alternar tabla de contenidos\"><span class=\"ez-toc-js-icon-con\"><span class=\"\"><span class=\"eztoc-hide\" style=\"display:none;\">Palanca<\/span><span class=\"ez-toc-icon-toggle-span\"><svg style=\"fill: #999;color:#999\" xmlns=\"http:\/\/www.w3.org\/2000\/svg\" class=\"list-377408\" width=\"20px\" height=\"20px\" viewbox=\"0 0 24 24\" fill=\"none\"><path d=\"M6 6H4v2h2V6zm14 0H8v2h12V6zM4 11h2v2H4v-2zm16 0H8v2h12v-2zM4 16h2v2H4v-2zm16 0H8v2h12v-2z\" fill=\"currentColor\"><\/path><\/svg><svg style=\"fill: #999;color:#999\" class=\"arrow-unsorted-368013\" xmlns=\"http:\/\/www.w3.org\/2000\/svg\" width=\"10px\" height=\"10px\" viewbox=\"0 0 24 24\" version=\"1.2\" baseprofile=\"tiny\"><path d=\"M18.2 9.3l-6.2-6.3-6.2 6.3c-.2.2-.3.4-.3.7s.1.5.3.7c.2.2.4.3.7.3h11c.3 0 .5-.1.7-.3.2-.2.3-.5.3-.7s-.1-.5-.3-.7zM5.8 14.7l6.2 6.3 6.2-6.3c.2-.2.3-.5.3-.7s-.1-.5-.3-.7c-.2-.2-.4-.3-.7-.3h-11c-.3 0-.5.1-.7.3-.2.2-.3.5-.3.7s.1.5.3.7z\"\/><\/svg><\/span><\/span><\/span><\/a><\/span><\/div>\n<nav><ul class='ez-toc-list ez-toc-list-level-1' ><li class='ez-toc-page-1 ez-toc-heading-level-2'><a class=\"ez-toc-link ez-toc-heading-1\" href=\"https:\/\/mythslegendes.com\/es\/mitologia-bretona\/lesmorgans-de-lile-douessant\/#Morgans-de-lile-dOuessant\" >Morgan de la isla de Ouessant<\/a><\/li><\/ul><\/nav><\/div>\n<h2><span class=\"ez-toc-section\" id=\"Morgans-de-lile-dOuessant\"><\/span>Morgan de la isla de Ouessant<span class=\"ez-toc-section-end\"><\/span><\/h2>\n<p class=\"has-text-align-justify\">Era tan linda que todos los que la ve\u00edan quedaban maravillados y le dec\u00edan a su madre:<br \/>&quot;\u00a1Tienes una ni\u00f1a muy hermosa all\u00ed, Jeanne!&quot; Es tan bonita como una Morgana, y nunca la hemos visto igual en la isla; es para hacer creer que tiene por padre a un Morgan.<br \/>\u2014No digas eso \u2014respondi\u00f3 la buena mujer\u2014, porque Dios sabe que su padre es Fach Kerbili, mi marinero, as\u00ed como yo soy su madre.\u00a0<\/p>\n<p><\/p>\n<p class=\"has-text-align-justify\">El padre de Mona era pescador y pasaba la mayor parte de su tiempo en el mar; su madre cultivaba una peque\u00f1a parcela de tierra que pose\u00eda junto a su vivienda, o hilaba lino, cuando hac\u00eda mal tiempo. Mona iba con las j\u00f3venes de su edad, a la orilla, a buscar br\u00ednicos (conchas de n\u00edspero), mejillones, almejas, bigornos y otros mariscos, que eran el alimento ordinario de la familia. Hay que creer que los Morgan, que entonces eran muy numerosos en la isla, se hab\u00edan fijado en ella y tambi\u00e9n quedaron impresionados por su belleza.<\/p>\n<p><\/p>\n<p class=\"has-text-align-justify\">Un d\u00eda que estaba, como siempre, en la playa, con sus acompa\u00f1antes, hablaban de sus amantes; cada uno se jactaba de su propia habilidad para pescar y para gobernar y dirigir su bote, entre los muchos arrecifes que rodean la isla.<\/p>\n<p class=\"has-text-align-justify\">\u2014Te equivocas, Mona \u2014dijo Marc&#039;harit ar Fur a la hija de Fanch Kerbili\u2014, al rechazar a Ervoan Kerdudal como lo haces; es un tipo bien parecido, no bebe, nunca se pelea con sus camaradas, y nadie sabe gobernar su barco mejor que \u00e9l en los dif\u00edciles pasos de la Vieille-mare y la Pointe du Stiff.<\/p>\n<p class=\"has-text-align-justify\">\u2013 Yo, respondi\u00f3 Mona con desd\u00e9n \u2013 porque a fuerza de que le dijeran que era bonita, se hab\u00eda vuelto vanidosa y orgullosa \u2013 Jam\u00e1s tomar\u00e9 a un pescador por marido. Soy tan bonita como una Morgana, y s\u00f3lo me casar\u00e9 con un pr\u00edncipe, o al menos con el hijo de un gran se\u00f1or, rico y poderoso, o incluso con una Morgana.\u00a0<\/p>\n<p><\/p>\n<p class=\"has-text-align-justify\">Parece que un viejo Morgan, que estaba escondido all\u00ed, detr\u00e1s de una roca o debajo de las algas, la escuch\u00f3 y, arroj\u00e1ndose sobre ella, la llev\u00f3 al fondo del agua. Sus compa\u00f1eros corrieron a contarle la aventura a su madre. Jeanne Kerbili estaba en el umbral de su puerta; tir\u00f3 la rueca y el huso y corri\u00f3 a la orilla. Llam\u00f3 en voz alta a su hija e incluso se meti\u00f3 en el agua, hasta donde pudo llegar, hasta donde Mona hab\u00eda desaparecido. Pero fue en vano, y ninguna voz respondi\u00f3 a sus l\u00e1grimas y gritos de desesperaci\u00f3n.<\/p>\n<p><\/p>\n<p class=\"has-text-align-justify\">La noticia de la desaparici\u00f3n de Mona se extendi\u00f3 r\u00e1pidamente por la isla y nadie se sorprendi\u00f3. \u201cMona, dec\u00edan, era hija de un Morgan, y fue su padre quien la secuestr\u00f3. \u00bb<\/p>\n<p><\/p>\n<p class=\"has-text-align-justify\">Su captor era el rey de los Morgan de estas partes, y hab\u00eda llevado al joven Ouessantine a su palacio, que era una maravilla de la que nada se acercaba a lo mejor de la tierra, en t\u00e9rminos de viviendas reales. El viejo Morgan tuvo un hijo, el m\u00e1s guapo de los hijos de los Morgan, y se enamor\u00f3 de Mona y le pidi\u00f3 a su padre que le permitiera casarse con ella.<\/p>\n<p class=\"has-text-align-justify\">Pero el rey, que tambi\u00e9n ten\u00eda las mismas intenciones con respecto a la joven, respondi\u00f3 que nunca consentir\u00eda en dejarla tomar por esposa una hija de los hombres de la tierra. No faltaba la hermosa Morganezed en su reino, que estar\u00eda feliz de tenerlo como esposo, y \u00e9l no negar\u00eda su consentimiento, cuando hubiera hecho su elecci\u00f3n.<\/p>\n<p><\/p>\n<p class=\"has-text-align-justify\">Aqu\u00ed est\u00e1 el joven Morgan desesperado. Le respondi\u00f3 a su padre que nunca se casar\u00eda, si no se le permit\u00eda casarse con la que amaba, Mona, la hija de la tierra. El viejo Morgan, vi\u00e9ndolo consumirse de tristeza y dolor, lo oblig\u00f3 a casarse con una Morgan\u00e8s, hija de uno de los grandes de su corte y que era famosa por su belleza. Se fij\u00f3 el d\u00eda de la boda y se invit\u00f3 a mucha gente.<\/p>\n<p class=\"has-text-align-justify\">Los novios partieron hacia la iglesia, seguidos de una magn\u00edfica y numerosa procesi\u00f3n; porque parece que estos hombres del mar tambi\u00e9n tienen su religi\u00f3n y sus iglesias bajo el agua, lo mismo que los dem\u00e1s que estamos en tierra, aunque no sean cristianos. Incluso tienen obispos, nos aseguran, y Goulven Penduff, un viejo marinero de nuestra isla, que naveg\u00f3 por todos los mares del mundo, me dijo que hab\u00eda visto m\u00e1s de uno.<\/p>\n<p><\/p>\n<p class=\"has-text-align-justify\">El viejo Morgan orden\u00f3 a la pobre Mona que se quedara en casa para preparar el banquete de bodas. Pero no le dieron lo que necesitaba para eso, absolutamente nada m\u00e1s que ollas y ollas vac\u00edas, que eran conchas marinas grandes, y todav\u00eda dicen que si no estaba todo listo y si ella no estaba acostumbrada a una excelente comida, cuando el cortejo nupcial regresaba de la iglesia, ser\u00edan ejecutados inmediatamente. \u00a1Juez de su verg\u00fcenza y de su dolor, la pobre muchacha!<\/p>\n<p class=\"has-text-align-justify\">El propio novio no estaba ni menos avergonzado ni menos arrepentido. Mientras la procesi\u00f3n marchaba hacia la iglesia, de repente exclam\u00f3:<br \/>- \u00a1Olvid\u00e9 el anillo de mi prometida!<br \/>&quot;Dile d\u00f3nde est\u00e1 y har\u00e9 que lo atrapen&quot;, le dijo su padre.<br \/>\u2013 No, no, voy yo mismo, porque nadie m\u00e1s que yo puede encontrarlo, donde lo puse. Voy all\u00ed y vuelvo en un momento.<\/p>\n<p><\/p>\n<p class=\"has-text-align-justify\">Y se fue, sin dejar que nadie lo acompa\u00f1ara. Fue directo a la cocina, donde la pobre Mona estaba llorando y desesperada.<br \/>\u201cConsu\u00e9late\u201d, le dijo, \u201ctu comida estar\u00e1 lista y cocinada a la perfecci\u00f3n; solo conf\u00eda en mi.<br \/>Y acerc\u00e1ndose al hogar, dijo: \u201c\u00a1Buen fuego en el hogar! Y el fuego se encendi\u00f3 e inmediatamente ardi\u00f3.<\/p>\n<p><\/p>\n<p class=\"has-text-align-justify\">Luego, tocando sucesivamente con la mano las ollas, sartenes, asadores y platos, dijo: &quot;Salm\u00f3n en esta olla, lenguado con ostras en esta otra, pato en un asador por aqu\u00ed, caballas fritas por all\u00e1, y selectos y mejores vinos&quot;. y licores, en aquellas ollas\u2026\u201d Y las ollas, las cacerolas, los platos y las ollas se llenaban por encantamiento de alimentos y licores, tan pronto como \u00e9l los tocaba de la mano. Mona no pudo superar su asombro al ver la comida lista, en un abrir y cerrar de ojos, y sin que ella le hubiera puesto la mano encima.<\/p>\n<p><\/p>\n<p class=\"has-text-align-justify\">El joven Morgan se reincorpor\u00f3 r\u00e1pidamente a la procesi\u00f3n y se dirigieron a la iglesia. La ceremonia fue celebrada por un obispo marino y luego regresaron al palacio. El viejo Morgan fue directo a la cocina y dirigi\u00e9ndose a Mona:<br \/>\u2013 Aqu\u00ed estamos de vuelta; \u00bfEst\u00e1 todo listo?<br \/>&quot;Todo est\u00e1 listo&quot;, respondi\u00f3 Mona en voz baja.<\/p>\n<p class=\"has-text-align-justify\">Sorprendido por esta respuesta, destap\u00f3 las ollas y sartenes, examin\u00f3 los platos y las ollas y dijo, con aire de disgusto:<br \/>\u2013 Ha sido ayudado; pero, no te tengo para dejar de fumar.\u00a0<\/p>\n<p><\/p>\n<p class=\"has-text-align-justify\">Nos sentamos a la mesa; comimos y bebimos abundantemente, luego el canto y el baile continuaron toda la noche.<\/p>\n<p class=\"has-text-align-justify\">Alrededor de la medianoche, los reci\u00e9n casados se retiraron a su c\u00e1mara nupcial bellamente ornamentada, y el viejo Morgan le dijo a Mona que fuera con ellos y se quedara all\u00ed, con una vela encendida en la mano. Cuando la vela se consumiera hasta su mano, se le dar\u00eda muerte.<\/p>\n<p class=\"has-text-align-justify\">La pobre Mona tuvo que obedecer. El viejo Morgan estaba en una habitaci\u00f3n contigua y de vez en cuando preguntaba:<br \/>&quot;\u00bfLa vela se quem\u00f3 hasta tu mano?&quot;<br \/>\u201cTodav\u00eda no\u201d, respondi\u00f3 Mona.<\/p>\n<p class=\"has-text-align-justify\">Repiti\u00f3 la pregunta varias veces. Finalmente, cuando la vela se hab\u00eda consumido casi por completo, el reci\u00e9n casado le dijo a su joven esposa:<br \/>\u201cToma la vela de las manos de Mona por un momento y sost\u00e9nla mientras ella enciende el fuego para nosotros.<\/p>\n<p class=\"has-text-align-justify\">La joven Morgan\u00e8s, que desconoc\u00eda las intenciones de su suegro, tom\u00f3 la vela.<br \/>El viejo Morgan repiti\u00f3 su pregunta al mismo tiempo:<br \/>&quot;\u00bfLa vela se quem\u00f3 hasta tu mano?&quot;<br \/>\u201cResponde que s\u00ed\u201d, dijo el joven Morgan.<br \/>&quot;S\u00ed&quot;, dijo Morganes.<\/p>\n<p><\/p>\n<p class=\"has-text-align-justify\">E inmediatamente el viejo Morgan entr\u00f3 en la habitaci\u00f3n, se arroj\u00f3 sobre la que sosten\u00eda la vela, sin mirarla, y le cort\u00f3 la cabeza de un golpe de espada; luego se fue.<br \/>Tan pronto como sali\u00f3 el sol, el reci\u00e9n casado fue tras su padre y le dijo:<\/p>\n<p class=\"has-text-align-justify\">\u201cVengo a pedirte permiso para casarte conmigo, padre m\u00edo.<br \/>&quot;\u00bfPermiso para casarme contigo?&quot; \u00bfNo te casaste ayer?<br \/>\u2013 S\u00ed, pero mi mujer est\u00e1 muerta, mi padre.<br \/>&quot;\u00a1Tu esposa est\u00e1 muerta!... \u00bfEntonces t\u00fa la mataste, infeliz?&quot;<br \/>\u201cNo, padre, t\u00fa mismo la mataste.<br \/>&quot;\u00bfMat\u00e9 a tu esposa?&quot;<\/p>\n<p class=\"has-text-align-justify\">\u201cS\u00ed, padre m\u00edo: anoche, \u00bfno derribaste la cabeza de la mujer que sosten\u00eda una vela encendida, cerca de mi cama?<br \/>\u2013 \u00bfS\u00ed, la hija de la Tierra?\u2026<br \/>\u2013 No, padre m\u00edo, era el joven Morgan\u00e8s con quien me acababa de casar para obedecerte, y yo ya soy viudo. Si no me crees, es f\u00e1cil que lo veas por ti mismo, su cuerpo todav\u00eda est\u00e1 en mi habitaci\u00f3n.<\/p>\n<p class=\"has-text-align-justify\">El viejo Morgan corri\u00f3 a la c\u00e1mara nupcial y supo su error. Su ira fue grande.<\/p>\n<p class=\"has-text-align-justify\">&quot;\u00bfA qui\u00e9n quieres tener como esposa?&quot; le pregunt\u00f3 a su hijo, cuando se hubo calmado un poco.<br \/>\u201cLa hija de la Tierra, mi padre.<\/p>\n<p class=\"has-text-align-justify\">No respondi\u00f3 y se fue. Sin embargo, unos d\u00edas despu\u00e9s, sin duda d\u00e1ndose cuenta de lo irrazonable que era hacerse pasar por el rival de su hijo ante la joven, le dio su consentimiento y el matrimonio se celebr\u00f3 con pompa y solemnidad.<\/p>\n<p class=\"has-text-align-justify\">El joven Morgan estaba lleno de atenciones y consideraci\u00f3n por su esposa. La aliment\u00f3 con delicados pececitos, que \u00e9l mismo atrap\u00f3, le hizo adornos de perlas finas y busc\u00f3 sus hermosas conchas doradas y nacaradas, y las plantas y flores marinas m\u00e1s hermosas y raras. A pesar de todo esto, Mona deseaba volver a la tierra, a su padre ya su madre, a su casita junto al mar.<\/p>\n<p class=\"has-text-align-justify\">Su esposo no quer\u00eda dejarla ir porque ten\u00eda miedo de que no regresara. Entonces cay\u00f3 en una gran tristeza, y s\u00f3lo lloraba d\u00eda y noche. El joven Morgan le dijo una vez:<\/p>\n<p class=\"has-text-align-justify\">\u201cSonr\u00edeme un poco, cari\u00f1o, y te llevar\u00e9 a la casa de tu padre.<br \/>Mona sonri\u00f3, y Morgan, que tambi\u00e9n era mago, dijo:<br \/>\u2013 Pontrail, lev\u00e1ntate.<br \/>E inmediatamente apareci\u00f3 un hermoso puente de cristal, para ir del fondo del mar a la tierra.<\/p>\n<p class=\"has-text-align-justify\">Al ver esto el viejo Morgan, sintiendo que su hijo sab\u00eda tanto de magia como \u00e9l, dijo:<\/p>\n<p class=\"has-text-align-justify\">\u2013 Yo tambi\u00e9n quiero ir contigo.<\/p>\n<p class=\"has-text-align-justify\">Los tres entraron en el puente, Mona al frente, su esposo detr\u00e1s de ella y el viejo Morgan unos pasos detr\u00e1s de ellos.<\/p>\n<p class=\"has-text-align-justify\">Tan pronto como los dos primeros desmontaron, el joven Morgan dijo:<br \/>\u2013 Pontrail, b\u00e1jate.<\/p>\n<p class=\"has-text-align-justify\">Y la cubierta volvi\u00f3 a hundirse en el fondo del mar, llev\u00e1ndose consigo al viejo Morgan.<br \/>El marido de Mona, al no poder acompa\u00f1arla a casa de sus padres, la dej\u00f3 ir sola, d\u00e1ndole estas recomendaciones:<br \/>\u2013 Vuelve al atardecer; aqu\u00ed me encontrar\u00e1s, esper\u00e1ndote; pero no te dejes besar, ni aun tomar de la mano por ning\u00fan hombre.<\/p>\n<p class=\"has-text-align-justify\">Mona prometi\u00f3 y corri\u00f3 a la casa de su padre. Era la hora de la cena y toda la peque\u00f1a familia estaba reunida.<\/p>\n<p class=\"has-text-align-justify\">\u2013 Hola, padre y madre; hola, hermanos y hermanas, dijo, entrando a toda prisa en la caba\u00f1a.<\/p>\n<p class=\"has-text-align-justify\">La buena gente la mir\u00f3 asombrada y nadie la reconoci\u00f3. \u00a1Era tan hermosa, tan alta y tan adornada! Esto le doli\u00f3, y las l\u00e1grimas asomaron a sus ojos. Luego comenz\u00f3 a caminar por la casa, tocando cada objeto con la mano, diciendo:<\/p>\n<p class=\"has-text-align-justify\">Aqu\u00ed est\u00e1 el guijarro de mar en el que me sent\u00e9, en el hogar; aqu\u00ed est\u00e1 la camita donde dorm\u00ed; aqu\u00ed est\u00e1 el cuenco de madera donde com\u00ed mi sopa; all\u00ed, detr\u00e1s de la puerta, veo la escoba con la que sol\u00eda barrer la casa, y aqu\u00ed, el c\u00e1ntaro con el que iba a sacar agua, en la fuente.<\/p>\n<p class=\"has-text-align-justify\">Al escuchar todo esto, sus padres terminaron reconoci\u00e9ndola y bes\u00e1ndola, llorando de alegr\u00eda, y aqu\u00ed est\u00e1n todos felices de estar juntos.<\/p>\n<p class=\"has-text-align-justify\">Su marido le hab\u00eda aconsejado a Mona que no se dejara besar por ning\u00fan hombre, y desde ese momento ella perdi\u00f3 por completo el recuerdo de su matrimonio y su estancia con los Morgan. Se qued\u00f3 con sus padres, y pronto no ech\u00f3 de menos a sus amantes. Pero ella apenas los escuch\u00f3 y no quer\u00eda casarse.<\/p>\n<p class=\"has-text-align-justify\">La familia ten\u00eda, como todos los habitantes de la isla, un peque\u00f1o rinc\u00f3n de tierra, donde met\u00edamos patatas, alguna verdura, un poco de cebada, y eso bastaba para mantenerlos, con el aporte diario sacado del mar, pescados y mariscos. . Hab\u00eda una era en frente de la casa, con una pila de paja de cebada.<\/p>\n<p class=\"has-text-align-justify\">A menudo, cuando Mona estaba en su cama por la noche, a trav\u00e9s del aullido del viento y el sonido sordo de las olas golpeando las rocas en la orilla, hab\u00eda cre\u00eddo o\u00edr gemidos y gemidos en la puerta de la vivienda; pero, convencida de que eran las pobres almas de los n\u00e1ufragos quienes ped\u00edan oraciones a los vivos olvidadizos, les recit\u00f3 algunos De Profundis, se compadeci\u00f3 de los marineros que estaban en el mar y luego se durmi\u00f3 tranquilamente.<\/p>\n<p class=\"has-text-align-justify\">Pero, una noche, escuch\u00f3 claramente estas palabras pronunciadas por una voz lastimera que aplasta el alma:<\/p>\n<p class=\"has-text-align-justify\">\u2013 0 Mona, \u00bfhas olvidado tan r\u00e1pido a tu esposo Morgan, que tanto te ama y que te salv\u00f3 de la muerte? Sin embargo, hab\u00edas prometido volver sin demora; y me haces esperar tanto, y me haces tan infeliz! \u00a1Ay! \u00a1Mona, Mona, ten piedad de m\u00ed y vuelve pronto!<\/p>\n<p class=\"has-text-align-justify\">Entonces Mona record\u00f3 todo. Se levant\u00f3, sali\u00f3 y encontr\u00f3 a su marido, el Morgan, quej\u00e1ndose y lament\u00e1ndose as\u00ed, junto a la puerta. Se arroj\u00f3 a sus brazos\u2026 y desde entonces no la hemos vuelto a ver.<\/p>\n<p><\/p>\t\t\t\t\t\t\t\t<\/div>\n\t\t\t\t<\/div>\n\t\t\t\t\t<\/div>\n\t\t<\/div>\n\t\t\t\t\t<\/div>\n\t\t<\/section>\n\t\t\t\t<\/div>","protected":false},"excerpt":{"rendered":"<p>Mythologie Bretonne Wiki Voici l&rsquo;histoire des Morgans de l&rsquo;\u00eele d&rsquo;Ouessant. Il y avait autrefois (il y a bien longtemps, bien &hellip; <\/p>","protected":false},"author":1,"featured_media":250,"parent":96,"menu_order":0,"comment_status":"closed","ping_status":"closed","template":"","meta":{"footnotes":""},"class_list":["post-248","page","type-page","status-publish","has-post-thumbnail","hentry"],"amp_enabled":true,"_links":{"self":[{"href":"https:\/\/mythslegendes.com\/es\/wp-json\/wp\/v2\/pages\/248","targetHints":{"allow":["GET"]}}],"collection":[{"href":"https:\/\/mythslegendes.com\/es\/wp-json\/wp\/v2\/pages"}],"about":[{"href":"https:\/\/mythslegendes.com\/es\/wp-json\/wp\/v2\/types\/page"}],"author":[{"embeddable":true,"href":"https:\/\/mythslegendes.com\/es\/wp-json\/wp\/v2\/users\/1"}],"replies":[{"embeddable":true,"href":"https:\/\/mythslegendes.com\/es\/wp-json\/wp\/v2\/comments?post=248"}],"version-history":[{"count":1,"href":"https:\/\/mythslegendes.com\/es\/wp-json\/wp\/v2\/pages\/248\/revisions"}],"predecessor-version":[{"id":24482,"href":"https:\/\/mythslegendes.com\/es\/wp-json\/wp\/v2\/pages\/248\/revisions\/24482"}],"up":[{"embeddable":true,"href":"https:\/\/mythslegendes.com\/es\/wp-json\/wp\/v2\/pages\/96"}],"wp:featuredmedia":[{"embeddable":true,"href":"https:\/\/mythslegendes.com\/es\/wp-json\/wp\/v2\/media\/250"}],"wp:attachment":[{"href":"https:\/\/mythslegendes.com\/es\/wp-json\/wp\/v2\/media?parent=248"}],"curies":[{"name":"wp","href":"https:\/\/api.w.org\/{rel}","templated":true}]}}