{"id":2497,"date":"2020-07-12T20:15:49","date_gmt":"2020-07-12T19:15:49","guid":{"rendered":"https:\/\/mythslegendes.com\/?page_id=2497"},"modified":"2022-12-03T22:07:09","modified_gmt":"2022-12-03T22:07:09","slug":"le-mendiant","status":"publish","type":"page","link":"https:\/\/mythslegendes.com\/es\/mitologia-iberica\/el-mendigo\/","title":{"rendered":"El mendigo"},"content":{"rendered":"<div data-elementor-type=\"wp-page\" data-elementor-id=\"2497\" class=\"elementor elementor-2497\">\n\t\t\t\t\t\t<section class=\"elementor-section elementor-top-section elementor-element elementor-element-47e6d29 elementor-section-boxed elementor-section-height-default elementor-section-height-default\" data-id=\"47e6d29\" data-element_type=\"section\" data-e-type=\"section\">\n\t\t\t\t\t\t<div class=\"elementor-container elementor-column-gap-default\">\n\t\t\t\t\t<div class=\"elementor-column elementor-col-50 elementor-top-column elementor-element elementor-element-5fbe19e\" data-id=\"5fbe19e\" data-element_type=\"column\" data-e-type=\"column\">\n\t\t\t<div class=\"elementor-widget-wrap elementor-element-populated\">\n\t\t\t\t\t\t<div class=\"elementor-element elementor-element-08c5581 elementor-align-justify elementor-widget elementor-widget-button\" data-id=\"08c5581\" data-element_type=\"widget\" data-e-type=\"widget\" data-widget_type=\"button.default\">\n\t\t\t\t<div class=\"elementor-widget-container\">\n\t\t\t\t\t\t\t\t\t<div class=\"elementor-button-wrapper\">\n\t\t\t\t\t<a class=\"elementor-button elementor-button-link elementor-size-sm\" href=\"https:\/\/mythslegendes.com\/es\/mitologia-iberica\/\">\n\t\t\t\t\t\t<span class=\"elementor-button-content-wrapper\">\n\t\t\t\t\t\t\t\t\t<span class=\"elementor-button-text\">Mitolog\u00eda ib\u00e9rica<\/span>\n\t\t\t\t\t<\/span>\n\t\t\t\t\t<\/a>\n\t\t\t\t<\/div>\n\t\t\t\t\t\t\t\t<\/div>\n\t\t\t\t<\/div>\n\t\t\t\t\t<\/div>\n\t\t<\/div>\n\t\t\t\t<div class=\"elementor-column elementor-col-50 elementor-top-column elementor-element elementor-element-f80e4d3\" data-id=\"f80e4d3\" data-element_type=\"column\" data-e-type=\"column\">\n\t\t\t<div class=\"elementor-widget-wrap elementor-element-populated\">\n\t\t\t\t\t\t<div class=\"elementor-element elementor-element-a4a6ead elementor-align-justify elementor-widget elementor-widget-button\" data-id=\"a4a6ead\" data-element_type=\"widget\" data-e-type=\"widget\" data-widget_type=\"button.default\">\n\t\t\t\t<div class=\"elementor-widget-container\">\n\t\t\t\t\t\t\t\t\t<div class=\"elementor-button-wrapper\">\n\t\t\t\t\t<a class=\"elementor-button elementor-button-link elementor-size-sm\" href=\"https:\/\/en.wikipedia.org\/wiki\/Spanish_mythology\" target=\"_blank\" rel=\"noopener\">\n\t\t\t\t\t\t<span class=\"elementor-button-content-wrapper\">\n\t\t\t\t\t\t\t\t\t<span class=\"elementor-button-text\">Wiki<\/span>\n\t\t\t\t\t<\/span>\n\t\t\t\t\t<\/a>\n\t\t\t\t<\/div>\n\t\t\t\t\t\t\t\t<\/div>\n\t\t\t\t<\/div>\n\t\t\t\t\t<\/div>\n\t\t<\/div>\n\t\t\t\t\t<\/div>\n\t\t<\/section>\n\t\t\t\t<section class=\"elementor-section elementor-top-section elementor-element elementor-element-35b26609 elementor-section-boxed elementor-section-height-default elementor-section-height-default\" data-id=\"35b26609\" data-element_type=\"section\" data-e-type=\"section\">\n\t\t\t\t\t\t<div class=\"elementor-container elementor-column-gap-default\">\n\t\t\t\t\t<div class=\"elementor-column elementor-col-100 elementor-top-column elementor-element elementor-element-47ffce60\" data-id=\"47ffce60\" data-element_type=\"column\" data-e-type=\"column\">\n\t\t\t<div class=\"elementor-widget-wrap elementor-element-populated\">\n\t\t\t\t\t\t<div class=\"elementor-element elementor-element-6d47f53a elementor-widget elementor-widget-text-editor\" data-id=\"6d47f53a\" data-element_type=\"widget\" data-e-type=\"widget\" data-widget_type=\"text-editor.default\">\n\t\t\t\t<div class=\"elementor-widget-container\">\n\t\t\t\t\t\t\t\t\t<p><\/p>\n<p>Est\u00e1 muy extendido por todas partes <a href=\"https:\/\/mythslegendes.com\/es\/\">leyenda<\/a> de Jes\u00fas disfrazado de mendigo, llamando a la puerta del primero que llega y castigando o premiando a un invitado, seg\u00fan sea mal o bien recibido por \u00e9l.<\/p>\n<p><img decoding=\"async\" class=\"alignnone wp-image-5284 size-full\" src=\"https:\/\/mythslegendes.com\/wp-content\/uploads\/2020\/09\/AlphaOmega-e1602613368367.png\" alt=\"El mendigo\" width=\"25\" height=\"26\" title=\"\"><\/p>\n<div id=\"ez-toc-container\" class=\"ez-toc-v2_0_82_2 counter-hierarchy ez-toc-counter ez-toc-grey ez-toc-container-direction\">\n<div class=\"ez-toc-title-container\">\n<p class=\"ez-toc-title\" style=\"cursor:inherit\">Contenido<\/p>\n<span class=\"ez-toc-title-toggle\"><a href=\"#\" class=\"ez-toc-pull-right ez-toc-btn ez-toc-btn-xs ez-toc-btn-default ez-toc-toggle\" aria-label=\"Alternar tabla de contenidos\"><span class=\"ez-toc-js-icon-con\"><span class=\"\"><span class=\"eztoc-hide\" style=\"display:none;\">Palanca<\/span><span class=\"ez-toc-icon-toggle-span\"><svg style=\"fill: #999;color:#999\" xmlns=\"http:\/\/www.w3.org\/2000\/svg\" class=\"list-377408\" width=\"20px\" height=\"20px\" viewbox=\"0 0 24 24\" fill=\"none\"><path d=\"M6 6H4v2h2V6zm14 0H8v2h12V6zM4 11h2v2H4v-2zm16 0H8v2h12v-2zM4 16h2v2H4v-2zm16 0H8v2h12v-2z\" fill=\"currentColor\"><\/path><\/svg><svg style=\"fill: #999;color:#999\" class=\"arrow-unsorted-368013\" xmlns=\"http:\/\/www.w3.org\/2000\/svg\" width=\"10px\" height=\"10px\" viewbox=\"0 0 24 24\" version=\"1.2\" baseprofile=\"tiny\"><path d=\"M18.2 9.3l-6.2-6.3-6.2 6.3c-.2.2-.3.4-.3.7s.1.5.3.7c.2.2.4.3.7.3h11c.3 0 .5-.1.7-.3.2-.2.3-.5.3-.7s-.1-.5-.3-.7zM5.8 14.7l6.2 6.3 6.2-6.3c.2-.2.3-.5.3-.7s-.1-.5-.3-.7c-.2-.2-.4-.3-.7-.3h-11c-.3 0-.5.1-.7.3-.2.2-.3.5-.3.7s.1.5.3.7z\"\/><\/svg><\/span><\/span><\/span><\/a><\/span><\/div>\n<nav><ul class='ez-toc-list ez-toc-list-level-1' ><li class='ez-toc-page-1 ez-toc-heading-level-2'><a class=\"ez-toc-link ez-toc-heading-1\" href=\"https:\/\/mythslegendes.com\/es\/mitologia-iberica\/el-mendigo\/#Le-mendiant\" >El mendigo<\/a><\/li><\/ul><\/nav><\/div>\n<h2><span class=\"ez-toc-section\" id=\"Le-mendiant\"><\/span>El mendigo<span class=\"ez-toc-section-end\"><\/span><\/h2>\n<p><\/p>\n<p>Jacinto Verdaguer dice que en Barbazan, en el <a href=\"https:\/\/mythslegendes.com\/es\/mitologia-iberica\/\">Catalu\u00f1a<\/a>, un mendigo lleg\u00f3 durante una noche tormentosa y, yendo de puerta en puerta, busc\u00f3 un hospedaje para pasar la noche al abrigo del viento y la lluvia; por todas partes lo empujaban y empezaba a creer que no encontrar\u00eda ni una sola alma compasiva, cuando llamando a la \u00faltima puerta del pueblo, fue recibido por dos bravos campesinos que le dieron de comer y le prepararon un buen fuego.<\/p>\n<p><\/p>\n<p>El mendigo no era otro que Jes\u00fas. Destruy\u00f3 la aldea inh\u00f3spita, respetando la \u00fanica casa donde hab\u00eda recibido una buena acogida. Un lago ocupa hoy el lugar del pueblo de Barbazan (recuerdo de la triste aventura de Sodoma y Gomorra). En Rosell\u00f3n contamos muchas <a href=\"https:\/\/mythslegendes.com\/es\/\">leyendas<\/a> De este genero.<\/p>\n<p><\/p>\n<p>Por ejemplo, este.<\/p>\n<p><\/p>\n<p>Un pobre desgraciado iba un d\u00eda por el campo buscando refugio del mal tiempo. Iba andando, andaba todav\u00eda, cuando lleg\u00f3 a un pueblo: bastante avergonzado llam\u00f3 a la puerta de una casa rica. La se\u00f1ora de la casa era una ama de casa malvada; ella hubiera despedido al pobre hombre si no hubiera sido por la intervenci\u00f3n del marido, quien siendo m\u00e1s compasivo, lo hizo tender sobre un mont\u00f3n de paja, debajo de las escaleras, en la perrera.<\/p>\n<p><\/p>\n<p>Pero la se\u00f1ora fue presa durante la noche de violentos dolores en el est\u00f3mago y nos vimos obligados a ir a buscar al mejor m\u00e9dico del pueblo; Mientras la atend\u00edan, su esposo fue a preguntar por el mendigo, lo llev\u00f3 al fuego y le cont\u00f3 la enfermedad de su esposa. El mendigo entonces dio tres patadas, diciendo: &quot;Dolor de est\u00f3mago, m\u00e9tete en la tierra, es Nuestro Se\u00f1or quien lo ordena&quot;. Inmediatamente el paciente se cur\u00f3.<\/p>\n<p>El anfitri\u00f3n se postr\u00f3 a los pies del mendigo, que no era otro que Nuestro Se\u00f1or en persona, y le agradeci\u00f3 este milagro. Pero Nuestro Se\u00f1or lo levant\u00f3 y le dijo que este milagro deber\u00eda ense\u00f1ar a su esposa a tener piedad de los pobres que piden caridad.<\/p>\n<p><\/p>\t\t\t\t\t\t\t\t<\/div>\n\t\t\t\t<\/div>\n\t\t\t\t\t<\/div>\n\t\t<\/div>\n\t\t\t\t\t<\/div>\n\t\t<\/section>\n\t\t\t\t<\/div>","protected":false},"excerpt":{"rendered":"<p>Mythologie Ib\u00e9rique Wiki Elle est partout r\u00e9pandue la l\u00e9gende de J\u00e9sus d\u00e9guis\u00e9 en mendiant, frappant \u00e0 la porte du premier &hellip; <\/p>","protected":false},"author":1,"featured_media":0,"parent":2187,"menu_order":0,"comment_status":"closed","ping_status":"closed","template":"","meta":{"footnotes":""},"class_list":["post-2497","page","type-page","status-publish","hentry"],"amp_enabled":true,"_links":{"self":[{"href":"https:\/\/mythslegendes.com\/es\/wp-json\/wp\/v2\/pages\/2497","targetHints":{"allow":["GET"]}}],"collection":[{"href":"https:\/\/mythslegendes.com\/es\/wp-json\/wp\/v2\/pages"}],"about":[{"href":"https:\/\/mythslegendes.com\/es\/wp-json\/wp\/v2\/types\/page"}],"author":[{"embeddable":true,"href":"https:\/\/mythslegendes.com\/es\/wp-json\/wp\/v2\/users\/1"}],"replies":[{"embeddable":true,"href":"https:\/\/mythslegendes.com\/es\/wp-json\/wp\/v2\/comments?post=2497"}],"version-history":[{"count":1,"href":"https:\/\/mythslegendes.com\/es\/wp-json\/wp\/v2\/pages\/2497\/revisions"}],"predecessor-version":[{"id":24791,"href":"https:\/\/mythslegendes.com\/es\/wp-json\/wp\/v2\/pages\/2497\/revisions\/24791"}],"up":[{"embeddable":true,"href":"https:\/\/mythslegendes.com\/es\/wp-json\/wp\/v2\/pages\/2187"}],"wp:attachment":[{"href":"https:\/\/mythslegendes.com\/es\/wp-json\/wp\/v2\/media?parent=2497"}],"curies":[{"name":"wp","href":"https:\/\/api.w.org\/{rel}","templated":true}]}}