{"id":2503,"date":"2020-07-12T20:19:36","date_gmt":"2020-07-12T19:19:36","guid":{"rendered":"https:\/\/mythslegendes.com\/?page_id=2503"},"modified":"2022-12-03T22:07:09","modified_gmt":"2022-12-03T22:07:09","slug":"le-pape-saint-lin","status":"publish","type":"page","link":"https:\/\/mythslegendes.com\/es\/mitologia-iberica\/papa-saint-lin\/","title":{"rendered":"Papa San Lin"},"content":{"rendered":"<div data-elementor-type=\"wp-page\" data-elementor-id=\"2503\" class=\"elementor elementor-2503\">\n\t\t\t\t\t\t<section class=\"elementor-section elementor-top-section elementor-element elementor-element-8b6f11b elementor-section-boxed elementor-section-height-default elementor-section-height-default\" data-id=\"8b6f11b\" data-element_type=\"section\" data-e-type=\"section\">\n\t\t\t\t\t\t<div class=\"elementor-container elementor-column-gap-default\">\n\t\t\t\t\t<div class=\"elementor-column elementor-col-50 elementor-top-column elementor-element elementor-element-2739f20\" data-id=\"2739f20\" data-element_type=\"column\" data-e-type=\"column\">\n\t\t\t<div class=\"elementor-widget-wrap elementor-element-populated\">\n\t\t\t\t\t\t<div class=\"elementor-element elementor-element-7f24840 elementor-align-justify elementor-widget elementor-widget-button\" data-id=\"7f24840\" data-element_type=\"widget\" data-e-type=\"widget\" data-widget_type=\"button.default\">\n\t\t\t\t<div class=\"elementor-widget-container\">\n\t\t\t\t\t\t\t\t\t<div class=\"elementor-button-wrapper\">\n\t\t\t\t\t<a class=\"elementor-button elementor-button-link elementor-size-sm\" href=\"https:\/\/mythslegendes.com\/es\/mitologia-iberica\/\">\n\t\t\t\t\t\t<span class=\"elementor-button-content-wrapper\">\n\t\t\t\t\t\t\t\t\t<span class=\"elementor-button-text\">Mitolog\u00eda ib\u00e9rica<\/span>\n\t\t\t\t\t<\/span>\n\t\t\t\t\t<\/a>\n\t\t\t\t<\/div>\n\t\t\t\t\t\t\t\t<\/div>\n\t\t\t\t<\/div>\n\t\t\t\t\t<\/div>\n\t\t<\/div>\n\t\t\t\t<div class=\"elementor-column elementor-col-50 elementor-top-column elementor-element elementor-element-863a825\" data-id=\"863a825\" data-element_type=\"column\" data-e-type=\"column\">\n\t\t\t<div class=\"elementor-widget-wrap elementor-element-populated\">\n\t\t\t\t\t\t<div class=\"elementor-element elementor-element-622ca98 elementor-align-justify elementor-widget elementor-widget-button\" data-id=\"622ca98\" data-element_type=\"widget\" data-e-type=\"widget\" data-widget_type=\"button.default\">\n\t\t\t\t<div class=\"elementor-widget-container\">\n\t\t\t\t\t\t\t\t\t<div class=\"elementor-button-wrapper\">\n\t\t\t\t\t<a class=\"elementor-button elementor-button-link elementor-size-sm\" href=\"https:\/\/en.wikipedia.org\/wiki\/Spanish_mythology\" target=\"_blank\" rel=\"noopener\">\n\t\t\t\t\t\t<span class=\"elementor-button-content-wrapper\">\n\t\t\t\t\t\t\t\t\t<span class=\"elementor-button-text\">Wiki<\/span>\n\t\t\t\t\t<\/span>\n\t\t\t\t\t<\/a>\n\t\t\t\t<\/div>\n\t\t\t\t\t\t\t\t<\/div>\n\t\t\t\t<\/div>\n\t\t\t\t\t<\/div>\n\t\t<\/div>\n\t\t\t\t\t<\/div>\n\t\t<\/section>\n\t\t\t\t<section class=\"elementor-section elementor-top-section elementor-element elementor-element-2e84a63a elementor-section-boxed elementor-section-height-default elementor-section-height-default\" data-id=\"2e84a63a\" data-element_type=\"section\" data-e-type=\"section\">\n\t\t\t\t\t\t<div class=\"elementor-container elementor-column-gap-default\">\n\t\t\t\t\t<div class=\"elementor-column elementor-col-100 elementor-top-column elementor-element elementor-element-7f781ebe\" data-id=\"7f781ebe\" data-element_type=\"column\" data-e-type=\"column\">\n\t\t\t<div class=\"elementor-widget-wrap elementor-element-populated\">\n\t\t\t\t\t\t<div class=\"elementor-element elementor-element-72edd185 elementor-widget elementor-widget-text-editor\" data-id=\"72edd185\" data-element_type=\"widget\" data-e-type=\"widget\" data-widget_type=\"text-editor.default\">\n\t\t\t\t<div class=\"elementor-widget-container\">\n\t\t\t\t\t\t\t\t\t<p><\/p>\n<p>San Lin fue el segundo Papa de la historia. Viv\u00eda en el caser\u00edo de Cabrils, actualmente anexo a Talau, parroquia de Ayguatebia. Un d\u00eda, cuando estaba arando, llegaron embajadores de Roma para anunciarle que estaba designado para ser el sucesor del pont\u00edfice reinante, que estaba gravemente enfermo. - \u201cNo creer\u00e9 en tu misi\u00f3n, dice San Lin, hasta que este espol\u00f3n est\u00e9 cubierto de flores y frutos. Instant\u00e1neamente el aguij\u00f3n se cubri\u00f3 de flores y frutos.<\/p>\n<p><img decoding=\"async\" class=\"alignnone wp-image-5284 size-full\" src=\"https:\/\/mythslegendes.com\/wp-content\/uploads\/2020\/09\/AlphaOmega-e1602613368367.png\" alt=\"Papa San Lin\" width=\"25\" height=\"26\" title=\"\"><\/p>\n<div id=\"ez-toc-container\" class=\"ez-toc-v2_0_82_2 counter-hierarchy ez-toc-counter ez-toc-grey ez-toc-container-direction\">\n<div class=\"ez-toc-title-container\">\n<p class=\"ez-toc-title\" style=\"cursor:inherit\">Contenido<\/p>\n<span class=\"ez-toc-title-toggle\"><a href=\"#\" class=\"ez-toc-pull-right ez-toc-btn ez-toc-btn-xs ez-toc-btn-default ez-toc-toggle\" aria-label=\"Alternar tabla de contenidos\"><span class=\"ez-toc-js-icon-con\"><span class=\"\"><span class=\"eztoc-hide\" style=\"display:none;\">Palanca<\/span><span class=\"ez-toc-icon-toggle-span\"><svg style=\"fill: #999;color:#999\" xmlns=\"http:\/\/www.w3.org\/2000\/svg\" class=\"list-377408\" width=\"20px\" height=\"20px\" viewbox=\"0 0 24 24\" fill=\"none\"><path d=\"M6 6H4v2h2V6zm14 0H8v2h12V6zM4 11h2v2H4v-2zm16 0H8v2h12v-2zM4 16h2v2H4v-2zm16 0H8v2h12v-2z\" fill=\"currentColor\"><\/path><\/svg><svg style=\"fill: #999;color:#999\" class=\"arrow-unsorted-368013\" xmlns=\"http:\/\/www.w3.org\/2000\/svg\" width=\"10px\" height=\"10px\" viewbox=\"0 0 24 24\" version=\"1.2\" baseprofile=\"tiny\"><path d=\"M18.2 9.3l-6.2-6.3-6.2 6.3c-.2.2-.3.4-.3.7s.1.5.3.7c.2.2.4.3.7.3h11c.3 0 .5-.1.7-.3.2-.2.3-.5.3-.7s-.1-.5-.3-.7zM5.8 14.7l6.2 6.3 6.2-6.3c.2-.2.3-.5.3-.7s-.1-.5-.3-.7c-.2-.2-.4-.3-.7-.3h-11c-.3 0-.5.1-.7.3-.2.2-.3.5-.3.7s.1.5.3.7z\"\/><\/svg><\/span><\/span><\/span><\/a><\/span><\/div>\n<nav><ul class='ez-toc-list ez-toc-list-level-1' ><li class='ez-toc-page-1 ez-toc-heading-level-2'><a class=\"ez-toc-link ez-toc-heading-1\" href=\"https:\/\/mythslegendes.com\/es\/mitologia-iberica\/papa-saint-lin\/#Saint-Lin\" >San Lin<\/a><\/li><\/ul><\/nav><\/div>\n<h2><span class=\"ez-toc-section\" id=\"Saint-Lin\"><\/span>San Lin<span class=\"ez-toc-section-end\"><\/span><\/h2>\n<p><\/p>\n<p>\u00c9l continu\u00f3. \u201cSolo creer\u00e9 en tu misi\u00f3n si salgo del lugar y toco un manantial de agua clara, viva y fresca. Instant\u00e1neamente brot\u00f3 el manantial. Convencido esta vez, llev\u00f3 sus bueyes a la finca, se despidi\u00f3 de su madre (que viv\u00eda en Marcevol) y sigui\u00f3 a los embajadores romanos.<\/p>\n<p><\/p>\n<p>De hecho, fue elegido Papa. Su madre vino a Roma a verlo. Como os pod\u00e9is imaginar, iba vestida como las campesinas de Conflent, corpi\u00f1o de terciopelo negro, falda de lana basta, cofia <a href=\"https:\/\/mythslegendes.com\/es\/mitologia-iberica\/\">catal\u00e1n<\/a>, zapato grueso. Los cortesanos le hicieron ponerse un soberbio traje, a la manera de las damas romanas. Lin recibi\u00f3 a su madre y dijo: \u201cNo reconozco a esta mujer; quit\u00e9mosle esta vanidad que le sienta tan mal. As\u00ed se hizo, y unos instantes despu\u00e9s el Papa estaba en los brazos de su madre, a quien bes\u00f3 cari\u00f1osamente.<\/p>\n<p><\/p>\n<p>Para ser un poco m\u00e1s coherente con la historia, cabe se\u00f1alar que San Lin, el segundo Papa, fue el sucesor de San Pedro, durante la I<sup>er<\/sup> siglo. Un tiempo durante el cual, por supuesto, el cristianismo no hab\u00eda llegado a Ayguatebia. (Tomar\u00e1 8 siglos llegar all\u00ed) Adem\u00e1s, todav\u00eda no exist\u00eda ning\u00fan pueblo catal\u00e1n. Este <a href=\"https:\/\/mythslegendes.com\/es\/\">leyenda<\/a> es una amalgama con una historia real: Ayguatebia es la cuna de San Ermengol, a quien se invoca contra la sequ\u00eda. Este ilustre personaje, que vivi\u00f3 durante el siglo X, fue obispo de Urgell.<\/p>\n<p><\/p>\t\t\t\t\t\t\t\t<\/div>\n\t\t\t\t<\/div>\n\t\t\t\t\t<\/div>\n\t\t<\/div>\n\t\t\t\t\t<\/div>\n\t\t<\/section>\n\t\t\t\t<\/div>","protected":false},"excerpt":{"rendered":"<p>Mythologie Ib\u00e9rique Wiki Saint Lin fut le deuxi\u00e8me pape de l&rsquo;histoire. Il habitait la m\u00e9tairie de Cabrils, actuellement annexe de &hellip; <\/p>","protected":false},"author":1,"featured_media":0,"parent":2187,"menu_order":0,"comment_status":"closed","ping_status":"closed","template":"","meta":{"footnotes":""},"class_list":["post-2503","page","type-page","status-publish","hentry"],"amp_enabled":true,"_links":{"self":[{"href":"https:\/\/mythslegendes.com\/es\/wp-json\/wp\/v2\/pages\/2503","targetHints":{"allow":["GET"]}}],"collection":[{"href":"https:\/\/mythslegendes.com\/es\/wp-json\/wp\/v2\/pages"}],"about":[{"href":"https:\/\/mythslegendes.com\/es\/wp-json\/wp\/v2\/types\/page"}],"author":[{"embeddable":true,"href":"https:\/\/mythslegendes.com\/es\/wp-json\/wp\/v2\/users\/1"}],"replies":[{"embeddable":true,"href":"https:\/\/mythslegendes.com\/es\/wp-json\/wp\/v2\/comments?post=2503"}],"version-history":[{"count":1,"href":"https:\/\/mythslegendes.com\/es\/wp-json\/wp\/v2\/pages\/2503\/revisions"}],"predecessor-version":[{"id":24793,"href":"https:\/\/mythslegendes.com\/es\/wp-json\/wp\/v2\/pages\/2503\/revisions\/24793"}],"up":[{"embeddable":true,"href":"https:\/\/mythslegendes.com\/es\/wp-json\/wp\/v2\/pages\/2187"}],"wp:attachment":[{"href":"https:\/\/mythslegendes.com\/es\/wp-json\/wp\/v2\/media?parent=2503"}],"curies":[{"name":"wp","href":"https:\/\/api.w.org\/{rel}","templated":true}]}}