{"id":2510,"date":"2020-07-12T20:23:17","date_gmt":"2020-07-12T19:23:17","guid":{"rendered":"https:\/\/mythslegendes.com\/?page_id=2510"},"modified":"2022-12-03T22:07:09","modified_gmt":"2022-12-03T22:07:09","slug":"le-tresor-des-republicains","status":"publish","type":"page","link":"https:\/\/mythslegendes.com\/es\/mitologia-iberica\/le-tresor-des-republicains\/","title":{"rendered":"El tesoro de los republicanos"},"content":{"rendered":"<div data-elementor-type=\"wp-page\" data-elementor-id=\"2510\" class=\"elementor elementor-2510\">\n\t\t\t\t\t\t<section class=\"elementor-section elementor-top-section elementor-element elementor-element-527978d elementor-section-boxed elementor-section-height-default elementor-section-height-default\" data-id=\"527978d\" data-element_type=\"section\" data-e-type=\"section\">\n\t\t\t\t\t\t<div class=\"elementor-container elementor-column-gap-default\">\n\t\t\t\t\t<div class=\"elementor-column elementor-col-50 elementor-top-column elementor-element elementor-element-9e9f693\" data-id=\"9e9f693\" data-element_type=\"column\" data-e-type=\"column\">\n\t\t\t<div class=\"elementor-widget-wrap elementor-element-populated\">\n\t\t\t\t\t\t<div class=\"elementor-element elementor-element-41108b6 elementor-align-justify elementor-widget elementor-widget-button\" data-id=\"41108b6\" data-element_type=\"widget\" data-e-type=\"widget\" data-widget_type=\"button.default\">\n\t\t\t\t<div class=\"elementor-widget-container\">\n\t\t\t\t\t\t\t\t\t<div class=\"elementor-button-wrapper\">\n\t\t\t\t\t<a class=\"elementor-button elementor-button-link elementor-size-sm\" href=\"https:\/\/mythslegendes.com\/es\/mitologia-iberica\/\">\n\t\t\t\t\t\t<span class=\"elementor-button-content-wrapper\">\n\t\t\t\t\t\t\t\t\t<span class=\"elementor-button-text\">Mitolog\u00eda ib\u00e9rica<\/span>\n\t\t\t\t\t<\/span>\n\t\t\t\t\t<\/a>\n\t\t\t\t<\/div>\n\t\t\t\t\t\t\t\t<\/div>\n\t\t\t\t<\/div>\n\t\t\t\t\t<\/div>\n\t\t<\/div>\n\t\t\t\t<div class=\"elementor-column elementor-col-50 elementor-top-column elementor-element elementor-element-6990d9e\" data-id=\"6990d9e\" data-element_type=\"column\" data-e-type=\"column\">\n\t\t\t<div class=\"elementor-widget-wrap elementor-element-populated\">\n\t\t\t\t\t\t<div class=\"elementor-element elementor-element-ff2a725 elementor-align-justify elementor-widget elementor-widget-button\" data-id=\"ff2a725\" data-element_type=\"widget\" data-e-type=\"widget\" data-widget_type=\"button.default\">\n\t\t\t\t<div class=\"elementor-widget-container\">\n\t\t\t\t\t\t\t\t\t<div class=\"elementor-button-wrapper\">\n\t\t\t\t\t<a class=\"elementor-button elementor-button-link elementor-size-sm\" href=\"https:\/\/en.wikipedia.org\/wiki\/Spanish_mythology\" target=\"_blank\" rel=\"noopener\">\n\t\t\t\t\t\t<span class=\"elementor-button-content-wrapper\">\n\t\t\t\t\t\t\t\t\t<span class=\"elementor-button-text\">Wiki<\/span>\n\t\t\t\t\t<\/span>\n\t\t\t\t\t<\/a>\n\t\t\t\t<\/div>\n\t\t\t\t\t\t\t\t<\/div>\n\t\t\t\t<\/div>\n\t\t\t\t\t<\/div>\n\t\t<\/div>\n\t\t\t\t\t<\/div>\n\t\t<\/section>\n\t\t\t\t<section class=\"elementor-section elementor-top-section elementor-element elementor-element-5a3c9d0 elementor-section-boxed elementor-section-height-default elementor-section-height-default\" data-id=\"5a3c9d0\" data-element_type=\"section\" data-e-type=\"section\">\n\t\t\t\t\t\t<div class=\"elementor-container elementor-column-gap-default\">\n\t\t\t\t\t<div class=\"elementor-column elementor-col-100 elementor-top-column elementor-element elementor-element-2eea87fd\" data-id=\"2eea87fd\" data-element_type=\"column\" data-e-type=\"column\">\n\t\t\t<div class=\"elementor-widget-wrap elementor-element-populated\">\n\t\t\t\t\t\t<div class=\"elementor-element elementor-element-bc86f8d elementor-widget elementor-widget-text-editor\" data-id=\"bc86f8d\" data-element_type=\"widget\" data-e-type=\"widget\" data-widget_type=\"text-editor.default\">\n\t\t\t\t<div class=\"elementor-widget-container\">\n\t\t\t\t\t\t\t\t\t<p><\/p>\n<p>C&rsquo;est une bien \u00e9trange <a href=\"https:\/\/mythslegendes.com\/es\/\">leyenda<\/a> qui se transmet dans la r\u00e9gion. Elle a pour cadre la retirada, l&rsquo;afflux de r\u00e9publicains espagnols dans le d\u00e9partement, ceux-ci fuyant le r\u00e9gime dictatorial de Franco. Nous sommes en 1939, \u00e0 La Vajol, petit village sur le versant Nord des Alb\u00e8res, en <a href=\"https:\/\/mythslegendes.com\/es\/mitologia-iberica\/\">Espa\u00f1a<\/a>. Voici le tr\u00e9sor des R\u00e9publicains.<\/p>\n<p><img decoding=\"async\" class=\"alignnone wp-image-5284 size-full\" src=\"https:\/\/mythslegendes.com\/wp-content\/uploads\/2020\/09\/AlphaOmega-e1602613368367.png\" alt=\"le tr\u00e9sor des R\u00e9publicains\" width=\"25\" height=\"26\" title=\"\"><\/p>\n<div id=\"ez-toc-container\" class=\"ez-toc-v2_0_82_2 counter-hierarchy ez-toc-counter ez-toc-grey ez-toc-container-direction\">\n<div class=\"ez-toc-title-container\">\n<p class=\"ez-toc-title\" style=\"cursor:inherit\">Contenido<\/p>\n<span class=\"ez-toc-title-toggle\"><a href=\"#\" class=\"ez-toc-pull-right ez-toc-btn ez-toc-btn-xs ez-toc-btn-default ez-toc-toggle\" aria-label=\"Alternar tabla de contenidos\"><span class=\"ez-toc-js-icon-con\"><span class=\"\"><span class=\"eztoc-hide\" style=\"display:none;\">Palanca<\/span><span class=\"ez-toc-icon-toggle-span\"><svg style=\"fill: #999;color:#999\" xmlns=\"http:\/\/www.w3.org\/2000\/svg\" class=\"list-377408\" width=\"20px\" height=\"20px\" viewbox=\"0 0 24 24\" fill=\"none\"><path d=\"M6 6H4v2h2V6zm14 0H8v2h12V6zM4 11h2v2H4v-2zm16 0H8v2h12v-2zM4 16h2v2H4v-2zm16 0H8v2h12v-2z\" fill=\"currentColor\"><\/path><\/svg><svg style=\"fill: #999;color:#999\" class=\"arrow-unsorted-368013\" xmlns=\"http:\/\/www.w3.org\/2000\/svg\" width=\"10px\" height=\"10px\" viewbox=\"0 0 24 24\" version=\"1.2\" baseprofile=\"tiny\"><path d=\"M18.2 9.3l-6.2-6.3-6.2 6.3c-.2.2-.3.4-.3.7s.1.5.3.7c.2.2.4.3.7.3h11c.3 0 .5-.1.7-.3.2-.2.3-.5.3-.7s-.1-.5-.3-.7zM5.8 14.7l6.2 6.3 6.2-6.3c.2-.2.3-.5.3-.7s-.1-.5-.3-.7c-.2-.2-.4-.3-.7-.3h-11c-.3 0-.5.1-.7.3-.2.2-.3.5-.3.7s.1.5.3.7z\"\/><\/svg><\/span><\/span><\/span><\/a><\/span><\/div>\n<nav><ul class='ez-toc-list ez-toc-list-level-1' ><li class='ez-toc-page-1 ez-toc-heading-level-2'><a class=\"ez-toc-link ez-toc-heading-1\" href=\"https:\/\/mythslegendes.com\/es\/mitologia-iberica\/le-tresor-des-republicains\/#Le-tresor-des-Republicains\" >El tesoro de los republicanos<\/a><\/li><\/ul><\/nav><\/div>\n<h2><span class=\"ez-toc-section\" id=\"Le-tresor-des-Republicains\"><\/span>El tesoro de los republicanos<span class=\"ez-toc-section-end\"><\/span><\/h2>\n<p><\/p>\n<p>La l\u00e9gende commence le 27 f\u00e9vrier exactement. Ce jour l\u00e0 sept camions charg\u00e9s de lingots d&rsquo;or prennent la route en direction du port le plus proche dans le but de l&rsquo;envoyer vers le Mexique et la France. Cet or \u00e9tait un reliquat de la banque espagnole que les r\u00e9publicains avaient r\u00e9ussis \u00e0 extraire des coffres de la banque centrale et qu&rsquo;ils d\u00e9siraient, bien s\u00fbr, mettre en s\u00fbret\u00e9 \u00e0 l&rsquo;abri du r\u00e9gime qui se mettait en place. Or un de ces camions n&rsquo;est jamais arriv\u00e9s \u00e0 destination.<\/p>\n<p>Certains catalans assurent qu&rsquo;ils l&rsquo;ont vu pr\u00e8s de Las Illas (Au Sud de Maureillas, dans les Alb\u00e8res), o\u00f9 il aurait laiss\u00e9 une partie de la cargaison. Une autre source raconte que le camion s&rsquo;est rendu \u00e0 Argel\u00e8s o\u00f9 les deux convoyeurs auraient enterr\u00e9 leur tr\u00e9sor en attendant des jours meilleurs. Parfois on entendant des versions l\u00e9g\u00e8rement diff\u00e9rentes, mais dont l&rsquo;action se situe quasiment toujours pr\u00e8s d&rsquo;Argel\u00e8s ou dans les Alb\u00e8res.<\/p>\n<p><\/p>\n<p>Qu&rsquo;en est-il r\u00e9ellement ? Difficile \u00e0 savoir sans remonter la piste de ces camions dans une v\u00e9ritable enqu\u00eate. Il parait probable que sept camions aient r\u00e9ellement quitt\u00e9 La Vajol ce jour l\u00e0, la date est difficile \u00e0 inventer tellement elle est pr\u00e9cise. Mais leur contenu reste de la pure supposition.<\/p>\n<p>Parmi les pistes \u00e0 \u00e9carter, on doit facilement y mettre celle qui consiste \u00e0 croire que des espagnols aient pu, sans que personnes s&rsquo;en aper\u00e7oivent, enterrer quoi que se soit sur les plages d&rsquo;Argel\u00e8s : A cette \u00e9poque un camp de r\u00e9tention parquait ces m\u00eames r\u00e9publicains sur la plage, et on imagine ais\u00e9ment que cette plage ait \u00e9t\u00e9 largement surveill\u00e9e, et \u00e7a depuis pas mal de temps.<\/p>\n<p><\/p>\n<p>Comme toute les <a href=\"https:\/\/mythslegendes.com\/es\/\">leyendas<\/a>, celle-ci doit avoir une part de v\u00e9rit\u00e9, et d&rsquo;autant plus grande qu&rsquo;elle a pour cadre un lieu proche et une \u00e9poque r\u00e9cente. Mais seuls quelques personnes doivent conna\u00eetre ce qui s&rsquo;est r\u00e9ellement pass\u00e9 ce jour de 1939, \u00e0 La Vajol.<\/p>\n<p><\/p>\t\t\t\t\t\t\t\t<\/div>\n\t\t\t\t<\/div>\n\t\t\t\t\t<\/div>\n\t\t<\/div>\n\t\t\t\t\t<\/div>\n\t\t<\/section>\n\t\t\t\t<\/div>","protected":false},"excerpt":{"rendered":"<p>Mythologie Ib\u00e9rique Wiki C&rsquo;est une bien \u00e9trange l\u00e9gende qui se transmet dans la r\u00e9gion. Elle a pour cadre la retirada, &hellip; <\/p>","protected":false},"author":1,"featured_media":0,"parent":2187,"menu_order":0,"comment_status":"closed","ping_status":"closed","template":"","meta":{"footnotes":""},"class_list":["post-2510","page","type-page","status-publish","hentry"],"amp_enabled":true,"_links":{"self":[{"href":"https:\/\/mythslegendes.com\/es\/wp-json\/wp\/v2\/pages\/2510","targetHints":{"allow":["GET"]}}],"collection":[{"href":"https:\/\/mythslegendes.com\/es\/wp-json\/wp\/v2\/pages"}],"about":[{"href":"https:\/\/mythslegendes.com\/es\/wp-json\/wp\/v2\/types\/page"}],"author":[{"embeddable":true,"href":"https:\/\/mythslegendes.com\/es\/wp-json\/wp\/v2\/users\/1"}],"replies":[{"embeddable":true,"href":"https:\/\/mythslegendes.com\/es\/wp-json\/wp\/v2\/comments?post=2510"}],"version-history":[{"count":1,"href":"https:\/\/mythslegendes.com\/es\/wp-json\/wp\/v2\/pages\/2510\/revisions"}],"predecessor-version":[{"id":24795,"href":"https:\/\/mythslegendes.com\/es\/wp-json\/wp\/v2\/pages\/2510\/revisions\/24795"}],"up":[{"embeddable":true,"href":"https:\/\/mythslegendes.com\/es\/wp-json\/wp\/v2\/pages\/2187"}],"wp:attachment":[{"href":"https:\/\/mythslegendes.com\/es\/wp-json\/wp\/v2\/media?parent=2510"}],"curies":[{"name":"wp","href":"https:\/\/api.w.org\/{rel}","templated":true}]}}