{"id":2513,"date":"2020-07-12T20:24:35","date_gmt":"2020-07-12T19:24:35","guid":{"rendered":"https:\/\/mythslegendes.com\/?page_id=2513"},"modified":"2022-12-03T22:07:09","modified_gmt":"2022-12-03T22:07:09","slug":"le-tresor-de-valbonne","status":"publish","type":"page","link":"https:\/\/mythslegendes.com\/es\/mitologia-iberica\/el-tesoro-de-valbonne\/","title":{"rendered":"El tesoro de Valbonne"},"content":{"rendered":"<div data-elementor-type=\"wp-page\" data-elementor-id=\"2513\" class=\"elementor elementor-2513\">\n\t\t\t\t\t\t<section class=\"elementor-section elementor-top-section elementor-element elementor-element-80b6804 elementor-section-boxed elementor-section-height-default elementor-section-height-default\" data-id=\"80b6804\" data-element_type=\"section\" data-e-type=\"section\">\n\t\t\t\t\t\t<div class=\"elementor-container elementor-column-gap-default\">\n\t\t\t\t\t<div class=\"elementor-column elementor-col-50 elementor-top-column elementor-element elementor-element-5e42de4\" data-id=\"5e42de4\" data-element_type=\"column\" data-e-type=\"column\">\n\t\t\t<div class=\"elementor-widget-wrap elementor-element-populated\">\n\t\t\t\t\t\t<div class=\"elementor-element elementor-element-e1e236b elementor-align-justify elementor-widget elementor-widget-button\" data-id=\"e1e236b\" data-element_type=\"widget\" data-e-type=\"widget\" data-widget_type=\"button.default\">\n\t\t\t\t<div class=\"elementor-widget-container\">\n\t\t\t\t\t\t\t\t\t<div class=\"elementor-button-wrapper\">\n\t\t\t\t\t<a class=\"elementor-button elementor-button-link elementor-size-sm\" href=\"https:\/\/mythslegendes.com\/es\/mitologia-iberica\/\">\n\t\t\t\t\t\t<span class=\"elementor-button-content-wrapper\">\n\t\t\t\t\t\t\t\t\t<span class=\"elementor-button-text\">Mitolog\u00eda ib\u00e9rica<\/span>\n\t\t\t\t\t<\/span>\n\t\t\t\t\t<\/a>\n\t\t\t\t<\/div>\n\t\t\t\t\t\t\t\t<\/div>\n\t\t\t\t<\/div>\n\t\t\t\t\t<\/div>\n\t\t<\/div>\n\t\t\t\t<div class=\"elementor-column elementor-col-50 elementor-top-column elementor-element elementor-element-3571090\" data-id=\"3571090\" data-element_type=\"column\" data-e-type=\"column\">\n\t\t\t<div class=\"elementor-widget-wrap elementor-element-populated\">\n\t\t\t\t\t\t<div class=\"elementor-element elementor-element-dc46397 elementor-align-justify elementor-widget elementor-widget-button\" data-id=\"dc46397\" data-element_type=\"widget\" data-e-type=\"widget\" data-widget_type=\"button.default\">\n\t\t\t\t<div class=\"elementor-widget-container\">\n\t\t\t\t\t\t\t\t\t<div class=\"elementor-button-wrapper\">\n\t\t\t\t\t<a class=\"elementor-button elementor-button-link elementor-size-sm\" href=\"https:\/\/en.wikipedia.org\/wiki\/Spanish_mythology\" target=\"_blank\" rel=\"noopener\">\n\t\t\t\t\t\t<span class=\"elementor-button-content-wrapper\">\n\t\t\t\t\t\t\t\t\t<span class=\"elementor-button-text\">Wiki<\/span>\n\t\t\t\t\t<\/span>\n\t\t\t\t\t<\/a>\n\t\t\t\t<\/div>\n\t\t\t\t\t\t\t\t<\/div>\n\t\t\t\t<\/div>\n\t\t\t\t\t<\/div>\n\t\t<\/div>\n\t\t\t\t\t<\/div>\n\t\t<\/section>\n\t\t\t\t<section class=\"elementor-section elementor-top-section elementor-element elementor-element-7973eca2 elementor-section-boxed elementor-section-height-default elementor-section-height-default\" data-id=\"7973eca2\" data-element_type=\"section\" data-e-type=\"section\">\n\t\t\t\t\t\t<div class=\"elementor-container elementor-column-gap-default\">\n\t\t\t\t\t<div class=\"elementor-column elementor-col-100 elementor-top-column elementor-element elementor-element-19c23847\" data-id=\"19c23847\" data-element_type=\"column\" data-e-type=\"column\">\n\t\t\t<div class=\"elementor-widget-wrap elementor-element-populated\">\n\t\t\t\t\t\t<div class=\"elementor-element elementor-element-2aa3137d elementor-widget elementor-widget-text-editor\" data-id=\"2aa3137d\" data-element_type=\"widget\" data-e-type=\"widget\" data-widget_type=\"text-editor.default\">\n\t\t\t\t<div class=\"elementor-widget-container\">\n\t\t\t\t\t\t\t\t\t\n<p>Si alguna vez un labrador disfrut\u00f3 de la suave tranquilidad de los campos, fue el valiente Galdric, cuya choza estaba en las cercan\u00edas de la abad\u00eda de Valbonne. Todos los d\u00edas iba a abonar las tierras de su amo, sin otra preocupaci\u00f3n que la de trazar surcos.<\/p>\n<p><img decoding=\"async\" class=\"alignnone wp-image-5284 size-full\" src=\"https:\/\/mythslegendes.com\/wp-content\/uploads\/2020\/09\/AlphaOmega-e1602613368367.png\" alt=\"El tesoro de Valbonne\" width=\"25\" height=\"26\" title=\"\"><\/p>\n<div id=\"ez-toc-container\" class=\"ez-toc-v2_0_82_2 counter-hierarchy ez-toc-counter ez-toc-grey ez-toc-container-direction\">\n<div class=\"ez-toc-title-container\">\n<p class=\"ez-toc-title\" style=\"cursor:inherit\">Contenido<\/p>\n<span class=\"ez-toc-title-toggle\"><a href=\"#\" class=\"ez-toc-pull-right ez-toc-btn ez-toc-btn-xs ez-toc-btn-default ez-toc-toggle\" aria-label=\"Alternar tabla de contenidos\"><span class=\"ez-toc-js-icon-con\"><span class=\"\"><span class=\"eztoc-hide\" style=\"display:none;\">Palanca<\/span><span class=\"ez-toc-icon-toggle-span\"><svg style=\"fill: #999;color:#999\" xmlns=\"http:\/\/www.w3.org\/2000\/svg\" class=\"list-377408\" width=\"20px\" height=\"20px\" viewbox=\"0 0 24 24\" fill=\"none\"><path d=\"M6 6H4v2h2V6zm14 0H8v2h12V6zM4 11h2v2H4v-2zm16 0H8v2h12v-2zM4 16h2v2H4v-2zm16 0H8v2h12v-2z\" fill=\"currentColor\"><\/path><\/svg><svg style=\"fill: #999;color:#999\" class=\"arrow-unsorted-368013\" xmlns=\"http:\/\/www.w3.org\/2000\/svg\" width=\"10px\" height=\"10px\" viewbox=\"0 0 24 24\" version=\"1.2\" baseprofile=\"tiny\"><path d=\"M18.2 9.3l-6.2-6.3-6.2 6.3c-.2.2-.3.4-.3.7s.1.5.3.7c.2.2.4.3.7.3h11c.3 0 .5-.1.7-.3.2-.2.3-.5.3-.7s-.1-.5-.3-.7zM5.8 14.7l6.2 6.3 6.2-6.3c.2-.2.3-.5.3-.7s-.1-.5-.3-.7c-.2-.2-.4-.3-.7-.3h-11c-.3 0-.5.1-.7.3-.2.2-.3.5-.3.7s.1.5.3.7z\"\/><\/svg><\/span><\/span><\/span><\/a><\/span><\/div>\n<nav><ul class='ez-toc-list ez-toc-list-level-1' ><li class='ez-toc-page-1 ez-toc-heading-level-2'><a class=\"ez-toc-link ez-toc-heading-1\" href=\"https:\/\/mythslegendes.com\/es\/mitologia-iberica\/el-tesoro-de-valbonne\/#Le-tresor-de-Valbonne\" >El tesoro de Valbonne<\/a><\/li><\/ul><\/nav><\/div>\n<h2><span class=\"ez-toc-section\" id=\"Le-tresor-de-Valbonne\"><\/span>El tesoro de Valbonne<span class=\"ez-toc-section-end\"><\/span><\/h2>\n\n<p>Ahora bien, un d\u00eda Galdric estaba comiendo a la sombra de un gran roble cuando pas\u00f3 una anciana, apoyada en un palo de avellano mientras caminaba.<\/p>\n\n<p>- \u00a1Ey! \u00a1Santa Do\u00f1a! grit\u00f3 el labrador.<\/p>\n\n<p>Y la buena anciana, habi\u00e9ndose detenido, intercambi\u00f3 algunas palabras insignificantes con su interlocutor, y luego lo dej\u00f3 diciendo:<\/p>\n\n<p>Seras riquissim, tu, fill m\u00e9u, Si baixa la mara de Deu, (Ser\u00e1s muy rico, t\u00fa, hijo m\u00edo, cuando descienda la Virgen).<\/p>\n\n<p>\u2014 Sochs, may ne ser\u00e9, (As\u00ed nunca lo ser\u00e9).<\/p>\n\n<p>- No ser\u00e1n tan vuelos, (Lo ser\u00e1s si quieres).<\/p>\n\n<p>Y la anciana desapareci\u00f3, mientras Galdric se echaba a re\u00edr.<\/p>\n\n<p>Abandonado a sus propios pensamientos, el labrador, cr\u00e9dulo por naturaleza, se dijo que no era imposible, despu\u00e9s de todo, que la predicci\u00f3n se cumpliera: \u00a1rid\u00edculo! Esta dulce palabra son\u00f3 bien en su o\u00eddo; persegu\u00eda su mente y la hac\u00eda olvidar sus canciones. Cuando lleg\u00f3 la noche, confi\u00f3 en su mujer que, radiante, le aconsej\u00f3 que fuera a arrojarse a los pies de la Virgen de Valbonne.<\/p>\n\n<p>Y el labrador fue a rezar oraciones, en la capilla, ante la estatua de la Virgen, interrumpi\u00e9ndose s\u00f3lo para pronunciar esta f\u00f3rmula:<\/p>\n\n<p>\u2014 Baixi, estanque de Peu, baixi. (Baja, oh madre de Dios, baja). Pero la Virgen estaba impasible en su pedestal.<\/p>\n\n<p>Galdric se retir\u00f3 entonces, conservando a\u00fan una esperanza ilimitada: El momento del milagro a\u00fan no ha llegado, pens\u00f3; esperemos. \u00bb<\/p>\n\n<p>Sin embargo, un buen d\u00eda, al ver que sus oraciones no surt\u00edan efecto, se anticip\u00f3 a los acontecimientos, tom\u00f3 la estatua en sus brazos y la deposit\u00f3 m\u00e1s lejos. Tuvo la torpeza de volcar el pedestal y, al agacharse para recoger los escombros, vio una losa gastada en el suelo que parec\u00eda estar bloqueando una abertura. R\u00e1pidamente abri\u00f3 la piedra y meti\u00f3 la mano por la abertura: sus dedos tocaron la piel \u00e1spera de un volumen bastante grande y retir\u00f3 suavemente el paquete.<\/p>\n\n<p>\u00a1Cu\u00e1l fue su asombro, desdoblando la piel para descubrir un mont\u00f3n de monedas de oro tintineando alegremente! Hundi\u00f3 con avidez sus manos en \u00e9l y, durante una hora, permaneci\u00f3 como hipnotizado ante el tesoro. Era pues riquissim, y as\u00ed se cumpli\u00f3 el vaticinio de la buena anciana, probablemente enviada por el cielo.<\/p>\n\n<p>Cuando se llen\u00f3 r\u00e1pidamente los bolsillos y se llen\u00f3 los bolsillos, se levant\u00f3 para unirse a su esposa y darle la feliz noticia. Pero la piel de becerro que llevaba pareci\u00f3 resbalarse como una serpiente de sus manos; cuanto m\u00e1s la apretaba entre sus dedos, m\u00e1s se mov\u00eda ella; quer\u00eda tirarlo lejos de \u00e9l, pero no pod\u00eda dejarlo ir. Y como movida por una fuerza irresistible, la piel atraves\u00f3 el espacio, arrastrando al labrador a la fuerza por los campos.<\/p>\n\n<p>Galdric camin\u00f3 as\u00ed largo rato hacia el horizonte ilimitado, sin poder soltar el dolor y sin poder detenerse. Despu\u00e9s de varios d\u00edas de caminar, lleg\u00f3 al infierno donde su codicia fue castigada.<\/p>\n\t\t\t\t\t\t\t\t<\/div>\n\t\t\t\t<\/div>\n\t\t\t\t\t<\/div>\n\t\t<\/div>\n\t\t\t\t\t<\/div>\n\t\t<\/section>\n\t\t\t\t<\/div>","protected":false},"excerpt":{"rendered":"<p>Mythologie Ib\u00e9rique Wiki Si jamais laboureur jouit de la douce tranquillit\u00e9 des champs ce fut bien le brave Galdric, dont &hellip; <\/p>","protected":false},"author":1,"featured_media":0,"parent":2187,"menu_order":0,"comment_status":"closed","ping_status":"closed","template":"","meta":{"footnotes":""},"class_list":["post-2513","page","type-page","status-publish","hentry"],"amp_enabled":true,"_links":{"self":[{"href":"https:\/\/mythslegendes.com\/es\/wp-json\/wp\/v2\/pages\/2513","targetHints":{"allow":["GET"]}}],"collection":[{"href":"https:\/\/mythslegendes.com\/es\/wp-json\/wp\/v2\/pages"}],"about":[{"href":"https:\/\/mythslegendes.com\/es\/wp-json\/wp\/v2\/types\/page"}],"author":[{"embeddable":true,"href":"https:\/\/mythslegendes.com\/es\/wp-json\/wp\/v2\/users\/1"}],"replies":[{"embeddable":true,"href":"https:\/\/mythslegendes.com\/es\/wp-json\/wp\/v2\/comments?post=2513"}],"version-history":[{"count":1,"href":"https:\/\/mythslegendes.com\/es\/wp-json\/wp\/v2\/pages\/2513\/revisions"}],"predecessor-version":[{"id":24796,"href":"https:\/\/mythslegendes.com\/es\/wp-json\/wp\/v2\/pages\/2513\/revisions\/24796"}],"up":[{"embeddable":true,"href":"https:\/\/mythslegendes.com\/es\/wp-json\/wp\/v2\/pages\/2187"}],"wp:attachment":[{"href":"https:\/\/mythslegendes.com\/es\/wp-json\/wp\/v2\/media?parent=2513"}],"curies":[{"name":"wp","href":"https:\/\/api.w.org\/{rel}","templated":true}]}}