{"id":2522,"date":"2020-07-12T20:28:50","date_gmt":"2020-07-12T19:28:50","guid":{"rendered":"https:\/\/mythslegendes.com\/?page_id=2522"},"modified":"2022-12-03T22:07:09","modified_gmt":"2022-12-03T22:07:09","slug":"le-rocher-du-capucin","status":"publish","type":"page","link":"https:\/\/mythslegendes.com\/es\/mitologia-iberica\/el-rocher-du-capuchino\/","title":{"rendered":"La Roca de los Capuchinos"},"content":{"rendered":"<div data-elementor-type=\"wp-page\" data-elementor-id=\"2522\" class=\"elementor elementor-2522\">\n\t\t\t\t\t\t<section class=\"elementor-section elementor-top-section elementor-element elementor-element-27b77af elementor-section-boxed elementor-section-height-default elementor-section-height-default\" data-id=\"27b77af\" data-element_type=\"section\" data-e-type=\"section\">\n\t\t\t\t\t\t<div class=\"elementor-container elementor-column-gap-default\">\n\t\t\t\t\t<div class=\"elementor-column elementor-col-50 elementor-top-column elementor-element elementor-element-d22fcdd\" data-id=\"d22fcdd\" data-element_type=\"column\" data-e-type=\"column\">\n\t\t\t<div class=\"elementor-widget-wrap elementor-element-populated\">\n\t\t\t\t\t\t<div class=\"elementor-element elementor-element-827a8d6 elementor-align-justify elementor-widget elementor-widget-button\" data-id=\"827a8d6\" data-element_type=\"widget\" data-e-type=\"widget\" data-widget_type=\"button.default\">\n\t\t\t\t<div class=\"elementor-widget-container\">\n\t\t\t\t\t\t\t\t\t<div class=\"elementor-button-wrapper\">\n\t\t\t\t\t<a class=\"elementor-button elementor-button-link elementor-size-sm\" href=\"https:\/\/mythslegendes.com\/es\/mitologia-iberica\/\">\n\t\t\t\t\t\t<span class=\"elementor-button-content-wrapper\">\n\t\t\t\t\t\t\t\t\t<span class=\"elementor-button-text\">Mitolog\u00eda ib\u00e9rica<\/span>\n\t\t\t\t\t<\/span>\n\t\t\t\t\t<\/a>\n\t\t\t\t<\/div>\n\t\t\t\t\t\t\t\t<\/div>\n\t\t\t\t<\/div>\n\t\t\t\t\t<\/div>\n\t\t<\/div>\n\t\t\t\t<div class=\"elementor-column elementor-col-50 elementor-top-column elementor-element elementor-element-7e1f182\" data-id=\"7e1f182\" data-element_type=\"column\" data-e-type=\"column\">\n\t\t\t<div class=\"elementor-widget-wrap elementor-element-populated\">\n\t\t\t\t\t\t<div class=\"elementor-element elementor-element-cb59c06 elementor-align-justify elementor-widget elementor-widget-button\" data-id=\"cb59c06\" data-element_type=\"widget\" data-e-type=\"widget\" data-widget_type=\"button.default\">\n\t\t\t\t<div class=\"elementor-widget-container\">\n\t\t\t\t\t\t\t\t\t<div class=\"elementor-button-wrapper\">\n\t\t\t\t\t<a class=\"elementor-button elementor-button-link elementor-size-sm\" href=\"https:\/\/en.wikipedia.org\/wiki\/Spanish_mythology\" target=\"_blank\" rel=\"noopener\">\n\t\t\t\t\t\t<span class=\"elementor-button-content-wrapper\">\n\t\t\t\t\t\t\t\t\t<span class=\"elementor-button-text\">Wiki<\/span>\n\t\t\t\t\t<\/span>\n\t\t\t\t\t<\/a>\n\t\t\t\t<\/div>\n\t\t\t\t\t\t\t\t<\/div>\n\t\t\t\t<\/div>\n\t\t\t\t\t<\/div>\n\t\t<\/div>\n\t\t\t\t\t<\/div>\n\t\t<\/section>\n\t\t\t\t<section class=\"elementor-section elementor-top-section elementor-element elementor-element-6b919ded elementor-section-boxed elementor-section-height-default elementor-section-height-default\" data-id=\"6b919ded\" data-element_type=\"section\" data-e-type=\"section\">\n\t\t\t\t\t\t<div class=\"elementor-container elementor-column-gap-default\">\n\t\t\t\t\t<div class=\"elementor-column elementor-col-100 elementor-top-column elementor-element elementor-element-7e0d4308\" data-id=\"7e0d4308\" data-element_type=\"column\" data-e-type=\"column\">\n\t\t\t<div class=\"elementor-widget-wrap elementor-element-populated\">\n\t\t\t\t\t\t<div class=\"elementor-element elementor-element-5471e0f3 elementor-widget elementor-widget-text-editor\" data-id=\"5471e0f3\" data-element_type=\"widget\" data-e-type=\"widget\" data-widget_type=\"text-editor.default\">\n\t\t\t\t<div class=\"elementor-widget-container\">\n\t\t\t\t\t\t\t\t\t\n<p>En su Recorts d&#039;un excursionista, Bosch de la Trinxeria habla de una roca que se puede ver a dos kil\u00f3metros de la carretera que une Prats-do-Mollo con La Preste: la roca capuchina, la distancia da al turista la ilusi\u00f3n de un hermano encapuchado. arrodillado en la cima de la monta\u00f1a y absorto en la lectura de un breviario; la silueta del religioso se destaca claramente en el horizonte, y se advierte con asombro las correctas proporciones de su cuerpo, que parece cincelado por un h\u00e1bil escultor.<\/p>\n<p><img decoding=\"async\" class=\"alignnone wp-image-5284 size-full\" src=\"https:\/\/mythslegendes.com\/wp-content\/uploads\/2020\/09\/AlphaOmega-e1602613368367.png\" alt=\"la roca capuchina\" width=\"25\" height=\"26\" title=\"\"><\/p>\n<div id=\"ez-toc-container\" class=\"ez-toc-v2_0_82_2 counter-hierarchy ez-toc-counter ez-toc-grey ez-toc-container-direction\">\n<div class=\"ez-toc-title-container\">\n<p class=\"ez-toc-title\" style=\"cursor:inherit\">Contenido<\/p>\n<span class=\"ez-toc-title-toggle\"><a href=\"#\" class=\"ez-toc-pull-right ez-toc-btn ez-toc-btn-xs ez-toc-btn-default ez-toc-toggle\" aria-label=\"Alternar tabla de contenidos\"><span class=\"ez-toc-js-icon-con\"><span class=\"\"><span class=\"eztoc-hide\" style=\"display:none;\">Palanca<\/span><span class=\"ez-toc-icon-toggle-span\"><svg style=\"fill: #999;color:#999\" xmlns=\"http:\/\/www.w3.org\/2000\/svg\" class=\"list-377408\" width=\"20px\" height=\"20px\" viewbox=\"0 0 24 24\" fill=\"none\"><path d=\"M6 6H4v2h2V6zm14 0H8v2h12V6zM4 11h2v2H4v-2zm16 0H8v2h12v-2zM4 16h2v2H4v-2zm16 0H8v2h12v-2z\" fill=\"currentColor\"><\/path><\/svg><svg style=\"fill: #999;color:#999\" class=\"arrow-unsorted-368013\" xmlns=\"http:\/\/www.w3.org\/2000\/svg\" width=\"10px\" height=\"10px\" viewbox=\"0 0 24 24\" version=\"1.2\" baseprofile=\"tiny\"><path d=\"M18.2 9.3l-6.2-6.3-6.2 6.3c-.2.2-.3.4-.3.7s.1.5.3.7c.2.2.4.3.7.3h11c.3 0 .5-.1.7-.3.2-.2.3-.5.3-.7s-.1-.5-.3-.7zM5.8 14.7l6.2 6.3 6.2-6.3c.2-.2.3-.5.3-.7s-.1-.5-.3-.7c-.2-.2-.4-.3-.7-.3h-11c-.3 0-.5.1-.7.3-.2.2-.3.5-.3.7s.1.5.3.7z\"\/><\/svg><\/span><\/span><\/span><\/a><\/span><\/div>\n<nav><ul class='ez-toc-list ez-toc-list-level-1' ><li class='ez-toc-page-1 ez-toc-heading-level-2'><a class=\"ez-toc-link ez-toc-heading-1\" href=\"https:\/\/mythslegendes.com\/es\/mitologia-iberica\/el-rocher-du-capuchino\/#Le-rocher-du-capucin\" >La Roca de los Capuchinos<\/a><\/li><\/ul><\/nav><\/div>\n<h2><span class=\"ez-toc-section\" id=\"Le-rocher-du-capucin\"><\/span>La Roca de los Capuchinos<span class=\"ez-toc-section-end\"><\/span><\/h2>\n\n<p>Es, sin embargo, una obra de la naturaleza, porque cuanto m\u00e1s nos acercamos, mejor podemos distinguir la imprecisi\u00f3n de las formas; cre\u00edamos ver una estatua perfecta y ni siquiera es el boceto de un aprendiz; es simplemente un mont\u00f3n de piedras de granito. Estas piedras, a las que el azar parece haber dado forma humana, tienen sin embargo su <a href=\"https:\/\/mythslegendes.com\/es\/\">leyenda<\/a>.<\/p>\n\n<p>Fray Miquel formaba parte del convento de Sainte Marguerite (situado en Cal d&#039;Ar\u00e8s), donde se refugiaban los viajeros que se perd\u00edan en la monta\u00f1a durante la explosi\u00f3n. Una tarde se abasteci\u00f3 de v\u00edveres y vino generoso y parti\u00f3 hacia el Col por los senderos nevados: sobrevino un tiempo terrible; un viento helado azotaba su rostro cuando de repente crey\u00f3 escuchar gritos desesperados. Guiado por el sonido del camino desconocido hizo b\u00fasquedas activas en el barranco y descubri\u00f3 a dos seres medio enterrados bajo la nieve: una adorable jovencita y su anciano padre.<\/p>\n\n<p>El hermano Miquel los salv\u00f3 de su peligrosa situaci\u00f3n, les ofreci\u00f3 comida y los acompa\u00f1\u00f3 al convento. Pero mientras la ni\u00f1a caminaba con gran dificultad, \u00e9l la carg\u00f3 valientemente sobre sus hombros hasta su destino. Los pobres viajeros encontraron buena comida, buen fuego y buen alojamiento en el convento, mientras esperaban para reanudar su viaje por la monta\u00f1a.<\/p>\n\n<p>Pero la hermosa doncella dej\u00f3 una profunda impresi\u00f3n en el generoso anfitri\u00f3n. Y como las primeras pasiones son siempre las m\u00e1s violentas, el hermano Miquel cay\u00f3 presa del amor m\u00e1s ardiente: en vano luch\u00f3 contra s\u00ed mismo y se someti\u00f3 a las m\u00e1s duras mortificaciones, en vano rez\u00f3 a Dios para que le devolviera la paz, el demonio. parec\u00eda avivar su llama y hacer m\u00e1s viva la imagen del seductor extra\u00f1o en su memoria.<\/p>\n\n<p>El infortunado resolvi\u00f3 huir de la presencia de la joven y abandon\u00f3 el convento durante la noche en direcci\u00f3n a Prats. Pero la tormenta estall\u00f3 en la monta\u00f1a y el hermano tembloroso caminaba en las sombras, los barrios bajos rug\u00edan con truenos. Un rayo ilumin\u00f3 apariciones fant\u00e1sticas.<\/p>\n\n<p>Vencido por los elementos, el monje cay\u00f3, y alrededor de su cuerpo, los demonios se apresuraron a atacar su alma. Pero el \u00e1ngel de la guarda vino a salvar al hermano Miquel:<\/p>\n\n<p>- &quot;Arrod\u00edllate&quot;, le dijo, &quot;porque tu pecado es grave&quot;. Permanecer\u00e1s en oraci\u00f3n hasta el juicio final.<\/p>\n\n<p>Y es por eso que todav\u00eda vemos al hermano arrodillado en la cima de la monta\u00f1a. Los lugare\u00f1os incluso afirman que durante la tormenta el hermano pobre lanza lamentables gritos:<\/p>\n\n<p>&quot;\u00a1Perd\u00f3name, Deu meu! .., Prou, prou ...,. \u00a1S\u00ed! desgraciat de mi! (\u00a1Perd\u00f3name, Dios m\u00edo! Basta, basta \u00a1Ah! \u00a1Infeliz que soy!)<\/p>\n\n<p>Y al o\u00edr estas quejas, los pastores huyeron haciendo la se\u00f1al de la cruz.<\/p>\n\t\t\t\t\t\t\t\t<\/div>\n\t\t\t\t<\/div>\n\t\t\t\t\t<\/div>\n\t\t<\/div>\n\t\t\t\t\t<\/div>\n\t\t<\/section>\n\t\t\t\t<\/div>","protected":false},"excerpt":{"rendered":"<p>Wiki Mitolog\u00eda Ib\u00e9rica En sus Recorts d&#039;un excursionista, Bosch de la Trinxeria habla de una roca en la que se pueden ver dos\u2026 <\/p>","protected":false},"author":1,"featured_media":0,"parent":2187,"menu_order":0,"comment_status":"closed","ping_status":"closed","template":"","meta":{"footnotes":""},"class_list":["post-2522","page","type-page","status-publish","hentry"],"amp_enabled":true,"_links":{"self":[{"href":"https:\/\/mythslegendes.com\/es\/wp-json\/wp\/v2\/pages\/2522","targetHints":{"allow":["GET"]}}],"collection":[{"href":"https:\/\/mythslegendes.com\/es\/wp-json\/wp\/v2\/pages"}],"about":[{"href":"https:\/\/mythslegendes.com\/es\/wp-json\/wp\/v2\/types\/page"}],"author":[{"embeddable":true,"href":"https:\/\/mythslegendes.com\/es\/wp-json\/wp\/v2\/users\/1"}],"replies":[{"embeddable":true,"href":"https:\/\/mythslegendes.com\/es\/wp-json\/wp\/v2\/comments?post=2522"}],"version-history":[{"count":1,"href":"https:\/\/mythslegendes.com\/es\/wp-json\/wp\/v2\/pages\/2522\/revisions"}],"predecessor-version":[{"id":24799,"href":"https:\/\/mythslegendes.com\/es\/wp-json\/wp\/v2\/pages\/2522\/revisions\/24799"}],"up":[{"embeddable":true,"href":"https:\/\/mythslegendes.com\/es\/wp-json\/wp\/v2\/pages\/2187"}],"wp:attachment":[{"href":"https:\/\/mythslegendes.com\/es\/wp-json\/wp\/v2\/media?parent=2522"}],"curies":[{"name":"wp","href":"https:\/\/api.w.org\/{rel}","templated":true}]}}