{"id":2525,"date":"2020-07-12T20:30:38","date_gmt":"2020-07-12T19:30:38","guid":{"rendered":"https:\/\/mythslegendes.com\/?page_id=2525"},"modified":"2022-12-03T22:07:10","modified_gmt":"2022-12-03T22:07:10","slug":"le-rocher-du-corbeau","status":"publish","type":"page","link":"https:\/\/mythslegendes.com\/es\/mitologia-iberica\/la-roca-del-cuervo\/","title":{"rendered":"La roca del cuervo"},"content":{"rendered":"<div data-elementor-type=\"wp-page\" data-elementor-id=\"2525\" class=\"elementor elementor-2525\">\n\t\t\t\t\t\t<section class=\"elementor-section elementor-top-section elementor-element elementor-element-7ae7e2a elementor-section-boxed elementor-section-height-default elementor-section-height-default\" data-id=\"7ae7e2a\" data-element_type=\"section\" data-e-type=\"section\">\n\t\t\t\t\t\t<div class=\"elementor-container elementor-column-gap-default\">\n\t\t\t\t\t<div class=\"elementor-column elementor-col-50 elementor-top-column elementor-element elementor-element-b6f68e2\" data-id=\"b6f68e2\" data-element_type=\"column\" data-e-type=\"column\">\n\t\t\t<div class=\"elementor-widget-wrap elementor-element-populated\">\n\t\t\t\t\t\t<div class=\"elementor-element elementor-element-c5b31a7 elementor-align-justify elementor-widget elementor-widget-button\" data-id=\"c5b31a7\" data-element_type=\"widget\" data-e-type=\"widget\" data-widget_type=\"button.default\">\n\t\t\t\t<div class=\"elementor-widget-container\">\n\t\t\t\t\t\t\t\t\t<div class=\"elementor-button-wrapper\">\n\t\t\t\t\t<a class=\"elementor-button elementor-button-link elementor-size-sm\" href=\"https:\/\/mythslegendes.com\/es\/mitologia-iberica\/\">\n\t\t\t\t\t\t<span class=\"elementor-button-content-wrapper\">\n\t\t\t\t\t\t\t\t\t<span class=\"elementor-button-text\">Mitolog\u00eda ib\u00e9rica<\/span>\n\t\t\t\t\t<\/span>\n\t\t\t\t\t<\/a>\n\t\t\t\t<\/div>\n\t\t\t\t\t\t\t\t<\/div>\n\t\t\t\t<\/div>\n\t\t\t\t\t<\/div>\n\t\t<\/div>\n\t\t\t\t<div class=\"elementor-column elementor-col-50 elementor-top-column elementor-element elementor-element-dc1fe34\" data-id=\"dc1fe34\" data-element_type=\"column\" data-e-type=\"column\">\n\t\t\t<div class=\"elementor-widget-wrap elementor-element-populated\">\n\t\t\t\t\t\t<div class=\"elementor-element elementor-element-0414202 elementor-align-justify elementor-widget elementor-widget-button\" data-id=\"0414202\" data-element_type=\"widget\" data-e-type=\"widget\" data-widget_type=\"button.default\">\n\t\t\t\t<div class=\"elementor-widget-container\">\n\t\t\t\t\t\t\t\t\t<div class=\"elementor-button-wrapper\">\n\t\t\t\t\t<a class=\"elementor-button elementor-button-link elementor-size-sm\" href=\"https:\/\/en.wikipedia.org\/wiki\/Spanish_mythology\" target=\"_blank\" rel=\"noopener\">\n\t\t\t\t\t\t<span class=\"elementor-button-content-wrapper\">\n\t\t\t\t\t\t\t\t\t<span class=\"elementor-button-text\">Wiki<\/span>\n\t\t\t\t\t<\/span>\n\t\t\t\t\t<\/a>\n\t\t\t\t<\/div>\n\t\t\t\t\t\t\t\t<\/div>\n\t\t\t\t<\/div>\n\t\t\t\t\t<\/div>\n\t\t<\/div>\n\t\t\t\t\t<\/div>\n\t\t<\/section>\n\t\t\t\t<section class=\"elementor-section elementor-top-section elementor-element elementor-element-460efbd0 elementor-section-boxed elementor-section-height-default elementor-section-height-default\" data-id=\"460efbd0\" data-element_type=\"section\" data-e-type=\"section\">\n\t\t\t\t\t\t<div class=\"elementor-container elementor-column-gap-default\">\n\t\t\t\t\t<div class=\"elementor-column elementor-col-100 elementor-top-column elementor-element elementor-element-7d4bef6b\" data-id=\"7d4bef6b\" data-element_type=\"column\" data-e-type=\"column\">\n\t\t\t<div class=\"elementor-widget-wrap elementor-element-populated\">\n\t\t\t\t\t\t<div class=\"elementor-element elementor-element-7ee2e11a elementor-widget elementor-widget-text-editor\" data-id=\"7ee2e11a\" data-element_type=\"widget\" data-e-type=\"widget\" data-widget_type=\"text-editor.default\">\n\t\t\t\t<div class=\"elementor-widget-container\">\n\t\t\t\t\t\t\t\t\t<p><\/p>\n<p>\u00bfPor qu\u00e9 una roca que domina el Coll de la Quitta (Fox Pass) en el valle de Prats se llama Raven Rock? El cuervo es un p\u00e1jaro siniestro, y debi\u00f3 dejar tristes recuerdos por estos lares. Estos recuerdos se remontan a la invasi\u00f3n de los \u00e1rabes, que provoc\u00f3 la emigraci\u00f3n de cristianos a la monta\u00f1a.<\/p>\n<p><img decoding=\"async\" class=\"alignnone wp-image-5284 size-full\" src=\"https:\/\/mythslegendes.com\/wp-content\/uploads\/2020\/09\/AlphaOmega-e1602613368367.png\" alt=\"roca cuervo\" width=\"25\" height=\"26\" title=\"\"><\/p>\n<div id=\"ez-toc-container\" class=\"ez-toc-v2_0_82_2 counter-hierarchy ez-toc-counter ez-toc-grey ez-toc-container-direction\">\n<div class=\"ez-toc-title-container\">\n<p class=\"ez-toc-title\" style=\"cursor:inherit\">Contenido<\/p>\n<span class=\"ez-toc-title-toggle\"><a href=\"#\" class=\"ez-toc-pull-right ez-toc-btn ez-toc-btn-xs ez-toc-btn-default ez-toc-toggle\" aria-label=\"Alternar tabla de contenidos\"><span class=\"ez-toc-js-icon-con\"><span class=\"\"><span class=\"eztoc-hide\" style=\"display:none;\">Palanca<\/span><span class=\"ez-toc-icon-toggle-span\"><svg style=\"fill: #999;color:#999\" xmlns=\"http:\/\/www.w3.org\/2000\/svg\" class=\"list-377408\" width=\"20px\" height=\"20px\" viewbox=\"0 0 24 24\" fill=\"none\"><path d=\"M6 6H4v2h2V6zm14 0H8v2h12V6zM4 11h2v2H4v-2zm16 0H8v2h12v-2zM4 16h2v2H4v-2zm16 0H8v2h12v-2z\" fill=\"currentColor\"><\/path><\/svg><svg style=\"fill: #999;color:#999\" class=\"arrow-unsorted-368013\" xmlns=\"http:\/\/www.w3.org\/2000\/svg\" width=\"10px\" height=\"10px\" viewbox=\"0 0 24 24\" version=\"1.2\" baseprofile=\"tiny\"><path d=\"M18.2 9.3l-6.2-6.3-6.2 6.3c-.2.2-.3.4-.3.7s.1.5.3.7c.2.2.4.3.7.3h11c.3 0 .5-.1.7-.3.2-.2.3-.5.3-.7s-.1-.5-.3-.7zM5.8 14.7l6.2 6.3 6.2-6.3c.2-.2.3-.5.3-.7s-.1-.5-.3-.7c-.2-.2-.4-.3-.7-.3h-11c-.3 0-.5.1-.7.3-.2.2-.3.5-.3.7s.1.5.3.7z\"\/><\/svg><\/span><\/span><\/span><\/a><\/span><\/div>\n<nav><ul class='ez-toc-list ez-toc-list-level-1' ><li class='ez-toc-page-1 ez-toc-heading-level-2'><a class=\"ez-toc-link ez-toc-heading-1\" href=\"https:\/\/mythslegendes.com\/es\/mitologia-iberica\/la-roca-del-cuervo\/#Rocher-du-corbeau\" >Roca del cuervo<\/a><\/li><\/ul><\/nav><\/div>\n<h2><span class=\"ez-toc-section\" id=\"Rocher-du-corbeau\"><\/span>Roca del cuervo<span class=\"ez-toc-section-end\"><\/span><\/h2>\n<p><\/p>\n<p>Cerca de las fuentes del Tech se hab\u00eda refugiado una familia de gente trabajadora: el padre y la madre cultivaban la tierra; Su hija Guiselda, de apenas quince a\u00f1os, se fue a cuidar las cabras al monte. Como era muy bonita, los pastores la buscaron. Y poco a poco se volvi\u00f3 coqueta.<\/p>\n<p><\/p>\n<p>Estaba un d\u00eda Guiselda admir\u00e1ndose en el agua clara de una fuente, adorn\u00e1ndose el cabello con una corona de sarmientos y el cuello con un collar de verdor, cuando oy\u00f3 una voz que la llamaba. Se dio la vuelta, tal vez creyendo que ve\u00eda al pr\u00edncipe azul con el que estaba so\u00f1ando, pero todo lo que vio fue un cuervo posado en lo alto de un pico.<\/p>\n<p><\/p>\n<p>\u2014 \u201c\u00a1Guiselda I Guiselda!\u201d \u00bb pareci\u00f3 gritar el p\u00e1jaro.<\/p>\n<p><\/p>\n<p>Si los animales tuvieran el don de la palabra, pens\u00f3 la joven, creer\u00eda que este cuervo me llama. Pero \u00e9l no tendr\u00eda una voz tan melodiosa.<\/p>\n<p><\/p>\n<p>Sin embargo, cuando ella se acerc\u00f3, el cuervo le dijo esto:<\/p>\n<p><\/p>\n<p>\u2014 \u201cHermosa Guiselda, no te sorprendas al escuchar mi voz, despu\u00e9s sabr\u00e1s qui\u00e9n soy. Alg\u00fan d\u00eda ser\u00e1s la esposa de un pr\u00edncipe oriental. Te veo reina, te veo poderosa, entronizada en un palacio magn\u00edfico. \u00bb<\/p>\n<p><\/p>\n<p>Y el cuervo negro se fue volando, croando y con un crujido de alas que paraliz\u00f3 de miedo a la confundida joven. Tiempo despu\u00e9s se anunci\u00f3 la llegada de los \u00e1rabes. Ante estos devastadores, los pastores y sus reba\u00f1os huyeron. Guiselda tambi\u00e9n huy\u00f3 con sus padres, pero no pudo resistir el cansancio de la marcha; exhausta, al final de sus fuerzas, se desplom\u00f3 frente a una cueva y se encomend\u00f3 a la Virgen; De repente se escuch\u00f3 el sonido de un caballo al galope: era un hermoso jinete que llegaba, seguido pronto por los terribles guerreros moros.<\/p>\n<p>El l\u00edder de la tropa desmont\u00f3 al ver a Guiselda, le ofreci\u00f3 de beber y la revivi\u00f3. Pero, vencido por sus encantos, se impuso en su trasero rode\u00e1ndola de las mil atenciones que un amante prodiga a su belleza.<\/p>\n<p><\/p>\n<p>Y la predicci\u00f3n del cuervo se cumpli\u00f3: amada por el jefe moro, Guiselda fue llevada a Jaffa y se convirti\u00f3 en reina del har\u00e9n. Sin embargo, tuvo que pasar duras pruebas y habr\u00eda dado su realeza y sus joyas por volver a ver a Vallespir y a su cabra Zilda.<\/p>\n<p><\/p>\n<p>La Virgen del Coral, sin embargo, se apiad\u00f3 de ella y le dio los medios para escapar del Sult\u00e1n y regresar al hermoso Rosell\u00f3n.<\/p>\n<p><\/p>\n<p>Los ancianos padres de la pastora desaparecida ya no reconoc\u00edan a Guiselda porque el dolor hab\u00eda causado estragos en su otrora dulce rostro. \u00a1Ay, ya no era la hermosa campesina que admiraban los pastores!<\/p>\n<p><\/p>\n<p>Sin embargo, volvi\u00f3 a ver con inefable felicidad a sus viejos padres, a su cabra Zilda, las monta\u00f1as y las flores. Parec\u00eda volver poco a poco a la vida cuando un d\u00eda escuch\u00f3 una voz que la hizo sobresaltarse:<\/p>\n<p><\/p>\n<p>\u2014\u00a1Guiselda! \u00a1Guiselda!<\/p>\n<p><\/p>\n<p>La p\u00e1lida Guiselda vio entonces al cuervo maldito que previamente le hab\u00eda dicho tan terrible predicci\u00f3n. Lanz\u00f3 un grito de terror y cay\u00f3 de rodillas para implorar a la Virgen del Coral. Al o\u00edr esta menci\u00f3n el cuervo desapareci\u00f3 ruidosamente, mientras Guiselda exhalaba su \u00faltimo suspiro. Y parece que se vieron \u00e1ngeles quit\u00e1ndole el alma a la infortunada ni\u00f1a.<\/p>\n<p><\/p>\t\t\t\t\t\t\t\t<\/div>\n\t\t\t\t<\/div>\n\t\t\t\t\t<\/div>\n\t\t<\/div>\n\t\t\t\t\t<\/div>\n\t\t<\/section>\n\t\t\t\t<\/div>","protected":false},"excerpt":{"rendered":"<p>Mythologie Ib\u00e9rique Wiki Pourquoi d\u00e9signe-t on sous le nom de rocher du corbeau, un rocher qui domine le coll de &hellip; <\/p>","protected":false},"author":1,"featured_media":0,"parent":2187,"menu_order":0,"comment_status":"closed","ping_status":"closed","template":"","meta":{"footnotes":""},"class_list":["post-2525","page","type-page","status-publish","hentry"],"amp_enabled":true,"_links":{"self":[{"href":"https:\/\/mythslegendes.com\/es\/wp-json\/wp\/v2\/pages\/2525","targetHints":{"allow":["GET"]}}],"collection":[{"href":"https:\/\/mythslegendes.com\/es\/wp-json\/wp\/v2\/pages"}],"about":[{"href":"https:\/\/mythslegendes.com\/es\/wp-json\/wp\/v2\/types\/page"}],"author":[{"embeddable":true,"href":"https:\/\/mythslegendes.com\/es\/wp-json\/wp\/v2\/users\/1"}],"replies":[{"embeddable":true,"href":"https:\/\/mythslegendes.com\/es\/wp-json\/wp\/v2\/comments?post=2525"}],"version-history":[{"count":1,"href":"https:\/\/mythslegendes.com\/es\/wp-json\/wp\/v2\/pages\/2525\/revisions"}],"predecessor-version":[{"id":24800,"href":"https:\/\/mythslegendes.com\/es\/wp-json\/wp\/v2\/pages\/2525\/revisions\/24800"}],"up":[{"embeddable":true,"href":"https:\/\/mythslegendes.com\/es\/wp-json\/wp\/v2\/pages\/2187"}],"wp:attachment":[{"href":"https:\/\/mythslegendes.com\/es\/wp-json\/wp\/v2\/media?parent=2525"}],"curies":[{"name":"wp","href":"https:\/\/api.w.org\/{rel}","templated":true}]}}