{"id":2530,"date":"2020-07-12T20:35:30","date_gmt":"2020-07-12T19:35:30","guid":{"rendered":"https:\/\/mythslegendes.com\/?page_id=2530"},"modified":"2022-12-03T22:07:10","modified_gmt":"2022-12-03T22:07:10","slug":"le-livre-de-la-sagesse-du-monde","status":"publish","type":"page","link":"https:\/\/mythslegendes.com\/es\/mitologia-iberica\/el-libro-de-la-sabiduria-del-mundo\/","title":{"rendered":"El libro de la sabidur\u00eda mundial"},"content":{"rendered":"<div data-elementor-type=\"wp-page\" data-elementor-id=\"2530\" class=\"elementor elementor-2530\">\n\t\t\t\t\t\t<section class=\"elementor-section elementor-top-section elementor-element elementor-element-468a864 elementor-section-boxed elementor-section-height-default elementor-section-height-default\" data-id=\"468a864\" data-element_type=\"section\" data-e-type=\"section\">\n\t\t\t\t\t\t<div class=\"elementor-container elementor-column-gap-default\">\n\t\t\t\t\t<div class=\"elementor-column elementor-col-50 elementor-top-column elementor-element elementor-element-b4455db\" data-id=\"b4455db\" data-element_type=\"column\" data-e-type=\"column\">\n\t\t\t<div class=\"elementor-widget-wrap elementor-element-populated\">\n\t\t\t\t\t\t<div class=\"elementor-element elementor-element-adb4d69 elementor-align-justify elementor-widget elementor-widget-button\" data-id=\"adb4d69\" data-element_type=\"widget\" data-e-type=\"widget\" data-widget_type=\"button.default\">\n\t\t\t\t<div class=\"elementor-widget-container\">\n\t\t\t\t\t\t\t\t\t<div class=\"elementor-button-wrapper\">\n\t\t\t\t\t<a class=\"elementor-button elementor-button-link elementor-size-sm\" href=\"https:\/\/mythslegendes.com\/es\/mitologia-iberica\/\">\n\t\t\t\t\t\t<span class=\"elementor-button-content-wrapper\">\n\t\t\t\t\t\t\t\t\t<span class=\"elementor-button-text\">Mitolog\u00eda ib\u00e9rica<\/span>\n\t\t\t\t\t<\/span>\n\t\t\t\t\t<\/a>\n\t\t\t\t<\/div>\n\t\t\t\t\t\t\t\t<\/div>\n\t\t\t\t<\/div>\n\t\t\t\t\t<\/div>\n\t\t<\/div>\n\t\t\t\t<div class=\"elementor-column elementor-col-50 elementor-top-column elementor-element elementor-element-dab7d96\" data-id=\"dab7d96\" data-element_type=\"column\" data-e-type=\"column\">\n\t\t\t<div class=\"elementor-widget-wrap elementor-element-populated\">\n\t\t\t\t\t\t<div class=\"elementor-element elementor-element-d7b243d elementor-align-justify elementor-widget elementor-widget-button\" data-id=\"d7b243d\" data-element_type=\"widget\" data-e-type=\"widget\" data-widget_type=\"button.default\">\n\t\t\t\t<div class=\"elementor-widget-container\">\n\t\t\t\t\t\t\t\t\t<div class=\"elementor-button-wrapper\">\n\t\t\t\t\t<a class=\"elementor-button elementor-button-link elementor-size-sm\" href=\"https:\/\/en.wikipedia.org\/wiki\/Spanish_mythology\" target=\"_blank\" rel=\"noopener\">\n\t\t\t\t\t\t<span class=\"elementor-button-content-wrapper\">\n\t\t\t\t\t\t\t\t\t<span class=\"elementor-button-text\">Wiki<\/span>\n\t\t\t\t\t<\/span>\n\t\t\t\t\t<\/a>\n\t\t\t\t<\/div>\n\t\t\t\t\t\t\t\t<\/div>\n\t\t\t\t<\/div>\n\t\t\t\t\t<\/div>\n\t\t<\/div>\n\t\t\t\t\t<\/div>\n\t\t<\/section>\n\t\t\t\t<section class=\"elementor-section elementor-top-section elementor-element elementor-element-6db144d5 elementor-section-boxed elementor-section-height-default elementor-section-height-default\" data-id=\"6db144d5\" data-element_type=\"section\" data-e-type=\"section\">\n\t\t\t\t\t\t<div class=\"elementor-container elementor-column-gap-default\">\n\t\t\t\t\t<div class=\"elementor-column elementor-col-100 elementor-top-column elementor-element elementor-element-297e25a8\" data-id=\"297e25a8\" data-element_type=\"column\" data-e-type=\"column\">\n\t\t\t<div class=\"elementor-widget-wrap elementor-element-populated\">\n\t\t\t\t\t\t<div class=\"elementor-element elementor-element-293ee7f6 elementor-widget elementor-widget-text-editor\" data-id=\"293ee7f6\" data-element_type=\"widget\" data-e-type=\"widget\" data-widget_type=\"text-editor.default\">\n\t\t\t\t<div class=\"elementor-widget-container\">\n\t\t\t\t\t\t\t\t\t<p><\/p>\n<p>Aqu\u00ed hay extractos de <a href=\"https:\/\/mythslegendes.com\/es\/bibliotecas-de-libros\/\">Entregado<\/a> de la sabidur\u00eda del mundo.<\/p>\n<p><img decoding=\"async\" class=\"alignnone wp-image-5284 size-full\" src=\"https:\/\/mythslegendes.com\/wp-content\/uploads\/2020\/09\/AlphaOmega-e1602613368367.png\" alt=\"libro sabiduria mundial\" width=\"25\" height=\"26\" title=\"\"><\/p>\n<div id=\"ez-toc-container\" class=\"ez-toc-v2_0_82_2 counter-hierarchy ez-toc-counter ez-toc-grey ez-toc-container-direction\">\n<div class=\"ez-toc-title-container\">\n<p class=\"ez-toc-title\" style=\"cursor:inherit\">Contenido<\/p>\n<span class=\"ez-toc-title-toggle\"><a href=\"#\" class=\"ez-toc-pull-right ez-toc-btn ez-toc-btn-xs ez-toc-btn-default ez-toc-toggle\" aria-label=\"Alternar tabla de contenidos\"><span class=\"ez-toc-js-icon-con\"><span class=\"\"><span class=\"eztoc-hide\" style=\"display:none;\">Palanca<\/span><span class=\"ez-toc-icon-toggle-span\"><svg style=\"fill: #999;color:#999\" xmlns=\"http:\/\/www.w3.org\/2000\/svg\" class=\"list-377408\" width=\"20px\" height=\"20px\" viewbox=\"0 0 24 24\" fill=\"none\"><path d=\"M6 6H4v2h2V6zm14 0H8v2h12V6zM4 11h2v2H4v-2zm16 0H8v2h12v-2zM4 16h2v2H4v-2zm16 0H8v2h12v-2z\" fill=\"currentColor\"><\/path><\/svg><svg style=\"fill: #999;color:#999\" class=\"arrow-unsorted-368013\" xmlns=\"http:\/\/www.w3.org\/2000\/svg\" width=\"10px\" height=\"10px\" viewbox=\"0 0 24 24\" version=\"1.2\" baseprofile=\"tiny\"><path d=\"M18.2 9.3l-6.2-6.3-6.2 6.3c-.2.2-.3.4-.3.7s.1.5.3.7c.2.2.4.3.7.3h11c.3 0 .5-.1.7-.3.2-.2.3-.5.3-.7s-.1-.5-.3-.7zM5.8 14.7l6.2 6.3 6.2-6.3c.2-.2.3-.5.3-.7s-.1-.5-.3-.7c-.2-.2-.4-.3-.7-.3h-11c-.3 0-.5.1-.7.3-.2.2-.3.5-.3.7s.1.5.3.7z\"\/><\/svg><\/span><\/span><\/span><\/a><\/span><\/div>\n<nav><ul class='ez-toc-list ez-toc-list-level-1' ><li class='ez-toc-page-1 ez-toc-heading-level-2'><a class=\"ez-toc-link ez-toc-heading-1\" href=\"https:\/\/mythslegendes.com\/es\/mitologia-iberica\/el-libro-de-la-sabiduria-del-mundo\/#Livre-de-la-sagesse-du-monde\" >libro sabiduria mundial<\/a><\/li><\/ul><\/nav><\/div>\n<h2><span class=\"ez-toc-section\" id=\"Livre-de-la-sagesse-du-monde\"><\/span>libro sabiduria mundial<span class=\"ez-toc-section-end\"><\/span><\/h2>\n<p>Una viuda tiene siete hijos. Ella es pobre. Ella es incluso la m\u00e1s pobre de todo su pueblo. Un a\u00f1o, la hambruna asol\u00f3 el pa\u00eds y los pobres, ya tan pobres, llegaron al fondo de su miseria. Sus siete hijos deciden ir y ganarse la vida por todo el mundo. Se van con pies de plomo, desesperados por dejar atr\u00e1s a su amada madre.<\/p>\n<p><\/p>\n<p><strong>***<\/strong><\/p>\n<p><\/p>\n<p>Viajan mucho tiempo yendo de ciudad en ciudad pero no encuentran trabajo. Son demasiado j\u00f3venes, demasiado numerosos, demasiado delgados... D\u00eda tras d\u00eda, tienen m\u00e1s y m\u00e1s hambre y m\u00e1s y m\u00e1s cansancio. Duermen con el est\u00f3mago vac\u00edo en los bosques, en zanjas o al costado de los caminos.<\/p>\n<p><\/p>\n<p><strong>***<\/strong><\/p>\n<p><\/p>\n<p>Una ma\u00f1ana, cuando el clima era particularmente malo, cuando llov\u00eda a c\u00e1ntaros, cuando soplaba un viento helado que arrastraba manchas de niebla a su paso, cuando ten\u00edan mucho fr\u00edo, estaban mojados de pies a cabeza y tan desesperados por &#039;estar en en tan mal estado, se encuentran justo fuera de los muros derruidos de un castillo. Llaman a la puerta pero nadie viene a abrir. Empujan la puerta y se encuentran en un patio vac\u00edo.<\/p>\n<p>Sin perros guardianes, sin caballos en los establos, sin luz detr\u00e1s de las ventanas rotas. Se dirigen hacia lo que parece ser el edificio principal. Llaman pero solo el eco les devuelve las llamadas. Visitan todas las habitaciones. Est\u00e1n sucios, cubiertos de polvo y del techo cuelgan grandes telara\u00f1as.<\/p>\n<p><\/p>\n<p><strong>***<\/strong><\/p>\n<p><\/p>\n<p>Llegados a la \u00faltima habitaci\u00f3n, se detienen at\u00f3nitos. La habitaci\u00f3n est\u00e1 ordenada, limpia. En su centro se levanta una mesa admirablemente amueblada con siete platos de plata, platos de carne, salsas humeantes, las m\u00e1s variadas verduras, siete copas de cristal, siete servilletas de seda, pan fresco en la panera, candelabros con velas rojas. En la chimenea, los le\u00f1os solo esperan la chispa para extender su suave calor por toda la habitaci\u00f3n.<\/p>\n<p><\/p>\n<p><strong>***<\/strong><\/p>\n<p><\/p>\n<p>El hambre es tan fuerte que entran en la habitaci\u00f3n, se sientan a la mesa y comen con ganas. El mayor incluso se atreve a encender el fuego. Ellos son buenos. En medio de su comida, escuchan una voz quejumbrosa que les dice:<br \/>\u2013 \u00a1M\u00e1s luz, a\u00fan m\u00e1s luz!<\/p>\n<p>Se miran sin hablar. Despu\u00e9s de un rato, volvi\u00f3 el silencio y nuestros siete chicos tomaron sus copas para beber. Al acercar sus labios a los vasos, la voz vuelve a gemir:<br \/>\u2013 \u00a1M\u00e1s luz, a\u00fan m\u00e1s luz!<\/p>\n<p>El mayor toma coraje con ambas manos, enciende una antorcha y dice:<br \/>- Voy a ver lo que est\u00e1 pasando.<br \/>\u2013 Vamos contigo, dicen los hermanos.<\/p>\n<p>Salen al pasillo, suben las escaleras. La luna ilumina los escalones. Llegados arriba, visitan las habitaciones sin encontrar nada. Por todas partes el mismo polvo, las mismas telara\u00f1as. Suben otro tramo de escaleras y llegan a una \u00faltima puerta en lo m\u00e1s alto de la torre. Empujan la puerta para abrirla pero retroceden. La habitaci\u00f3n la ocupa un anciano de larga barba blanca, tan larga que toca el suelo, y cabello inmaculado. Su cara est\u00e1 muy p\u00e1lida.<\/p>\n<p>Est\u00e1 sentado en una silla vieja y hundida detr\u00e1s de una mesa desvencijada. Detr\u00e1s de la silla se encuentra una pintura enorme que representa a un gato negro con ojos verde esmeralda que brilla con una luz espeluznante y mira fijamente a los siete ni\u00f1os. A pesar de su coraje, tiemblan bajo esta mirada.<\/p>\n<p><\/p>\n<p><strong>***<\/strong><\/p>\n<p><\/p>\n<p>El anciano no parec\u00eda ver a los siete hermanos. Est\u00e1 inmerso en un libro enorme y parece tener dificultades para descifrarlo. Empieza a gemir.<br \/>\u2013 \u00a1M\u00e1s luz, a\u00fan m\u00e1s luz!<br \/>Las piernas de los siete hermanos tiemblan cada vez m\u00e1s. El mayor es sin duda el m\u00e1s valiente. Se acerca al anciano, lleno de l\u00e1stima, levanta su antorcha sobre el libro mientras le dice:<br \/>\u2013 Hay luz.<\/p>\n<p><\/p>\n<p><strong>***<\/strong><\/p>\n<p><\/p>\n<p>El anciano baja la cabeza y reanuda la lectura febrilmente. Se traga las p\u00e1ginas amarillentas en lugar de leerlas como si temiera que la luz se apagar\u00e1 antes de que haya terminado. En la \u00faltima p\u00e1gina, suspira y cierra el volumen encuadernado en cuero viejo con esquinas plateadas oscurecidas por el tiempo.<\/p>\n<p>El hombre levanta la cabeza y mirando al anciano dice:<br \/>\u201cGracias, mi muchacho. Les agradezco a todos por liberarme. Cuando a\u00fan viv\u00eda, hace mucho, mucho tiempo, no amaba a nadie y mi coraz\u00f3n no conoc\u00eda la piedad. La gente estaba huyendo de m\u00ed. Estaba condenado a quedarme en este cuarto oscuro hasta que terminara de leer este gran libro.<\/p>\n<p>Habla de gente sabia y buena. Describe los sufrimientos, los dolores, las l\u00e1grimas, las injusticias que golpean a este pueblo. Tambi\u00e9n detalla todas las fechor\u00edas de las que soy culpable, mi ego\u00edsmo, mi crueldad. En estas p\u00e1ginas est\u00e1n las l\u00e1grimas de las madres que velan por sus hijos enfermos, el dolor de los hijos que no pueden ayudar a sus padres, la desesperaci\u00f3n de las madres cuyos hijos las han dejado para siempre. Empec\u00e9 a leer esto hace cien a\u00f1os y a\u00fan no lo hab\u00eda terminado. S\u00f3lo quien me iluminara podr\u00eda salvarme. me rescataste; como recompensa, te doy este castillo. <\/p>\n<p>Est\u00e1 bastante deteriorado, pero si cavas en el s\u00f3tano, encontrar\u00e1s siete ollas de oro; son para ti Mientras pronuncia sus palabras, una corriente de aire sopla repentinamente sobre la antorcha. El menor va a buscar otro pero cuando regresa, el anciano, el libro y el gato del marco hab\u00edan desaparecido.<\/p>\n<p><\/p>\n<p><strong>***<\/strong><\/p>\n<p><\/p>\n<p>Los siete hermanos descienden al s\u00f3tano y encuentran las ollas llenas de oro como les hab\u00eda dicho el anciano. Traen a su madre, restauran el castillo, limpian todas las habitaciones y restauran el edificio a su antigua gloria. Nunca m\u00e1s conocieron ni la miseria ni el hambre. Nunca olvidaron al anciano ni el contenido de su libro que no era otro que el libro de la sabidur\u00eda del mundo.<\/p>\n<p><\/p>\t\t\t\t\t\t\t\t<\/div>\n\t\t\t\t<\/div>\n\t\t\t\t\t<\/div>\n\t\t<\/div>\n\t\t\t\t\t<\/div>\n\t\t<\/section>\n\t\t\t\t<\/div>","protected":false},"excerpt":{"rendered":"<p>Mythologie Ib\u00e9rique Wiki Voici des extraits du Livre de la sagesse du monde. Livre de la sagesse du monde Une &hellip; <\/p>","protected":false},"author":1,"featured_media":0,"parent":2187,"menu_order":0,"comment_status":"closed","ping_status":"closed","template":"","meta":{"footnotes":""},"class_list":["post-2530","page","type-page","status-publish","hentry"],"amp_enabled":true,"_links":{"self":[{"href":"https:\/\/mythslegendes.com\/es\/wp-json\/wp\/v2\/pages\/2530","targetHints":{"allow":["GET"]}}],"collection":[{"href":"https:\/\/mythslegendes.com\/es\/wp-json\/wp\/v2\/pages"}],"about":[{"href":"https:\/\/mythslegendes.com\/es\/wp-json\/wp\/v2\/types\/page"}],"author":[{"embeddable":true,"href":"https:\/\/mythslegendes.com\/es\/wp-json\/wp\/v2\/users\/1"}],"replies":[{"embeddable":true,"href":"https:\/\/mythslegendes.com\/es\/wp-json\/wp\/v2\/comments?post=2530"}],"version-history":[{"count":1,"href":"https:\/\/mythslegendes.com\/es\/wp-json\/wp\/v2\/pages\/2530\/revisions"}],"predecessor-version":[{"id":24801,"href":"https:\/\/mythslegendes.com\/es\/wp-json\/wp\/v2\/pages\/2530\/revisions\/24801"}],"up":[{"embeddable":true,"href":"https:\/\/mythslegendes.com\/es\/wp-json\/wp\/v2\/pages\/2187"}],"wp:attachment":[{"href":"https:\/\/mythslegendes.com\/es\/wp-json\/wp\/v2\/media?parent=2530"}],"curies":[{"name":"wp","href":"https:\/\/api.w.org\/{rel}","templated":true}]}}