{"id":2538,"date":"2020-07-12T20:41:34","date_gmt":"2020-07-12T19:41:34","guid":{"rendered":"https:\/\/mythslegendes.com\/?page_id=2538"},"modified":"2022-12-03T22:07:10","modified_gmt":"2022-12-03T22:07:10","slug":"la-grenouille-et-la-couleuvre","status":"publish","type":"page","link":"https:\/\/mythslegendes.com\/es\/mitologia-iberica\/la-rana-y-la-serpiente\/","title":{"rendered":"La rana y la serpiente"},"content":{"rendered":"<div data-elementor-type=\"wp-page\" data-elementor-id=\"2538\" class=\"elementor elementor-2538\">\n\t\t\t\t\t\t<section class=\"elementor-section elementor-top-section elementor-element elementor-element-eaf2f85 elementor-section-boxed elementor-section-height-default elementor-section-height-default\" data-id=\"eaf2f85\" data-element_type=\"section\" data-e-type=\"section\">\n\t\t\t\t\t\t<div class=\"elementor-container elementor-column-gap-default\">\n\t\t\t\t\t<div class=\"elementor-column elementor-col-50 elementor-top-column elementor-element elementor-element-37f29dd\" data-id=\"37f29dd\" data-element_type=\"column\" data-e-type=\"column\">\n\t\t\t<div class=\"elementor-widget-wrap elementor-element-populated\">\n\t\t\t\t\t\t<div class=\"elementor-element elementor-element-9ab79e4 elementor-align-justify elementor-widget elementor-widget-button\" data-id=\"9ab79e4\" data-element_type=\"widget\" data-e-type=\"widget\" data-widget_type=\"button.default\">\n\t\t\t\t<div class=\"elementor-widget-container\">\n\t\t\t\t\t\t\t\t\t<div class=\"elementor-button-wrapper\">\n\t\t\t\t\t<a class=\"elementor-button elementor-button-link elementor-size-sm\" href=\"https:\/\/mythslegendes.com\/es\/mitologia-iberica\/\">\n\t\t\t\t\t\t<span class=\"elementor-button-content-wrapper\">\n\t\t\t\t\t\t\t\t\t<span class=\"elementor-button-text\">Mitolog\u00eda ib\u00e9rica<\/span>\n\t\t\t\t\t<\/span>\n\t\t\t\t\t<\/a>\n\t\t\t\t<\/div>\n\t\t\t\t\t\t\t\t<\/div>\n\t\t\t\t<\/div>\n\t\t\t\t\t<\/div>\n\t\t<\/div>\n\t\t\t\t<div class=\"elementor-column elementor-col-50 elementor-top-column elementor-element elementor-element-0c7b4f1\" data-id=\"0c7b4f1\" data-element_type=\"column\" data-e-type=\"column\">\n\t\t\t<div class=\"elementor-widget-wrap elementor-element-populated\">\n\t\t\t\t\t\t<div class=\"elementor-element elementor-element-2faa6cd elementor-align-justify elementor-widget elementor-widget-button\" data-id=\"2faa6cd\" data-element_type=\"widget\" data-e-type=\"widget\" data-widget_type=\"button.default\">\n\t\t\t\t<div class=\"elementor-widget-container\">\n\t\t\t\t\t\t\t\t\t<div class=\"elementor-button-wrapper\">\n\t\t\t\t\t<a class=\"elementor-button elementor-button-link elementor-size-sm\" href=\"https:\/\/en.wikipedia.org\/wiki\/Spanish_mythology\" target=\"_blank\" rel=\"noopener\">\n\t\t\t\t\t\t<span class=\"elementor-button-content-wrapper\">\n\t\t\t\t\t\t\t\t\t<span class=\"elementor-button-text\">Wiki<\/span>\n\t\t\t\t\t<\/span>\n\t\t\t\t\t<\/a>\n\t\t\t\t<\/div>\n\t\t\t\t\t\t\t\t<\/div>\n\t\t\t\t<\/div>\n\t\t\t\t\t<\/div>\n\t\t<\/div>\n\t\t\t\t\t<\/div>\n\t\t<\/section>\n\t\t\t\t<section class=\"elementor-section elementor-top-section elementor-element elementor-element-42713b44 elementor-section-boxed elementor-section-height-default elementor-section-height-default\" data-id=\"42713b44\" data-element_type=\"section\" data-e-type=\"section\">\n\t\t\t\t\t\t<div class=\"elementor-container elementor-column-gap-default\">\n\t\t\t\t\t<div class=\"elementor-column elementor-col-100 elementor-top-column elementor-element elementor-element-14f82557\" data-id=\"14f82557\" data-element_type=\"column\" data-e-type=\"column\">\n\t\t\t<div class=\"elementor-widget-wrap elementor-element-populated\">\n\t\t\t\t\t\t<div class=\"elementor-element elementor-element-81b6590 elementor-widget elementor-widget-text-editor\" data-id=\"81b6590\" data-element_type=\"widget\" data-e-type=\"widget\" data-widget_type=\"text-editor.default\">\n\t\t\t\t<div class=\"elementor-widget-container\">\n\t\t\t\t\t\t\t\t\t\n<p>Esta es la historia de la rana y la serpiente.<\/p>\n<p><img decoding=\"async\" class=\"alignnone wp-image-5284 size-full\" src=\"https:\/\/mythslegendes.com\/wp-content\/uploads\/2020\/09\/AlphaOmega-e1602613368367.png\" alt=\"la rana y la serpiente\" width=\"25\" height=\"26\" title=\"\"><\/p>\n<div id=\"ez-toc-container\" class=\"ez-toc-v2_0_82_2 counter-hierarchy ez-toc-counter ez-toc-grey ez-toc-container-direction\">\n<div class=\"ez-toc-title-container\">\n<p class=\"ez-toc-title\" style=\"cursor:inherit\">Contenido<\/p>\n<span class=\"ez-toc-title-toggle\"><a href=\"#\" class=\"ez-toc-pull-right ez-toc-btn ez-toc-btn-xs ez-toc-btn-default ez-toc-toggle\" aria-label=\"Alternar tabla de contenidos\"><span class=\"ez-toc-js-icon-con\"><span class=\"\"><span class=\"eztoc-hide\" style=\"display:none;\">Palanca<\/span><span class=\"ez-toc-icon-toggle-span\"><svg style=\"fill: #999;color:#999\" xmlns=\"http:\/\/www.w3.org\/2000\/svg\" class=\"list-377408\" width=\"20px\" height=\"20px\" viewbox=\"0 0 24 24\" fill=\"none\"><path d=\"M6 6H4v2h2V6zm14 0H8v2h12V6zM4 11h2v2H4v-2zm16 0H8v2h12v-2zM4 16h2v2H4v-2zm16 0H8v2h12v-2z\" fill=\"currentColor\"><\/path><\/svg><svg style=\"fill: #999;color:#999\" class=\"arrow-unsorted-368013\" xmlns=\"http:\/\/www.w3.org\/2000\/svg\" width=\"10px\" height=\"10px\" viewbox=\"0 0 24 24\" version=\"1.2\" baseprofile=\"tiny\"><path d=\"M18.2 9.3l-6.2-6.3-6.2 6.3c-.2.2-.3.4-.3.7s.1.5.3.7c.2.2.4.3.7.3h11c.3 0 .5-.1.7-.3.2-.2.3-.5.3-.7s-.1-.5-.3-.7zM5.8 14.7l6.2 6.3 6.2-6.3c.2-.2.3-.5.3-.7s-.1-.5-.3-.7c-.2-.2-.4-.3-.7-.3h-11c-.3 0-.5.1-.7.3-.2.2-.3.5-.3.7s.1.5.3.7z\"\/><\/svg><\/span><\/span><\/span><\/a><\/span><\/div>\n<nav><ul class='ez-toc-list ez-toc-list-level-1' ><li class='ez-toc-page-1 ez-toc-heading-level-2'><a class=\"ez-toc-link ez-toc-heading-1\" href=\"https:\/\/mythslegendes.com\/es\/mitologia-iberica\/la-rana-y-la-serpiente\/#La-grenouille-et-la-couleuvre\" >La rana y la serpiente<\/a><\/li><\/ul><\/nav><\/div>\n<h2><span class=\"ez-toc-section\" id=\"La-grenouille-et-la-couleuvre\"><\/span>La rana y la serpiente<span class=\"ez-toc-section-end\"><\/span><\/h2>\n<p>Hab\u00eda una vez una pareja que no ten\u00eda hijos. Un d\u00eda la esposa se enoj\u00f3 y le dijo a su marido:<\/p>\n\n<ul class=\"wp-block-list\">\n<li>\u00a1C\u00f3mo me gustar\u00eda tener hijos! Incluso si tuvieran que transformarse en rana o serpiente nada m\u00e1s nacer.<\/li>\n<\/ul>\n\n<p>Un a\u00f1o despu\u00e9s de pedir un deseo tan extravagante, la mujer dio a luz a una rana y una serpiente. Se dirigi\u00f3 hacia el mar nada m\u00e1s nacer. Por otro lado, la rana fue criada por sus padres con mucha ternura.<\/p>\n\n<p>Un d\u00eda que la rana saltaba por la casa, su madre le dijo:<\/p>\n\n<ul class=\"wp-block-list\">\n<li>\u00a1Qu\u00e9 desgracia! Me ves ocupado encendiendo el horno para hornear pan y no puedes echarme una mano; \u00a1Ni siquiera eres capaz de llevarle comida a tu padre que trabaja en la monta\u00f1a, con el est\u00f3mago vac\u00edo!<\/li>\n<li>\u00bfCrees que no soy capaz de llevarle la comida a mi padre? \u00a1M\u00e9telo en una cesta y ver\u00e1s c\u00f3mo me va!<\/li>\n<\/ul>\n\n<p>En el camino de regreso, la rana, feliz de haber sido \u00fatil llevando la comida a su padre, no dej\u00f3 de cantar. Su canto era pura maravilla.<\/p>\n\n<p>Un cazador se enamor\u00f3 de su voz y sigui\u00f3 a la rana a casa.<\/p>\n\n<p>La madre pens\u00f3 que el cazador segu\u00eda a su hija para burlarse de ella, y sali\u00f3 blandiendo la pala de pan para ahuyentarla, diciendo:<\/p>\n\n<ul class=\"wp-block-list\">\n<li>\u00a1No dejar\u00e9 que nadie se burle de mi hija rana!<\/li>\n<\/ul>\n\n<p>El cazador regresaba todos los d\u00edas para ver a la rana e incluso acab\u00f3 comprometi\u00e9ndose con ella. Era hijo de un rey y ten\u00eda un hermano gemelo.<\/p>\n\n<p>El rey estaba preocupado porque le era imposible decidir cu\u00e1l de sus dos hijos heredar\u00eda el trono; de hecho, cuando nacieron, a nadie se le hab\u00eda ocurrido notar qui\u00e9n naci\u00f3 primero.<\/p>\n\n<p>Un buen d\u00eda, el rey llam\u00f3 a sus dos hijos y les dijo:<\/p>\n\n<ul class=\"wp-block-list\">\n<li>Sab\u00e9is que me es imposible saber qui\u00e9n de vosotros es el heredero al trono. Para resolver este conflicto he decidido someterte a tres pruebas que tendr\u00e1s que completar con la ayuda de tus prometidas. Quien me traiga los tres objetos m\u00e1s bellos ser\u00e1 mi heredero. La primera prueba consistir\u00e1 en traerme un jarr\u00f3n \u00fanico en el mundo. Ve a buscarlo.<\/li>\n<\/ul>\n\n<p>El que cortej\u00f3 a la rana se dijo:<\/p>\n\n<p>\u201cMi hermano est\u00e1 comprometido con la hija del orfebre del rey, seguramente encontrar\u00e1 un jarr\u00f3n m\u00e1s hermoso que yo; mi pobre rana, \u00bfc\u00f3mo puede ayudarme en este asunto? Voy a ir a contarle lo que me pasa. \u00bb<\/p>\n\n<p>Despu\u00e9s de escucharlo, la rana le dijo:<\/p>\n\n<ul class=\"wp-block-list\">\n<li>\u00a1Ensilla el gallo!<\/li>\n<\/ul>\n\n<p>En cuanto ensill\u00f3 el gallo, mont\u00f3 en \u00e9l, galop\u00f3 hasta la orilla del mar y empez\u00f3 a gritar:<\/p>\n\n<ul class=\"wp-block-list\">\n<li>\u00a1Serpiente de mi coraz\u00f3n!<\/li>\n<li>\u00bfQui\u00e9n me llama?<\/li>\n<li>Tu hermana la rana.<\/li>\n<li>Qu\u00e9 quieres ?<\/li>\n<li>Un jarr\u00f3n tan hermoso que nada en el mundo lo iguala; mi prometido me pregunt\u00f3 por el rey su padre.<\/li>\n<li>Te regalar\u00e9 el jarr\u00f3n que sirve de bebedero a mis gallinas.<\/li>\n<\/ul>\n\n<p>La serpiente se desliz\u00f3 entre las olas y le entreg\u00f3 a su hermana un hermoso jarr\u00f3n. Mont\u00f3 en su gallo y regres\u00f3 con su prometido a toda velocidad.<\/p>\n\n<ul class=\"wp-block-list\">\n<li>Ahora, dijo el rey a sus hijos, despu\u00e9s de que le hubieran dado los jarrones, traedme una alfombra de seda bordada en oro.<\/li>\n<\/ul>\n\n<p>Inmediatamente partieron en b\u00fasqueda.<\/p>\n\n<p>Mi hermano, se dijo el prometido de la rana, traer\u00e1 una alfombra m\u00e1s bonita que yo, porque la hija del orfebre borda maravillosamente y su padre tiene suficiente hilo de oro para una alfombra entera. Voy a pedirle consejo a la rana. \u00bb<\/p>\n\n<p>Fue a buscarla y le explic\u00f3 las dificultades que esperaba para satisfacer el deseo del rey.<\/p>\n\n<p>La rana inmediatamente le dijo:<\/p>\n\n<ul class=\"wp-block-list\">\n<li>No te preocupes. \u00a1Ensilla el gallo!<\/li>\n<\/ul>\n\n<p>En cuanto lo ensillaron, ella mont\u00f3 en \u00e9l y galop\u00f3 hasta la orilla del mar donde empez\u00f3 a gritar:<\/p>\n\n<ul class=\"wp-block-list\">\n<li>\u00a1Serpiente de mi coraz\u00f3n!<\/li>\n<li>\u00bfQui\u00e9n me llama?<\/li>\n<li>Tu hermana, la rana.<\/li>\n<li>Qu\u00e9 quieres ?<\/li>\n<li>Una alfombra de seda bordada en oro, tan hermosa que no hay igual en el mundo. Mi prometido me pregunt\u00f3 por el rey su padre.<\/li>\n<li>Te dar\u00e9 el trapo para que limpies mis l\u00e1mparas de aceite.<\/li>\n<\/ul>\n\n<p>La serpiente arranc\u00f3 un trozo de ola y lo transform\u00f3 en una magn\u00edfica alfombra; en el centro, un escudo reproduc\u00eda el perfil del rey. La rana inmediatamente se lo llev\u00f3 a su prometido, quien inmediatamente se lo dio a su padre.<\/p>\n\n<p>Entonces el rey dijo a sus hijos:<\/p>\n\n<ul class=\"wp-block-list\">\n<li>Llegamos a la \u00faltima prueba. Trae a tus dos novias al palacio para que pueda elegir la m\u00e1s bella.<\/li>\n<\/ul>\n\n<p>Cuando se anunci\u00f3 el calvario, el prometido de la hija del orfebre ya no se sent\u00eda alegre, pues estaba seguro de que su prometida era la m\u00e1s bella. Mientras el amigo de la rana se dec\u00eda:<\/p>\n\n<ul class=\"wp-block-list\">\n<li>Nunca me atrever\u00e9 a presentar a mi prometida en palacio; pero estoy seguro que encontrar\u00e1 soluci\u00f3n a este asunto como a los dos anteriores.<\/li>\n<\/ul>\n\n<p>Entonces le dijo a la rana:<\/p>\n\n<ul class=\"wp-block-list\">\n<li>La tercera prueba que impone mi padre es que llevemos a nuestras novias al palacio para que pueda comparar la belleza de las dos j\u00f3venes.<\/li>\n<li>Entonces no me amas.<\/li>\n<li>Si Te amo.<\/li>\n<li>\u00bfHasta el punto de casarte conmigo?<\/li>\n<li>Absolutamente.<\/li>\n<li>Bueno, ensilla mi polla y s\u00edgueme hasta la playa.<\/li>\n<\/ul>\n\n<p>Tan pronto como llegaron all\u00ed, la rana comenz\u00f3 a llamar:<\/p>\n\n<ul class=\"wp-block-list\">\n<li>\u00a1Serpiente de mi coraz\u00f3n!<\/li>\n<li>\u00bfQui\u00e9n me llama?<\/li>\n<li>Tu hermana la rana.<\/li>\n<li>Qu\u00e9 quieres ?<\/li>\n<li>Un carruaje tirado por cuatro caballos, tan hermoso que nada en el mundo lo iguala. Lo necesito para acompa\u00f1ar a mi prometido al palacio del rey su padre. Vendr\u00e1s con nosotros.<\/li>\n<\/ul>\n\n<p>Inmediatamente aparecieron del mar cuatro caballos blancos, enjaezados con oro, tirando de un carruaje de marfil. All\u00ed se posaron la rana y la serpiente. El hijo del rey subi\u00f3 al asiento del cochero, tom\u00f3 las riendas y condujo el carruaje hasta el palacio.<\/p>\n\n<p>En el camino, la rana dej\u00f3 caer intencionalmente su pa\u00f1uelo en la calle. Su prometido detuvo los caballos y salt\u00f3 del carruaje para recogerlo. Mientras se lo entregaba a la rana, alzando la vista, vio con asombro, sentada en su lugar en el carruaje, a una joven de magn\u00edfica belleza.<\/p>\n\n<ul class=\"wp-block-list\">\n<li>No tengas miedo, le dijo. Me transform\u00e9 en rana al nacer debido a una maldici\u00f3n pronunciada por mi madre, y no pude escapar de este destino hasta que encontr\u00e9 a un hombre que estuviera dispuesto a casarse conmigo. Gracias a ti volv\u00ed a ser yo mismo. Me gustar\u00eda ser bautizado con el nombre de Mar\u00eda. Ahora mi hermana puede volver al mar.<\/li>\n<\/ul>\n\n<p>Cuando el rey vio llegar a su palacio tan hermoso carruaje y de \u00e9l descender una joven tan bonita, orden\u00f3 que se reuniera la Corte para juzgar el resultado de las tres pruebas realizadas por sus hijos.<\/p>\n\n<p>Antes del veredicto, todos participaron en un banquete. Mientras se sentaban a comer, el prometido de la hija del orfebre le recomend\u00f3:<\/p>\n\n<ul class=\"wp-block-list\">\n<li>Haz lo que quiera que haga la prometida de mi hermano.<\/li>\n<\/ul>\n\n<p>Marie reservaba una cucharada de cada plato que les serv\u00eda de rodillas.<\/p>\n\n<p>La hija del orfebre hizo lo mismo. Al final del banquete, Mar\u00eda tom\u00f3 un pu\u00f1ado de comida, que se convirti\u00f3 en flores mientras se la arrojaba al rey y a sus invitados.<\/p>\n\n<p>La hija del orfebre quiso imitar a Mar\u00eda; y empez\u00f3 a tirar pu\u00f1ados de comida al rey y a los dem\u00e1s invitados\u2026 \u00a1y les manch\u00f3 toda la ropa!<\/p>\n\n<p>El rey present\u00f3 entonces a la corte las tres prendas que le hab\u00eda tra\u00eddo cada uno de sus hijos, y todos coincidieron en que las m\u00e1s hermosas eran las del prometido de Mar\u00eda. En virtud de esta elecci\u00f3n, fue nombrado heredero al trono y se cas\u00f3 con su novia al d\u00eda siguiente.<\/p>\n\n<p>Uno de los pr\u00edncipes invitados a la boda declar\u00f3 que quer\u00eda casarse con la serpiente. Inmediatamente se dirigi\u00f3 a la playa con Mar\u00eda, quien comenz\u00f3 a llamar:<\/p>\n\n<ul class=\"wp-block-list\">\n<li>\u00a1Serpiente de mi coraz\u00f3n!<\/li>\n<li>\u00bfQui\u00e9n me llama?<\/li>\n<li>La reina, tu hermana.<\/li>\n<li>Qu\u00e9 quieres ?<\/li>\n<li>Sacarte del mar para siempre; Este pr\u00edncipe quiere casarse contigo.<\/li>\n<\/ul>\n\n<p>La serpiente sali\u00f3 del agua y le dijo al pr\u00edncipe:<\/p>\n\n<ul class=\"wp-block-list\">\n<li>Tu de verdad me amas ?<\/li>\n<li>Pero s\u00ed !<\/li>\n<li>Mira, no soy m\u00e1s que una serpiente.<\/li>\n<li>Me importa poco ; Te quiero como eres.<\/li>\n<li>Gracias ! Gracias a ti, escap\u00e9 de la maldici\u00f3n de mi madre.<\/li>\n<\/ul>\n\n<p>Al o\u00edr estas palabras, la serpiente se transform\u00f3 en una joven tan hermosa como su hermana y se cas\u00f3 con el pr\u00edncipe.<\/p>\n\n<p>Todos vivieron muy felices.<\/p>\n\t\t\t\t\t\t\t\t<\/div>\n\t\t\t\t<\/div>\n\t\t\t\t\t<\/div>\n\t\t<\/div>\n\t\t\t\t\t<\/div>\n\t\t<\/section>\n\t\t\t\t<\/div>","protected":false},"excerpt":{"rendered":"<p>Wiki Mitolog\u00eda Ib\u00e9rica Aqu\u00ed est\u00e1 la historia de la rana y la serpiente. La Rana y la Serpiente \u00c9rase una vez... <\/p>","protected":false},"author":1,"featured_media":0,"parent":2187,"menu_order":0,"comment_status":"closed","ping_status":"closed","template":"","meta":{"footnotes":""},"class_list":["post-2538","page","type-page","status-publish","hentry"],"amp_enabled":true,"_links":{"self":[{"href":"https:\/\/mythslegendes.com\/es\/wp-json\/wp\/v2\/pages\/2538","targetHints":{"allow":["GET"]}}],"collection":[{"href":"https:\/\/mythslegendes.com\/es\/wp-json\/wp\/v2\/pages"}],"about":[{"href":"https:\/\/mythslegendes.com\/es\/wp-json\/wp\/v2\/types\/page"}],"author":[{"embeddable":true,"href":"https:\/\/mythslegendes.com\/es\/wp-json\/wp\/v2\/users\/1"}],"replies":[{"embeddable":true,"href":"https:\/\/mythslegendes.com\/es\/wp-json\/wp\/v2\/comments?post=2538"}],"version-history":[{"count":1,"href":"https:\/\/mythslegendes.com\/es\/wp-json\/wp\/v2\/pages\/2538\/revisions"}],"predecessor-version":[{"id":24803,"href":"https:\/\/mythslegendes.com\/es\/wp-json\/wp\/v2\/pages\/2538\/revisions\/24803"}],"up":[{"embeddable":true,"href":"https:\/\/mythslegendes.com\/es\/wp-json\/wp\/v2\/pages\/2187"}],"wp:attachment":[{"href":"https:\/\/mythslegendes.com\/es\/wp-json\/wp\/v2\/media?parent=2538"}],"curies":[{"name":"wp","href":"https:\/\/api.w.org\/{rel}","templated":true}]}}