{"id":2541,"date":"2020-07-12T20:43:18","date_gmt":"2020-07-12T19:43:18","guid":{"rendered":"https:\/\/mythslegendes.com\/?page_id=2541"},"modified":"2022-12-03T22:07:10","modified_gmt":"2022-12-03T22:07:10","slug":"la-daurade-et-les-epoux","status":"publish","type":"page","link":"https:\/\/mythslegendes.com\/es\/mitologia-iberica\/besugo-y-los-maridos\/","title":{"rendered":"El besugo y los maridos"},"content":{"rendered":"<div data-elementor-type=\"wp-page\" data-elementor-id=\"2541\" class=\"elementor elementor-2541\">\n\t\t\t\t\t\t<section class=\"elementor-section elementor-top-section elementor-element elementor-element-3ad834e elementor-section-boxed elementor-section-height-default elementor-section-height-default\" data-id=\"3ad834e\" data-element_type=\"section\" data-e-type=\"section\">\n\t\t\t\t\t\t<div class=\"elementor-container elementor-column-gap-default\">\n\t\t\t\t\t<div class=\"elementor-column elementor-col-50 elementor-top-column elementor-element elementor-element-3ecbf7e\" data-id=\"3ecbf7e\" data-element_type=\"column\" data-e-type=\"column\">\n\t\t\t<div class=\"elementor-widget-wrap elementor-element-populated\">\n\t\t\t\t\t\t<div class=\"elementor-element elementor-element-fa76a15 elementor-align-justify elementor-widget elementor-widget-button\" data-id=\"fa76a15\" data-element_type=\"widget\" data-e-type=\"widget\" data-widget_type=\"button.default\">\n\t\t\t\t<div class=\"elementor-widget-container\">\n\t\t\t\t\t\t\t\t\t<div class=\"elementor-button-wrapper\">\n\t\t\t\t\t<a class=\"elementor-button elementor-button-link elementor-size-sm\" href=\"https:\/\/mythslegendes.com\/es\/mitologia-iberica\/\">\n\t\t\t\t\t\t<span class=\"elementor-button-content-wrapper\">\n\t\t\t\t\t\t\t\t\t<span class=\"elementor-button-text\">Mitolog\u00eda ib\u00e9rica<\/span>\n\t\t\t\t\t<\/span>\n\t\t\t\t\t<\/a>\n\t\t\t\t<\/div>\n\t\t\t\t\t\t\t\t<\/div>\n\t\t\t\t<\/div>\n\t\t\t\t\t<\/div>\n\t\t<\/div>\n\t\t\t\t<div class=\"elementor-column elementor-col-50 elementor-top-column elementor-element elementor-element-037bcf8\" data-id=\"037bcf8\" data-element_type=\"column\" data-e-type=\"column\">\n\t\t\t<div class=\"elementor-widget-wrap elementor-element-populated\">\n\t\t\t\t\t\t<div class=\"elementor-element elementor-element-ce55c6b elementor-align-justify elementor-widget elementor-widget-button\" data-id=\"ce55c6b\" data-element_type=\"widget\" data-e-type=\"widget\" data-widget_type=\"button.default\">\n\t\t\t\t<div class=\"elementor-widget-container\">\n\t\t\t\t\t\t\t\t\t<div class=\"elementor-button-wrapper\">\n\t\t\t\t\t<a class=\"elementor-button elementor-button-link elementor-size-sm\" href=\"https:\/\/en.wikipedia.org\/wiki\/Spanish_mythology\" target=\"_blank\" rel=\"noopener\">\n\t\t\t\t\t\t<span class=\"elementor-button-content-wrapper\">\n\t\t\t\t\t\t\t\t\t<span class=\"elementor-button-text\">Wiki<\/span>\n\t\t\t\t\t<\/span>\n\t\t\t\t\t<\/a>\n\t\t\t\t<\/div>\n\t\t\t\t\t\t\t\t<\/div>\n\t\t\t\t<\/div>\n\t\t\t\t\t<\/div>\n\t\t<\/div>\n\t\t\t\t\t<\/div>\n\t\t<\/section>\n\t\t\t\t<section class=\"elementor-section elementor-top-section elementor-element elementor-element-2d0c3fe8 elementor-section-boxed elementor-section-height-default elementor-section-height-default\" data-id=\"2d0c3fe8\" data-element_type=\"section\" data-e-type=\"section\">\n\t\t\t\t\t\t<div class=\"elementor-container elementor-column-gap-default\">\n\t\t\t\t\t<div class=\"elementor-column elementor-col-100 elementor-top-column elementor-element elementor-element-d70b2c3\" data-id=\"d70b2c3\" data-element_type=\"column\" data-e-type=\"column\">\n\t\t\t<div class=\"elementor-widget-wrap elementor-element-populated\">\n\t\t\t\t\t\t<div class=\"elementor-element elementor-element-41aeae02 elementor-widget elementor-widget-text-editor\" data-id=\"41aeae02\" data-element_type=\"widget\" data-e-type=\"widget\" data-widget_type=\"text-editor.default\">\n\t\t\t\t<div class=\"elementor-widget-container\">\n\t\t\t\t\t\t\t\t\t\n<p>\u00c9rase una vez, un hombre y su esposa com\u00edan besugo. Este cuento se llama Besugo y C\u00f3nyuges.<\/p>\n<p><img decoding=\"async\" class=\"alignnone wp-image-5284 size-full\" src=\"https:\/\/mythslegendes.com\/wp-content\/uploads\/2020\/09\/AlphaOmega-e1602613368367.png\" alt=\"dorada y esposos\" width=\"25\" height=\"26\" title=\"\"><\/p>\n<div id=\"ez-toc-container\" class=\"ez-toc-v2_0_82_2 counter-hierarchy ez-toc-counter ez-toc-grey ez-toc-container-direction\">\n<div class=\"ez-toc-title-container\">\n<p class=\"ez-toc-title\" style=\"cursor:inherit\">Contenido<\/p>\n<span class=\"ez-toc-title-toggle\"><a href=\"#\" class=\"ez-toc-pull-right ez-toc-btn ez-toc-btn-xs ez-toc-btn-default ez-toc-toggle\" aria-label=\"Alternar tabla de contenidos\"><span class=\"ez-toc-js-icon-con\"><span class=\"\"><span class=\"eztoc-hide\" style=\"display:none;\">Palanca<\/span><span class=\"ez-toc-icon-toggle-span\"><svg style=\"fill: #999;color:#999\" xmlns=\"http:\/\/www.w3.org\/2000\/svg\" class=\"list-377408\" width=\"20px\" height=\"20px\" viewbox=\"0 0 24 24\" fill=\"none\"><path d=\"M6 6H4v2h2V6zm14 0H8v2h12V6zM4 11h2v2H4v-2zm16 0H8v2h12v-2zM4 16h2v2H4v-2zm16 0H8v2h12v-2z\" fill=\"currentColor\"><\/path><\/svg><svg style=\"fill: #999;color:#999\" class=\"arrow-unsorted-368013\" xmlns=\"http:\/\/www.w3.org\/2000\/svg\" width=\"10px\" height=\"10px\" viewbox=\"0 0 24 24\" version=\"1.2\" baseprofile=\"tiny\"><path d=\"M18.2 9.3l-6.2-6.3-6.2 6.3c-.2.2-.3.4-.3.7s.1.5.3.7c.2.2.4.3.7.3h11c.3 0 .5-.1.7-.3.2-.2.3-.5.3-.7s-.1-.5-.3-.7zM5.8 14.7l6.2 6.3 6.2-6.3c.2-.2.3-.5.3-.7s-.1-.5-.3-.7c-.2-.2-.4-.3-.7-.3h-11c-.3 0-.5.1-.7.3-.2.2-.3.5-.3.7s.1.5.3.7z\"\/><\/svg><\/span><\/span><\/span><\/a><\/span><\/div>\n<nav><ul class='ez-toc-list ez-toc-list-level-1' ><li class='ez-toc-page-1 ez-toc-heading-level-2'><a class=\"ez-toc-link ez-toc-heading-1\" href=\"https:\/\/mythslegendes.com\/es\/mitologia-iberica\/besugo-y-los-maridos\/#La-daurade-et-les-epoux\" >El besugo y los maridos<\/a><\/li><\/ul><\/nav><\/div>\n<h2><span class=\"ez-toc-section\" id=\"La-daurade-et-les-epoux\"><\/span>El besugo y los maridos<span class=\"ez-toc-section-end\"><\/span><\/h2>\n\n<p>Por la tarde, aprovechando la ausencia de su esposo que estaba trabajando en la monta\u00f1a, la esposa as\u00f3 el pescado a la parrilla y lo devor\u00f3. Hacia la tarde, el hombre volvi\u00f3 a bajar y lleg\u00f3 a su casa donde su compa\u00f1ero glot\u00f3n le dijo:<\/p>\n\n<ul class=\"wp-block-list\">\n<li>\u00a1Mi pobre Pierre, Dios sabe lo que nos volver\u00e1 a pasar! Mientras desenganchaba el besugo del clavo, este descarado se me escap\u00f3 de las manos y escap\u00f3 al arroyo.<\/li>\n<\/ul>\n\n<p>Ante estas palabras, el hombre agarr\u00f3 un palo y comenz\u00f3 a hurgar en todos los rincones de la casa. Sus esfuerzos fueron in\u00fatiles.<\/p>\n\n<p>Al d\u00eda siguiente, de camino a casa, pas\u00f3 frente al puesto de un pescadero que le present\u00f3 un besugo bastante similar a su supuesta comida. Murmur\u00f3 &quot;Te tengo, brib\u00f3n&quot;, lo agarr\u00f3 y lo llev\u00f3 a casa. El comerciante comenz\u00f3 a perseguir a Pierre, grit\u00e1ndole e insult\u00e1ndolo. Todos los habitantes de la calle se retorc\u00edan de risa\u2026 Para calmar las cosas, un se\u00f1or pag\u00f3 el pescado al comerciante.<\/p>\n\n<p>Una vez en casa, Pierre empez\u00f3 a preparar la comida con mucho esmero. Puso el pescado en una olla grande llena de agua, la puso al fuego y se sent\u00f3 frente al hogar, el palo en la mano para asegurarse de que el pescado no se escapara de nuevo.<\/p>\n\n<p>Pronto el agua comenz\u00f3 a hervir. Pierre, creyendo que el pez estaba tratando de escapar de nuevo, dio furiosos golpes con su palo en la olla que se rompi\u00f3 en mil pedazos.<\/p>\n\n<p>La fea esposa volvi\u00f3 a ser la causante de esta nueva desgracia.<\/p>\n\t\t\t\t\t\t\t\t<\/div>\n\t\t\t\t<\/div>\n\t\t\t\t\t<\/div>\n\t\t<\/div>\n\t\t\t\t\t<\/div>\n\t\t<\/section>\n\t\t\t\t<\/div>","protected":false},"excerpt":{"rendered":"<p>Mythologie Ib\u00e9rique Wiki Il \u00e9tait une fois, un homme et sa femme qui avaient une daurade pour leur repas. Cette &hellip; <\/p>","protected":false},"author":1,"featured_media":0,"parent":2187,"menu_order":0,"comment_status":"closed","ping_status":"closed","template":"","meta":{"footnotes":""},"class_list":["post-2541","page","type-page","status-publish","hentry"],"amp_enabled":true,"_links":{"self":[{"href":"https:\/\/mythslegendes.com\/es\/wp-json\/wp\/v2\/pages\/2541","targetHints":{"allow":["GET"]}}],"collection":[{"href":"https:\/\/mythslegendes.com\/es\/wp-json\/wp\/v2\/pages"}],"about":[{"href":"https:\/\/mythslegendes.com\/es\/wp-json\/wp\/v2\/types\/page"}],"author":[{"embeddable":true,"href":"https:\/\/mythslegendes.com\/es\/wp-json\/wp\/v2\/users\/1"}],"replies":[{"embeddable":true,"href":"https:\/\/mythslegendes.com\/es\/wp-json\/wp\/v2\/comments?post=2541"}],"version-history":[{"count":1,"href":"https:\/\/mythslegendes.com\/es\/wp-json\/wp\/v2\/pages\/2541\/revisions"}],"predecessor-version":[{"id":24804,"href":"https:\/\/mythslegendes.com\/es\/wp-json\/wp\/v2\/pages\/2541\/revisions\/24804"}],"up":[{"embeddable":true,"href":"https:\/\/mythslegendes.com\/es\/wp-json\/wp\/v2\/pages\/2187"}],"wp:attachment":[{"href":"https:\/\/mythslegendes.com\/es\/wp-json\/wp\/v2\/media?parent=2541"}],"curies":[{"name":"wp","href":"https:\/\/api.w.org\/{rel}","templated":true}]}}