{"id":2544,"date":"2020-07-12T20:45:15","date_gmt":"2020-07-12T19:45:15","guid":{"rendered":"https:\/\/mythslegendes.com\/?page_id=2544"},"modified":"2022-12-03T22:07:10","modified_gmt":"2022-12-03T22:07:10","slug":"la-femme-qui-mangeait-peu","status":"publish","type":"page","link":"https:\/\/mythslegendes.com\/es\/mitologia-iberica\/la-mujer-que-comia-poco\/","title":{"rendered":"La mujer que com\u00eda poco"},"content":{"rendered":"<div data-elementor-type=\"wp-page\" data-elementor-id=\"2544\" class=\"elementor elementor-2544\">\n\t\t\t\t\t\t<section class=\"elementor-section elementor-top-section elementor-element elementor-element-9125895 elementor-section-boxed elementor-section-height-default elementor-section-height-default\" data-id=\"9125895\" data-element_type=\"section\" data-e-type=\"section\">\n\t\t\t\t\t\t<div class=\"elementor-container elementor-column-gap-default\">\n\t\t\t\t\t<div class=\"elementor-column elementor-col-50 elementor-top-column elementor-element elementor-element-7562cec\" data-id=\"7562cec\" data-element_type=\"column\" data-e-type=\"column\">\n\t\t\t<div class=\"elementor-widget-wrap elementor-element-populated\">\n\t\t\t\t\t\t<div class=\"elementor-element elementor-element-488749d elementor-align-justify elementor-widget elementor-widget-button\" data-id=\"488749d\" data-element_type=\"widget\" data-e-type=\"widget\" data-widget_type=\"button.default\">\n\t\t\t\t<div class=\"elementor-widget-container\">\n\t\t\t\t\t\t\t\t\t<div class=\"elementor-button-wrapper\">\n\t\t\t\t\t<a class=\"elementor-button elementor-button-link elementor-size-sm\" href=\"https:\/\/mythslegendes.com\/es\/mitologia-iberica\/\">\n\t\t\t\t\t\t<span class=\"elementor-button-content-wrapper\">\n\t\t\t\t\t\t\t\t\t<span class=\"elementor-button-text\">Mitolog\u00eda ib\u00e9rica<\/span>\n\t\t\t\t\t<\/span>\n\t\t\t\t\t<\/a>\n\t\t\t\t<\/div>\n\t\t\t\t\t\t\t\t<\/div>\n\t\t\t\t<\/div>\n\t\t\t\t\t<\/div>\n\t\t<\/div>\n\t\t\t\t<div class=\"elementor-column elementor-col-50 elementor-top-column elementor-element elementor-element-317ffe0\" data-id=\"317ffe0\" data-element_type=\"column\" data-e-type=\"column\">\n\t\t\t<div class=\"elementor-widget-wrap elementor-element-populated\">\n\t\t\t\t\t\t<div class=\"elementor-element elementor-element-f25c18a elementor-align-justify elementor-widget elementor-widget-button\" data-id=\"f25c18a\" data-element_type=\"widget\" data-e-type=\"widget\" data-widget_type=\"button.default\">\n\t\t\t\t<div class=\"elementor-widget-container\">\n\t\t\t\t\t\t\t\t\t<div class=\"elementor-button-wrapper\">\n\t\t\t\t\t<a class=\"elementor-button elementor-button-link elementor-size-sm\" href=\"https:\/\/en.wikipedia.org\/wiki\/Spanish_mythology\" target=\"_blank\" rel=\"noopener\">\n\t\t\t\t\t\t<span class=\"elementor-button-content-wrapper\">\n\t\t\t\t\t\t\t\t\t<span class=\"elementor-button-text\">Wiki<\/span>\n\t\t\t\t\t<\/span>\n\t\t\t\t\t<\/a>\n\t\t\t\t<\/div>\n\t\t\t\t\t\t\t\t<\/div>\n\t\t\t\t<\/div>\n\t\t\t\t\t<\/div>\n\t\t<\/div>\n\t\t\t\t\t<\/div>\n\t\t<\/section>\n\t\t\t\t<section class=\"elementor-section elementor-top-section elementor-element elementor-element-1ab2dfcc elementor-section-boxed elementor-section-height-default elementor-section-height-default\" data-id=\"1ab2dfcc\" data-element_type=\"section\" data-e-type=\"section\">\n\t\t\t\t\t\t<div class=\"elementor-container elementor-column-gap-default\">\n\t\t\t\t\t<div class=\"elementor-column elementor-col-100 elementor-top-column elementor-element elementor-element-72cf720c\" data-id=\"72cf720c\" data-element_type=\"column\" data-e-type=\"column\">\n\t\t\t<div class=\"elementor-widget-wrap elementor-element-populated\">\n\t\t\t\t\t\t<div class=\"elementor-element elementor-element-15973ab7 elementor-widget elementor-widget-text-editor\" data-id=\"15973ab7\" data-element_type=\"widget\" data-e-type=\"widget\" data-widget_type=\"text-editor.default\">\n\t\t\t\t<div class=\"elementor-widget-container\">\n\t\t\t\t\t\t\t\t\t\n<p>Esta historia se llama la mujer que com\u00eda poco. \u00c9rase una vez una casa cuyo marido pastoreaba un reba\u00f1o de cabras. El valiente iba a la monta\u00f1a todos los lunes y solo regresaba a casa el s\u00e1bado. \u00a1Estaba delgado! delgada ! como una ca\u00f1a \u00a1Y su esposa estaba gorda! grande ! como un viejo roble.<\/p>\n<p><img decoding=\"async\" class=\"alignnone wp-image-5284 size-full\" src=\"https:\/\/mythslegendes.com\/wp-content\/uploads\/2020\/09\/AlphaOmega-e1602613368367.png\" alt=\"la mujer que comia poco\" width=\"25\" height=\"26\" title=\"\"><\/p>\n<div id=\"ez-toc-container\" class=\"ez-toc-v2_0_82_2 counter-hierarchy ez-toc-counter ez-toc-grey ez-toc-container-direction\">\n<div class=\"ez-toc-title-container\">\n<p class=\"ez-toc-title\" style=\"cursor:inherit\">Contenido<\/p>\n<span class=\"ez-toc-title-toggle\"><a href=\"#\" class=\"ez-toc-pull-right ez-toc-btn ez-toc-btn-xs ez-toc-btn-default ez-toc-toggle\" aria-label=\"Alternar tabla de contenidos\"><span class=\"ez-toc-js-icon-con\"><span class=\"\"><span class=\"eztoc-hide\" style=\"display:none;\">Palanca<\/span><span class=\"ez-toc-icon-toggle-span\"><svg style=\"fill: #999;color:#999\" xmlns=\"http:\/\/www.w3.org\/2000\/svg\" class=\"list-377408\" width=\"20px\" height=\"20px\" viewbox=\"0 0 24 24\" fill=\"none\"><path d=\"M6 6H4v2h2V6zm14 0H8v2h12V6zM4 11h2v2H4v-2zm16 0H8v2h12v-2zM4 16h2v2H4v-2zm16 0H8v2h12v-2z\" fill=\"currentColor\"><\/path><\/svg><svg style=\"fill: #999;color:#999\" class=\"arrow-unsorted-368013\" xmlns=\"http:\/\/www.w3.org\/2000\/svg\" width=\"10px\" height=\"10px\" viewbox=\"0 0 24 24\" version=\"1.2\" baseprofile=\"tiny\"><path d=\"M18.2 9.3l-6.2-6.3-6.2 6.3c-.2.2-.3.4-.3.7s.1.5.3.7c.2.2.4.3.7.3h11c.3 0 .5-.1.7-.3.2-.2.3-.5.3-.7s-.1-.5-.3-.7zM5.8 14.7l6.2 6.3 6.2-6.3c.2-.2.3-.5.3-.7s-.1-.5-.3-.7c-.2-.2-.4-.3-.7-.3h-11c-.3 0-.5.1-.7.3-.2.2-.3.5-.3.7s.1.5.3.7z\"\/><\/svg><\/span><\/span><\/span><\/a><\/span><\/div>\n<nav><ul class='ez-toc-list ez-toc-list-level-1' ><li class='ez-toc-page-1 ez-toc-heading-level-2'><a class=\"ez-toc-link ez-toc-heading-1\" href=\"https:\/\/mythslegendes.com\/es\/mitologia-iberica\/la-mujer-que-comia-poco\/#La-femme-qui-mangeait-peu\" >La mujer que com\u00eda poco<\/a><\/li><\/ul><\/nav><\/div>\n<h2><span class=\"ez-toc-section\" id=\"La-femme-qui-mangeait-peu\"><\/span>La mujer que com\u00eda poco<span class=\"ez-toc-section-end\"><\/span><\/h2>\n\n<p>Cuando su esposo estaba all\u00ed, la esposa no com\u00eda casi nada; se quej\u00f3 de dolores de est\u00f3mago y dijo que en realidad no ten\u00eda hambre. Su esposo se sorprendi\u00f3:<\/p>\n\n<ul class=\"wp-block-list\">\n<li>Mi esposa no come nada; y ella es muy gorda; es raro.<\/li>\n<\/ul>\n\n<p>Le cont\u00f3 la historia a otro pastor que le dijo:<\/p>\n\n<ul class=\"wp-block-list\">\n<li>El lunes, en lugar de subir a la monta\u00f1a, esc\u00f3ndete en la casa y mira si tu esposa come.<\/li>\n<\/ul>\n\n<p>Lleg\u00f3 el lunes; el pastor se ech\u00f3 la bolsa al hombro y le dijo a su mujer:<\/p>\n\n<ul class=\"wp-block-list\">\n<li>Hasta el s\u00e1bado ! Cu\u00eddate mucho ! No te enfermes por no comer nada.<\/li>\n<\/ul>\n\n<p>Ella le respondi\u00f3:<\/p>\n\n<ul class=\"wp-block-list\">\n<li>\u00a1Pero mi pobre hombre, no tengo hambre! Solo pensar en comer me hace vomitar, \u00a1uf! \u00a1Es mi naturaleza ser gordo!<\/li>\n<\/ul>\n\n<p>El pastor ech\u00f3 a andar en direcci\u00f3n a la monta\u00f1a, pero a mitad de camino se dio la vuelta y, sin mostrarse a su mujer, se col\u00f3 en su casa y se escondi\u00f3 en la trascocina.<\/p>\n\n<p>Desde este puesto de observaci\u00f3n, la vio comiendo una gallina con arroz. Por la tarde, prob\u00f3 una tortilla de chorizo. Al caer la noche, el pastor sali\u00f3 de su escondite, entr\u00f3 en la cocina y le dijo al goloso:<\/p>\n\n<ul class=\"wp-block-list\">\n<li>Buenos dias !<\/li>\n<li>Pero \u00bfpor qu\u00e9 volviste? ella le pregunt\u00f3.<\/li>\n<li>Hab\u00eda tanta niebla en la monta\u00f1a que ten\u00eda miedo de perderme. Adem\u00e1s, estaba lloviendo y ca\u00edan grandes granizos.<\/li>\n<\/ul>\n\n<p>Entonces ella le dijo:<\/p>\n\n<ul class=\"wp-block-list\">\n<li>Deja tu bolso y si\u00e9ntate, te servir\u00e9 la cena.<\/li>\n<\/ul>\n\n<p>Puso un taz\u00f3n de leche y gachas de ma\u00edz sobre la mesa. El pastor le dijo:<\/p>\n\n<ul class=\"wp-block-list\">\n<li>\u00bfNo vas a cenar, esposa m\u00eda?<\/li>\n<li>C\u00f3mo ! En el estado donde estoy! \u00a1Tienes suerte de tener hambre! \u00a1Puaj!<\/li>\n<\/ul>\n\n<p>Pero dime: \u00bfc\u00f3mo es que no est\u00e1s mojado si llueve y graniza tanto en las monta\u00f1as?<\/p>\n\n<ul class=\"wp-block-list\">\n<li>Te lo dir\u00e9 ! Es porque pude refugiarme debajo de una piedra tan grande como el pan que empezaste. Y gracias a este sombrero improvisado casi tan grande como la tortilla que te comiste a las cuatro, no me tocaron granizos tan gruesos como el arroz que comiste para acompa\u00f1ar a la gallina que comiste.<\/li>\n<\/ul>\n\t\t\t\t\t\t\t\t<\/div>\n\t\t\t\t<\/div>\n\t\t\t\t\t<\/div>\n\t\t<\/div>\n\t\t\t\t\t<\/div>\n\t\t<\/section>\n\t\t\t\t<\/div>","protected":false},"excerpt":{"rendered":"<p>Mythologie Ib\u00e9rique Wiki Cette histoire est appel\u00e9 la femme qui mangeait peu. Il \u00e9tait une fois, un m\u00e9nage dont le &hellip; <\/p>","protected":false},"author":1,"featured_media":0,"parent":2187,"menu_order":0,"comment_status":"closed","ping_status":"closed","template":"","meta":{"footnotes":""},"class_list":["post-2544","page","type-page","status-publish","hentry"],"amp_enabled":true,"_links":{"self":[{"href":"https:\/\/mythslegendes.com\/es\/wp-json\/wp\/v2\/pages\/2544","targetHints":{"allow":["GET"]}}],"collection":[{"href":"https:\/\/mythslegendes.com\/es\/wp-json\/wp\/v2\/pages"}],"about":[{"href":"https:\/\/mythslegendes.com\/es\/wp-json\/wp\/v2\/types\/page"}],"author":[{"embeddable":true,"href":"https:\/\/mythslegendes.com\/es\/wp-json\/wp\/v2\/users\/1"}],"replies":[{"embeddable":true,"href":"https:\/\/mythslegendes.com\/es\/wp-json\/wp\/v2\/comments?post=2544"}],"version-history":[{"count":1,"href":"https:\/\/mythslegendes.com\/es\/wp-json\/wp\/v2\/pages\/2544\/revisions"}],"predecessor-version":[{"id":24805,"href":"https:\/\/mythslegendes.com\/es\/wp-json\/wp\/v2\/pages\/2544\/revisions\/24805"}],"up":[{"embeddable":true,"href":"https:\/\/mythslegendes.com\/es\/wp-json\/wp\/v2\/pages\/2187"}],"wp:attachment":[{"href":"https:\/\/mythslegendes.com\/es\/wp-json\/wp\/v2\/media?parent=2544"}],"curies":[{"name":"wp","href":"https:\/\/api.w.org\/{rel}","templated":true}]}}