{"id":2547,"date":"2020-07-12T20:46:41","date_gmt":"2020-07-12T19:46:41","guid":{"rendered":"https:\/\/mythslegendes.com\/?page_id=2547"},"modified":"2022-12-03T22:07:10","modified_gmt":"2022-12-03T22:07:10","slug":"la-berger-qui-ne-mentait-jamais","status":"publish","type":"page","link":"https:\/\/mythslegendes.com\/es\/mitologia-iberica\/el-pastor-que-nunca-miente\/","title":{"rendered":"El pastor que nunca miente"},"content":{"rendered":"<div data-elementor-type=\"wp-page\" data-elementor-id=\"2547\" class=\"elementor elementor-2547\">\n\t\t\t\t\t\t<section class=\"elementor-section elementor-top-section elementor-element elementor-element-5477919 elementor-section-boxed elementor-section-height-default elementor-section-height-default\" data-id=\"5477919\" data-element_type=\"section\" data-e-type=\"section\">\n\t\t\t\t\t\t<div class=\"elementor-container elementor-column-gap-default\">\n\t\t\t\t\t<div class=\"elementor-column elementor-col-50 elementor-top-column elementor-element elementor-element-14db15a\" data-id=\"14db15a\" data-element_type=\"column\" data-e-type=\"column\">\n\t\t\t<div class=\"elementor-widget-wrap elementor-element-populated\">\n\t\t\t\t\t\t<div class=\"elementor-element elementor-element-93191e9 elementor-align-justify elementor-widget elementor-widget-button\" data-id=\"93191e9\" data-element_type=\"widget\" data-e-type=\"widget\" data-widget_type=\"button.default\">\n\t\t\t\t<div class=\"elementor-widget-container\">\n\t\t\t\t\t\t\t\t\t<div class=\"elementor-button-wrapper\">\n\t\t\t\t\t<a class=\"elementor-button elementor-button-link elementor-size-sm\" href=\"https:\/\/mythslegendes.com\/es\/mitologia-iberica\/\">\n\t\t\t\t\t\t<span class=\"elementor-button-content-wrapper\">\n\t\t\t\t\t\t\t\t\t<span class=\"elementor-button-text\">Mitolog\u00eda ib\u00e9rica<\/span>\n\t\t\t\t\t<\/span>\n\t\t\t\t\t<\/a>\n\t\t\t\t<\/div>\n\t\t\t\t\t\t\t\t<\/div>\n\t\t\t\t<\/div>\n\t\t\t\t\t<\/div>\n\t\t<\/div>\n\t\t\t\t<div class=\"elementor-column elementor-col-50 elementor-top-column elementor-element elementor-element-b0f5c65\" data-id=\"b0f5c65\" data-element_type=\"column\" data-e-type=\"column\">\n\t\t\t<div class=\"elementor-widget-wrap elementor-element-populated\">\n\t\t\t\t\t\t<div class=\"elementor-element elementor-element-4836233 elementor-align-justify elementor-widget elementor-widget-button\" data-id=\"4836233\" data-element_type=\"widget\" data-e-type=\"widget\" data-widget_type=\"button.default\">\n\t\t\t\t<div class=\"elementor-widget-container\">\n\t\t\t\t\t\t\t\t\t<div class=\"elementor-button-wrapper\">\n\t\t\t\t\t<a class=\"elementor-button elementor-button-link elementor-size-sm\" href=\"https:\/\/en.wikipedia.org\/wiki\/Spanish_mythology\" target=\"_blank\" rel=\"noopener\">\n\t\t\t\t\t\t<span class=\"elementor-button-content-wrapper\">\n\t\t\t\t\t\t\t\t\t<span class=\"elementor-button-text\">Wiki<\/span>\n\t\t\t\t\t<\/span>\n\t\t\t\t\t<\/a>\n\t\t\t\t<\/div>\n\t\t\t\t\t\t\t\t<\/div>\n\t\t\t\t<\/div>\n\t\t\t\t\t<\/div>\n\t\t<\/div>\n\t\t\t\t\t<\/div>\n\t\t<\/section>\n\t\t\t\t<section class=\"elementor-section elementor-top-section elementor-element elementor-element-65c113ae elementor-section-boxed elementor-section-height-default elementor-section-height-default\" data-id=\"65c113ae\" data-element_type=\"section\" data-e-type=\"section\">\n\t\t\t\t\t\t<div class=\"elementor-container elementor-column-gap-default\">\n\t\t\t\t\t<div class=\"elementor-column elementor-col-100 elementor-top-column elementor-element elementor-element-74063556\" data-id=\"74063556\" data-element_type=\"column\" data-e-type=\"column\">\n\t\t\t<div class=\"elementor-widget-wrap elementor-element-populated\">\n\t\t\t\t\t\t<div class=\"elementor-element elementor-element-5985d9af elementor-widget elementor-widget-text-editor\" data-id=\"5985d9af\" data-element_type=\"widget\" data-e-type=\"widget\" data-widget_type=\"text-editor.default\">\n\t\t\t\t<div class=\"elementor-widget-container\">\n\t\t\t\t\t\t\t\t\t\n<p>Esta es la historia del pastor que nunca minti\u00f3. \u00c9rase una vez un hombre que era due\u00f1o de un gran reba\u00f1o. Lo cuidaba un pastor que ten\u00eda fama de decir siempre la verdad.<\/p>\n<p><img decoding=\"async\" class=\"alignnone wp-image-5284 size-full\" src=\"https:\/\/mythslegendes.com\/wp-content\/uploads\/2020\/09\/AlphaOmega-e1602613368367.png\" alt=\"El pastor que nunca minti\u00f3\" width=\"25\" height=\"26\" title=\"\"><\/p>\n<div id=\"ez-toc-container\" class=\"ez-toc-v2_0_82_2 counter-hierarchy ez-toc-counter ez-toc-grey ez-toc-container-direction\">\n<div class=\"ez-toc-title-container\">\n<p class=\"ez-toc-title\" style=\"cursor:inherit\">Contenido<\/p>\n<span class=\"ez-toc-title-toggle\"><a href=\"#\" class=\"ez-toc-pull-right ez-toc-btn ez-toc-btn-xs ez-toc-btn-default ez-toc-toggle\" aria-label=\"Alternar tabla de contenidos\"><span class=\"ez-toc-js-icon-con\"><span class=\"\"><span class=\"eztoc-hide\" style=\"display:none;\">Palanca<\/span><span class=\"ez-toc-icon-toggle-span\"><svg style=\"fill: #999;color:#999\" xmlns=\"http:\/\/www.w3.org\/2000\/svg\" class=\"list-377408\" width=\"20px\" height=\"20px\" viewbox=\"0 0 24 24\" fill=\"none\"><path d=\"M6 6H4v2h2V6zm14 0H8v2h12V6zM4 11h2v2H4v-2zm16 0H8v2h12v-2zM4 16h2v2H4v-2zm16 0H8v2h12v-2z\" fill=\"currentColor\"><\/path><\/svg><svg style=\"fill: #999;color:#999\" class=\"arrow-unsorted-368013\" xmlns=\"http:\/\/www.w3.org\/2000\/svg\" width=\"10px\" height=\"10px\" viewbox=\"0 0 24 24\" version=\"1.2\" baseprofile=\"tiny\"><path d=\"M18.2 9.3l-6.2-6.3-6.2 6.3c-.2.2-.3.4-.3.7s.1.5.3.7c.2.2.4.3.7.3h11c.3 0 .5-.1.7-.3.2-.2.3-.5.3-.7s-.1-.5-.3-.7zM5.8 14.7l6.2 6.3 6.2-6.3c.2-.2.3-.5.3-.7s-.1-.5-.3-.7c-.2-.2-.4-.3-.7-.3h-11c-.3 0-.5.1-.7.3-.2.2-.3.5-.3.7s.1.5.3.7z\"\/><\/svg><\/span><\/span><\/span><\/a><\/span><\/div>\n<nav><ul class='ez-toc-list ez-toc-list-level-1' ><li class='ez-toc-page-1 ez-toc-heading-level-2'><a class=\"ez-toc-link ez-toc-heading-1\" href=\"https:\/\/mythslegendes.com\/es\/mitologia-iberica\/el-pastor-que-nunca-miente\/#Le-berger-qui-ne-mentait-jamais\" >El pastor que nunca minti\u00f3<\/a><\/li><\/ul><\/nav><\/div>\n<h2><span class=\"ez-toc-section\" id=\"Le-berger-qui-ne-mentait-jamais\"><\/span>El pastor que nunca minti\u00f3<span class=\"ez-toc-section-end\"><\/span><\/h2>\n\n<p>Un d\u00eda cuando el pastor baj\u00f3 del monte, su amo le pregunt\u00f3:<\/p>\n\n<ul class=\"wp-block-list\">\n<li>\u00bfC\u00f3mo est\u00e1n las vacas?<\/li>\n<li>Algunos son gordos, otros larguiruchos.<\/li>\n<li>\u00bfY el toro orgulloso?<\/li>\n<li>Regordete y hermoso.<\/li>\n<li>\u00bfY el pasto?<\/li>\n<li>Muy verde en algunos lugares y seco en otros.<\/li>\n<li>\u00bfQu\u00e9 pasa con el agua de la corriente?<\/li>\n<li>Nublado aqu\u00ed y despejado en el resto.<\/li>\n<\/ul>\n\n<p>Un d\u00eda el granjero fue al pasto. En el camino, se encontr\u00f3 con uno de sus amigos que tambi\u00e9n iba a ver su reba\u00f1o.<\/p>\n\n<ul class=\"wp-block-list\">\n<li>\u00bfPor qu\u00e9 llamamos a tu pastor, &quot;el hombre que nunca miente&quot;?<\/li>\n<li>Porque nunca dijo una sola mentira.<\/li>\n<li>Le har\u00e9 decir uno.<\/li>\n<li>Es imposible.<\/li>\n<li>\u00bfQu\u00e9 estamos apostando?<\/li>\n<li>La mitad de cada una de nuestras fincas.<\/li>\n<li>Apuesta concluida.<\/li>\n<\/ul>\n\n<p>El amigo del granjero us\u00f3 todos los medios posibles para hacer mentir al pastor. Un d\u00eda se fue de cacer\u00eda a un lugar que se pod\u00eda observar desde el potrero custodiado por el pastor que nunca ment\u00eda. Cuando lleg\u00f3 la noche, su amo le pregunt\u00f3 delante de su amigo:<\/p>\n\n<ul class=\"wp-block-list\">\n<li>\u00bfAlguien ha ido a cazar a las monta\u00f1as hoy?<\/li>\n<li>Te dir\u00e9 mi amo: all\u00e1, lejos en el prado, vi a un hombre o una mujer montados en un caballo o en una yegua; ten\u00eda un rifle o una pistola y su perro o su perra corr\u00eda detr\u00e1s de un zorro o una zorra.<\/li>\n<\/ul>\n\n<p>Nos acerc\u00e1bamos al d\u00eda en que termin\u00f3 la apuesta. Una ma\u00f1ana, la hija del amigo jugador, una joven muy linda de veinte a\u00f1os, mont\u00f3 su caballo y, sin decir una palabra a su padre, se dirigi\u00f3 al potrero donde estaba el pastor.<\/p>\n\n<p>Cuando cay\u00f3 la noche, la joven regres\u00f3 y le entreg\u00f3 a su padre el coraz\u00f3n del toro orgulloso, envuelto en hojas de helecho.<\/p>\n\n<p>El amigo vino a decirle al granjero que su pastor hab\u00eda matado al toro orgulloso.<\/p>\n\n<p>Al d\u00eda siguiente, el pastor baj\u00f3 del monte, plant\u00f3 su bast\u00f3n en la tierra, le puso la capa y el sombrero y le dijo:<\/p>\n\n<ul class=\"wp-block-list\">\n<li>Bast\u00f3n, eres mi amo; Hazme preguntas.<\/li>\n<li>\u00bfC\u00f3mo est\u00e1n las vacas?<\/li>\n<li>Algunos son gordos, otros larguiruchos.<\/li>\n<li>\u00bfY el toro orgulloso?<\/li>\n<li>Me atac\u00f3 y tuve que silenciarlo.<\/li>\n<\/ul>\n\n<p>Agarr\u00f3 su bast\u00f3n, lo empuj\u00f3 m\u00e1s y repiti\u00f3 sus preguntas.<\/p>\n\n<p>Lleg\u00f3 a la casa de su amo, colg\u00f3 su bolso en un clavo y se sent\u00f3. Lo llamaron para que entrara en la habitaci\u00f3n donde estaban reunidos el granjero, su amigo y algunos hombres. En su presencia, el maestro pregunta:<\/p>\n\n<ul class=\"wp-block-list\">\n<li>\u00bfC\u00f3mo est\u00e1n las vacas?<\/li>\n<li>Algunos son gordos, otros larguiruchos.<\/li>\n<li>\u00bfY el toro orgulloso?<\/li>\n<\/ul>\n\n<p>El pastor dej\u00f3 caer la cabeza sobre su pecho sin responder.<\/p>\n\n<ul class=\"wp-block-list\">\n<li>\u00bfY el toro orgulloso? pregunt\u00f3 de nuevo el granjero.<\/li>\n<\/ul>\n\n<p>El pastor levant\u00f3 la cabeza; mir\u00f3 a los asistentes uno por uno y dijo:<\/p>\n\n<ul class=\"wp-block-list\">\n<li>Por los hermosos ojos de una morena y un cuerpo armonioso, El orgulloso toro perdi\u00f3 el coraz\u00f3n.<\/li>\n<\/ul>\n\n<p>Su maestro salt\u00f3 y exclam\u00f3:<\/p>\n\n<ul class=\"wp-block-list\">\n<li>Alegr\u00eda ! \u00a1Viva mi ni\u00f1o! La vaca que pari\u00f3 este toro har\u00e1 uno nuevo.<\/li>\n<\/ul>\n\n<p>Lo tom\u00f3 en sus brazos. Y el amigo de su amo le dio a su hija en matrimonio.<\/p>\n\t\t\t\t\t\t\t\t<\/div>\n\t\t\t\t<\/div>\n\t\t\t\t\t<\/div>\n\t\t<\/div>\n\t\t\t\t\t<\/div>\n\t\t<\/section>\n\t\t\t\t<\/div>","protected":false},"excerpt":{"rendered":"<p>Wiki Mitolog\u00eda Ib\u00e9rica Esta es la historia del pastor que nunca minti\u00f3. Hab\u00eda una vez un hombre que ten\u00eda... <\/p>","protected":false},"author":1,"featured_media":0,"parent":2187,"menu_order":0,"comment_status":"closed","ping_status":"closed","template":"","meta":{"footnotes":""},"class_list":["post-2547","page","type-page","status-publish","hentry"],"amp_enabled":true,"_links":{"self":[{"href":"https:\/\/mythslegendes.com\/es\/wp-json\/wp\/v2\/pages\/2547","targetHints":{"allow":["GET"]}}],"collection":[{"href":"https:\/\/mythslegendes.com\/es\/wp-json\/wp\/v2\/pages"}],"about":[{"href":"https:\/\/mythslegendes.com\/es\/wp-json\/wp\/v2\/types\/page"}],"author":[{"embeddable":true,"href":"https:\/\/mythslegendes.com\/es\/wp-json\/wp\/v2\/users\/1"}],"replies":[{"embeddable":true,"href":"https:\/\/mythslegendes.com\/es\/wp-json\/wp\/v2\/comments?post=2547"}],"version-history":[{"count":1,"href":"https:\/\/mythslegendes.com\/es\/wp-json\/wp\/v2\/pages\/2547\/revisions"}],"predecessor-version":[{"id":24806,"href":"https:\/\/mythslegendes.com\/es\/wp-json\/wp\/v2\/pages\/2547\/revisions\/24806"}],"up":[{"embeddable":true,"href":"https:\/\/mythslegendes.com\/es\/wp-json\/wp\/v2\/pages\/2187"}],"wp:attachment":[{"href":"https:\/\/mythslegendes.com\/es\/wp-json\/wp\/v2\/media?parent=2547"}],"curies":[{"name":"wp","href":"https:\/\/api.w.org\/{rel}","templated":true}]}}