{"id":2555,"date":"2020-07-12T20:50:34","date_gmt":"2020-07-12T19:50:34","guid":{"rendered":"https:\/\/mythslegendes.com\/?page_id=2555"},"modified":"2022-12-03T22:07:10","modified_gmt":"2022-12-03T22:07:10","slug":"la-sirene","status":"publish","type":"page","link":"https:\/\/mythslegendes.com\/es\/mitologia-iberica\/la-sirena\/","title":{"rendered":"La sirena"},"content":{"rendered":"<div data-elementor-type=\"wp-page\" data-elementor-id=\"2555\" class=\"elementor elementor-2555\">\n\t\t\t\t\t\t<section class=\"elementor-section elementor-top-section elementor-element elementor-element-a414c2d elementor-section-boxed elementor-section-height-default elementor-section-height-default\" data-id=\"a414c2d\" data-element_type=\"section\" data-e-type=\"section\">\n\t\t\t\t\t\t<div class=\"elementor-container elementor-column-gap-default\">\n\t\t\t\t\t<div class=\"elementor-column elementor-col-50 elementor-top-column elementor-element elementor-element-78a61d9\" data-id=\"78a61d9\" data-element_type=\"column\" data-e-type=\"column\">\n\t\t\t<div class=\"elementor-widget-wrap elementor-element-populated\">\n\t\t\t\t\t\t<div class=\"elementor-element elementor-element-1740436 elementor-align-justify elementor-widget elementor-widget-button\" data-id=\"1740436\" data-element_type=\"widget\" data-e-type=\"widget\" data-widget_type=\"button.default\">\n\t\t\t\t<div class=\"elementor-widget-container\">\n\t\t\t\t\t\t\t\t\t<div class=\"elementor-button-wrapper\">\n\t\t\t\t\t<a class=\"elementor-button elementor-button-link elementor-size-sm\" href=\"https:\/\/mythslegendes.com\/es\/mitologia-iberica\/\">\n\t\t\t\t\t\t<span class=\"elementor-button-content-wrapper\">\n\t\t\t\t\t\t\t\t\t<span class=\"elementor-button-text\">Mitolog\u00eda ib\u00e9rica<\/span>\n\t\t\t\t\t<\/span>\n\t\t\t\t\t<\/a>\n\t\t\t\t<\/div>\n\t\t\t\t\t\t\t\t<\/div>\n\t\t\t\t<\/div>\n\t\t\t\t\t<\/div>\n\t\t<\/div>\n\t\t\t\t<div class=\"elementor-column elementor-col-50 elementor-top-column elementor-element elementor-element-78c681a\" data-id=\"78c681a\" data-element_type=\"column\" data-e-type=\"column\">\n\t\t\t<div class=\"elementor-widget-wrap elementor-element-populated\">\n\t\t\t\t\t\t<div class=\"elementor-element elementor-element-6c547fc elementor-align-justify elementor-widget elementor-widget-button\" data-id=\"6c547fc\" data-element_type=\"widget\" data-e-type=\"widget\" data-widget_type=\"button.default\">\n\t\t\t\t<div class=\"elementor-widget-container\">\n\t\t\t\t\t\t\t\t\t<div class=\"elementor-button-wrapper\">\n\t\t\t\t\t<a class=\"elementor-button elementor-button-link elementor-size-sm\" href=\"https:\/\/en.wikipedia.org\/wiki\/Spanish_mythology\" target=\"_blank\" rel=\"noopener\">\n\t\t\t\t\t\t<span class=\"elementor-button-content-wrapper\">\n\t\t\t\t\t\t\t\t\t<span class=\"elementor-button-text\">Wiki<\/span>\n\t\t\t\t\t<\/span>\n\t\t\t\t\t<\/a>\n\t\t\t\t<\/div>\n\t\t\t\t\t\t\t\t<\/div>\n\t\t\t\t<\/div>\n\t\t\t\t\t<\/div>\n\t\t<\/div>\n\t\t\t\t\t<\/div>\n\t\t<\/section>\n\t\t\t\t<section class=\"elementor-section elementor-top-section elementor-element elementor-element-6373ab5a elementor-section-boxed elementor-section-height-default elementor-section-height-default\" data-id=\"6373ab5a\" data-element_type=\"section\" data-e-type=\"section\">\n\t\t\t\t\t\t<div class=\"elementor-container elementor-column-gap-default\">\n\t\t\t\t\t<div class=\"elementor-column elementor-col-100 elementor-top-column elementor-element elementor-element-7ceb5c51\" data-id=\"7ceb5c51\" data-element_type=\"column\" data-e-type=\"column\">\n\t\t\t<div class=\"elementor-widget-wrap elementor-element-populated\">\n\t\t\t\t\t\t<div class=\"elementor-element elementor-element-47fd05f elementor-widget elementor-widget-text-editor\" data-id=\"47fd05f\" data-element_type=\"widget\" data-e-type=\"widget\" data-widget_type=\"text-editor.default\">\n\t\t\t\t<div class=\"elementor-widget-container\">\n\t\t\t\t\t\t\t\t\t\n<p>Aqu\u00ed est\u00e1 la historia de la sirena. \u00c9rase una vez una familia de pescadores que ten\u00eda un solo hijo. El padre iba a pescar todas las ma\u00f1anas. Un d\u00eda su red pesaba tanto y tanto que apenas pod\u00eda sacarla del agua; cuando finalmente lo hizo, vio que su captura era un pez enorme que le dec\u00eda:<\/p>\n\n<ul class=\"wp-block-list\">\n<li>Te comer\u00e9 si no me prometes traerme a la primera persona que conozcas.<\/li>\n<\/ul>\n<p><img decoding=\"async\" class=\"alignnone wp-image-5284 size-full\" src=\"https:\/\/mythslegendes.com\/wp-content\/uploads\/2020\/09\/AlphaOmega-e1602613368367.png\" alt=\"historia de la sirena\" width=\"25\" height=\"26\" title=\"\"><\/p>\n<div id=\"ez-toc-container\" class=\"ez-toc-v2_0_82_2 counter-hierarchy ez-toc-counter ez-toc-grey ez-toc-container-direction\">\n<div class=\"ez-toc-title-container\">\n<p class=\"ez-toc-title\" style=\"cursor:inherit\">Contenido<\/p>\n<span class=\"ez-toc-title-toggle\"><a href=\"#\" class=\"ez-toc-pull-right ez-toc-btn ez-toc-btn-xs ez-toc-btn-default ez-toc-toggle\" aria-label=\"Alternar tabla de contenidos\"><span class=\"ez-toc-js-icon-con\"><span class=\"\"><span class=\"eztoc-hide\" style=\"display:none;\">Palanca<\/span><span class=\"ez-toc-icon-toggle-span\"><svg style=\"fill: #999;color:#999\" xmlns=\"http:\/\/www.w3.org\/2000\/svg\" class=\"list-377408\" width=\"20px\" height=\"20px\" viewbox=\"0 0 24 24\" fill=\"none\"><path d=\"M6 6H4v2h2V6zm14 0H8v2h12V6zM4 11h2v2H4v-2zm16 0H8v2h12v-2zM4 16h2v2H4v-2zm16 0H8v2h12v-2z\" fill=\"currentColor\"><\/path><\/svg><svg style=\"fill: #999;color:#999\" class=\"arrow-unsorted-368013\" xmlns=\"http:\/\/www.w3.org\/2000\/svg\" width=\"10px\" height=\"10px\" viewbox=\"0 0 24 24\" version=\"1.2\" baseprofile=\"tiny\"><path d=\"M18.2 9.3l-6.2-6.3-6.2 6.3c-.2.2-.3.4-.3.7s.1.5.3.7c.2.2.4.3.7.3h11c.3 0 .5-.1.7-.3.2-.2.3-.5.3-.7s-.1-.5-.3-.7zM5.8 14.7l6.2 6.3 6.2-6.3c.2-.2.3-.5.3-.7s-.1-.5-.3-.7c-.2-.2-.4-.3-.7-.3h-11c-.3 0-.5.1-.7.3-.2.2-.3.5-.3.7s.1.5.3.7z\"\/><\/svg><\/span><\/span><\/span><\/a><\/span><\/div>\n<nav><ul class='ez-toc-list ez-toc-list-level-1' ><li class='ez-toc-page-1 ez-toc-heading-level-2'><a class=\"ez-toc-link ez-toc-heading-1\" href=\"https:\/\/mythslegendes.com\/es\/mitologia-iberica\/la-sirena\/#Lhistoire-de-la-sirene\" >La historia de la sirena<\/a><\/li><\/ul><\/nav><\/div>\n<h2><span class=\"ez-toc-section\" id=\"Lhistoire-de-la-sirene\"><\/span>La historia de la sirena<span class=\"ez-toc-section-end\"><\/span><\/h2>\n\n<p>El pescador pens\u00f3 que, como todos los d\u00edas, su perrito ser\u00eda el primero en apresurarse a darle la bienvenida, y se resign\u00f3 a tener que regalarla. El pez se hundi\u00f3 en el mar cuando el pescador regres\u00f3 a casa; pero ese d\u00eda, \u00bfqui\u00e9n sali\u00f3 primero a recibirlo? En lugar de la perrita, \u00a1era su hijo!<\/p>\n\n<p>El padre le pregunt\u00f3 por qu\u00e9 se hab\u00eda apresurado a reunirse con \u00e9l y el hijo respondi\u00f3 que estaba preocupado por su retraso. El padre le cont\u00f3 su aventura, que hab\u00eda atrapado a una sirena en su red y que ella le exigi\u00f3 que le entregara al primero que saliera de su casa para recibirla.<\/p>\n\n<p>El joven reconoci\u00f3 que su padre estaba obligado a cumplir su palabra; pero antes de rendirse, decidi\u00f3 visitar a unos amigos del pueblo vecino para despedirse de ellos.<\/p>\n\n<p>En el camino se encontr\u00f3 con una hormiga, un lobo y un \u00e1guila; los tres estaban peleando por los restos de un burro muerto y los tres quer\u00edan la mayor parte, neg\u00e1ndose a compartirlo. Cuando el ni\u00f1o falleci\u00f3, lo llamaron y le pidieron que decidiera. Atribuy\u00f3 la carne al \u00e1guila, los huesos al lobo y la piel a la hormiga. Cuando se iba lo detuvieron y temi\u00f3 por un momento que ellos tambi\u00e9n quisieran com\u00e9rselo; pero al contrario le dijeron que quer\u00edan agradecerle sus buenos servicios.<\/p>\n\n<p>El lobo le dio un peque\u00f1o trozo de oreja, que ten\u00eda la virtud de convertirse en lobo en cuanto lo sacudieron, diciendo: &quot;\u00a1Miserable de m\u00ed!&quot; El lobo ! &quot;El \u00e1guila le dio una pluma, que ten\u00eda la propiedad de convertirse en \u00e1guila si se dec\u00eda:&quot; \u00a1Miseria de m\u00ed! El \u00e1guila ! Y la hormiga, una patita que se convertir\u00eda en hormiga si dij\u00e9ramos: &quot;\u00a1Miseria de m\u00ed!&quot; La hormiga ! &quot;<\/p>\n\n<p>Provisto de estos obsequios, el hijo regres\u00f3 a casa y le dijo a su padre que lo llevara a la sirena. Cuando lleg\u00f3 el momento de ser entregado a los peces, tom\u00f3 la pluma y tan pronto como hubo dicho las palabras &quot;\u00a1Miseria de m\u00ed!&quot; El \u00e1guila ! Se transform\u00f3 en \u00e1guila y con un solo aleteo de su ala vol\u00f3 hacia el palacio donde la princesa, al ver un p\u00e1jaro tan hermoso, lo hizo atrapar y atar a los pies de su cama.<\/p>\n\n<p>En la noche se convirti\u00f3 en hombre; la princesa estaba asustada; el joven la tranquiliz\u00f3 y le cont\u00f3 su historia. El rey quer\u00eda que se quedara en el palacio donde se hac\u00eda querer por todos. Todos los d\u00edas sal\u00eda en carruaje con el rey y la princesa y, a veces, incluso hac\u00edan un paseo en barco por el mar.<\/p>\n\n<p>Un d\u00eda, la sirena lo vio, lo agarr\u00f3 y se lo llev\u00f3 ante los ojos del rey y la princesa. El rey dijo que encontrar\u00eda una manera de apartarla de la sirena.<\/p>\n\n<p>Conociendo su gusto por el oro y la plata, mand\u00f3 fabricar un remo de plata y un d\u00eda \u00e9l y su hija empezaron a buscar a la sirena y le dijeron que aunque solo mostrara la mitad del cuerpo del joven, le dar\u00edan el remo de plata.<\/p>\n\n<p>La sirena solo les mostr\u00f3 la cabeza de su prisionera y no pudieron hacer nada; la princesa luego dijo que si realmente aceptaba mostrar la mitad del cuerpo, le dar\u00eda un remo dorado.<\/p>\n\n<p>La sirena acept\u00f3 el trato por otro d\u00eda, y sac\u00f3 la mitad del cuerpo del joven; este \u00faltimo, aprovechando esta libertad, tom\u00f3 la forma de un \u00e1guila y se fue volando. La sirena exclam\u00f3:<\/p>\n\n<ul class=\"wp-block-list\">\n<li>\u00a1Ah! \u00a1Chenapans, me enga\u00f1aste! \u00a1Pero me vengar\u00e9!<\/li>\n<\/ul>\n\n<p>Cuando la princesa regres\u00f3 al palacio, la tierra de repente se abri\u00f3 y se la trag\u00f3. El \u00e1guila al ver lo que estaba pasando dijo:<\/p>\n\n<ul class=\"wp-block-list\">\n<li>La sacar\u00e9 de este l\u00edo.<\/li>\n<\/ul>\n\n<p>Se transform\u00f3 de nuevo en un hombre y pidi\u00f3 a varios alba\u00f1iles que cavaran peque\u00f1os agujeros en la grieta. Luego sac\u00f3 el pie de la peque\u00f1a hormiga y dijo:<\/p>\n\n<ul class=\"wp-block-list\">\n<li>Que me convierto en hormiga.<\/li>\n<\/ul>\n\n<p>As\u00ed pudo entrar en un castillo donde un gigante custodiaba a la princesa. Reanud\u00f3 su forma de \u00e1guila y la princesa lo reconoci\u00f3 de inmediato. Volvi\u00f3 a ser un hombre para luchar contra el gigante, mientras hac\u00eda que la princesa se transformara en hormiga y la llevara consigo.<\/p>\n\n<p>Se apresuraron al palacio donde el rey los recibi\u00f3 con alegr\u00eda y permiti\u00f3 que su hija se casara con su libertador.<\/p>\n\n<p>Viv\u00edan muy felices; pero siempre tuvieron mucho cuidado de no pasar nunca cerca del mar donde se arriesgaban a encontrarse con la sirena.<\/p>\n\t\t\t\t\t\t\t\t<\/div>\n\t\t\t\t<\/div>\n\t\t\t\t\t<\/div>\n\t\t<\/div>\n\t\t\t\t\t<\/div>\n\t\t<\/section>\n\t\t\t\t<\/div>","protected":false},"excerpt":{"rendered":"<p>Mythologie Ib\u00e9rique Wiki Voici l&rsquo;histoire de la sir\u00e8ne. Il \u00e9tait une fois, une famille de p\u00eacheurs qui avait un seul &hellip; <\/p>","protected":false},"author":1,"featured_media":0,"parent":2187,"menu_order":0,"comment_status":"closed","ping_status":"closed","template":"","meta":{"footnotes":""},"class_list":["post-2555","page","type-page","status-publish","hentry"],"amp_enabled":true,"_links":{"self":[{"href":"https:\/\/mythslegendes.com\/es\/wp-json\/wp\/v2\/pages\/2555","targetHints":{"allow":["GET"]}}],"collection":[{"href":"https:\/\/mythslegendes.com\/es\/wp-json\/wp\/v2\/pages"}],"about":[{"href":"https:\/\/mythslegendes.com\/es\/wp-json\/wp\/v2\/types\/page"}],"author":[{"embeddable":true,"href":"https:\/\/mythslegendes.com\/es\/wp-json\/wp\/v2\/users\/1"}],"replies":[{"embeddable":true,"href":"https:\/\/mythslegendes.com\/es\/wp-json\/wp\/v2\/comments?post=2555"}],"version-history":[{"count":1,"href":"https:\/\/mythslegendes.com\/es\/wp-json\/wp\/v2\/pages\/2555\/revisions"}],"predecessor-version":[{"id":24808,"href":"https:\/\/mythslegendes.com\/es\/wp-json\/wp\/v2\/pages\/2555\/revisions\/24808"}],"up":[{"embeddable":true,"href":"https:\/\/mythslegendes.com\/es\/wp-json\/wp\/v2\/pages\/2187"}],"wp:attachment":[{"href":"https:\/\/mythslegendes.com\/es\/wp-json\/wp\/v2\/media?parent=2555"}],"curies":[{"name":"wp","href":"https:\/\/api.w.org\/{rel}","templated":true}]}}