{"id":2564,"date":"2020-07-12T20:54:01","date_gmt":"2020-07-12T19:54:01","guid":{"rendered":"https:\/\/mythslegendes.com\/?page_id=2564"},"modified":"2022-12-03T22:07:10","modified_gmt":"2022-12-03T22:07:10","slug":"xavier-peau-de-crapaud","status":"publish","type":"page","link":"https:\/\/mythslegendes.com\/es\/mitologia-iberica\/xavier-toadskin\/","title":{"rendered":"Piel de sapo Xavier"},"content":{"rendered":"<div data-elementor-type=\"wp-page\" data-elementor-id=\"2564\" class=\"elementor elementor-2564\">\n\t\t\t\t\t\t<section class=\"elementor-section elementor-top-section elementor-element elementor-element-249f8a3 elementor-section-boxed elementor-section-height-default elementor-section-height-default\" data-id=\"249f8a3\" data-element_type=\"section\" data-e-type=\"section\">\n\t\t\t\t\t\t<div class=\"elementor-container elementor-column-gap-default\">\n\t\t\t\t\t<div class=\"elementor-column elementor-col-50 elementor-top-column elementor-element elementor-element-9cc9872\" data-id=\"9cc9872\" data-element_type=\"column\" data-e-type=\"column\">\n\t\t\t<div class=\"elementor-widget-wrap elementor-element-populated\">\n\t\t\t\t\t\t<div class=\"elementor-element elementor-element-8723179 elementor-align-justify elementor-widget elementor-widget-button\" data-id=\"8723179\" data-element_type=\"widget\" data-e-type=\"widget\" data-widget_type=\"button.default\">\n\t\t\t\t<div class=\"elementor-widget-container\">\n\t\t\t\t\t\t\t\t\t<div class=\"elementor-button-wrapper\">\n\t\t\t\t\t<a class=\"elementor-button elementor-button-link elementor-size-sm\" href=\"https:\/\/mythslegendes.com\/es\/mitologia-iberica\/\">\n\t\t\t\t\t\t<span class=\"elementor-button-content-wrapper\">\n\t\t\t\t\t\t\t\t\t<span class=\"elementor-button-text\">Mitolog\u00eda ib\u00e9rica<\/span>\n\t\t\t\t\t<\/span>\n\t\t\t\t\t<\/a>\n\t\t\t\t<\/div>\n\t\t\t\t\t\t\t\t<\/div>\n\t\t\t\t<\/div>\n\t\t\t\t\t<\/div>\n\t\t<\/div>\n\t\t\t\t<div class=\"elementor-column elementor-col-50 elementor-top-column elementor-element elementor-element-939fc70\" data-id=\"939fc70\" data-element_type=\"column\" data-e-type=\"column\">\n\t\t\t<div class=\"elementor-widget-wrap elementor-element-populated\">\n\t\t\t\t\t\t<div class=\"elementor-element elementor-element-67163b4 elementor-align-justify elementor-widget elementor-widget-button\" data-id=\"67163b4\" data-element_type=\"widget\" data-e-type=\"widget\" data-widget_type=\"button.default\">\n\t\t\t\t<div class=\"elementor-widget-container\">\n\t\t\t\t\t\t\t\t\t<div class=\"elementor-button-wrapper\">\n\t\t\t\t\t<a class=\"elementor-button elementor-button-link elementor-size-sm\" href=\"https:\/\/en.wikipedia.org\/wiki\/Spanish_mythology\" target=\"_blank\" rel=\"noopener\">\n\t\t\t\t\t\t<span class=\"elementor-button-content-wrapper\">\n\t\t\t\t\t\t\t\t\t<span class=\"elementor-button-text\">Wiki<\/span>\n\t\t\t\t\t<\/span>\n\t\t\t\t\t<\/a>\n\t\t\t\t<\/div>\n\t\t\t\t\t\t\t\t<\/div>\n\t\t\t\t<\/div>\n\t\t\t\t\t<\/div>\n\t\t<\/div>\n\t\t\t\t\t<\/div>\n\t\t<\/section>\n\t\t\t\t<section class=\"elementor-section elementor-top-section elementor-element elementor-element-74044469 elementor-section-boxed elementor-section-height-default elementor-section-height-default\" data-id=\"74044469\" data-element_type=\"section\" data-e-type=\"section\">\n\t\t\t\t\t\t<div class=\"elementor-container elementor-column-gap-default\">\n\t\t\t\t\t<div class=\"elementor-column elementor-col-100 elementor-top-column elementor-element elementor-element-5e143235\" data-id=\"5e143235\" data-element_type=\"column\" data-e-type=\"column\">\n\t\t\t<div class=\"elementor-widget-wrap elementor-element-populated\">\n\t\t\t\t\t\t<div class=\"elementor-element elementor-element-1a6079f3 elementor-widget elementor-widget-text-editor\" data-id=\"1a6079f3\" data-element_type=\"widget\" data-e-type=\"widget\" data-widget_type=\"text-editor.default\">\n\t\t\t\t<div class=\"elementor-widget-container\">\n\t\t\t\t\t\t\t\t\t<p><\/p>\n<p>Esta es la historia de Xavier Peau-de-Crapaud. \u00c9rase una vez un rey que ten\u00eda tres hijas y que quer\u00eda saber alg\u00fan d\u00eda cu\u00e1nto lo amaban. La primera le dijo que lo amaba como una cabra ama un cuchillo, la segunda como la sangre ama el pan y la tercera como el pan ama la sal. El rey se declar\u00f3 muy satisfecho con las palabras de sus dos primeras hijas; pero, irritado por los del tercero, decidi\u00f3 hacerla matar por cuatro criados, con la condici\u00f3n de que le devolvieran los ojos.<\/p>\n<p><img decoding=\"async\" class=\"alignnone wp-image-5284 size-full\" src=\"https:\/\/mythslegendes.com\/wp-content\/uploads\/2020\/09\/AlphaOmega-e1602613368367.png\" alt=\"Xavier Peau-de-Crapaud\" width=\"25\" height=\"26\" title=\"\"><\/p>\n<div id=\"ez-toc-container\" class=\"ez-toc-v2_0_82_2 counter-hierarchy ez-toc-counter ez-toc-grey ez-toc-container-direction\">\n<div class=\"ez-toc-title-container\">\n<p class=\"ez-toc-title\" style=\"cursor:inherit\">Contenido<\/p>\n<span class=\"ez-toc-title-toggle\"><a href=\"#\" class=\"ez-toc-pull-right ez-toc-btn ez-toc-btn-xs ez-toc-btn-default ez-toc-toggle\" aria-label=\"Alternar tabla de contenidos\"><span class=\"ez-toc-js-icon-con\"><span class=\"\"><span class=\"eztoc-hide\" style=\"display:none;\">Palanca<\/span><span class=\"ez-toc-icon-toggle-span\"><svg style=\"fill: #999;color:#999\" xmlns=\"http:\/\/www.w3.org\/2000\/svg\" class=\"list-377408\" width=\"20px\" height=\"20px\" viewbox=\"0 0 24 24\" fill=\"none\"><path d=\"M6 6H4v2h2V6zm14 0H8v2h12V6zM4 11h2v2H4v-2zm16 0H8v2h12v-2zM4 16h2v2H4v-2zm16 0H8v2h12v-2z\" fill=\"currentColor\"><\/path><\/svg><svg style=\"fill: #999;color:#999\" class=\"arrow-unsorted-368013\" xmlns=\"http:\/\/www.w3.org\/2000\/svg\" width=\"10px\" height=\"10px\" viewbox=\"0 0 24 24\" version=\"1.2\" baseprofile=\"tiny\"><path d=\"M18.2 9.3l-6.2-6.3-6.2 6.3c-.2.2-.3.4-.3.7s.1.5.3.7c.2.2.4.3.7.3h11c.3 0 .5-.1.7-.3.2-.2.3-.5.3-.7s-.1-.5-.3-.7zM5.8 14.7l6.2 6.3 6.2-6.3c.2-.2.3-.5.3-.7s-.1-.5-.3-.7c-.2-.2-.4-.3-.7-.3h-11c-.3 0-.5.1-.7.3-.2.2-.3.5-.3.7s.1.5.3.7z\"\/><\/svg><\/span><\/span><\/span><\/a><\/span><\/div>\n<nav><ul class='ez-toc-list ez-toc-list-level-1' ><li class='ez-toc-page-1 ez-toc-heading-level-2'><a class=\"ez-toc-link ez-toc-heading-1\" href=\"https:\/\/mythslegendes.com\/es\/mitologia-iberica\/xavier-toadskin\/#Xavier-Peau-de-Crapaud\" >Xavier Peau-de-Crapaud<\/a><\/li><\/ul><\/nav><\/div>\n<h2><span class=\"ez-toc-section\" id=\"Xavier-Peau-de-Crapaud\"><\/span>Xavier Peau-de-Crapaud<span class=\"ez-toc-section-end\"><\/span><\/h2>\n<p><\/p>\n<p>Al momento de matarla, los cuatro c\u00f3mplices se apiadaron de su v\u00edctima y le permitieron escapar, luego de haberle pedido que abandonara el pa\u00eds bajo pena de ser la causa de su propia muerte, pues sab\u00edan que el rey no lo har\u00eda jam\u00e1s. perdonarlo por desobedecerlo. Mataron a un perrito que encontraron en el camino y le devolvieron la mirada al rey, quien estaba convencido de que su hija estaba muerta.<\/p>\n<p><\/p>\n<p>La pobre ni\u00f1a vag\u00f3, vag\u00f3 sin rumbo durante mucho tiempo, luego en su camino se encontr\u00f3 con un pastor vestido con harapos. Sabiendo que si permanec\u00eda vestida como una princesa ser\u00eda dif\u00edcil que no la reconocieran, le propuso al pastor comprarle ropa, a lo que \u00e9l acept\u00f3. Se los puso de inmediato y reanud\u00f3 su caminata, teniendo cuidado de llevar sus mejores galas en una peque\u00f1a mochila. Lleg\u00f3 a un palacio donde estaban buscando un pastor de pavos. Ella se ofreci\u00f3 para este trabajo, que le fue dado gracias al disfraz de hombre que se hab\u00eda puesto.<\/p>\n<p><\/p>\n<p>Habi\u00e9ndose convertido en pastora de pavos, los llevaba todos los d\u00edas al campo, pero se aburr\u00eda mucho as\u00ed, siempre sola, y un buen d\u00eda que se hab\u00eda detenido con su reba\u00f1o cerca de un pozo, no pudo resistir el placer de ponerlos. sobre su hermoso vestido de princesa y contemplar su reflejo en el agua del pozo.<\/p>\n<p><\/p>\n<p>Les dindons, \u00e9blouis par sa beaut\u00e9, la regardaient fixement et comme ils \u00e9taient tr\u00e8s b\u00eates, ils en oublient m\u00eame de manger, si bien que chaque jour le plus vieux mourait d&#039;inanition et chaque soir notre h\u00e9ro\u00efne revenait au palais une dinde morte dans les brazo.<\/p>\n<p><\/p>\n<p>El hijo del rey, muy sorprendido de ver morir un pavo todos los d\u00edas, pens\u00f3 que seguramente el guardi\u00e1n era el responsable, y decidi\u00f3 espiarlo. Un buen d\u00eda, sin avisar a nadie, sigui\u00f3 a la manada y se escondi\u00f3 detr\u00e1s de un \u00e1rbol para verlo todo sin ser descubierto.<\/p>\n<p>La princesa, que nada sospechaba, se cambi\u00f3 de ropa como los otros d\u00edas cuando llegaba al pozo, y se apareci\u00f3 al pr\u00edncipe en todo su esplendor y hermosura, que eran muy impresionantes, seg\u00fan todos los que la hab\u00edan visto. No es de extra\u00f1ar, por tanto, que el pr\u00edncipe se enamorara perdidamente de ella y resolviera en el acto casarse con ella, convencido de que no podr\u00eda sobrevivir si ella no estaba a su lado.<\/p>\n<p><\/p>\n<p>Regres\u00f3 a casa abrumado por la emoci\u00f3n. Por la noche subi\u00f3 a la cama, llam\u00f3 a la cocinera, le dijo que no se sent\u00eda bien, que no ten\u00eda hambre, que solo quer\u00eda una taza de caldo y que quer\u00eda que fuera Xavier piel de sapo -por eso es c\u00f3mo se llamaba el cuidador de pavos, qui\u00e9n lo mont\u00f3 hacia \u00e9l. El cocinero se qued\u00f3 boquiabierto y asfixiado de asombro.<\/p>\n<p><\/p>\n<ul class=\"wp-block-list\">\n<li>Es imposible que Xavier piel de sapo, que es tan sucio, tan torpe, ponga un pie en tu habitaci\u00f3n. Est\u00e1 tan lleno de piojos que tenemos que guardarlo la noche anterior para que no nos pase sus alima\u00f1as.<\/li>\n<\/ul>\n<p><\/p>\n<p>Hay que decir que todas las tardes la princesa, que tem\u00eda ser reconocida si permanec\u00eda demasiado tiempo a la luz, en cuanto se sentaba con los dem\u00e1s alrededor de la chimenea, comenzaba a rascarse con furia y arrojaba un pu\u00f1ado de sal gruesa que todos tom\u00f3 por piojos, de modo que todos lo apartaron con disgusto:<\/p>\n<p><\/p>\n<ul class=\"wp-block-list\">\n<li>\u00a1Xavier piel de sapo, ve a tu rinc\u00f3n!<\/li>\n<\/ul>\n<p><\/p>\n<p>Y se fue a su rinc\u00f3n, donde ten\u00eda menos riesgo de que la gente descubriera que no era un hombre.<\/p>\n<p><\/p>\n<p>En vano le cont\u00f3 todo eso la cocinera, pero el pr\u00edncipe no se rindi\u00f3 -que, como sabemos, los pr\u00edncipes son muy testarudos cuando tienen una idea en mente- y la pobre mujer volvi\u00f3 a bajar a su cocina refunfu\u00f1ando y muy Mal humor. Encontr\u00f3 a Xavier en su rinc\u00f3n, como de costumbre. Ella le pidi\u00f3 que se ajustara un poco y le trajera una taza de caldo al pr\u00edncipe.<\/p>\n<p><\/p>\n<p>Xavier resisti\u00f3 todo lo que pudo, pero ante la insistencia del cocinero tom\u00f3 la taza de caldo y la llev\u00f3 a la habitaci\u00f3n del pr\u00edncipe. Este al verla se sinti\u00f3 mucho mejor, la tom\u00f3 de la mano, la hizo sentar a su lado, le dijo que la hab\u00eda desenmascarado y que se hab\u00eda enamorado de ella, que la quer\u00eda casarse a como d\u00e9 lugar. .<\/p>\n<p><\/p>\n<p>Al verse descubierta y el pr\u00edncipe no desagradarle, la joven le revel\u00f3 toda la historia, lo que encant\u00f3 al pr\u00edncipe porque pens\u00f3 que as\u00ed ser\u00eda m\u00e1s f\u00e1cil para sus padres consentir su matrimonio.<\/p>\n<p><\/p>\n<p>La boda se celebr\u00f3 pocos d\u00edas despu\u00e9s en presencia de todos los reyes de los reinos vecinos, sin olvidar por supuesto al padre de la novia para que fuera testigo de su felicidad. As\u00ed que lleg\u00f3 al palacio pero no la reconoci\u00f3, porque hab\u00eda cambiado mucho, y adem\u00e1s estaba convencido de que estaba muerta.<\/p>\n<p><\/p>\n<p>La princesa lo recibi\u00f3 con m\u00e1s respeto que los dem\u00e1s invitados y mand\u00f3 hacer una hogaza de pan sin sal solo para \u00e9l. Como la sal le da todo su sabor al pan, el rey no lo comi\u00f3 y cuando el pr\u00edncipe le pregunt\u00f3, respondi\u00f3 que no le gustaba este pan porque no era salado.<\/p>\n<p><\/p>\n<ul class=\"wp-block-list\">\n<li>Entonces, se\u00f1or, le dijo el pr\u00edncipe, \u00bfc\u00f3mo es que me han dicho que hiciste matar a una de tus hijas que hab\u00eda dicho que te amaba como el pan a la sal?<\/li>\n<li>Es verdad, se\u00f1or, respondi\u00f3 el rey con mucha tristeza, y es mi remordimiento, porque me di cuenta de cu\u00e1nto tiempo me am\u00f3.<\/li>\n<li>\u00bfQu\u00e9 dar\u00edas para que volviera a la vida?<\/li>\n<li>La mitad de mi reino.<\/li>\n<li>En realidad ?<\/li>\n<li>S\u00ed se\u00f1or.<\/li>\n<li>As\u00ed que gracias, se\u00f1or, porque aqu\u00ed est\u00e1 la princesa, dijo el pr\u00edncipe muy complacido, se\u00f1alando a la que acababa de tomar por esposa.<\/li>\n<\/ul>\n<p><\/p>\n<p>El rey se dio la vuelta, reconoci\u00f3 a su hija, y su alegr\u00eda fue tan grande que cay\u00f3 muerto. La princesa y el pr\u00edncipe permanecieron felizmente casados durante muchos a\u00f1os.<\/p>\n<p><\/p>\t\t\t\t\t\t\t\t<\/div>\n\t\t\t\t<\/div>\n\t\t\t\t\t<\/div>\n\t\t<\/div>\n\t\t\t\t\t<\/div>\n\t\t<\/section>\n\t\t\t\t<\/div>","protected":false},"excerpt":{"rendered":"<p>Wiki Mitolog\u00eda Ib\u00e9rica Esta es la historia de Xavier Toadskin. Hab\u00eda una vez un rey que ten\u00eda tres hijas y que... <\/p>","protected":false},"author":1,"featured_media":0,"parent":2187,"menu_order":0,"comment_status":"closed","ping_status":"closed","template":"","meta":{"footnotes":""},"class_list":["post-2564","page","type-page","status-publish","hentry"],"amp_enabled":true,"_links":{"self":[{"href":"https:\/\/mythslegendes.com\/es\/wp-json\/wp\/v2\/pages\/2564","targetHints":{"allow":["GET"]}}],"collection":[{"href":"https:\/\/mythslegendes.com\/es\/wp-json\/wp\/v2\/pages"}],"about":[{"href":"https:\/\/mythslegendes.com\/es\/wp-json\/wp\/v2\/types\/page"}],"author":[{"embeddable":true,"href":"https:\/\/mythslegendes.com\/es\/wp-json\/wp\/v2\/users\/1"}],"replies":[{"embeddable":true,"href":"https:\/\/mythslegendes.com\/es\/wp-json\/wp\/v2\/comments?post=2564"}],"version-history":[{"count":1,"href":"https:\/\/mythslegendes.com\/es\/wp-json\/wp\/v2\/pages\/2564\/revisions"}],"predecessor-version":[{"id":24810,"href":"https:\/\/mythslegendes.com\/es\/wp-json\/wp\/v2\/pages\/2564\/revisions\/24810"}],"up":[{"embeddable":true,"href":"https:\/\/mythslegendes.com\/es\/wp-json\/wp\/v2\/pages\/2187"}],"wp:attachment":[{"href":"https:\/\/mythslegendes.com\/es\/wp-json\/wp\/v2\/media?parent=2564"}],"curies":[{"name":"wp","href":"https:\/\/api.w.org\/{rel}","templated":true}]}}