{"id":2568,"date":"2020-07-12T20:56:15","date_gmt":"2020-07-12T19:56:15","guid":{"rendered":"https:\/\/mythslegendes.com\/?page_id=2568"},"modified":"2022-12-03T22:07:10","modified_gmt":"2022-12-03T22:07:10","slug":"les-barques-dor-dargent-et-de-soie","status":"publish","type":"page","link":"https:\/\/mythslegendes.com\/es\/mitologia-iberica\/los-barcos-de-oro-plata-y-seda\/","title":{"rendered":"Los barcos de oro, plata y seda"},"content":{"rendered":"<div data-elementor-type=\"wp-page\" data-elementor-id=\"2568\" class=\"elementor elementor-2568\">\n\t\t\t\t\t\t<section class=\"elementor-section elementor-top-section elementor-element elementor-element-b2f405b elementor-section-boxed elementor-section-height-default elementor-section-height-default\" data-id=\"b2f405b\" data-element_type=\"section\" data-e-type=\"section\">\n\t\t\t\t\t\t<div class=\"elementor-container elementor-column-gap-default\">\n\t\t\t\t\t<div class=\"elementor-column elementor-col-50 elementor-top-column elementor-element elementor-element-0d92b7d\" data-id=\"0d92b7d\" data-element_type=\"column\" data-e-type=\"column\">\n\t\t\t<div class=\"elementor-widget-wrap elementor-element-populated\">\n\t\t\t\t\t\t<div class=\"elementor-element elementor-element-97ea228 elementor-align-justify elementor-widget elementor-widget-button\" data-id=\"97ea228\" data-element_type=\"widget\" data-e-type=\"widget\" data-widget_type=\"button.default\">\n\t\t\t\t<div class=\"elementor-widget-container\">\n\t\t\t\t\t\t\t\t\t<div class=\"elementor-button-wrapper\">\n\t\t\t\t\t<a class=\"elementor-button elementor-button-link elementor-size-sm\" href=\"https:\/\/mythslegendes.com\/es\/mitologia-iberica\/\">\n\t\t\t\t\t\t<span class=\"elementor-button-content-wrapper\">\n\t\t\t\t\t\t\t\t\t<span class=\"elementor-button-text\">Mitolog\u00eda ib\u00e9rica<\/span>\n\t\t\t\t\t<\/span>\n\t\t\t\t\t<\/a>\n\t\t\t\t<\/div>\n\t\t\t\t\t\t\t\t<\/div>\n\t\t\t\t<\/div>\n\t\t\t\t\t<\/div>\n\t\t<\/div>\n\t\t\t\t<div class=\"elementor-column elementor-col-50 elementor-top-column elementor-element elementor-element-21b6416\" data-id=\"21b6416\" data-element_type=\"column\" data-e-type=\"column\">\n\t\t\t<div class=\"elementor-widget-wrap elementor-element-populated\">\n\t\t\t\t\t\t<div class=\"elementor-element elementor-element-79bdb9f elementor-align-justify elementor-widget elementor-widget-button\" data-id=\"79bdb9f\" data-element_type=\"widget\" data-e-type=\"widget\" data-widget_type=\"button.default\">\n\t\t\t\t<div class=\"elementor-widget-container\">\n\t\t\t\t\t\t\t\t\t<div class=\"elementor-button-wrapper\">\n\t\t\t\t\t<a class=\"elementor-button elementor-button-link elementor-size-sm\" href=\"https:\/\/en.wikipedia.org\/wiki\/Spanish_mythology\" target=\"_blank\" rel=\"noopener\">\n\t\t\t\t\t\t<span class=\"elementor-button-content-wrapper\">\n\t\t\t\t\t\t\t\t\t<span class=\"elementor-button-text\">Wiki<\/span>\n\t\t\t\t\t<\/span>\n\t\t\t\t\t<\/a>\n\t\t\t\t<\/div>\n\t\t\t\t\t\t\t\t<\/div>\n\t\t\t\t<\/div>\n\t\t\t\t\t<\/div>\n\t\t<\/div>\n\t\t\t\t\t<\/div>\n\t\t<\/section>\n\t\t\t\t<section class=\"elementor-section elementor-top-section elementor-element elementor-element-1d313d4a elementor-section-boxed elementor-section-height-default elementor-section-height-default\" data-id=\"1d313d4a\" data-element_type=\"section\" data-e-type=\"section\">\n\t\t\t\t\t\t<div class=\"elementor-container elementor-column-gap-default\">\n\t\t\t\t\t<div class=\"elementor-column elementor-col-100 elementor-top-column elementor-element elementor-element-34d7ecdd\" data-id=\"34d7ecdd\" data-element_type=\"column\" data-e-type=\"column\">\n\t\t\t<div class=\"elementor-widget-wrap elementor-element-populated\">\n\t\t\t\t\t\t<div class=\"elementor-element elementor-element-4e23379a elementor-widget elementor-widget-text-editor\" data-id=\"4e23379a\" data-element_type=\"widget\" data-e-type=\"widget\" data-widget_type=\"text-editor.default\">\n\t\t\t\t<div class=\"elementor-widget-container\">\n\t\t\t\t\t\t\t\t\t<p><\/p>\n<p>Aqu\u00ed est\u00e1 la historia de los barcos de oro, plata y seda. \u00c9rase una vez un pr\u00edncipe que ten\u00eda tres hijos. El mayor quer\u00eda ir a buscar fortuna; su padre pens\u00f3 que no val\u00eda la pena ya que \u00e9l mismo ya era bastante rico.<\/p>\n<p><img decoding=\"async\" class=\"alignnone wp-image-5284 size-full\" src=\"https:\/\/mythslegendes.com\/wp-content\/uploads\/2020\/09\/AlphaOmega-e1602613368367.png\" alt=\"barques d&#039;or, d&#039;argent et de soie\" width=\"25\" height=\"26\" title=\"\"><\/p>\n<div id=\"ez-toc-container\" class=\"ez-toc-v2_0_82_2 counter-hierarchy ez-toc-counter ez-toc-grey ez-toc-container-direction\">\n<div class=\"ez-toc-title-container\">\n<p class=\"ez-toc-title\" style=\"cursor:inherit\">Contenido<\/p>\n<span class=\"ez-toc-title-toggle\"><a href=\"#\" class=\"ez-toc-pull-right ez-toc-btn ez-toc-btn-xs ez-toc-btn-default ez-toc-toggle\" aria-label=\"Alternar tabla de contenidos\"><span class=\"ez-toc-js-icon-con\"><span class=\"\"><span class=\"eztoc-hide\" style=\"display:none;\">Palanca<\/span><span class=\"ez-toc-icon-toggle-span\"><svg style=\"fill: #999;color:#999\" xmlns=\"http:\/\/www.w3.org\/2000\/svg\" class=\"list-377408\" width=\"20px\" height=\"20px\" viewbox=\"0 0 24 24\" fill=\"none\"><path d=\"M6 6H4v2h2V6zm14 0H8v2h12V6zM4 11h2v2H4v-2zm16 0H8v2h12v-2zM4 16h2v2H4v-2zm16 0H8v2h12v-2z\" fill=\"currentColor\"><\/path><\/svg><svg style=\"fill: #999;color:#999\" class=\"arrow-unsorted-368013\" xmlns=\"http:\/\/www.w3.org\/2000\/svg\" width=\"10px\" height=\"10px\" viewbox=\"0 0 24 24\" version=\"1.2\" baseprofile=\"tiny\"><path d=\"M18.2 9.3l-6.2-6.3-6.2 6.3c-.2.2-.3.4-.3.7s.1.5.3.7c.2.2.4.3.7.3h11c.3 0 .5-.1.7-.3.2-.2.3-.5.3-.7s-.1-.5-.3-.7zM5.8 14.7l6.2 6.3 6.2-6.3c.2-.2.3-.5.3-.7s-.1-.5-.3-.7c-.2-.2-.4-.3-.7-.3h-11c-.3 0-.5.1-.7.3-.2.2-.3.5-.3.7s.1.5.3.7z\"\/><\/svg><\/span><\/span><\/span><\/a><\/span><\/div>\n<nav><ul class='ez-toc-list ez-toc-list-level-1' ><li class='ez-toc-page-1 ez-toc-heading-level-2'><a class=\"ez-toc-link ez-toc-heading-1\" href=\"https:\/\/mythslegendes.com\/es\/mitologia-iberica\/los-barcos-de-oro-plata-y-seda\/#Barques-dor-dargent-et-de-soie\" >Barcos de oro, plata y seda<\/a><\/li><\/ul><\/nav><\/div>\n<h2><span class=\"ez-toc-section\" id=\"Barques-dor-dargent-et-de-soie\"><\/span>Barcos de oro, plata y seda<span class=\"ez-toc-section-end\"><\/span><\/h2>\n<p><\/p>\n<p>El hijo pidi\u00f3 su bendici\u00f3n, le pidi\u00f3 que le construyera una barca de oro para poder irse. Tan pronto como estuvo en su poder, lo puso en el agua y se embarc\u00f3. Lleg\u00f3 a un pueblo donde, con la ayuda de unos muchachos, sac\u00f3 su bote del agua y lo llev\u00f3 a un cobertizo cerca de la habitaci\u00f3n que alquilaba en una posada. Pidi\u00f3 una bolsa al posadero y fue a la plaza de toros a comprar carne all\u00ed.<\/p>\n<p><\/p>\n<p>Al pasar por el palacio del rey, not\u00f3 un cartel que anunciaba que el rey hab\u00eda escondido a su hija dentro y que quien la encontrara pod\u00eda casarse con ella. El joven entr\u00f3 con la idea de lograrlo. El rey le advirti\u00f3 que si no encontraba a su hija en tres d\u00edas, la har\u00eda emparedar. El joven aun as\u00ed decidi\u00f3 emprender la b\u00fasqueda\u2026 no encontr\u00f3 a la princesa, y por lo tanto fue emparedada.<\/p>\n<p><\/p>\n<p>El padre y los dos hermanos al no verlo regresar, el menor decidi\u00f3 ir a buscarlo y le pidi\u00f3 a su padre que le hiciera construir una barca de plata; tan pronto como ella estuvo armada, \u00e9l abord\u00f3 y fue en busca de su hermano mayor. En su viaje, se detuvo en la misma posada que \u00e9l, y tan pronto como vio la barca dorada en el cobertizo, supo que su hermano estaba cerca. Cogi\u00f3 una bolsa para sacar carne de la plaza de toros y vio el mismo cartel que su mayor.<\/p>\n<p>Entr\u00f3 al palacio y se encontr\u00f3 con el rey quien le dijo que un joven que se parec\u00eda mucho a \u00e9l hab\u00eda intentado, sin \u00e9xito, encontrar a la princesa unos d\u00edas antes, y que la hab\u00eda hecho emparedar; tambi\u00e9n le dijo que reservaba el mismo destino para ella. El segundo hermano, sin embargo, emprendi\u00f3 la b\u00fasqueda... sin \u00e9xito, y el rey lo hizo emparedar.<\/p>\n<p><\/p>\n<p>Al no ver regresar a sus hermanos, el menor de los hijos anunci\u00f3 a su padre que quer\u00eda ir a buscarlos; temiendo que \u00e9l tambi\u00e9n desapareciera, su padre trat\u00f3 de disuadirlo. El joven, sin embargo, decidi\u00f3 irse y le pidi\u00f3 a su padre que le construyera un barco de seda; pronto se embarc\u00f3, se detuvo en la misma posada que sus hermanos, y vio la barca de oro y la barca de plata en el cobertizo.<\/p>\n<p><\/p>\n<p>Al igual que sus hermanos, fue a la plaza de toros a buscar la carne que le ped\u00eda el mesonero, vio el cartel en la puerta del palacio. Enfrente hab\u00eda un bolardo en el que se sent\u00f3 a pensar: &quot;\u00bfEntrar\u00e1 o no?&quot; Mientras tanto, una anciana se acerc\u00f3 y le pregunt\u00f3 qu\u00e9 lo pon\u00eda en tanta verg\u00fcenza; \u00e9l respondi\u00f3 que no era asunto suyo, pero ella insisti\u00f3 y dijo que pod\u00eda ayudarlo. \u00c9l le cont\u00f3 su historia, ella le pregunt\u00f3 si era rico.<\/p>\n<p>Le dijo que pod\u00eda tener dos barcos: uno de oro y otro de plata. Ella le sugiri\u00f3 que los fundiera y transformara el primero en un loro del tama\u00f1o de un hombre, cuyos ojos ser\u00edan dos cavidades profundas, y el segundo en una base plateada. Inmediatamente fueron a un joyero para que hiciera ejecutar la estatua, el joven se encerr\u00f3 en ella con un c\u00e1ntaro de agua y un panal, y todo fue colocado frente al palacio.<\/p>\n<p><\/p>\n<p>El hermoso p\u00e1jaro llam\u00f3 la atenci\u00f3n del rey que quer\u00eda verlo de cerca. Seis hombres lucharon para llevarlo al palacio. En el refugio de su escondite, el joven tuvo tiempo de sobra para observar ad\u00f3nde lo llevaban; not\u00f3 que empujaron una cama, levantaron una losa, tiraron de un pesado martillo de hierro que dio paso a una escalera.<\/p>\n<p>Descendieron y llegaron a un gran patio donde hab\u00eda una fuente en forma de pozo cerrado por arriba, que abrieron y en el cual descendieron para llegar a otro hermoso patio, cerrado por otra puerta que abrieron, para encontrarse finalmente con el princesa en compa\u00f1\u00eda de otras dos j\u00f3venes. Los tres estaban vestidos de la misma manera, por lo que estaban confundidos y no pod\u00edan adivinar qui\u00e9n era la princesa.<\/p>\n<p><\/p>\n<p>Esta estaba tan entusiasmada con el loro, que pidi\u00f3 que la colocaran en su habitaci\u00f3n.<\/p>\n<p><\/p>\n<p>Como todas las tardes, a la princesa le trajeron una hogaza de pan y un vaso de agua. El joven, que ten\u00eda sed, aprovech\u00f3 la oscuridad para salir de su caparaz\u00f3n e ir a saciar su sed; al momento de agarrar el vaso, su mano choc\u00f3 con la de la princesa quien, en ese mismo momento, estaba haciendo el mismo gesto. Cuando ella, aterrorizada, estaba a punto de empezar a gritar, \u00e9l le dijo que hab\u00eda venido a liberarla. Ella se tranquiliz\u00f3 y le dijo que para que \u00e9l la reconociera el d\u00eda que fuera a recogerla, ella llevar\u00eda un cord\u00f3n escarlata en el dedo, mientras que sus acompa\u00f1antes llevar\u00edan uno azul cielo.<\/p>\n<p><\/p>\n<p>Una buena ma\u00f1ana, los seis hombres volvieron a buscar el loro y lo sacaron del palacio. El joven entonces vestido como un caballero, se present\u00f3 en el palacio y anunci\u00f3 su intenci\u00f3n de encontrar a la princesa. El rey le inform\u00f3 que dos hombres, que seguramente eran sus hermanos porque se parec\u00edan mucho a \u00e9l, ya lo hab\u00edan intentado sin \u00e9xito y que los hab\u00eda hecho tapiar; le reserv\u00f3 el mismo destino.<\/p>\n<p>El joven insisti\u00f3 en entrar y comenz\u00f3 su b\u00fasqueda; hizo el tonto los dos primeros d\u00edas para despistar a las sospechas; pero al tercero empuj\u00f3 la cama, levant\u00f3 la losa, pidi\u00f3 la llave, abri\u00f3 la pesada puerta y descendi\u00f3 al primer patio con el rey y su ayuda de c\u00e1mara. Continu\u00f3 hacia la trampilla del pozo, volvi\u00f3 a descender y lleg\u00f3 cerca de la princesa.<\/p>\n<p><\/p>\n<p>El rey a\u00fan guardaba la esperanza de no poder reconocerla en medio de sus compa\u00f1eros, que eran tan parecidos. Los hizo poner en un c\u00edrculo; les hizo dar dos vueltas y detenerse al azar. El joven reconoci\u00f3 a la princesa sin dudarlo. Entonces el rey le dijo:<\/p>\n<p><\/p>\n<ul class=\"wp-block-list\">\n<li>No puedo evitar d\u00e1rtela como mi esposa; pero comencemos la prueba una vez m\u00e1s.<\/li>\n<\/ul>\n<p><\/p>\n<p>El joven se\u00f1al\u00f3 de nuevo a la princesa sin equivocarse. Luego le pidi\u00f3 al rey que liberara a sus dos hermanos, que a\u00fan estaban amurallados, y que trajera a su padre. Lleg\u00f3 el padre, liberaron a los hermanos y se llev\u00f3 a cabo la boda.<\/p>\n<p><\/p>\t\t\t\t\t\t\t\t<\/div>\n\t\t\t\t<\/div>\n\t\t\t\t\t<\/div>\n\t\t<\/div>\n\t\t\t\t\t<\/div>\n\t\t<\/section>\n\t\t\t\t<\/div>","protected":false},"excerpt":{"rendered":"<p>Mythologie Ib\u00e9rique Wiki Voici l&rsquo;histoire des barques d&rsquo;or, d&rsquo;argent et de soie. Il \u00e9tait une fois, un prince qui avait &hellip; <\/p>","protected":false},"author":1,"featured_media":0,"parent":2187,"menu_order":0,"comment_status":"closed","ping_status":"closed","template":"","meta":{"footnotes":""},"class_list":["post-2568","page","type-page","status-publish","hentry"],"amp_enabled":true,"_links":{"self":[{"href":"https:\/\/mythslegendes.com\/es\/wp-json\/wp\/v2\/pages\/2568","targetHints":{"allow":["GET"]}}],"collection":[{"href":"https:\/\/mythslegendes.com\/es\/wp-json\/wp\/v2\/pages"}],"about":[{"href":"https:\/\/mythslegendes.com\/es\/wp-json\/wp\/v2\/types\/page"}],"author":[{"embeddable":true,"href":"https:\/\/mythslegendes.com\/es\/wp-json\/wp\/v2\/users\/1"}],"replies":[{"embeddable":true,"href":"https:\/\/mythslegendes.com\/es\/wp-json\/wp\/v2\/comments?post=2568"}],"version-history":[{"count":1,"href":"https:\/\/mythslegendes.com\/es\/wp-json\/wp\/v2\/pages\/2568\/revisions"}],"predecessor-version":[{"id":24811,"href":"https:\/\/mythslegendes.com\/es\/wp-json\/wp\/v2\/pages\/2568\/revisions\/24811"}],"up":[{"embeddable":true,"href":"https:\/\/mythslegendes.com\/es\/wp-json\/wp\/v2\/pages\/2187"}],"wp:attachment":[{"href":"https:\/\/mythslegendes.com\/es\/wp-json\/wp\/v2\/media?parent=2568"}],"curies":[{"name":"wp","href":"https:\/\/api.w.org\/{rel}","templated":true}]}}