{"id":2579,"date":"2020-07-13T10:54:28","date_gmt":"2020-07-13T09:54:28","guid":{"rendered":"https:\/\/mythslegendes.com\/?page_id=2579"},"modified":"2022-12-03T22:07:10","modified_gmt":"2022-12-03T22:07:10","slug":"les-mamuthones","status":"publish","type":"page","link":"https:\/\/mythslegendes.com\/es\/mitologia-sarda\/los-mamutones\/","title":{"rendered":"Los Mamuthones"},"content":{"rendered":"<div data-elementor-type=\"wp-page\" data-elementor-id=\"2579\" class=\"elementor elementor-2579\">\n\t\t\t\t\t\t<section class=\"elementor-section elementor-top-section elementor-element elementor-element-2a65cbd elementor-section-boxed elementor-section-height-default elementor-section-height-default\" data-id=\"2a65cbd\" data-element_type=\"section\" data-e-type=\"section\">\n\t\t\t\t\t\t<div class=\"elementor-container elementor-column-gap-default\">\n\t\t\t\t\t<div class=\"elementor-column elementor-col-50 elementor-top-column elementor-element elementor-element-8601165\" data-id=\"8601165\" data-element_type=\"column\" data-e-type=\"column\">\n\t\t\t<div class=\"elementor-widget-wrap elementor-element-populated\">\n\t\t\t\t\t\t<div class=\"elementor-element elementor-element-ea77a97 elementor-align-justify elementor-widget elementor-widget-button\" data-id=\"ea77a97\" data-element_type=\"widget\" data-e-type=\"widget\" data-widget_type=\"button.default\">\n\t\t\t\t<div class=\"elementor-widget-container\">\n\t\t\t\t\t\t\t\t\t<div class=\"elementor-button-wrapper\">\n\t\t\t\t\t<a class=\"elementor-button elementor-button-link elementor-size-sm\" href=\"https:\/\/mythslegendes.com\/es\/mitologia-sarda\/\">\n\t\t\t\t\t\t<span class=\"elementor-button-content-wrapper\">\n\t\t\t\t\t\t\t\t\t<span class=\"elementor-button-text\">Mitolog\u00eda sarda<\/span>\n\t\t\t\t\t<\/span>\n\t\t\t\t\t<\/a>\n\t\t\t\t<\/div>\n\t\t\t\t\t\t\t\t<\/div>\n\t\t\t\t<\/div>\n\t\t\t\t\t<\/div>\n\t\t<\/div>\n\t\t\t\t<div class=\"elementor-column elementor-col-50 elementor-top-column elementor-element elementor-element-73e39a5\" data-id=\"73e39a5\" data-element_type=\"column\" data-e-type=\"column\">\n\t\t\t<div class=\"elementor-widget-wrap elementor-element-populated\">\n\t\t\t\t\t\t<div class=\"elementor-element elementor-element-7ae7e76 elementor-align-justify elementor-widget elementor-widget-button\" data-id=\"7ae7e76\" data-element_type=\"widget\" data-e-type=\"widget\" data-widget_type=\"button.default\">\n\t\t\t\t<div class=\"elementor-widget-container\">\n\t\t\t\t\t\t\t\t\t<div class=\"elementor-button-wrapper\">\n\t\t\t\t\t<a class=\"elementor-button elementor-button-link elementor-size-sm\" href=\"https:\/\/fr.wikipedia.org\/wiki\/Histoire_de_la_Sardaigne\" target=\"_blank\" rel=\"noopener\">\n\t\t\t\t\t\t<span class=\"elementor-button-content-wrapper\">\n\t\t\t\t\t\t\t\t\t<span class=\"elementor-button-text\">Wiki<\/span>\n\t\t\t\t\t<\/span>\n\t\t\t\t\t<\/a>\n\t\t\t\t<\/div>\n\t\t\t\t\t\t\t\t<\/div>\n\t\t\t\t<\/div>\n\t\t\t\t\t<\/div>\n\t\t<\/div>\n\t\t\t\t\t<\/div>\n\t\t<\/section>\n\t\t\t\t<section class=\"elementor-section elementor-top-section elementor-element elementor-element-10ceb091 elementor-section-boxed elementor-section-height-default elementor-section-height-default\" data-id=\"10ceb091\" data-element_type=\"section\" data-e-type=\"section\">\n\t\t\t\t\t\t<div class=\"elementor-container elementor-column-gap-default\">\n\t\t\t\t\t<div class=\"elementor-column elementor-col-100 elementor-top-column elementor-element elementor-element-6c08c9f0\" data-id=\"6c08c9f0\" data-element_type=\"column\" data-e-type=\"column\">\n\t\t\t<div class=\"elementor-widget-wrap elementor-element-populated\">\n\t\t\t\t\t\t<div class=\"elementor-element elementor-element-7768fa9a elementor-widget elementor-widget-text-editor\" data-id=\"7768fa9a\" data-element_type=\"widget\" data-e-type=\"widget\" data-widget_type=\"text-editor.default\">\n\t\t\t\t<div class=\"elementor-widget-container\">\n\t\t\t\t\t\t\t\t\t<p><\/p>\n<p>Uno de los festivales m\u00e1s famosos y antiguos de <a href=\"https:\/\/mythslegendes.com\/es\/mitologia-sarda\/\">Cerde\u00f1a<\/a> es la fiesta de los Mamuthones en Mamoiada, un pueblo en el coraz\u00f3n de Barbagia, en la provincia de Nuoro. Esta procesi\u00f3n ha sido estudiada varias veces, en particular por Raffaello Marchi. Encontramos all\u00ed un rito agrario y pastoral en su sencillez original que evoca el culto a las fuerzas ct\u00f3nicas creativas de la naturaleza resultantes directamente de la vida del proto. <a href=\"https:\/\/mythslegendes.com\/es\/mitologia-sarda\/\">sardos<\/a>.<\/p>\n<p><img decoding=\"async\" class=\"alignnone wp-image-5284 size-full\" src=\"https:\/\/mythslegendes.com\/wp-content\/uploads\/2020\/09\/AlphaOmega-e1602613368367.png\" alt=\"Fiesta de Mamuthones\" width=\"25\" height=\"26\" title=\"\"><\/p>\n<div id=\"ez-toc-container\" class=\"ez-toc-v2_0_82_2 counter-hierarchy ez-toc-counter ez-toc-grey ez-toc-container-direction\">\n<div class=\"ez-toc-title-container\">\n<p class=\"ez-toc-title\" style=\"cursor:inherit\">Contenido<\/p>\n<span class=\"ez-toc-title-toggle\"><a href=\"#\" class=\"ez-toc-pull-right ez-toc-btn ez-toc-btn-xs ez-toc-btn-default ez-toc-toggle\" aria-label=\"Alternar tabla de contenidos\"><span class=\"ez-toc-js-icon-con\"><span class=\"\"><span class=\"eztoc-hide\" style=\"display:none;\">Palanca<\/span><span class=\"ez-toc-icon-toggle-span\"><svg style=\"fill: #999;color:#999\" xmlns=\"http:\/\/www.w3.org\/2000\/svg\" class=\"list-377408\" width=\"20px\" height=\"20px\" viewbox=\"0 0 24 24\" fill=\"none\"><path d=\"M6 6H4v2h2V6zm14 0H8v2h12V6zM4 11h2v2H4v-2zm16 0H8v2h12v-2zM4 16h2v2H4v-2zm16 0H8v2h12v-2z\" fill=\"currentColor\"><\/path><\/svg><svg style=\"fill: #999;color:#999\" class=\"arrow-unsorted-368013\" xmlns=\"http:\/\/www.w3.org\/2000\/svg\" width=\"10px\" height=\"10px\" viewbox=\"0 0 24 24\" version=\"1.2\" baseprofile=\"tiny\"><path d=\"M18.2 9.3l-6.2-6.3-6.2 6.3c-.2.2-.3.4-.3.7s.1.5.3.7c.2.2.4.3.7.3h11c.3 0 .5-.1.7-.3.2-.2.3-.5.3-.7s-.1-.5-.3-.7zM5.8 14.7l6.2 6.3 6.2-6.3c.2-.2.3-.5.3-.7s-.1-.5-.3-.7c-.2-.2-.4-.3-.7-.3h-11c-.3 0-.5.1-.7.3-.2.2-.3.5-.3.7s.1.5.3.7z\"\/><\/svg><\/span><\/span><\/span><\/a><\/span><\/div>\n<nav><ul class='ez-toc-list ez-toc-list-level-1' ><li class='ez-toc-page-1 ez-toc-heading-level-2'><a class=\"ez-toc-link ez-toc-heading-1\" href=\"https:\/\/mythslegendes.com\/es\/mitologia-sarda\/los-mamutones\/#Fete-des-Mamuthones\" >Festival Mamuthones<\/a><\/li><\/ul><\/nav><\/div>\n<h2><span class=\"ez-toc-section\" id=\"Fete-des-Mamuthones\"><\/span>Festival Mamuthones<span class=\"ez-toc-section-end\"><\/span><\/h2>\n<p><\/p>\n<p>Los Mamuthones est\u00e1n vestidos con un curioso atuendo que consiste en pantal\u00f3n blanco, calcetines hasta la rodilla, una especie de falda corta, un cors\u00e9 rojo sobre una camisa y un chaleco de piel que se lleva con el pelo al costado. Fuera llamado mastruca, llevan una berritta negra. sostenido por una bufanda atada a la barbilla.<\/p>\n<p>En la espalda y el cuello llevan cascabeles (sa garriga). Su rostro est\u00e1 cubierto con una m\u00e1scara de madera negra (sa bisera). Encontramos m\u00e1scaras de la misma inspiraci\u00f3n en otros pueblos sardos, especialmente en Ottana (mierda, m\u00e1scara de ganado), pero tambi\u00e9n en otras regiones (Sicilia, <a href=\"https:\/\/mythslegendes.com\/es\/mythes-et-legendes-grecques-1664\/\">Grecia<\/a>, Trace, Istria, Eslovenia, Alpes, Pirineos, etc.) y en otros continentes.<\/p>\n<p><\/p>\n<p>Los Mamuthones desfilan en un lento paso de baile, haciendo sonar las campanas al ritmo. Est\u00e1n flanqueados por los Issocadores que visten una especie de gorra con cintas, pantal\u00f3n azul grande y holgado, camisa blanca y chaleco rojo, a veces un chal atado a la cintura, no llevan cascabeles, antifaces ni mastruca.<\/p>\n<p>Llevan en sus manos una especie de l\u00e1tigo o l\u00e1tigo o lazo (soca) que arrojan al p\u00fablico para atrapar a amigos, ni\u00f1os, ni\u00f1as, etc. gritando chistes sat\u00edricos. Si se lleva a la persona, ser\u00e1 una se\u00f1al auspiciosa.<\/p>\n<p><\/p>\n<p>Con motivo de la fiesta de San Antonio, patr\u00f3n y protector de los campesinos y pastores, el 17 de enero sale la procesi\u00f3n en grupos de 12 mamutones acompa\u00f1ados de 8 issocadorres. Una vez m\u00e1s vuelven a las calles de este pueblo agr\u00edcola el \u00faltimo domingo de Carnaval y para el Mardi Gras.<\/p>\n<p><\/p>\n<p>La palabra Mamuthones se puede comparar con otras palabras de Barbagia:<\/p>\n<p><\/p>\n<ul class=\"wp-block-list\">\n<li>Maimone: demonio, \u00eddolo b\u00e1quico del Carnaval que muere en Mardi Gras,<\/li>\n<li>Mamucone, zona monta\u00f1osa cerca de Mamo\u00efada,<\/li>\n<li>Mamudine: lugar donde hay cuevas custodiadas por esp\u00edritus,<\/li>\n<li>Mamujone: nombre de una fuente de la que se deriva el nombre de Mamo\u00efada.<\/li>\n<\/ul>\n<p><\/p>\n<p>Esta fiesta pagana es muy antigua y se le da diferentes significados.<br \/>La victoria de los habitantes del interior contra los invasores sarracenos, hechos prisioneros y llevados en procesi\u00f3n a convertirse en esclavos de los pastores.<\/p>\n<p><\/p>\n<p>O bien, podr\u00eda remontarse a un ritual en la civilizaci\u00f3n Nuraghi en honor a un dios agr\u00edcola pastoral.<br \/>O, a un rito de poner bajo el yugo del buey.<\/p>\n<p><\/p>\n<p>Otras interpretaciones vinculan este festival a los rituales de fertilidad dionis\u00edacos como en otras civilizaciones mediterr\u00e1neas.<\/p>\n<p><\/p>\n<p>Hay quienes ven en la m\u00e1scara de los Mamuthones la efigie de un esp\u00edritu demon\u00edaco.<\/p>\n<p><\/p>\t\t\t\t\t\t\t\t<\/div>\n\t\t\t\t<\/div>\n\t\t\t\t\t<\/div>\n\t\t<\/div>\n\t\t\t\t\t<\/div>\n\t\t<\/section>\n\t\t\t\t<\/div>","protected":false},"excerpt":{"rendered":"<p>Wiki de mitolog\u00eda sarda Uno de los festivales m\u00e1s famosos y antiguos de Cerde\u00f1a es el festival Mamuthones ... <\/p>","protected":false},"author":1,"featured_media":0,"parent":2574,"menu_order":0,"comment_status":"closed","ping_status":"closed","template":"","meta":{"footnotes":""},"class_list":["post-2579","page","type-page","status-publish","hentry"],"amp_enabled":true,"_links":{"self":[{"href":"https:\/\/mythslegendes.com\/es\/wp-json\/wp\/v2\/pages\/2579","targetHints":{"allow":["GET"]}}],"collection":[{"href":"https:\/\/mythslegendes.com\/es\/wp-json\/wp\/v2\/pages"}],"about":[{"href":"https:\/\/mythslegendes.com\/es\/wp-json\/wp\/v2\/types\/page"}],"author":[{"embeddable":true,"href":"https:\/\/mythslegendes.com\/es\/wp-json\/wp\/v2\/users\/1"}],"replies":[{"embeddable":true,"href":"https:\/\/mythslegendes.com\/es\/wp-json\/wp\/v2\/comments?post=2579"}],"version-history":[{"count":1,"href":"https:\/\/mythslegendes.com\/es\/wp-json\/wp\/v2\/pages\/2579\/revisions"}],"predecessor-version":[{"id":24813,"href":"https:\/\/mythslegendes.com\/es\/wp-json\/wp\/v2\/pages\/2579\/revisions\/24813"}],"up":[{"embeddable":true,"href":"https:\/\/mythslegendes.com\/es\/wp-json\/wp\/v2\/pages\/2574"}],"wp:attachment":[{"href":"https:\/\/mythslegendes.com\/es\/wp-json\/wp\/v2\/media?parent=2579"}],"curies":[{"name":"wp","href":"https:\/\/api.w.org\/{rel}","templated":true}]}}