{"id":2587,"date":"2020-07-13T11:01:22","date_gmt":"2020-07-13T10:01:22","guid":{"rendered":"https:\/\/mythslegendes.com\/?page_id=2587"},"modified":"2022-12-03T22:07:11","modified_gmt":"2022-12-03T22:07:11","slug":"la-gara-poetica","status":"publish","type":"page","link":"https:\/\/mythslegendes.com\/es\/mitologia-sarda\/la-gara-poetica\/","title":{"rendered":"La gara poetica"},"content":{"rendered":"<div data-elementor-type=\"wp-page\" data-elementor-id=\"2587\" class=\"elementor elementor-2587\">\n\t\t\t\t\t\t<section class=\"elementor-section elementor-top-section elementor-element elementor-element-990c395 elementor-section-boxed elementor-section-height-default elementor-section-height-default\" data-id=\"990c395\" data-element_type=\"section\" data-e-type=\"section\">\n\t\t\t\t\t\t<div class=\"elementor-container elementor-column-gap-default\">\n\t\t\t\t\t<div class=\"elementor-column elementor-col-50 elementor-top-column elementor-element elementor-element-aacebfc\" data-id=\"aacebfc\" data-element_type=\"column\" data-e-type=\"column\">\n\t\t\t<div class=\"elementor-widget-wrap elementor-element-populated\">\n\t\t\t\t\t\t<div class=\"elementor-element elementor-element-13acb1c elementor-align-justify elementor-widget elementor-widget-button\" data-id=\"13acb1c\" data-element_type=\"widget\" data-e-type=\"widget\" data-widget_type=\"button.default\">\n\t\t\t\t<div class=\"elementor-widget-container\">\n\t\t\t\t\t\t\t\t\t<div class=\"elementor-button-wrapper\">\n\t\t\t\t\t<a class=\"elementor-button elementor-button-link elementor-size-sm\" href=\"https:\/\/mythslegendes.com\/es\/mitologia-sarda\/\">\n\t\t\t\t\t\t<span class=\"elementor-button-content-wrapper\">\n\t\t\t\t\t\t\t\t\t<span class=\"elementor-button-text\">Mitolog\u00eda sarda<\/span>\n\t\t\t\t\t<\/span>\n\t\t\t\t\t<\/a>\n\t\t\t\t<\/div>\n\t\t\t\t\t\t\t\t<\/div>\n\t\t\t\t<\/div>\n\t\t\t\t\t<\/div>\n\t\t<\/div>\n\t\t\t\t<div class=\"elementor-column elementor-col-50 elementor-top-column elementor-element elementor-element-8cdf2bc\" data-id=\"8cdf2bc\" data-element_type=\"column\" data-e-type=\"column\">\n\t\t\t<div class=\"elementor-widget-wrap elementor-element-populated\">\n\t\t\t\t\t\t<div class=\"elementor-element elementor-element-501850d elementor-align-justify elementor-widget elementor-widget-button\" data-id=\"501850d\" data-element_type=\"widget\" data-e-type=\"widget\" data-widget_type=\"button.default\">\n\t\t\t\t<div class=\"elementor-widget-container\">\n\t\t\t\t\t\t\t\t\t<div class=\"elementor-button-wrapper\">\n\t\t\t\t\t<a class=\"elementor-button elementor-button-link elementor-size-sm\" href=\"https:\/\/fr.wikipedia.org\/wiki\/Histoire_de_la_Sardaigne\" target=\"_blank\" rel=\"noopener\">\n\t\t\t\t\t\t<span class=\"elementor-button-content-wrapper\">\n\t\t\t\t\t\t\t\t\t<span class=\"elementor-button-text\">Wiki<\/span>\n\t\t\t\t\t<\/span>\n\t\t\t\t\t<\/a>\n\t\t\t\t<\/div>\n\t\t\t\t\t\t\t\t<\/div>\n\t\t\t\t<\/div>\n\t\t\t\t\t<\/div>\n\t\t<\/div>\n\t\t\t\t\t<\/div>\n\t\t<\/section>\n\t\t\t\t<section class=\"elementor-section elementor-top-section elementor-element elementor-element-5be5ded6 elementor-section-boxed elementor-section-height-default elementor-section-height-default\" data-id=\"5be5ded6\" data-element_type=\"section\" data-e-type=\"section\">\n\t\t\t\t\t\t<div class=\"elementor-container elementor-column-gap-default\">\n\t\t\t\t\t<div class=\"elementor-column elementor-col-100 elementor-top-column elementor-element elementor-element-15bc5285\" data-id=\"15bc5285\" data-element_type=\"column\" data-e-type=\"column\">\n\t\t\t<div class=\"elementor-widget-wrap elementor-element-populated\">\n\t\t\t\t\t\t<div class=\"elementor-element elementor-element-f7dcdb8 elementor-widget elementor-widget-text-editor\" data-id=\"f7dcdb8\" data-element_type=\"widget\" data-e-type=\"widget\" data-widget_type=\"text-editor.default\">\n\t\t\t\t<div class=\"elementor-widget-container\">\n\t\t\t\t\t\t\t\t\t<p><\/p>\n<p>&quot;Terra di poesia&quot;: es con esta expresi\u00f3n que el <a href=\"https:\/\/mythslegendes.com\/es\/mitologia-sarda\/\">sardos<\/a> ellos mismos designan su isla. La poes\u00eda es ante todo un arte familiar para ellos: en cada pueblo, en cada familia, hay hombres o mujeres que se saben los versos de memoria y son capaces de componerlos. Pero esta poes\u00eda encuentra su celebraci\u00f3n en la gara poetica (la justa po\u00e9tica) que se ofrece al Patrono del pueblo durante las fiestas en su honor.<\/p>\n<p><img decoding=\"async\" class=\"alignnone wp-image-5284 size-full\" src=\"https:\/\/mythslegendes.com\/wp-content\/uploads\/2020\/09\/AlphaOmega-e1602613368367.png\" alt=\"gara poetica\" width=\"25\" height=\"26\" title=\"\"><\/p>\n<div id=\"ez-toc-container\" class=\"ez-toc-v2_0_82_2 counter-hierarchy ez-toc-counter ez-toc-grey ez-toc-container-direction\">\n<div class=\"ez-toc-title-container\">\n<p class=\"ez-toc-title\" style=\"cursor:inherit\">Contenido<\/p>\n<span class=\"ez-toc-title-toggle\"><a href=\"#\" class=\"ez-toc-pull-right ez-toc-btn ez-toc-btn-xs ez-toc-btn-default ez-toc-toggle\" aria-label=\"Alternar tabla de contenidos\"><span class=\"ez-toc-js-icon-con\"><span class=\"\"><span class=\"eztoc-hide\" style=\"display:none;\">Palanca<\/span><span class=\"ez-toc-icon-toggle-span\"><svg style=\"fill: #999;color:#999\" xmlns=\"http:\/\/www.w3.org\/2000\/svg\" class=\"list-377408\" width=\"20px\" height=\"20px\" viewbox=\"0 0 24 24\" fill=\"none\"><path d=\"M6 6H4v2h2V6zm14 0H8v2h12V6zM4 11h2v2H4v-2zm16 0H8v2h12v-2zM4 16h2v2H4v-2zm16 0H8v2h12v-2z\" fill=\"currentColor\"><\/path><\/svg><svg style=\"fill: #999;color:#999\" class=\"arrow-unsorted-368013\" xmlns=\"http:\/\/www.w3.org\/2000\/svg\" width=\"10px\" height=\"10px\" viewbox=\"0 0 24 24\" version=\"1.2\" baseprofile=\"tiny\"><path d=\"M18.2 9.3l-6.2-6.3-6.2 6.3c-.2.2-.3.4-.3.7s.1.5.3.7c.2.2.4.3.7.3h11c.3 0 .5-.1.7-.3.2-.2.3-.5.3-.7s-.1-.5-.3-.7zM5.8 14.7l6.2 6.3 6.2-6.3c.2-.2.3-.5.3-.7s-.1-.5-.3-.7c-.2-.2-.4-.3-.7-.3h-11c-.3 0-.5.1-.7.3-.2.2-.3.5-.3.7s.1.5.3.7z\"\/><\/svg><\/span><\/span><\/span><\/a><\/span><\/div>\n<nav><ul class='ez-toc-list ez-toc-list-level-1' ><li class='ez-toc-page-1 ez-toc-heading-level-2'><a class=\"ez-toc-link ez-toc-heading-1\" href=\"https:\/\/mythslegendes.com\/es\/mitologia-sarda\/la-gara-poetica\/#Gara-poetica\" >gara poetica<\/a><\/li><\/ul><\/nav><\/div>\n<h2><span class=\"ez-toc-section\" id=\"Gara-poetica\"><\/span>gara poetica<span class=\"ez-toc-section-end\"><\/span><\/h2>\n<p>En esta ocasi\u00f3n, dos o tres poetas profesionales est\u00e1n invitados a subir a una tarima para debatir, durante tres horas, sobre temas sorteados como: &quot;Arte y naturaleza&quot; o &quot;El ojo, el lenguaje y la mano&quot;. Estos poetas-improvisadores cantan ochos de endecas\u00edlabos (ottavas) con una melod\u00eda espec\u00edfica para cada uno (traggiu), acompa\u00f1ados por un peque\u00f1o coro (tenore) compuesto por tres hombres que modulan un acorde consonante en un conjunto de s\u00edlabas sin sentido (&quot;Bim -bom&quot; , &quot;Birimbim-bom&quot;, etc.)<\/p>\n<p><\/p>\n<p><\/p>\n<p>La gara poetica <a href=\"https:\/\/mythslegendes.com\/es\/mitologia-sarda\/\">sardo<\/a> es un ritual de habla. De hecho, se lleva a cabo en una fecha, hora y lugar fijos: en la plaza del pueblo, cerca de la iglesia y del Santo, el d\u00eda de su fiesta. Es una creaci\u00f3n colectiva donde interact\u00faan los poetas, el coro y el p\u00fablico; este \u00faltimo, muy bien informado, aplaude, sonr\u00ede o hace pucheros, evaluando a los poetas como un jurado informal; anticipa versos y es capaz de memorizar estrofas o incluso pasajes enteros de un juego para compararlo con otros que lo precedieron.<\/p>\n<p>En este contexto de improvisaci\u00f3n, sin embargo, todo est\u00e1 rigurosamente codificado: desarrollo del juego en tres etapas (exordio, temas y hagiograf\u00eda cantada del Santo), curso obligado de los argumentos del tema, pero tambi\u00e9n de los versos de la estrofa, comportamiento, posturas y gestos de los poetas, etc.<\/p>\n<p><\/p>\n<p><\/p>\n<p>Al sortear su tema, los poetas deben defenderlo e identificarse con \u00e9l: se convierten en Amor, Odio, Riqueza o Pobreza. Tanto es as\u00ed que lo que muestran y escuchan a la gente reunida en la plaza bajo la mirada del santo es el juego de destinos simulados que el azar les ha asignado por sorteo, y que deben asumir la estaci\u00f3n del tiempo.<\/p>\n<p><\/p>\t\t\t\t\t\t\t\t<\/div>\n\t\t\t\t<\/div>\n\t\t\t\t\t<\/div>\n\t\t<\/div>\n\t\t\t\t\t<\/div>\n\t\t<\/section>\n\t\t\t\t<\/div>","protected":false},"excerpt":{"rendered":"<p>Mythologie Sarde Wiki \u00ab Terra di poesia \u00bb : c\u2019est par cette expression que les Sardes eux-m\u00eames d\u00e9signent leur \u00eele. &hellip; <\/p>","protected":false},"author":1,"featured_media":0,"parent":2574,"menu_order":0,"comment_status":"closed","ping_status":"closed","template":"","meta":{"footnotes":""},"class_list":["post-2587","page","type-page","status-publish","hentry"],"amp_enabled":true,"_links":{"self":[{"href":"https:\/\/mythslegendes.com\/es\/wp-json\/wp\/v2\/pages\/2587","targetHints":{"allow":["GET"]}}],"collection":[{"href":"https:\/\/mythslegendes.com\/es\/wp-json\/wp\/v2\/pages"}],"about":[{"href":"https:\/\/mythslegendes.com\/es\/wp-json\/wp\/v2\/types\/page"}],"author":[{"embeddable":true,"href":"https:\/\/mythslegendes.com\/es\/wp-json\/wp\/v2\/users\/1"}],"replies":[{"embeddable":true,"href":"https:\/\/mythslegendes.com\/es\/wp-json\/wp\/v2\/comments?post=2587"}],"version-history":[{"count":1,"href":"https:\/\/mythslegendes.com\/es\/wp-json\/wp\/v2\/pages\/2587\/revisions"}],"predecessor-version":[{"id":24815,"href":"https:\/\/mythslegendes.com\/es\/wp-json\/wp\/v2\/pages\/2587\/revisions\/24815"}],"up":[{"embeddable":true,"href":"https:\/\/mythslegendes.com\/es\/wp-json\/wp\/v2\/pages\/2574"}],"wp:attachment":[{"href":"https:\/\/mythslegendes.com\/es\/wp-json\/wp\/v2\/media?parent=2587"}],"curies":[{"name":"wp","href":"https:\/\/api.w.org\/{rel}","templated":true}]}}