{"id":2591,"date":"2020-07-13T11:16:57","date_gmt":"2020-07-13T10:16:57","guid":{"rendered":"https:\/\/mythslegendes.com\/?page_id=2591"},"modified":"2022-12-03T22:07:11","modified_gmt":"2022-12-03T22:07:11","slug":"fete-de-san-costantino","status":"publish","type":"page","link":"https:\/\/mythslegendes.com\/es\/mitologia-sarda\/fiesta-de-san-costantino\/","title":{"rendered":"Fiesta de San Costantino"},"content":{"rendered":"<div data-elementor-type=\"wp-page\" data-elementor-id=\"2591\" class=\"elementor elementor-2591\">\n\t\t\t\t\t\t<section class=\"elementor-section elementor-top-section elementor-element elementor-element-d9b882c elementor-section-boxed elementor-section-height-default elementor-section-height-default\" data-id=\"d9b882c\" data-element_type=\"section\" data-e-type=\"section\">\n\t\t\t\t\t\t<div class=\"elementor-container elementor-column-gap-default\">\n\t\t\t\t\t<div class=\"elementor-column elementor-col-50 elementor-top-column elementor-element elementor-element-fd04a0c\" data-id=\"fd04a0c\" data-element_type=\"column\" data-e-type=\"column\">\n\t\t\t<div class=\"elementor-widget-wrap elementor-element-populated\">\n\t\t\t\t\t\t<div class=\"elementor-element elementor-element-493954b elementor-align-justify elementor-widget elementor-widget-button\" data-id=\"493954b\" data-element_type=\"widget\" data-e-type=\"widget\" data-widget_type=\"button.default\">\n\t\t\t\t<div class=\"elementor-widget-container\">\n\t\t\t\t\t\t\t\t\t<div class=\"elementor-button-wrapper\">\n\t\t\t\t\t<a class=\"elementor-button elementor-button-link elementor-size-sm\" href=\"https:\/\/mythslegendes.com\/es\/mitologia-sarda\/\">\n\t\t\t\t\t\t<span class=\"elementor-button-content-wrapper\">\n\t\t\t\t\t\t\t\t\t<span class=\"elementor-button-text\">Mitolog\u00eda vasca<\/span>\n\t\t\t\t\t<\/span>\n\t\t\t\t\t<\/a>\n\t\t\t\t<\/div>\n\t\t\t\t\t\t\t\t<\/div>\n\t\t\t\t<\/div>\n\t\t\t\t\t<\/div>\n\t\t<\/div>\n\t\t\t\t<div class=\"elementor-column elementor-col-50 elementor-top-column elementor-element elementor-element-3f8111e\" data-id=\"3f8111e\" data-element_type=\"column\" data-e-type=\"column\">\n\t\t\t<div class=\"elementor-widget-wrap elementor-element-populated\">\n\t\t\t\t\t\t<div class=\"elementor-element elementor-element-c475855 elementor-align-justify elementor-widget elementor-widget-button\" data-id=\"c475855\" data-element_type=\"widget\" data-e-type=\"widget\" data-widget_type=\"button.default\">\n\t\t\t\t<div class=\"elementor-widget-container\">\n\t\t\t\t\t\t\t\t\t<div class=\"elementor-button-wrapper\">\n\t\t\t\t\t<a class=\"elementor-button elementor-button-link elementor-size-sm\" href=\"https:\/\/fr.wikipedia.org\/wiki\/Histoire_de_la_Sardaigne\" target=\"_blank\" rel=\"noopener\">\n\t\t\t\t\t\t<span class=\"elementor-button-content-wrapper\">\n\t\t\t\t\t\t\t\t\t<span class=\"elementor-button-text\">Wiki<\/span>\n\t\t\t\t\t<\/span>\n\t\t\t\t\t<\/a>\n\t\t\t\t<\/div>\n\t\t\t\t\t\t\t\t<\/div>\n\t\t\t\t<\/div>\n\t\t\t\t\t<\/div>\n\t\t<\/div>\n\t\t\t\t\t<\/div>\n\t\t<\/section>\n\t\t\t\t<section class=\"elementor-section elementor-top-section elementor-element elementor-element-6d5f6405 elementor-section-boxed elementor-section-height-default elementor-section-height-default\" data-id=\"6d5f6405\" data-element_type=\"section\" data-e-type=\"section\">\n\t\t\t\t\t\t<div class=\"elementor-container elementor-column-gap-default\">\n\t\t\t\t\t<div class=\"elementor-column elementor-col-100 elementor-top-column elementor-element elementor-element-142339d3\" data-id=\"142339d3\" data-element_type=\"column\" data-e-type=\"column\">\n\t\t\t<div class=\"elementor-widget-wrap elementor-element-populated\">\n\t\t\t\t\t\t<div class=\"elementor-element elementor-element-370b3ecf elementor-widget elementor-widget-text-editor\" data-id=\"370b3ecf\" data-element_type=\"widget\" data-e-type=\"widget\" data-widget_type=\"text-editor.default\">\n\t\t\t\t<div class=\"elementor-widget-container\">\n\t\t\t\t\t\t\t\t\t<p><\/p>\n<p>S\u00e9dilo es una gran ciudad pintoresca en el centro de la <a href=\"https:\/\/mythslegendes.com\/es\/mitologia-sarda\/\">Cerde\u00f1a<\/a>, ubicado cerca del lago Omedeo, una importante reserva de agua. La actividad econ\u00f3mica de este pueblo de unos 2.500 habitantes se centra principalmente en la cr\u00eda principalmente de ovejas. Aunque se encuentra no lejos de una carretera que cruza la isla de oeste a este y conduce a Nuoro y al golfo de Orosei, no es muy frecuentada por turistas excepto a principios de julio, durante la fiesta de San Costantino.<\/p>\n<p><img decoding=\"async\" class=\"alignnone wp-image-5284 size-full\" src=\"https:\/\/mythslegendes.com\/wp-content\/uploads\/2020\/09\/AlphaOmega-e1602613368367.png\" alt=\"San Costantino\" width=\"25\" height=\"26\" title=\"\"><\/p>\n<div id=\"ez-toc-container\" class=\"ez-toc-v2_0_82_2 counter-hierarchy ez-toc-counter ez-toc-grey ez-toc-container-direction\">\n<div class=\"ez-toc-title-container\">\n<p class=\"ez-toc-title\" style=\"cursor:inherit\">Contenido<\/p>\n<span class=\"ez-toc-title-toggle\"><a href=\"#\" class=\"ez-toc-pull-right ez-toc-btn ez-toc-btn-xs ez-toc-btn-default ez-toc-toggle\" aria-label=\"Alternar tabla de contenidos\"><span class=\"ez-toc-js-icon-con\"><span class=\"\"><span class=\"eztoc-hide\" style=\"display:none;\">Palanca<\/span><span class=\"ez-toc-icon-toggle-span\"><svg style=\"fill: #999;color:#999\" xmlns=\"http:\/\/www.w3.org\/2000\/svg\" class=\"list-377408\" width=\"20px\" height=\"20px\" viewbox=\"0 0 24 24\" fill=\"none\"><path d=\"M6 6H4v2h2V6zm14 0H8v2h12V6zM4 11h2v2H4v-2zm16 0H8v2h12v-2zM4 16h2v2H4v-2zm16 0H8v2h12v-2z\" fill=\"currentColor\"><\/path><\/svg><svg style=\"fill: #999;color:#999\" class=\"arrow-unsorted-368013\" xmlns=\"http:\/\/www.w3.org\/2000\/svg\" width=\"10px\" height=\"10px\" viewbox=\"0 0 24 24\" version=\"1.2\" baseprofile=\"tiny\"><path d=\"M18.2 9.3l-6.2-6.3-6.2 6.3c-.2.2-.3.4-.3.7s.1.5.3.7c.2.2.4.3.7.3h11c.3 0 .5-.1.7-.3.2-.2.3-.5.3-.7s-.1-.5-.3-.7zM5.8 14.7l6.2 6.3 6.2-6.3c.2-.2.3-.5.3-.7s-.1-.5-.3-.7c-.2-.2-.4-.3-.7-.3h-11c-.3 0-.5.1-.7.3-.2.2-.3.5-.3.7s.1.5.3.7z\"\/><\/svg><\/span><\/span><\/span><\/a><\/span><\/div>\n<nav><ul class='ez-toc-list ez-toc-list-level-1' ><li class='ez-toc-page-1 ez-toc-heading-level-2'><a class=\"ez-toc-link ez-toc-heading-1\" href=\"https:\/\/mythslegendes.com\/es\/mitologia-sarda\/fiesta-de-san-costantino\/#San-Costantino\" >San Costantino<\/a><\/li><\/ul><\/nav><\/div>\n<h2><span class=\"ez-toc-section\" id=\"San-Costantino\"><\/span>San Costantino<span class=\"ez-toc-section-end\"><\/span><\/h2>\n<p>La originalidad de este &quot;santo&quot; es que no es reconocido oficialmente como tal por la Iglesia, pero es venerado en Cerde\u00f1a, San Costantino es el emperador romano que convirti\u00f3 y propici\u00f3 la adhesi\u00f3n al cristianismo.<\/p>\n<p><\/p>\n<p><\/p>\n<p>En S\u00e9dilo, como en toda Barbagia, las tradiciones de honor son importantes y respetadas. Es en el territorio de este pueblo que tiene lugar una de las manifestaciones m\u00e1s antiguas <a href=\"https:\/\/mythslegendes.com\/es\/mitologia-sarda\/\">sardos<\/a> de inspiraci\u00f3n religiosa, la Ardia, una carrera de caballos que no se corre por un premio monetario o cualquier otra recompensa sino por honor, por fama o por un deseo. Los hombres del pueblo deben registrarse con suficiente antelaci\u00f3n para participar y tener el honor de llevar la bandera y montar a la cabeza antes de enfrentarse.<\/p>\n<p><\/p>\n<p><\/p>\n<p>La salida de la carrera se da en un recinto, cerca de una peque\u00f1a iglesia que se encuentra junto al pueblo. Los jinetes deben, a frenos, volver al pueblo para llegar al lugar de la iglesia. Pero donde se complica es que hay que entrar por un arco de piedra. Algunos a\u00f1os no es raro que ocurran accidentes que causen lesiones o incluso la muerte de algunos competidores. Pero quien llega primero es celebrado como un h\u00e9roe, el nombre de su familia es honrado y respetado. Este festival atrae a mucha gente y es famoso en toda Cerde\u00f1a y mucho m\u00e1s all\u00e1.<\/p>\n<p><\/p>\n<p><\/p>\n<p>Las paredes de S\u00e9dilo est\u00e1n adornadas con numerosos murales que celebran este acontecimiento.<\/p>\n<p><\/p>\t\t\t\t\t\t\t\t<\/div>\n\t\t\t\t<\/div>\n\t\t\t\t\t<\/div>\n\t\t<\/div>\n\t\t\t\t\t<\/div>\n\t\t<\/section>\n\t\t\t\t<\/div>","protected":false},"excerpt":{"rendered":"<p>Wiki Mitolog\u00eda Vasca S\u00e9dilo es una gran ciudad pintoresca en el centro de Cerde\u00f1a, ubicada cerca del lago Omedeo, \u2026 <\/p>","protected":false},"author":1,"featured_media":0,"parent":2574,"menu_order":0,"comment_status":"closed","ping_status":"closed","template":"","meta":{"footnotes":""},"class_list":["post-2591","page","type-page","status-publish","hentry"],"amp_enabled":true,"_links":{"self":[{"href":"https:\/\/mythslegendes.com\/es\/wp-json\/wp\/v2\/pages\/2591","targetHints":{"allow":["GET"]}}],"collection":[{"href":"https:\/\/mythslegendes.com\/es\/wp-json\/wp\/v2\/pages"}],"about":[{"href":"https:\/\/mythslegendes.com\/es\/wp-json\/wp\/v2\/types\/page"}],"author":[{"embeddable":true,"href":"https:\/\/mythslegendes.com\/es\/wp-json\/wp\/v2\/users\/1"}],"replies":[{"embeddable":true,"href":"https:\/\/mythslegendes.com\/es\/wp-json\/wp\/v2\/comments?post=2591"}],"version-history":[{"count":1,"href":"https:\/\/mythslegendes.com\/es\/wp-json\/wp\/v2\/pages\/2591\/revisions"}],"predecessor-version":[{"id":24816,"href":"https:\/\/mythslegendes.com\/es\/wp-json\/wp\/v2\/pages\/2591\/revisions\/24816"}],"up":[{"embeddable":true,"href":"https:\/\/mythslegendes.com\/es\/wp-json\/wp\/v2\/pages\/2574"}],"wp:attachment":[{"href":"https:\/\/mythslegendes.com\/es\/wp-json\/wp\/v2\/media?parent=2591"}],"curies":[{"name":"wp","href":"https:\/\/api.w.org\/{rel}","templated":true}]}}