{"id":2599,"date":"2020-07-13T11:44:58","date_gmt":"2020-07-13T10:44:58","guid":{"rendered":"https:\/\/mythslegendes.com\/?page_id=2599"},"modified":"2022-12-03T22:07:11","modified_gmt":"2022-12-03T22:07:11","slug":"le-carnaval-en-sardaigne","status":"publish","type":"page","link":"https:\/\/mythslegendes.com\/es\/mitologia-sarda\/le-carnaval-en-sardaigne\/","title":{"rendered":"Carnaval en Cerde\u00f1a"},"content":{"rendered":"<div data-elementor-type=\"wp-page\" data-elementor-id=\"2599\" class=\"elementor elementor-2599\">\n\t\t\t\t\t\t<section class=\"elementor-section elementor-top-section elementor-element elementor-element-30589fa elementor-section-boxed elementor-section-height-default elementor-section-height-default\" data-id=\"30589fa\" data-element_type=\"section\" data-e-type=\"section\">\n\t\t\t\t\t\t<div class=\"elementor-container elementor-column-gap-default\">\n\t\t\t\t\t<div class=\"elementor-column elementor-col-50 elementor-top-column elementor-element elementor-element-c9cc834\" data-id=\"c9cc834\" data-element_type=\"column\" data-e-type=\"column\">\n\t\t\t<div class=\"elementor-widget-wrap elementor-element-populated\">\n\t\t\t\t\t\t<div class=\"elementor-element elementor-element-0c6eaf5 elementor-align-justify elementor-widget elementor-widget-button\" data-id=\"0c6eaf5\" data-element_type=\"widget\" data-e-type=\"widget\" data-widget_type=\"button.default\">\n\t\t\t\t<div class=\"elementor-widget-container\">\n\t\t\t\t\t\t\t\t\t<div class=\"elementor-button-wrapper\">\n\t\t\t\t\t<a class=\"elementor-button elementor-button-link elementor-size-sm\" href=\"https:\/\/mythslegendes.com\/es\/mitologia-sarda\/\">\n\t\t\t\t\t\t<span class=\"elementor-button-content-wrapper\">\n\t\t\t\t\t\t\t\t\t<span class=\"elementor-button-text\">Mitolog\u00eda sarda<\/span>\n\t\t\t\t\t<\/span>\n\t\t\t\t\t<\/a>\n\t\t\t\t<\/div>\n\t\t\t\t\t\t\t\t<\/div>\n\t\t\t\t<\/div>\n\t\t\t\t\t<\/div>\n\t\t<\/div>\n\t\t\t\t<div class=\"elementor-column elementor-col-50 elementor-top-column elementor-element elementor-element-b203295\" data-id=\"b203295\" data-element_type=\"column\" data-e-type=\"column\">\n\t\t\t<div class=\"elementor-widget-wrap elementor-element-populated\">\n\t\t\t\t\t\t<div class=\"elementor-element elementor-element-a36aa35 elementor-align-justify elementor-widget elementor-widget-button\" data-id=\"a36aa35\" data-element_type=\"widget\" data-e-type=\"widget\" data-widget_type=\"button.default\">\n\t\t\t\t<div class=\"elementor-widget-container\">\n\t\t\t\t\t\t\t\t\t<div class=\"elementor-button-wrapper\">\n\t\t\t\t\t<a class=\"elementor-button elementor-button-link elementor-size-sm\" href=\"https:\/\/fr.wikipedia.org\/wiki\/Histoire_de_la_Sardaigne\" target=\"_blank\" rel=\"noopener\">\n\t\t\t\t\t\t<span class=\"elementor-button-content-wrapper\">\n\t\t\t\t\t\t\t\t\t<span class=\"elementor-button-text\">Wiki<\/span>\n\t\t\t\t\t<\/span>\n\t\t\t\t\t<\/a>\n\t\t\t\t<\/div>\n\t\t\t\t\t\t\t\t<\/div>\n\t\t\t\t<\/div>\n\t\t\t\t\t<\/div>\n\t\t<\/div>\n\t\t\t\t\t<\/div>\n\t\t<\/section>\n\t\t\t\t<section class=\"elementor-section elementor-top-section elementor-element elementor-element-6c1156e4 elementor-section-boxed elementor-section-height-default elementor-section-height-default\" data-id=\"6c1156e4\" data-element_type=\"section\" data-e-type=\"section\">\n\t\t\t\t\t\t<div class=\"elementor-container elementor-column-gap-default\">\n\t\t\t\t\t<div class=\"elementor-column elementor-col-100 elementor-top-column elementor-element elementor-element-7af8f83a\" data-id=\"7af8f83a\" data-element_type=\"column\" data-e-type=\"column\">\n\t\t\t<div class=\"elementor-widget-wrap elementor-element-populated\">\n\t\t\t\t\t\t<div class=\"elementor-element elementor-element-39d93e0f elementor-widget elementor-widget-text-editor\" data-id=\"39d93e0f\" data-element_type=\"widget\" data-e-type=\"widget\" data-widget_type=\"text-editor.default\">\n\t\t\t\t<div class=\"elementor-widget-container\">\n\t\t\t\t\t\t\t\t\t\n<p>Le carnaval en <a href=\"https:\/\/mythslegendes.com\/es\/mitologia-sarda\/\">Cerde\u00f1a<\/a> est une ancienne coutume pleine de rites myst\u00e9rieux et ancestraux qui vous enchantera. Les rues des villages s\u2019animent de processions compos\u00e9es de figures anthropomorphes et animales qui font souvent participer directement les spectateurs \u00e0 la repr\u00e9sentation rituelle. Vous trouverez ci-dessous un guide sur les principales localit\u00e9s et traditions du carnaval <a href=\"https:\/\/mythslegendes.com\/es\/mitologia-sarda\/\">sardo<\/a> , ainsi que toutes les mises \u00e0 jour du calendrier de cette ann\u00e9e.<\/p>\n<p><img decoding=\"async\" class=\"alignnone wp-image-5284 size-full\" src=\"https:\/\/mythslegendes.com\/wp-content\/uploads\/2020\/09\/AlphaOmega-e1602613368367.png\" alt=\"carnaval en Sardaigne\" width=\"25\" height=\"26\" title=\"\"><\/p>\n\n<div id=\"ez-toc-container\" class=\"ez-toc-v2_0_82_2 counter-hierarchy ez-toc-counter ez-toc-grey ez-toc-container-direction\">\n<div class=\"ez-toc-title-container\">\n<p class=\"ez-toc-title\" style=\"cursor:inherit\">Contenido<\/p>\n<span class=\"ez-toc-title-toggle\"><a href=\"#\" class=\"ez-toc-pull-right ez-toc-btn ez-toc-btn-xs ez-toc-btn-default ez-toc-toggle\" aria-label=\"Alternar tabla de contenidos\"><span class=\"ez-toc-js-icon-con\"><span class=\"\"><span class=\"eztoc-hide\" style=\"display:none;\">Palanca<\/span><span class=\"ez-toc-icon-toggle-span\"><svg style=\"fill: #999;color:#999\" xmlns=\"http:\/\/www.w3.org\/2000\/svg\" class=\"list-377408\" width=\"20px\" height=\"20px\" viewbox=\"0 0 24 24\" fill=\"none\"><path d=\"M6 6H4v2h2V6zm14 0H8v2h12V6zM4 11h2v2H4v-2zm16 0H8v2h12v-2zM4 16h2v2H4v-2zm16 0H8v2h12v-2z\" fill=\"currentColor\"><\/path><\/svg><svg style=\"fill: #999;color:#999\" class=\"arrow-unsorted-368013\" xmlns=\"http:\/\/www.w3.org\/2000\/svg\" width=\"10px\" height=\"10px\" viewbox=\"0 0 24 24\" version=\"1.2\" baseprofile=\"tiny\"><path d=\"M18.2 9.3l-6.2-6.3-6.2 6.3c-.2.2-.3.4-.3.7s.1.5.3.7c.2.2.4.3.7.3h11c.3 0 .5-.1.7-.3.2-.2.3-.5.3-.7s-.1-.5-.3-.7zM5.8 14.7l6.2 6.3 6.2-6.3c.2-.2.3-.5.3-.7s-.1-.5-.3-.7c-.2-.2-.4-.3-.7-.3h-11c-.3 0-.5.1-.7.3-.2.2-.3.5-.3.7s.1.5.3.7z\"\/><\/svg><\/span><\/span><\/span><\/a><\/span><\/div>\n<nav><ul class='ez-toc-list ez-toc-list-level-1' ><li class='ez-toc-page-1 ez-toc-heading-level-2'><a class=\"ez-toc-link ez-toc-heading-1\" href=\"https:\/\/mythslegendes.com\/es\/mitologia-sarda\/le-carnaval-en-sardaigne\/#Les-principales-localites-du-carnaval-en-Sardaigne\" >Les principales localit\u00e9s du carnaval en Sardaigne<\/a><\/li><li class='ez-toc-page-1 ez-toc-heading-level-2'><a class=\"ez-toc-link ez-toc-heading-2\" href=\"https:\/\/mythslegendes.com\/es\/mitologia-sarda\/le-carnaval-en-sardaigne\/#Les-traditions-du-carnaval-sarde\" >Les traditions du carnaval sarde<\/a><\/li><\/ul><\/nav><\/div>\n<h2 class=\"wp-block-heading\"><span class=\"ez-toc-section\" id=\"Les-principales-localites-du-carnaval-en-Sardaigne\"><\/span>Les principales localit\u00e9s du carnaval en Sardaigne<span class=\"ez-toc-section-end\"><\/span><\/h2>\n\n<p>Il existe quelques localit\u00e9s en Sardaigne o\u00f9 le carnaval est reconnu pour sa particularit\u00e9. Comme par exemple \u00e0 Oristano ville c\u00f4ti\u00e8re du centre-est de l\u2019\u00eele o\u00f9 prend place la c\u00e9l\u00e8bre course \u00e9questre appel\u00e9e Sartiglia . Toujours en province d\u2019Oristano, vous pourrez observer des courses \u00e0 cheval traditionnelles appel\u00e9es Pariglia \u00e0 Sa Carrela \u2018e Nanti, \u00e0 Santu Lussurgiu .<\/p>\n\n<p>En Barbagia , le profond arri\u00e8re-pays sarde, vous trouverez deux des carnavals les plus c\u00e9l\u00e8bres. Tous les ans \u00e0 Mamoiada , se d\u00e9roule le d\u00e9fil\u00e9 de costumes typiques appel\u00e9 Mammuthones e Issohadores , et \u00e0 Ottana celui de Boes e Merdules .<\/p>\n\n<p>Au nord de la Sardaigne le Carnasciali Tempiesu , le carnaval de Tempio est \u00e0 ne manquer sous aucun pr\u00e9texte ! \u00c0 Ulassai , en Ogliastr <a href=\"http:\/\/guide\/ogliastra\">Para<\/a> , est c\u00e9l\u00e9br\u00e9 Su Maimulu , traduction en sarde de Maimone, l\u2019antique divinit\u00e9 ph\u00e9nicienne de la pluie qui est \u00e9galement rappel\u00e9e dans les carnavals d\u2019Olzai et Oniferi en Barbagia.<\/p>\n\n<p>Dans la zone m\u00e9ridionale de l\u2019\u00eele, nous vous citons le Carnevale Guspinese et le carnaval de San Gavino Monreale , compos\u00e9es de d\u00e9fil\u00e9s de chars en papier m\u00e2ch\u00e9 majestueux et tr\u00e8s color\u00e9s.<\/p>\n\n<h2 class=\"wp-block-heading\"><span class=\"ez-toc-section\" id=\"Les-traditions-du-carnaval-sarde\"><\/span>Les traditions du carnaval sarde<span class=\"ez-toc-section-end\"><\/span><\/h2>\n\n<p>Les traditions du carnaval en Sardaigne viennent d\u2019anciens rites d\u2019offrandes li\u00e9s \u00e0 l\u2019agriculture et la vie pastorale ainsi qu\u2019au cycle des saisons et de la vie.<\/p>\n\n<p>Le carnaval de Tempio est le plus important en Sardaigne. Il combine la r\u00e9f\u00e9rence aux d\u00e9guisements et masques traditionnels avec les danses et les chants en costume avec les d\u00e9fil\u00e9s de chars embl\u00e9matiques. La manifestation se termine avec un feu sur la place de la marionnette du Roi George (<em> Re Giorgio<\/em> ), antique divinit\u00e9 qui repr\u00e9sente la terre qui offre ses fruits et o\u00f9 \u00e9tait fait des sacrifices.<\/p>\n\n<p>Lors de la Sartiglia d&rsquo;Oristano , une course \u00e9questre, les cavaliers doivent attraper une \u00e9toile en m\u00e9tal de bon augure pour le printemps \u00e0 venir, le jeu s\u2019arr\u00eate lorsqu\u2019elle est attrap\u00e9e.<\/p>\n\n<p>\u00c0 Santu Lussurgiu, Sa Carrela \u2018e Nanti repr\u00e9sente la route sur laquelle prend vie une course de chevaux attach\u00e9s ensembles, les cavaliers d\u00e9montrent comme cela leur courage et leur agilit\u00e9.<\/p>\n\n<p>Les manifestations du carnaval en Ogliastra et en Barbagia ont un caract\u00e8re vraiment myst\u00e9rieux et magique. Pour Su Maimulu \u00e0 Ulassai, ainsi que pour le carnaval de Ottana, d\u00e9filent des cort\u00e8ges de masques hideux qui caract\u00e9risent des b\u0153ufs.<\/p>\n\n<p>\u00c0 Mamoiada , les Mammuthones d\u00e9filent habill\u00e9s de peaux de b\u00eates et avec des masques en bois noir presque inqui\u00e9tants qui avancent en file, et font r\u00e9sonner en rythme des tambours qu\u2019ils portent sur le dos. Les Issohadores , qui dirigent la danse des Mammuthones, portent quant \u00e0 eux un masque blanc sans expression et la So\u2019a , la corde avec laquelle ils capturaient les jeunes femmes en signe de fertilit\u00e9 et de bon augure.<\/p>\n\t\t\t\t\t\t\t\t<\/div>\n\t\t\t\t<\/div>\n\t\t\t\t\t<\/div>\n\t\t<\/div>\n\t\t\t\t\t<\/div>\n\t\t<\/section>\n\t\t\t\t<\/div>","protected":false},"excerpt":{"rendered":"<p>Mythologie Sarde Wiki Le carnaval en Sardaigne est une ancienne coutume pleine de rites myst\u00e9rieux et ancestraux qui vous enchantera. &hellip; <\/p>","protected":false},"author":1,"featured_media":0,"parent":2574,"menu_order":0,"comment_status":"closed","ping_status":"closed","template":"","meta":{"footnotes":""},"class_list":["post-2599","page","type-page","status-publish","hentry"],"amp_enabled":true,"_links":{"self":[{"href":"https:\/\/mythslegendes.com\/es\/wp-json\/wp\/v2\/pages\/2599","targetHints":{"allow":["GET"]}}],"collection":[{"href":"https:\/\/mythslegendes.com\/es\/wp-json\/wp\/v2\/pages"}],"about":[{"href":"https:\/\/mythslegendes.com\/es\/wp-json\/wp\/v2\/types\/page"}],"author":[{"embeddable":true,"href":"https:\/\/mythslegendes.com\/es\/wp-json\/wp\/v2\/users\/1"}],"replies":[{"embeddable":true,"href":"https:\/\/mythslegendes.com\/es\/wp-json\/wp\/v2\/comments?post=2599"}],"version-history":[{"count":1,"href":"https:\/\/mythslegendes.com\/es\/wp-json\/wp\/v2\/pages\/2599\/revisions"}],"predecessor-version":[{"id":24818,"href":"https:\/\/mythslegendes.com\/es\/wp-json\/wp\/v2\/pages\/2599\/revisions\/24818"}],"up":[{"embeddable":true,"href":"https:\/\/mythslegendes.com\/es\/wp-json\/wp\/v2\/pages\/2574"}],"wp:attachment":[{"href":"https:\/\/mythslegendes.com\/es\/wp-json\/wp\/v2\/media?parent=2599"}],"curies":[{"name":"wp","href":"https:\/\/api.w.org\/{rel}","templated":true}]}}