{"id":2605,"date":"2020-07-13T11:49:22","date_gmt":"2020-07-13T10:49:22","guid":{"rendered":"https:\/\/mythslegendes.com\/?page_id=2605"},"modified":"2022-12-03T22:07:11","modified_gmt":"2022-12-03T22:07:11","slug":"sagra-del-redentore","status":"publish","type":"page","link":"https:\/\/mythslegendes.com\/es\/mitologia-sarda\/sagra-del-redentore\/","title":{"rendered":"Sagra del Redentore"},"content":{"rendered":"<div data-elementor-type=\"wp-page\" data-elementor-id=\"2605\" class=\"elementor elementor-2605\">\n\t\t\t\t\t\t<section class=\"elementor-section elementor-top-section elementor-element elementor-element-ef7f650 elementor-section-boxed elementor-section-height-default elementor-section-height-default\" data-id=\"ef7f650\" data-element_type=\"section\" data-e-type=\"section\">\n\t\t\t\t\t\t<div class=\"elementor-container elementor-column-gap-default\">\n\t\t\t\t\t<div class=\"elementor-column elementor-col-50 elementor-top-column elementor-element elementor-element-480b1d1\" data-id=\"480b1d1\" data-element_type=\"column\" data-e-type=\"column\">\n\t\t\t<div class=\"elementor-widget-wrap elementor-element-populated\">\n\t\t\t\t\t\t<div class=\"elementor-element elementor-element-3eb0da1 elementor-align-justify elementor-widget elementor-widget-button\" data-id=\"3eb0da1\" data-element_type=\"widget\" data-e-type=\"widget\" data-widget_type=\"button.default\">\n\t\t\t\t<div class=\"elementor-widget-container\">\n\t\t\t\t\t\t\t\t\t<div class=\"elementor-button-wrapper\">\n\t\t\t\t\t<a class=\"elementor-button elementor-button-link elementor-size-sm\" href=\"https:\/\/mythslegendes.com\/es\/mitologia-sarda\/\">\n\t\t\t\t\t\t<span class=\"elementor-button-content-wrapper\">\n\t\t\t\t\t\t\t\t\t<span class=\"elementor-button-text\">Mitolog\u00eda sarda<\/span>\n\t\t\t\t\t<\/span>\n\t\t\t\t\t<\/a>\n\t\t\t\t<\/div>\n\t\t\t\t\t\t\t\t<\/div>\n\t\t\t\t<\/div>\n\t\t\t\t\t<\/div>\n\t\t<\/div>\n\t\t\t\t<div class=\"elementor-column elementor-col-50 elementor-top-column elementor-element elementor-element-c1dd2b7\" data-id=\"c1dd2b7\" data-element_type=\"column\" data-e-type=\"column\">\n\t\t\t<div class=\"elementor-widget-wrap elementor-element-populated\">\n\t\t\t\t\t\t<div class=\"elementor-element elementor-element-6f0250c elementor-align-justify elementor-widget elementor-widget-button\" data-id=\"6f0250c\" data-element_type=\"widget\" data-e-type=\"widget\" data-widget_type=\"button.default\">\n\t\t\t\t<div class=\"elementor-widget-container\">\n\t\t\t\t\t\t\t\t\t<div class=\"elementor-button-wrapper\">\n\t\t\t\t\t<a class=\"elementor-button elementor-button-link elementor-size-sm\" href=\"https:\/\/fr.wikipedia.org\/wiki\/Histoire_de_la_Sardaigne\" target=\"_blank\" rel=\"noopener\">\n\t\t\t\t\t\t<span class=\"elementor-button-content-wrapper\">\n\t\t\t\t\t\t\t\t\t<span class=\"elementor-button-text\">Wiki<\/span>\n\t\t\t\t\t<\/span>\n\t\t\t\t\t<\/a>\n\t\t\t\t<\/div>\n\t\t\t\t\t\t\t\t<\/div>\n\t\t\t\t<\/div>\n\t\t\t\t\t<\/div>\n\t\t<\/div>\n\t\t\t\t\t<\/div>\n\t\t<\/section>\n\t\t\t\t<section class=\"elementor-section elementor-top-section elementor-element elementor-element-5c61234c elementor-section-boxed elementor-section-height-default elementor-section-height-default\" data-id=\"5c61234c\" data-element_type=\"section\" data-e-type=\"section\">\n\t\t\t\t\t\t<div class=\"elementor-container elementor-column-gap-default\">\n\t\t\t\t\t<div class=\"elementor-column elementor-col-100 elementor-top-column elementor-element elementor-element-6a5a33c0\" data-id=\"6a5a33c0\" data-element_type=\"column\" data-e-type=\"column\">\n\t\t\t<div class=\"elementor-widget-wrap elementor-element-populated\">\n\t\t\t\t\t\t<div class=\"elementor-element elementor-element-13c22477 elementor-widget elementor-widget-text-editor\" data-id=\"13c22477\" data-element_type=\"widget\" data-e-type=\"widget\" data-widget_type=\"text-editor.default\">\n\t\t\t\t<div class=\"elementor-widget-container\">\n\t\t\t\t\t\t\t\t\t\n<p>La Fiesta del Redentor, Sagra del Redentore, en Nuoro es una celebraci\u00f3n en honor del Salvador de un valor simb\u00f3lico muy fuerte para los habitantes de Nuoro pero tambi\u00e9n para todos <a href=\"https:\/\/mythslegendes.com\/es\/mitologia-sarda\/\">sardos<\/a>. El evento es rico en eventos folcl\u00f3ricos, art\u00edsticos, literarios, artesanales y de m\u00fasica tradicional. Cada a\u00f1o, este festival atrae a un gran n\u00famero de turistas.<\/p>\n<p><img decoding=\"async\" class=\"alignnone wp-image-5284 size-full\" src=\"https:\/\/mythslegendes.com\/wp-content\/uploads\/2020\/09\/AlphaOmega-e1602613368367.png\" alt=\"Sagra del Redentore o Fiesta del Redentor\" width=\"25\" height=\"26\" title=\"\"><\/p>\n\n<div id=\"ez-toc-container\" class=\"ez-toc-v2_0_82_2 counter-hierarchy ez-toc-counter ez-toc-grey ez-toc-container-direction\">\n<div class=\"ez-toc-title-container\">\n<p class=\"ez-toc-title\" style=\"cursor:inherit\">Contenido<\/p>\n<span class=\"ez-toc-title-toggle\"><a href=\"#\" class=\"ez-toc-pull-right ez-toc-btn ez-toc-btn-xs ez-toc-btn-default ez-toc-toggle\" aria-label=\"Alternar tabla de contenidos\"><span class=\"ez-toc-js-icon-con\"><span class=\"\"><span class=\"eztoc-hide\" style=\"display:none;\">Palanca<\/span><span class=\"ez-toc-icon-toggle-span\"><svg style=\"fill: #999;color:#999\" xmlns=\"http:\/\/www.w3.org\/2000\/svg\" class=\"list-377408\" width=\"20px\" height=\"20px\" viewbox=\"0 0 24 24\" fill=\"none\"><path d=\"M6 6H4v2h2V6zm14 0H8v2h12V6zM4 11h2v2H4v-2zm16 0H8v2h12v-2zM4 16h2v2H4v-2zm16 0H8v2h12v-2z\" fill=\"currentColor\"><\/path><\/svg><svg style=\"fill: #999;color:#999\" class=\"arrow-unsorted-368013\" xmlns=\"http:\/\/www.w3.org\/2000\/svg\" width=\"10px\" height=\"10px\" viewbox=\"0 0 24 24\" version=\"1.2\" baseprofile=\"tiny\"><path d=\"M18.2 9.3l-6.2-6.3-6.2 6.3c-.2.2-.3.4-.3.7s.1.5.3.7c.2.2.4.3.7.3h11c.3 0 .5-.1.7-.3.2-.2.3-.5.3-.7s-.1-.5-.3-.7zM5.8 14.7l6.2 6.3 6.2-6.3c.2-.2.3-.5.3-.7s-.1-.5-.3-.7c-.2-.2-.4-.3-.7-.3h-11c-.3 0-.5.1-.7.3-.2.2-.3.5-.3.7s.1.5.3.7z\"\/><\/svg><\/span><\/span><\/span><\/a><\/span><\/div>\n<nav><ul class='ez-toc-list ez-toc-list-level-1' ><li class='ez-toc-page-1 ez-toc-heading-level-2'><a class=\"ez-toc-link ez-toc-heading-1\" href=\"https:\/\/mythslegendes.com\/es\/mitologia-sarda\/sagra-del-redentore\/#Sagra-del-Redentore-ou-festival-du-Redempteur\" >Sagra del Redentore o Fiesta del Redentor<\/a><\/li><li class='ez-toc-page-1 ez-toc-heading-level-2'><a class=\"ez-toc-link ez-toc-heading-2\" href=\"https:\/\/mythslegendes.com\/es\/mitologia-sarda\/sagra-del-redentore\/#Le-grand-defile\" >el gran desfile<\/a><\/li><\/ul><\/nav><\/div>\n<h2 class=\"wp-block-heading\"><span class=\"ez-toc-section\" id=\"Sagra-del-Redentore-ou-festival-du-Redempteur\"><\/span>Sagra del Redentore o Fiesta del Redentor<span class=\"ez-toc-section-end\"><\/span><\/h2>\n\n<p>Los or\u00edgenes de la celebraci\u00f3n se remontan a 1901, cuando el Papa Leone XIII, con motivo del Jubileo de 1900, quiso colocar 19 estatuas del redentor en las monta\u00f1as italianas. Uno de ellos fue el monte Ortobene en Nuoro, que fue bendecido despu\u00e9s de que el escultor Vincenzo Jerace construyera la estatua. La poblaci\u00f3n recaud\u00f3 fondos para la construcci\u00f3n de la estatua que luego se convirti\u00f3 en un tributo religioso, pero tambi\u00e9n civil y social.<\/p>\n\n<p>La fiesta se lleva a cabo el \u00faltimo domingo de agosto, que marca la fecha de la instalaci\u00f3n de la estatua, e incluye el desfile de m\u00fasica y cantos a cargo de grupos folcl\u00f3ricos con trajes y m\u00e1scaras tradicionales de todo el pa\u00eds. <a href=\"https:\/\/mythslegendes.com\/es\/mitologia-sarda\/\">Cerde\u00f1a<\/a>. Otras actividades durante el festival son exposiciones y demostraciones de artesan\u00eda, arte y literatura, pero tambi\u00e9n espect\u00e1culos y talleres de m\u00fasica y danza tradicionales que son muy populares entre los visitantes.<\/p>\n\n<h2 class=\"wp-block-heading\"><span class=\"ez-toc-section\" id=\"Le-grand-defile\"><\/span>el gran desfile<span class=\"ez-toc-section-end\"><\/span><\/h2>\n\n<p>El desfile solemne de la Sagra del Redentore tiene alrededor de 3000 participantes, incluidas 100 mujeres en traje tradicional y 300 jinetes. Los grupos folcl\u00f3ricos que vienen de toda Cerde\u00f1a desfilan con trajes y m\u00e1scaras tradicionales, ofreciendo a los visitantes un espect\u00e1culo lleno de color, elegancia y belleza.<\/p>\n\n<p>La larga procesi\u00f3n parte del centro de Nuoro temprano en la ma\u00f1ana y se dirige lentamente hacia el punto m\u00e1s alto del monte Ortobene acompa\u00f1ada de c\u00e1nticos lit\u00fargicos y una multitud que se cuenta por miles.<\/p>\n\n<p>El evento es profundamente sentido por todos los ciudadanos y visitantes en un ambiente espiritual muy profundo. Una vez que la procesi\u00f3n llega a los pies de la estatua del redentor, se celebran misas y ritos seg\u00fan la tradici\u00f3n.<\/p>\n\n<p>Luego, el d\u00eda contin\u00faa con otras manifestaciones en toda la ciudad lejos de la estatua en el respeto sagrado e inviolable del sitio.<\/p>\n\t\t\t\t\t\t\t\t<\/div>\n\t\t\t\t<\/div>\n\t\t\t\t\t<\/div>\n\t\t<\/div>\n\t\t\t\t\t<\/div>\n\t\t<\/section>\n\t\t\t\t<\/div>","protected":false},"excerpt":{"rendered":"<p>Wiki de mitolog\u00eda sarda El Festival del Redentor, Sagra del Redentore, en Nuoro es una celebraci\u00f3n en honor del Salvador de un \u2026 <\/p>","protected":false},"author":1,"featured_media":0,"parent":2574,"menu_order":0,"comment_status":"closed","ping_status":"closed","template":"","meta":{"footnotes":""},"class_list":["post-2605","page","type-page","status-publish","hentry"],"amp_enabled":true,"_links":{"self":[{"href":"https:\/\/mythslegendes.com\/es\/wp-json\/wp\/v2\/pages\/2605","targetHints":{"allow":["GET"]}}],"collection":[{"href":"https:\/\/mythslegendes.com\/es\/wp-json\/wp\/v2\/pages"}],"about":[{"href":"https:\/\/mythslegendes.com\/es\/wp-json\/wp\/v2\/types\/page"}],"author":[{"embeddable":true,"href":"https:\/\/mythslegendes.com\/es\/wp-json\/wp\/v2\/users\/1"}],"replies":[{"embeddable":true,"href":"https:\/\/mythslegendes.com\/es\/wp-json\/wp\/v2\/comments?post=2605"}],"version-history":[{"count":1,"href":"https:\/\/mythslegendes.com\/es\/wp-json\/wp\/v2\/pages\/2605\/revisions"}],"predecessor-version":[{"id":24820,"href":"https:\/\/mythslegendes.com\/es\/wp-json\/wp\/v2\/pages\/2605\/revisions\/24820"}],"up":[{"embeddable":true,"href":"https:\/\/mythslegendes.com\/es\/wp-json\/wp\/v2\/pages\/2574"}],"wp:attachment":[{"href":"https:\/\/mythslegendes.com\/es\/wp-json\/wp\/v2\/media?parent=2605"}],"curies":[{"name":"wp","href":"https:\/\/api.w.org\/{rel}","templated":true}]}}